{"id":69304,"date":"2025-12-09T09:45:31","date_gmt":"2025-12-09T08:45:31","guid":{"rendered":"https:\/\/www.matinspired.com\/?page_id=69304"},"modified":"2026-04-02T13:18:31","modified_gmt":"2026-04-02T11:18:31","slug":"kit-macro-incisione-saldature-alluminio-tk03","status":"publish","type":"page","link":"https:\/\/www.matinspired.com\/it\/kit-macro-incisione-saldature-alluminio-tk03\/","title":{"rendered":"Kit di Test per Macro Incisione di Saldature in Alluminio &#8211; TK03"},"content":{"rendered":"\n\n\t\n<h1><strong>Kit di macroincisione in alluminio &#8211; TK0<\/strong><strong>3<\/strong><\/h1>\n<p>&nbsp;<\/p>\n<figure itemscope itemtype=\"https:\/\/schema.org\/ImageObject\">\n\t\t\t\t<img decoding=\"async\" src=\"https:\/\/www.matinspired.com\/wp-content\/plugins\/bb-plugin\/img\/pixel.png\" alt=\"\" onerror=\"this.style.display='none'\" loading=\"lazy\" \/>\n\t<\/figure>\n\t<h2><strong>Kit di macroincisione in alluminio &#8211; TK03<br \/>\n<\/strong><strong>per saldature<\/strong><em><strong><br \/>\n<\/strong><\/em><\/h2>\n<p>Si tratta di un kit di prova professionale per l&#8217;incisione macroscopica sicura, veloce e semplice delle sezioni trasversali delle saldature in alluminio per l&#8217;ispezione. Questo rende facile determinare la profondit\u00e0 e la qualit\u00e0 della giuntura di saldatura. Questo kit \u00e8 adatto a vari tipi di alluminio.<\/p>\n<p>Con questo kit di test puoi realizzare circa 100 macro incisioni con saldature in alluminio.<\/p>\n<p>Oltre al liquido per l&#8217;incisione, in questo kit sono inclusi anche carta vetrata, guanti di sicurezza e applicatori di fluido per incisione.<\/p>\n\t<h3><strong>Usare<\/strong><\/h3>\n<p>La giunzione saldata deve essere tagliata o segata indipendentemente. Poi la giuntura di saldatura deve essere levigata a mano con la carta vetrata di questo kit. Successivamente pu\u00f2 essere inciso con il liquido di incisione del kit. La qualit\u00e0 della giuntura di saldatura pu\u00f2 quindi essere valutata visivamente.<\/p>\n<p>I vantaggi di questo kit sono:<\/p>\n<ol>\n<li><strong>Semplice e veloce<\/strong>: Il liquido \u00e8 facile e veloce da applicare con questo kit, offrendo risultati rapidi<\/li>\n<li><strong>Sicuro<\/strong>: Sono inclusi schede dati di sicurezza e manuale per lavorare in sicurezza con i fluidi di incisione<\/li>\n<li><strong>Durata molto <\/strong>lunga: i liquidi per il test hanno una durata di anni, quindi puoi usare questo kit di prova quando vuoi<\/li>\n<\/ol>\n<figure itemscope itemtype=\"https:\/\/schema.org\/ImageObject\">\n\t\t\t\t<img decoding=\"async\" src=\"https:\/\/www.matinspired.com\/wp-content\/uploads\/2025\/12\/TK03_Testkit_AluminiumWeld-scaled.jpg\" alt=\"Read More\" height=\"1707\" width=\"2560\" title=\"TK03_Testkit_AluminiumWeld\" onerror=\"this.style.display='none'\" loading=\"lazy\" \/>\n\t<\/figure>\n\t\t\t<a href=\"https:\/\/www.matinspired.com\/it\/richiesta-di-preventivo\/?artikel=TK03%20-%20Kit%20di%20Test%20per%20Macro%20Incisione%20di%20Saldature%20in%20Alluminio&#038;aantal-other=1\"  target=\"_self\">\n\t\t\t\t\t\tRichiesta di preventivo\n\t\t\t\t\t<\/a>\n\t<p><em>La consegna \u00e8 possibile solo per le aziende.<\/em><\/p>\n<p><em>Riceverai il nostro preventivo via e-mail entro uno o due giorni lavorativi. Se accetti questo preventivo, ti invieremo immediatamente il kit di test.<\/em><\/p>\n<figure itemscope itemtype=\"https:\/\/schema.org\/ImageObject\">\n\t\t\t\t<img decoding=\"async\" src=\"https:\/\/www.matinspired.com\/wp-content\/uploads\/2025\/12\/Voorbeeld-MATinspired-TK03-macro-ets-aluminiumlasnaad.jpg\" alt=\"Voorbeeld MATinspired TK03 macro-ets aluminiumlasnaad\" height=\"348\" width=\"400\" title=\"Voorbeeld MATinspired TK03 macro-ets aluminiumlasnaad\" onerror=\"this.style.display='none'\" loading=\"lazy\" \/>\n\t<\/figure>\n\t<p>Esempio di macroincisione blu di una saldatura in alluminio utilizzando il kit di prova per la macroincisione in alluminio TK03<\/p>\n\t<em>Disclaimer<br \/>\nSebbene questo prodotto sia stato realizzato con la massima cura, MATinspired B.V. non pu\u00f2 essere ritenuta responsabile per danni derivanti dall&#8217;uso o dal contatto con il prodotto. Questo metodo di misurazione \u00e8 solo un&#8217;indicazione. MATinspired B.V. non \u00e8 responsabile dell&#8217;esito dei risultati del test. <\/em>\n\n","protected":false},"excerpt":{"rendered":"<p>Kit di macroincisione in alluminio &#8211; TK03 &nbsp; Kit di macroincisione in alluminio &#8211; TK03 per saldature Si tratta di un kit di prova professionale per l&#8217;incisione macroscopica sicura, veloce e semplice delle sezioni trasversali delle saldature in alluminio per l&#8217;ispezione. Questo rende facile determinare la profondit\u00e0 e la qualit\u00e0 della giuntura di saldatura. Questo&#8230;<\/p>\n","protected":false},"author":3,"featured_media":0,"parent":0,"menu_order":0,"comment_status":"closed","ping_status":"closed","template":"","meta":{"footnotes":""},"class_list":["post-69304","page","type-page","status-publish","hentry"],"yoast_head":"<!-- This site is optimized with the Yoast SEO plugin v27.2 - https:\/\/yoast.com\/product\/yoast-seo-wordpress\/ -->\n<title>Kit di Test per Macro Incisione di Saldature in Alluminio - TK03 - Matinspired.com<\/title>\n<meta name=\"description\" content=\"A professional test kit for macroscopic etching of cross-sections of stainless steel weld seams. This way you can test your material safely and quickly.\" \/>\n<meta name=\"robots\" content=\"index, follow, max-snippet:-1, max-image-preview:large, max-video-preview:-1\" \/>\n<link rel=\"canonical\" href=\"https:\/\/www.matinspired.com\/it\/kit-macro-incisione-saldature-alluminio-tk03\/\" \/>\n<meta property=\"og:locale\" content=\"it_IT\" \/>\n<meta property=\"og:type\" content=\"article\" \/>\n<meta property=\"og:title\" content=\"Kit di Test per Macro Incisione di Saldature in Alluminio - TK03 - Matinspired.com\" \/>\n<meta property=\"og:description\" content=\"A professional test kit for macroscopic etching of cross-sections of stainless steel weld seams. This way you can test your material safely and quickly.\" \/>\n<meta property=\"og:url\" content=\"https:\/\/www.matinspired.com\/it\/kit-macro-incisione-saldature-alluminio-tk03\/\" \/>\n<meta property=\"og:site_name\" content=\"Matinspired.com\" \/>\n<meta property=\"article:modified_time\" content=\"2026-04-02T11:18:31+00:00\" \/>\n<meta property=\"og:image\" content=\"https:\/\/www.matinspired.com\/wp-content\/plugins\/bb-plugin\/img\/pixel.png\" \/>\n<meta name=\"twitter:card\" content=\"summary_large_image\" \/>\n<meta name=\"twitter:site\" content=\"@MATinspired\" \/>\n<meta name=\"twitter:label1\" content=\"Tempo di lettura stimato\" \/>\n\t<meta name=\"twitter:data1\" content=\"2 minuti\" \/>\n<script type=\"application\/ld+json\" class=\"yoast-schema-graph\">{\"@context\":\"https:\/\/schema.org\",\"@graph\":[{\"@type\":\"WebPage\",\"@id\":\"https:\/\/www.matinspired.com\/it\/kit-macro-incisione-saldature-alluminio-tk03\/\",\"url\":\"https:\/\/www.matinspired.com\/it\/kit-macro-incisione-saldature-alluminio-tk03\/\",\"name\":\"Kit di Test per Macro Incisione di Saldature in Alluminio - TK03 - Matinspired.com\",\"isPartOf\":{\"@id\":\"https:\/\/www.matinspired.com\/it\/#website\"},\"primaryImageOfPage\":{\"@id\":\"https:\/\/www.matinspired.com\/it\/kit-macro-incisione-saldature-alluminio-tk03\/#primaryimage\"},\"image\":{\"@id\":\"https:\/\/www.matinspired.com\/it\/kit-macro-incisione-saldature-alluminio-tk03\/#primaryimage\"},\"thumbnailUrl\":\"https:\/\/www.matinspired.com\/wp-content\/plugins\/bb-plugin\/img\/pixel.png\",\"datePublished\":\"2025-12-09T08:45:31+00:00\",\"dateModified\":\"2026-04-02T11:18:31+00:00\",\"description\":\"A professional test kit for macroscopic etching of cross-sections of stainless steel weld seams. This way you can test your material safely and quickly.\",\"breadcrumb\":{\"@id\":\"https:\/\/www.matinspired.com\/it\/kit-macro-incisione-saldature-alluminio-tk03\/#breadcrumb\"},\"inLanguage\":\"it-IT\",\"potentialAction\":[{\"@type\":\"ReadAction\",\"target\":[\"https:\/\/www.matinspired.com\/it\/kit-macro-incisione-saldature-alluminio-tk03\/\"]}]},{\"@type\":\"ImageObject\",\"inLanguage\":\"it-IT\",\"@id\":\"https:\/\/www.matinspired.com\/it\/kit-macro-incisione-saldature-alluminio-tk03\/#primaryimage\",\"url\":\"https:\/\/www.matinspired.com\/wp-content\/plugins\/bb-plugin\/img\/pixel.png\",\"contentUrl\":\"https:\/\/www.matinspired.com\/wp-content\/plugins\/bb-plugin\/img\/pixel.png\"},{\"@type\":\"BreadcrumbList\",\"@id\":\"https:\/\/www.matinspired.com\/it\/kit-macro-incisione-saldature-alluminio-tk03\/#breadcrumb\",\"itemListElement\":[{\"@type\":\"ListItem\",\"position\":1,\"name\":\"Home\",\"item\":\"https:\/\/www.matinspired.com\/it\/\"},{\"@type\":\"ListItem\",\"position\":2,\"name\":\"Kit di Test per Macro Incisione di Saldature in Alluminio &#8211; TK03\"}]},{\"@type\":\"WebSite\",\"@id\":\"https:\/\/www.matinspired.com\/it\/#website\",\"url\":\"https:\/\/www.matinspired.com\/it\/\",\"name\":\"Matinspired.com\",\"description\":\"Chromium-6 test kits and more\",\"publisher\":{\"@id\":\"https:\/\/www.matinspired.com\/it\/#organization\"},\"potentialAction\":[{\"@type\":\"SearchAction\",\"target\":{\"@type\":\"EntryPoint\",\"urlTemplate\":\"https:\/\/www.matinspired.com\/it\/?s={search_term_string}\"},\"query-input\":{\"@type\":\"PropertyValueSpecification\",\"valueRequired\":true,\"valueName\":\"search_term_string\"}}],\"inLanguage\":\"it-IT\"},{\"@type\":\"Organization\",\"@id\":\"https:\/\/www.matinspired.com\/it\/#organization\",\"name\":\"MATinspired B.V.\",\"url\":\"https:\/\/www.matinspired.com\/it\/\",\"logo\":{\"@type\":\"ImageObject\",\"inLanguage\":\"it-IT\",\"@id\":\"https:\/\/www.matinspired.com\/it\/#\/schema\/logo\/image\/\",\"url\":\"https:\/\/www.matinspired.com\/wp-content\/uploads\/2023\/03\/LogoMATinspiredPO-696x969-1.jpg\",\"contentUrl\":\"https:\/\/www.matinspired.com\/wp-content\/uploads\/2023\/03\/LogoMATinspiredPO-696x969-1.jpg\",\"width\":696,\"height\":696,\"caption\":\"MATinspired B.V.\"},\"image\":{\"@id\":\"https:\/\/www.matinspired.com\/it\/#\/schema\/logo\/image\/\"},\"sameAs\":[\"https:\/\/x.com\/MATinspired\"]}]}<\/script>\n<!-- \/ Yoast SEO plugin. -->","yoast_head_json":{"title":"Kit di Test per Macro Incisione di Saldature in Alluminio - TK03 - Matinspired.com","description":"A professional test kit for macroscopic etching of cross-sections of stainless steel weld seams. This way you can test your material safely and quickly.","robots":{"index":"index","follow":"follow","max-snippet":"max-snippet:-1","max-image-preview":"max-image-preview:large","max-video-preview":"max-video-preview:-1"},"canonical":"https:\/\/www.matinspired.com\/it\/kit-macro-incisione-saldature-alluminio-tk03\/","og_locale":"it_IT","og_type":"article","og_title":"Kit di Test per Macro Incisione di Saldature in Alluminio - TK03 - Matinspired.com","og_description":"A professional test kit for macroscopic etching of cross-sections of stainless steel weld seams. This way you can test your material safely and quickly.","og_url":"https:\/\/www.matinspired.com\/it\/kit-macro-incisione-saldature-alluminio-tk03\/","og_site_name":"Matinspired.com","article_modified_time":"2026-04-02T11:18:31+00:00","og_image":[{"url":"https:\/\/www.matinspired.com\/wp-content\/plugins\/bb-plugin\/img\/pixel.png","type":"","width":"","height":""}],"twitter_card":"summary_large_image","twitter_site":"@MATinspired","twitter_misc":{"Tempo di lettura stimato":"2 minuti"},"schema":{"@context":"https:\/\/schema.org","@graph":[{"@type":"WebPage","@id":"https:\/\/www.matinspired.com\/it\/kit-macro-incisione-saldature-alluminio-tk03\/","url":"https:\/\/www.matinspired.com\/it\/kit-macro-incisione-saldature-alluminio-tk03\/","name":"Kit di Test per Macro Incisione di Saldature in Alluminio - TK03 - Matinspired.com","isPartOf":{"@id":"https:\/\/www.matinspired.com\/it\/#website"},"primaryImageOfPage":{"@id":"https:\/\/www.matinspired.com\/it\/kit-macro-incisione-saldature-alluminio-tk03\/#primaryimage"},"image":{"@id":"https:\/\/www.matinspired.com\/it\/kit-macro-incisione-saldature-alluminio-tk03\/#primaryimage"},"thumbnailUrl":"https:\/\/www.matinspired.com\/wp-content\/plugins\/bb-plugin\/img\/pixel.png","datePublished":"2025-12-09T08:45:31+00:00","dateModified":"2026-04-02T11:18:31+00:00","description":"A professional test kit for macroscopic etching of cross-sections of stainless steel weld seams. This way you can test your material safely and quickly.","breadcrumb":{"@id":"https:\/\/www.matinspired.com\/it\/kit-macro-incisione-saldature-alluminio-tk03\/#breadcrumb"},"inLanguage":"it-IT","potentialAction":[{"@type":"ReadAction","target":["https:\/\/www.matinspired.com\/it\/kit-macro-incisione-saldature-alluminio-tk03\/"]}]},{"@type":"ImageObject","inLanguage":"it-IT","@id":"https:\/\/www.matinspired.com\/it\/kit-macro-incisione-saldature-alluminio-tk03\/#primaryimage","url":"https:\/\/www.matinspired.com\/wp-content\/plugins\/bb-plugin\/img\/pixel.png","contentUrl":"https:\/\/www.matinspired.com\/wp-content\/plugins\/bb-plugin\/img\/pixel.png"},{"@type":"BreadcrumbList","@id":"https:\/\/www.matinspired.com\/it\/kit-macro-incisione-saldature-alluminio-tk03\/#breadcrumb","itemListElement":[{"@type":"ListItem","position":1,"name":"Home","item":"https:\/\/www.matinspired.com\/it\/"},{"@type":"ListItem","position":2,"name":"Kit di Test per Macro Incisione di Saldature in Alluminio &#8211; TK03"}]},{"@type":"WebSite","@id":"https:\/\/www.matinspired.com\/it\/#website","url":"https:\/\/www.matinspired.com\/it\/","name":"Matinspired.com","description":"Chromium-6 test kits and more","publisher":{"@id":"https:\/\/www.matinspired.com\/it\/#organization"},"potentialAction":[{"@type":"SearchAction","target":{"@type":"EntryPoint","urlTemplate":"https:\/\/www.matinspired.com\/it\/?s={search_term_string}"},"query-input":{"@type":"PropertyValueSpecification","valueRequired":true,"valueName":"search_term_string"}}],"inLanguage":"it-IT"},{"@type":"Organization","@id":"https:\/\/www.matinspired.com\/it\/#organization","name":"MATinspired B.V.","url":"https:\/\/www.matinspired.com\/it\/","logo":{"@type":"ImageObject","inLanguage":"it-IT","@id":"https:\/\/www.matinspired.com\/it\/#\/schema\/logo\/image\/","url":"https:\/\/www.matinspired.com\/wp-content\/uploads\/2023\/03\/LogoMATinspiredPO-696x969-1.jpg","contentUrl":"https:\/\/www.matinspired.com\/wp-content\/uploads\/2023\/03\/LogoMATinspiredPO-696x969-1.jpg","width":696,"height":696,"caption":"MATinspired B.V."},"image":{"@id":"https:\/\/www.matinspired.com\/it\/#\/schema\/logo\/image\/"},"sameAs":["https:\/\/x.com\/MATinspired"]}]}},"jetpack_sharing_enabled":true,"_links":{"self":[{"href":"https:\/\/www.matinspired.com\/it\/wp-json\/wp\/v2\/pages\/69304","targetHints":{"allow":["GET"]}}],"collection":[{"href":"https:\/\/www.matinspired.com\/it\/wp-json\/wp\/v2\/pages"}],"about":[{"href":"https:\/\/www.matinspired.com\/it\/wp-json\/wp\/v2\/types\/page"}],"author":[{"embeddable":true,"href":"https:\/\/www.matinspired.com\/it\/wp-json\/wp\/v2\/users\/3"}],"replies":[{"embeddable":true,"href":"https:\/\/www.matinspired.com\/it\/wp-json\/wp\/v2\/comments?post=69304"}],"version-history":[{"count":6,"href":"https:\/\/www.matinspired.com\/it\/wp-json\/wp\/v2\/pages\/69304\/revisions"}],"predecessor-version":[{"id":74907,"href":"https:\/\/www.matinspired.com\/it\/wp-json\/wp\/v2\/pages\/69304\/revisions\/74907"}],"wp:attachment":[{"href":"https:\/\/www.matinspired.com\/it\/wp-json\/wp\/v2\/media?parent=69304"}],"curies":[{"name":"wp","href":"https:\/\/api.w.org\/{rel}","templated":true}]}}