{"id":64415,"date":"2025-01-24T11:28:27","date_gmt":"2025-01-24T10:28:27","guid":{"rendered":"https:\/\/www.matinspired.com\/stainless-steel-weld-test-kit-tk04\/"},"modified":"2026-02-11T14:24:56","modified_gmt":"2026-02-11T13:24:56","slug":"kit-macro-incisione-saldature-inox","status":"publish","type":"page","link":"https:\/\/www.matinspired.com\/it\/kit-macro-incisione-saldature-inox\/","title":{"rendered":"Kit di Test per Macro Incisione  di Saldature in Acciaio Inox \u2013 TK04"},"content":{"rendered":"\r\n<h1><strong>Kit Macro Incisione Saldature Inox <\/strong><strong>&#8211; TK04<\/strong><\/h1>\r\n<p>&nbsp;<\/p>\r\n<p><img decoding=\"async\" src=\"https:\/\/www.matinspired.com\/wp-content\/plugins\/bb-plugin\/img\/pixel.png\" alt=\"\" \/><\/p>\r\n<h2><strong>Kit di Test per Macro Incisione\u00a0<br \/><\/strong><strong>di Saldature in Acciaio Inox &#8211; TK04<br \/><\/strong><em><strong><br \/><\/strong><\/em><\/h2>\r\n<p>Questo \u00e8 un kit di test professionale per l&#8217;incisione macroscopica sicura, rapida e semplice delle sezioni trasversali delle saldature in acciaio inossidabile per l&#8217;ispezione interna. Permette di determinare facilmente la profondit\u00e0 e la qualit\u00e0 della saldatura. Questo kit \u00e8 adatto per l&#8217;acciaio inossidabile, ma funziona anche per l&#8217;acciaio basso legato.<\/p>\r\n<p>Con questo kit \u00e8 possibile effettuare circa 40 macro-incisioni su saldature in acciaio inox.<\/p>\r\n<p>Il kit contiene fluidi per l&#8217;incisione, un elettrodo (sicuro) con supporto per batteria e batteria inclusa, tamponi di cotone per l&#8217;applicazione del liquido di incisione, carta abrasiva, guanti di sicurezza, un manuale e schede di sicurezza.<\/p>\r\n<p>Set di ricarica disponibili separatamente (Articolo TK04RF).<\/p>\r\n<p>&nbsp;<\/p>\r\n<h3><strong>Utilizzo<\/strong><\/h3>\r\n<p>Il giunto saldato deve essere molato o segato separatamente. Successivamente, la cucitura della saldatura deve essere levigata a mano con la carta abrasiva inclusa nel kit. Se necessario, \u00e8 possibile utilizzare anche il kit di levigatura e lucidatura meccanica per questo scopo (Articolo TK02). Successivamente, pu\u00f2 essere sottoposto in sicurezza a elettro-incisione utilizzando il liquido di incisione e gli strumenti presenti nel kit. La qualit\u00e0 della cucitura della saldatura pu\u00f2 quindi essere valutata visivamente.<\/p>\r\n<p>I vantaggi di questo kit sono:<\/p>\r\n<ol>\r\n<li>\u00a0<strong>Facile e veloce:<\/strong> Il liquido \u00e8 semplice e rapido da applicare con questo kit, permettendo di ottenere risultati immediati.<\/li>\r\n<li><strong>Sicuro:<\/strong> Sono incluse schede di sicurezza e un manuale per lavorare in sicurezza con i liquidi di incisione.<\/li>\r\n<li><strong>Lunga durata:<\/strong> I fluidi di test hanno una durata di conservazione di anni, permettendo di utilizzare il kit ogni volta che ne hai bisogno.<\/li>\r\n<\/ol>\r\n<p><img loading=\"lazy\" decoding=\"async\" title=\"TK04ENWIT\" src=\"https:\/\/www.matinspired.com\/wp-content\/uploads\/2025\/01\/TK04ENWIT-1.jpg\" alt=\"TK04ENWIT\" width=\"2000\" height=\"1333\" \/> <a href=\"https:\/\/www.matinspired.com\/it\/richiesta-di-preventivo\/?artikel=TK04%20-%20Kit%20di%20Test%20per%20Macro%20Incisione%20di%20Saldature%20in%20Acciaio%20Inox&#038;aantal-other=1\" target=\"_self\"> Richiesta di preventivo <\/a><\/p>\r\n<p><em>Gli ordini sono disponibili solo per le aziende.<\/em><\/p>\r\n<p><em>Riceverai il nostro preventivo via e-mail entro uno o due giorni lavorativi. Dopo l&#8217;accettazione del preventivo, invieremo il kit di test il pi\u00f9 rapidamente possibile.<\/em><\/p>\r\n<p><img loading=\"lazy\" decoding=\"async\" title=\"IMG_6718-watermerk\" src=\"https:\/\/www.matinspired.com\/wp-content\/uploads\/2025\/01\/IMG_6718-watermerk.jpg\" alt=\"IMG_6718-watermerk\" width=\"2000\" height=\"1333\" \/><\/p>\r\n<p><em>Disclaimer<\/em><\/p>\r\n<p><em>Nonostante questo prodotto sia stato realizzato con la massima cura, MATinspired B.V. non pu\u00f2 essere ritenuta responsabile per eventuali danni derivanti dall&#8217;uso o dal contatto con il prodotto. Questo metodo di misurazione fornisce solo un&#8217;indicazione e MATinspired B.V. non \u00e8 responsabile per i risultati dei test.<\/em><\/p>\r\n<p>&nbsp;<\/p>\r\n<p>&nbsp;<\/p>\r\n","protected":false},"excerpt":{"rendered":"<p>Kit Macro Incisione Saldature Inox &#8211; TK04 &nbsp; Kit di Test per Macro Incisione\u00a0di Saldature in Acciaio Inox &#8211; TK04 Questo \u00e8 un kit di test professionale per l&#8217;incisione macroscopica sicura, rapida e semplice delle sezioni trasversali delle saldature in acciaio inossidabile per l&#8217;ispezione interna. Permette di determinare facilmente la profondit\u00e0 e la qualit\u00e0 della&#8230;<\/p>\n","protected":false},"author":3,"featured_media":0,"parent":0,"menu_order":0,"comment_status":"closed","ping_status":"closed","template":"","meta":{"footnotes":""},"class_list":["post-64415","page","type-page","status-publish","hentry"],"yoast_head":"<!-- This site is optimized with the Yoast SEO plugin v27.2 - https:\/\/yoast.com\/product\/yoast-seo-wordpress\/ -->\n<title>Kit di Test per Macro Incisione di Saldature in Acciaio Inox \u2013 TK04<\/title>\n<meta name=\"description\" content=\"Un kit di test professionale per l\u2019incisione macroscopica delle sezioni trasversali di giunzioni saldate in acciaio inox, che consente un\u2019ispezione del materiale sicura, rapida e accurata.\" \/>\n<meta name=\"robots\" content=\"index, follow, max-snippet:-1, max-image-preview:large, max-video-preview:-1\" \/>\n<link rel=\"canonical\" href=\"https:\/\/www.matinspired.com\/it\/kit-macro-incisione-saldature-inox\/\" \/>\n<meta property=\"og:locale\" content=\"it_IT\" \/>\n<meta property=\"og:type\" content=\"article\" \/>\n<meta property=\"og:title\" content=\"Kit di Test per Macro Incisione di Saldature in Acciaio Inox \u2013 TK04\" \/>\n<meta property=\"og:description\" content=\"Un kit di test professionale per l\u2019incisione macroscopica delle sezioni trasversali di giunzioni saldate in acciaio inox, che consente un\u2019ispezione del materiale sicura, rapida e accurata.\" \/>\n<meta property=\"og:url\" content=\"https:\/\/www.matinspired.com\/it\/kit-macro-incisione-saldature-inox\/\" \/>\n<meta property=\"og:site_name\" content=\"Matinspired.com\" \/>\n<meta property=\"article:modified_time\" content=\"2026-02-11T13:24:56+00:00\" \/>\n<meta property=\"og:image\" content=\"https:\/\/www.matinspired.com\/wp-content\/plugins\/bb-plugin\/img\/pixel.png\" \/>\n<meta name=\"twitter:card\" content=\"summary_large_image\" \/>\n<meta name=\"twitter:site\" content=\"@MATinspired\" \/>\n<meta name=\"twitter:label1\" content=\"Tempo di lettura stimato\" \/>\n\t<meta name=\"twitter:data1\" content=\"3 minuti\" \/>\n<script type=\"application\/ld+json\" class=\"yoast-schema-graph\">{\"@context\":\"https:\/\/schema.org\",\"@graph\":[{\"@type\":\"WebPage\",\"@id\":\"https:\/\/www.matinspired.com\/it\/kit-macro-incisione-saldature-inox\/\",\"url\":\"https:\/\/www.matinspired.com\/it\/kit-macro-incisione-saldature-inox\/\",\"name\":\"Kit di Test per Macro Incisione di Saldature in Acciaio Inox \u2013 TK04\",\"isPartOf\":{\"@id\":\"https:\/\/www.matinspired.com\/it\/#website\"},\"primaryImageOfPage\":{\"@id\":\"https:\/\/www.matinspired.com\/it\/kit-macro-incisione-saldature-inox\/#primaryimage\"},\"image\":{\"@id\":\"https:\/\/www.matinspired.com\/it\/kit-macro-incisione-saldature-inox\/#primaryimage\"},\"thumbnailUrl\":\"https:\/\/www.matinspired.com\/wp-content\/plugins\/bb-plugin\/img\/pixel.png\",\"datePublished\":\"2025-01-24T10:28:27+00:00\",\"dateModified\":\"2026-02-11T13:24:56+00:00\",\"description\":\"Un kit di test professionale per l\u2019incisione macroscopica delle sezioni trasversali di giunzioni saldate in acciaio inox, che consente un\u2019ispezione del materiale sicura, rapida e accurata.\",\"breadcrumb\":{\"@id\":\"https:\/\/www.matinspired.com\/it\/kit-macro-incisione-saldature-inox\/#breadcrumb\"},\"inLanguage\":\"it-IT\",\"potentialAction\":[{\"@type\":\"ReadAction\",\"target\":[\"https:\/\/www.matinspired.com\/it\/kit-macro-incisione-saldature-inox\/\"]}]},{\"@type\":\"ImageObject\",\"inLanguage\":\"it-IT\",\"@id\":\"https:\/\/www.matinspired.com\/it\/kit-macro-incisione-saldature-inox\/#primaryimage\",\"url\":\"https:\/\/www.matinspired.com\/wp-content\/plugins\/bb-plugin\/img\/pixel.png\",\"contentUrl\":\"https:\/\/www.matinspired.com\/wp-content\/plugins\/bb-plugin\/img\/pixel.png\"},{\"@type\":\"BreadcrumbList\",\"@id\":\"https:\/\/www.matinspired.com\/it\/kit-macro-incisione-saldature-inox\/#breadcrumb\",\"itemListElement\":[{\"@type\":\"ListItem\",\"position\":1,\"name\":\"Home\",\"item\":\"https:\/\/www.matinspired.com\/it\/\"},{\"@type\":\"ListItem\",\"position\":2,\"name\":\"Kit di Test per Macro Incisione di Saldature in Acciaio Inox \u2013 TK04\"}]},{\"@type\":\"WebSite\",\"@id\":\"https:\/\/www.matinspired.com\/it\/#website\",\"url\":\"https:\/\/www.matinspired.com\/it\/\",\"name\":\"Matinspired.com\",\"description\":\"Chromium-6 test kits and more\",\"publisher\":{\"@id\":\"https:\/\/www.matinspired.com\/it\/#organization\"},\"potentialAction\":[{\"@type\":\"SearchAction\",\"target\":{\"@type\":\"EntryPoint\",\"urlTemplate\":\"https:\/\/www.matinspired.com\/it\/?s={search_term_string}\"},\"query-input\":{\"@type\":\"PropertyValueSpecification\",\"valueRequired\":true,\"valueName\":\"search_term_string\"}}],\"inLanguage\":\"it-IT\"},{\"@type\":\"Organization\",\"@id\":\"https:\/\/www.matinspired.com\/it\/#organization\",\"name\":\"MATinspired B.V.\",\"url\":\"https:\/\/www.matinspired.com\/it\/\",\"logo\":{\"@type\":\"ImageObject\",\"inLanguage\":\"it-IT\",\"@id\":\"https:\/\/www.matinspired.com\/it\/#\/schema\/logo\/image\/\",\"url\":\"https:\/\/www.matinspired.com\/wp-content\/uploads\/2023\/03\/LogoMATinspiredPO-696x969-1.jpg\",\"contentUrl\":\"https:\/\/www.matinspired.com\/wp-content\/uploads\/2023\/03\/LogoMATinspiredPO-696x969-1.jpg\",\"width\":696,\"height\":696,\"caption\":\"MATinspired B.V.\"},\"image\":{\"@id\":\"https:\/\/www.matinspired.com\/it\/#\/schema\/logo\/image\/\"},\"sameAs\":[\"https:\/\/x.com\/MATinspired\"]}]}<\/script>\n<!-- \/ Yoast SEO plugin. -->","yoast_head_json":{"title":"Kit di Test per Macro Incisione di Saldature in Acciaio Inox \u2013 TK04","description":"Un kit di test professionale per l\u2019incisione macroscopica delle sezioni trasversali di giunzioni saldate in acciaio inox, che consente un\u2019ispezione del materiale sicura, rapida e accurata.","robots":{"index":"index","follow":"follow","max-snippet":"max-snippet:-1","max-image-preview":"max-image-preview:large","max-video-preview":"max-video-preview:-1"},"canonical":"https:\/\/www.matinspired.com\/it\/kit-macro-incisione-saldature-inox\/","og_locale":"it_IT","og_type":"article","og_title":"Kit di Test per Macro Incisione di Saldature in Acciaio Inox \u2013 TK04","og_description":"Un kit di test professionale per l\u2019incisione macroscopica delle sezioni trasversali di giunzioni saldate in acciaio inox, che consente un\u2019ispezione del materiale sicura, rapida e accurata.","og_url":"https:\/\/www.matinspired.com\/it\/kit-macro-incisione-saldature-inox\/","og_site_name":"Matinspired.com","article_modified_time":"2026-02-11T13:24:56+00:00","og_image":[{"url":"https:\/\/www.matinspired.com\/wp-content\/plugins\/bb-plugin\/img\/pixel.png","type":"","width":"","height":""}],"twitter_card":"summary_large_image","twitter_site":"@MATinspired","twitter_misc":{"Tempo di lettura stimato":"3 minuti"},"schema":{"@context":"https:\/\/schema.org","@graph":[{"@type":"WebPage","@id":"https:\/\/www.matinspired.com\/it\/kit-macro-incisione-saldature-inox\/","url":"https:\/\/www.matinspired.com\/it\/kit-macro-incisione-saldature-inox\/","name":"Kit di Test per Macro Incisione di Saldature in Acciaio Inox \u2013 TK04","isPartOf":{"@id":"https:\/\/www.matinspired.com\/it\/#website"},"primaryImageOfPage":{"@id":"https:\/\/www.matinspired.com\/it\/kit-macro-incisione-saldature-inox\/#primaryimage"},"image":{"@id":"https:\/\/www.matinspired.com\/it\/kit-macro-incisione-saldature-inox\/#primaryimage"},"thumbnailUrl":"https:\/\/www.matinspired.com\/wp-content\/plugins\/bb-plugin\/img\/pixel.png","datePublished":"2025-01-24T10:28:27+00:00","dateModified":"2026-02-11T13:24:56+00:00","description":"Un kit di test professionale per l\u2019incisione macroscopica delle sezioni trasversali di giunzioni saldate in acciaio inox, che consente un\u2019ispezione del materiale sicura, rapida e accurata.","breadcrumb":{"@id":"https:\/\/www.matinspired.com\/it\/kit-macro-incisione-saldature-inox\/#breadcrumb"},"inLanguage":"it-IT","potentialAction":[{"@type":"ReadAction","target":["https:\/\/www.matinspired.com\/it\/kit-macro-incisione-saldature-inox\/"]}]},{"@type":"ImageObject","inLanguage":"it-IT","@id":"https:\/\/www.matinspired.com\/it\/kit-macro-incisione-saldature-inox\/#primaryimage","url":"https:\/\/www.matinspired.com\/wp-content\/plugins\/bb-plugin\/img\/pixel.png","contentUrl":"https:\/\/www.matinspired.com\/wp-content\/plugins\/bb-plugin\/img\/pixel.png"},{"@type":"BreadcrumbList","@id":"https:\/\/www.matinspired.com\/it\/kit-macro-incisione-saldature-inox\/#breadcrumb","itemListElement":[{"@type":"ListItem","position":1,"name":"Home","item":"https:\/\/www.matinspired.com\/it\/"},{"@type":"ListItem","position":2,"name":"Kit di Test per Macro Incisione di Saldature in Acciaio Inox \u2013 TK04"}]},{"@type":"WebSite","@id":"https:\/\/www.matinspired.com\/it\/#website","url":"https:\/\/www.matinspired.com\/it\/","name":"Matinspired.com","description":"Chromium-6 test kits and more","publisher":{"@id":"https:\/\/www.matinspired.com\/it\/#organization"},"potentialAction":[{"@type":"SearchAction","target":{"@type":"EntryPoint","urlTemplate":"https:\/\/www.matinspired.com\/it\/?s={search_term_string}"},"query-input":{"@type":"PropertyValueSpecification","valueRequired":true,"valueName":"search_term_string"}}],"inLanguage":"it-IT"},{"@type":"Organization","@id":"https:\/\/www.matinspired.com\/it\/#organization","name":"MATinspired B.V.","url":"https:\/\/www.matinspired.com\/it\/","logo":{"@type":"ImageObject","inLanguage":"it-IT","@id":"https:\/\/www.matinspired.com\/it\/#\/schema\/logo\/image\/","url":"https:\/\/www.matinspired.com\/wp-content\/uploads\/2023\/03\/LogoMATinspiredPO-696x969-1.jpg","contentUrl":"https:\/\/www.matinspired.com\/wp-content\/uploads\/2023\/03\/LogoMATinspiredPO-696x969-1.jpg","width":696,"height":696,"caption":"MATinspired B.V."},"image":{"@id":"https:\/\/www.matinspired.com\/it\/#\/schema\/logo\/image\/"},"sameAs":["https:\/\/x.com\/MATinspired"]}]}},"jetpack_sharing_enabled":true,"_links":{"self":[{"href":"https:\/\/www.matinspired.com\/it\/wp-json\/wp\/v2\/pages\/64415","targetHints":{"allow":["GET"]}}],"collection":[{"href":"https:\/\/www.matinspired.com\/it\/wp-json\/wp\/v2\/pages"}],"about":[{"href":"https:\/\/www.matinspired.com\/it\/wp-json\/wp\/v2\/types\/page"}],"author":[{"embeddable":true,"href":"https:\/\/www.matinspired.com\/it\/wp-json\/wp\/v2\/users\/3"}],"replies":[{"embeddable":true,"href":"https:\/\/www.matinspired.com\/it\/wp-json\/wp\/v2\/comments?post=64415"}],"version-history":[{"count":11,"href":"https:\/\/www.matinspired.com\/it\/wp-json\/wp\/v2\/pages\/64415\/revisions"}],"predecessor-version":[{"id":72989,"href":"https:\/\/www.matinspired.com\/it\/wp-json\/wp\/v2\/pages\/64415\/revisions\/72989"}],"wp:attachment":[{"href":"https:\/\/www.matinspired.com\/it\/wp-json\/wp\/v2\/media?parent=64415"}],"curies":[{"name":"wp","href":"https:\/\/api.w.org\/{rel}","templated":true}]}}