{"id":443,"date":"2020-10-26T12:28:34","date_gmt":"2020-10-26T11:28:34","guid":{"rendered":"https:\/\/www.matinspired.com\/sobre-nosotros\/"},"modified":"2026-04-02T12:29:54","modified_gmt":"2026-04-02T10:29:54","slug":"chi-siamo","status":"publish","type":"page","link":"https:\/\/www.matinspired.com\/it\/chi-siamo\/","title":{"rendered":"Chi siamo"},"content":{"rendered":"\n\n\t<h1><strong>Chi siamo<br \/>\n<\/strong><\/h1>\n<p>&nbsp;<\/p>\n\t<p>Lavorare in sicurezza \u00e8 importante per tutti. I test rapidi di MATinspired per l&#8217;identificazione e la rilevazione di una variet\u00e0 di sostanze chimiche contribuiscono a un ambiente di lavoro pi\u00f9 pulito e sicuro.<\/p>\n<p>Abbiamo sviluppato diversi kit di test interni che puoi utilizzare da solo. Con questi kit di test, \u00e8 possibile identificare facilmente le sostanze senza l&#8217;intervento di un laboratorio esterno, e poi prendere le misure necessarie per lavorare in sicurezza. Per esempio, abbiamo kit di test disponibili per sostanze tossiche come il cromo-6 e il piombo, ma anche per l&#8217;identificazione di diversi tipi di metallo e per testare la qualit\u00e0 delle saldature.<\/p>\n\t\t\t<a href=\"https:\/\/www.matinspired.com\/it\/webshop\/\"  target=\"_self\">\n\t\t\t\t\t\tI nostri kit di test\n\t\t\t\t\t<\/a>\n\tI nostri test kit sono adatti per l&#8217;uso nell&#8217;edilizia, nell&#8217;industria, nelle aziende di verniciatura, nelle aziende di lavorazione dei metalli<br \/>\ne nella manutenzione delle turbine a gas, per citare alcune applicazioni.\n\t<h2><strong>Informazioni su MATinspired <\/strong><img loading=\"lazy\" decoding=\"async\" src=\"https:\/\/www.matinspired.com\/wp-content\/uploads\/2021\/12\/IMG_8025-website-2-300x214.jpg\" alt=\"\" width=\"313\" height=\"223\" \/><\/h2>\n<p>MATinspired B.V. sviluppa e vende kit di test che permettono alle organizzazioni di effettuare la propria ricerca sui materiali. &#8220;Le piccole e medie imprese spesso non hanno un proprio esperto in materia. In questo caso, \u00e8 molto comodo poter testare sul posto da soli se una saldatura \u00e8 stata posizionata correttamente e se il materiale contiene sostanze tossiche&#8221;, dice il fondatore e ingegnere fisico Niels Kuijpers.<\/p>\n<p>&nbsp;<\/p>\n<strong><br \/>\nLavorare in modo indipendente<\/strong><br \/>\nMATinspired ha il proprio laboratorio a Gate 2 a Rijen, nei Paesi Bassi. &#8220;Il nostro laboratorio soddisfa tutti i requisiti che ci si aspetta da un laboratorio. Di conseguenza, siamo flessibili, possiamo cambiare rapidamente e lavorare in modo indipendente&#8221;.\n<strong>Test chiavi in mano<\/strong><br \/>\n&#8220;Anche se non sei un esperto in scienza dei materiali, puoi eseguire questi test molto bene&#8221;, dice a proposito dei kit di test per vari metalli e composti (tossici). &#8220;Tutto quello che dovete fare \u00e8 seguire i passi. Paragonatelo a un pasto pronto: tutti gli ingredienti sono ben bilanciati. Tutto quello che devi fare \u00e8 semplicemente prepararlo&#8221;.\n<strong>Innovazione<\/strong><br \/>\nMATinspired continua a sviluppare, innovare e soddisfare le richieste del mercato. Ci impegniamo per una vasta gamma di kit di test per l&#8217;identificazione e la rilevazione di varie sostanze chimiche.\n<p>&nbsp;<\/p>\n\t<p><img loading=\"lazy\" decoding=\"async\" src=\"http:\/\/matinspired.com\/wp-content\/uploads\/2020\/11\/Untitled-3-238x300.png\" alt=\"\" width=\"70\" height=\"89\" \/><\/p>\n<p><strong>Affidabilit\u00e0<\/strong><\/p>\nI nostri kit di test hanno un alto grado di precisione e affidabilit\u00e0. Per esempio, i kit per il test del cromo-6 sono conformi a varie direttive europee come la direttiva RoHS e la legislazione REACH.<br \/>\n\n\t<p><img loading=\"lazy\" decoding=\"async\" src=\"http:\/\/matinspired.com\/wp-content\/uploads\/2020\/11\/Logo-2-238x300.png\" alt=\"\" width=\"70\" height=\"89\" \/><\/p>\n<p><strong>Test sicuro e facile da fare da soli<\/strong><\/p>\n<p>Potete eseguire il test facilmente e rapidamente sul posto da soli, e vedrete immediatamente il risultato. Questo \u00e8 in contrasto con i test di laboratorio esterni in cui si deve aspettare qualche giorno per i risultati del test.<\/p>\n<p>&nbsp;<\/p>\n\t<p><img loading=\"lazy\" decoding=\"async\" src=\"http:\/\/matinspired.com\/wp-content\/uploads\/2020\/11\/Logo-3-238x300.png\" alt=\"\" width=\"70\" height=\"88\" \/><\/p>\n<p><strong>Consegna rapida in tutto il mondo<\/strong><\/p>\n<p>Consegniamo dai Paesi Bassi. Dopo la richiesta di un preventivo tramite questo sito web, riceverai un preventivo, e dopo la tua approvazione inizieremo immediatamente a lavorare per te. Riceverai i kit di test entro pochi giorni lavorativi (a seconda del paese in cui \u00e8 stato effettuato l&#8217;ordine).<\/p>\n\t<p><img loading=\"lazy\" decoding=\"async\" src=\"http:\/\/matinspired.com\/wp-content\/uploads\/2020\/11\/Logo-4-238x300.png\" alt=\"\" width=\"70\" height=\"88\" \/><\/p>\n<p><strong>Sviluppo in-house<\/strong><\/p>\n<p><\/p>\n<p>I kit di test sono sviluppati e prodotti internamente. In questo modo abbiamo il processo di sviluppo e il controllo della qualit\u00e0 nelle nostre mani. La qualit\u00e0 dei nostri prodotti viene continuamente migliorata.<\/p>\n<figure itemscope itemtype=\"https:\/\/schema.org\/ImageObject\">\n\t\t\t\t<img decoding=\"async\" src=\"https:\/\/www.matinspired.com\/wp-content\/uploads\/2022\/01\/Overview-G-3-scaled.jpg\" alt=\"Overview G\" height=\"1707\" width=\"2560\" title=\"Overview G\" onerror=\"this.style.display='none'\" loading=\"lazy\" \/>\n\t<\/figure>\n\n","protected":false},"excerpt":{"rendered":"<p>Chi siamo &nbsp; Lavorare in sicurezza \u00e8 importante per tutti. I test rapidi di MATinspired per l&#8217;identificazione e la rilevazione di una variet\u00e0 di sostanze chimiche contribuiscono a un ambiente di lavoro pi\u00f9 pulito e sicuro. Abbiamo sviluppato diversi kit di test interni che puoi utilizzare da solo. Con questi kit di test, \u00e8 possibile&#8230;<\/p>\n","protected":false},"author":3,"featured_media":0,"parent":0,"menu_order":0,"comment_status":"closed","ping_status":"closed","template":"","meta":{"footnotes":""},"class_list":["post-443","page","type-page","status-publish","hentry"],"yoast_head":"<!-- This site is optimized with the Yoast SEO plugin v27.2 - https:\/\/yoast.com\/product\/yoast-seo-wordpress\/ -->\n<title>Chi siamo - Matinspired.com<\/title>\n<meta name=\"description\" content=\"Chi siamo: MATinspired ha un sacco di conoscenze sulla scienza dei materiali e sull&#039;analisi dei guasti. Sviluppiamo anche kit di prova e teniamo workshop.\" \/>\n<meta name=\"robots\" content=\"index, follow, max-snippet:-1, max-image-preview:large, max-video-preview:-1\" \/>\n<link rel=\"canonical\" href=\"https:\/\/www.matinspired.com\/it\/chi-siamo\/\" \/>\n<meta property=\"og:locale\" content=\"it_IT\" \/>\n<meta property=\"og:type\" content=\"article\" \/>\n<meta property=\"og:title\" content=\"Chi siamo - Matinspired.com\" \/>\n<meta property=\"og:description\" content=\"Chi siamo: MATinspired ha un sacco di conoscenze sulla scienza dei materiali e sull&#039;analisi dei guasti. Sviluppiamo anche kit di prova e teniamo workshop.\" \/>\n<meta property=\"og:url\" content=\"https:\/\/www.matinspired.com\/it\/chi-siamo\/\" \/>\n<meta property=\"og:site_name\" content=\"Matinspired.com\" \/>\n<meta property=\"article:modified_time\" content=\"2026-04-02T10:29:54+00:00\" \/>\n<meta property=\"og:image\" content=\"https:\/\/www.matinspired.com\/wp-content\/uploads\/2021\/12\/IMG_8025-website-2-300x214.jpg\" \/>\n<meta name=\"twitter:card\" content=\"summary_large_image\" \/>\n<meta name=\"twitter:site\" content=\"@MATinspired\" \/>\n<meta name=\"twitter:label1\" content=\"Tempo di lettura stimato\" \/>\n\t<meta name=\"twitter:data1\" content=\"3 minuti\" \/>\n<script type=\"application\/ld+json\" class=\"yoast-schema-graph\">{\"@context\":\"https:\/\/schema.org\",\"@graph\":[{\"@type\":\"WebPage\",\"@id\":\"https:\/\/www.matinspired.com\/it\/chi-siamo\/\",\"url\":\"https:\/\/www.matinspired.com\/it\/chi-siamo\/\",\"name\":\"Chi siamo - Matinspired.com\",\"isPartOf\":{\"@id\":\"https:\/\/www.matinspired.com\/it\/#website\"},\"primaryImageOfPage\":{\"@id\":\"https:\/\/www.matinspired.com\/it\/chi-siamo\/#primaryimage\"},\"image\":{\"@id\":\"https:\/\/www.matinspired.com\/it\/chi-siamo\/#primaryimage\"},\"thumbnailUrl\":\"https:\/\/www.matinspired.com\/wp-content\/uploads\/2021\/12\/IMG_8025-website-2-300x214.jpg\",\"datePublished\":\"2020-10-26T11:28:34+00:00\",\"dateModified\":\"2026-04-02T10:29:54+00:00\",\"description\":\"Chi siamo: MATinspired ha un sacco di conoscenze sulla scienza dei materiali e sull'analisi dei guasti. Sviluppiamo anche kit di prova e teniamo workshop.\",\"breadcrumb\":{\"@id\":\"https:\/\/www.matinspired.com\/it\/chi-siamo\/#breadcrumb\"},\"inLanguage\":\"it-IT\",\"potentialAction\":[{\"@type\":\"ReadAction\",\"target\":[\"https:\/\/www.matinspired.com\/it\/chi-siamo\/\"]}]},{\"@type\":\"ImageObject\",\"inLanguage\":\"it-IT\",\"@id\":\"https:\/\/www.matinspired.com\/it\/chi-siamo\/#primaryimage\",\"url\":\"https:\/\/www.matinspired.com\/wp-content\/uploads\/2021\/12\/IMG_8025-website-2-300x214.jpg\",\"contentUrl\":\"https:\/\/www.matinspired.com\/wp-content\/uploads\/2021\/12\/IMG_8025-website-2-300x214.jpg\"},{\"@type\":\"BreadcrumbList\",\"@id\":\"https:\/\/www.matinspired.com\/it\/chi-siamo\/#breadcrumb\",\"itemListElement\":[{\"@type\":\"ListItem\",\"position\":1,\"name\":\"Home\",\"item\":\"https:\/\/www.matinspired.com\/it\/\"},{\"@type\":\"ListItem\",\"position\":2,\"name\":\"Chi siamo\"}]},{\"@type\":\"WebSite\",\"@id\":\"https:\/\/www.matinspired.com\/it\/#website\",\"url\":\"https:\/\/www.matinspired.com\/it\/\",\"name\":\"Matinspired.com\",\"description\":\"Chromium-6 test kits and more\",\"publisher\":{\"@id\":\"https:\/\/www.matinspired.com\/it\/#organization\"},\"potentialAction\":[{\"@type\":\"SearchAction\",\"target\":{\"@type\":\"EntryPoint\",\"urlTemplate\":\"https:\/\/www.matinspired.com\/it\/?s={search_term_string}\"},\"query-input\":{\"@type\":\"PropertyValueSpecification\",\"valueRequired\":true,\"valueName\":\"search_term_string\"}}],\"inLanguage\":\"it-IT\"},{\"@type\":\"Organization\",\"@id\":\"https:\/\/www.matinspired.com\/it\/#organization\",\"name\":\"MATinspired B.V.\",\"url\":\"https:\/\/www.matinspired.com\/it\/\",\"logo\":{\"@type\":\"ImageObject\",\"inLanguage\":\"it-IT\",\"@id\":\"https:\/\/www.matinspired.com\/it\/#\/schema\/logo\/image\/\",\"url\":\"https:\/\/www.matinspired.com\/wp-content\/uploads\/2023\/03\/LogoMATinspiredPO-696x969-1.jpg\",\"contentUrl\":\"https:\/\/www.matinspired.com\/wp-content\/uploads\/2023\/03\/LogoMATinspiredPO-696x969-1.jpg\",\"width\":696,\"height\":696,\"caption\":\"MATinspired B.V.\"},\"image\":{\"@id\":\"https:\/\/www.matinspired.com\/it\/#\/schema\/logo\/image\/\"},\"sameAs\":[\"https:\/\/x.com\/MATinspired\"]}]}<\/script>\n<!-- \/ Yoast SEO plugin. -->","yoast_head_json":{"title":"Chi siamo - Matinspired.com","description":"Chi siamo: MATinspired ha un sacco di conoscenze sulla scienza dei materiali e sull'analisi dei guasti. Sviluppiamo anche kit di prova e teniamo workshop.","robots":{"index":"index","follow":"follow","max-snippet":"max-snippet:-1","max-image-preview":"max-image-preview:large","max-video-preview":"max-video-preview:-1"},"canonical":"https:\/\/www.matinspired.com\/it\/chi-siamo\/","og_locale":"it_IT","og_type":"article","og_title":"Chi siamo - Matinspired.com","og_description":"Chi siamo: MATinspired ha un sacco di conoscenze sulla scienza dei materiali e sull'analisi dei guasti. Sviluppiamo anche kit di prova e teniamo workshop.","og_url":"https:\/\/www.matinspired.com\/it\/chi-siamo\/","og_site_name":"Matinspired.com","article_modified_time":"2026-04-02T10:29:54+00:00","og_image":[{"url":"https:\/\/www.matinspired.com\/wp-content\/uploads\/2021\/12\/IMG_8025-website-2-300x214.jpg","type":"","width":"","height":""}],"twitter_card":"summary_large_image","twitter_site":"@MATinspired","twitter_misc":{"Tempo di lettura stimato":"3 minuti"},"schema":{"@context":"https:\/\/schema.org","@graph":[{"@type":"WebPage","@id":"https:\/\/www.matinspired.com\/it\/chi-siamo\/","url":"https:\/\/www.matinspired.com\/it\/chi-siamo\/","name":"Chi siamo - Matinspired.com","isPartOf":{"@id":"https:\/\/www.matinspired.com\/it\/#website"},"primaryImageOfPage":{"@id":"https:\/\/www.matinspired.com\/it\/chi-siamo\/#primaryimage"},"image":{"@id":"https:\/\/www.matinspired.com\/it\/chi-siamo\/#primaryimage"},"thumbnailUrl":"https:\/\/www.matinspired.com\/wp-content\/uploads\/2021\/12\/IMG_8025-website-2-300x214.jpg","datePublished":"2020-10-26T11:28:34+00:00","dateModified":"2026-04-02T10:29:54+00:00","description":"Chi siamo: MATinspired ha un sacco di conoscenze sulla scienza dei materiali e sull'analisi dei guasti. Sviluppiamo anche kit di prova e teniamo workshop.","breadcrumb":{"@id":"https:\/\/www.matinspired.com\/it\/chi-siamo\/#breadcrumb"},"inLanguage":"it-IT","potentialAction":[{"@type":"ReadAction","target":["https:\/\/www.matinspired.com\/it\/chi-siamo\/"]}]},{"@type":"ImageObject","inLanguage":"it-IT","@id":"https:\/\/www.matinspired.com\/it\/chi-siamo\/#primaryimage","url":"https:\/\/www.matinspired.com\/wp-content\/uploads\/2021\/12\/IMG_8025-website-2-300x214.jpg","contentUrl":"https:\/\/www.matinspired.com\/wp-content\/uploads\/2021\/12\/IMG_8025-website-2-300x214.jpg"},{"@type":"BreadcrumbList","@id":"https:\/\/www.matinspired.com\/it\/chi-siamo\/#breadcrumb","itemListElement":[{"@type":"ListItem","position":1,"name":"Home","item":"https:\/\/www.matinspired.com\/it\/"},{"@type":"ListItem","position":2,"name":"Chi siamo"}]},{"@type":"WebSite","@id":"https:\/\/www.matinspired.com\/it\/#website","url":"https:\/\/www.matinspired.com\/it\/","name":"Matinspired.com","description":"Chromium-6 test kits and more","publisher":{"@id":"https:\/\/www.matinspired.com\/it\/#organization"},"potentialAction":[{"@type":"SearchAction","target":{"@type":"EntryPoint","urlTemplate":"https:\/\/www.matinspired.com\/it\/?s={search_term_string}"},"query-input":{"@type":"PropertyValueSpecification","valueRequired":true,"valueName":"search_term_string"}}],"inLanguage":"it-IT"},{"@type":"Organization","@id":"https:\/\/www.matinspired.com\/it\/#organization","name":"MATinspired B.V.","url":"https:\/\/www.matinspired.com\/it\/","logo":{"@type":"ImageObject","inLanguage":"it-IT","@id":"https:\/\/www.matinspired.com\/it\/#\/schema\/logo\/image\/","url":"https:\/\/www.matinspired.com\/wp-content\/uploads\/2023\/03\/LogoMATinspiredPO-696x969-1.jpg","contentUrl":"https:\/\/www.matinspired.com\/wp-content\/uploads\/2023\/03\/LogoMATinspiredPO-696x969-1.jpg","width":696,"height":696,"caption":"MATinspired B.V."},"image":{"@id":"https:\/\/www.matinspired.com\/it\/#\/schema\/logo\/image\/"},"sameAs":["https:\/\/x.com\/MATinspired"]}]}},"jetpack_sharing_enabled":true,"_links":{"self":[{"href":"https:\/\/www.matinspired.com\/it\/wp-json\/wp\/v2\/pages\/443","targetHints":{"allow":["GET"]}}],"collection":[{"href":"https:\/\/www.matinspired.com\/it\/wp-json\/wp\/v2\/pages"}],"about":[{"href":"https:\/\/www.matinspired.com\/it\/wp-json\/wp\/v2\/types\/page"}],"author":[{"embeddable":true,"href":"https:\/\/www.matinspired.com\/it\/wp-json\/wp\/v2\/users\/3"}],"replies":[{"embeddable":true,"href":"https:\/\/www.matinspired.com\/it\/wp-json\/wp\/v2\/comments?post=443"}],"version-history":[{"count":1,"href":"https:\/\/www.matinspired.com\/it\/wp-json\/wp\/v2\/pages\/443\/revisions"}],"predecessor-version":[{"id":74892,"href":"https:\/\/www.matinspired.com\/it\/wp-json\/wp\/v2\/pages\/443\/revisions\/74892"}],"wp:attachment":[{"href":"https:\/\/www.matinspired.com\/it\/wp-json\/wp\/v2\/media?parent=443"}],"curies":[{"name":"wp","href":"https:\/\/api.w.org\/{rel}","templated":true}]}}