{"id":3766,"date":"2023-03-10T10:49:48","date_gmt":"2023-03-10T09:49:48","guid":{"rendered":"https:\/\/www.matinspired.com\/304-316-stainless-steel-identification-test-kit-tk05-matinspired\/"},"modified":"2026-02-03T10:38:33","modified_gmt":"2026-02-03T09:38:33","slug":"304-316-stainless-steel-identification-test-kit-tk05-matinspired","status":"publish","type":"page","link":"https:\/\/www.matinspired.com\/it\/304-316-stainless-steel-identification-test-kit-tk05-matinspired\/","title":{"rendered":"Kit di test per l\u2019identificazione dell\u2019acciaio inox 304 &#8211; 316 \u2013 TK05"},"content":{"rendered":"\r\n\r\n\t<h1><strong>Kit di test di identificazione per acciaio inox 304 &#8211; 316 &#8211; TK05<\/strong><\/h1>\r\n<p>&nbsp;<\/p>\r\n\t<h2><strong>Acciaio inox 304 &#8211; 316<br \/>\r\n<\/strong><strong>Kit per test di identificazione &#8211; TK05\u00a0 \u00a0 <\/strong><em><strong>for stainless steel type 304 and type 316 materials<\/strong><\/em><\/h2>\r\n<p>Con questo kit di test \u00e8 possibile verificare se il materiale in acciaio inox \u00e8 del tipo 304 o 316. Nel caso di un metallo 316, il test si presenta con un colore rosa distinto.<\/p>\r\n<p>Il kit contiene 20 tamponi, un liquido di prova, un elettrodo, materiale di prova 304 e 316 e un manuale.<\/p>\r\n<p>I tamponi hanno una durata di conservazione di 3 mesi. Sono inoltre disponibili set di ricarica per 20 test (TK05RF).<\/p>\r\n\t<h3><strong>Utilizzo<\/strong><\/h3>\r\n<p>Puoi eseguire il test direttamente su qualsiasi prodotto in acciaio inossidabile. Innanzitutto, posiziona il tampone di prova sul metallo. Quindi, inumidire il tampone di prova con il liquido di prova fornito. Successivamente, prendere contatto con l&#8217;elettrodo per circa mezzo minuto. (Il kit di test utilizza una tensione della batteria bassa e sicura.) Ci\u00f2 provoca uno scolorimento del tampone di test.<\/p>\r\nNel caso di un metallo 304, il tampone del test diventer\u00e0 giallo chiaro\/marrone.<br \/>\r\nNel caso di un metallo 316, il tampone del test diventer\u00e0 rosa\/viola distinto.\r\n<p>Questo kit di test \u00e8 noto anche come &#8220;test del molibdeno&#8221;\u00a0 poich\u00e9 rileva il molibdeno. Poich\u00e9 il molibdeno \u00e8 presente nel 316, ci\u00f2 porta al colore rosa\/viola del tampone del test.<\/p>\r\n\t\t\t\t<img decoding=\"async\" src=\"https:\/\/www.matinspired.com\/wp-content\/uploads\/2023\/09\/TK05-oefen2-3-jpg.webp\" alt=\"TK05 oefen2\" itemprop=\"image\" height=\"1000\" width=\"1500\" title=\"TK05 oefen2\" onerror=\"this.style.display='none'\" loading=\"lazy\" \/>\r\n\t\t\t<a href=\"https:\/\/www.matinspired.com\/it\/richiesta-di-preventivo\/?artikel=TK05.%20-%20Kit%20di%20test%20di%20identificazione%20per%20acciaio%20inox%20304%20-%20316&#038;aantal-other=1\" target=\"_self\">\r\n\t\t\t\t\t\tRichiesta di preventivo\r\n\t\t\t\t\t<\/a>\r\n\t<p><em> L&#8217;ordinazione \u00e8 possibile solo per le aziende in Europa.<\/em><\/p>\r\n<p><em>Riceverai il nostro preventivo via e-mail entro uno o due giorni lavorativi. Dopo la tua accettazione del nostro preventivo, spediremo il kit di prova il pi\u00f9 velocemente possibile.<\/em><\/p>\r\n\t\t<iframe loading=\"lazy\" title=\"Instructional video 304 - 316 Stainless Steel Identification Test Kit - TK05\" width=\"640\" height=\"360\" src=\"https:\/\/www.youtube.com\/embed\/oDn6rsBPjiM?feature=oembed\" frameborder=\"0\" allow=\"accelerometer; autoplay; clipboard-write; encrypted-media; gyroscope; picture-in-picture; web-share\" allowfullscreen><\/iframe>\t\r\n\t\t\t\t<img decoding=\"async\" src=\"https:\/\/www.matinspired.com\/wp-content\/uploads\/2023\/03\/304-3016-test-with-electrode-683x1024-1.jpg\" alt=\"Performing the test on a piece of metal\" itemprop=\"image\" title=\"304-3016-test-with-electrode-683x1024-1\" onerror=\"this.style.display='none'\" loading=\"lazy\" \/>\r\n\t<p><em>Esecuzione del test su un pezzo di metallo<\/em><\/p>\r\n\t\t\t\t<img decoding=\"async\" src=\"https:\/\/www.matinspired.com\/wp-content\/uploads\/2023\/03\/Voorbeeld-304-316-teststaven.jpg\" alt=\"Voorbeeld-304-316-teststaven\" itemprop=\"image\" height=\"965\" width=\"1000\" title=\"Voorbeeld-304-316-teststaven\" onerror=\"this.style.display='none'\" loading=\"lazy\" \/>\r\n\t<p><em>Esempio di scolorimento del tampone di prova dopo il test su metallo 304 e 316.<\/em><\/p>\r\n\t<p><i> Dichiarazione di non responsabilit\u00e0<br \/>\nNonostante questo prodotto sia stato compilato con la massima cura, MATinspired B.V. non pu\u00f2 essere ritenuto responsabile per i danni derivanti dall&#8217;uso o dal contatto con il prodotto. Questo metodo di misurazione \u00e8 solo un&#8217;indicazione e MATinspired B.V. non \u00e8 responsabile dei risultati dei test. <\/i><\/p>\n\r\n\r\n","protected":false},"excerpt":{"rendered":"<p>Kit di test di identificazione per acciaio inox 304 &#8211; 316 &#8211; TK05 &nbsp; Acciaio inox 304 &#8211; 316 Kit per test di identificazione &#8211; TK05\u00a0 \u00a0 for stainless steel type 304 and type 316 materials Con questo kit di test \u00e8 possibile verificare se il materiale in acciaio inox \u00e8 del tipo 304 o&#8230;<\/p>\n","protected":false},"author":3,"featured_media":0,"parent":0,"menu_order":0,"comment_status":"closed","ping_status":"closed","template":"","meta":{"footnotes":""},"class_list":["post-3766","page","type-page","status-publish","hentry"],"yoast_head":"<!-- This site is optimized with the Yoast SEO plugin v27.2 - https:\/\/yoast.com\/product\/yoast-seo-wordpress\/ -->\n<title>Kit di test per l\u2019identificazione dell\u2019acciaio inox 304 - 316 \u2013 TK05<\/title>\n<meta name=\"description\" content=\"Questo kit di test consente di determinare rapidamente se un acciaio inossidabile \u00e8 di tipo 304 o 316. A contatto con l\u2019acciaio di tipo 316, la barra di test diventa rosa\/viola. Conosciuto anche come test al molibdeno.\" \/>\n<meta name=\"robots\" content=\"index, follow, max-snippet:-1, max-image-preview:large, max-video-preview:-1\" \/>\n<link rel=\"canonical\" href=\"https:\/\/www.matinspired.com\/it\/304-316-stainless-steel-identification-test-kit-tk05-matinspired\/\" \/>\n<meta property=\"og:locale\" content=\"it_IT\" \/>\n<meta property=\"og:type\" content=\"article\" \/>\n<meta property=\"og:title\" content=\"Kit di test per l\u2019identificazione dell\u2019acciaio inox 304 - 316 \u2013 TK05\" \/>\n<meta property=\"og:description\" content=\"Questo kit di test consente di determinare rapidamente se un acciaio inossidabile \u00e8 di tipo 304 o 316. A contatto con l\u2019acciaio di tipo 316, la barra di test diventa rosa\/viola. Conosciuto anche come test al molibdeno.\" \/>\n<meta property=\"og:url\" content=\"https:\/\/www.matinspired.com\/it\/304-316-stainless-steel-identification-test-kit-tk05-matinspired\/\" \/>\n<meta property=\"og:site_name\" content=\"Matinspired.com\" \/>\n<meta property=\"article:modified_time\" content=\"2026-02-03T09:38:33+00:00\" \/>\n<meta property=\"og:image\" content=\"https:\/\/www.matinspired.com\/wp-content\/uploads\/2023\/09\/TK05-oefen2-3-jpg.webp\" \/>\n<meta name=\"twitter:card\" content=\"summary_large_image\" \/>\n<meta name=\"twitter:site\" content=\"@MATinspired\" \/>\n<meta name=\"twitter:label1\" content=\"Tempo di lettura stimato\" \/>\n\t<meta name=\"twitter:data1\" content=\"3 minuti\" \/>\n<script type=\"application\/ld+json\" class=\"yoast-schema-graph\">{\"@context\":\"https:\/\/schema.org\",\"@graph\":[{\"@type\":\"WebPage\",\"@id\":\"https:\/\/www.matinspired.com\/it\/304-316-stainless-steel-identification-test-kit-tk05-matinspired\/\",\"url\":\"https:\/\/www.matinspired.com\/it\/304-316-stainless-steel-identification-test-kit-tk05-matinspired\/\",\"name\":\"Kit di test per l\u2019identificazione dell\u2019acciaio inox 304 - 316 \u2013 TK05\",\"isPartOf\":{\"@id\":\"https:\/\/www.matinspired.com\/it\/#website\"},\"primaryImageOfPage\":{\"@id\":\"https:\/\/www.matinspired.com\/it\/304-316-stainless-steel-identification-test-kit-tk05-matinspired\/#primaryimage\"},\"image\":{\"@id\":\"https:\/\/www.matinspired.com\/it\/304-316-stainless-steel-identification-test-kit-tk05-matinspired\/#primaryimage\"},\"thumbnailUrl\":\"https:\/\/www.matinspired.com\/wp-content\/uploads\/2023\/09\/TK05-oefen2-3-jpg.webp\",\"datePublished\":\"2023-03-10T09:49:48+00:00\",\"dateModified\":\"2026-02-03T09:38:33+00:00\",\"description\":\"Questo kit di test consente di determinare rapidamente se un acciaio inossidabile \u00e8 di tipo 304 o 316. A contatto con l\u2019acciaio di tipo 316, la barra di test diventa rosa\/viola. Conosciuto anche come test al molibdeno.\",\"breadcrumb\":{\"@id\":\"https:\/\/www.matinspired.com\/it\/304-316-stainless-steel-identification-test-kit-tk05-matinspired\/#breadcrumb\"},\"inLanguage\":\"it-IT\",\"potentialAction\":[{\"@type\":\"ReadAction\",\"target\":[\"https:\/\/www.matinspired.com\/it\/304-316-stainless-steel-identification-test-kit-tk05-matinspired\/\"]}]},{\"@type\":\"ImageObject\",\"inLanguage\":\"it-IT\",\"@id\":\"https:\/\/www.matinspired.com\/it\/304-316-stainless-steel-identification-test-kit-tk05-matinspired\/#primaryimage\",\"url\":\"https:\/\/www.matinspired.com\/wp-content\/uploads\/2023\/09\/TK05-oefen2-3-jpg.webp\",\"contentUrl\":\"https:\/\/www.matinspired.com\/wp-content\/uploads\/2023\/09\/TK05-oefen2-3-jpg.webp\"},{\"@type\":\"BreadcrumbList\",\"@id\":\"https:\/\/www.matinspired.com\/it\/304-316-stainless-steel-identification-test-kit-tk05-matinspired\/#breadcrumb\",\"itemListElement\":[{\"@type\":\"ListItem\",\"position\":1,\"name\":\"Home\",\"item\":\"https:\/\/www.matinspired.com\/it\/\"},{\"@type\":\"ListItem\",\"position\":2,\"name\":\"Kit di test per l\u2019identificazione dell\u2019acciaio inox 304 &#8211; 316 \u2013 TK05\"}]},{\"@type\":\"WebSite\",\"@id\":\"https:\/\/www.matinspired.com\/it\/#website\",\"url\":\"https:\/\/www.matinspired.com\/it\/\",\"name\":\"Matinspired.com\",\"description\":\"Chromium-6 test kits and more\",\"publisher\":{\"@id\":\"https:\/\/www.matinspired.com\/it\/#organization\"},\"potentialAction\":[{\"@type\":\"SearchAction\",\"target\":{\"@type\":\"EntryPoint\",\"urlTemplate\":\"https:\/\/www.matinspired.com\/it\/?s={search_term_string}\"},\"query-input\":{\"@type\":\"PropertyValueSpecification\",\"valueRequired\":true,\"valueName\":\"search_term_string\"}}],\"inLanguage\":\"it-IT\"},{\"@type\":\"Organization\",\"@id\":\"https:\/\/www.matinspired.com\/it\/#organization\",\"name\":\"MATinspired B.V.\",\"url\":\"https:\/\/www.matinspired.com\/it\/\",\"logo\":{\"@type\":\"ImageObject\",\"inLanguage\":\"it-IT\",\"@id\":\"https:\/\/www.matinspired.com\/it\/#\/schema\/logo\/image\/\",\"url\":\"https:\/\/www.matinspired.com\/wp-content\/uploads\/2023\/03\/LogoMATinspiredPO-696x969-1.jpg\",\"contentUrl\":\"https:\/\/www.matinspired.com\/wp-content\/uploads\/2023\/03\/LogoMATinspiredPO-696x969-1.jpg\",\"width\":696,\"height\":696,\"caption\":\"MATinspired B.V.\"},\"image\":{\"@id\":\"https:\/\/www.matinspired.com\/it\/#\/schema\/logo\/image\/\"},\"sameAs\":[\"https:\/\/x.com\/MATinspired\"]}]}<\/script>\n<!-- \/ Yoast SEO plugin. -->","yoast_head_json":{"title":"Kit di test per l\u2019identificazione dell\u2019acciaio inox 304 - 316 \u2013 TK05","description":"Questo kit di test consente di determinare rapidamente se un acciaio inossidabile \u00e8 di tipo 304 o 316. A contatto con l\u2019acciaio di tipo 316, la barra di test diventa rosa\/viola. Conosciuto anche come test al molibdeno.","robots":{"index":"index","follow":"follow","max-snippet":"max-snippet:-1","max-image-preview":"max-image-preview:large","max-video-preview":"max-video-preview:-1"},"canonical":"https:\/\/www.matinspired.com\/it\/304-316-stainless-steel-identification-test-kit-tk05-matinspired\/","og_locale":"it_IT","og_type":"article","og_title":"Kit di test per l\u2019identificazione dell\u2019acciaio inox 304 - 316 \u2013 TK05","og_description":"Questo kit di test consente di determinare rapidamente se un acciaio inossidabile \u00e8 di tipo 304 o 316. A contatto con l\u2019acciaio di tipo 316, la barra di test diventa rosa\/viola. Conosciuto anche come test al molibdeno.","og_url":"https:\/\/www.matinspired.com\/it\/304-316-stainless-steel-identification-test-kit-tk05-matinspired\/","og_site_name":"Matinspired.com","article_modified_time":"2026-02-03T09:38:33+00:00","og_image":[{"url":"https:\/\/www.matinspired.com\/wp-content\/uploads\/2023\/09\/TK05-oefen2-3-jpg.webp","type":"","width":"","height":""}],"twitter_card":"summary_large_image","twitter_site":"@MATinspired","twitter_misc":{"Tempo di lettura stimato":"3 minuti"},"schema":{"@context":"https:\/\/schema.org","@graph":[{"@type":"WebPage","@id":"https:\/\/www.matinspired.com\/it\/304-316-stainless-steel-identification-test-kit-tk05-matinspired\/","url":"https:\/\/www.matinspired.com\/it\/304-316-stainless-steel-identification-test-kit-tk05-matinspired\/","name":"Kit di test per l\u2019identificazione dell\u2019acciaio inox 304 - 316 \u2013 TK05","isPartOf":{"@id":"https:\/\/www.matinspired.com\/it\/#website"},"primaryImageOfPage":{"@id":"https:\/\/www.matinspired.com\/it\/304-316-stainless-steel-identification-test-kit-tk05-matinspired\/#primaryimage"},"image":{"@id":"https:\/\/www.matinspired.com\/it\/304-316-stainless-steel-identification-test-kit-tk05-matinspired\/#primaryimage"},"thumbnailUrl":"https:\/\/www.matinspired.com\/wp-content\/uploads\/2023\/09\/TK05-oefen2-3-jpg.webp","datePublished":"2023-03-10T09:49:48+00:00","dateModified":"2026-02-03T09:38:33+00:00","description":"Questo kit di test consente di determinare rapidamente se un acciaio inossidabile \u00e8 di tipo 304 o 316. A contatto con l\u2019acciaio di tipo 316, la barra di test diventa rosa\/viola. Conosciuto anche come test al molibdeno.","breadcrumb":{"@id":"https:\/\/www.matinspired.com\/it\/304-316-stainless-steel-identification-test-kit-tk05-matinspired\/#breadcrumb"},"inLanguage":"it-IT","potentialAction":[{"@type":"ReadAction","target":["https:\/\/www.matinspired.com\/it\/304-316-stainless-steel-identification-test-kit-tk05-matinspired\/"]}]},{"@type":"ImageObject","inLanguage":"it-IT","@id":"https:\/\/www.matinspired.com\/it\/304-316-stainless-steel-identification-test-kit-tk05-matinspired\/#primaryimage","url":"https:\/\/www.matinspired.com\/wp-content\/uploads\/2023\/09\/TK05-oefen2-3-jpg.webp","contentUrl":"https:\/\/www.matinspired.com\/wp-content\/uploads\/2023\/09\/TK05-oefen2-3-jpg.webp"},{"@type":"BreadcrumbList","@id":"https:\/\/www.matinspired.com\/it\/304-316-stainless-steel-identification-test-kit-tk05-matinspired\/#breadcrumb","itemListElement":[{"@type":"ListItem","position":1,"name":"Home","item":"https:\/\/www.matinspired.com\/it\/"},{"@type":"ListItem","position":2,"name":"Kit di test per l\u2019identificazione dell\u2019acciaio inox 304 &#8211; 316 \u2013 TK05"}]},{"@type":"WebSite","@id":"https:\/\/www.matinspired.com\/it\/#website","url":"https:\/\/www.matinspired.com\/it\/","name":"Matinspired.com","description":"Chromium-6 test kits and more","publisher":{"@id":"https:\/\/www.matinspired.com\/it\/#organization"},"potentialAction":[{"@type":"SearchAction","target":{"@type":"EntryPoint","urlTemplate":"https:\/\/www.matinspired.com\/it\/?s={search_term_string}"},"query-input":{"@type":"PropertyValueSpecification","valueRequired":true,"valueName":"search_term_string"}}],"inLanguage":"it-IT"},{"@type":"Organization","@id":"https:\/\/www.matinspired.com\/it\/#organization","name":"MATinspired B.V.","url":"https:\/\/www.matinspired.com\/it\/","logo":{"@type":"ImageObject","inLanguage":"it-IT","@id":"https:\/\/www.matinspired.com\/it\/#\/schema\/logo\/image\/","url":"https:\/\/www.matinspired.com\/wp-content\/uploads\/2023\/03\/LogoMATinspiredPO-696x969-1.jpg","contentUrl":"https:\/\/www.matinspired.com\/wp-content\/uploads\/2023\/03\/LogoMATinspiredPO-696x969-1.jpg","width":696,"height":696,"caption":"MATinspired B.V."},"image":{"@id":"https:\/\/www.matinspired.com\/it\/#\/schema\/logo\/image\/"},"sameAs":["https:\/\/x.com\/MATinspired"]}]}},"jetpack_sharing_enabled":true,"_links":{"self":[{"href":"https:\/\/www.matinspired.com\/it\/wp-json\/wp\/v2\/pages\/3766","targetHints":{"allow":["GET"]}}],"collection":[{"href":"https:\/\/www.matinspired.com\/it\/wp-json\/wp\/v2\/pages"}],"about":[{"href":"https:\/\/www.matinspired.com\/it\/wp-json\/wp\/v2\/types\/page"}],"author":[{"embeddable":true,"href":"https:\/\/www.matinspired.com\/it\/wp-json\/wp\/v2\/users\/3"}],"replies":[{"embeddable":true,"href":"https:\/\/www.matinspired.com\/it\/wp-json\/wp\/v2\/comments?post=3766"}],"version-history":[{"count":6,"href":"https:\/\/www.matinspired.com\/it\/wp-json\/wp\/v2\/pages\/3766\/revisions"}],"predecessor-version":[{"id":71035,"href":"https:\/\/www.matinspired.com\/it\/wp-json\/wp\/v2\/pages\/3766\/revisions\/71035"}],"wp:attachment":[{"href":"https:\/\/www.matinspired.com\/it\/wp-json\/wp\/v2\/media?parent=3766"}],"curies":[{"name":"wp","href":"https:\/\/api.w.org\/{rel}","templated":true}]}}