{"id":3755,"date":"2023-02-23T10:36:08","date_gmt":"2023-02-23T09:36:08","guid":{"rendered":"https:\/\/www.matinspired.com\/chloride-detection-test\/"},"modified":"2026-03-06T14:07:34","modified_gmt":"2026-03-06T13:07:34","slug":"test-di-rilevamento-del-sale-tk21","status":"publish","type":"page","link":"https:\/\/www.matinspired.com\/it\/test-di-rilevamento-del-sale-tk21\/","title":{"rendered":"Kit di Rilevamento del Sale \/ Test al Nitrato d&#8217;Argento &#8211; TK21"},"content":{"rendered":"\n\n\t\n<h1><strong>Test di rilevamento del sale &#8211; TK21<\/strong><\/h1>\n<p>&nbsp;<\/p>\n\t<strong>Sale<br \/>\nTest di rilevamento &#8211; TK21<br \/>\n<\/strong><strong><em>per il rilevamento di residui di sale marino o di sale stradale su metallo<\/em><\/strong>\n<p>Questo test consente di rilevare tracce di sale sul metallo. Il sale pu\u00f2 provenire, ad esempio, dall&#8217;acqua di mare o dal sale stradale. Il sale spesso causa un&#8217;accelerazione della corrosione\/ruggine dei metalli, che pu\u00f2 quindi portare a danni significativi ai prodotti metallici.<\/p>\n<p>Con questo flacone contagocce (15 ml) \u00e8 possibile eseguire circa 100 test.<\/p>\n<p><strong>Come eseguire il test<\/strong><\/p>\n<p>Il test \u00e8 semplice. Utilizzando il flacone contagocce, si possono applicare alcune gocce della soluzione di nitrato d&#8217;argento su qualsiasi tipo di metallo. Se sono presenti cloruri, come il sale marino o il sale stradale, la soluzione reagisce con essi e produce un colore bianco lattiginoso.<\/p>\n<p><strong>Alcune applicazioni di questo test<\/strong><\/p>\n<p>Con questo test \u00e8 possibile, ad esempio, controllare lo spazio di carico vuoto delle navi marittime per verificare la presenza di residui di acqua di mare, ad esempio residui di sale marino. In questo modo \u00e8 possibile evitare che nuovi carichi metallici vengano contaminati dall&#8217;acqua di mare, causando ruggine e danni. Si raccomanda pertanto di avere sempre a bordo questo test di rilevamento dei cloruri (test al nitrato d&#8217;argento).<\/p>\n<p>Inoltre, \u00e8 possibile utilizzare questo test per verificare, ad esempio, la presenza di residui di sale sul metallo fornito. Ad esempio, il sale marino o il sale stradale potrebbero essere finiti sul metallo durante il trasporto.<\/p>\n<p><strong>Surfaces m\u00e9talliques adapt\u00e9es<\/strong><\/p>\n<p>Le kit de test de d\u00e9tection du sel TK21 convient \u00e0 une large gamme de m\u00e9taux, notamment l&#8217;acier, l&#8217;acier inoxydable, l&#8217;aluminium et les surfaces peintes. Pour tester les surfaces en zinc ou recouvertes de zinc, le kit d&#8217;extension TK21EX pour le zinc est n\u00e9cessaire en plus du kit de test de d\u00e9tection du sel TK21. Si vous souhaitez commander le kit d&#8217;extension TK21EX, il vous suffit de le mentionner dans le formulaire de devis.<\/p>\n<strong>Sfondo <\/strong>\nQuesto test rileva il cloro nel sale (cloruro di sodio). Questo test contiene nitrato d&#8217;argento come reagente ed \u00e8 quindi talvolta indicato come test del nitrato d&#8217;argento.\n<figure itemscope itemtype=\"https:\/\/schema.org\/ImageObject\">\n\t\t\t\t<img decoding=\"async\" src=\"https:\/\/www.matinspired.com\/wp-content\/uploads\/2025\/12\/TK21_Testkit_saltdetection-2-scaled.jpg\" alt=\"Read More\" height=\"1687\" width=\"2560\" title=\"TK21_Testkit_saltdetection\" onerror=\"this.style.display='none'\" loading=\"lazy\" \/>\n\t<\/figure>\n<figure itemscope itemtype=\"https:\/\/schema.org\/ImageObject\">\n\t\t\t\t<img decoding=\"async\" src=\"https:\/\/www.matinspired.com\/wp-content\/uploads\/2023\/05\/TK21-Salt-test-example-low-resolution-jpg.webp\" alt=\"If chlorides are present - such as sea salt or road salt - the solution will react with them and produce a milky white colour.\" height=\"680\" width=\"800\" title=\"TK21 Salt test example - low resolution\" onerror=\"this.style.display='none'\" loading=\"lazy\" \/>\n\t<\/figure>\n\t\t\t<a href=\"https:\/\/www.matinspired.com\/it\/richiesta-di-preventivo\/?artikel=TK21%20-%20Test%20di%20rilevamento%20del%20cloruro%20(test%20al%20nitruro%20d&#039;argento)&#038;aantal-other=1\"  target=\"_self\">\n\t\t\t\t\t\tRichiesta di preventivo\n\t\t\t\t\t<\/a>\n\t<p><em>L&#8217;ordinazione \u00e8 possibile solo per le aziende. Riceverai il nostro preventivo via e-mail entro uno o due giorni lavorativi. Dopo la tua accettazione del nostro preventivo, spediremo il kit di prova il pi\u00f9 velocemente possibile.<\/em><\/p>\n\t<p><i> Dichiarazione di non responsabilit\u00e0<br \/>\nNonostante questo prodotto sia stato compilato con la massima cura, MATinspired B.V. non pu\u00f2 essere ritenuto responsabile per i danni derivanti dall&#8217;uso o dal contatto con il prodotto. Questo metodo di misurazione \u00e8 solo un&#8217;indicazione e MATinspired B.V. non \u00e8 responsabile dei risultati dei test. <\/i><\/p>\n\n\n","protected":false},"excerpt":{"rendered":"<p>Test di rilevamento del sale &#8211; TK21 &nbsp; Sale Test di rilevamento &#8211; TK21 per il rilevamento di residui di sale marino o di sale stradale su metallo Questo test consente di rilevare tracce di sale sul metallo. Il sale pu\u00f2 provenire, ad esempio, dall&#8217;acqua di mare o dal sale stradale. Il sale spesso causa&#8230;<\/p>\n","protected":false},"author":3,"featured_media":0,"parent":0,"menu_order":0,"comment_status":"closed","ping_status":"closed","template":"","meta":{"footnotes":""},"class_list":["post-3755","page","type-page","status-publish","hentry"],"yoast_head":"<!-- This site is optimized with the Yoast SEO plugin v27.2 - https:\/\/yoast.com\/product\/yoast-seo-wordpress\/ -->\n<title>Kit di Rilevamento del Sale \/ Test al Nitrato d&#039;Argento - TK21<\/title>\n<meta name=\"description\" content=\"Rileva i residui di sale (cloruri) sulle superfici metalliche con il kit di test al nitrato d&#039;argento TK21. Previene la corrosione causata dall&#039;acqua di mare o dal sale antigelo. Veloce ed efficace.\" \/>\n<meta name=\"robots\" content=\"index, follow, max-snippet:-1, max-image-preview:large, max-video-preview:-1\" \/>\n<link rel=\"canonical\" href=\"https:\/\/www.matinspired.com\/it\/test-di-rilevamento-del-sale-tk21\/\" \/>\n<meta property=\"og:locale\" content=\"it_IT\" \/>\n<meta property=\"og:type\" content=\"article\" \/>\n<meta property=\"og:title\" content=\"Kit di Rilevamento del Sale \/ Test al Nitrato d&#039;Argento - TK21\" \/>\n<meta property=\"og:description\" content=\"Rileva i residui di sale (cloruri) sulle superfici metalliche con il kit di test al nitrato d&#039;argento TK21. Previene la corrosione causata dall&#039;acqua di mare o dal sale antigelo. Veloce ed efficace.\" \/>\n<meta property=\"og:url\" content=\"https:\/\/www.matinspired.com\/it\/test-di-rilevamento-del-sale-tk21\/\" \/>\n<meta property=\"og:site_name\" content=\"Matinspired.com\" \/>\n<meta property=\"article:modified_time\" content=\"2026-03-06T13:07:34+00:00\" \/>\n<meta property=\"og:image\" content=\"https:\/\/www.matinspired.com\/wp-content\/uploads\/2025\/12\/TK21_Testkit_saltdetection-2-scaled.jpg\" \/>\n<meta name=\"twitter:card\" content=\"summary_large_image\" \/>\n<meta name=\"twitter:site\" content=\"@MATinspired\" \/>\n<meta name=\"twitter:label1\" content=\"Tempo di lettura stimato\" \/>\n\t<meta name=\"twitter:data1\" content=\"2 minuti\" \/>\n<script type=\"application\/ld+json\" class=\"yoast-schema-graph\">{\"@context\":\"https:\/\/schema.org\",\"@graph\":[{\"@type\":\"WebPage\",\"@id\":\"https:\/\/www.matinspired.com\/it\/test-di-rilevamento-del-sale-tk21\/\",\"url\":\"https:\/\/www.matinspired.com\/it\/test-di-rilevamento-del-sale-tk21\/\",\"name\":\"Kit di Rilevamento del Sale \/ Test al Nitrato d'Argento - TK21\",\"isPartOf\":{\"@id\":\"https:\/\/www.matinspired.com\/it\/#website\"},\"primaryImageOfPage\":{\"@id\":\"https:\/\/www.matinspired.com\/it\/test-di-rilevamento-del-sale-tk21\/#primaryimage\"},\"image\":{\"@id\":\"https:\/\/www.matinspired.com\/it\/test-di-rilevamento-del-sale-tk21\/#primaryimage\"},\"thumbnailUrl\":\"https:\/\/www.matinspired.com\/wp-content\/uploads\/2025\/12\/TK21_Testkit_saltdetection-2-scaled.jpg\",\"datePublished\":\"2023-02-23T09:36:08+00:00\",\"dateModified\":\"2026-03-06T13:07:34+00:00\",\"description\":\"Rileva i residui di sale (cloruri) sulle superfici metalliche con il kit di test al nitrato d'argento TK21. Previene la corrosione causata dall'acqua di mare o dal sale antigelo. Veloce ed efficace.\",\"breadcrumb\":{\"@id\":\"https:\/\/www.matinspired.com\/it\/test-di-rilevamento-del-sale-tk21\/#breadcrumb\"},\"inLanguage\":\"it-IT\",\"potentialAction\":[{\"@type\":\"ReadAction\",\"target\":[\"https:\/\/www.matinspired.com\/it\/test-di-rilevamento-del-sale-tk21\/\"]}]},{\"@type\":\"ImageObject\",\"inLanguage\":\"it-IT\",\"@id\":\"https:\/\/www.matinspired.com\/it\/test-di-rilevamento-del-sale-tk21\/#primaryimage\",\"url\":\"https:\/\/www.matinspired.com\/wp-content\/uploads\/2025\/12\/TK21_Testkit_saltdetection-2-scaled.jpg\",\"contentUrl\":\"https:\/\/www.matinspired.com\/wp-content\/uploads\/2025\/12\/TK21_Testkit_saltdetection-2-scaled.jpg\"},{\"@type\":\"BreadcrumbList\",\"@id\":\"https:\/\/www.matinspired.com\/it\/test-di-rilevamento-del-sale-tk21\/#breadcrumb\",\"itemListElement\":[{\"@type\":\"ListItem\",\"position\":1,\"name\":\"Home\",\"item\":\"https:\/\/www.matinspired.com\/it\/\"},{\"@type\":\"ListItem\",\"position\":2,\"name\":\"Kit di Rilevamento del Sale \/ Test al Nitrato d&#8217;Argento &#8211; TK21\"}]},{\"@type\":\"WebSite\",\"@id\":\"https:\/\/www.matinspired.com\/it\/#website\",\"url\":\"https:\/\/www.matinspired.com\/it\/\",\"name\":\"Matinspired.com\",\"description\":\"Chromium-6 test kits and more\",\"publisher\":{\"@id\":\"https:\/\/www.matinspired.com\/it\/#organization\"},\"potentialAction\":[{\"@type\":\"SearchAction\",\"target\":{\"@type\":\"EntryPoint\",\"urlTemplate\":\"https:\/\/www.matinspired.com\/it\/?s={search_term_string}\"},\"query-input\":{\"@type\":\"PropertyValueSpecification\",\"valueRequired\":true,\"valueName\":\"search_term_string\"}}],\"inLanguage\":\"it-IT\"},{\"@type\":\"Organization\",\"@id\":\"https:\/\/www.matinspired.com\/it\/#organization\",\"name\":\"MATinspired B.V.\",\"url\":\"https:\/\/www.matinspired.com\/it\/\",\"logo\":{\"@type\":\"ImageObject\",\"inLanguage\":\"it-IT\",\"@id\":\"https:\/\/www.matinspired.com\/it\/#\/schema\/logo\/image\/\",\"url\":\"https:\/\/www.matinspired.com\/wp-content\/uploads\/2023\/03\/LogoMATinspiredPO-696x969-1.jpg\",\"contentUrl\":\"https:\/\/www.matinspired.com\/wp-content\/uploads\/2023\/03\/LogoMATinspiredPO-696x969-1.jpg\",\"width\":696,\"height\":696,\"caption\":\"MATinspired B.V.\"},\"image\":{\"@id\":\"https:\/\/www.matinspired.com\/it\/#\/schema\/logo\/image\/\"},\"sameAs\":[\"https:\/\/x.com\/MATinspired\"]}]}<\/script>\n<!-- \/ Yoast SEO plugin. -->","yoast_head_json":{"title":"Kit di Rilevamento del Sale \/ Test al Nitrato d'Argento - TK21","description":"Rileva i residui di sale (cloruri) sulle superfici metalliche con il kit di test al nitrato d'argento TK21. Previene la corrosione causata dall'acqua di mare o dal sale antigelo. Veloce ed efficace.","robots":{"index":"index","follow":"follow","max-snippet":"max-snippet:-1","max-image-preview":"max-image-preview:large","max-video-preview":"max-video-preview:-1"},"canonical":"https:\/\/www.matinspired.com\/it\/test-di-rilevamento-del-sale-tk21\/","og_locale":"it_IT","og_type":"article","og_title":"Kit di Rilevamento del Sale \/ Test al Nitrato d'Argento - TK21","og_description":"Rileva i residui di sale (cloruri) sulle superfici metalliche con il kit di test al nitrato d'argento TK21. Previene la corrosione causata dall'acqua di mare o dal sale antigelo. Veloce ed efficace.","og_url":"https:\/\/www.matinspired.com\/it\/test-di-rilevamento-del-sale-tk21\/","og_site_name":"Matinspired.com","article_modified_time":"2026-03-06T13:07:34+00:00","og_image":[{"url":"https:\/\/www.matinspired.com\/wp-content\/uploads\/2025\/12\/TK21_Testkit_saltdetection-2-scaled.jpg","type":"","width":"","height":""}],"twitter_card":"summary_large_image","twitter_site":"@MATinspired","twitter_misc":{"Tempo di lettura stimato":"2 minuti"},"schema":{"@context":"https:\/\/schema.org","@graph":[{"@type":"WebPage","@id":"https:\/\/www.matinspired.com\/it\/test-di-rilevamento-del-sale-tk21\/","url":"https:\/\/www.matinspired.com\/it\/test-di-rilevamento-del-sale-tk21\/","name":"Kit di Rilevamento del Sale \/ Test al Nitrato d'Argento - TK21","isPartOf":{"@id":"https:\/\/www.matinspired.com\/it\/#website"},"primaryImageOfPage":{"@id":"https:\/\/www.matinspired.com\/it\/test-di-rilevamento-del-sale-tk21\/#primaryimage"},"image":{"@id":"https:\/\/www.matinspired.com\/it\/test-di-rilevamento-del-sale-tk21\/#primaryimage"},"thumbnailUrl":"https:\/\/www.matinspired.com\/wp-content\/uploads\/2025\/12\/TK21_Testkit_saltdetection-2-scaled.jpg","datePublished":"2023-02-23T09:36:08+00:00","dateModified":"2026-03-06T13:07:34+00:00","description":"Rileva i residui di sale (cloruri) sulle superfici metalliche con il kit di test al nitrato d'argento TK21. Previene la corrosione causata dall'acqua di mare o dal sale antigelo. Veloce ed efficace.","breadcrumb":{"@id":"https:\/\/www.matinspired.com\/it\/test-di-rilevamento-del-sale-tk21\/#breadcrumb"},"inLanguage":"it-IT","potentialAction":[{"@type":"ReadAction","target":["https:\/\/www.matinspired.com\/it\/test-di-rilevamento-del-sale-tk21\/"]}]},{"@type":"ImageObject","inLanguage":"it-IT","@id":"https:\/\/www.matinspired.com\/it\/test-di-rilevamento-del-sale-tk21\/#primaryimage","url":"https:\/\/www.matinspired.com\/wp-content\/uploads\/2025\/12\/TK21_Testkit_saltdetection-2-scaled.jpg","contentUrl":"https:\/\/www.matinspired.com\/wp-content\/uploads\/2025\/12\/TK21_Testkit_saltdetection-2-scaled.jpg"},{"@type":"BreadcrumbList","@id":"https:\/\/www.matinspired.com\/it\/test-di-rilevamento-del-sale-tk21\/#breadcrumb","itemListElement":[{"@type":"ListItem","position":1,"name":"Home","item":"https:\/\/www.matinspired.com\/it\/"},{"@type":"ListItem","position":2,"name":"Kit di Rilevamento del Sale \/ Test al Nitrato d&#8217;Argento &#8211; TK21"}]},{"@type":"WebSite","@id":"https:\/\/www.matinspired.com\/it\/#website","url":"https:\/\/www.matinspired.com\/it\/","name":"Matinspired.com","description":"Chromium-6 test kits and more","publisher":{"@id":"https:\/\/www.matinspired.com\/it\/#organization"},"potentialAction":[{"@type":"SearchAction","target":{"@type":"EntryPoint","urlTemplate":"https:\/\/www.matinspired.com\/it\/?s={search_term_string}"},"query-input":{"@type":"PropertyValueSpecification","valueRequired":true,"valueName":"search_term_string"}}],"inLanguage":"it-IT"},{"@type":"Organization","@id":"https:\/\/www.matinspired.com\/it\/#organization","name":"MATinspired B.V.","url":"https:\/\/www.matinspired.com\/it\/","logo":{"@type":"ImageObject","inLanguage":"it-IT","@id":"https:\/\/www.matinspired.com\/it\/#\/schema\/logo\/image\/","url":"https:\/\/www.matinspired.com\/wp-content\/uploads\/2023\/03\/LogoMATinspiredPO-696x969-1.jpg","contentUrl":"https:\/\/www.matinspired.com\/wp-content\/uploads\/2023\/03\/LogoMATinspiredPO-696x969-1.jpg","width":696,"height":696,"caption":"MATinspired B.V."},"image":{"@id":"https:\/\/www.matinspired.com\/it\/#\/schema\/logo\/image\/"},"sameAs":["https:\/\/x.com\/MATinspired"]}]}},"jetpack_sharing_enabled":true,"_links":{"self":[{"href":"https:\/\/www.matinspired.com\/it\/wp-json\/wp\/v2\/pages\/3755","targetHints":{"allow":["GET"]}}],"collection":[{"href":"https:\/\/www.matinspired.com\/it\/wp-json\/wp\/v2\/pages"}],"about":[{"href":"https:\/\/www.matinspired.com\/it\/wp-json\/wp\/v2\/types\/page"}],"author":[{"embeddable":true,"href":"https:\/\/www.matinspired.com\/it\/wp-json\/wp\/v2\/users\/3"}],"replies":[{"embeddable":true,"href":"https:\/\/www.matinspired.com\/it\/wp-json\/wp\/v2\/comments?post=3755"}],"version-history":[{"count":4,"href":"https:\/\/www.matinspired.com\/it\/wp-json\/wp\/v2\/pages\/3755\/revisions"}],"predecessor-version":[{"id":74461,"href":"https:\/\/www.matinspired.com\/it\/wp-json\/wp\/v2\/pages\/3755\/revisions\/74461"}],"wp:attachment":[{"href":"https:\/\/www.matinspired.com\/it\/wp-json\/wp\/v2\/media?parent=3755"}],"curies":[{"name":"wp","href":"https:\/\/api.w.org\/{rel}","templated":true}]}}