{"id":3742,"date":"2023-03-16T11:43:50","date_gmt":"2023-03-16T10:43:50","guid":{"rendered":"https:\/\/www.matinspired.com\/303-stainless-steel-identification-testkit-tk14\/"},"modified":"2023-11-10T15:11:47","modified_gmt":"2023-11-10T14:11:47","slug":"303-stainless-steel-identification-testkit-tk14","status":"publish","type":"page","link":"https:\/\/www.matinspired.com\/it\/303-stainless-steel-identification-testkit-tk14\/","title":{"rendered":"Kit di test per l&#8217;identificazione dell&#8217;acciaio inossidabile 303 &#8211; TK14"},"content":{"rendered":"\n\n\t<h1><strong>Kit di test per l&#8217;identificazione dell&#8217;acciaio inossidabile 303 &#8211; TK14<\/strong><\/h1>\n<p>&nbsp;<\/p>\n\t\t\t\t<img decoding=\"async\" src=\"https:\/\/www.matinspired.com\/wp-content\/plugins\/bb-plugin\/img\/pixel.png\" alt=\"\" itemprop=\"image\" onerror=\"this.style.display='none'\"  \/>\n\t<h2><strong>Acciaio inox 303<br \/>\n<\/strong><strong>Kit per test di identificazione &#8211; TK14<br \/>\n<\/strong><em><strong><br \/>\n<\/strong><\/em><\/h2>\n<p>Questo kit di test consente di identificare facilmente l&#8217;acciaio inossidabile 303: se si tratta di un acciaio inossidabile 303, il test dar\u00e0 un risultato nero chiaro.<\/p>\n<p>Con questo kit \u00e8 possibile eseguire circa 30 test. Un test richiede solo due minuti.<\/p>\n\t<h3><strong>Utilizzo<\/strong><\/h3>\n<p>\u00c8 possibile testare facilmente e velocemente se il tuo acciaio inossidabile \u00e8 di tipo 303 o di un altro tipo, come ad esempio il 304: quando il tuo acciaio inossidabile \u00e8 di tipo 303, il test produce una chiara scoloritura nera. Questa scoloritura \u00e8 causata dalla presenza di zolfo nell&#8217;acciaio inossidabile 303. Con il tipo 304 (o 316), ad esempio, il test rimane bianco perch\u00e9 non contiene zolfo.<\/p>\n<strong>Background dell&#8217;acciaio inossidabile 303<br \/>\n<\/strong>\n<p>L&#8217;acciaio inossidabile 303 \u00e8 molto adatto per la lavorazione grazie all&#8217;aggiunta dell&#8217;elemento zolfo. Tuttavia, lo zolfo ha un effetto negativo sulla formabilit\u00e0, saldabilit\u00e0 e resistenza alla corrosione. L&#8217;acciaio inossidabile 304 (e 316) non contiene zolfo. Di conseguenza, l&#8217;acciaio inossidabile 304 ha una buona resistenza alla corrosione ed \u00e8 facile da saldare.<\/p>\n\t\t\t\t<img loading=\"lazy\" decoding=\"async\" src=\"https:\/\/www.matinspired.com\/wp-content\/uploads\/2023\/03\/IMG_8358-1024x683-1.jpg\" alt=\"303 Stainless Steel Identification Test Kit - TK14\" itemprop=\"image\" height=\"683\" width=\"1024\" title=\"IMG_8358-1024x683\" onerror=\"this.style.display='none'\"  \/>\n\t\t\t<a href=\"https:\/\/www.matinspired.com\/it\/richiesta-di-preventivo\/?artikel=TK14 - Kit di test per l'identificazione dell'acciaio inossidabile 303&#038;aantal-other=1\" target=\"_self\" rel=\"noopener\">\n\t\t\t\t\t\tRichiesta di preventivo\n\t\t\t\t\t<\/a>\n\t<p><em>L&#8217;ordinazione \u00e8 possibile solo per le aziende. Riceverai il nostro preventivo via e-mail entro uno o due giorni lavorativi. Dopo la tua accettazione del nostro preventivo, spediremo il kit di prova il pi\u00f9 velocemente possibile.<\/em><\/p>\n\t<p><i> Dichiarazione di non responsabilit\u00e0<br \/>\nNonostante questo prodotto sia stato compilato con la massima cura, MATinspired B.V. non pu\u00f2 essere ritenuto responsabile per i danni derivanti dall&#8217;uso o dal contatto con il prodotto. Questo metodo di misurazione \u00e8 solo un&#8217;indicazione e MATinspired B.V. non \u00e8 responsabile dei risultati dei test. <\/i><\/p>\n\n\n","protected":false},"excerpt":{"rendered":"<p>Kit di test per l&#8217;identificazione dell&#8217;acciaio inossidabile 303 &#8211; TK14 &nbsp; Acciaio inox 303 Kit per test di identificazione &#8211; TK14 Questo kit di test consente di identificare facilmente l&#8217;acciaio inossidabile 303: se si tratta di un acciaio inossidabile 303, il test dar\u00e0 un risultato nero chiaro. Con questo kit \u00e8 possibile eseguire circa 30&#8230;<\/p>\n","protected":false},"author":3,"featured_media":0,"parent":0,"menu_order":0,"comment_status":"closed","ping_status":"closed","template":"","meta":{"footnotes":""},"class_list":["post-3742","page","type-page","status-publish","hentry"],"yoast_head":"<!-- This site is optimized with the Yoast SEO plugin v27.2 - https:\/\/yoast.com\/product\/yoast-seo-wordpress\/ -->\n<title>Kit di test per l&#039;identificazione dell&#039;acciaio inossidabile 303 - TK14 - Matinspired.com<\/title>\n<meta name=\"description\" content=\"This test kit allows you to easily identify 303 stainless steel: if you have a 303 stainless steel the test will give a clear black result.\" \/>\n<meta name=\"robots\" content=\"index, follow, max-snippet:-1, max-image-preview:large, max-video-preview:-1\" \/>\n<link rel=\"canonical\" href=\"https:\/\/www.matinspired.com\/it\/303-stainless-steel-identification-testkit-tk14\/\" \/>\n<meta property=\"og:locale\" content=\"it_IT\" \/>\n<meta property=\"og:type\" content=\"article\" \/>\n<meta property=\"og:title\" content=\"Kit di test per l&#039;identificazione dell&#039;acciaio inossidabile 303 - TK14 - Matinspired.com\" \/>\n<meta property=\"og:description\" content=\"This test kit allows you to easily identify 303 stainless steel: if you have a 303 stainless steel the test will give a clear black result.\" \/>\n<meta property=\"og:url\" content=\"https:\/\/www.matinspired.com\/it\/303-stainless-steel-identification-testkit-tk14\/\" \/>\n<meta property=\"og:site_name\" content=\"Matinspired.com\" \/>\n<meta property=\"article:modified_time\" content=\"2023-11-10T14:11:47+00:00\" \/>\n<meta property=\"og:image\" content=\"https:\/\/www.matinspired.com\/wp-content\/plugins\/bb-plugin\/img\/pixel.png\" \/>\n<meta name=\"twitter:card\" content=\"summary_large_image\" \/>\n<meta name=\"twitter:site\" content=\"@MATinspired\" \/>\n<meta name=\"twitter:label1\" content=\"Tempo di lettura stimato\" \/>\n\t<meta name=\"twitter:data1\" content=\"2 minuti\" \/>\n<script type=\"application\/ld+json\" class=\"yoast-schema-graph\">{\"@context\":\"https:\/\/schema.org\",\"@graph\":[{\"@type\":\"WebPage\",\"@id\":\"https:\/\/www.matinspired.com\/it\/303-stainless-steel-identification-testkit-tk14\/\",\"url\":\"https:\/\/www.matinspired.com\/it\/303-stainless-steel-identification-testkit-tk14\/\",\"name\":\"Kit di test per l'identificazione dell'acciaio inossidabile 303 - TK14 - Matinspired.com\",\"isPartOf\":{\"@id\":\"https:\/\/www.matinspired.com\/it\/#website\"},\"primaryImageOfPage\":{\"@id\":\"https:\/\/www.matinspired.com\/it\/303-stainless-steel-identification-testkit-tk14\/#primaryimage\"},\"image\":{\"@id\":\"https:\/\/www.matinspired.com\/it\/303-stainless-steel-identification-testkit-tk14\/#primaryimage\"},\"thumbnailUrl\":\"https:\/\/www.matinspired.com\/wp-content\/plugins\/bb-plugin\/img\/pixel.png\",\"datePublished\":\"2023-03-16T10:43:50+00:00\",\"dateModified\":\"2023-11-10T14:11:47+00:00\",\"description\":\"This test kit allows you to easily identify 303 stainless steel: if you have a 303 stainless steel the test will give a clear black result.\",\"breadcrumb\":{\"@id\":\"https:\/\/www.matinspired.com\/it\/303-stainless-steel-identification-testkit-tk14\/#breadcrumb\"},\"inLanguage\":\"it-IT\",\"potentialAction\":[{\"@type\":\"ReadAction\",\"target\":[\"https:\/\/www.matinspired.com\/it\/303-stainless-steel-identification-testkit-tk14\/\"]}]},{\"@type\":\"ImageObject\",\"inLanguage\":\"it-IT\",\"@id\":\"https:\/\/www.matinspired.com\/it\/303-stainless-steel-identification-testkit-tk14\/#primaryimage\",\"url\":\"https:\/\/www.matinspired.com\/wp-content\/plugins\/bb-plugin\/img\/pixel.png\",\"contentUrl\":\"https:\/\/www.matinspired.com\/wp-content\/plugins\/bb-plugin\/img\/pixel.png\"},{\"@type\":\"BreadcrumbList\",\"@id\":\"https:\/\/www.matinspired.com\/it\/303-stainless-steel-identification-testkit-tk14\/#breadcrumb\",\"itemListElement\":[{\"@type\":\"ListItem\",\"position\":1,\"name\":\"Home\",\"item\":\"https:\/\/www.matinspired.com\/it\/\"},{\"@type\":\"ListItem\",\"position\":2,\"name\":\"Kit di test per l&#8217;identificazione dell&#8217;acciaio inossidabile 303 &#8211; TK14\"}]},{\"@type\":\"WebSite\",\"@id\":\"https:\/\/www.matinspired.com\/it\/#website\",\"url\":\"https:\/\/www.matinspired.com\/it\/\",\"name\":\"Matinspired.com\",\"description\":\"Chromium-6 test kits and more\",\"publisher\":{\"@id\":\"https:\/\/www.matinspired.com\/it\/#organization\"},\"potentialAction\":[{\"@type\":\"SearchAction\",\"target\":{\"@type\":\"EntryPoint\",\"urlTemplate\":\"https:\/\/www.matinspired.com\/it\/?s={search_term_string}\"},\"query-input\":{\"@type\":\"PropertyValueSpecification\",\"valueRequired\":true,\"valueName\":\"search_term_string\"}}],\"inLanguage\":\"it-IT\"},{\"@type\":\"Organization\",\"@id\":\"https:\/\/www.matinspired.com\/it\/#organization\",\"name\":\"MATinspired B.V.\",\"url\":\"https:\/\/www.matinspired.com\/it\/\",\"logo\":{\"@type\":\"ImageObject\",\"inLanguage\":\"it-IT\",\"@id\":\"https:\/\/www.matinspired.com\/it\/#\/schema\/logo\/image\/\",\"url\":\"https:\/\/www.matinspired.com\/wp-content\/uploads\/2023\/03\/LogoMATinspiredPO-696x969-1.jpg\",\"contentUrl\":\"https:\/\/www.matinspired.com\/wp-content\/uploads\/2023\/03\/LogoMATinspiredPO-696x969-1.jpg\",\"width\":696,\"height\":696,\"caption\":\"MATinspired B.V.\"},\"image\":{\"@id\":\"https:\/\/www.matinspired.com\/it\/#\/schema\/logo\/image\/\"},\"sameAs\":[\"https:\/\/x.com\/MATinspired\"]}]}<\/script>\n<!-- \/ Yoast SEO plugin. -->","yoast_head_json":{"title":"Kit di test per l'identificazione dell'acciaio inossidabile 303 - TK14 - Matinspired.com","description":"This test kit allows you to easily identify 303 stainless steel: if you have a 303 stainless steel the test will give a clear black result.","robots":{"index":"index","follow":"follow","max-snippet":"max-snippet:-1","max-image-preview":"max-image-preview:large","max-video-preview":"max-video-preview:-1"},"canonical":"https:\/\/www.matinspired.com\/it\/303-stainless-steel-identification-testkit-tk14\/","og_locale":"it_IT","og_type":"article","og_title":"Kit di test per l'identificazione dell'acciaio inossidabile 303 - TK14 - Matinspired.com","og_description":"This test kit allows you to easily identify 303 stainless steel: if you have a 303 stainless steel the test will give a clear black result.","og_url":"https:\/\/www.matinspired.com\/it\/303-stainless-steel-identification-testkit-tk14\/","og_site_name":"Matinspired.com","article_modified_time":"2023-11-10T14:11:47+00:00","og_image":[{"url":"https:\/\/www.matinspired.com\/wp-content\/plugins\/bb-plugin\/img\/pixel.png","type":"","width":"","height":""}],"twitter_card":"summary_large_image","twitter_site":"@MATinspired","twitter_misc":{"Tempo di lettura stimato":"2 minuti"},"schema":{"@context":"https:\/\/schema.org","@graph":[{"@type":"WebPage","@id":"https:\/\/www.matinspired.com\/it\/303-stainless-steel-identification-testkit-tk14\/","url":"https:\/\/www.matinspired.com\/it\/303-stainless-steel-identification-testkit-tk14\/","name":"Kit di test per l'identificazione dell'acciaio inossidabile 303 - TK14 - Matinspired.com","isPartOf":{"@id":"https:\/\/www.matinspired.com\/it\/#website"},"primaryImageOfPage":{"@id":"https:\/\/www.matinspired.com\/it\/303-stainless-steel-identification-testkit-tk14\/#primaryimage"},"image":{"@id":"https:\/\/www.matinspired.com\/it\/303-stainless-steel-identification-testkit-tk14\/#primaryimage"},"thumbnailUrl":"https:\/\/www.matinspired.com\/wp-content\/plugins\/bb-plugin\/img\/pixel.png","datePublished":"2023-03-16T10:43:50+00:00","dateModified":"2023-11-10T14:11:47+00:00","description":"This test kit allows you to easily identify 303 stainless steel: if you have a 303 stainless steel the test will give a clear black result.","breadcrumb":{"@id":"https:\/\/www.matinspired.com\/it\/303-stainless-steel-identification-testkit-tk14\/#breadcrumb"},"inLanguage":"it-IT","potentialAction":[{"@type":"ReadAction","target":["https:\/\/www.matinspired.com\/it\/303-stainless-steel-identification-testkit-tk14\/"]}]},{"@type":"ImageObject","inLanguage":"it-IT","@id":"https:\/\/www.matinspired.com\/it\/303-stainless-steel-identification-testkit-tk14\/#primaryimage","url":"https:\/\/www.matinspired.com\/wp-content\/plugins\/bb-plugin\/img\/pixel.png","contentUrl":"https:\/\/www.matinspired.com\/wp-content\/plugins\/bb-plugin\/img\/pixel.png"},{"@type":"BreadcrumbList","@id":"https:\/\/www.matinspired.com\/it\/303-stainless-steel-identification-testkit-tk14\/#breadcrumb","itemListElement":[{"@type":"ListItem","position":1,"name":"Home","item":"https:\/\/www.matinspired.com\/it\/"},{"@type":"ListItem","position":2,"name":"Kit di test per l&#8217;identificazione dell&#8217;acciaio inossidabile 303 &#8211; TK14"}]},{"@type":"WebSite","@id":"https:\/\/www.matinspired.com\/it\/#website","url":"https:\/\/www.matinspired.com\/it\/","name":"Matinspired.com","description":"Chromium-6 test kits and more","publisher":{"@id":"https:\/\/www.matinspired.com\/it\/#organization"},"potentialAction":[{"@type":"SearchAction","target":{"@type":"EntryPoint","urlTemplate":"https:\/\/www.matinspired.com\/it\/?s={search_term_string}"},"query-input":{"@type":"PropertyValueSpecification","valueRequired":true,"valueName":"search_term_string"}}],"inLanguage":"it-IT"},{"@type":"Organization","@id":"https:\/\/www.matinspired.com\/it\/#organization","name":"MATinspired B.V.","url":"https:\/\/www.matinspired.com\/it\/","logo":{"@type":"ImageObject","inLanguage":"it-IT","@id":"https:\/\/www.matinspired.com\/it\/#\/schema\/logo\/image\/","url":"https:\/\/www.matinspired.com\/wp-content\/uploads\/2023\/03\/LogoMATinspiredPO-696x969-1.jpg","contentUrl":"https:\/\/www.matinspired.com\/wp-content\/uploads\/2023\/03\/LogoMATinspiredPO-696x969-1.jpg","width":696,"height":696,"caption":"MATinspired B.V."},"image":{"@id":"https:\/\/www.matinspired.com\/it\/#\/schema\/logo\/image\/"},"sameAs":["https:\/\/x.com\/MATinspired"]}]}},"jetpack_sharing_enabled":true,"_links":{"self":[{"href":"https:\/\/www.matinspired.com\/it\/wp-json\/wp\/v2\/pages\/3742","targetHints":{"allow":["GET"]}}],"collection":[{"href":"https:\/\/www.matinspired.com\/it\/wp-json\/wp\/v2\/pages"}],"about":[{"href":"https:\/\/www.matinspired.com\/it\/wp-json\/wp\/v2\/types\/page"}],"author":[{"embeddable":true,"href":"https:\/\/www.matinspired.com\/it\/wp-json\/wp\/v2\/users\/3"}],"replies":[{"embeddable":true,"href":"https:\/\/www.matinspired.com\/it\/wp-json\/wp\/v2\/comments?post=3742"}],"version-history":[{"count":0,"href":"https:\/\/www.matinspired.com\/it\/wp-json\/wp\/v2\/pages\/3742\/revisions"}],"wp:attachment":[{"href":"https:\/\/www.matinspired.com\/it\/wp-json\/wp\/v2\/media?parent=3742"}],"curies":[{"name":"wp","href":"https:\/\/api.w.org\/{rel}","templated":true}]}}