{"id":3737,"date":"2023-02-15T12:00:44","date_gmt":"2023-02-15T11:00:44","guid":{"rendered":"https:\/\/www.matinspired.com\/ferroxyl-test-tk13\/"},"modified":"2026-01-26T11:53:27","modified_gmt":"2026-01-26T10:53:27","slug":"ferroxyl-test-tk13","status":"publish","type":"page","link":"https:\/\/www.matinspired.com\/it\/ferroxyl-test-tk13\/","title":{"rendered":"Kit di prova Ferroxyl per l\u2019identificazione del ferro libero \u2013 TK13"},"content":{"rendered":"\r\n\r\n\t<h1><strong>Kit per il test del ferroxil &#8211; TK13<\/strong><\/h1>\r\n\t<strong>Ferroxyl<br \/>\r\nKit di test &#8211; TK13<br \/>\r\n<\/strong><em><strong>per l&#8217;identificazione del ferro libero secondo la norma ASTM A380<\/strong><\/em>\r\n<p>Il ferro libero sulla superficie del tuo metallo in acciaio inossidabile pu\u00f2 portare alla ruggine. La presenza di ferro libero pu\u00f2 essere il risultato, ad esempio, di limature che sono cadute sul tuo metallo, oppure perch\u00e9 il tuo acciaio inossidabile non \u00e8 stato adeguatamente passivato, come dopo la saldatura.<\/p>\r\n<p>Vuoi verificare se il tuo acciaio inossidabile non contiene ferro libero? Allora utilizza il nostro professionale Kit di prova Ferroxyl per ottenere un risultato rapido e affidabile. Il tuo test avr\u00e0 un risultato blu chiaro quando \u00e8 presente ferro libero sulla superficie del tuo materiale.<\/p>\r\n<p>Questo kit di prova contiene 100 test. Il test ferroxyl viene eseguito secondo lo standard\u00a0<a href=\"https:\/\/www.astm.org\/Standards\/A380.htm\" target=\"_blank\" rel=\"noopener noreferrer\">ASTM A380<\/a>.<\/p>\r\n<p>Il kit di prova \u00e8 fornito con un manuale in inglese e schede di dati di sicurezza.<\/p>\r\n<p>&nbsp;<\/p>\r\n\t<p><em>esempio di test al ferroxil su una saldatura in acciaio inox non sufficientemente passivata<\/em><\/p>\r\n\t<p><em>esempio di test ferroxilico per ferro libero su acciaio inossidabile<\/em><\/p>\r\n\t\t<iframe loading=\"lazy\" title=\"Instruction video MATinspired Ferroxyl Testkit - TK13\" width=\"640\" height=\"360\" src=\"https:\/\/www.youtube.com\/embed\/OPYvgfvrB4U?feature=oembed\" frameborder=\"0\" allow=\"accelerometer; autoplay; clipboard-write; encrypted-media; gyroscope; picture-in-picture; web-share\" allowfullscreen><\/iframe>\t\r\n\t<h3><strong>Utilizzo<\/strong><\/h3>\r\n<p>Con questo kit di prova \u00e8 possibile verificare la presenza di ferro libero nell&#8217;acciaio inossidabile. In questo modo \u00e8 possibile verificare se il metallo \u00e8 resistente alla corrosione e quindi evitare reclami sui materiali e danni ai prodotti.<\/p>\r\n<p>Pu\u00f2 essere utilizzato, ad esempio, per gli acciai inossidabili austenitici delle serie 200 e 300, come il 304 e il 316. Ad esempio, \u00e8 possibile verificare se questo acciaio \u00e8 sufficientemente decapato e passivato.<\/p>\r\n<p>Quando il ferro libero \u00e8 presente sulla superficie dell&#8217;acciaio inossidabile, il test avr\u00e0 un risultato blu chiaro. Il test del ferrossido viene eseguito secondo lo standard <a href=\"https:\/\/www.astm.org\/Standards\/A380.htm\" target=\"_blank\" rel=\"noopener noreferrer\">ASTM A380<\/a>.<\/p>\r\n\t\t\t\t<img decoding=\"async\" src=\"https:\/\/www.matinspired.nl\/wp-content\/uploads\/2016\/05\/IMG_8397-scaled.jpg\" alt=\"IMG_8397-scaled.jpg\" itemprop=\"image\" title=\"IMG_8397-scaled.jpg\" onerror=\"this.style.display='none'\" loading='lazy' \/>\r\n\t\t\t<a href=\"https:\/\/www.matinspired.com\/it\/richiesta-di-preventivo\/?artikel=TK13.%20-%20Kit%20per%20il%20test%20del%20ferroxil&#038;aantal-other=1\" target=\"_self\">\r\n\t\t\t\t\t\tRichiesta di preventivo\r\n\t\t\t\t\t<\/a>\r\n\t<p><em>Gli ordini del kit per il test del ferroxyl sono possibili solo per le aziende in Europa e nel Regno Unito.<\/em><\/p>\r\n<p><em>Riceverai il nostro preventivo via e-mail entro uno o due giorni lavorativi. Dopo la tua accettazione del nostro preventivo, spediremo il kit di prova il pi\u00f9 velocemente possibile.<\/em><\/p>\r\n\t<p><i> Dichiarazione di non responsabilit\u00e0<br \/>\nNonostante questo prodotto sia stato compilato con la massima cura, MATinspired B.V. non pu\u00f2 essere ritenuto responsabile per i danni derivanti dall&#8217;uso o dal contatto con il prodotto. Questo metodo di misurazione \u00e8 solo un&#8217;indicazione e MATinspired B.V. non \u00e8 responsabile dei risultati dei test. <\/i><\/p>\n\r\n\r\n","protected":false},"excerpt":{"rendered":"<p>Kit per il test del ferroxil &#8211; TK13 Ferroxyl Kit di test &#8211; TK13 per l&#8217;identificazione del ferro libero secondo la norma ASTM A380 Il ferro libero sulla superficie del tuo metallo in acciaio inossidabile pu\u00f2 portare alla ruggine. La presenza di ferro libero pu\u00f2 essere il risultato, ad esempio, di limature che sono cadute&#8230;<\/p>\n","protected":false},"author":3,"featured_media":0,"parent":0,"menu_order":0,"comment_status":"closed","ping_status":"closed","template":"","meta":{"footnotes":""},"class_list":["post-3737","page","type-page","status-publish","hentry"],"yoast_head":"<!-- This site is optimized with the Yoast SEO plugin v27.6 - https:\/\/yoast.com\/product\/yoast-seo-wordpress\/ -->\n<title>Kit di prova Ferroxyl per l\u2019identificazione del ferro libero \u2013 TK13<\/title>\n<meta name=\"description\" content=\"Il kit di prova Ferroxyl consente di rilevare la presenza di ferro libero nell\u2019acciaio inossidabile. La presenza di ferro libero si manifesta con una colorazione blu. Il kit \u00e8 conforme alla norma ASTM A380.\" \/>\n<meta name=\"robots\" content=\"index, follow, max-snippet:-1, max-image-preview:large, max-video-preview:-1\" \/>\n<link rel=\"canonical\" href=\"https:\/\/www.matinspired.com\/it\/ferroxyl-test-tk13\/\" \/>\n<meta property=\"og:locale\" content=\"it_IT\" \/>\n<meta property=\"og:type\" content=\"article\" \/>\n<meta property=\"og:title\" content=\"Kit di prova Ferroxyl per l\u2019identificazione del ferro libero \u2013 TK13\" \/>\n<meta property=\"og:description\" content=\"Il kit di prova Ferroxyl consente di rilevare la presenza di ferro libero nell\u2019acciaio inossidabile. La presenza di ferro libero si manifesta con una colorazione blu. Il kit \u00e8 conforme alla norma ASTM A380.\" \/>\n<meta property=\"og:url\" content=\"https:\/\/www.matinspired.com\/it\/ferroxyl-test-tk13\/\" \/>\n<meta property=\"og:site_name\" content=\"Matinspired.com\" \/>\n<meta property=\"article:modified_time\" content=\"2026-01-26T10:53:27+00:00\" \/>\n<meta property=\"og:image\" content=\"https:\/\/www.matinspired.nl\/wp-content\/uploads\/2016\/05\/IMG_8397-scaled.jpg\" \/>\n<meta name=\"twitter:card\" content=\"summary_large_image\" \/>\n<meta name=\"twitter:site\" content=\"@MATinspired\" \/>\n<meta name=\"twitter:label1\" content=\"Tempo di lettura stimato\" \/>\n\t<meta name=\"twitter:data1\" content=\"3 minuti\" \/>\n<script type=\"application\/ld+json\" class=\"yoast-schema-graph\">{\"@context\":\"https:\\\/\\\/schema.org\",\"@graph\":[{\"@type\":\"WebPage\",\"@id\":\"https:\\\/\\\/www.matinspired.com\\\/it\\\/ferroxyl-test-tk13\\\/\",\"url\":\"https:\\\/\\\/www.matinspired.com\\\/it\\\/ferroxyl-test-tk13\\\/\",\"name\":\"Kit di prova Ferroxyl per l\u2019identificazione del ferro libero \u2013 TK13\",\"isPartOf\":{\"@id\":\"https:\\\/\\\/www.matinspired.com\\\/it\\\/#website\"},\"primaryImageOfPage\":{\"@id\":\"https:\\\/\\\/www.matinspired.com\\\/it\\\/ferroxyl-test-tk13\\\/#primaryimage\"},\"image\":{\"@id\":\"https:\\\/\\\/www.matinspired.com\\\/it\\\/ferroxyl-test-tk13\\\/#primaryimage\"},\"thumbnailUrl\":\"https:\\\/\\\/www.matinspired.nl\\\/wp-content\\\/uploads\\\/2016\\\/05\\\/IMG_8397-scaled.jpg\",\"datePublished\":\"2023-02-15T11:00:44+00:00\",\"dateModified\":\"2026-01-26T10:53:27+00:00\",\"description\":\"Il kit di prova Ferroxyl consente di rilevare la presenza di ferro libero nell\u2019acciaio inossidabile. La presenza di ferro libero si manifesta con una colorazione blu. Il kit \u00e8 conforme alla norma ASTM A380.\",\"breadcrumb\":{\"@id\":\"https:\\\/\\\/www.matinspired.com\\\/it\\\/ferroxyl-test-tk13\\\/#breadcrumb\"},\"inLanguage\":\"it-IT\",\"potentialAction\":[{\"@type\":\"ReadAction\",\"target\":[\"https:\\\/\\\/www.matinspired.com\\\/it\\\/ferroxyl-test-tk13\\\/\"]}]},{\"@type\":\"ImageObject\",\"inLanguage\":\"it-IT\",\"@id\":\"https:\\\/\\\/www.matinspired.com\\\/it\\\/ferroxyl-test-tk13\\\/#primaryimage\",\"url\":\"https:\\\/\\\/www.matinspired.nl\\\/wp-content\\\/uploads\\\/2016\\\/05\\\/IMG_8397-scaled.jpg\",\"contentUrl\":\"https:\\\/\\\/www.matinspired.nl\\\/wp-content\\\/uploads\\\/2016\\\/05\\\/IMG_8397-scaled.jpg\"},{\"@type\":\"BreadcrumbList\",\"@id\":\"https:\\\/\\\/www.matinspired.com\\\/it\\\/ferroxyl-test-tk13\\\/#breadcrumb\",\"itemListElement\":[{\"@type\":\"ListItem\",\"position\":1,\"name\":\"Home\",\"item\":\"https:\\\/\\\/www.matinspired.com\\\/it\\\/\"},{\"@type\":\"ListItem\",\"position\":2,\"name\":\"Kit di prova Ferroxyl per l\u2019identificazione del ferro libero \u2013 TK13\"}]},{\"@type\":\"WebSite\",\"@id\":\"https:\\\/\\\/www.matinspired.com\\\/it\\\/#website\",\"url\":\"https:\\\/\\\/www.matinspired.com\\\/it\\\/\",\"name\":\"Matinspired.com\",\"description\":\"Chromium-6 test kits and more\",\"publisher\":{\"@id\":\"https:\\\/\\\/www.matinspired.com\\\/it\\\/#organization\"},\"potentialAction\":[{\"@type\":\"SearchAction\",\"target\":{\"@type\":\"EntryPoint\",\"urlTemplate\":\"https:\\\/\\\/www.matinspired.com\\\/it\\\/?s={search_term_string}\"},\"query-input\":{\"@type\":\"PropertyValueSpecification\",\"valueRequired\":true,\"valueName\":\"search_term_string\"}}],\"inLanguage\":\"it-IT\"},{\"@type\":\"Organization\",\"@id\":\"https:\\\/\\\/www.matinspired.com\\\/it\\\/#organization\",\"name\":\"MATinspired B.V.\",\"url\":\"https:\\\/\\\/www.matinspired.com\\\/it\\\/\",\"logo\":{\"@type\":\"ImageObject\",\"inLanguage\":\"it-IT\",\"@id\":\"https:\\\/\\\/www.matinspired.com\\\/it\\\/#\\\/schema\\\/logo\\\/image\\\/\",\"url\":\"https:\\\/\\\/www.matinspired.com\\\/wp-content\\\/uploads\\\/2023\\\/03\\\/LogoMATinspiredPO-696x969-1.jpg\",\"contentUrl\":\"https:\\\/\\\/www.matinspired.com\\\/wp-content\\\/uploads\\\/2023\\\/03\\\/LogoMATinspiredPO-696x969-1.jpg\",\"width\":696,\"height\":696,\"caption\":\"MATinspired B.V.\"},\"image\":{\"@id\":\"https:\\\/\\\/www.matinspired.com\\\/it\\\/#\\\/schema\\\/logo\\\/image\\\/\"},\"sameAs\":[\"https:\\\/\\\/x.com\\\/MATinspired\"]}]}<\/script>\n<!-- \/ Yoast SEO plugin. -->","yoast_head_json":{"title":"Kit di prova Ferroxyl per l\u2019identificazione del ferro libero \u2013 TK13","description":"Il kit di prova Ferroxyl consente di rilevare la presenza di ferro libero nell\u2019acciaio inossidabile. La presenza di ferro libero si manifesta con una colorazione blu. Il kit \u00e8 conforme alla norma ASTM A380.","robots":{"index":"index","follow":"follow","max-snippet":"max-snippet:-1","max-image-preview":"max-image-preview:large","max-video-preview":"max-video-preview:-1"},"canonical":"https:\/\/www.matinspired.com\/it\/ferroxyl-test-tk13\/","og_locale":"it_IT","og_type":"article","og_title":"Kit di prova Ferroxyl per l\u2019identificazione del ferro libero \u2013 TK13","og_description":"Il kit di prova Ferroxyl consente di rilevare la presenza di ferro libero nell\u2019acciaio inossidabile. La presenza di ferro libero si manifesta con una colorazione blu. Il kit \u00e8 conforme alla norma ASTM A380.","og_url":"https:\/\/www.matinspired.com\/it\/ferroxyl-test-tk13\/","og_site_name":"Matinspired.com","article_modified_time":"2026-01-26T10:53:27+00:00","og_image":[{"url":"https:\/\/www.matinspired.nl\/wp-content\/uploads\/2016\/05\/IMG_8397-scaled.jpg","type":"","width":"","height":""}],"twitter_card":"summary_large_image","twitter_site":"@MATinspired","twitter_misc":{"Tempo di lettura stimato":"3 minuti"},"schema":{"@context":"https:\/\/schema.org","@graph":[{"@type":"WebPage","@id":"https:\/\/www.matinspired.com\/it\/ferroxyl-test-tk13\/","url":"https:\/\/www.matinspired.com\/it\/ferroxyl-test-tk13\/","name":"Kit di prova Ferroxyl per l\u2019identificazione del ferro libero \u2013 TK13","isPartOf":{"@id":"https:\/\/www.matinspired.com\/it\/#website"},"primaryImageOfPage":{"@id":"https:\/\/www.matinspired.com\/it\/ferroxyl-test-tk13\/#primaryimage"},"image":{"@id":"https:\/\/www.matinspired.com\/it\/ferroxyl-test-tk13\/#primaryimage"},"thumbnailUrl":"https:\/\/www.matinspired.nl\/wp-content\/uploads\/2016\/05\/IMG_8397-scaled.jpg","datePublished":"2023-02-15T11:00:44+00:00","dateModified":"2026-01-26T10:53:27+00:00","description":"Il kit di prova Ferroxyl consente di rilevare la presenza di ferro libero nell\u2019acciaio inossidabile. La presenza di ferro libero si manifesta con una colorazione blu. Il kit \u00e8 conforme alla norma ASTM A380.","breadcrumb":{"@id":"https:\/\/www.matinspired.com\/it\/ferroxyl-test-tk13\/#breadcrumb"},"inLanguage":"it-IT","potentialAction":[{"@type":"ReadAction","target":["https:\/\/www.matinspired.com\/it\/ferroxyl-test-tk13\/"]}]},{"@type":"ImageObject","inLanguage":"it-IT","@id":"https:\/\/www.matinspired.com\/it\/ferroxyl-test-tk13\/#primaryimage","url":"https:\/\/www.matinspired.nl\/wp-content\/uploads\/2016\/05\/IMG_8397-scaled.jpg","contentUrl":"https:\/\/www.matinspired.nl\/wp-content\/uploads\/2016\/05\/IMG_8397-scaled.jpg"},{"@type":"BreadcrumbList","@id":"https:\/\/www.matinspired.com\/it\/ferroxyl-test-tk13\/#breadcrumb","itemListElement":[{"@type":"ListItem","position":1,"name":"Home","item":"https:\/\/www.matinspired.com\/it\/"},{"@type":"ListItem","position":2,"name":"Kit di prova Ferroxyl per l\u2019identificazione del ferro libero \u2013 TK13"}]},{"@type":"WebSite","@id":"https:\/\/www.matinspired.com\/it\/#website","url":"https:\/\/www.matinspired.com\/it\/","name":"Matinspired.com","description":"Chromium-6 test kits and more","publisher":{"@id":"https:\/\/www.matinspired.com\/it\/#organization"},"potentialAction":[{"@type":"SearchAction","target":{"@type":"EntryPoint","urlTemplate":"https:\/\/www.matinspired.com\/it\/?s={search_term_string}"},"query-input":{"@type":"PropertyValueSpecification","valueRequired":true,"valueName":"search_term_string"}}],"inLanguage":"it-IT"},{"@type":"Organization","@id":"https:\/\/www.matinspired.com\/it\/#organization","name":"MATinspired B.V.","url":"https:\/\/www.matinspired.com\/it\/","logo":{"@type":"ImageObject","inLanguage":"it-IT","@id":"https:\/\/www.matinspired.com\/it\/#\/schema\/logo\/image\/","url":"https:\/\/www.matinspired.com\/wp-content\/uploads\/2023\/03\/LogoMATinspiredPO-696x969-1.jpg","contentUrl":"https:\/\/www.matinspired.com\/wp-content\/uploads\/2023\/03\/LogoMATinspiredPO-696x969-1.jpg","width":696,"height":696,"caption":"MATinspired B.V."},"image":{"@id":"https:\/\/www.matinspired.com\/it\/#\/schema\/logo\/image\/"},"sameAs":["https:\/\/x.com\/MATinspired"]}]}},"_links":{"self":[{"href":"https:\/\/www.matinspired.com\/it\/wp-json\/wp\/v2\/pages\/3737","targetHints":{"allow":["GET"]}}],"collection":[{"href":"https:\/\/www.matinspired.com\/it\/wp-json\/wp\/v2\/pages"}],"about":[{"href":"https:\/\/www.matinspired.com\/it\/wp-json\/wp\/v2\/types\/page"}],"author":[{"embeddable":true,"href":"https:\/\/www.matinspired.com\/it\/wp-json\/wp\/v2\/users\/3"}],"replies":[{"embeddable":true,"href":"https:\/\/www.matinspired.com\/it\/wp-json\/wp\/v2\/comments?post=3737"}],"version-history":[{"count":2,"href":"https:\/\/www.matinspired.com\/it\/wp-json\/wp\/v2\/pages\/3737\/revisions"}],"predecessor-version":[{"id":69847,"href":"https:\/\/www.matinspired.com\/it\/wp-json\/wp\/v2\/pages\/3737\/revisions\/69847"}],"wp:attachment":[{"href":"https:\/\/www.matinspired.com\/it\/wp-json\/wp\/v2\/media?parent=3737"}],"curies":[{"name":"wp","href":"https:\/\/api.w.org\/{rel}","templated":true}]}}