{"id":3726,"date":"2021-06-29T08:48:16","date_gmt":"2021-06-29T07:48:16","guid":{"rendered":"https:\/\/www.matinspired.com\/chromium-6-neutralizer-tk20\/"},"modified":"2023-11-10T15:10:03","modified_gmt":"2023-11-10T14:10:03","slug":"chromium-6-neutralizer-tk20","status":"publish","type":"page","link":"https:\/\/www.matinspired.com\/it\/chromium-6-neutralizer-tk20\/","title":{"rendered":"Neutralizzatore del Cromo-6 &#8211; TK20"},"content":{"rendered":"\n\n\t<h1><strong>Neutralizzatore del Cromo-6<br \/>\n<\/strong><\/h1>\n\t<h2><strong>Cromo-6<br \/>\n<\/strong><strong>Neutralizzante &#8211; <\/strong><strong>TK20<br \/>\n<em>per contaminazioni superficiali su metalli<\/em><\/strong><\/h2>\n<p>Questo liquido (0,5 L) neutralizza e rimuove il cromo-6 dalle contaminazioni superficiali sui metalli. Il liquido pu\u00f2 essere applicato sul metallo con un panno o uno spruzzatore. \u00c8 anche possibile immergere in questo liquido piccole parti, come dadi e bulloni. Dopo la pulizia del metallo, il kit di prova TK11 pu\u00f2 essere utilizzato per verificare se il cromo-6 \u00e8 stato rimosso.<\/p>\n\t\t\t<a href=\"https:\/\/www.matinspired.com\/it\/richiesta-di-preventivo\/?aantal-neutralizer=1\" target=\"_self\" rel=\"noopener\">\n\t\t\t\t\t\tRichiesta di preventivo\n\t\t\t\t\t<\/a>\n\t<p><em>L&#8217;ordinazione \u00e8 possibile solo per le aziende. Riceverai il nostro preventivo via e-mail entro uno o due giorni lavorativi. Dopo la tua accettazione del nostro preventivo, spediremo il kit di prova il pi\u00f9 velocemente possibile.<\/em><\/p>\n\t\t\t\t<img loading=\"lazy\" decoding=\"async\" src=\"https:\/\/www.matinspired.com\/wp-content\/uploads\/2022\/03\/FlaconChromium-6_Neutralizer-scaled.jpg\" alt=\"TK20 Chromium-6 Neutralizer\" itemprop=\"image\" height=\"2560\" width=\"2560\" title=\"FlaconChromium-6_Neutralizer\" onerror=\"this.style.display='none'\"  \/>\n\t<h3><strong>Contaminazione da cromo-6 su acciaio riscaldato<\/strong><\/h3>\n<p>I composti contenenti cromo-6 possono formarsi sull&#8217;acciaio contenente cromo riscaldato, come l&#8217;acciaio inossidabile. Questi metalli sono spesso parte di una macchina e vengono riscaldati automaticamente quando la macchina \u00e8 in funzione. Si pensi, ad esempio, alle parti del motore di una nave o di una turbina (eolica). La contaminazione da cromo-6 si verifica spesso a causa della reazione dei lubrificanti con l&#8217;acciaio durante il riscaldamento. Questi composti sono tossici e devono essere rimossi prima di qualsiasi intervento di manutenzione.<\/p>\n<p>I composti di cromo-6 formati sono spesso riconoscibili da uno strato polveroso bianco\/verde sul metallo. Questo strato \u00e8 spesso presente nei punti in cui sono stati utilizzati lubrificanti (antigrippaggio), come dadi e bulloni.<\/p>\n<p>Utilizzando il kit per il test di rilevamento del cromo-6 TK11\u00ae di MATinspired, la contaminazione da cromo-6 pu\u00f2 essere facilmente testata sull&#8217;acciaio. Se viene rilevato un composto di cromo-6, \u00e8 possibile neutralizzarlo con il neutralizzatore di cromo-6 TK20.<\/p>\n\t\t\t\t<img loading=\"lazy\" decoding=\"async\" src=\"https:\/\/www.matinspired.com\/wp-content\/uploads\/2022\/05\/Beelden_Chroom-6Neutralizer.jpg\" alt=\"TK20 Chromium-6 Neutralizer before\/after\" itemprop=\"image\" height=\"1169\" width=\"1011\" title=\"Chromium-6Neutralizer before\/after\" onerror=\"this.style.display='none'\"  \/>\n\t<strong><br \/>\nPrima del trattamento:<\/strong>\n<em>Esempio di un bullone con contaminazione da cromo-6<\/em><br \/>\n<em>contaminazione da cromo-6. Questa contaminazione pu\u00f2 essere<\/em><br \/>\n<em>riconoscibile per il suo colore bianco o verde. <\/em><em>Il tampone del kit TK11 di rilevamento de Cromo-6 <\/em><em>\u00e8 di colore viola, indicando la presenza di cromo-6.<\/em>\n<strong><br \/>\nDopo il trattamento con il neutralizzatore di cromo-6:<\/strong>\n<p><em>Esempio di bullone da cui \u00e8 stata rimossa\/neutralizzata la contaminazione da cromo-6. <\/em><em>Il cromo-6 \u00e8 stato rimosso\/neutralizzato <\/em><em>utilizzando il fluido neutralizzatore del cromo-6 TK20. <\/em><em>Il tampone del kit per il test del cromo-6 TK11 \u00e8 arancione, a indicare che il cromo-6 non \u00e8 pi\u00f9 presente.<\/em><\/p>\n\t<h3><strong>Come funziona il neutralizzatore di cromo-6 TK20<br \/>\n<\/strong><\/h3>\n<p>Quando il liquido TK20 Neutralizer viene applicato al metallo, il cromo-6 presente viene convertito in cromo-3 non tossico. Questo processo \u00e8 noto anche come reazione di riduzione.<\/p>\n\t<p><i> Dichiarazione di non responsabilit\u00e0<br \/>\nNonostante questo prodotto sia stato compilato con la massima cura, MATinspired B.V. non pu\u00f2 essere ritenuto responsabile per i danni derivanti dall&#8217;uso o dal contatto con il prodotto. Questo metodo di misurazione \u00e8 solo un&#8217;indicazione e MATinspired B.V. non \u00e8 responsabile dei risultati dei test. <\/i><\/p>\n\n\n","protected":false},"excerpt":{"rendered":"<p>Neutralizzatore del Cromo-6 Cromo-6 Neutralizzante &#8211; TK20 per contaminazioni superficiali su metalli Questo liquido (0,5 L) neutralizza e rimuove il cromo-6 dalle contaminazioni superficiali sui metalli. Il liquido pu\u00f2 essere applicato sul metallo con un panno o uno spruzzatore. \u00c8 anche possibile immergere in questo liquido piccole parti, come dadi e bulloni. Dopo la pulizia&#8230;<\/p>\n","protected":false},"author":3,"featured_media":0,"parent":0,"menu_order":0,"comment_status":"closed","ping_status":"closed","template":"","meta":{"footnotes":""},"class_list":["post-3726","page","type-page","status-publish","hentry"],"yoast_head":"<!-- This site is optimized with the Yoast SEO plugin v27.2 - https:\/\/yoast.com\/product\/yoast-seo-wordpress\/ -->\n<title>Neutralizzatore del Cromo-6 - TK20 - Matinspired.com<\/title>\n<meta name=\"description\" content=\"For neutralizing chromium-6 contaminations on metals. This liquid is suitable for neutralizing and removing chromium-6 contaminations on metals. The liquid can be applied using a cloth or a nebulizer. It is also possible to immerse small parts, such as nuts and bolts, in this liquid. The TK11 test kit can then be used to test whether the chromium-6 has been removed.\" \/>\n<meta name=\"robots\" content=\"index, follow, max-snippet:-1, max-image-preview:large, max-video-preview:-1\" \/>\n<link rel=\"canonical\" href=\"https:\/\/www.matinspired.com\/it\/chromium-6-neutralizer-tk20\/\" \/>\n<meta property=\"og:locale\" content=\"it_IT\" \/>\n<meta property=\"og:type\" content=\"article\" \/>\n<meta property=\"og:title\" content=\"Neutralizzatore del Cromo-6 - TK20 - Matinspired.com\" \/>\n<meta property=\"og:description\" content=\"For neutralizing chromium-6 contaminations on metals. This liquid is suitable for neutralizing and removing chromium-6 contaminations on metals. The liquid can be applied using a cloth or a nebulizer. It is also possible to immerse small parts, such as nuts and bolts, in this liquid. The TK11 test kit can then be used to test whether the chromium-6 has been removed.\" \/>\n<meta property=\"og:url\" content=\"https:\/\/www.matinspired.com\/it\/chromium-6-neutralizer-tk20\/\" \/>\n<meta property=\"og:site_name\" content=\"Matinspired.com\" \/>\n<meta property=\"article:modified_time\" content=\"2023-11-10T14:10:03+00:00\" \/>\n<meta property=\"og:image\" content=\"https:\/\/www.matinspired.com\/wp-content\/uploads\/2022\/03\/FlaconChromium-6_Neutralizer-scaled.jpg\" \/>\n<meta name=\"twitter:card\" content=\"summary_large_image\" \/>\n<meta name=\"twitter:site\" content=\"@MATinspired\" \/>\n<meta name=\"twitter:label1\" content=\"Tempo di lettura stimato\" \/>\n\t<meta name=\"twitter:data1\" content=\"3 minuti\" \/>\n<script type=\"application\/ld+json\" class=\"yoast-schema-graph\">{\"@context\":\"https:\/\/schema.org\",\"@graph\":[{\"@type\":\"WebPage\",\"@id\":\"https:\/\/www.matinspired.com\/it\/chromium-6-neutralizer-tk20\/\",\"url\":\"https:\/\/www.matinspired.com\/it\/chromium-6-neutralizer-tk20\/\",\"name\":\"Neutralizzatore del Cromo-6 - TK20 - Matinspired.com\",\"isPartOf\":{\"@id\":\"https:\/\/www.matinspired.com\/it\/#website\"},\"primaryImageOfPage\":{\"@id\":\"https:\/\/www.matinspired.com\/it\/chromium-6-neutralizer-tk20\/#primaryimage\"},\"image\":{\"@id\":\"https:\/\/www.matinspired.com\/it\/chromium-6-neutralizer-tk20\/#primaryimage\"},\"thumbnailUrl\":\"https:\/\/www.matinspired.com\/wp-content\/uploads\/2022\/03\/FlaconChromium-6_Neutralizer-scaled.jpg\",\"datePublished\":\"2021-06-29T07:48:16+00:00\",\"dateModified\":\"2023-11-10T14:10:03+00:00\",\"description\":\"For neutralizing chromium-6 contaminations on metals. This liquid is suitable for neutralizing and removing chromium-6 contaminations on metals. The liquid can be applied using a cloth or a nebulizer. It is also possible to immerse small parts, such as nuts and bolts, in this liquid. The TK11 test kit can then be used to test whether the chromium-6 has been removed.\",\"breadcrumb\":{\"@id\":\"https:\/\/www.matinspired.com\/it\/chromium-6-neutralizer-tk20\/#breadcrumb\"},\"inLanguage\":\"it-IT\",\"potentialAction\":[{\"@type\":\"ReadAction\",\"target\":[\"https:\/\/www.matinspired.com\/it\/chromium-6-neutralizer-tk20\/\"]}]},{\"@type\":\"ImageObject\",\"inLanguage\":\"it-IT\",\"@id\":\"https:\/\/www.matinspired.com\/it\/chromium-6-neutralizer-tk20\/#primaryimage\",\"url\":\"https:\/\/www.matinspired.com\/wp-content\/uploads\/2022\/03\/FlaconChromium-6_Neutralizer-scaled.jpg\",\"contentUrl\":\"https:\/\/www.matinspired.com\/wp-content\/uploads\/2022\/03\/FlaconChromium-6_Neutralizer-scaled.jpg\"},{\"@type\":\"BreadcrumbList\",\"@id\":\"https:\/\/www.matinspired.com\/it\/chromium-6-neutralizer-tk20\/#breadcrumb\",\"itemListElement\":[{\"@type\":\"ListItem\",\"position\":1,\"name\":\"Home\",\"item\":\"https:\/\/www.matinspired.com\/it\/\"},{\"@type\":\"ListItem\",\"position\":2,\"name\":\"Neutralizzatore del Cromo-6 &#8211; TK20\"}]},{\"@type\":\"WebSite\",\"@id\":\"https:\/\/www.matinspired.com\/it\/#website\",\"url\":\"https:\/\/www.matinspired.com\/it\/\",\"name\":\"Matinspired.com\",\"description\":\"Chromium-6 test kits and more\",\"publisher\":{\"@id\":\"https:\/\/www.matinspired.com\/it\/#organization\"},\"potentialAction\":[{\"@type\":\"SearchAction\",\"target\":{\"@type\":\"EntryPoint\",\"urlTemplate\":\"https:\/\/www.matinspired.com\/it\/?s={search_term_string}\"},\"query-input\":{\"@type\":\"PropertyValueSpecification\",\"valueRequired\":true,\"valueName\":\"search_term_string\"}}],\"inLanguage\":\"it-IT\"},{\"@type\":\"Organization\",\"@id\":\"https:\/\/www.matinspired.com\/it\/#organization\",\"name\":\"MATinspired B.V.\",\"url\":\"https:\/\/www.matinspired.com\/it\/\",\"logo\":{\"@type\":\"ImageObject\",\"inLanguage\":\"it-IT\",\"@id\":\"https:\/\/www.matinspired.com\/it\/#\/schema\/logo\/image\/\",\"url\":\"https:\/\/www.matinspired.com\/wp-content\/uploads\/2023\/03\/LogoMATinspiredPO-696x969-1.jpg\",\"contentUrl\":\"https:\/\/www.matinspired.com\/wp-content\/uploads\/2023\/03\/LogoMATinspiredPO-696x969-1.jpg\",\"width\":696,\"height\":696,\"caption\":\"MATinspired B.V.\"},\"image\":{\"@id\":\"https:\/\/www.matinspired.com\/it\/#\/schema\/logo\/image\/\"},\"sameAs\":[\"https:\/\/x.com\/MATinspired\"]}]}<\/script>\n<!-- \/ Yoast SEO plugin. -->","yoast_head_json":{"title":"Neutralizzatore del Cromo-6 - TK20 - Matinspired.com","description":"For neutralizing chromium-6 contaminations on metals. This liquid is suitable for neutralizing and removing chromium-6 contaminations on metals. The liquid can be applied using a cloth or a nebulizer. It is also possible to immerse small parts, such as nuts and bolts, in this liquid. The TK11 test kit can then be used to test whether the chromium-6 has been removed.","robots":{"index":"index","follow":"follow","max-snippet":"max-snippet:-1","max-image-preview":"max-image-preview:large","max-video-preview":"max-video-preview:-1"},"canonical":"https:\/\/www.matinspired.com\/it\/chromium-6-neutralizer-tk20\/","og_locale":"it_IT","og_type":"article","og_title":"Neutralizzatore del Cromo-6 - TK20 - Matinspired.com","og_description":"For neutralizing chromium-6 contaminations on metals. This liquid is suitable for neutralizing and removing chromium-6 contaminations on metals. The liquid can be applied using a cloth or a nebulizer. It is also possible to immerse small parts, such as nuts and bolts, in this liquid. The TK11 test kit can then be used to test whether the chromium-6 has been removed.","og_url":"https:\/\/www.matinspired.com\/it\/chromium-6-neutralizer-tk20\/","og_site_name":"Matinspired.com","article_modified_time":"2023-11-10T14:10:03+00:00","og_image":[{"url":"https:\/\/www.matinspired.com\/wp-content\/uploads\/2022\/03\/FlaconChromium-6_Neutralizer-scaled.jpg","type":"","width":"","height":""}],"twitter_card":"summary_large_image","twitter_site":"@MATinspired","twitter_misc":{"Tempo di lettura stimato":"3 minuti"},"schema":{"@context":"https:\/\/schema.org","@graph":[{"@type":"WebPage","@id":"https:\/\/www.matinspired.com\/it\/chromium-6-neutralizer-tk20\/","url":"https:\/\/www.matinspired.com\/it\/chromium-6-neutralizer-tk20\/","name":"Neutralizzatore del Cromo-6 - TK20 - Matinspired.com","isPartOf":{"@id":"https:\/\/www.matinspired.com\/it\/#website"},"primaryImageOfPage":{"@id":"https:\/\/www.matinspired.com\/it\/chromium-6-neutralizer-tk20\/#primaryimage"},"image":{"@id":"https:\/\/www.matinspired.com\/it\/chromium-6-neutralizer-tk20\/#primaryimage"},"thumbnailUrl":"https:\/\/www.matinspired.com\/wp-content\/uploads\/2022\/03\/FlaconChromium-6_Neutralizer-scaled.jpg","datePublished":"2021-06-29T07:48:16+00:00","dateModified":"2023-11-10T14:10:03+00:00","description":"For neutralizing chromium-6 contaminations on metals. This liquid is suitable for neutralizing and removing chromium-6 contaminations on metals. The liquid can be applied using a cloth or a nebulizer. It is also possible to immerse small parts, such as nuts and bolts, in this liquid. The TK11 test kit can then be used to test whether the chromium-6 has been removed.","breadcrumb":{"@id":"https:\/\/www.matinspired.com\/it\/chromium-6-neutralizer-tk20\/#breadcrumb"},"inLanguage":"it-IT","potentialAction":[{"@type":"ReadAction","target":["https:\/\/www.matinspired.com\/it\/chromium-6-neutralizer-tk20\/"]}]},{"@type":"ImageObject","inLanguage":"it-IT","@id":"https:\/\/www.matinspired.com\/it\/chromium-6-neutralizer-tk20\/#primaryimage","url":"https:\/\/www.matinspired.com\/wp-content\/uploads\/2022\/03\/FlaconChromium-6_Neutralizer-scaled.jpg","contentUrl":"https:\/\/www.matinspired.com\/wp-content\/uploads\/2022\/03\/FlaconChromium-6_Neutralizer-scaled.jpg"},{"@type":"BreadcrumbList","@id":"https:\/\/www.matinspired.com\/it\/chromium-6-neutralizer-tk20\/#breadcrumb","itemListElement":[{"@type":"ListItem","position":1,"name":"Home","item":"https:\/\/www.matinspired.com\/it\/"},{"@type":"ListItem","position":2,"name":"Neutralizzatore del Cromo-6 &#8211; TK20"}]},{"@type":"WebSite","@id":"https:\/\/www.matinspired.com\/it\/#website","url":"https:\/\/www.matinspired.com\/it\/","name":"Matinspired.com","description":"Chromium-6 test kits and more","publisher":{"@id":"https:\/\/www.matinspired.com\/it\/#organization"},"potentialAction":[{"@type":"SearchAction","target":{"@type":"EntryPoint","urlTemplate":"https:\/\/www.matinspired.com\/it\/?s={search_term_string}"},"query-input":{"@type":"PropertyValueSpecification","valueRequired":true,"valueName":"search_term_string"}}],"inLanguage":"it-IT"},{"@type":"Organization","@id":"https:\/\/www.matinspired.com\/it\/#organization","name":"MATinspired B.V.","url":"https:\/\/www.matinspired.com\/it\/","logo":{"@type":"ImageObject","inLanguage":"it-IT","@id":"https:\/\/www.matinspired.com\/it\/#\/schema\/logo\/image\/","url":"https:\/\/www.matinspired.com\/wp-content\/uploads\/2023\/03\/LogoMATinspiredPO-696x969-1.jpg","contentUrl":"https:\/\/www.matinspired.com\/wp-content\/uploads\/2023\/03\/LogoMATinspiredPO-696x969-1.jpg","width":696,"height":696,"caption":"MATinspired B.V."},"image":{"@id":"https:\/\/www.matinspired.com\/it\/#\/schema\/logo\/image\/"},"sameAs":["https:\/\/x.com\/MATinspired"]}]}},"jetpack_sharing_enabled":true,"_links":{"self":[{"href":"https:\/\/www.matinspired.com\/it\/wp-json\/wp\/v2\/pages\/3726","targetHints":{"allow":["GET"]}}],"collection":[{"href":"https:\/\/www.matinspired.com\/it\/wp-json\/wp\/v2\/pages"}],"about":[{"href":"https:\/\/www.matinspired.com\/it\/wp-json\/wp\/v2\/types\/page"}],"author":[{"embeddable":true,"href":"https:\/\/www.matinspired.com\/it\/wp-json\/wp\/v2\/users\/3"}],"replies":[{"embeddable":true,"href":"https:\/\/www.matinspired.com\/it\/wp-json\/wp\/v2\/comments?post=3726"}],"version-history":[{"count":0,"href":"https:\/\/www.matinspired.com\/it\/wp-json\/wp\/v2\/pages\/3726\/revisions"}],"wp:attachment":[{"href":"https:\/\/www.matinspired.com\/it\/wp-json\/wp\/v2\/media?parent=3726"}],"curies":[{"name":"wp","href":"https:\/\/api.w.org\/{rel}","templated":true}]}}