{"id":69306,"date":"2025-12-09T09:45:18","date_gmt":"2025-12-09T08:45:18","guid":{"rendered":"https:\/\/www.matinspired.com\/?page_id=69306"},"modified":"2026-04-02T13:17:27","modified_gmt":"2026-04-02T11:17:27","slug":"kit-dattaque-macroscopique-pour-soudures-en-aluminium-tk03","status":"publish","type":"page","link":"https:\/\/www.matinspired.com\/fr\/kit-dattaque-macroscopique-pour-soudures-en-aluminium-tk03\/","title":{"rendered":"Kit d\u2019attaque macroscopique pour soudures en aluminium &#8211; TK03"},"content":{"rendered":"\n\n\t\n<h1><strong>Kit de macrogravure en aluminium &#8211; TK03<\/strong><\/h1>\n<p>&nbsp;<\/p>\n<figure itemscope itemtype=\"https:\/\/schema.org\/ImageObject\">\n\t\t\t\t<img decoding=\"async\" src=\"https:\/\/www.matinspired.com\/wp-content\/plugins\/bb-plugin\/img\/pixel.png\" alt=\"\" onerror=\"this.style.display='none'\" loading=\"lazy\" \/>\n\t<\/figure>\n\t<h2><strong>Kit de macrogravure en aluminium &#8211; TK03<br \/>\n<\/strong><strong><em>pour soudures<\/em><\/strong><em><strong><br \/>\n<\/strong><\/em><\/h2>\n<p>Il s&rsquo;agit d&rsquo;un kit de test professionnel pour une gravure macroscopique s\u00fbre, rapide et facile des sections transversales de soudures en aluminium pour inspection. Cela facilite la d\u00e9termination de la profondeur et de la qualit\u00e9 de la soudure. Ce kit convient \u00e0 diff\u00e9rents types d&rsquo;aluminium.<\/p>\n<p>Avec ce kit de test, vous pouvez r\u00e9aliser environ 100 macro-eaux-fortes \u00e0 partir de soudures en aluminium.<\/p>\n<p>En plus du liquide \u00e0 gravure, du papier de verre, des gants de s\u00e9curit\u00e9 et des applicateurs de liquide \u00e0 gravure sont \u00e9galement inclus dans ce kit.<\/p>\n\t<h3><strong>Utiliser<\/strong><\/h3>\n<p>Le joint soud\u00e9 doit \u00eatre coup\u00e9 ou sci\u00e9 ind\u00e9pendamment. Ensuite, la soudure doit \u00eatre ponc\u00e9e \u00e0 la main avec le papier de verre de ce kit. Ensuite, il peut \u00eatre grav\u00e9 avec le liquide de gravure du kit. La qualit\u00e9 de la soudure peut alors \u00eatre \u00e9valu\u00e9e visuellement.<\/p>\n<p>Les avantages de ce kit sont :<\/p>\n<ol>\n<li><strong>Simple et rapide <\/strong>: Le liquide est facile et rapide \u00e0 appliquer avec ce kit, ce qui vous donne des r\u00e9sultats rapides<\/li>\n<li><strong>S\u00e9curit\u00e9 <\/strong>: Des fiches de donn\u00e9es de s\u00e9curit\u00e9 et un manuel sont inclus pour travailler en toute s\u00e9curit\u00e9 avec les fluides de gravure<\/li>\n<li><strong>Tr\u00e8s longue dur\u00e9e de conservation <\/strong>: les liquides d&rsquo;essai ont une dur\u00e9e de conservation de plusieurs ann\u00e9es, vous pouvez donc utiliser ce kit de test quand vous le souhaitez<\/li>\n<\/ol>\n<figure itemscope itemtype=\"https:\/\/schema.org\/ImageObject\">\n\t\t\t\t<img decoding=\"async\" src=\"https:\/\/www.matinspired.com\/wp-content\/uploads\/2025\/12\/TK03_Testkit_AluminiumWeld-scaled.jpg\" alt=\"Read More\" height=\"1707\" width=\"2560\" title=\"TK03_Testkit_AluminiumWeld\" onerror=\"this.style.display='none'\" loading=\"lazy\" \/>\n\t<\/figure>\n\t\t\t<a href=\"https:\/\/www.matinspired.com\/fr\/demande-de-devis\/?artikel=TK03%20-%20Kit%20d'attaque%20macroscopique%20pour%20soudures%20en%20aluminium&#038;aantal-other=1\"  target=\"_self\">\n\t\t\t\t\t\tDemande de devis\n\t\t\t\t\t<\/a>\n\t<em>La commande n&rsquo;est possible que pour les entreprises.<br \/>\n<\/em><em>Vous recevrez notre devis par e-mail dans un ou deux jours ouvr\u00e9s. Apr\u00e8s votre acceptation de notre devis, nous enverrons le kit de test aussi rapide que possible.<\/em>\n<figure itemscope itemtype=\"https:\/\/schema.org\/ImageObject\">\n\t\t\t\t<img decoding=\"async\" src=\"https:\/\/www.matinspired.com\/wp-content\/uploads\/2025\/12\/Voorbeeld-MATinspired-TK03-macro-ets-aluminiumlasnaad.jpg\" alt=\"Voorbeeld MATinspired TK03 macro-ets aluminiumlasnaad\" height=\"348\" width=\"400\" title=\"Voorbeeld MATinspired TK03 macro-ets aluminiumlasnaad\" onerror=\"this.style.display='none'\" loading=\"lazy\" \/>\n\t<\/figure>\n\t<p>Exemple de macro-attaque bleue d&rsquo;un cordon de soudure en aluminium r\u00e9alis\u00e9e \u00e0 l&rsquo;aide du kit de test de macro-attaque de cordon de soudure en aluminium TK03<\/p>\n\t<em>Avertissement<br \/>\nBien que ce produit ait \u00e9t\u00e9 con\u00e7u avec le plus grand soin, MATinspired B.V. ne peut \u00eatre tenu responsable des dommages r\u00e9sultant de l&rsquo;utilisation ou du contact avec le produit. <\/em><em>Cette m\u00e9thode de mesure n&rsquo;est qu&rsquo;une indication. MATinspired B.V. n&rsquo;est pas responsable des r\u00e9sultats des tests. <\/em>\n\n","protected":false},"excerpt":{"rendered":"<p>Kit de macrogravure en aluminium &#8211; TK03 &nbsp; Kit de macrogravure en aluminium &#8211; TK03 pour soudures Il s&rsquo;agit d&rsquo;un kit de test professionnel pour une gravure macroscopique s\u00fbre, rapide et facile des sections transversales de soudures en aluminium pour inspection. Cela facilite la d\u00e9termination de la profondeur et de la qualit\u00e9 de la soudure&#8230;.<\/p>\n","protected":false},"author":3,"featured_media":0,"parent":0,"menu_order":0,"comment_status":"closed","ping_status":"closed","template":"","meta":{"footnotes":""},"class_list":["post-69306","page","type-page","status-publish","hentry"],"yoast_head":"<!-- This site is optimized with the Yoast SEO plugin v27.2 - https:\/\/yoast.com\/product\/yoast-seo-wordpress\/ -->\n<title>Kit d\u2019attaque macroscopique pour soudures en aluminium - TK03 - Matinspired.com<\/title>\n<meta name=\"description\" content=\"A professional test kit for macroscopic etching of cross-sections of stainless steel weld seams. This way you can test your material safely and quickly.\" \/>\n<meta name=\"robots\" content=\"index, follow, max-snippet:-1, max-image-preview:large, max-video-preview:-1\" \/>\n<link rel=\"canonical\" href=\"https:\/\/www.matinspired.com\/fr\/kit-dattaque-macroscopique-pour-soudures-en-aluminium-tk03\/\" \/>\n<meta property=\"og:locale\" content=\"fr_FR\" \/>\n<meta property=\"og:type\" content=\"article\" \/>\n<meta property=\"og:title\" content=\"Kit d\u2019attaque macroscopique pour soudures en aluminium - TK03 - Matinspired.com\" \/>\n<meta property=\"og:description\" content=\"A professional test kit for macroscopic etching of cross-sections of stainless steel weld seams. This way you can test your material safely and quickly.\" \/>\n<meta property=\"og:url\" content=\"https:\/\/www.matinspired.com\/fr\/kit-dattaque-macroscopique-pour-soudures-en-aluminium-tk03\/\" \/>\n<meta property=\"og:site_name\" content=\"Matinspired.com\" \/>\n<meta property=\"article:modified_time\" content=\"2026-04-02T11:17:27+00:00\" \/>\n<meta property=\"og:image\" content=\"https:\/\/www.matinspired.com\/wp-content\/plugins\/bb-plugin\/img\/pixel.png\" \/>\n<meta name=\"twitter:card\" content=\"summary_large_image\" \/>\n<meta name=\"twitter:site\" content=\"@MATinspired\" \/>\n<meta name=\"twitter:label1\" content=\"Dur\u00e9e de lecture estim\u00e9e\" \/>\n\t<meta name=\"twitter:data1\" content=\"3 minutes\" \/>\n<script type=\"application\/ld+json\" class=\"yoast-schema-graph\">{\"@context\":\"https:\/\/schema.org\",\"@graph\":[{\"@type\":\"WebPage\",\"@id\":\"https:\/\/www.matinspired.com\/fr\/kit-dattaque-macroscopique-pour-soudures-en-aluminium-tk03\/\",\"url\":\"https:\/\/www.matinspired.com\/fr\/kit-dattaque-macroscopique-pour-soudures-en-aluminium-tk03\/\",\"name\":\"Kit d\u2019attaque macroscopique pour soudures en aluminium - TK03 - Matinspired.com\",\"isPartOf\":{\"@id\":\"https:\/\/www.matinspired.com\/fr\/#website\"},\"primaryImageOfPage\":{\"@id\":\"https:\/\/www.matinspired.com\/fr\/kit-dattaque-macroscopique-pour-soudures-en-aluminium-tk03\/#primaryimage\"},\"image\":{\"@id\":\"https:\/\/www.matinspired.com\/fr\/kit-dattaque-macroscopique-pour-soudures-en-aluminium-tk03\/#primaryimage\"},\"thumbnailUrl\":\"https:\/\/www.matinspired.com\/wp-content\/plugins\/bb-plugin\/img\/pixel.png\",\"datePublished\":\"2025-12-09T08:45:18+00:00\",\"dateModified\":\"2026-04-02T11:17:27+00:00\",\"description\":\"A professional test kit for macroscopic etching of cross-sections of stainless steel weld seams. This way you can test your material safely and quickly.\",\"breadcrumb\":{\"@id\":\"https:\/\/www.matinspired.com\/fr\/kit-dattaque-macroscopique-pour-soudures-en-aluminium-tk03\/#breadcrumb\"},\"inLanguage\":\"fr-FR\",\"potentialAction\":[{\"@type\":\"ReadAction\",\"target\":[\"https:\/\/www.matinspired.com\/fr\/kit-dattaque-macroscopique-pour-soudures-en-aluminium-tk03\/\"]}]},{\"@type\":\"ImageObject\",\"inLanguage\":\"fr-FR\",\"@id\":\"https:\/\/www.matinspired.com\/fr\/kit-dattaque-macroscopique-pour-soudures-en-aluminium-tk03\/#primaryimage\",\"url\":\"https:\/\/www.matinspired.com\/wp-content\/plugins\/bb-plugin\/img\/pixel.png\",\"contentUrl\":\"https:\/\/www.matinspired.com\/wp-content\/plugins\/bb-plugin\/img\/pixel.png\"},{\"@type\":\"BreadcrumbList\",\"@id\":\"https:\/\/www.matinspired.com\/fr\/kit-dattaque-macroscopique-pour-soudures-en-aluminium-tk03\/#breadcrumb\",\"itemListElement\":[{\"@type\":\"ListItem\",\"position\":1,\"name\":\"Home\",\"item\":\"https:\/\/www.matinspired.com\/fr\/\"},{\"@type\":\"ListItem\",\"position\":2,\"name\":\"Kit d\u2019attaque macroscopique pour soudures en aluminium &#8211; TK03\"}]},{\"@type\":\"WebSite\",\"@id\":\"https:\/\/www.matinspired.com\/fr\/#website\",\"url\":\"https:\/\/www.matinspired.com\/fr\/\",\"name\":\"Matinspired.com\",\"description\":\"Chromium-6 test kits and more\",\"publisher\":{\"@id\":\"https:\/\/www.matinspired.com\/fr\/#organization\"},\"potentialAction\":[{\"@type\":\"SearchAction\",\"target\":{\"@type\":\"EntryPoint\",\"urlTemplate\":\"https:\/\/www.matinspired.com\/fr\/?s={search_term_string}\"},\"query-input\":{\"@type\":\"PropertyValueSpecification\",\"valueRequired\":true,\"valueName\":\"search_term_string\"}}],\"inLanguage\":\"fr-FR\"},{\"@type\":\"Organization\",\"@id\":\"https:\/\/www.matinspired.com\/fr\/#organization\",\"name\":\"MATinspired B.V.\",\"url\":\"https:\/\/www.matinspired.com\/fr\/\",\"logo\":{\"@type\":\"ImageObject\",\"inLanguage\":\"fr-FR\",\"@id\":\"https:\/\/www.matinspired.com\/fr\/#\/schema\/logo\/image\/\",\"url\":\"https:\/\/www.matinspired.com\/wp-content\/uploads\/2023\/03\/LogoMATinspiredPO-696x969-1.jpg\",\"contentUrl\":\"https:\/\/www.matinspired.com\/wp-content\/uploads\/2023\/03\/LogoMATinspiredPO-696x969-1.jpg\",\"width\":696,\"height\":696,\"caption\":\"MATinspired B.V.\"},\"image\":{\"@id\":\"https:\/\/www.matinspired.com\/fr\/#\/schema\/logo\/image\/\"},\"sameAs\":[\"https:\/\/x.com\/MATinspired\"]}]}<\/script>\n<!-- \/ Yoast SEO plugin. -->","yoast_head_json":{"title":"Kit d\u2019attaque macroscopique pour soudures en aluminium - TK03 - Matinspired.com","description":"A professional test kit for macroscopic etching of cross-sections of stainless steel weld seams. This way you can test your material safely and quickly.","robots":{"index":"index","follow":"follow","max-snippet":"max-snippet:-1","max-image-preview":"max-image-preview:large","max-video-preview":"max-video-preview:-1"},"canonical":"https:\/\/www.matinspired.com\/fr\/kit-dattaque-macroscopique-pour-soudures-en-aluminium-tk03\/","og_locale":"fr_FR","og_type":"article","og_title":"Kit d\u2019attaque macroscopique pour soudures en aluminium - TK03 - Matinspired.com","og_description":"A professional test kit for macroscopic etching of cross-sections of stainless steel weld seams. This way you can test your material safely and quickly.","og_url":"https:\/\/www.matinspired.com\/fr\/kit-dattaque-macroscopique-pour-soudures-en-aluminium-tk03\/","og_site_name":"Matinspired.com","article_modified_time":"2026-04-02T11:17:27+00:00","og_image":[{"url":"https:\/\/www.matinspired.com\/wp-content\/plugins\/bb-plugin\/img\/pixel.png","type":"","width":"","height":""}],"twitter_card":"summary_large_image","twitter_site":"@MATinspired","twitter_misc":{"Dur\u00e9e de lecture estim\u00e9e":"3 minutes"},"schema":{"@context":"https:\/\/schema.org","@graph":[{"@type":"WebPage","@id":"https:\/\/www.matinspired.com\/fr\/kit-dattaque-macroscopique-pour-soudures-en-aluminium-tk03\/","url":"https:\/\/www.matinspired.com\/fr\/kit-dattaque-macroscopique-pour-soudures-en-aluminium-tk03\/","name":"Kit d\u2019attaque macroscopique pour soudures en aluminium - TK03 - Matinspired.com","isPartOf":{"@id":"https:\/\/www.matinspired.com\/fr\/#website"},"primaryImageOfPage":{"@id":"https:\/\/www.matinspired.com\/fr\/kit-dattaque-macroscopique-pour-soudures-en-aluminium-tk03\/#primaryimage"},"image":{"@id":"https:\/\/www.matinspired.com\/fr\/kit-dattaque-macroscopique-pour-soudures-en-aluminium-tk03\/#primaryimage"},"thumbnailUrl":"https:\/\/www.matinspired.com\/wp-content\/plugins\/bb-plugin\/img\/pixel.png","datePublished":"2025-12-09T08:45:18+00:00","dateModified":"2026-04-02T11:17:27+00:00","description":"A professional test kit for macroscopic etching of cross-sections of stainless steel weld seams. This way you can test your material safely and quickly.","breadcrumb":{"@id":"https:\/\/www.matinspired.com\/fr\/kit-dattaque-macroscopique-pour-soudures-en-aluminium-tk03\/#breadcrumb"},"inLanguage":"fr-FR","potentialAction":[{"@type":"ReadAction","target":["https:\/\/www.matinspired.com\/fr\/kit-dattaque-macroscopique-pour-soudures-en-aluminium-tk03\/"]}]},{"@type":"ImageObject","inLanguage":"fr-FR","@id":"https:\/\/www.matinspired.com\/fr\/kit-dattaque-macroscopique-pour-soudures-en-aluminium-tk03\/#primaryimage","url":"https:\/\/www.matinspired.com\/wp-content\/plugins\/bb-plugin\/img\/pixel.png","contentUrl":"https:\/\/www.matinspired.com\/wp-content\/plugins\/bb-plugin\/img\/pixel.png"},{"@type":"BreadcrumbList","@id":"https:\/\/www.matinspired.com\/fr\/kit-dattaque-macroscopique-pour-soudures-en-aluminium-tk03\/#breadcrumb","itemListElement":[{"@type":"ListItem","position":1,"name":"Home","item":"https:\/\/www.matinspired.com\/fr\/"},{"@type":"ListItem","position":2,"name":"Kit d\u2019attaque macroscopique pour soudures en aluminium &#8211; TK03"}]},{"@type":"WebSite","@id":"https:\/\/www.matinspired.com\/fr\/#website","url":"https:\/\/www.matinspired.com\/fr\/","name":"Matinspired.com","description":"Chromium-6 test kits and more","publisher":{"@id":"https:\/\/www.matinspired.com\/fr\/#organization"},"potentialAction":[{"@type":"SearchAction","target":{"@type":"EntryPoint","urlTemplate":"https:\/\/www.matinspired.com\/fr\/?s={search_term_string}"},"query-input":{"@type":"PropertyValueSpecification","valueRequired":true,"valueName":"search_term_string"}}],"inLanguage":"fr-FR"},{"@type":"Organization","@id":"https:\/\/www.matinspired.com\/fr\/#organization","name":"MATinspired B.V.","url":"https:\/\/www.matinspired.com\/fr\/","logo":{"@type":"ImageObject","inLanguage":"fr-FR","@id":"https:\/\/www.matinspired.com\/fr\/#\/schema\/logo\/image\/","url":"https:\/\/www.matinspired.com\/wp-content\/uploads\/2023\/03\/LogoMATinspiredPO-696x969-1.jpg","contentUrl":"https:\/\/www.matinspired.com\/wp-content\/uploads\/2023\/03\/LogoMATinspiredPO-696x969-1.jpg","width":696,"height":696,"caption":"MATinspired B.V."},"image":{"@id":"https:\/\/www.matinspired.com\/fr\/#\/schema\/logo\/image\/"},"sameAs":["https:\/\/x.com\/MATinspired"]}]}},"jetpack_sharing_enabled":true,"_links":{"self":[{"href":"https:\/\/www.matinspired.com\/fr\/wp-json\/wp\/v2\/pages\/69306","targetHints":{"allow":["GET"]}}],"collection":[{"href":"https:\/\/www.matinspired.com\/fr\/wp-json\/wp\/v2\/pages"}],"about":[{"href":"https:\/\/www.matinspired.com\/fr\/wp-json\/wp\/v2\/types\/page"}],"author":[{"embeddable":true,"href":"https:\/\/www.matinspired.com\/fr\/wp-json\/wp\/v2\/users\/3"}],"replies":[{"embeddable":true,"href":"https:\/\/www.matinspired.com\/fr\/wp-json\/wp\/v2\/comments?post=69306"}],"version-history":[{"count":7,"href":"https:\/\/www.matinspired.com\/fr\/wp-json\/wp\/v2\/pages\/69306\/revisions"}],"predecessor-version":[{"id":74906,"href":"https:\/\/www.matinspired.com\/fr\/wp-json\/wp\/v2\/pages\/69306\/revisions\/74906"}],"wp:attachment":[{"href":"https:\/\/www.matinspired.com\/fr\/wp-json\/wp\/v2\/media?parent=69306"}],"curies":[{"name":"wp","href":"https:\/\/api.w.org\/{rel}","templated":true}]}}