{"id":64122,"date":"2025-01-24T12:39:36","date_gmt":"2025-01-24T11:39:36","guid":{"rendered":"https:\/\/www.matinspired.com\/?page_id=64122"},"modified":"2026-02-11T13:59:15","modified_gmt":"2026-02-11T12:59:15","slug":"kit-dattaque-macroscopique-pour-soudures-en-inox-tk04","status":"publish","type":"page","link":"https:\/\/www.matinspired.com\/fr\/kit-dattaque-macroscopique-pour-soudures-en-inox-tk04\/","title":{"rendered":"Kit d&rsquo;attaque macroscopique pour soudures en inox \u2013 TK04"},"content":{"rendered":"\r\n<h1><strong>Kit d&rsquo;attaque macroscopique pour soudures en inox &#8211; TK04<\/strong><\/h1>\r\n<p>&nbsp;<\/p>\r\n<p>&nbsp;<\/p>\r\n<h2><strong>Kit d&rsquo;attaque macroscopique pour soudures en inox<br \/><\/strong><strong>TK04<\/strong><strong><br \/><\/strong><em><strong><br \/><\/strong><\/em><\/h2>\r\n<p>Il s&rsquo;agit d&rsquo;un kit de test professionnel pour une gravure macroscopique s\u00fbre, rapide et facile des sections transversales de soudures en acier inoxydable pour l&rsquo;inspection interne. De cette fa\u00e7on, vous pouvez facilement d\u00e9terminer la profondeur et la qualit\u00e9 de la soudure. Ce kit convient \u00e0 l&rsquo;acier inoxydable, mais fonctionne \u00e9galement \u00e0 l&rsquo;acier faiblement alli\u00e9.<\/p>\r\n<p>Avec ce kit, vous pouvez r\u00e9aliser environ 40 macro-gravures \u00e0 partir de soudures en acier inoxydable.<\/p>\r\n<p>Ce kit comprend des liquides de gravure, une \u00e9lectrode (s\u00fbre) avec support de batterie, y compris la batterie, des cotons-tiges pour appliquer le liquide de gravure, du papier de verre, des gants de protection, un manuel et des fiches de donn\u00e9es de s\u00e9curit\u00e9.<\/p>\r\n<p>Des kits de recharge sont \u00e9galement disponibles (article TK04RF).<\/p>\r\n<p><img loading=\"lazy\" decoding=\"async\" title=\"TK04ENWIT\" src=\"https:\/\/www.matinspired.com\/wp-content\/uploads\/2025\/01\/TK04ENWIT-2.jpg\" alt=\"TK04ENWIT\" width=\"2000\" height=\"1333\" \/> <a href=\"https:\/\/www.matinspired.com\/fr\/demande-de-devis\/?artikel=TK04%20-%20Kit%20d'attaque%20macroscopique%20pour%20soudures%20en%20inox&#038;aantal-other=1\" target=\"_self\"> Demande de devis <\/a><\/p>\r\n<p><em>La livraison n&rsquo;est disponible que pour les entreprises.<\/em><\/p>\r\n<p><em>Vous recevrez notre offre par e-mail dans un d\u00e9lai d&rsquo;un \u00e0 deux jours ouvrables. Si vous acceptez cette offre, nous vous enverrons imm\u00e9diatement le kit de test.<\/em><\/p>\r\n<h3><strong>Utiliser<\/strong><\/h3>\r\n<p>Le joint soud\u00e9 doit \u00eatre rectifi\u00e9 ou sci\u00e9 ind\u00e9pendamment. La soudure doit ensuite \u00eatre ponc\u00e9e \u00e0 plat \u00e0 la main \u00e0 l&rsquo;aide du papier de verre de ce kit. Si n\u00e9cessaire, le kit de meulage et de polissage m\u00e9canique peut \u00e9galement \u00eatre utilis\u00e9 \u00e0 cette fin (article TK02). Il peut ensuite \u00eatre \u00e9lectrolys\u00e9 en toute s\u00e9curit\u00e9 avec le liquide de gravure et les outils du kit. La qualit\u00e9 de la soudure peut alors \u00eatre \u00e9valu\u00e9e visuellement.<\/p>\r\n<p>Les avantages de ce kit sont les suivants :<\/p>\r\n<ol>\r\n<li><strong>Facile et rapide<\/strong> : Le liquide est facile et rapide \u00e0 appliquer avec ce kit et fournit des r\u00e9sultats rapides.<\/li>\r\n<li><strong>S\u00fbr <\/strong>: Des fiches de s\u00e9curit\u00e9 et un manuel d&rsquo;instructions sont inclus pour travailler en toute s\u00e9curit\u00e9 avec les fluides de mordan\u00e7age.<\/li>\r\n<li><strong>Longue dur\u00e9e de conservation <\/strong>: Les liquides de test ont une dur\u00e9e de conservation de plusieurs ann\u00e9es, vous pouvez donc utiliser ce kit de test quand vous le souhaitez.<\/li>\r\n<\/ol>\r\n<p>&nbsp;<\/p>\r\n<p><img loading=\"lazy\" decoding=\"async\" title=\"IMG_6718-watermerk\" src=\"https:\/\/www.matinspired.com\/wp-content\/uploads\/2025\/01\/IMG_6718-watermerk-2.jpg\" alt=\"IMG_6718-watermerk\" width=\"2000\" height=\"1333\" \/><\/p>\r\n<p><i> Avis de non-responsabilit\u00e9<br \/>\nBien que ce produit ait \u00e9t\u00e9 \u00e9labor\u00e9 avec le plus grand soin, MATinspired B.V. ne peut \u00eatre tenu responsable des dommages r\u00e9sultant de l&rsquo;utilisation ou du contact avec le produit. Cette m\u00e9thode de mesure ne donne qu&rsquo;une indication, et MATinspired B.V. n&rsquo;est pas responsable des r\u00e9sultats des tests. <\/i><\/p>\n\r\n","protected":false},"excerpt":{"rendered":"<p>Kit d&rsquo;attaque macroscopique pour soudures en inox &#8211; TK04 &nbsp; &nbsp; Kit d&rsquo;attaque macroscopique pour soudures en inoxTK04 Il s&rsquo;agit d&rsquo;un kit de test professionnel pour une gravure macroscopique s\u00fbre, rapide et facile des sections transversales de soudures en acier inoxydable pour l&rsquo;inspection interne. De cette fa\u00e7on, vous pouvez facilement d\u00e9terminer la profondeur et la&#8230;<\/p>\n","protected":false},"author":3,"featured_media":0,"parent":0,"menu_order":0,"comment_status":"closed","ping_status":"closed","template":"","meta":{"footnotes":""},"class_list":["post-64122","page","type-page","status-publish","hentry"],"yoast_head":"<!-- This site is optimized with the Yoast SEO plugin v27.2 - https:\/\/yoast.com\/product\/yoast-seo-wordpress\/ -->\n<title>Kit d&#039;attaque macroscopique pour soudures en inox \u2013 TK04<\/title>\n<meta name=\"description\" content=\"Un kit de test professionnel pour la microscopie macroscopique des sections transversales de soudures en acier inoxydable, permettant une inspection du mat\u00e9riau s\u00fbre, rapide et pr\u00e9cise.\" \/>\n<meta name=\"robots\" content=\"index, follow, max-snippet:-1, max-image-preview:large, max-video-preview:-1\" \/>\n<link rel=\"canonical\" href=\"https:\/\/www.matinspired.com\/fr\/kit-dattaque-macroscopique-pour-soudures-en-inox-tk04\/\" \/>\n<meta property=\"og:locale\" content=\"fr_FR\" \/>\n<meta property=\"og:type\" content=\"article\" \/>\n<meta property=\"og:title\" content=\"Kit d&#039;attaque macroscopique pour soudures en inox \u2013 TK04\" \/>\n<meta property=\"og:description\" content=\"Un kit de test professionnel pour la microscopie macroscopique des sections transversales de soudures en acier inoxydable, permettant une inspection du mat\u00e9riau s\u00fbre, rapide et pr\u00e9cise.\" \/>\n<meta property=\"og:url\" content=\"https:\/\/www.matinspired.com\/fr\/kit-dattaque-macroscopique-pour-soudures-en-inox-tk04\/\" \/>\n<meta property=\"og:site_name\" content=\"Matinspired.com\" \/>\n<meta property=\"article:modified_time\" content=\"2026-02-11T12:59:15+00:00\" \/>\n<meta property=\"og:image\" content=\"https:\/\/www.matinspired.com\/wp-content\/uploads\/2025\/01\/TK04ENWIT-2.jpg\" \/>\n<meta name=\"twitter:card\" content=\"summary_large_image\" \/>\n<meta name=\"twitter:site\" content=\"@MATinspired\" \/>\n<meta name=\"twitter:label1\" content=\"Dur\u00e9e de lecture estim\u00e9e\" \/>\n\t<meta name=\"twitter:data1\" content=\"3 minutes\" \/>\n<script type=\"application\/ld+json\" class=\"yoast-schema-graph\">{\"@context\":\"https:\/\/schema.org\",\"@graph\":[{\"@type\":\"WebPage\",\"@id\":\"https:\/\/www.matinspired.com\/fr\/kit-dattaque-macroscopique-pour-soudures-en-inox-tk04\/\",\"url\":\"https:\/\/www.matinspired.com\/fr\/kit-dattaque-macroscopique-pour-soudures-en-inox-tk04\/\",\"name\":\"Kit d'attaque macroscopique pour soudures en inox \u2013 TK04\",\"isPartOf\":{\"@id\":\"https:\/\/www.matinspired.com\/fr\/#website\"},\"primaryImageOfPage\":{\"@id\":\"https:\/\/www.matinspired.com\/fr\/kit-dattaque-macroscopique-pour-soudures-en-inox-tk04\/#primaryimage\"},\"image\":{\"@id\":\"https:\/\/www.matinspired.com\/fr\/kit-dattaque-macroscopique-pour-soudures-en-inox-tk04\/#primaryimage\"},\"thumbnailUrl\":\"https:\/\/www.matinspired.com\/wp-content\/uploads\/2025\/01\/TK04ENWIT-2.jpg\",\"datePublished\":\"2025-01-24T11:39:36+00:00\",\"dateModified\":\"2026-02-11T12:59:15+00:00\",\"description\":\"Un kit de test professionnel pour la microscopie macroscopique des sections transversales de soudures en acier inoxydable, permettant une inspection du mat\u00e9riau s\u00fbre, rapide et pr\u00e9cise.\",\"breadcrumb\":{\"@id\":\"https:\/\/www.matinspired.com\/fr\/kit-dattaque-macroscopique-pour-soudures-en-inox-tk04\/#breadcrumb\"},\"inLanguage\":\"fr-FR\",\"potentialAction\":[{\"@type\":\"ReadAction\",\"target\":[\"https:\/\/www.matinspired.com\/fr\/kit-dattaque-macroscopique-pour-soudures-en-inox-tk04\/\"]}]},{\"@type\":\"ImageObject\",\"inLanguage\":\"fr-FR\",\"@id\":\"https:\/\/www.matinspired.com\/fr\/kit-dattaque-macroscopique-pour-soudures-en-inox-tk04\/#primaryimage\",\"url\":\"https:\/\/www.matinspired.com\/wp-content\/uploads\/2025\/01\/TK04ENWIT-2.jpg\",\"contentUrl\":\"https:\/\/www.matinspired.com\/wp-content\/uploads\/2025\/01\/TK04ENWIT-2.jpg\"},{\"@type\":\"BreadcrumbList\",\"@id\":\"https:\/\/www.matinspired.com\/fr\/kit-dattaque-macroscopique-pour-soudures-en-inox-tk04\/#breadcrumb\",\"itemListElement\":[{\"@type\":\"ListItem\",\"position\":1,\"name\":\"Home\",\"item\":\"https:\/\/www.matinspired.com\/fr\/\"},{\"@type\":\"ListItem\",\"position\":2,\"name\":\"Kit d&#8217;attaque macroscopique pour soudures en inox \u2013 TK04\"}]},{\"@type\":\"WebSite\",\"@id\":\"https:\/\/www.matinspired.com\/fr\/#website\",\"url\":\"https:\/\/www.matinspired.com\/fr\/\",\"name\":\"Matinspired.com\",\"description\":\"Chromium-6 test kits and more\",\"publisher\":{\"@id\":\"https:\/\/www.matinspired.com\/fr\/#organization\"},\"potentialAction\":[{\"@type\":\"SearchAction\",\"target\":{\"@type\":\"EntryPoint\",\"urlTemplate\":\"https:\/\/www.matinspired.com\/fr\/?s={search_term_string}\"},\"query-input\":{\"@type\":\"PropertyValueSpecification\",\"valueRequired\":true,\"valueName\":\"search_term_string\"}}],\"inLanguage\":\"fr-FR\"},{\"@type\":\"Organization\",\"@id\":\"https:\/\/www.matinspired.com\/fr\/#organization\",\"name\":\"MATinspired B.V.\",\"url\":\"https:\/\/www.matinspired.com\/fr\/\",\"logo\":{\"@type\":\"ImageObject\",\"inLanguage\":\"fr-FR\",\"@id\":\"https:\/\/www.matinspired.com\/fr\/#\/schema\/logo\/image\/\",\"url\":\"https:\/\/www.matinspired.com\/wp-content\/uploads\/2023\/03\/LogoMATinspiredPO-696x969-1.jpg\",\"contentUrl\":\"https:\/\/www.matinspired.com\/wp-content\/uploads\/2023\/03\/LogoMATinspiredPO-696x969-1.jpg\",\"width\":696,\"height\":696,\"caption\":\"MATinspired B.V.\"},\"image\":{\"@id\":\"https:\/\/www.matinspired.com\/fr\/#\/schema\/logo\/image\/\"},\"sameAs\":[\"https:\/\/x.com\/MATinspired\"]}]}<\/script>\n<!-- \/ Yoast SEO plugin. -->","yoast_head_json":{"title":"Kit d'attaque macroscopique pour soudures en inox \u2013 TK04","description":"Un kit de test professionnel pour la microscopie macroscopique des sections transversales de soudures en acier inoxydable, permettant une inspection du mat\u00e9riau s\u00fbre, rapide et pr\u00e9cise.","robots":{"index":"index","follow":"follow","max-snippet":"max-snippet:-1","max-image-preview":"max-image-preview:large","max-video-preview":"max-video-preview:-1"},"canonical":"https:\/\/www.matinspired.com\/fr\/kit-dattaque-macroscopique-pour-soudures-en-inox-tk04\/","og_locale":"fr_FR","og_type":"article","og_title":"Kit d'attaque macroscopique pour soudures en inox \u2013 TK04","og_description":"Un kit de test professionnel pour la microscopie macroscopique des sections transversales de soudures en acier inoxydable, permettant une inspection du mat\u00e9riau s\u00fbre, rapide et pr\u00e9cise.","og_url":"https:\/\/www.matinspired.com\/fr\/kit-dattaque-macroscopique-pour-soudures-en-inox-tk04\/","og_site_name":"Matinspired.com","article_modified_time":"2026-02-11T12:59:15+00:00","og_image":[{"url":"https:\/\/www.matinspired.com\/wp-content\/uploads\/2025\/01\/TK04ENWIT-2.jpg","type":"","width":"","height":""}],"twitter_card":"summary_large_image","twitter_site":"@MATinspired","twitter_misc":{"Dur\u00e9e de lecture estim\u00e9e":"3 minutes"},"schema":{"@context":"https:\/\/schema.org","@graph":[{"@type":"WebPage","@id":"https:\/\/www.matinspired.com\/fr\/kit-dattaque-macroscopique-pour-soudures-en-inox-tk04\/","url":"https:\/\/www.matinspired.com\/fr\/kit-dattaque-macroscopique-pour-soudures-en-inox-tk04\/","name":"Kit d'attaque macroscopique pour soudures en inox \u2013 TK04","isPartOf":{"@id":"https:\/\/www.matinspired.com\/fr\/#website"},"primaryImageOfPage":{"@id":"https:\/\/www.matinspired.com\/fr\/kit-dattaque-macroscopique-pour-soudures-en-inox-tk04\/#primaryimage"},"image":{"@id":"https:\/\/www.matinspired.com\/fr\/kit-dattaque-macroscopique-pour-soudures-en-inox-tk04\/#primaryimage"},"thumbnailUrl":"https:\/\/www.matinspired.com\/wp-content\/uploads\/2025\/01\/TK04ENWIT-2.jpg","datePublished":"2025-01-24T11:39:36+00:00","dateModified":"2026-02-11T12:59:15+00:00","description":"Un kit de test professionnel pour la microscopie macroscopique des sections transversales de soudures en acier inoxydable, permettant une inspection du mat\u00e9riau s\u00fbre, rapide et pr\u00e9cise.","breadcrumb":{"@id":"https:\/\/www.matinspired.com\/fr\/kit-dattaque-macroscopique-pour-soudures-en-inox-tk04\/#breadcrumb"},"inLanguage":"fr-FR","potentialAction":[{"@type":"ReadAction","target":["https:\/\/www.matinspired.com\/fr\/kit-dattaque-macroscopique-pour-soudures-en-inox-tk04\/"]}]},{"@type":"ImageObject","inLanguage":"fr-FR","@id":"https:\/\/www.matinspired.com\/fr\/kit-dattaque-macroscopique-pour-soudures-en-inox-tk04\/#primaryimage","url":"https:\/\/www.matinspired.com\/wp-content\/uploads\/2025\/01\/TK04ENWIT-2.jpg","contentUrl":"https:\/\/www.matinspired.com\/wp-content\/uploads\/2025\/01\/TK04ENWIT-2.jpg"},{"@type":"BreadcrumbList","@id":"https:\/\/www.matinspired.com\/fr\/kit-dattaque-macroscopique-pour-soudures-en-inox-tk04\/#breadcrumb","itemListElement":[{"@type":"ListItem","position":1,"name":"Home","item":"https:\/\/www.matinspired.com\/fr\/"},{"@type":"ListItem","position":2,"name":"Kit d&#8217;attaque macroscopique pour soudures en inox \u2013 TK04"}]},{"@type":"WebSite","@id":"https:\/\/www.matinspired.com\/fr\/#website","url":"https:\/\/www.matinspired.com\/fr\/","name":"Matinspired.com","description":"Chromium-6 test kits and more","publisher":{"@id":"https:\/\/www.matinspired.com\/fr\/#organization"},"potentialAction":[{"@type":"SearchAction","target":{"@type":"EntryPoint","urlTemplate":"https:\/\/www.matinspired.com\/fr\/?s={search_term_string}"},"query-input":{"@type":"PropertyValueSpecification","valueRequired":true,"valueName":"search_term_string"}}],"inLanguage":"fr-FR"},{"@type":"Organization","@id":"https:\/\/www.matinspired.com\/fr\/#organization","name":"MATinspired B.V.","url":"https:\/\/www.matinspired.com\/fr\/","logo":{"@type":"ImageObject","inLanguage":"fr-FR","@id":"https:\/\/www.matinspired.com\/fr\/#\/schema\/logo\/image\/","url":"https:\/\/www.matinspired.com\/wp-content\/uploads\/2023\/03\/LogoMATinspiredPO-696x969-1.jpg","contentUrl":"https:\/\/www.matinspired.com\/wp-content\/uploads\/2023\/03\/LogoMATinspiredPO-696x969-1.jpg","width":696,"height":696,"caption":"MATinspired B.V."},"image":{"@id":"https:\/\/www.matinspired.com\/fr\/#\/schema\/logo\/image\/"},"sameAs":["https:\/\/x.com\/MATinspired"]}]}},"jetpack_sharing_enabled":true,"_links":{"self":[{"href":"https:\/\/www.matinspired.com\/fr\/wp-json\/wp\/v2\/pages\/64122","targetHints":{"allow":["GET"]}}],"collection":[{"href":"https:\/\/www.matinspired.com\/fr\/wp-json\/wp\/v2\/pages"}],"about":[{"href":"https:\/\/www.matinspired.com\/fr\/wp-json\/wp\/v2\/types\/page"}],"author":[{"embeddable":true,"href":"https:\/\/www.matinspired.com\/fr\/wp-json\/wp\/v2\/users\/3"}],"replies":[{"embeddable":true,"href":"https:\/\/www.matinspired.com\/fr\/wp-json\/wp\/v2\/comments?post=64122"}],"version-history":[{"count":4,"href":"https:\/\/www.matinspired.com\/fr\/wp-json\/wp\/v2\/pages\/64122\/revisions"}],"predecessor-version":[{"id":72982,"href":"https:\/\/www.matinspired.com\/fr\/wp-json\/wp\/v2\/pages\/64122\/revisions\/72982"}],"wp:attachment":[{"href":"https:\/\/www.matinspired.com\/fr\/wp-json\/wp\/v2\/media?parent=64122"}],"curies":[{"name":"wp","href":"https:\/\/api.w.org\/{rel}","templated":true}]}}