{"id":3801,"date":"2023-02-23T10:36:08","date_gmt":"2023-02-23T09:36:08","guid":{"rendered":"https:\/\/www.matinspired.com\/chloride-detection-test\/"},"modified":"2026-03-06T14:06:29","modified_gmt":"2026-03-06T13:06:29","slug":"sel-detection-test-tk21","status":"publish","type":"page","link":"https:\/\/www.matinspired.com\/fr\/sel-detection-test-tk21\/","title":{"rendered":"Test de D\u00e9tection du Sel \/ Test au Nitrate d&rsquo;Argent &#8211; TK21"},"content":{"rendered":"\n\n\t\n<h1><strong>Sel D\u00e9tection Test &#8211; TK21<\/strong><\/h1>\n<p>&nbsp;<\/p>\n\t<strong>Sel<br \/>\nD\u00e9tection Test &#8211; TK21<br \/>\n<\/strong><strong><em>pour la d\u00e9tection de r\u00e9sidus de sel marin ou de sel de d\u00e9neigement sur m\u00e9tal<\/em><\/strong>\n<p>Ce test permet de d\u00e9tecter des traces de sel sur votre m\u00e9tal. Ce sel peut par exemple provenir de l&rsquo;eau de mer ou du sel de voirie. Le sel entra\u00eene souvent une corrosion\/rouille acc\u00e9l\u00e9r\u00e9e des m\u00e9taux, ce qui peut donc endommager consid\u00e9rablement les produits m\u00e9talliques.<\/p>\n<p>Avec ce flacon compte-gouttes (15 ml), vous pouvez effectuer environ 100 tests.<\/p>\n<p><strong>Comment effectuer ce test<\/strong><\/p>\n<p>L&rsquo;\u00e9preuve est simple. \u00c0 l&rsquo;aide du flacon compte-gouttes, vous pouvez appliquer quelques gouttes de la solution de nitrate d&rsquo;argent sur tout type de m\u00e9tal. Si des chlorures sont pr\u00e9sents, comme le sel marin ou le sel de d\u00e9neigement, la solution r\u00e9agira avec eux et produira une couleur blanc laiteux.<\/p>\n<p><strong>Quelques applications de ce test<\/strong><\/p>\n<p>Avec ce test, vous pouvez, par exemple, v\u00e9rifier l&rsquo;espace de chargement vide des navires de mer pour les r\u00e9sidus d&rsquo;eau de mer, c&rsquo;est-\u00e0-dire les r\u00e9sidus de sel marin. De cette fa\u00e7on, vous pouvez \u00e9viter que les nouvelles exp\u00e9ditions de m\u00e9tal ne soient contamin\u00e9es par l&rsquo;eau de mer, ce qui peut entra\u00eener de la rouille et des dommages. Il est donc recommand\u00e9 d&rsquo;avoir toujours ce test de d\u00e9tection de chlorure (test de nitrate d&rsquo;argent) \u00e0 bord.<\/p>\n<p>De plus, vous pouvez utiliser ce test pour v\u00e9rifier, par exemple, si des r\u00e9sidus de sel sont pr\u00e9sents sur le m\u00e9tal fourni. Par exemple, du sel marin ou du sel de d\u00e9neigement peut avoir p\u00e9n\u00e9tr\u00e9 dans le m\u00e9tal pendant le transport.<\/p>\n<p><strong>Surfaces m\u00e9talliques adapt\u00e9es<\/strong><\/p>\n<p>Le kit de test de d\u00e9tection du sel TK21 convient \u00e0 une large gamme de m\u00e9taux, notamment l&rsquo;acier, l&rsquo;acier inoxydable, l&rsquo;aluminium et les surfaces peintes. Pour tester les surfaces en zinc ou recouvertes de zinc, le kit d&rsquo;extension TK21EX pour le zinc est n\u00e9cessaire en plus du kit de test de d\u00e9tection du sel TK21. Si vous souhaitez commander le kit d&rsquo;extension TK21EX, il vous suffit de le mentionner dans le formulaire de devis.<\/p>\n<strong>Contexte<br \/>\n<\/strong><br \/>\nCe test d\u00e9tecte le chlore dans le sel (chlorure de sodium). Ce test contient du nitrate d&rsquo;argent comme r\u00e9actif et est donc parfois appel\u00e9 test au nitrate d&rsquo;argent.\n<figure itemscope itemtype=\"https:\/\/schema.org\/ImageObject\">\n\t\t\t\t<img decoding=\"async\" src=\"https:\/\/www.matinspired.com\/wp-content\/uploads\/2025\/12\/TK21_Testkit_saltdetection-1-scaled.jpg\" alt=\"Read More\" height=\"1687\" width=\"2560\" title=\"TK21_Testkit_saltdetection\" onerror=\"this.style.display='none'\" loading=\"lazy\" \/>\n\t<\/figure>\n<figure itemscope itemtype=\"https:\/\/schema.org\/ImageObject\">\n\t\t\t\t<img decoding=\"async\" src=\"https:\/\/www.matinspired.com\/wp-content\/uploads\/2023\/05\/TK21-Salt-test-example-low-resolution-jpg.webp\" alt=\"If chlorides are present - such as sea salt or road salt - the solution will react with them and produce a milky white colour.\" height=\"680\" width=\"800\" title=\"TK21 Salt test example - low resolution\" onerror=\"this.style.display='none'\" loading=\"lazy\" \/>\n\t<\/figure>\n\t\t\t<a href=\"https:\/\/www.matinspired.com\/fr\/demande-de-devis\/?artikel=TK21%20-%20Sel%20D\u00e9tection%20Test&#038;aantal-other=1\"  target=\"_self\">\n\t\t\t\t\t\tDemande de devis\n\t\t\t\t\t<\/a>\n\t<em>La commande n&rsquo;est possible que pour les entreprises.<br \/>\n<\/em><em>Vous recevrez notre devis par e-mail dans un ou deux jours ouvr\u00e9s. Apr\u00e8s votre acceptation de notre devis, nous enverrons le kit de test aussi rapide que possible.<\/em>\n\t<p><i> Avis de non-responsabilit\u00e9<br \/>\nBien que ce produit ait \u00e9t\u00e9 \u00e9labor\u00e9 avec le plus grand soin, MATinspired B.V. ne peut \u00eatre tenu responsable des dommages r\u00e9sultant de l&rsquo;utilisation ou du contact avec le produit. Cette m\u00e9thode de mesure ne donne qu&rsquo;une indication, et MATinspired B.V. n&rsquo;est pas responsable des r\u00e9sultats des tests. <\/i><\/p>\n\n\n","protected":false},"excerpt":{"rendered":"<p>Sel D\u00e9tection Test &#8211; TK21 &nbsp; Sel D\u00e9tection Test &#8211; TK21 pour la d\u00e9tection de r\u00e9sidus de sel marin ou de sel de d\u00e9neigement sur m\u00e9tal Ce test permet de d\u00e9tecter des traces de sel sur votre m\u00e9tal. Ce sel peut par exemple provenir de l&rsquo;eau de mer ou du sel de voirie. Le sel&#8230;<\/p>\n","protected":false},"author":3,"featured_media":0,"parent":0,"menu_order":0,"comment_status":"closed","ping_status":"closed","template":"","meta":{"footnotes":""},"class_list":["post-3801","page","type-page","status-publish","hentry"],"yoast_head":"<!-- This site is optimized with the Yoast SEO plugin v27.2 - https:\/\/yoast.com\/product\/yoast-seo-wordpress\/ -->\n<title>Test de D\u00e9tection du Sel \/ Test au Nitrate d&#039;Argent - TK21<\/title>\n<meta name=\"description\" content=\"Ce test permet de d\u00e9tecter des traces de sel sur votre m\u00e9tal. Ce sel peut par exemple provenir de l&#039;eau de mer ou du sel de voirie.D\u00e9tectez les r\u00e9sidus de sel (chlorures) sur les surfaces m\u00e9talliques \u00e0 l&#039;aide du kit de test au nitrate d&#039;argent TK21. Pr\u00e9venez la corrosion caus\u00e9e par l&#039;eau de mer ou le sel de d\u00e9neigement. Rapide et efficace.\" \/>\n<meta name=\"robots\" content=\"index, follow, max-snippet:-1, max-image-preview:large, max-video-preview:-1\" \/>\n<link rel=\"canonical\" href=\"https:\/\/www.matinspired.com\/fr\/sel-detection-test-tk21\/\" \/>\n<meta property=\"og:locale\" content=\"fr_FR\" \/>\n<meta property=\"og:type\" content=\"article\" \/>\n<meta property=\"og:title\" content=\"Test de D\u00e9tection du Sel \/ Test au Nitrate d&#039;Argent - TK21\" \/>\n<meta property=\"og:description\" content=\"Ce test permet de d\u00e9tecter des traces de sel sur votre m\u00e9tal. Ce sel peut par exemple provenir de l&#039;eau de mer ou du sel de voirie.D\u00e9tectez les r\u00e9sidus de sel (chlorures) sur les surfaces m\u00e9talliques \u00e0 l&#039;aide du kit de test au nitrate d&#039;argent TK21. Pr\u00e9venez la corrosion caus\u00e9e par l&#039;eau de mer ou le sel de d\u00e9neigement. Rapide et efficace.\" \/>\n<meta property=\"og:url\" content=\"https:\/\/www.matinspired.com\/fr\/sel-detection-test-tk21\/\" \/>\n<meta property=\"og:site_name\" content=\"Matinspired.com\" \/>\n<meta property=\"article:modified_time\" content=\"2026-03-06T13:06:29+00:00\" \/>\n<meta property=\"og:image\" content=\"https:\/\/www.matinspired.com\/wp-content\/uploads\/2025\/12\/TK21_Testkit_saltdetection-1-scaled.jpg\" \/>\n<meta name=\"twitter:card\" content=\"summary_large_image\" \/>\n<meta name=\"twitter:site\" content=\"@MATinspired\" \/>\n<meta name=\"twitter:label1\" content=\"Dur\u00e9e de lecture estim\u00e9e\" \/>\n\t<meta name=\"twitter:data1\" content=\"3 minutes\" \/>\n<script type=\"application\/ld+json\" class=\"yoast-schema-graph\">{\"@context\":\"https:\/\/schema.org\",\"@graph\":[{\"@type\":\"WebPage\",\"@id\":\"https:\/\/www.matinspired.com\/fr\/sel-detection-test-tk21\/\",\"url\":\"https:\/\/www.matinspired.com\/fr\/sel-detection-test-tk21\/\",\"name\":\"Test de D\u00e9tection du Sel \/ Test au Nitrate d'Argent - TK21\",\"isPartOf\":{\"@id\":\"https:\/\/www.matinspired.com\/fr\/#website\"},\"primaryImageOfPage\":{\"@id\":\"https:\/\/www.matinspired.com\/fr\/sel-detection-test-tk21\/#primaryimage\"},\"image\":{\"@id\":\"https:\/\/www.matinspired.com\/fr\/sel-detection-test-tk21\/#primaryimage\"},\"thumbnailUrl\":\"https:\/\/www.matinspired.com\/wp-content\/uploads\/2025\/12\/TK21_Testkit_saltdetection-1-scaled.jpg\",\"datePublished\":\"2023-02-23T09:36:08+00:00\",\"dateModified\":\"2026-03-06T13:06:29+00:00\",\"description\":\"Ce test permet de d\u00e9tecter des traces de sel sur votre m\u00e9tal. Ce sel peut par exemple provenir de l'eau de mer ou du sel de voirie.D\u00e9tectez les r\u00e9sidus de sel (chlorures) sur les surfaces m\u00e9talliques \u00e0 l'aide du kit de test au nitrate d'argent TK21. Pr\u00e9venez la corrosion caus\u00e9e par l'eau de mer ou le sel de d\u00e9neigement. Rapide et efficace.\",\"breadcrumb\":{\"@id\":\"https:\/\/www.matinspired.com\/fr\/sel-detection-test-tk21\/#breadcrumb\"},\"inLanguage\":\"fr-FR\",\"potentialAction\":[{\"@type\":\"ReadAction\",\"target\":[\"https:\/\/www.matinspired.com\/fr\/sel-detection-test-tk21\/\"]}]},{\"@type\":\"ImageObject\",\"inLanguage\":\"fr-FR\",\"@id\":\"https:\/\/www.matinspired.com\/fr\/sel-detection-test-tk21\/#primaryimage\",\"url\":\"https:\/\/www.matinspired.com\/wp-content\/uploads\/2025\/12\/TK21_Testkit_saltdetection-1-scaled.jpg\",\"contentUrl\":\"https:\/\/www.matinspired.com\/wp-content\/uploads\/2025\/12\/TK21_Testkit_saltdetection-1-scaled.jpg\"},{\"@type\":\"BreadcrumbList\",\"@id\":\"https:\/\/www.matinspired.com\/fr\/sel-detection-test-tk21\/#breadcrumb\",\"itemListElement\":[{\"@type\":\"ListItem\",\"position\":1,\"name\":\"Home\",\"item\":\"https:\/\/www.matinspired.com\/fr\/\"},{\"@type\":\"ListItem\",\"position\":2,\"name\":\"Test de D\u00e9tection du Sel \/ Test au Nitrate d&rsquo;Argent &#8211; TK21\"}]},{\"@type\":\"WebSite\",\"@id\":\"https:\/\/www.matinspired.com\/fr\/#website\",\"url\":\"https:\/\/www.matinspired.com\/fr\/\",\"name\":\"Matinspired.com\",\"description\":\"Chromium-6 test kits and more\",\"publisher\":{\"@id\":\"https:\/\/www.matinspired.com\/fr\/#organization\"},\"potentialAction\":[{\"@type\":\"SearchAction\",\"target\":{\"@type\":\"EntryPoint\",\"urlTemplate\":\"https:\/\/www.matinspired.com\/fr\/?s={search_term_string}\"},\"query-input\":{\"@type\":\"PropertyValueSpecification\",\"valueRequired\":true,\"valueName\":\"search_term_string\"}}],\"inLanguage\":\"fr-FR\"},{\"@type\":\"Organization\",\"@id\":\"https:\/\/www.matinspired.com\/fr\/#organization\",\"name\":\"MATinspired B.V.\",\"url\":\"https:\/\/www.matinspired.com\/fr\/\",\"logo\":{\"@type\":\"ImageObject\",\"inLanguage\":\"fr-FR\",\"@id\":\"https:\/\/www.matinspired.com\/fr\/#\/schema\/logo\/image\/\",\"url\":\"https:\/\/www.matinspired.com\/wp-content\/uploads\/2023\/03\/LogoMATinspiredPO-696x969-1.jpg\",\"contentUrl\":\"https:\/\/www.matinspired.com\/wp-content\/uploads\/2023\/03\/LogoMATinspiredPO-696x969-1.jpg\",\"width\":696,\"height\":696,\"caption\":\"MATinspired B.V.\"},\"image\":{\"@id\":\"https:\/\/www.matinspired.com\/fr\/#\/schema\/logo\/image\/\"},\"sameAs\":[\"https:\/\/x.com\/MATinspired\"]}]}<\/script>\n<!-- \/ Yoast SEO plugin. -->","yoast_head_json":{"title":"Test de D\u00e9tection du Sel \/ Test au Nitrate d'Argent - TK21","description":"Ce test permet de d\u00e9tecter des traces de sel sur votre m\u00e9tal. Ce sel peut par exemple provenir de l'eau de mer ou du sel de voirie.D\u00e9tectez les r\u00e9sidus de sel (chlorures) sur les surfaces m\u00e9talliques \u00e0 l'aide du kit de test au nitrate d'argent TK21. Pr\u00e9venez la corrosion caus\u00e9e par l'eau de mer ou le sel de d\u00e9neigement. Rapide et efficace.","robots":{"index":"index","follow":"follow","max-snippet":"max-snippet:-1","max-image-preview":"max-image-preview:large","max-video-preview":"max-video-preview:-1"},"canonical":"https:\/\/www.matinspired.com\/fr\/sel-detection-test-tk21\/","og_locale":"fr_FR","og_type":"article","og_title":"Test de D\u00e9tection du Sel \/ Test au Nitrate d'Argent - TK21","og_description":"Ce test permet de d\u00e9tecter des traces de sel sur votre m\u00e9tal. Ce sel peut par exemple provenir de l'eau de mer ou du sel de voirie.D\u00e9tectez les r\u00e9sidus de sel (chlorures) sur les surfaces m\u00e9talliques \u00e0 l'aide du kit de test au nitrate d'argent TK21. Pr\u00e9venez la corrosion caus\u00e9e par l'eau de mer ou le sel de d\u00e9neigement. Rapide et efficace.","og_url":"https:\/\/www.matinspired.com\/fr\/sel-detection-test-tk21\/","og_site_name":"Matinspired.com","article_modified_time":"2026-03-06T13:06:29+00:00","og_image":[{"url":"https:\/\/www.matinspired.com\/wp-content\/uploads\/2025\/12\/TK21_Testkit_saltdetection-1-scaled.jpg","type":"","width":"","height":""}],"twitter_card":"summary_large_image","twitter_site":"@MATinspired","twitter_misc":{"Dur\u00e9e de lecture estim\u00e9e":"3 minutes"},"schema":{"@context":"https:\/\/schema.org","@graph":[{"@type":"WebPage","@id":"https:\/\/www.matinspired.com\/fr\/sel-detection-test-tk21\/","url":"https:\/\/www.matinspired.com\/fr\/sel-detection-test-tk21\/","name":"Test de D\u00e9tection du Sel \/ Test au Nitrate d'Argent - TK21","isPartOf":{"@id":"https:\/\/www.matinspired.com\/fr\/#website"},"primaryImageOfPage":{"@id":"https:\/\/www.matinspired.com\/fr\/sel-detection-test-tk21\/#primaryimage"},"image":{"@id":"https:\/\/www.matinspired.com\/fr\/sel-detection-test-tk21\/#primaryimage"},"thumbnailUrl":"https:\/\/www.matinspired.com\/wp-content\/uploads\/2025\/12\/TK21_Testkit_saltdetection-1-scaled.jpg","datePublished":"2023-02-23T09:36:08+00:00","dateModified":"2026-03-06T13:06:29+00:00","description":"Ce test permet de d\u00e9tecter des traces de sel sur votre m\u00e9tal. Ce sel peut par exemple provenir de l'eau de mer ou du sel de voirie.D\u00e9tectez les r\u00e9sidus de sel (chlorures) sur les surfaces m\u00e9talliques \u00e0 l'aide du kit de test au nitrate d'argent TK21. Pr\u00e9venez la corrosion caus\u00e9e par l'eau de mer ou le sel de d\u00e9neigement. Rapide et efficace.","breadcrumb":{"@id":"https:\/\/www.matinspired.com\/fr\/sel-detection-test-tk21\/#breadcrumb"},"inLanguage":"fr-FR","potentialAction":[{"@type":"ReadAction","target":["https:\/\/www.matinspired.com\/fr\/sel-detection-test-tk21\/"]}]},{"@type":"ImageObject","inLanguage":"fr-FR","@id":"https:\/\/www.matinspired.com\/fr\/sel-detection-test-tk21\/#primaryimage","url":"https:\/\/www.matinspired.com\/wp-content\/uploads\/2025\/12\/TK21_Testkit_saltdetection-1-scaled.jpg","contentUrl":"https:\/\/www.matinspired.com\/wp-content\/uploads\/2025\/12\/TK21_Testkit_saltdetection-1-scaled.jpg"},{"@type":"BreadcrumbList","@id":"https:\/\/www.matinspired.com\/fr\/sel-detection-test-tk21\/#breadcrumb","itemListElement":[{"@type":"ListItem","position":1,"name":"Home","item":"https:\/\/www.matinspired.com\/fr\/"},{"@type":"ListItem","position":2,"name":"Test de D\u00e9tection du Sel \/ Test au Nitrate d&rsquo;Argent &#8211; TK21"}]},{"@type":"WebSite","@id":"https:\/\/www.matinspired.com\/fr\/#website","url":"https:\/\/www.matinspired.com\/fr\/","name":"Matinspired.com","description":"Chromium-6 test kits and more","publisher":{"@id":"https:\/\/www.matinspired.com\/fr\/#organization"},"potentialAction":[{"@type":"SearchAction","target":{"@type":"EntryPoint","urlTemplate":"https:\/\/www.matinspired.com\/fr\/?s={search_term_string}"},"query-input":{"@type":"PropertyValueSpecification","valueRequired":true,"valueName":"search_term_string"}}],"inLanguage":"fr-FR"},{"@type":"Organization","@id":"https:\/\/www.matinspired.com\/fr\/#organization","name":"MATinspired B.V.","url":"https:\/\/www.matinspired.com\/fr\/","logo":{"@type":"ImageObject","inLanguage":"fr-FR","@id":"https:\/\/www.matinspired.com\/fr\/#\/schema\/logo\/image\/","url":"https:\/\/www.matinspired.com\/wp-content\/uploads\/2023\/03\/LogoMATinspiredPO-696x969-1.jpg","contentUrl":"https:\/\/www.matinspired.com\/wp-content\/uploads\/2023\/03\/LogoMATinspiredPO-696x969-1.jpg","width":696,"height":696,"caption":"MATinspired B.V."},"image":{"@id":"https:\/\/www.matinspired.com\/fr\/#\/schema\/logo\/image\/"},"sameAs":["https:\/\/x.com\/MATinspired"]}]}},"jetpack_sharing_enabled":true,"_links":{"self":[{"href":"https:\/\/www.matinspired.com\/fr\/wp-json\/wp\/v2\/pages\/3801","targetHints":{"allow":["GET"]}}],"collection":[{"href":"https:\/\/www.matinspired.com\/fr\/wp-json\/wp\/v2\/pages"}],"about":[{"href":"https:\/\/www.matinspired.com\/fr\/wp-json\/wp\/v2\/types\/page"}],"author":[{"embeddable":true,"href":"https:\/\/www.matinspired.com\/fr\/wp-json\/wp\/v2\/users\/3"}],"replies":[{"embeddable":true,"href":"https:\/\/www.matinspired.com\/fr\/wp-json\/wp\/v2\/comments?post=3801"}],"version-history":[{"count":3,"href":"https:\/\/www.matinspired.com\/fr\/wp-json\/wp\/v2\/pages\/3801\/revisions"}],"predecessor-version":[{"id":74459,"href":"https:\/\/www.matinspired.com\/fr\/wp-json\/wp\/v2\/pages\/3801\/revisions\/74459"}],"wp:attachment":[{"href":"https:\/\/www.matinspired.com\/fr\/wp-json\/wp\/v2\/media?parent=3801"}],"curies":[{"name":"wp","href":"https:\/\/api.w.org\/{rel}","templated":true}]}}