{"id":3793,"date":"2023-03-16T11:43:50","date_gmt":"2023-03-16T10:43:50","guid":{"rendered":"https:\/\/www.matinspired.com\/303-stainless-steel-identification-testkit-tk14\/"},"modified":"2026-04-02T13:16:57","modified_gmt":"2026-04-02T11:16:57","slug":"303-stainless-steel-identification-testkit-tk14","status":"publish","type":"page","link":"https:\/\/www.matinspired.com\/fr\/303-stainless-steel-identification-testkit-tk14\/","title":{"rendered":"Kit de test d&rsquo;identification en acier inoxydable 303 &#8211; TK14"},"content":{"rendered":"\n\n\t<h1><strong>Kit de test d&rsquo;identification en acier inoxydable 303 &#8211; TK14<\/strong><\/h1>\n<p>&nbsp;<\/p>\n<figure itemscope itemtype=\"https:\/\/schema.org\/ImageObject\">\n\t\t\t\t<img decoding=\"async\" src=\"https:\/\/www.matinspired.com\/wp-content\/plugins\/bb-plugin\/img\/pixel.png\" alt=\"\" onerror=\"this.style.display='none'\" loading=\"lazy\" \/>\n\t<\/figure>\n\t<h2><strong>Acier inoxydable 303<br \/>\n<\/strong><strong>Kit de test d&rsquo;identification &#8211; TK14<\/strong><em><strong><br \/>\n<\/strong><\/em><\/h2>\n<p>Ce kit de test vous permet d&rsquo;identifier facilement l&rsquo;inox 303 : si vous avez de l&rsquo;inox 303 le test donnera un r\u00e9sultat noir clair.<\/p>\n<p>Vous pouvez effectuer environ 30 tests avec ce kit de test. Un test ne prend que deux minutes.<\/p>\n\t<h3><strong>Usage<\/strong><\/h3>\n<p>Vous pouvez facilement et rapidement tester si votre acier inoxydable est de type Vous pouvez facilement et rapidement tester si votre acier inoxydable est de type 303 ou d&rsquo;un autre type tel que 304 : lorsque votre acier inoxydable est de type 303, le test donne une d\u00e9coloration noire nette. Cette d\u00e9coloration est caus\u00e9e par la pr\u00e9sence de soufre dans l&rsquo;inox 303. Avec par exemple du 304 (ou du 316), l&rsquo;\u00e9preuve reste blanche car elle ne contient pas de soufre.<\/p>\n<p><strong>Fond d&rsquo;acier inoxydable 303<\/strong><\/p>\n<p>L&rsquo;acier inoxydable 303 est tr\u00e8s adapt\u00e9 \u00e0 l&rsquo;usinage en raison de l&rsquo;ajout de l&rsquo;\u00e9l\u00e9ment soufre. Cependant, le soufre a un effet n\u00e9gatif sur la formabilit\u00e9, la soudabilit\u00e9 et la r\u00e9sistance \u00e0 la corrosion. L&rsquo;acier inoxydable 304 (et 316) ne contient pas de soufre. En cons\u00e9quence, l&rsquo;acier inoxydable 304 a une bonne r\u00e9sistance \u00e0 la corrosion et est facile \u00e0 souder.<\/p>\n<figure itemscope itemtype=\"https:\/\/schema.org\/ImageObject\">\n\t\t\t\t<img decoding=\"async\" src=\"https:\/\/www.matinspired.com\/wp-content\/uploads\/2023\/03\/IMG_8358-1024x683-1.jpg\" alt=\"303 Stainless Steel Identification Test Kit - TK14\" height=\"683\" width=\"1024\" title=\"IMG_8358-1024x683\" onerror=\"this.style.display='none'\" loading=\"lazy\" \/>\n\t<\/figure>\n\t\t\t<a href=\"https:\/\/www.matinspired.com\/fr\/demande-de-devis\/?artikel=TK14%20-%20Kit%20de%20test%20d&#039;identification%20en%20acier%20inoxydable%20303&#038;aantal-other=1\"  target=\"_self\">\n\t\t\t\t\t\tQuotation Request\n\t\t\t\t\t<\/a>\n\t<em>La commande n&rsquo;est possible que pour les entreprises.<br \/>\n<\/em><em>Vous recevrez notre devis par e-mail dans un ou deux jours ouvr\u00e9s. Apr\u00e8s votre acceptation de notre devis, nous enverrons le kit de test aussi rapide que possible.<\/em>\n\t<p><i> Avis de non-responsabilit\u00e9<br \/>\nBien que ce produit ait \u00e9t\u00e9 \u00e9labor\u00e9 avec le plus grand soin, MATinspired B.V. ne peut \u00eatre tenu responsable des dommages r\u00e9sultant de l&rsquo;utilisation ou du contact avec le produit. Cette m\u00e9thode de mesure ne donne qu&rsquo;une indication, et MATinspired B.V. n&rsquo;est pas responsable des r\u00e9sultats des tests. <\/i><\/p>\n\n\n","protected":false},"excerpt":{"rendered":"<p>Kit de test d&rsquo;identification en acier inoxydable 303 &#8211; TK14 &nbsp; Acier inoxydable 303 Kit de test d&rsquo;identification &#8211; TK14 Ce kit de test vous permet d&rsquo;identifier facilement l&rsquo;inox 303 : si vous avez de l&rsquo;inox 303 le test donnera un r\u00e9sultat noir clair. Vous pouvez effectuer environ 30 tests avec ce kit de test&#8230;.<\/p>\n","protected":false},"author":3,"featured_media":0,"parent":0,"menu_order":0,"comment_status":"closed","ping_status":"closed","template":"","meta":{"footnotes":""},"class_list":["post-3793","page","type-page","status-publish","hentry"],"yoast_head":"<!-- This site is optimized with the Yoast SEO plugin v27.2 - https:\/\/yoast.com\/product\/yoast-seo-wordpress\/ -->\n<title>Kit de test d&#039;identification en acier inoxydable 303 - TK14 - Matinspired.com<\/title>\n<meta name=\"description\" content=\"This test kit allows you to easily identify 303 stainless steel: if you have a 303 stainless steel the test will give a clear black result.\" \/>\n<meta name=\"robots\" content=\"index, follow, max-snippet:-1, max-image-preview:large, max-video-preview:-1\" \/>\n<link rel=\"canonical\" href=\"https:\/\/www.matinspired.com\/fr\/303-stainless-steel-identification-testkit-tk14\/\" \/>\n<meta property=\"og:locale\" content=\"fr_FR\" \/>\n<meta property=\"og:type\" content=\"article\" \/>\n<meta property=\"og:title\" content=\"Kit de test d&#039;identification en acier inoxydable 303 - TK14 - Matinspired.com\" \/>\n<meta property=\"og:description\" content=\"This test kit allows you to easily identify 303 stainless steel: if you have a 303 stainless steel the test will give a clear black result.\" \/>\n<meta property=\"og:url\" content=\"https:\/\/www.matinspired.com\/fr\/303-stainless-steel-identification-testkit-tk14\/\" \/>\n<meta property=\"og:site_name\" content=\"Matinspired.com\" \/>\n<meta property=\"article:modified_time\" content=\"2026-04-02T11:16:57+00:00\" \/>\n<meta property=\"og:image\" content=\"https:\/\/www.matinspired.com\/wp-content\/plugins\/bb-plugin\/img\/pixel.png\" \/>\n<meta name=\"twitter:card\" content=\"summary_large_image\" \/>\n<meta name=\"twitter:site\" content=\"@MATinspired\" \/>\n<meta name=\"twitter:label1\" content=\"Dur\u00e9e de lecture estim\u00e9e\" \/>\n\t<meta name=\"twitter:data1\" content=\"2 minutes\" \/>\n<script type=\"application\/ld+json\" class=\"yoast-schema-graph\">{\"@context\":\"https:\/\/schema.org\",\"@graph\":[{\"@type\":\"WebPage\",\"@id\":\"https:\/\/www.matinspired.com\/fr\/303-stainless-steel-identification-testkit-tk14\/\",\"url\":\"https:\/\/www.matinspired.com\/fr\/303-stainless-steel-identification-testkit-tk14\/\",\"name\":\"Kit de test d'identification en acier inoxydable 303 - TK14 - Matinspired.com\",\"isPartOf\":{\"@id\":\"https:\/\/www.matinspired.com\/fr\/#website\"},\"primaryImageOfPage\":{\"@id\":\"https:\/\/www.matinspired.com\/fr\/303-stainless-steel-identification-testkit-tk14\/#primaryimage\"},\"image\":{\"@id\":\"https:\/\/www.matinspired.com\/fr\/303-stainless-steel-identification-testkit-tk14\/#primaryimage\"},\"thumbnailUrl\":\"https:\/\/www.matinspired.com\/wp-content\/plugins\/bb-plugin\/img\/pixel.png\",\"datePublished\":\"2023-03-16T10:43:50+00:00\",\"dateModified\":\"2026-04-02T11:16:57+00:00\",\"description\":\"This test kit allows you to easily identify 303 stainless steel: if you have a 303 stainless steel the test will give a clear black result.\",\"breadcrumb\":{\"@id\":\"https:\/\/www.matinspired.com\/fr\/303-stainless-steel-identification-testkit-tk14\/#breadcrumb\"},\"inLanguage\":\"fr-FR\",\"potentialAction\":[{\"@type\":\"ReadAction\",\"target\":[\"https:\/\/www.matinspired.com\/fr\/303-stainless-steel-identification-testkit-tk14\/\"]}]},{\"@type\":\"ImageObject\",\"inLanguage\":\"fr-FR\",\"@id\":\"https:\/\/www.matinspired.com\/fr\/303-stainless-steel-identification-testkit-tk14\/#primaryimage\",\"url\":\"https:\/\/www.matinspired.com\/wp-content\/plugins\/bb-plugin\/img\/pixel.png\",\"contentUrl\":\"https:\/\/www.matinspired.com\/wp-content\/plugins\/bb-plugin\/img\/pixel.png\"},{\"@type\":\"BreadcrumbList\",\"@id\":\"https:\/\/www.matinspired.com\/fr\/303-stainless-steel-identification-testkit-tk14\/#breadcrumb\",\"itemListElement\":[{\"@type\":\"ListItem\",\"position\":1,\"name\":\"Home\",\"item\":\"https:\/\/www.matinspired.com\/fr\/\"},{\"@type\":\"ListItem\",\"position\":2,\"name\":\"Kit de test d&rsquo;identification en acier inoxydable 303 &#8211; TK14\"}]},{\"@type\":\"WebSite\",\"@id\":\"https:\/\/www.matinspired.com\/fr\/#website\",\"url\":\"https:\/\/www.matinspired.com\/fr\/\",\"name\":\"Matinspired.com\",\"description\":\"Chromium-6 test kits and more\",\"publisher\":{\"@id\":\"https:\/\/www.matinspired.com\/fr\/#organization\"},\"potentialAction\":[{\"@type\":\"SearchAction\",\"target\":{\"@type\":\"EntryPoint\",\"urlTemplate\":\"https:\/\/www.matinspired.com\/fr\/?s={search_term_string}\"},\"query-input\":{\"@type\":\"PropertyValueSpecification\",\"valueRequired\":true,\"valueName\":\"search_term_string\"}}],\"inLanguage\":\"fr-FR\"},{\"@type\":\"Organization\",\"@id\":\"https:\/\/www.matinspired.com\/fr\/#organization\",\"name\":\"MATinspired B.V.\",\"url\":\"https:\/\/www.matinspired.com\/fr\/\",\"logo\":{\"@type\":\"ImageObject\",\"inLanguage\":\"fr-FR\",\"@id\":\"https:\/\/www.matinspired.com\/fr\/#\/schema\/logo\/image\/\",\"url\":\"https:\/\/www.matinspired.com\/wp-content\/uploads\/2023\/03\/LogoMATinspiredPO-696x969-1.jpg\",\"contentUrl\":\"https:\/\/www.matinspired.com\/wp-content\/uploads\/2023\/03\/LogoMATinspiredPO-696x969-1.jpg\",\"width\":696,\"height\":696,\"caption\":\"MATinspired B.V.\"},\"image\":{\"@id\":\"https:\/\/www.matinspired.com\/fr\/#\/schema\/logo\/image\/\"},\"sameAs\":[\"https:\/\/x.com\/MATinspired\"]}]}<\/script>\n<!-- \/ Yoast SEO plugin. -->","yoast_head_json":{"title":"Kit de test d'identification en acier inoxydable 303 - TK14 - Matinspired.com","description":"This test kit allows you to easily identify 303 stainless steel: if you have a 303 stainless steel the test will give a clear black result.","robots":{"index":"index","follow":"follow","max-snippet":"max-snippet:-1","max-image-preview":"max-image-preview:large","max-video-preview":"max-video-preview:-1"},"canonical":"https:\/\/www.matinspired.com\/fr\/303-stainless-steel-identification-testkit-tk14\/","og_locale":"fr_FR","og_type":"article","og_title":"Kit de test d'identification en acier inoxydable 303 - TK14 - Matinspired.com","og_description":"This test kit allows you to easily identify 303 stainless steel: if you have a 303 stainless steel the test will give a clear black result.","og_url":"https:\/\/www.matinspired.com\/fr\/303-stainless-steel-identification-testkit-tk14\/","og_site_name":"Matinspired.com","article_modified_time":"2026-04-02T11:16:57+00:00","og_image":[{"url":"https:\/\/www.matinspired.com\/wp-content\/plugins\/bb-plugin\/img\/pixel.png","type":"","width":"","height":""}],"twitter_card":"summary_large_image","twitter_site":"@MATinspired","twitter_misc":{"Dur\u00e9e de lecture estim\u00e9e":"2 minutes"},"schema":{"@context":"https:\/\/schema.org","@graph":[{"@type":"WebPage","@id":"https:\/\/www.matinspired.com\/fr\/303-stainless-steel-identification-testkit-tk14\/","url":"https:\/\/www.matinspired.com\/fr\/303-stainless-steel-identification-testkit-tk14\/","name":"Kit de test d'identification en acier inoxydable 303 - TK14 - Matinspired.com","isPartOf":{"@id":"https:\/\/www.matinspired.com\/fr\/#website"},"primaryImageOfPage":{"@id":"https:\/\/www.matinspired.com\/fr\/303-stainless-steel-identification-testkit-tk14\/#primaryimage"},"image":{"@id":"https:\/\/www.matinspired.com\/fr\/303-stainless-steel-identification-testkit-tk14\/#primaryimage"},"thumbnailUrl":"https:\/\/www.matinspired.com\/wp-content\/plugins\/bb-plugin\/img\/pixel.png","datePublished":"2023-03-16T10:43:50+00:00","dateModified":"2026-04-02T11:16:57+00:00","description":"This test kit allows you to easily identify 303 stainless steel: if you have a 303 stainless steel the test will give a clear black result.","breadcrumb":{"@id":"https:\/\/www.matinspired.com\/fr\/303-stainless-steel-identification-testkit-tk14\/#breadcrumb"},"inLanguage":"fr-FR","potentialAction":[{"@type":"ReadAction","target":["https:\/\/www.matinspired.com\/fr\/303-stainless-steel-identification-testkit-tk14\/"]}]},{"@type":"ImageObject","inLanguage":"fr-FR","@id":"https:\/\/www.matinspired.com\/fr\/303-stainless-steel-identification-testkit-tk14\/#primaryimage","url":"https:\/\/www.matinspired.com\/wp-content\/plugins\/bb-plugin\/img\/pixel.png","contentUrl":"https:\/\/www.matinspired.com\/wp-content\/plugins\/bb-plugin\/img\/pixel.png"},{"@type":"BreadcrumbList","@id":"https:\/\/www.matinspired.com\/fr\/303-stainless-steel-identification-testkit-tk14\/#breadcrumb","itemListElement":[{"@type":"ListItem","position":1,"name":"Home","item":"https:\/\/www.matinspired.com\/fr\/"},{"@type":"ListItem","position":2,"name":"Kit de test d&rsquo;identification en acier inoxydable 303 &#8211; TK14"}]},{"@type":"WebSite","@id":"https:\/\/www.matinspired.com\/fr\/#website","url":"https:\/\/www.matinspired.com\/fr\/","name":"Matinspired.com","description":"Chromium-6 test kits and more","publisher":{"@id":"https:\/\/www.matinspired.com\/fr\/#organization"},"potentialAction":[{"@type":"SearchAction","target":{"@type":"EntryPoint","urlTemplate":"https:\/\/www.matinspired.com\/fr\/?s={search_term_string}"},"query-input":{"@type":"PropertyValueSpecification","valueRequired":true,"valueName":"search_term_string"}}],"inLanguage":"fr-FR"},{"@type":"Organization","@id":"https:\/\/www.matinspired.com\/fr\/#organization","name":"MATinspired B.V.","url":"https:\/\/www.matinspired.com\/fr\/","logo":{"@type":"ImageObject","inLanguage":"fr-FR","@id":"https:\/\/www.matinspired.com\/fr\/#\/schema\/logo\/image\/","url":"https:\/\/www.matinspired.com\/wp-content\/uploads\/2023\/03\/LogoMATinspiredPO-696x969-1.jpg","contentUrl":"https:\/\/www.matinspired.com\/wp-content\/uploads\/2023\/03\/LogoMATinspiredPO-696x969-1.jpg","width":696,"height":696,"caption":"MATinspired B.V."},"image":{"@id":"https:\/\/www.matinspired.com\/fr\/#\/schema\/logo\/image\/"},"sameAs":["https:\/\/x.com\/MATinspired"]}]}},"jetpack_sharing_enabled":true,"_links":{"self":[{"href":"https:\/\/www.matinspired.com\/fr\/wp-json\/wp\/v2\/pages\/3793","targetHints":{"allow":["GET"]}}],"collection":[{"href":"https:\/\/www.matinspired.com\/fr\/wp-json\/wp\/v2\/pages"}],"about":[{"href":"https:\/\/www.matinspired.com\/fr\/wp-json\/wp\/v2\/types\/page"}],"author":[{"embeddable":true,"href":"https:\/\/www.matinspired.com\/fr\/wp-json\/wp\/v2\/users\/3"}],"replies":[{"embeddable":true,"href":"https:\/\/www.matinspired.com\/fr\/wp-json\/wp\/v2\/comments?post=3793"}],"version-history":[{"count":1,"href":"https:\/\/www.matinspired.com\/fr\/wp-json\/wp\/v2\/pages\/3793\/revisions"}],"predecessor-version":[{"id":74905,"href":"https:\/\/www.matinspired.com\/fr\/wp-json\/wp\/v2\/pages\/3793\/revisions\/74905"}],"wp:attachment":[{"href":"https:\/\/www.matinspired.com\/fr\/wp-json\/wp\/v2\/media?parent=3793"}],"curies":[{"name":"wp","href":"https:\/\/api.w.org\/{rel}","templated":true}]}}