{"id":3789,"date":"2023-02-15T12:00:44","date_gmt":"2023-02-15T11:00:44","guid":{"rendered":"https:\/\/www.matinspired.com\/ferroxyl-test-tk13\/"},"modified":"2026-01-26T11:46:22","modified_gmt":"2026-01-26T10:46:22","slug":"ferroxyl-test-tk13","status":"publish","type":"page","link":"https:\/\/www.matinspired.com\/fr\/ferroxyl-test-tk13\/","title":{"rendered":"Kit de test Ferroxyl pour la d\u00e9tection du fer libre \u2013 TK13"},"content":{"rendered":"\r\n\r\n\t<h1><strong>Kit de test Ferroxyl pour l&rsquo;identification gratuite du fer &#8211; TK13<\/strong><\/h1>\r\n\t<strong>Ferroxyl<br \/>\r\nKit de Test &#8211; TK13<br \/>\r\n<\/strong><strong><em>pour l&rsquo;identification du fer libre selon ASTM A380<\/em><\/strong><em><strong><br \/>\r\n<\/strong><\/em>\r\n<p>le fer libre sur la surface de votre m\u00e9tal en acier inoxydable peut provoquer de la rouille. La pr\u00e9sence de fer libre peut \u00eatre le r\u00e9sultat, par exemple, d&rsquo;un broyage qui s&rsquo;est pos\u00e9 sur votre m\u00e9tal, ou parce que votre inox n&rsquo;a pas \u00e9t\u00e9 suffisamment passiv\u00e9, comme apr\u00e8s une soudure.<\/p>\r\n<p>Vous souhaitez tester si votre acier inoxydable ne contient pas de fer libre ? Utilisez ensuite notre kit de test professionnel Ferroxyl pour un r\u00e9sultat rapide et fiable. Votre test aura un r\u00e9sultat bleu clair lorsque du fer libre est pr\u00e9sent \u00e0 la surface de votre mat\u00e9riau.<\/p>\r\n<p>Ce kit de test contient 100 tests. Le test ferroxyle est r\u00e9alis\u00e9 selon la norme <a href=\"https:\/\/www.astm.org\/Standards\/A380.htm\" target=\"_blank\" rel=\"noopener noreferrer\">ASTM A380.<\/a><\/p>\r\n<p>Le kit de test est fourni avec un manuel en anglais et des fiches de donn\u00e9es de s\u00e9curit\u00e9.<\/p>\r\n\t<p><em>Exemple de test ferroxyle sur une soudure inox insuffisamment passiv\u00e9e<\/em><\/p>\r\n<p>&nbsp;<\/p>\r\n\t<p><em>Exemple de test ferroxyle pour le fer libre sur acier inoxydable<\/em><\/p>\r\n\t\t<iframe loading=\"lazy\" title=\"Instruction video MATinspired Ferroxyl Testkit - TK13\" width=\"640\" height=\"360\" src=\"https:\/\/www.youtube.com\/embed\/OPYvgfvrB4U?feature=oembed\" frameborder=\"0\" allow=\"accelerometer; autoplay; clipboard-write; encrypted-media; gyroscope; picture-in-picture; web-share\" allowfullscreen><\/iframe>\t\r\n\t<h3><strong>Usage<\/strong><\/h3>\r\n<p>Avec ce kit de test, vous pouvez tester si votre acier inoxydable ne contient pas de fer libre. De cette fa\u00e7on, vous pouvez v\u00e9rifier si votre m\u00e9tal est r\u00e9sistant \u00e0 la corrosion et ainsi \u00e9viter les r\u00e9clamations mat\u00e9rielles et les dommages \u00e0 votre produit.<\/p>\r\n<p>Par exemple, il peut \u00eatre utilis\u00e9 pour les aciers inoxydables aust\u00e9nitiques des s\u00e9ries 200 et 300, comme le 304 et le 316. Vous pouvez par exemple v\u00e9rifier si cet acier est suffisamment d\u00e9cap\u00e9 et passiv\u00e9.<\/p>\r\n<p>Lorsque du fer libre est pr\u00e9sent \u00e0 la surface de votre acier inoxydable, votre test aura un r\u00e9sultat bleu clair. Le test ferroxyle est r\u00e9alis\u00e9 selon la norme <a href=\"https:\/\/www.astm.org\/Standards\/A380.htm\" target=\"_blank\" rel=\"noopener noreferrer\">ASTM A380.<\/a><\/p>\r\n\t\t\t\t<img decoding=\"async\" src=\"https:\/\/www.matinspired.nl\/wp-content\/uploads\/2016\/05\/IMG_8397-scaled.jpg\" alt=\"IMG_8397-scaled.jpg\" itemprop=\"image\" title=\"IMG_8397-scaled.jpg\" onerror=\"this.style.display='none'\" loading='lazy' \/>\r\n\t\t\t<a href=\"https:\/\/www.matinspired.com\/fr\/demande-de-devis\/?artikel=TK13.%20-%20Kit%20de%20test%20Ferroxyl%20pour%20l&#039;identification%20gratuite%20du%20fer&#038;aantal-other=1\" target=\"_self\">\r\n\t\t\t\t\t\tDemande de devis\r\n\t\t\t\t\t<\/a>\r\n\t<em>La commande n&rsquo;est possible que pour les entreprises.<br \/>\r\n<\/em><em>Vous recevrez notre devis par e-mail dans un ou deux jours ouvr\u00e9s. Apr\u00e8s votre acceptation de notre devis, nous enverrons le kit de test aussi rapide que possible.<\/em>\r\n\t<p><i> Avis de non-responsabilit\u00e9<br \/>\nBien que ce produit ait \u00e9t\u00e9 \u00e9labor\u00e9 avec le plus grand soin, MATinspired B.V. ne peut \u00eatre tenu responsable des dommages r\u00e9sultant de l&rsquo;utilisation ou du contact avec le produit. Cette m\u00e9thode de mesure ne donne qu&rsquo;une indication, et MATinspired B.V. n&rsquo;est pas responsable des r\u00e9sultats des tests. <\/i><\/p>\n\r\n\r\n","protected":false},"excerpt":{"rendered":"<p>Kit de test Ferroxyl pour l&rsquo;identification gratuite du fer &#8211; TK13 Ferroxyl Kit de Test &#8211; TK13 pour l&rsquo;identification du fer libre selon ASTM A380 le fer libre sur la surface de votre m\u00e9tal en acier inoxydable peut provoquer de la rouille. La pr\u00e9sence de fer libre peut \u00eatre le r\u00e9sultat, par exemple, d&rsquo;un broyage&#8230;<\/p>\n","protected":false},"author":3,"featured_media":0,"parent":0,"menu_order":0,"comment_status":"closed","ping_status":"closed","template":"","meta":{"footnotes":""},"class_list":["post-3789","page","type-page","status-publish","hentry"],"yoast_head":"<!-- This site is optimized with the Yoast SEO plugin v27.2 - https:\/\/yoast.com\/product\/yoast-seo-wordpress\/ -->\n<title>Kit de test Ferroxyl pour la d\u00e9tection du fer libre \u2013 TK13<\/title>\n<meta name=\"description\" content=\"Ce kit de test Ferroxyl vous permet de v\u00e9rifier si votre acier inoxydable contient du fer libre. En cas de pr\u00e9sence, le papier test vire au bleu. Le kit de test est conforme \u00e0 la norme ASTM A380.\" \/>\n<meta name=\"robots\" content=\"index, follow, max-snippet:-1, max-image-preview:large, max-video-preview:-1\" \/>\n<link rel=\"canonical\" href=\"https:\/\/www.matinspired.com\/fr\/ferroxyl-test-tk13\/\" \/>\n<meta property=\"og:locale\" content=\"fr_FR\" \/>\n<meta property=\"og:type\" content=\"article\" \/>\n<meta property=\"og:title\" content=\"Kit de test Ferroxyl pour la d\u00e9tection du fer libre \u2013 TK13\" \/>\n<meta property=\"og:description\" content=\"Ce kit de test Ferroxyl vous permet de v\u00e9rifier si votre acier inoxydable contient du fer libre. En cas de pr\u00e9sence, le papier test vire au bleu. Le kit de test est conforme \u00e0 la norme ASTM A380.\" \/>\n<meta property=\"og:url\" content=\"https:\/\/www.matinspired.com\/fr\/ferroxyl-test-tk13\/\" \/>\n<meta property=\"og:site_name\" content=\"Matinspired.com\" \/>\n<meta property=\"article:modified_time\" content=\"2026-01-26T10:46:22+00:00\" \/>\n<meta property=\"og:image\" content=\"https:\/\/www.matinspired.nl\/wp-content\/uploads\/2016\/05\/IMG_8397-scaled.jpg\" \/>\n<meta name=\"twitter:card\" content=\"summary_large_image\" \/>\n<meta name=\"twitter:site\" content=\"@MATinspired\" \/>\n<meta name=\"twitter:label1\" content=\"Dur\u00e9e de lecture estim\u00e9e\" \/>\n\t<meta name=\"twitter:data1\" content=\"3 minutes\" \/>\n<script type=\"application\/ld+json\" class=\"yoast-schema-graph\">{\"@context\":\"https:\/\/schema.org\",\"@graph\":[{\"@type\":\"WebPage\",\"@id\":\"https:\/\/www.matinspired.com\/fr\/ferroxyl-test-tk13\/\",\"url\":\"https:\/\/www.matinspired.com\/fr\/ferroxyl-test-tk13\/\",\"name\":\"Kit de test Ferroxyl pour la d\u00e9tection du fer libre \u2013 TK13\",\"isPartOf\":{\"@id\":\"https:\/\/www.matinspired.com\/fr\/#website\"},\"primaryImageOfPage\":{\"@id\":\"https:\/\/www.matinspired.com\/fr\/ferroxyl-test-tk13\/#primaryimage\"},\"image\":{\"@id\":\"https:\/\/www.matinspired.com\/fr\/ferroxyl-test-tk13\/#primaryimage\"},\"thumbnailUrl\":\"https:\/\/www.matinspired.nl\/wp-content\/uploads\/2016\/05\/IMG_8397-scaled.jpg\",\"datePublished\":\"2023-02-15T11:00:44+00:00\",\"dateModified\":\"2026-01-26T10:46:22+00:00\",\"description\":\"Ce kit de test Ferroxyl vous permet de v\u00e9rifier si votre acier inoxydable contient du fer libre. En cas de pr\u00e9sence, le papier test vire au bleu. Le kit de test est conforme \u00e0 la norme ASTM A380.\",\"breadcrumb\":{\"@id\":\"https:\/\/www.matinspired.com\/fr\/ferroxyl-test-tk13\/#breadcrumb\"},\"inLanguage\":\"fr-FR\",\"potentialAction\":[{\"@type\":\"ReadAction\",\"target\":[\"https:\/\/www.matinspired.com\/fr\/ferroxyl-test-tk13\/\"]}]},{\"@type\":\"ImageObject\",\"inLanguage\":\"fr-FR\",\"@id\":\"https:\/\/www.matinspired.com\/fr\/ferroxyl-test-tk13\/#primaryimage\",\"url\":\"https:\/\/www.matinspired.nl\/wp-content\/uploads\/2016\/05\/IMG_8397-scaled.jpg\",\"contentUrl\":\"https:\/\/www.matinspired.nl\/wp-content\/uploads\/2016\/05\/IMG_8397-scaled.jpg\"},{\"@type\":\"BreadcrumbList\",\"@id\":\"https:\/\/www.matinspired.com\/fr\/ferroxyl-test-tk13\/#breadcrumb\",\"itemListElement\":[{\"@type\":\"ListItem\",\"position\":1,\"name\":\"Home\",\"item\":\"https:\/\/www.matinspired.com\/fr\/\"},{\"@type\":\"ListItem\",\"position\":2,\"name\":\"Kit de test Ferroxyl pour la d\u00e9tection du fer libre \u2013 TK13\"}]},{\"@type\":\"WebSite\",\"@id\":\"https:\/\/www.matinspired.com\/fr\/#website\",\"url\":\"https:\/\/www.matinspired.com\/fr\/\",\"name\":\"Matinspired.com\",\"description\":\"Chromium-6 test kits and more\",\"publisher\":{\"@id\":\"https:\/\/www.matinspired.com\/fr\/#organization\"},\"potentialAction\":[{\"@type\":\"SearchAction\",\"target\":{\"@type\":\"EntryPoint\",\"urlTemplate\":\"https:\/\/www.matinspired.com\/fr\/?s={search_term_string}\"},\"query-input\":{\"@type\":\"PropertyValueSpecification\",\"valueRequired\":true,\"valueName\":\"search_term_string\"}}],\"inLanguage\":\"fr-FR\"},{\"@type\":\"Organization\",\"@id\":\"https:\/\/www.matinspired.com\/fr\/#organization\",\"name\":\"MATinspired B.V.\",\"url\":\"https:\/\/www.matinspired.com\/fr\/\",\"logo\":{\"@type\":\"ImageObject\",\"inLanguage\":\"fr-FR\",\"@id\":\"https:\/\/www.matinspired.com\/fr\/#\/schema\/logo\/image\/\",\"url\":\"https:\/\/www.matinspired.com\/wp-content\/uploads\/2023\/03\/LogoMATinspiredPO-696x969-1.jpg\",\"contentUrl\":\"https:\/\/www.matinspired.com\/wp-content\/uploads\/2023\/03\/LogoMATinspiredPO-696x969-1.jpg\",\"width\":696,\"height\":696,\"caption\":\"MATinspired B.V.\"},\"image\":{\"@id\":\"https:\/\/www.matinspired.com\/fr\/#\/schema\/logo\/image\/\"},\"sameAs\":[\"https:\/\/x.com\/MATinspired\"]}]}<\/script>\n<!-- \/ Yoast SEO plugin. -->","yoast_head_json":{"title":"Kit de test Ferroxyl pour la d\u00e9tection du fer libre \u2013 TK13","description":"Ce kit de test Ferroxyl vous permet de v\u00e9rifier si votre acier inoxydable contient du fer libre. En cas de pr\u00e9sence, le papier test vire au bleu. Le kit de test est conforme \u00e0 la norme ASTM A380.","robots":{"index":"index","follow":"follow","max-snippet":"max-snippet:-1","max-image-preview":"max-image-preview:large","max-video-preview":"max-video-preview:-1"},"canonical":"https:\/\/www.matinspired.com\/fr\/ferroxyl-test-tk13\/","og_locale":"fr_FR","og_type":"article","og_title":"Kit de test Ferroxyl pour la d\u00e9tection du fer libre \u2013 TK13","og_description":"Ce kit de test Ferroxyl vous permet de v\u00e9rifier si votre acier inoxydable contient du fer libre. En cas de pr\u00e9sence, le papier test vire au bleu. Le kit de test est conforme \u00e0 la norme ASTM A380.","og_url":"https:\/\/www.matinspired.com\/fr\/ferroxyl-test-tk13\/","og_site_name":"Matinspired.com","article_modified_time":"2026-01-26T10:46:22+00:00","og_image":[{"url":"https:\/\/www.matinspired.nl\/wp-content\/uploads\/2016\/05\/IMG_8397-scaled.jpg","type":"","width":"","height":""}],"twitter_card":"summary_large_image","twitter_site":"@MATinspired","twitter_misc":{"Dur\u00e9e de lecture estim\u00e9e":"3 minutes"},"schema":{"@context":"https:\/\/schema.org","@graph":[{"@type":"WebPage","@id":"https:\/\/www.matinspired.com\/fr\/ferroxyl-test-tk13\/","url":"https:\/\/www.matinspired.com\/fr\/ferroxyl-test-tk13\/","name":"Kit de test Ferroxyl pour la d\u00e9tection du fer libre \u2013 TK13","isPartOf":{"@id":"https:\/\/www.matinspired.com\/fr\/#website"},"primaryImageOfPage":{"@id":"https:\/\/www.matinspired.com\/fr\/ferroxyl-test-tk13\/#primaryimage"},"image":{"@id":"https:\/\/www.matinspired.com\/fr\/ferroxyl-test-tk13\/#primaryimage"},"thumbnailUrl":"https:\/\/www.matinspired.nl\/wp-content\/uploads\/2016\/05\/IMG_8397-scaled.jpg","datePublished":"2023-02-15T11:00:44+00:00","dateModified":"2026-01-26T10:46:22+00:00","description":"Ce kit de test Ferroxyl vous permet de v\u00e9rifier si votre acier inoxydable contient du fer libre. En cas de pr\u00e9sence, le papier test vire au bleu. Le kit de test est conforme \u00e0 la norme ASTM A380.","breadcrumb":{"@id":"https:\/\/www.matinspired.com\/fr\/ferroxyl-test-tk13\/#breadcrumb"},"inLanguage":"fr-FR","potentialAction":[{"@type":"ReadAction","target":["https:\/\/www.matinspired.com\/fr\/ferroxyl-test-tk13\/"]}]},{"@type":"ImageObject","inLanguage":"fr-FR","@id":"https:\/\/www.matinspired.com\/fr\/ferroxyl-test-tk13\/#primaryimage","url":"https:\/\/www.matinspired.nl\/wp-content\/uploads\/2016\/05\/IMG_8397-scaled.jpg","contentUrl":"https:\/\/www.matinspired.nl\/wp-content\/uploads\/2016\/05\/IMG_8397-scaled.jpg"},{"@type":"BreadcrumbList","@id":"https:\/\/www.matinspired.com\/fr\/ferroxyl-test-tk13\/#breadcrumb","itemListElement":[{"@type":"ListItem","position":1,"name":"Home","item":"https:\/\/www.matinspired.com\/fr\/"},{"@type":"ListItem","position":2,"name":"Kit de test Ferroxyl pour la d\u00e9tection du fer libre \u2013 TK13"}]},{"@type":"WebSite","@id":"https:\/\/www.matinspired.com\/fr\/#website","url":"https:\/\/www.matinspired.com\/fr\/","name":"Matinspired.com","description":"Chromium-6 test kits and more","publisher":{"@id":"https:\/\/www.matinspired.com\/fr\/#organization"},"potentialAction":[{"@type":"SearchAction","target":{"@type":"EntryPoint","urlTemplate":"https:\/\/www.matinspired.com\/fr\/?s={search_term_string}"},"query-input":{"@type":"PropertyValueSpecification","valueRequired":true,"valueName":"search_term_string"}}],"inLanguage":"fr-FR"},{"@type":"Organization","@id":"https:\/\/www.matinspired.com\/fr\/#organization","name":"MATinspired B.V.","url":"https:\/\/www.matinspired.com\/fr\/","logo":{"@type":"ImageObject","inLanguage":"fr-FR","@id":"https:\/\/www.matinspired.com\/fr\/#\/schema\/logo\/image\/","url":"https:\/\/www.matinspired.com\/wp-content\/uploads\/2023\/03\/LogoMATinspiredPO-696x969-1.jpg","contentUrl":"https:\/\/www.matinspired.com\/wp-content\/uploads\/2023\/03\/LogoMATinspiredPO-696x969-1.jpg","width":696,"height":696,"caption":"MATinspired B.V."},"image":{"@id":"https:\/\/www.matinspired.com\/fr\/#\/schema\/logo\/image\/"},"sameAs":["https:\/\/x.com\/MATinspired"]}]}},"jetpack_sharing_enabled":true,"_links":{"self":[{"href":"https:\/\/www.matinspired.com\/fr\/wp-json\/wp\/v2\/pages\/3789","targetHints":{"allow":["GET"]}}],"collection":[{"href":"https:\/\/www.matinspired.com\/fr\/wp-json\/wp\/v2\/pages"}],"about":[{"href":"https:\/\/www.matinspired.com\/fr\/wp-json\/wp\/v2\/types\/page"}],"author":[{"embeddable":true,"href":"https:\/\/www.matinspired.com\/fr\/wp-json\/wp\/v2\/users\/3"}],"replies":[{"embeddable":true,"href":"https:\/\/www.matinspired.com\/fr\/wp-json\/wp\/v2\/comments?post=3789"}],"version-history":[{"count":3,"href":"https:\/\/www.matinspired.com\/fr\/wp-json\/wp\/v2\/pages\/3789\/revisions"}],"predecessor-version":[{"id":69844,"href":"https:\/\/www.matinspired.com\/fr\/wp-json\/wp\/v2\/pages\/3789\/revisions\/69844"}],"wp:attachment":[{"href":"https:\/\/www.matinspired.com\/fr\/wp-json\/wp\/v2\/media?parent=3789"}],"curies":[{"name":"wp","href":"https:\/\/api.w.org\/{rel}","templated":true}]}}