{"id":3783,"date":"2023-03-10T10:49:48","date_gmt":"2023-03-10T09:49:48","guid":{"rendered":"https:\/\/www.matinspired.com\/304-316-stainless-steel-identification-test-kit-tk05-matinspired\/"},"modified":"2026-02-03T10:24:01","modified_gmt":"2026-02-03T09:24:01","slug":"304-316-stainless-steel-identification-test-kit-tk05-matinspired","status":"publish","type":"page","link":"https:\/\/www.matinspired.com\/fr\/304-316-stainless-steel-identification-test-kit-tk05-matinspired\/","title":{"rendered":"Kit de test d\u2019identification de l\u2019acier inoxydable 304 &#8211; 316 \u2013 TK05"},"content":{"rendered":"\r\n\r\n\t<h1><strong>Kit de test d&rsquo;identification d&rsquo;acier inoxydable 304 &#8211; 316 &#8211; TK05<\/strong><\/h1>\r\n<p>&nbsp;<\/p>\r\n\t<h2><strong>304 &#8211; 316 acier inoxydable<br \/>\r\n<\/strong><strong>Kit de test d&rsquo;identification &#8211; TK05<\/strong><strong><br \/>\r\n<\/strong><em><strong>pour les mat\u00e9riaux en acier inoxydable type 304 et type 316<br \/>\r\n<\/strong><\/em><\/h2>\r\n<p>Avec ce kit de test, vous pouvez tester si votre mat\u00e9riau en acier inoxydable est de type 304 ou de type 316. Dans le cas d&rsquo;un m\u00e9tal 316, le test conduira \u00e0 une couleur rose distinctive.<\/p>\r\n<p>Ce kit de test contient 20 \u00e9couvillons de test, un liquide de test, une \u00e9lectrode, du mat\u00e9riel de test 304 et 316 et un manuel.<\/p>\r\n<p>Les \u00e9couvillons de test ont une dur\u00e9e de conservation de 3 mois. Des kits de recharge pour 20 tests sont \u00e9galement disponibles (TK05RF).<\/p>\r\n\t<h3><strong>Usage<\/strong><\/h3>\r\n<p>Vous pouvez effectuer le test directement sur n&rsquo;importe quel produit en acier inoxydable. Tout d&rsquo;abord, placez l&rsquo;\u00e9couvillon de test sur le m\u00e9tal. Ensuite, humidifiez l&rsquo;\u00e9couvillon de test avec le liquide de test fourni. Ensuite, \u00e9tablissez le contact avec l&rsquo;\u00e9lectrode pendant environ une demi-minute. (Le kit de test utilise une tension de batterie faible et s\u00fbre.) Cela provoque une d\u00e9coloration de l&rsquo;\u00e9couvillon de test.<\/p>\r\n<ul>\r\n<li>Dans le cas d&rsquo;un m\u00e9tal 304, l&rsquo;\u00e9couvillon de test deviendra jaune clair\/marron.<\/li>\r\n<li>Dans le cas d&rsquo;un m\u00e9tal 316, l&rsquo;\u00e9couvillon de test deviendra rose\/violet distinct.<\/li>\r\n<\/ul>\r\n<p>Ce kit de test est \u00e9galement connu sous le nom de &lsquo;test molybd\u00e8ne&rsquo; ou &lsquo;test moly&rsquo; car il d\u00e9tecte le molybd\u00e8ne. \u00c9tant donn\u00e9 que le molybd\u00e8ne est pr\u00e9sent dans 316, cela conduit \u00e0 la couleur rose\/violette de l&rsquo;\u00e9couvillon de test. D&rsquo;autres m\u00e9taux contenant du molybd\u00e8ne peuvent \u00e9galement \u00eatre identifi\u00e9s \u00e0 l&rsquo;aide de ce kit de test. Il est \u00e9galement possible d&rsquo;identifier les boulons A4 \u00e0 l&rsquo;aide de ce kit de test, car ces boulons ont la m\u00eame composition que les m\u00e9taux 316.<\/p>\r\n\t\t\t\t<img decoding=\"async\" src=\"https:\/\/www.matinspired.com\/wp-content\/uploads\/2023\/09\/TK05-oefen2-2-jpg.webp\" alt=\"TK05 oefen2\" itemprop=\"image\" height=\"1000\" width=\"1500\" title=\"TK05 oefen2\" onerror=\"this.style.display='none'\" loading=\"lazy\" \/>\r\n\t\t\t<a href=\"https:\/\/www.matinspired.com\/fr\/demande-de-devis\/?artikel=TK05.%20-%20Kit%20de%20test%20d&#039;identification%20d&#039;acier%20inoxydable%20304%20-%20316&#038;aantal-other=1\" target=\"_self\">\r\n\t\t\t\t\t\tDemande de devis\r\n\t\t\t\t\t<\/a>\r\n\t<p><em>La commande n&rsquo;est possible que pour les entreprises en Europe et le Royaume-Uni.<\/em><\/p>\r\n<p><em>Vous recevrez notre devis par e-mail dans un ou deux jours ouvr\u00e9s. Apr\u00e8s votre acceptation de notre devis, nous enverrons le kit de test aussi rapide que possible.<\/em><\/p>\r\n\t\t<iframe loading=\"lazy\" title=\"Instructional video 304 - 316 Stainless Steel Identification Test Kit - TK05\" width=\"640\" height=\"360\" src=\"https:\/\/www.youtube.com\/embed\/oDn6rsBPjiM?feature=oembed\" frameborder=\"0\" allow=\"accelerometer; autoplay; clipboard-write; encrypted-media; gyroscope; picture-in-picture; web-share\" allowfullscreen><\/iframe>\t\r\n\t\t\t\t<img decoding=\"async\" src=\"https:\/\/www.matinspired.com\/wp-content\/uploads\/2023\/03\/304-3016-test-with-electrode-683x1024-1.jpg\" alt=\"Performing the test on a piece of metal\" itemprop=\"image\" title=\"304-3016-test-with-electrode-683x1024-1\" onerror=\"this.style.display='none'\" loading=\"lazy\" \/>\r\n\t<p><em>R\u00e9alisation du test sur une pi\u00e8ce de m\u00e9tal<\/em><\/p>\r\n\t\t\t\t<img decoding=\"async\" src=\"https:\/\/www.matinspired.com\/wp-content\/uploads\/2023\/03\/Voorbeeld-304-316-teststaven.jpg\" alt=\"Voorbeeld-304-316-teststaven\" itemprop=\"image\" height=\"965\" width=\"1000\" title=\"Voorbeeld-304-316-teststaven\" onerror=\"this.style.display='none'\" loading=\"lazy\" \/>\r\n\t<p><em>Exemple de d\u00e9coloration de l&rsquo;\u00e9couvillon de test apr\u00e8s un test sur un m\u00e9tal 304 et 316.<\/em><\/p>\r\n\t<p><i> Avis de non-responsabilit\u00e9<br \/>\nBien que ce produit ait \u00e9t\u00e9 \u00e9labor\u00e9 avec le plus grand soin, MATinspired B.V. ne peut \u00eatre tenu responsable des dommages r\u00e9sultant de l&rsquo;utilisation ou du contact avec le produit. Cette m\u00e9thode de mesure ne donne qu&rsquo;une indication, et MATinspired B.V. n&rsquo;est pas responsable des r\u00e9sultats des tests. <\/i><\/p>\n\r\n\r\n","protected":false},"excerpt":{"rendered":"<p>Kit de test d&rsquo;identification d&rsquo;acier inoxydable 304 &#8211; 316 &#8211; TK05 &nbsp; 304 &#8211; 316 acier inoxydable Kit de test d&rsquo;identification &#8211; TK05 pour les mat\u00e9riaux en acier inoxydable type 304 et type 316 Avec ce kit de test, vous pouvez tester si votre mat\u00e9riau en acier inoxydable est de type 304 ou de type&#8230;<\/p>\n","protected":false},"author":3,"featured_media":0,"parent":0,"menu_order":0,"comment_status":"closed","ping_status":"closed","template":"","meta":{"footnotes":""},"class_list":["post-3783","page","type-page","status-publish","hentry"],"yoast_head":"<!-- This site is optimized with the Yoast SEO plugin v27.2 - https:\/\/yoast.com\/product\/yoast-seo-wordpress\/ -->\n<title>Kit de test d\u2019identification de l\u2019acier inoxydable 304 - 316 \u2013 TK05<\/title>\n<meta name=\"description\" content=\"Ce kit de test vous permet de d\u00e9terminer rapidement si un acier inoxydable est de type 304 ou 316. Au contact de l\u2019acier de type 316, la tige de test devient rose\/violette. \u00c9galement connu sous le nom de test au molybd\u00e8ne.\" \/>\n<meta name=\"robots\" content=\"index, follow, max-snippet:-1, max-image-preview:large, max-video-preview:-1\" \/>\n<link rel=\"canonical\" href=\"https:\/\/www.matinspired.com\/fr\/304-316-stainless-steel-identification-test-kit-tk05-matinspired\/\" \/>\n<meta property=\"og:locale\" content=\"fr_FR\" \/>\n<meta property=\"og:type\" content=\"article\" \/>\n<meta property=\"og:title\" content=\"Kit de test d\u2019identification de l\u2019acier inoxydable 304 - 316 \u2013 TK05\" \/>\n<meta property=\"og:description\" content=\"Ce kit de test vous permet de d\u00e9terminer rapidement si un acier inoxydable est de type 304 ou 316. Au contact de l\u2019acier de type 316, la tige de test devient rose\/violette. \u00c9galement connu sous le nom de test au molybd\u00e8ne.\" \/>\n<meta property=\"og:url\" content=\"https:\/\/www.matinspired.com\/fr\/304-316-stainless-steel-identification-test-kit-tk05-matinspired\/\" \/>\n<meta property=\"og:site_name\" content=\"Matinspired.com\" \/>\n<meta property=\"article:modified_time\" content=\"2026-02-03T09:24:01+00:00\" \/>\n<meta property=\"og:image\" content=\"https:\/\/www.matinspired.com\/wp-content\/uploads\/2023\/09\/TK05-oefen2-2-jpg.webp\" \/>\n<meta name=\"twitter:card\" content=\"summary_large_image\" \/>\n<meta name=\"twitter:site\" content=\"@MATinspired\" \/>\n<meta name=\"twitter:label1\" content=\"Dur\u00e9e de lecture estim\u00e9e\" \/>\n\t<meta name=\"twitter:data1\" content=\"3 minutes\" \/>\n<script type=\"application\/ld+json\" class=\"yoast-schema-graph\">{\"@context\":\"https:\/\/schema.org\",\"@graph\":[{\"@type\":\"WebPage\",\"@id\":\"https:\/\/www.matinspired.com\/fr\/304-316-stainless-steel-identification-test-kit-tk05-matinspired\/\",\"url\":\"https:\/\/www.matinspired.com\/fr\/304-316-stainless-steel-identification-test-kit-tk05-matinspired\/\",\"name\":\"Kit de test d\u2019identification de l\u2019acier inoxydable 304 - 316 \u2013 TK05\",\"isPartOf\":{\"@id\":\"https:\/\/www.matinspired.com\/fr\/#website\"},\"primaryImageOfPage\":{\"@id\":\"https:\/\/www.matinspired.com\/fr\/304-316-stainless-steel-identification-test-kit-tk05-matinspired\/#primaryimage\"},\"image\":{\"@id\":\"https:\/\/www.matinspired.com\/fr\/304-316-stainless-steel-identification-test-kit-tk05-matinspired\/#primaryimage\"},\"thumbnailUrl\":\"https:\/\/www.matinspired.com\/wp-content\/uploads\/2023\/09\/TK05-oefen2-2-jpg.webp\",\"datePublished\":\"2023-03-10T09:49:48+00:00\",\"dateModified\":\"2026-02-03T09:24:01+00:00\",\"description\":\"Ce kit de test vous permet de d\u00e9terminer rapidement si un acier inoxydable est de type 304 ou 316. Au contact de l\u2019acier de type 316, la tige de test devient rose\/violette. \u00c9galement connu sous le nom de test au molybd\u00e8ne.\",\"breadcrumb\":{\"@id\":\"https:\/\/www.matinspired.com\/fr\/304-316-stainless-steel-identification-test-kit-tk05-matinspired\/#breadcrumb\"},\"inLanguage\":\"fr-FR\",\"potentialAction\":[{\"@type\":\"ReadAction\",\"target\":[\"https:\/\/www.matinspired.com\/fr\/304-316-stainless-steel-identification-test-kit-tk05-matinspired\/\"]}]},{\"@type\":\"ImageObject\",\"inLanguage\":\"fr-FR\",\"@id\":\"https:\/\/www.matinspired.com\/fr\/304-316-stainless-steel-identification-test-kit-tk05-matinspired\/#primaryimage\",\"url\":\"https:\/\/www.matinspired.com\/wp-content\/uploads\/2023\/09\/TK05-oefen2-2-jpg.webp\",\"contentUrl\":\"https:\/\/www.matinspired.com\/wp-content\/uploads\/2023\/09\/TK05-oefen2-2-jpg.webp\"},{\"@type\":\"BreadcrumbList\",\"@id\":\"https:\/\/www.matinspired.com\/fr\/304-316-stainless-steel-identification-test-kit-tk05-matinspired\/#breadcrumb\",\"itemListElement\":[{\"@type\":\"ListItem\",\"position\":1,\"name\":\"Home\",\"item\":\"https:\/\/www.matinspired.com\/fr\/\"},{\"@type\":\"ListItem\",\"position\":2,\"name\":\"Kit de test d\u2019identification de l\u2019acier inoxydable 304 &#8211; 316 \u2013 TK05\"}]},{\"@type\":\"WebSite\",\"@id\":\"https:\/\/www.matinspired.com\/fr\/#website\",\"url\":\"https:\/\/www.matinspired.com\/fr\/\",\"name\":\"Matinspired.com\",\"description\":\"Chromium-6 test kits and more\",\"publisher\":{\"@id\":\"https:\/\/www.matinspired.com\/fr\/#organization\"},\"potentialAction\":[{\"@type\":\"SearchAction\",\"target\":{\"@type\":\"EntryPoint\",\"urlTemplate\":\"https:\/\/www.matinspired.com\/fr\/?s={search_term_string}\"},\"query-input\":{\"@type\":\"PropertyValueSpecification\",\"valueRequired\":true,\"valueName\":\"search_term_string\"}}],\"inLanguage\":\"fr-FR\"},{\"@type\":\"Organization\",\"@id\":\"https:\/\/www.matinspired.com\/fr\/#organization\",\"name\":\"MATinspired B.V.\",\"url\":\"https:\/\/www.matinspired.com\/fr\/\",\"logo\":{\"@type\":\"ImageObject\",\"inLanguage\":\"fr-FR\",\"@id\":\"https:\/\/www.matinspired.com\/fr\/#\/schema\/logo\/image\/\",\"url\":\"https:\/\/www.matinspired.com\/wp-content\/uploads\/2023\/03\/LogoMATinspiredPO-696x969-1.jpg\",\"contentUrl\":\"https:\/\/www.matinspired.com\/wp-content\/uploads\/2023\/03\/LogoMATinspiredPO-696x969-1.jpg\",\"width\":696,\"height\":696,\"caption\":\"MATinspired B.V.\"},\"image\":{\"@id\":\"https:\/\/www.matinspired.com\/fr\/#\/schema\/logo\/image\/\"},\"sameAs\":[\"https:\/\/x.com\/MATinspired\"]}]}<\/script>\n<!-- \/ Yoast SEO plugin. -->","yoast_head_json":{"title":"Kit de test d\u2019identification de l\u2019acier inoxydable 304 - 316 \u2013 TK05","description":"Ce kit de test vous permet de d\u00e9terminer rapidement si un acier inoxydable est de type 304 ou 316. Au contact de l\u2019acier de type 316, la tige de test devient rose\/violette. \u00c9galement connu sous le nom de test au molybd\u00e8ne.","robots":{"index":"index","follow":"follow","max-snippet":"max-snippet:-1","max-image-preview":"max-image-preview:large","max-video-preview":"max-video-preview:-1"},"canonical":"https:\/\/www.matinspired.com\/fr\/304-316-stainless-steel-identification-test-kit-tk05-matinspired\/","og_locale":"fr_FR","og_type":"article","og_title":"Kit de test d\u2019identification de l\u2019acier inoxydable 304 - 316 \u2013 TK05","og_description":"Ce kit de test vous permet de d\u00e9terminer rapidement si un acier inoxydable est de type 304 ou 316. Au contact de l\u2019acier de type 316, la tige de test devient rose\/violette. \u00c9galement connu sous le nom de test au molybd\u00e8ne.","og_url":"https:\/\/www.matinspired.com\/fr\/304-316-stainless-steel-identification-test-kit-tk05-matinspired\/","og_site_name":"Matinspired.com","article_modified_time":"2026-02-03T09:24:01+00:00","og_image":[{"url":"https:\/\/www.matinspired.com\/wp-content\/uploads\/2023\/09\/TK05-oefen2-2-jpg.webp","type":"","width":"","height":""}],"twitter_card":"summary_large_image","twitter_site":"@MATinspired","twitter_misc":{"Dur\u00e9e de lecture estim\u00e9e":"3 minutes"},"schema":{"@context":"https:\/\/schema.org","@graph":[{"@type":"WebPage","@id":"https:\/\/www.matinspired.com\/fr\/304-316-stainless-steel-identification-test-kit-tk05-matinspired\/","url":"https:\/\/www.matinspired.com\/fr\/304-316-stainless-steel-identification-test-kit-tk05-matinspired\/","name":"Kit de test d\u2019identification de l\u2019acier inoxydable 304 - 316 \u2013 TK05","isPartOf":{"@id":"https:\/\/www.matinspired.com\/fr\/#website"},"primaryImageOfPage":{"@id":"https:\/\/www.matinspired.com\/fr\/304-316-stainless-steel-identification-test-kit-tk05-matinspired\/#primaryimage"},"image":{"@id":"https:\/\/www.matinspired.com\/fr\/304-316-stainless-steel-identification-test-kit-tk05-matinspired\/#primaryimage"},"thumbnailUrl":"https:\/\/www.matinspired.com\/wp-content\/uploads\/2023\/09\/TK05-oefen2-2-jpg.webp","datePublished":"2023-03-10T09:49:48+00:00","dateModified":"2026-02-03T09:24:01+00:00","description":"Ce kit de test vous permet de d\u00e9terminer rapidement si un acier inoxydable est de type 304 ou 316. Au contact de l\u2019acier de type 316, la tige de test devient rose\/violette. \u00c9galement connu sous le nom de test au molybd\u00e8ne.","breadcrumb":{"@id":"https:\/\/www.matinspired.com\/fr\/304-316-stainless-steel-identification-test-kit-tk05-matinspired\/#breadcrumb"},"inLanguage":"fr-FR","potentialAction":[{"@type":"ReadAction","target":["https:\/\/www.matinspired.com\/fr\/304-316-stainless-steel-identification-test-kit-tk05-matinspired\/"]}]},{"@type":"ImageObject","inLanguage":"fr-FR","@id":"https:\/\/www.matinspired.com\/fr\/304-316-stainless-steel-identification-test-kit-tk05-matinspired\/#primaryimage","url":"https:\/\/www.matinspired.com\/wp-content\/uploads\/2023\/09\/TK05-oefen2-2-jpg.webp","contentUrl":"https:\/\/www.matinspired.com\/wp-content\/uploads\/2023\/09\/TK05-oefen2-2-jpg.webp"},{"@type":"BreadcrumbList","@id":"https:\/\/www.matinspired.com\/fr\/304-316-stainless-steel-identification-test-kit-tk05-matinspired\/#breadcrumb","itemListElement":[{"@type":"ListItem","position":1,"name":"Home","item":"https:\/\/www.matinspired.com\/fr\/"},{"@type":"ListItem","position":2,"name":"Kit de test d\u2019identification de l\u2019acier inoxydable 304 &#8211; 316 \u2013 TK05"}]},{"@type":"WebSite","@id":"https:\/\/www.matinspired.com\/fr\/#website","url":"https:\/\/www.matinspired.com\/fr\/","name":"Matinspired.com","description":"Chromium-6 test kits and more","publisher":{"@id":"https:\/\/www.matinspired.com\/fr\/#organization"},"potentialAction":[{"@type":"SearchAction","target":{"@type":"EntryPoint","urlTemplate":"https:\/\/www.matinspired.com\/fr\/?s={search_term_string}"},"query-input":{"@type":"PropertyValueSpecification","valueRequired":true,"valueName":"search_term_string"}}],"inLanguage":"fr-FR"},{"@type":"Organization","@id":"https:\/\/www.matinspired.com\/fr\/#organization","name":"MATinspired B.V.","url":"https:\/\/www.matinspired.com\/fr\/","logo":{"@type":"ImageObject","inLanguage":"fr-FR","@id":"https:\/\/www.matinspired.com\/fr\/#\/schema\/logo\/image\/","url":"https:\/\/www.matinspired.com\/wp-content\/uploads\/2023\/03\/LogoMATinspiredPO-696x969-1.jpg","contentUrl":"https:\/\/www.matinspired.com\/wp-content\/uploads\/2023\/03\/LogoMATinspiredPO-696x969-1.jpg","width":696,"height":696,"caption":"MATinspired B.V."},"image":{"@id":"https:\/\/www.matinspired.com\/fr\/#\/schema\/logo\/image\/"},"sameAs":["https:\/\/x.com\/MATinspired"]}]}},"jetpack_sharing_enabled":true,"_links":{"self":[{"href":"https:\/\/www.matinspired.com\/fr\/wp-json\/wp\/v2\/pages\/3783","targetHints":{"allow":["GET"]}}],"collection":[{"href":"https:\/\/www.matinspired.com\/fr\/wp-json\/wp\/v2\/pages"}],"about":[{"href":"https:\/\/www.matinspired.com\/fr\/wp-json\/wp\/v2\/types\/page"}],"author":[{"embeddable":true,"href":"https:\/\/www.matinspired.com\/fr\/wp-json\/wp\/v2\/users\/3"}],"replies":[{"embeddable":true,"href":"https:\/\/www.matinspired.com\/fr\/wp-json\/wp\/v2\/comments?post=3783"}],"version-history":[{"count":6,"href":"https:\/\/www.matinspired.com\/fr\/wp-json\/wp\/v2\/pages\/3783\/revisions"}],"predecessor-version":[{"id":71026,"href":"https:\/\/www.matinspired.com\/fr\/wp-json\/wp\/v2\/pages\/3783\/revisions\/71026"}],"wp:attachment":[{"href":"https:\/\/www.matinspired.com\/fr\/wp-json\/wp\/v2\/media?parent=3783"}],"curies":[{"name":"wp","href":"https:\/\/api.w.org\/{rel}","templated":true}]}}