{"id":358,"date":"2020-12-16T10:11:29","date_gmt":"2020-12-16T09:11:29","guid":{"rendered":"https:\/\/www.matinspired.com\/quotation-request\/"},"modified":"2024-01-08T14:39:50","modified_gmt":"2024-01-08T13:39:50","slug":"demande-de-devis","status":"publish","type":"page","link":"https:\/\/www.matinspired.com\/fr\/demande-de-devis\/","title":{"rendered":"Demande de devis"},"content":{"rendered":"\n\n\t<h1><strong>Demande de devis<br \/>\n<\/strong><\/h1>\n<p>&nbsp;<\/p>\n<strong>Nos produits vous int\u00e9ressent ?<br \/>\nAlors nous vous ferons volontiers une offre sans engagement.<\/strong>\nPour une offre rapide, veuillez remplir ce formulaire complet<br \/>\n<p>En raison d\u2019un jour f\u00e9ri\u00e9, nous serons ferm\u00e9s le 27 avril. Nous serons de retour au bureau le 28 avril.<\/p>\n\n\n\t\n<div class=\"wpcf7 no-js\" id=\"wpcf7-f35-o1\" lang=\"nl-NL\" dir=\"ltr\" data-wpcf7-id=\"35\">\n<div class=\"screen-reader-response\"><p role=\"status\" aria-live=\"polite\" aria-atomic=\"true\"><\/p> <ul><\/ul><\/div>\n<form action=\"\/fr\/wp-json\/wp\/v2\/pages\/358#wpcf7-f35-o1\" method=\"post\" class=\"wpcf7-form init\" aria-label=\"Contactformulier\" novalidate=\"novalidate\" data-status=\"init\">\n<fieldset class=\"hidden-fields-container\"><input type=\"hidden\" name=\"_wpcf7\" value=\"35\" \/><input type=\"hidden\" name=\"_wpcf7_version\" value=\"6.1.5\" \/><input type=\"hidden\" name=\"_wpcf7_locale\" value=\"nl_NL\" \/><input type=\"hidden\" name=\"_wpcf7_unit_tag\" value=\"wpcf7-f35-o1\" \/><input type=\"hidden\" name=\"_wpcf7_container_post\" value=\"0\" \/><input type=\"hidden\" name=\"_wpcf7_posted_data_hash\" value=\"\" \/><input type=\"hidden\" name=\"_wpcf7_recaptcha_response\" value=\"\" \/>\n<\/fieldset>\n<p>Entreprise *<br \/>\n<span class=\"wpcf7-form-control-wrap\" data-name=\"Bedrijfsnaam\"><input size=\"40\" maxlength=\"400\" class=\"wpcf7-form-control wpcf7-text wpcf7-validates-as-required\" aria-required=\"true\" aria-invalid=\"false\" value=\"\" type=\"text\" name=\"Bedrijfsnaam\" \/><\/span>\n<\/p>\n<p>Personne de contact *<br \/>\n<span class=\"wpcf7-form-control-wrap\" data-name=\"your-name\"><input size=\"40\" maxlength=\"400\" class=\"wpcf7-form-control wpcf7-text wpcf7-validates-as-required\" aria-required=\"true\" aria-invalid=\"false\" value=\"\" type=\"text\" name=\"your-name\" \/><\/span>\n<\/p>\n<p>E-mail *<br \/>\n<span class=\"wpcf7-form-control-wrap\" data-name=\"your-email\"><input size=\"40\" maxlength=\"400\" class=\"wpcf7-form-control wpcf7-email wpcf7-validates-as-required wpcf7-text wpcf7-validates-as-email\" aria-required=\"true\" aria-invalid=\"false\" value=\"\" type=\"email\" name=\"your-email\" \/><\/span>\n<\/p>\n<p>T\u00e9l\u00e9phone *<br \/>\n<span class=\"wpcf7-form-control-wrap\" data-name=\"your-phone\"><input size=\"40\" maxlength=\"400\" class=\"wpcf7-form-control wpcf7-tel wpcf7-validates-as-required wpcf7-text wpcf7-validates-as-tel\" aria-required=\"true\" aria-invalid=\"false\" value=\"\" type=\"tel\" name=\"your-phone\" \/><\/span>\n<\/p>\n<p>Adresse de livraison *<br \/>\n<span class=\"wpcf7-form-control-wrap\" data-name=\"Adres\"><input size=\"40\" maxlength=\"400\" class=\"wpcf7-form-control wpcf7-text wpcf7-validates-as-required\" aria-required=\"true\" aria-invalid=\"false\" value=\"\" type=\"text\" name=\"Adres\" \/><\/span>\n<\/p>\n<p>Unit\u00e9, b\u00e2timent, \u00e9tage, service, etc.<br \/>\n<span class=\"wpcf7-form-control-wrap\" data-name=\"Adres-2\"><input size=\"40\" maxlength=\"400\" class=\"wpcf7-form-control wpcf7-text\" aria-invalid=\"false\" value=\"\" type=\"text\" name=\"Adres-2\" \/><\/span>\n<\/p>\n<p>Code postal *<br \/>\n<span class=\"wpcf7-form-control-wrap\" data-name=\"Postcode\"><input size=\"40\" maxlength=\"400\" class=\"wpcf7-form-control wpcf7-text wpcf7-validates-as-required\" aria-required=\"true\" aria-invalid=\"false\" value=\"\" type=\"text\" name=\"Postcode\" \/><\/span>\n<\/p>\n<p>Ville *<br \/>\n<span class=\"wpcf7-form-control-wrap\" data-name=\"Plaats\"><input size=\"40\" maxlength=\"400\" class=\"wpcf7-form-control wpcf7-text wpcf7-validates-as-required\" aria-required=\"true\" aria-invalid=\"false\" value=\"\" type=\"text\" name=\"Plaats\" \/><\/span>\n<\/p>\n<p>Pays *<br \/>\n<span class=\"wpcf7-form-control-wrap\" data-name=\"Land\"><input size=\"40\" maxlength=\"400\" class=\"wpcf7-form-control wpcf7-text wpcf7-validates-as-required\" aria-required=\"true\" aria-invalid=\"false\" value=\"\" type=\"text\" name=\"Land\" \/><\/span>\n<\/p>\n<p>TK08 \u2013 Quantit\u00e9 Kit de test de d\u00e9tection du Plomb (50 Tests)<br \/>\n<span class=\"wpcf7-form-control-wrap\" data-name=\"aantal-lood\"><input class=\"wpcf7-form-control wpcf7-number wpcf7-validates-as-required wpcf7-validates-as-number\" min=\"0\" max=\"10000000\" aria-required=\"true\" aria-invalid=\"false\" value=\"0\" type=\"number\" name=\"aantal-lood\" \/><\/span>\n<\/p>\n<p>TK11 \u2013 Quantit\u00e9 Kit de test de d\u00e9tection du Chrome VI (25 Tests)<br \/>\n<span class=\"wpcf7-form-control-wrap\" data-name=\"aantal-chroom6\"><input class=\"wpcf7-form-control wpcf7-number wpcf7-validates-as-required wpcf7-validates-as-number\" min=\"0\" max=\"10000000\" aria-required=\"true\" aria-invalid=\"false\" value=\"0\" type=\"number\" name=\"aantal-chroom6\" \/><\/span>\n<\/p>\n<p>TK20 \u2013 Quantit\u00e9 Neutralisateur du Chrome VI<br \/>\n<span class=\"wpcf7-form-control-wrap\" data-name=\"aantal-neutralizer\"><input class=\"wpcf7-form-control wpcf7-number wpcf7-validates-as-required wpcf7-validates-as-number\" min=\"0\" max=\"10000000\" aria-required=\"true\" aria-invalid=\"false\" value=\"0\" type=\"number\" name=\"aantal-neutralizer\" \/><\/span>\n<\/p>\n<p>Autre article:<br \/>\n<span class=\"wpcf7-form-control-wrap\" data-name=\"artikel\"><select class=\"wpcf7-form-control wpcf7-select\" aria-invalid=\"false\" name=\"artikel\"><option value=\"\"><\/option><option value=\"TK03 \u2013 Kit d\u2019attaque macroscopique pour soudures en aluminium\">TK03 \u2013 Kit d\u2019attaque macroscopique pour soudures en aluminium<\/option><option value=\"TK04 - Kit d&#039;attaque macroscopique pour soudures en inox\">TK04 - Kit d&#039;attaque macroscopique pour soudures en inox<\/option><option value=\"TK05. - Kit de test d&#039;identification d&#039;acier inoxydable 304 - 316\">TK05. - Kit de test d&#039;identification d&#039;acier inoxydable 304 - 316<\/option><option value=\"TK05RF - recharge set\">TK05RF - recharge set<\/option><option value=\"TK13. - Kit de test Ferroxyl pour l&#039;identification gratuite du fer\">TK13. - Kit de test Ferroxyl pour l&#039;identification gratuite du fer<\/option><option value=\"TK13RF - recharge set\">TK13RF - recharge set<\/option><option value=\"TK14 - Kit de test d&#039;identification en acier inoxydable 303\">TK14 - Kit de test d&#039;identification en acier inoxydable 303<\/option><option value=\"TK21 - Sel D\u00e9tection Test\">TK21 - Sel D\u00e9tection Test<\/option><\/select><\/span>\n<\/p>\n<p>Montant de l'autre article:<br \/>\n<span class=\"wpcf7-form-control-wrap\" data-name=\"aantal-other\"><input class=\"wpcf7-form-control wpcf7-number wpcf7-validates-as-number\" min=\"0\" max=\"10000000\" aria-invalid=\"false\" value=\"0\" type=\"number\" name=\"aantal-other\" \/><\/span>\n<\/p>\n<p>Commentaires<br \/>\n<span class=\"wpcf7-form-control-wrap\" data-name=\"your-message\"><textarea cols=\"40\" rows=\"10\" maxlength=\"2000\" class=\"wpcf7-form-control wpcf7-textarea\" aria-invalid=\"false\" name=\"your-message\"><\/textarea><\/span>\n<\/p>\n<p>Les champs marqu\u00e9s d'un * sont obligatoires.<br \/>\nVous recevrez imm\u00e9diatement une confirmation par e-mail apr\u00e8s avoir envoy\u00e9 cette demande de devis.<br \/>\nSi vous ne recevez pas cette confirmation, cela signifie que l'envoi n'a pas \u00e9t\u00e9 r\u00e9ussi, et vous pouvez nous envoyer la demande par e-mail \u00e0 l'adresse : info@matinspired.com<br \/>\nVous recevrez le devis dans un d\u00e9lai de 2 jours ouvrables\n<\/p>\n<p><input class=\"wpcf7-form-control wpcf7-submit has-spinner\" type=\"submit\" value=\"Soumettre\" \/>\n<\/p><p style=\"display: none !important;\" class=\"akismet-fields-container\" data-prefix=\"_wpcf7_ak_\"><label>&#916;<textarea name=\"_wpcf7_ak_hp_textarea\" cols=\"45\" rows=\"8\" maxlength=\"100\"><\/textarea><\/label><input type=\"hidden\" id=\"ak_js_1\" name=\"_wpcf7_ak_js\" value=\"108\"\/><script>document.getElementById( \"ak_js_1\" ).setAttribute( \"value\", ( new Date() ).getTime() );<\/script><\/p><div class=\"wpcf7-response-output\" aria-hidden=\"true\"><\/div>\n<\/form>\n<\/div>\n\nLa livraison n&rsquo;est possible que pour les entreprises.<br \/>\nNous livrons dans tous les pays d&rsquo;Europe et hors d&rsquo;Europe.\n<p>En raison d\u2019un jour f\u00e9ri\u00e9, nous serons ferm\u00e9s le 27 avril. Nous serons de retour au bureau le 28 avril.<\/p>\n\n\n","protected":false},"excerpt":{"rendered":"<p>Demande de devis &nbsp; Nos produits vous int\u00e9ressent ? Alors nous vous ferons volontiers une offre sans engagement. Pour une offre rapide, veuillez remplir ce formulaire complet La livraison n&rsquo;est possible que pour les entreprises. Nous livrons dans tous les pays d&rsquo;Europe et hors d&rsquo;Europe.<\/p>\n","protected":false},"author":3,"featured_media":0,"parent":0,"menu_order":0,"comment_status":"closed","ping_status":"closed","template":"","meta":{"footnotes":""},"class_list":["post-358","page","type-page","status-publish","hentry"],"yoast_head":"<!-- This site is optimized with the Yoast SEO plugin v27.2 - https:\/\/yoast.com\/product\/yoast-seo-wordpress\/ -->\n<title>Demande de devis - Matinspired.com<\/title>\n<meta name=\"description\" content=\"Interested in our products? Then we will gladly make a quotation without obligations for you.\" \/>\n<meta name=\"robots\" content=\"index, follow, max-snippet:-1, max-image-preview:large, max-video-preview:-1\" \/>\n<link rel=\"canonical\" href=\"https:\/\/www.matinspired.com\/fr\/demande-de-devis\/\" \/>\n<meta property=\"og:locale\" content=\"fr_FR\" \/>\n<meta property=\"og:type\" content=\"article\" \/>\n<meta property=\"og:title\" content=\"Demande de devis - Matinspired.com\" \/>\n<meta property=\"og:description\" content=\"Interested in our products? Then we will gladly make a quotation without obligations for you.\" \/>\n<meta property=\"og:url\" content=\"https:\/\/www.matinspired.com\/fr\/demande-de-devis\/\" \/>\n<meta property=\"og:site_name\" content=\"Matinspired.com\" \/>\n<meta property=\"article:modified_time\" content=\"2024-01-08T13:39:50+00:00\" \/>\n<meta name=\"twitter:card\" content=\"summary_large_image\" \/>\n<meta name=\"twitter:site\" content=\"@MATinspired\" \/>\n<meta name=\"twitter:label1\" content=\"Dur\u00e9e de lecture estim\u00e9e\" \/>\n\t<meta name=\"twitter:data1\" content=\"1 minute\" \/>\n<script type=\"application\/ld+json\" class=\"yoast-schema-graph\">{\"@context\":\"https:\/\/schema.org\",\"@graph\":[{\"@type\":\"WebPage\",\"@id\":\"https:\/\/www.matinspired.com\/fr\/demande-de-devis\/\",\"url\":\"https:\/\/www.matinspired.com\/fr\/demande-de-devis\/\",\"name\":\"Demande de devis - Matinspired.com\",\"isPartOf\":{\"@id\":\"https:\/\/www.matinspired.com\/fr\/#website\"},\"datePublished\":\"2020-12-16T09:11:29+00:00\",\"dateModified\":\"2024-01-08T13:39:50+00:00\",\"description\":\"Interested in our products? Then we will gladly make a quotation without obligations for you.\",\"breadcrumb\":{\"@id\":\"https:\/\/www.matinspired.com\/fr\/demande-de-devis\/#breadcrumb\"},\"inLanguage\":\"fr-FR\",\"potentialAction\":[{\"@type\":\"ReadAction\",\"target\":[\"https:\/\/www.matinspired.com\/fr\/demande-de-devis\/\"]}]},{\"@type\":\"BreadcrumbList\",\"@id\":\"https:\/\/www.matinspired.com\/fr\/demande-de-devis\/#breadcrumb\",\"itemListElement\":[{\"@type\":\"ListItem\",\"position\":1,\"name\":\"Home\",\"item\":\"https:\/\/www.matinspired.com\/fr\/\"},{\"@type\":\"ListItem\",\"position\":2,\"name\":\"Demande de devis\"}]},{\"@type\":\"WebSite\",\"@id\":\"https:\/\/www.matinspired.com\/fr\/#website\",\"url\":\"https:\/\/www.matinspired.com\/fr\/\",\"name\":\"Matinspired.com\",\"description\":\"Chromium-6 test kits and more\",\"publisher\":{\"@id\":\"https:\/\/www.matinspired.com\/fr\/#organization\"},\"potentialAction\":[{\"@type\":\"SearchAction\",\"target\":{\"@type\":\"EntryPoint\",\"urlTemplate\":\"https:\/\/www.matinspired.com\/fr\/?s={search_term_string}\"},\"query-input\":{\"@type\":\"PropertyValueSpecification\",\"valueRequired\":true,\"valueName\":\"search_term_string\"}}],\"inLanguage\":\"fr-FR\"},{\"@type\":\"Organization\",\"@id\":\"https:\/\/www.matinspired.com\/fr\/#organization\",\"name\":\"MATinspired B.V.\",\"url\":\"https:\/\/www.matinspired.com\/fr\/\",\"logo\":{\"@type\":\"ImageObject\",\"inLanguage\":\"fr-FR\",\"@id\":\"https:\/\/www.matinspired.com\/fr\/#\/schema\/logo\/image\/\",\"url\":\"https:\/\/www.matinspired.com\/wp-content\/uploads\/2023\/03\/LogoMATinspiredPO-696x969-1.jpg\",\"contentUrl\":\"https:\/\/www.matinspired.com\/wp-content\/uploads\/2023\/03\/LogoMATinspiredPO-696x969-1.jpg\",\"width\":696,\"height\":696,\"caption\":\"MATinspired B.V.\"},\"image\":{\"@id\":\"https:\/\/www.matinspired.com\/fr\/#\/schema\/logo\/image\/\"},\"sameAs\":[\"https:\/\/x.com\/MATinspired\"]}]}<\/script>\n<!-- \/ Yoast SEO plugin. -->","yoast_head_json":{"title":"Demande de devis - Matinspired.com","description":"Interested in our products? Then we will gladly make a quotation without obligations for you.","robots":{"index":"index","follow":"follow","max-snippet":"max-snippet:-1","max-image-preview":"max-image-preview:large","max-video-preview":"max-video-preview:-1"},"canonical":"https:\/\/www.matinspired.com\/fr\/demande-de-devis\/","og_locale":"fr_FR","og_type":"article","og_title":"Demande de devis - Matinspired.com","og_description":"Interested in our products? Then we will gladly make a quotation without obligations for you.","og_url":"https:\/\/www.matinspired.com\/fr\/demande-de-devis\/","og_site_name":"Matinspired.com","article_modified_time":"2024-01-08T13:39:50+00:00","twitter_card":"summary_large_image","twitter_site":"@MATinspired","twitter_misc":{"Dur\u00e9e de lecture estim\u00e9e":"1 minute"},"schema":{"@context":"https:\/\/schema.org","@graph":[{"@type":"WebPage","@id":"https:\/\/www.matinspired.com\/fr\/demande-de-devis\/","url":"https:\/\/www.matinspired.com\/fr\/demande-de-devis\/","name":"Demande de devis - Matinspired.com","isPartOf":{"@id":"https:\/\/www.matinspired.com\/fr\/#website"},"datePublished":"2020-12-16T09:11:29+00:00","dateModified":"2024-01-08T13:39:50+00:00","description":"Interested in our products? Then we will gladly make a quotation without obligations for you.","breadcrumb":{"@id":"https:\/\/www.matinspired.com\/fr\/demande-de-devis\/#breadcrumb"},"inLanguage":"fr-FR","potentialAction":[{"@type":"ReadAction","target":["https:\/\/www.matinspired.com\/fr\/demande-de-devis\/"]}]},{"@type":"BreadcrumbList","@id":"https:\/\/www.matinspired.com\/fr\/demande-de-devis\/#breadcrumb","itemListElement":[{"@type":"ListItem","position":1,"name":"Home","item":"https:\/\/www.matinspired.com\/fr\/"},{"@type":"ListItem","position":2,"name":"Demande de devis"}]},{"@type":"WebSite","@id":"https:\/\/www.matinspired.com\/fr\/#website","url":"https:\/\/www.matinspired.com\/fr\/","name":"Matinspired.com","description":"Chromium-6 test kits and more","publisher":{"@id":"https:\/\/www.matinspired.com\/fr\/#organization"},"potentialAction":[{"@type":"SearchAction","target":{"@type":"EntryPoint","urlTemplate":"https:\/\/www.matinspired.com\/fr\/?s={search_term_string}"},"query-input":{"@type":"PropertyValueSpecification","valueRequired":true,"valueName":"search_term_string"}}],"inLanguage":"fr-FR"},{"@type":"Organization","@id":"https:\/\/www.matinspired.com\/fr\/#organization","name":"MATinspired B.V.","url":"https:\/\/www.matinspired.com\/fr\/","logo":{"@type":"ImageObject","inLanguage":"fr-FR","@id":"https:\/\/www.matinspired.com\/fr\/#\/schema\/logo\/image\/","url":"https:\/\/www.matinspired.com\/wp-content\/uploads\/2023\/03\/LogoMATinspiredPO-696x969-1.jpg","contentUrl":"https:\/\/www.matinspired.com\/wp-content\/uploads\/2023\/03\/LogoMATinspiredPO-696x969-1.jpg","width":696,"height":696,"caption":"MATinspired B.V."},"image":{"@id":"https:\/\/www.matinspired.com\/fr\/#\/schema\/logo\/image\/"},"sameAs":["https:\/\/x.com\/MATinspired"]}]}},"jetpack_sharing_enabled":true,"_links":{"self":[{"href":"https:\/\/www.matinspired.com\/fr\/wp-json\/wp\/v2\/pages\/358","targetHints":{"allow":["GET"]}}],"collection":[{"href":"https:\/\/www.matinspired.com\/fr\/wp-json\/wp\/v2\/pages"}],"about":[{"href":"https:\/\/www.matinspired.com\/fr\/wp-json\/wp\/v2\/types\/page"}],"author":[{"embeddable":true,"href":"https:\/\/www.matinspired.com\/fr\/wp-json\/wp\/v2\/users\/3"}],"replies":[{"embeddable":true,"href":"https:\/\/www.matinspired.com\/fr\/wp-json\/wp\/v2\/comments?post=358"}],"version-history":[{"count":0,"href":"https:\/\/www.matinspired.com\/fr\/wp-json\/wp\/v2\/pages\/358\/revisions"}],"wp:attachment":[{"href":"https:\/\/www.matinspired.com\/fr\/wp-json\/wp\/v2\/media?parent=358"}],"curies":[{"name":"wp","href":"https:\/\/api.w.org\/{rel}","templated":true}]}}