{"id":355,"date":"2020-10-26T12:28:34","date_gmt":"2020-10-26T11:28:34","guid":{"rendered":"https:\/\/www.matinspired.com\/about-us\/"},"modified":"2026-04-02T12:29:23","modified_gmt":"2026-04-02T10:29:23","slug":"a-propos-de-nous","status":"publish","type":"page","link":"https:\/\/www.matinspired.com\/fr\/a-propos-de-nous\/","title":{"rendered":"\u00c0 propos de nous"},"content":{"rendered":"\n\n\t<h1><strong>\u00c0\u00a0propos de nous<\/strong><\/h1>\n<p>&nbsp;<\/p>\n\t<p>Il est important pour tout le monde de travailler en toute s\u00e9curit\u00e9. Les tests rapides de MATinspired pour l&rsquo;identification et la d\u00e9tection d&rsquo;une vari\u00e9t\u00e9 de substances chimiques contribuent \u00e0 un environnement de travail plus propre et plus s\u00fbr.<\/p>\n<p>Nous avons mis au point diff\u00e9rents kits de tests internes que vous pouvez utiliser vous-m\u00eame. Gr\u00e2ce \u00e0 ces kits de test, vous pouvez facilement identifier des substances sans l&rsquo;intervention d&rsquo;un laboratoire externe, puis prendre les mesures n\u00e9cessaires pour travailler en toute s\u00e9curit\u00e9. Par exemple, nous disposons de kits de test pour les substances toxiques telles que le chrome-6 et le plomb, mais aussi pour l&rsquo;identification de diff\u00e9rents types de m\u00e9taux et pour tester la qualit\u00e9 des soudures.<\/p>\n\t\t\t<a href=\"https:\/\/www.matinspired.com\/fr\/webshop\/\"  target=\"_self\">\n\t\t\t\t\t\tNos testkits\n\t\t\t\t\t<\/a>\n\tNos kits de test sont adapt\u00e9s \u00e0 une utilisation dans la construction, l&rsquo;industrie, les entreprises de peinture, les entreprises de m\u00e9tallurgie<br \/>\net la maintenance des turbines \u00e0 gaz, pour ne citer que quelques applications.\n\t<h2><strong>\u00c0 propos de MATinspired <\/strong><img loading=\"lazy\" decoding=\"async\" src=\"https:\/\/www.matinspired.com\/wp-content\/uploads\/2021\/12\/IMG_8025-website-1-300x214.jpg\" alt=\"\" width=\"300\" height=\"214\" \/><\/h2>\n<p>MATinspired B.V. d\u00e9veloppe et vend des kits de test qui permettent aux organisations de mener leurs propres recherches sur les mat\u00e9riaux. \u00ab\u00a0Les petites et moyennes entreprises n&rsquo;ont souvent pas leur propre expert en la mati\u00e8re. Dans ce cas, il est tr\u00e8s pratique de pouvoir tester soi-m\u00eame sur place si une soudure a \u00e9t\u00e9 correctement plac\u00e9e et si votre mat\u00e9riau contient des substances toxiques\u00a0\u00bb, d\u00e9clare le fondateur et ing\u00e9nieur physique Niels Kuijpers.<\/p>\n<p>&nbsp;<\/p>\n<strong>Travailler de mani\u00e8re ind\u00e9pendante<\/strong><br \/>\nMATinspired dispose de son propre laboratoire \u00e0 la Porte 2 \u00e0 Rijen, aux Pays-Bas. \u00ab\u00a0Notre propre laboratoire r\u00e9pond \u00e0 toutes les exigences que l&rsquo;on peut attendre d&rsquo;un laboratoire. Par cons\u00e9quent, nous sommes flexibles, nous pouvons changer rapidement et nous pouvons travailler de mani\u00e8re ind\u00e9pendante\u00a0\u00bb.\n<strong>Tests cl\u00e9s en main<\/strong><br \/>\n\u00ab\u00a0M\u00eame si vous n&rsquo;\u00eates pas un expert en science des mat\u00e9riaux, vous pouvez tr\u00e8s bien effectuer ces tests\u00a0\u00bb, dit-il \u00e0 propos des kits de test pour diff\u00e9rents m\u00e9taux et compos\u00e9s (toxiques). \u00ab\u00a0Tout ce que vous avez \u00e0 faire, c&rsquo;est de suivre les \u00e9tapes. Comparez avec un repas pr\u00eat \u00e0 manger : tous les ingr\u00e9dients sont parfaitement \u00e9quilibr\u00e9s. Il suffit de le pr\u00e9parer\u00a0\u00bb.\n<strong>Innovation<\/strong><br \/>\nMATinspired continue \u00e0 se d\u00e9velopper, \u00e0 innover et \u00e0 r\u00e9pondre aux exigences du march\u00e9. Nous nous effor\u00e7ons de proposer une large gamme de kits de test pour l&rsquo;identification et la d\u00e9tection de diverses substances chimiques.\n<p>&nbsp;<\/p>\n\t<p><img loading=\"lazy\" decoding=\"async\" src=\"http:\/\/matinspired.com\/wp-content\/uploads\/2020\/11\/Untitled-3-238x300.png\" alt=\"\" width=\"70\" height=\"89\" \/><\/p>\n<p><strong>Fiabilit\u00e9<\/strong><\/p>\n<p><\/p>\n<p>Nos kits de test ont un haut degr\u00e9 de pr\u00e9cision et de fiabilit\u00e9. Par exemple, les kits de test pour le chrome-6 sont conformes \u00e0 diverses directives europ\u00e9ennes telles que la directive RoHS et la l\u00e9gislation REACH.<\/p>\n\t<p><img loading=\"lazy\" decoding=\"async\" src=\"http:\/\/matinspired.com\/wp-content\/uploads\/2020\/11\/Logo-2-238x300.png\" alt=\"\" width=\"70\" height=\"89\" \/><\/p>\n<p><strong>Des tests s\u00fbrs et faciles \u00e0 r\u00e9aliser par vous-m\u00eame<\/strong><\/p>\n<p>Vous pouvez effectuer vous-m\u00eame le test facilement et rapidement sur place, et vous verrez le r\u00e9sultat imm\u00e9diatement. Cela contraste avec les tests effectu\u00e9s par des laboratoires externes, pour lesquels vous devez attendre quelques jours avant d&rsquo;obtenir les r\u00e9sultats.<\/p>\n\t<p><img loading=\"lazy\" decoding=\"async\" src=\"http:\/\/matinspired.com\/wp-content\/uploads\/2020\/11\/Logo-3-238x300.png\" alt=\"\" width=\"70\" height=\"88\" \/><\/p>\n<p><strong>Livraison rapide dans le monde entier<\/strong><\/p>\n<strong><br \/>\n<\/strong>Nous livrons depuis les Pays-Bas. Apr\u00e8s la demande de devis via ce site web, vous recevrez un devis, et apr\u00e8s votre approbation, nous commencerons imm\u00e9diatement \u00e0 travailler pour vous. Vous recevrez les kits de test en quelques jours ouvrables (selon le pays \u00e0 partir duquel la commande a \u00e9t\u00e9 pass\u00e9e).\n\t<p><img loading=\"lazy\" decoding=\"async\" src=\"http:\/\/matinspired.com\/wp-content\/uploads\/2020\/11\/Logo-4-238x300.png\" alt=\"\" width=\"70\" height=\"88\" \/><\/p>\n<p><strong>D\u00e9veloppement interne<\/strong><\/p>\n<p><\/p>\n<p>Les kits de test sont d\u00e9velopp\u00e9s et produits en interne. Ainsi, nous avons le processus de d\u00e9veloppement et le contr\u00f4le de qualit\u00e9 entre nos mains. La qualit\u00e9 de nos produits est constamment am\u00e9lior\u00e9e.<\/p>\n<figure itemscope itemtype=\"https:\/\/schema.org\/ImageObject\">\n\t\t\t\t<img decoding=\"async\" src=\"https:\/\/www.matinspired.com\/wp-content\/uploads\/2022\/01\/Overview-G-2-scaled.jpg\" alt=\"Overview G\" height=\"1707\" width=\"2560\" title=\"Overview G\" onerror=\"this.style.display='none'\" loading=\"lazy\" \/>\n\t<\/figure>\n\n","protected":false},"excerpt":{"rendered":"<p>\u00c0\u00a0propos de nous &nbsp; Il est important pour tout le monde de travailler en toute s\u00e9curit\u00e9. Les tests rapides de MATinspired pour l&rsquo;identification et la d\u00e9tection d&rsquo;une vari\u00e9t\u00e9 de substances chimiques contribuent \u00e0 un environnement de travail plus propre et plus s\u00fbr. Nous avons mis au point diff\u00e9rents kits de tests internes que vous pouvez&#8230;<\/p>\n","protected":false},"author":3,"featured_media":0,"parent":0,"menu_order":0,"comment_status":"closed","ping_status":"closed","template":"","meta":{"footnotes":""},"class_list":["post-355","page","type-page","status-publish","hentry"],"yoast_head":"<!-- This site is optimized with the Yoast SEO plugin v27.2 - https:\/\/yoast.com\/product\/yoast-seo-wordpress\/ -->\n<title>\u00c0 propos de nous - Matinspired.com<\/title>\n<meta name=\"description\" content=\"About us: MATinspired has lots of knowledge about material science and failure analysis. We also develop test kits and give workshops.\" \/>\n<meta name=\"robots\" content=\"index, follow, max-snippet:-1, max-image-preview:large, max-video-preview:-1\" \/>\n<link rel=\"canonical\" href=\"https:\/\/www.matinspired.com\/fr\/a-propos-de-nous\/\" \/>\n<meta property=\"og:locale\" content=\"fr_FR\" \/>\n<meta property=\"og:type\" content=\"article\" \/>\n<meta property=\"og:title\" content=\"\u00c0 propos de nous - Matinspired.com\" \/>\n<meta property=\"og:description\" content=\"About us: MATinspired has lots of knowledge about material science and failure analysis. We also develop test kits and give workshops.\" \/>\n<meta property=\"og:url\" content=\"https:\/\/www.matinspired.com\/fr\/a-propos-de-nous\/\" \/>\n<meta property=\"og:site_name\" content=\"Matinspired.com\" \/>\n<meta property=\"article:modified_time\" content=\"2026-04-02T10:29:23+00:00\" \/>\n<meta property=\"og:image\" content=\"https:\/\/www.matinspired.com\/wp-content\/uploads\/2021\/12\/IMG_8025-website-1-300x214.jpg\" \/>\n<meta name=\"twitter:card\" content=\"summary_large_image\" \/>\n<meta name=\"twitter:site\" content=\"@MATinspired\" \/>\n<meta name=\"twitter:label1\" content=\"Dur\u00e9e de lecture estim\u00e9e\" \/>\n\t<meta name=\"twitter:data1\" content=\"4 minutes\" \/>\n<script type=\"application\/ld+json\" class=\"yoast-schema-graph\">{\"@context\":\"https:\/\/schema.org\",\"@graph\":[{\"@type\":\"WebPage\",\"@id\":\"https:\/\/www.matinspired.com\/fr\/a-propos-de-nous\/\",\"url\":\"https:\/\/www.matinspired.com\/fr\/a-propos-de-nous\/\",\"name\":\"\u00c0 propos de nous - Matinspired.com\",\"isPartOf\":{\"@id\":\"https:\/\/www.matinspired.com\/fr\/#website\"},\"primaryImageOfPage\":{\"@id\":\"https:\/\/www.matinspired.com\/fr\/a-propos-de-nous\/#primaryimage\"},\"image\":{\"@id\":\"https:\/\/www.matinspired.com\/fr\/a-propos-de-nous\/#primaryimage\"},\"thumbnailUrl\":\"https:\/\/www.matinspired.com\/wp-content\/uploads\/2021\/12\/IMG_8025-website-1-300x214.jpg\",\"datePublished\":\"2020-10-26T11:28:34+00:00\",\"dateModified\":\"2026-04-02T10:29:23+00:00\",\"description\":\"About us: MATinspired has lots of knowledge about material science and failure analysis. We also develop test kits and give workshops.\",\"breadcrumb\":{\"@id\":\"https:\/\/www.matinspired.com\/fr\/a-propos-de-nous\/#breadcrumb\"},\"inLanguage\":\"fr-FR\",\"potentialAction\":[{\"@type\":\"ReadAction\",\"target\":[\"https:\/\/www.matinspired.com\/fr\/a-propos-de-nous\/\"]}]},{\"@type\":\"ImageObject\",\"inLanguage\":\"fr-FR\",\"@id\":\"https:\/\/www.matinspired.com\/fr\/a-propos-de-nous\/#primaryimage\",\"url\":\"https:\/\/www.matinspired.com\/wp-content\/uploads\/2021\/12\/IMG_8025-website-1-300x214.jpg\",\"contentUrl\":\"https:\/\/www.matinspired.com\/wp-content\/uploads\/2021\/12\/IMG_8025-website-1-300x214.jpg\"},{\"@type\":\"BreadcrumbList\",\"@id\":\"https:\/\/www.matinspired.com\/fr\/a-propos-de-nous\/#breadcrumb\",\"itemListElement\":[{\"@type\":\"ListItem\",\"position\":1,\"name\":\"Home\",\"item\":\"https:\/\/www.matinspired.com\/fr\/\"},{\"@type\":\"ListItem\",\"position\":2,\"name\":\"\u00c0 propos de nous\"}]},{\"@type\":\"WebSite\",\"@id\":\"https:\/\/www.matinspired.com\/fr\/#website\",\"url\":\"https:\/\/www.matinspired.com\/fr\/\",\"name\":\"Matinspired.com\",\"description\":\"Chromium-6 test kits and more\",\"publisher\":{\"@id\":\"https:\/\/www.matinspired.com\/fr\/#organization\"},\"potentialAction\":[{\"@type\":\"SearchAction\",\"target\":{\"@type\":\"EntryPoint\",\"urlTemplate\":\"https:\/\/www.matinspired.com\/fr\/?s={search_term_string}\"},\"query-input\":{\"@type\":\"PropertyValueSpecification\",\"valueRequired\":true,\"valueName\":\"search_term_string\"}}],\"inLanguage\":\"fr-FR\"},{\"@type\":\"Organization\",\"@id\":\"https:\/\/www.matinspired.com\/fr\/#organization\",\"name\":\"MATinspired B.V.\",\"url\":\"https:\/\/www.matinspired.com\/fr\/\",\"logo\":{\"@type\":\"ImageObject\",\"inLanguage\":\"fr-FR\",\"@id\":\"https:\/\/www.matinspired.com\/fr\/#\/schema\/logo\/image\/\",\"url\":\"https:\/\/www.matinspired.com\/wp-content\/uploads\/2023\/03\/LogoMATinspiredPO-696x969-1.jpg\",\"contentUrl\":\"https:\/\/www.matinspired.com\/wp-content\/uploads\/2023\/03\/LogoMATinspiredPO-696x969-1.jpg\",\"width\":696,\"height\":696,\"caption\":\"MATinspired B.V.\"},\"image\":{\"@id\":\"https:\/\/www.matinspired.com\/fr\/#\/schema\/logo\/image\/\"},\"sameAs\":[\"https:\/\/x.com\/MATinspired\"]}]}<\/script>\n<!-- \/ Yoast SEO plugin. -->","yoast_head_json":{"title":"\u00c0 propos de nous - Matinspired.com","description":"About us: MATinspired has lots of knowledge about material science and failure analysis. We also develop test kits and give workshops.","robots":{"index":"index","follow":"follow","max-snippet":"max-snippet:-1","max-image-preview":"max-image-preview:large","max-video-preview":"max-video-preview:-1"},"canonical":"https:\/\/www.matinspired.com\/fr\/a-propos-de-nous\/","og_locale":"fr_FR","og_type":"article","og_title":"\u00c0 propos de nous - Matinspired.com","og_description":"About us: MATinspired has lots of knowledge about material science and failure analysis. We also develop test kits and give workshops.","og_url":"https:\/\/www.matinspired.com\/fr\/a-propos-de-nous\/","og_site_name":"Matinspired.com","article_modified_time":"2026-04-02T10:29:23+00:00","og_image":[{"url":"https:\/\/www.matinspired.com\/wp-content\/uploads\/2021\/12\/IMG_8025-website-1-300x214.jpg","type":"","width":"","height":""}],"twitter_card":"summary_large_image","twitter_site":"@MATinspired","twitter_misc":{"Dur\u00e9e de lecture estim\u00e9e":"4 minutes"},"schema":{"@context":"https:\/\/schema.org","@graph":[{"@type":"WebPage","@id":"https:\/\/www.matinspired.com\/fr\/a-propos-de-nous\/","url":"https:\/\/www.matinspired.com\/fr\/a-propos-de-nous\/","name":"\u00c0 propos de nous - Matinspired.com","isPartOf":{"@id":"https:\/\/www.matinspired.com\/fr\/#website"},"primaryImageOfPage":{"@id":"https:\/\/www.matinspired.com\/fr\/a-propos-de-nous\/#primaryimage"},"image":{"@id":"https:\/\/www.matinspired.com\/fr\/a-propos-de-nous\/#primaryimage"},"thumbnailUrl":"https:\/\/www.matinspired.com\/wp-content\/uploads\/2021\/12\/IMG_8025-website-1-300x214.jpg","datePublished":"2020-10-26T11:28:34+00:00","dateModified":"2026-04-02T10:29:23+00:00","description":"About us: MATinspired has lots of knowledge about material science and failure analysis. We also develop test kits and give workshops.","breadcrumb":{"@id":"https:\/\/www.matinspired.com\/fr\/a-propos-de-nous\/#breadcrumb"},"inLanguage":"fr-FR","potentialAction":[{"@type":"ReadAction","target":["https:\/\/www.matinspired.com\/fr\/a-propos-de-nous\/"]}]},{"@type":"ImageObject","inLanguage":"fr-FR","@id":"https:\/\/www.matinspired.com\/fr\/a-propos-de-nous\/#primaryimage","url":"https:\/\/www.matinspired.com\/wp-content\/uploads\/2021\/12\/IMG_8025-website-1-300x214.jpg","contentUrl":"https:\/\/www.matinspired.com\/wp-content\/uploads\/2021\/12\/IMG_8025-website-1-300x214.jpg"},{"@type":"BreadcrumbList","@id":"https:\/\/www.matinspired.com\/fr\/a-propos-de-nous\/#breadcrumb","itemListElement":[{"@type":"ListItem","position":1,"name":"Home","item":"https:\/\/www.matinspired.com\/fr\/"},{"@type":"ListItem","position":2,"name":"\u00c0 propos de nous"}]},{"@type":"WebSite","@id":"https:\/\/www.matinspired.com\/fr\/#website","url":"https:\/\/www.matinspired.com\/fr\/","name":"Matinspired.com","description":"Chromium-6 test kits and more","publisher":{"@id":"https:\/\/www.matinspired.com\/fr\/#organization"},"potentialAction":[{"@type":"SearchAction","target":{"@type":"EntryPoint","urlTemplate":"https:\/\/www.matinspired.com\/fr\/?s={search_term_string}"},"query-input":{"@type":"PropertyValueSpecification","valueRequired":true,"valueName":"search_term_string"}}],"inLanguage":"fr-FR"},{"@type":"Organization","@id":"https:\/\/www.matinspired.com\/fr\/#organization","name":"MATinspired B.V.","url":"https:\/\/www.matinspired.com\/fr\/","logo":{"@type":"ImageObject","inLanguage":"fr-FR","@id":"https:\/\/www.matinspired.com\/fr\/#\/schema\/logo\/image\/","url":"https:\/\/www.matinspired.com\/wp-content\/uploads\/2023\/03\/LogoMATinspiredPO-696x969-1.jpg","contentUrl":"https:\/\/www.matinspired.com\/wp-content\/uploads\/2023\/03\/LogoMATinspiredPO-696x969-1.jpg","width":696,"height":696,"caption":"MATinspired B.V."},"image":{"@id":"https:\/\/www.matinspired.com\/fr\/#\/schema\/logo\/image\/"},"sameAs":["https:\/\/x.com\/MATinspired"]}]}},"jetpack_sharing_enabled":true,"_links":{"self":[{"href":"https:\/\/www.matinspired.com\/fr\/wp-json\/wp\/v2\/pages\/355","targetHints":{"allow":["GET"]}}],"collection":[{"href":"https:\/\/www.matinspired.com\/fr\/wp-json\/wp\/v2\/pages"}],"about":[{"href":"https:\/\/www.matinspired.com\/fr\/wp-json\/wp\/v2\/types\/page"}],"author":[{"embeddable":true,"href":"https:\/\/www.matinspired.com\/fr\/wp-json\/wp\/v2\/users\/3"}],"replies":[{"embeddable":true,"href":"https:\/\/www.matinspired.com\/fr\/wp-json\/wp\/v2\/comments?post=355"}],"version-history":[{"count":1,"href":"https:\/\/www.matinspired.com\/fr\/wp-json\/wp\/v2\/pages\/355\/revisions"}],"predecessor-version":[{"id":74890,"href":"https:\/\/www.matinspired.com\/fr\/wp-json\/wp\/v2\/pages\/355\/revisions\/74890"}],"wp:attachment":[{"href":"https:\/\/www.matinspired.com\/fr\/wp-json\/wp\/v2\/media?parent=355"}],"curies":[{"name":"wp","href":"https:\/\/api.w.org\/{rel}","templated":true}]}}