{"id":347,"date":"2020-12-04T16:13:14","date_gmt":"2020-12-04T15:13:14","guid":{"rendered":"https:\/\/www.matinspired.com\/chromium-6-detection-test-kit-tk11\/"},"modified":"2026-04-10T11:58:07","modified_gmt":"2026-04-10T09:58:07","slug":"kit-de-test-de-detection-du-chrome-vi-tk11","status":"publish","type":"page","link":"https:\/\/www.matinspired.com\/fr\/kit-de-test-de-detection-du-chrome-vi-tk11\/","title":{"rendered":"Kit de test de d\u00e9tection du chrome VI &#8211; TK11"},"content":{"rendered":"\n\n\t<br \/>\n<strong>Kit de test de d\u00e9tection du chrome VI &#8211; TK11\u2122<\/strong>\n<p>&nbsp;<\/p>\n\t<strong>Chrome VI<br \/>\nKit de test de d\u00e9tection &#8211; TK11\u2122<br \/>\npour la contamination des surfaces, les particules de poussi\u00e8re, les rev\u00eatements et les couches de peinture.<br \/>\n<\/strong>\n<p>Le chrome VI (chrome hexavalent ou chrome 6) peut \u00eatre dangereux pour la sant\u00e9 humaine et l&rsquo;environnement. Avec ce kit, vous pouvez tester la pr\u00e9sence de chrome VI dans les couches de peinture, les rev\u00eatements, la contamination de surface, les particules de poussi\u00e8re ou d&rsquo;autres mat\u00e9riaux. L&rsquo;utilisation du kit permet d&rsquo;obtenir des r\u00e9sultats rapides, s\u00fbrs et fiables, qui peuvent vous aider \u00e0 vous assurer que vos mat\u00e9riaux sont s\u00fbrs et \u00e0 \u00e9viter les r\u00e9clamations pour dommages.<\/p>\n<p>Le kit de test contient 25 \u00e9couvillons de test au chrome VI.<\/p>\n<p>Le kit de test est fourni avec un manuel en fran\u00e7ais et des fiches de donn\u00e9es de s\u00e9curit\u00e9.<\/p>\n\t\t<iframe loading=\"lazy\" title=\"Vid\u00e9o d'instruction-MATinspired Kit de d\u00e9tection du chrome-6 TK11\u2122 pour contamination sur les m\u00e9taux\" width=\"640\" height=\"360\" src=\"https:\/\/www.youtube.com\/embed\/Vs6BmQSpWR8?feature=oembed\" frameborder=\"0\" allow=\"accelerometer; autoplay; clipboard-write; encrypted-media; gyroscope; picture-in-picture; web-share\" referrerpolicy=\"strict-origin-when-cross-origin\" allowfullscreen><\/iframe>\t\n<figure itemscope itemtype=\"https:\/\/schema.org\/ImageObject\">\n\t\t\t\t<img decoding=\"async\" src=\"https:\/\/www.matinspired.com\/wp-content\/uploads\/2025\/03\/TK11EN-kleiner-canvas-4.jpg\" alt=\"TK11 MATinspired Chromium 6 Detection Test Kit\" height=\"933\" width=\"1400\" title=\"Foto Engelstalige testkit\" onerror=\"this.style.display='none'\" loading=\"lazy\" \/>\n\t<\/figure>\n\t\t\t<a href=\"https:\/\/www.matinspired.com\/fr\/demande-de-devis\/?aantal-chroom6=1\"  target=\"_self\">\n\t\t\t\t\t\tDemande de devis\n\t\t\t\t\t<\/a>\n\t\t\t<a href=\"https:\/\/www.matinspired.com\/wp-content\/uploads\/2022\/09\/Brochure-MATinspired-TK11-Kit-de-detection-du-chrome-VI-.pdf\"  target=\"_blank\" rel=\"noopener\"    rel=\"noopener\">\n\t\t\t\t\t\tBrochure Chrome VI Testkit\n\t\t\t\t\t<\/a>\n\t\t\t<a href=\"https:\/\/www.matinspired.com\/wp-content\/uploads\/2024\/01\/Specification-MATinspired-TK11-Chromium-6-Detection-Test-Kit.pdf\"  target=\"_blank\" rel=\"noopener\"    rel=\"noopener\">\n\t\t\t\t\t\tSpecification Chrome VI Testkit\n\t\t\t\t\t<\/a>\n\t<em>La commande n&rsquo;est possible que pour les entreprises.<br \/>\n<\/em><em>Vous recevrez notre devis par e-mail dans un ou deux jours ouvr\u00e9s. Apr\u00e8s votre acceptation de notre devis, nous enverrons le kit de test aussi rapide que possible.<\/em>\n<figure itemscope itemtype=\"https:\/\/schema.org\/ImageObject\">\n\t\t\t\t<img decoding=\"async\" src=\"https:\/\/www.matinspired.com\/wp-content\/uploads\/2021\/01\/Chrome-VI-test-768x426-1.jpg\" alt=\"Chrome-VI-test-768x426\" height=\"426\" width=\"768\" title=\"Chrome-VI-test-768x426\" onerror=\"this.style.display='none'\" loading=\"lazy\" \/>\n\t<\/figure>\n\t<h3><strong>Test de d\u00e9tection du chrome-6 dans les couches de peinture<\/strong><\/h3>\n<p>Le kit de test vous permet de tester la pr\u00e9sence de chrome-6 dans une couche de peinture (ou une couche d&rsquo;appr\u00eat). Pour effectuer le test, pratiquez quelques incisions dans la couche et poncez-la l\u00e9g\u00e8rement avec un papier abrasif propre. Imbibez l&rsquo;extr\u00e9mit\u00e9 du coton-tige avec le liquide de test et frottez-le sur la couche de peinture. Si la couche contient du chrome-6, le coton-tige deviendra violet. Si la couche de peinture ne contient pas de chrome 6, le coton-tige restera jaune\/orange.<\/p>\n<h3><b>Test d&rsquo;autres mat\u00e9riaux<\/b><\/h3>\n<p>Le kit de test de d\u00e9tection du chrome 6 TK11\u00ae peut \u00eatre utilis\u00e9 sur une large gamme de mat\u00e9riaux et de composants. Outre les surfaces m\u00e9talliques et les rev\u00eatements, le kit de test TK11\u00ae convient pour tester les composants \u00e9lectriques, le bois impr\u00e9gn\u00e9, le cuir et les mat\u00e9riaux isolants.<\/p>\n<p>Le kit est fr\u00e9quemment utilis\u00e9 pour tester des mat\u00e9riaux isolants, tels que la laine de verre et la laine de roche, qui ont \u00e9t\u00e9 en contact avec des alliages chauff\u00e9s contenant du chrome. Dans de tels cas, des compos\u00e9s de chrome 6 peuvent se former \u00e0 la surface du m\u00e9tal et sur le mat\u00e9riau isolant, qui peuvent \u00eatre d\u00e9tect\u00e9s \u00e0 l&rsquo;aide du kit de test TK11\u00ae.<\/p>\n<p>Outre les aciers inoxydables chauff\u00e9s, le kit de test convient \u00e9galement pour tester les alliages \u00e0 haute teneur en nickel chauff\u00e9s tels que l&rsquo;Incoloy\u00ae et l&rsquo;Inconel\u00ae. Comme ces alliages contiennent du chrome, des compos\u00e9s de chrome 6 peuvent se former \u00e0 la surface, en particulier lorsqu&rsquo;ils ont \u00e9t\u00e9 en contact avec des compos\u00e9s anti-grippage ou des mat\u00e9riaux isolants qui favorisent cette formation.<\/p>\n<p>Les applications industrielles typiques comprennent les pi\u00e8ces a\u00e9ronautiques, les composants automobiles, les pi\u00e8ces de turbomoteurs, les syst\u00e8mes d&rsquo;\u00e9chappement de moteurs et de nombreux autres composants industriels.<\/p>\n\t\t<iframe loading=\"lazy\" title=\"Vid\u00e9o d'instruction - MATinspired Kit de d\u00e9tection du chrome-6 TK11\u2122 sur peinture\" width=\"640\" height=\"360\" src=\"https:\/\/www.youtube.com\/embed\/QJJWp8M8U_Y?feature=oembed\" frameborder=\"0\" allow=\"accelerometer; autoplay; clipboard-write; encrypted-media; gyroscope; picture-in-picture; web-share\" referrerpolicy=\"strict-origin-when-cross-origin\" allowfullscreen><\/iframe>\t\n\t<p>&nbsp;<\/p>\n<p>&nbsp;<\/p>\n<p>Exemple d&rsquo;un boulon et d&rsquo;un \u00e9crou en acier inoxydable 304 (A2) avec une p\u00e2te antigrippante apr\u00e8s traitement thermique. Le chromate jaun\u00e2tre form\u00e9 est clairement visible. L&rsquo;\u00e9couvillon du test de d\u00e9tection du chrome VI TK11\u2122 devient clairement rouge\/violet, ce qui indique la pr\u00e9sence de chrome VI.<\/p>\n<p>&nbsp;<\/p>\n<figure itemscope itemtype=\"https:\/\/schema.org\/ImageObject\">\n\t\t\t\t<img decoding=\"async\" src=\"https:\/\/www.matinspired.com\/wp-content\/uploads\/2021\/01\/Chromate-test-on-bolt-and-nut.jpg\" alt=\"Chromate-test-on-bolt-and-nut\" height=\"533\" width=\"800\" title=\"Chromate-test-on-bolt-and-nut\" onerror=\"this.style.display='none'\" loading=\"lazy\" \/>\n\t<\/figure>\n\t<h3><strong>\u00c0 propos du chrome VI<\/strong><\/h3>\n<p><strong>Qu&rsquo;est-ce que le chrome-6 ?<\/strong><\/p>\n<p>Le chrome-6, \u00e9galement appel\u00e9 chrome(VI), chrome(VI), Cr(VI), Cr<sup>6+<\/sup> ou chrome hexavalent, est une forme hautement toxique du chrome qui peut provoquer le cancer.<\/p>\n<p><strong>O\u00f9 trouve-t-on le chrome-6 ?<\/strong><\/p>\n<p>Les compos\u00e9s tels que l&rsquo;oxyde de chrome(VI), le chromate de zinc, le chromate de plomb et le chromate de strontium contiennent du chrome-6. Ces substances ont \u00e9t\u00e9 largement utilis\u00e9es dans les industries de la peinture et des m\u00e9taux, car elles prot\u00e8gent les m\u00e9taux contre la corrosion et la rouille. On les trouve souvent dans les appr\u00eats et les rev\u00eatements protecteurs sur l&rsquo;acier et l&rsquo;aluminium, par exemple dans les trains, les avions et les v\u00e9hicules militaires.<\/p>\n<p>Le chrome-6 peut \u00e9galement \u00eatre pr\u00e9sent sur les surfaces en acier contenant du chrome, telles que l&rsquo;acier inoxydable, qui ont \u00e9t\u00e9 expos\u00e9es \u00e0 des temp\u00e9ratures \u00e9lev\u00e9es en combinaison avec certaines p\u00e2tes anti-grippage ou certains mat\u00e9riaux isolants. Par cons\u00e9quent, le chrome-6 peut \u00eatre pr\u00e9sent sur des composants tels que les pi\u00e8ces de turbines \u00e0 gaz.<\/p>\n<p><b>Risques pour la sant\u00e9<\/b><\/p>\n<p>Les principaux risques pour la sant\u00e9 surviennent lors du traitement de vieux rev\u00eatements ou couches de peinture contenant du chrome-6, par exemple par pon\u00e7age, sablage, meulage ou soudage, ou lors de la r\u00e9paration de pi\u00e8ces m\u00e9caniques chauff\u00e9es dont la surface contient des compos\u00e9s contenant du chrome-6. Au cours de ces activit\u00e9s, des poussi\u00e8res fines ou des fum\u00e9es contenant du chrome-6 peuvent \u00eatre lib\u00e9r\u00e9es. Ces particules peuvent \u00eatre inhal\u00e9es ou entrer en contact avec la peau et avoir des effets graves sur la sant\u00e9, notamment le cancer.<\/p>\n<p><b>Test de d\u00e9tection du chrome-6<\/b><\/p>\n<p>Il est donc important de reconna\u00eetre les situations dans lesquelles du chrome-6 peut \u00eatre pr\u00e9sent et de prendre les mesures de protection appropri\u00e9es, telles que travailler en toute s\u00e9curit\u00e9, utiliser des \u00e9quipements de protection individuelle et, si n\u00e9cessaire, tester les mat\u00e9riaux pour d\u00e9tecter la pr\u00e9sence de chrome-6. Nos kits de test vous aident \u00e0 d\u00e9terminer rapidement si du chrome-6 est pr\u00e9sent dans les rev\u00eatements ou sur les surfaces m\u00e9talliques.<\/p>\n<p>&nbsp;<\/p>\n<p><i> Avis de non-responsabilit\u00e9<br \/>\nBien que ce produit ait \u00e9t\u00e9 \u00e9labor\u00e9 avec le plus grand soin, MATinspired B.V. ne peut \u00eatre tenu responsable des dommages r\u00e9sultant de l&rsquo;utilisation ou du contact avec le produit. Cette m\u00e9thode de mesure ne donne qu&rsquo;une indication, et MATinspired B.V. n&rsquo;est pas responsable des r\u00e9sultats des tests. <\/i><\/p>\n\n\n","protected":false},"excerpt":{"rendered":"<p>Kit de test de d\u00e9tection du chrome VI &#8211; TK11\u2122 &nbsp; Chrome VI Kit de test de d\u00e9tection &#8211; TK11\u2122 pour la contamination des surfaces, les particules de poussi\u00e8re, les rev\u00eatements et les couches de peinture. Le chrome VI (chrome hexavalent ou chrome 6) peut \u00eatre dangereux pour la sant\u00e9 humaine et l&rsquo;environnement. Avec ce&#8230;<\/p>\n","protected":false},"author":3,"featured_media":0,"parent":0,"menu_order":0,"comment_status":"closed","ping_status":"closed","template":"","meta":{"footnotes":""},"class_list":["post-347","page","type-page","status-publish","hentry"],"yoast_head":"<!-- This site is optimized with the Yoast SEO plugin v27.2 - https:\/\/yoast.com\/product\/yoast-seo-wordpress\/ -->\n<title>Kit de test de d\u00e9tection du chrome VI - TK11 | Matinspired | Rapide et s\u00fbr<\/title>\n<meta name=\"description\" content=\"Pour la contamination des surfaces, les particules de poussi\u00e8re, les m\u00e9taux, les rev\u00eatements et les couches de peinture. Kit de test de d\u00e9tection du chrome-6 d\u00e9velopp\u00e9 par MATinspired.\" \/>\n<meta name=\"robots\" content=\"index, follow, max-snippet:-1, max-image-preview:large, max-video-preview:-1\" \/>\n<link rel=\"canonical\" href=\"https:\/\/www.matinspired.com\/fr\/kit-de-test-de-detection-du-chrome-vi-tk11\/\" \/>\n<meta property=\"og:locale\" content=\"fr_FR\" \/>\n<meta property=\"og:type\" content=\"article\" \/>\n<meta property=\"og:title\" content=\"Kit de test de d\u00e9tection du chrome VI - TK11 | Matinspired | Rapide et s\u00fbr\" \/>\n<meta property=\"og:description\" content=\"Pour la contamination des surfaces, les particules de poussi\u00e8re, les m\u00e9taux, les rev\u00eatements et les couches de peinture. Kit de test de d\u00e9tection du chrome-6 d\u00e9velopp\u00e9 par MATinspired.\" \/>\n<meta property=\"og:url\" content=\"https:\/\/www.matinspired.com\/fr\/kit-de-test-de-detection-du-chrome-vi-tk11\/\" \/>\n<meta property=\"og:site_name\" content=\"Matinspired.com\" \/>\n<meta property=\"article:modified_time\" content=\"2026-04-10T09:58:07+00:00\" \/>\n<meta property=\"og:image\" content=\"https:\/\/www.matinspired.com\/wp-content\/uploads\/2025\/03\/TK11EN-kleiner-canvas-4.jpg\" \/>\n<meta name=\"twitter:card\" content=\"summary_large_image\" \/>\n<meta name=\"twitter:site\" content=\"@MATinspired\" \/>\n<meta name=\"twitter:label1\" content=\"Dur\u00e9e de lecture estim\u00e9e\" \/>\n\t<meta name=\"twitter:data1\" content=\"3 minutes\" \/>\n<script type=\"application\/ld+json\" class=\"yoast-schema-graph\">{\"@context\":\"https:\/\/schema.org\",\"@graph\":[{\"@type\":\"WebPage\",\"@id\":\"https:\/\/www.matinspired.com\/fr\/kit-de-test-de-detection-du-chrome-vi-tk11\/\",\"url\":\"https:\/\/www.matinspired.com\/fr\/kit-de-test-de-detection-du-chrome-vi-tk11\/\",\"name\":\"Kit de test de d\u00e9tection du chrome VI - TK11 | Matinspired | Rapide et s\u00fbr\",\"isPartOf\":{\"@id\":\"https:\/\/www.matinspired.com\/fr\/#website\"},\"primaryImageOfPage\":{\"@id\":\"https:\/\/www.matinspired.com\/fr\/kit-de-test-de-detection-du-chrome-vi-tk11\/#primaryimage\"},\"image\":{\"@id\":\"https:\/\/www.matinspired.com\/fr\/kit-de-test-de-detection-du-chrome-vi-tk11\/#primaryimage\"},\"thumbnailUrl\":\"https:\/\/www.matinspired.com\/wp-content\/uploads\/2025\/03\/TK11EN-kleiner-canvas-4.jpg\",\"datePublished\":\"2020-12-04T15:13:14+00:00\",\"dateModified\":\"2026-04-10T09:58:07+00:00\",\"description\":\"Pour la contamination des surfaces, les particules de poussi\u00e8re, les m\u00e9taux, les rev\u00eatements et les couches de peinture. Kit de test de d\u00e9tection du chrome-6 d\u00e9velopp\u00e9 par MATinspired.\",\"breadcrumb\":{\"@id\":\"https:\/\/www.matinspired.com\/fr\/kit-de-test-de-detection-du-chrome-vi-tk11\/#breadcrumb\"},\"inLanguage\":\"fr-FR\",\"potentialAction\":[{\"@type\":\"ReadAction\",\"target\":[\"https:\/\/www.matinspired.com\/fr\/kit-de-test-de-detection-du-chrome-vi-tk11\/\"]}]},{\"@type\":\"ImageObject\",\"inLanguage\":\"fr-FR\",\"@id\":\"https:\/\/www.matinspired.com\/fr\/kit-de-test-de-detection-du-chrome-vi-tk11\/#primaryimage\",\"url\":\"https:\/\/www.matinspired.com\/wp-content\/uploads\/2025\/03\/TK11EN-kleiner-canvas-4.jpg\",\"contentUrl\":\"https:\/\/www.matinspired.com\/wp-content\/uploads\/2025\/03\/TK11EN-kleiner-canvas-4.jpg\"},{\"@type\":\"BreadcrumbList\",\"@id\":\"https:\/\/www.matinspired.com\/fr\/kit-de-test-de-detection-du-chrome-vi-tk11\/#breadcrumb\",\"itemListElement\":[{\"@type\":\"ListItem\",\"position\":1,\"name\":\"Home\",\"item\":\"https:\/\/www.matinspired.com\/fr\/\"},{\"@type\":\"ListItem\",\"position\":2,\"name\":\"Kit de test de d\u00e9tection du chrome VI &#8211; TK11\"}]},{\"@type\":\"WebSite\",\"@id\":\"https:\/\/www.matinspired.com\/fr\/#website\",\"url\":\"https:\/\/www.matinspired.com\/fr\/\",\"name\":\"Matinspired.com\",\"description\":\"Chromium-6 test kits and more\",\"publisher\":{\"@id\":\"https:\/\/www.matinspired.com\/fr\/#organization\"},\"potentialAction\":[{\"@type\":\"SearchAction\",\"target\":{\"@type\":\"EntryPoint\",\"urlTemplate\":\"https:\/\/www.matinspired.com\/fr\/?s={search_term_string}\"},\"query-input\":{\"@type\":\"PropertyValueSpecification\",\"valueRequired\":true,\"valueName\":\"search_term_string\"}}],\"inLanguage\":\"fr-FR\"},{\"@type\":\"Organization\",\"@id\":\"https:\/\/www.matinspired.com\/fr\/#organization\",\"name\":\"MATinspired B.V.\",\"url\":\"https:\/\/www.matinspired.com\/fr\/\",\"logo\":{\"@type\":\"ImageObject\",\"inLanguage\":\"fr-FR\",\"@id\":\"https:\/\/www.matinspired.com\/fr\/#\/schema\/logo\/image\/\",\"url\":\"https:\/\/www.matinspired.com\/wp-content\/uploads\/2023\/03\/LogoMATinspiredPO-696x969-1.jpg\",\"contentUrl\":\"https:\/\/www.matinspired.com\/wp-content\/uploads\/2023\/03\/LogoMATinspiredPO-696x969-1.jpg\",\"width\":696,\"height\":696,\"caption\":\"MATinspired B.V.\"},\"image\":{\"@id\":\"https:\/\/www.matinspired.com\/fr\/#\/schema\/logo\/image\/\"},\"sameAs\":[\"https:\/\/x.com\/MATinspired\"]}]}<\/script>\n<!-- \/ Yoast SEO plugin. -->","yoast_head_json":{"title":"Kit de test de d\u00e9tection du chrome VI - TK11 | Matinspired | Rapide et s\u00fbr","description":"Pour la contamination des surfaces, les particules de poussi\u00e8re, les m\u00e9taux, les rev\u00eatements et les couches de peinture. Kit de test de d\u00e9tection du chrome-6 d\u00e9velopp\u00e9 par MATinspired.","robots":{"index":"index","follow":"follow","max-snippet":"max-snippet:-1","max-image-preview":"max-image-preview:large","max-video-preview":"max-video-preview:-1"},"canonical":"https:\/\/www.matinspired.com\/fr\/kit-de-test-de-detection-du-chrome-vi-tk11\/","og_locale":"fr_FR","og_type":"article","og_title":"Kit de test de d\u00e9tection du chrome VI - TK11 | Matinspired | Rapide et s\u00fbr","og_description":"Pour la contamination des surfaces, les particules de poussi\u00e8re, les m\u00e9taux, les rev\u00eatements et les couches de peinture. Kit de test de d\u00e9tection du chrome-6 d\u00e9velopp\u00e9 par MATinspired.","og_url":"https:\/\/www.matinspired.com\/fr\/kit-de-test-de-detection-du-chrome-vi-tk11\/","og_site_name":"Matinspired.com","article_modified_time":"2026-04-10T09:58:07+00:00","og_image":[{"url":"https:\/\/www.matinspired.com\/wp-content\/uploads\/2025\/03\/TK11EN-kleiner-canvas-4.jpg","type":"","width":"","height":""}],"twitter_card":"summary_large_image","twitter_site":"@MATinspired","twitter_misc":{"Dur\u00e9e de lecture estim\u00e9e":"3 minutes"},"schema":{"@context":"https:\/\/schema.org","@graph":[{"@type":"WebPage","@id":"https:\/\/www.matinspired.com\/fr\/kit-de-test-de-detection-du-chrome-vi-tk11\/","url":"https:\/\/www.matinspired.com\/fr\/kit-de-test-de-detection-du-chrome-vi-tk11\/","name":"Kit de test de d\u00e9tection du chrome VI - TK11 | Matinspired | Rapide et s\u00fbr","isPartOf":{"@id":"https:\/\/www.matinspired.com\/fr\/#website"},"primaryImageOfPage":{"@id":"https:\/\/www.matinspired.com\/fr\/kit-de-test-de-detection-du-chrome-vi-tk11\/#primaryimage"},"image":{"@id":"https:\/\/www.matinspired.com\/fr\/kit-de-test-de-detection-du-chrome-vi-tk11\/#primaryimage"},"thumbnailUrl":"https:\/\/www.matinspired.com\/wp-content\/uploads\/2025\/03\/TK11EN-kleiner-canvas-4.jpg","datePublished":"2020-12-04T15:13:14+00:00","dateModified":"2026-04-10T09:58:07+00:00","description":"Pour la contamination des surfaces, les particules de poussi\u00e8re, les m\u00e9taux, les rev\u00eatements et les couches de peinture. Kit de test de d\u00e9tection du chrome-6 d\u00e9velopp\u00e9 par MATinspired.","breadcrumb":{"@id":"https:\/\/www.matinspired.com\/fr\/kit-de-test-de-detection-du-chrome-vi-tk11\/#breadcrumb"},"inLanguage":"fr-FR","potentialAction":[{"@type":"ReadAction","target":["https:\/\/www.matinspired.com\/fr\/kit-de-test-de-detection-du-chrome-vi-tk11\/"]}]},{"@type":"ImageObject","inLanguage":"fr-FR","@id":"https:\/\/www.matinspired.com\/fr\/kit-de-test-de-detection-du-chrome-vi-tk11\/#primaryimage","url":"https:\/\/www.matinspired.com\/wp-content\/uploads\/2025\/03\/TK11EN-kleiner-canvas-4.jpg","contentUrl":"https:\/\/www.matinspired.com\/wp-content\/uploads\/2025\/03\/TK11EN-kleiner-canvas-4.jpg"},{"@type":"BreadcrumbList","@id":"https:\/\/www.matinspired.com\/fr\/kit-de-test-de-detection-du-chrome-vi-tk11\/#breadcrumb","itemListElement":[{"@type":"ListItem","position":1,"name":"Home","item":"https:\/\/www.matinspired.com\/fr\/"},{"@type":"ListItem","position":2,"name":"Kit de test de d\u00e9tection du chrome VI &#8211; TK11"}]},{"@type":"WebSite","@id":"https:\/\/www.matinspired.com\/fr\/#website","url":"https:\/\/www.matinspired.com\/fr\/","name":"Matinspired.com","description":"Chromium-6 test kits and more","publisher":{"@id":"https:\/\/www.matinspired.com\/fr\/#organization"},"potentialAction":[{"@type":"SearchAction","target":{"@type":"EntryPoint","urlTemplate":"https:\/\/www.matinspired.com\/fr\/?s={search_term_string}"},"query-input":{"@type":"PropertyValueSpecification","valueRequired":true,"valueName":"search_term_string"}}],"inLanguage":"fr-FR"},{"@type":"Organization","@id":"https:\/\/www.matinspired.com\/fr\/#organization","name":"MATinspired B.V.","url":"https:\/\/www.matinspired.com\/fr\/","logo":{"@type":"ImageObject","inLanguage":"fr-FR","@id":"https:\/\/www.matinspired.com\/fr\/#\/schema\/logo\/image\/","url":"https:\/\/www.matinspired.com\/wp-content\/uploads\/2023\/03\/LogoMATinspiredPO-696x969-1.jpg","contentUrl":"https:\/\/www.matinspired.com\/wp-content\/uploads\/2023\/03\/LogoMATinspiredPO-696x969-1.jpg","width":696,"height":696,"caption":"MATinspired B.V."},"image":{"@id":"https:\/\/www.matinspired.com\/fr\/#\/schema\/logo\/image\/"},"sameAs":["https:\/\/x.com\/MATinspired"]}]}},"jetpack_sharing_enabled":true,"_links":{"self":[{"href":"https:\/\/www.matinspired.com\/fr\/wp-json\/wp\/v2\/pages\/347","targetHints":{"allow":["GET"]}}],"collection":[{"href":"https:\/\/www.matinspired.com\/fr\/wp-json\/wp\/v2\/pages"}],"about":[{"href":"https:\/\/www.matinspired.com\/fr\/wp-json\/wp\/v2\/types\/page"}],"author":[{"embeddable":true,"href":"https:\/\/www.matinspired.com\/fr\/wp-json\/wp\/v2\/users\/3"}],"replies":[{"embeddable":true,"href":"https:\/\/www.matinspired.com\/fr\/wp-json\/wp\/v2\/comments?post=347"}],"version-history":[{"count":7,"href":"https:\/\/www.matinspired.com\/fr\/wp-json\/wp\/v2\/pages\/347\/revisions"}],"predecessor-version":[{"id":75002,"href":"https:\/\/www.matinspired.com\/fr\/wp-json\/wp\/v2\/pages\/347\/revisions\/75002"}],"wp:attachment":[{"href":"https:\/\/www.matinspired.com\/fr\/wp-json\/wp\/v2\/media?parent=347"}],"curies":[{"name":"wp","href":"https:\/\/api.w.org\/{rel}","templated":true}]}}