{"id":342,"date":"2020-10-26T10:59:22","date_gmt":"2020-10-26T10:59:22","guid":{"rendered":"https:\/\/www.matinspired.com\/home\/"},"modified":"2026-04-02T12:27:21","modified_gmt":"2026-04-02T10:27:21","slug":"home","status":"publish","type":"page","link":"https:\/\/www.matinspired.com\/fr\/","title":{"rendered":"Home"},"content":{"rendered":"\n\n\t<h1><strong>Cr\u00e9er un environnement de travail s\u00fbr<br \/>\navec nos testskits<\/strong><\/h1>\n\t<h2><strong>Chrome VI<\/strong><br \/>\n<strong>Kit de test de d\u00e9tection &#8211; TK11\u2122<br \/>\n<\/strong><\/h2>\n<p><b><strong>pour la contamination des surfaces, les particules de poussi\u00e8re, les rev\u00eatements et les couches de peinture.<\/strong><\/b><\/p>\n<p>Le chrome VI peut \u00eatre dangereux pour la sant\u00e9 humaine et l&rsquo;environnement. Avec ce kit, vous pouvez tester la pr\u00e9sence de chrome VI dans les couches de peinture, les rev\u00eatements, la contamination de surface, les particules de poussi\u00e8re ou d&rsquo;autres mat\u00e9riaux. L&rsquo;utilisation du kit permet d&rsquo;obtenir des r\u00e9sultats rapides, s\u00fbrs et fiables, qui peuvent vous aider \u00e0 vous assurer que vos mat\u00e9riaux sont s\u00fbrs et \u00e0 \u00e9viter les r\u00e9clamations pour dommages.<\/p>\n\t\t\t<a href=\"https:\/\/www.matinspired.com\/fr\/kit-de-test-de-detection-du-chrome-vi-tk11\/\"  target=\"_self\">\n\t\t\t\t\t\tPlus d&rsquo;informations\n\t\t\t\t\t<\/a>\n\t\t\t<a href=\"https:\/\/www.matinspired.com\/fr\/demande-de-devis\/\"  target=\"_self\">\n\t\t\t\t\t\tDemande de devis\n\t\t\t\t\t<\/a>\n<figure itemscope itemtype=\"https:\/\/schema.org\/ImageObject\">\n\t\t\t\t<img decoding=\"async\" src=\"https:\/\/www.matinspired.com\/wp-content\/uploads\/2025\/03\/TK11EN-kleiner-canvas.jpg\" alt=\"TK11EN-kleiner-canvas\" height=\"933\" width=\"1400\" title=\"TK11EN-kleiner-canvas\" onerror=\"this.style.display='none'\" loading=\"lazy\" \/>\n\t<\/figure>\n\t<h2><strong>\u00a0Identifier et d\u00e9tecter les substances chimiques rapidement<br \/>\net en toute s\u00e9curit\u00e9 par vous-m\u00eame<\/strong><\/h2>\nCr\u00e9er un environnement de travail s\u00fbr en utilisant les kits de test pour identifier et d\u00e9tecter diverses substances (toxiques).<br \/>\nGr\u00e2ce \u00e0 la diversit\u00e9 des kits de test que vous pouvez utiliser vous-m\u00eame \u00e0 tout moment,<br \/>\nnous contribuons \u00e0 un environnement de travail s\u00fbr et \u00e0 un monde plus propre.\n\t<p><img loading=\"lazy\" decoding=\"async\" src=\"http:\/\/matinspired.com\/wp-content\/uploads\/2020\/11\/Untitled-3-238x300.png\" alt=\"\" width=\"75\" height=\"94\" \/><\/p>\n<strong>Fiable<br \/>\n<\/strong>\n\t<p><img loading=\"lazy\" decoding=\"async\" src=\"http:\/\/matinspired.com\/wp-content\/uploads\/2020\/11\/Logo-2-238x300.png\" alt=\"\" width=\"75\" height=\"94\" \/><\/p>\n<strong>Tester par soi-m\u00eame en toute s\u00e9curit\u00e9<br \/>\n<\/strong>\n\t<p><img loading=\"lazy\" decoding=\"async\" src=\"http:\/\/matinspired.com\/wp-content\/uploads\/2020\/11\/Logo-3-238x300.png\" alt=\"\" width=\"75\" height=\"94\" \/><\/p>\n<p><strong>Livraison rapide dans le monde entier<\/strong><\/p>\n\t<p><img loading=\"lazy\" decoding=\"async\" src=\"http:\/\/matinspired.com\/wp-content\/uploads\/2020\/11\/Logo-4-238x300.png\" alt=\"\" width=\"75\" height=\"94\" \/><\/p>\n<p><strong>D\u00e9veloppement continu en interne<\/strong><\/p>\n\tVeillez \u00e0 toujours avoir un kit de test \u00e0 port\u00e9e de main.<br \/>\nVous aurez alors les r\u00e9sultats des tests directement disponibles sans l&rsquo;intervention d&rsquo;un laboratoire externe.<br \/>\nEn outre, vous pourrez prendre les mesures n\u00e9cessaires plus rapidement pour travailler en toute s\u00e9curit\u00e9.\n<figure itemscope itemtype=\"https:\/\/schema.org\/ImageObject\">\n\t\t\t\t<img decoding=\"async\" src=\"https:\/\/www.matinspired.com\/wp-content\/uploads\/2021\/12\/IMG_8025-website-1-scaled.jpg\" alt=\"IMG_8025-website\" height=\"1829\" width=\"2560\" title=\"IMG_8025-website\" onerror=\"this.style.display='none'\" loading=\"lazy\" \/>\n\t<\/figure>\n\t<h2><strong>\u00c0 propos de MATinspired<br \/>\n<\/strong><\/h2>\n<p>MATinspired B.V. est fournisseur de divers tests rapides. Nous fournissons des kits de test de haute qualit\u00e9 et avons une grande connaissance des mat\u00e9riaux et des substances toxiques afin de pouvoir am\u00e9liorer continuellement les produits. Nous d\u00e9veloppons les kits de test en interne. Ainsi, nous avons le processus de d\u00e9veloppement et le contr\u00f4le de qualit\u00e9 entre nos mains.<\/p>\n\t\t\t<a href=\"https:\/\/www.matinspired.com\/fr\/a-propos-de-nous\/\"  target=\"_self\">\n\t\t\t\t\t\tPlus d&rsquo;informations\n\t\t\t\t\t<\/a>\n\n","protected":false},"excerpt":{"rendered":"<p>Cr\u00e9er un environnement de travail s\u00fbr avec nos testskits Chrome VI Kit de test de d\u00e9tection &#8211; TK11\u2122 pour la contamination des surfaces, les particules de poussi\u00e8re, les rev\u00eatements et les couches de peinture. Le chrome VI peut \u00eatre dangereux pour la sant\u00e9 humaine et l&rsquo;environnement. Avec ce kit, vous pouvez tester la pr\u00e9sence de&#8230;<\/p>\n","protected":false},"author":3,"featured_media":0,"parent":0,"menu_order":0,"comment_status":"closed","ping_status":"closed","template":"","meta":{"footnotes":""},"class_list":["post-342","page","type-page","status-publish","hentry"],"yoast_head":"<!-- This site is optimized with the Yoast SEO plugin v27.2 - https:\/\/yoast.com\/product\/yoast-seo-wordpress\/ -->\n<title>Home - Matinspired.com<\/title>\n<meta name=\"description\" content=\"MATinspired B.V. est un fournisseur de divers tests rapides. Nous fournissons des kits de test de haute qualit\u00e9 et sommes en mesure d&#039;am\u00e9liorer continuellement les produits.\" \/>\n<meta name=\"robots\" content=\"index, follow, max-snippet:-1, max-image-preview:large, max-video-preview:-1\" \/>\n<link rel=\"canonical\" href=\"https:\/\/www.matinspired.com\/fr\/\" \/>\n<meta property=\"og:locale\" content=\"fr_FR\" \/>\n<meta property=\"og:type\" content=\"article\" \/>\n<meta property=\"og:title\" content=\"Home - Matinspired.com\" \/>\n<meta property=\"og:description\" content=\"MATinspired B.V. est un fournisseur de divers tests rapides. Nous fournissons des kits de test de haute qualit\u00e9 et sommes en mesure d&#039;am\u00e9liorer continuellement les produits.\" \/>\n<meta property=\"og:url\" content=\"https:\/\/www.matinspired.com\/fr\/\" \/>\n<meta property=\"og:site_name\" content=\"Matinspired.com\" \/>\n<meta property=\"article:modified_time\" content=\"2026-04-02T10:27:21+00:00\" \/>\n<meta property=\"og:image\" content=\"https:\/\/www.matinspired.com\/wp-content\/uploads\/2025\/03\/TK11EN-kleiner-canvas.jpg\" \/>\n<meta name=\"twitter:card\" content=\"summary_large_image\" \/>\n<meta name=\"twitter:site\" content=\"@MATinspired\" \/>\n<meta name=\"twitter:label1\" content=\"Dur\u00e9e de lecture estim\u00e9e\" \/>\n\t<meta name=\"twitter:data1\" content=\"2 minutes\" \/>\n<script type=\"application\/ld+json\" class=\"yoast-schema-graph\">{\"@context\":\"https:\/\/schema.org\",\"@graph\":[{\"@type\":\"WebPage\",\"@id\":\"https:\/\/www.matinspired.com\/fr\/\",\"url\":\"https:\/\/www.matinspired.com\/fr\/\",\"name\":\"Home - Matinspired.com\",\"isPartOf\":{\"@id\":\"https:\/\/www.matinspired.com\/fr\/#website\"},\"primaryImageOfPage\":{\"@id\":\"https:\/\/www.matinspired.com\/fr\/#primaryimage\"},\"image\":{\"@id\":\"https:\/\/www.matinspired.com\/fr\/#primaryimage\"},\"thumbnailUrl\":\"https:\/\/www.matinspired.com\/wp-content\/uploads\/2025\/03\/TK11EN-kleiner-canvas.jpg\",\"datePublished\":\"2020-10-26T10:59:22+00:00\",\"dateModified\":\"2026-04-02T10:27:21+00:00\",\"description\":\"MATinspired B.V. est un fournisseur de divers tests rapides. Nous fournissons des kits de test de haute qualit\u00e9 et sommes en mesure d'am\u00e9liorer continuellement les produits.\",\"breadcrumb\":{\"@id\":\"https:\/\/www.matinspired.com\/fr\/#breadcrumb\"},\"inLanguage\":\"fr-FR\",\"potentialAction\":[{\"@type\":\"ReadAction\",\"target\":[\"https:\/\/www.matinspired.com\/fr\/\"]}]},{\"@type\":\"ImageObject\",\"inLanguage\":\"fr-FR\",\"@id\":\"https:\/\/www.matinspired.com\/fr\/#primaryimage\",\"url\":\"https:\/\/www.matinspired.com\/wp-content\/uploads\/2025\/03\/TK11EN-kleiner-canvas.jpg\",\"contentUrl\":\"https:\/\/www.matinspired.com\/wp-content\/uploads\/2025\/03\/TK11EN-kleiner-canvas.jpg\"},{\"@type\":\"BreadcrumbList\",\"@id\":\"https:\/\/www.matinspired.com\/fr\/#breadcrumb\",\"itemListElement\":[{\"@type\":\"ListItem\",\"position\":1,\"name\":\"Home\",\"item\":\"https:\/\/www.matinspired.com\/fr\/\"},{\"@type\":\"ListItem\",\"position\":2,\"name\":\"Home\"}]},{\"@type\":\"WebSite\",\"@id\":\"https:\/\/www.matinspired.com\/fr\/#website\",\"url\":\"https:\/\/www.matinspired.com\/fr\/\",\"name\":\"Matinspired.com\",\"description\":\"Chromium-6 test kits and more\",\"publisher\":{\"@id\":\"https:\/\/www.matinspired.com\/fr\/#organization\"},\"potentialAction\":[{\"@type\":\"SearchAction\",\"target\":{\"@type\":\"EntryPoint\",\"urlTemplate\":\"https:\/\/www.matinspired.com\/fr\/?s={search_term_string}\"},\"query-input\":{\"@type\":\"PropertyValueSpecification\",\"valueRequired\":true,\"valueName\":\"search_term_string\"}}],\"inLanguage\":\"fr-FR\"},{\"@type\":\"Organization\",\"@id\":\"https:\/\/www.matinspired.com\/fr\/#organization\",\"name\":\"MATinspired B.V.\",\"url\":\"https:\/\/www.matinspired.com\/fr\/\",\"logo\":{\"@type\":\"ImageObject\",\"inLanguage\":\"fr-FR\",\"@id\":\"https:\/\/www.matinspired.com\/fr\/#\/schema\/logo\/image\/\",\"url\":\"https:\/\/www.matinspired.com\/wp-content\/uploads\/2023\/03\/LogoMATinspiredPO-696x969-1.jpg\",\"contentUrl\":\"https:\/\/www.matinspired.com\/wp-content\/uploads\/2023\/03\/LogoMATinspiredPO-696x969-1.jpg\",\"width\":696,\"height\":696,\"caption\":\"MATinspired B.V.\"},\"image\":{\"@id\":\"https:\/\/www.matinspired.com\/fr\/#\/schema\/logo\/image\/\"},\"sameAs\":[\"https:\/\/x.com\/MATinspired\"]}]}<\/script>\n<!-- \/ Yoast SEO plugin. -->","yoast_head_json":{"title":"Home - Matinspired.com","description":"MATinspired B.V. est un fournisseur de divers tests rapides. Nous fournissons des kits de test de haute qualit\u00e9 et sommes en mesure d'am\u00e9liorer continuellement les produits.","robots":{"index":"index","follow":"follow","max-snippet":"max-snippet:-1","max-image-preview":"max-image-preview:large","max-video-preview":"max-video-preview:-1"},"canonical":"https:\/\/www.matinspired.com\/fr\/","og_locale":"fr_FR","og_type":"article","og_title":"Home - Matinspired.com","og_description":"MATinspired B.V. est un fournisseur de divers tests rapides. Nous fournissons des kits de test de haute qualit\u00e9 et sommes en mesure d'am\u00e9liorer continuellement les produits.","og_url":"https:\/\/www.matinspired.com\/fr\/","og_site_name":"Matinspired.com","article_modified_time":"2026-04-02T10:27:21+00:00","og_image":[{"url":"https:\/\/www.matinspired.com\/wp-content\/uploads\/2025\/03\/TK11EN-kleiner-canvas.jpg","type":"","width":"","height":""}],"twitter_card":"summary_large_image","twitter_site":"@MATinspired","twitter_misc":{"Dur\u00e9e de lecture estim\u00e9e":"2 minutes"},"schema":{"@context":"https:\/\/schema.org","@graph":[{"@type":"WebPage","@id":"https:\/\/www.matinspired.com\/fr\/","url":"https:\/\/www.matinspired.com\/fr\/","name":"Home - Matinspired.com","isPartOf":{"@id":"https:\/\/www.matinspired.com\/fr\/#website"},"primaryImageOfPage":{"@id":"https:\/\/www.matinspired.com\/fr\/#primaryimage"},"image":{"@id":"https:\/\/www.matinspired.com\/fr\/#primaryimage"},"thumbnailUrl":"https:\/\/www.matinspired.com\/wp-content\/uploads\/2025\/03\/TK11EN-kleiner-canvas.jpg","datePublished":"2020-10-26T10:59:22+00:00","dateModified":"2026-04-02T10:27:21+00:00","description":"MATinspired B.V. est un fournisseur de divers tests rapides. Nous fournissons des kits de test de haute qualit\u00e9 et sommes en mesure d'am\u00e9liorer continuellement les produits.","breadcrumb":{"@id":"https:\/\/www.matinspired.com\/fr\/#breadcrumb"},"inLanguage":"fr-FR","potentialAction":[{"@type":"ReadAction","target":["https:\/\/www.matinspired.com\/fr\/"]}]},{"@type":"ImageObject","inLanguage":"fr-FR","@id":"https:\/\/www.matinspired.com\/fr\/#primaryimage","url":"https:\/\/www.matinspired.com\/wp-content\/uploads\/2025\/03\/TK11EN-kleiner-canvas.jpg","contentUrl":"https:\/\/www.matinspired.com\/wp-content\/uploads\/2025\/03\/TK11EN-kleiner-canvas.jpg"},{"@type":"BreadcrumbList","@id":"https:\/\/www.matinspired.com\/fr\/#breadcrumb","itemListElement":[{"@type":"ListItem","position":1,"name":"Home","item":"https:\/\/www.matinspired.com\/fr\/"},{"@type":"ListItem","position":2,"name":"Home"}]},{"@type":"WebSite","@id":"https:\/\/www.matinspired.com\/fr\/#website","url":"https:\/\/www.matinspired.com\/fr\/","name":"Matinspired.com","description":"Chromium-6 test kits and more","publisher":{"@id":"https:\/\/www.matinspired.com\/fr\/#organization"},"potentialAction":[{"@type":"SearchAction","target":{"@type":"EntryPoint","urlTemplate":"https:\/\/www.matinspired.com\/fr\/?s={search_term_string}"},"query-input":{"@type":"PropertyValueSpecification","valueRequired":true,"valueName":"search_term_string"}}],"inLanguage":"fr-FR"},{"@type":"Organization","@id":"https:\/\/www.matinspired.com\/fr\/#organization","name":"MATinspired B.V.","url":"https:\/\/www.matinspired.com\/fr\/","logo":{"@type":"ImageObject","inLanguage":"fr-FR","@id":"https:\/\/www.matinspired.com\/fr\/#\/schema\/logo\/image\/","url":"https:\/\/www.matinspired.com\/wp-content\/uploads\/2023\/03\/LogoMATinspiredPO-696x969-1.jpg","contentUrl":"https:\/\/www.matinspired.com\/wp-content\/uploads\/2023\/03\/LogoMATinspiredPO-696x969-1.jpg","width":696,"height":696,"caption":"MATinspired B.V."},"image":{"@id":"https:\/\/www.matinspired.com\/fr\/#\/schema\/logo\/image\/"},"sameAs":["https:\/\/x.com\/MATinspired"]}]}},"jetpack_sharing_enabled":true,"_links":{"self":[{"href":"https:\/\/www.matinspired.com\/fr\/wp-json\/wp\/v2\/pages\/342","targetHints":{"allow":["GET"]}}],"collection":[{"href":"https:\/\/www.matinspired.com\/fr\/wp-json\/wp\/v2\/pages"}],"about":[{"href":"https:\/\/www.matinspired.com\/fr\/wp-json\/wp\/v2\/types\/page"}],"author":[{"embeddable":true,"href":"https:\/\/www.matinspired.com\/fr\/wp-json\/wp\/v2\/users\/3"}],"replies":[{"embeddable":true,"href":"https:\/\/www.matinspired.com\/fr\/wp-json\/wp\/v2\/comments?post=342"}],"version-history":[{"count":2,"href":"https:\/\/www.matinspired.com\/fr\/wp-json\/wp\/v2\/pages\/342\/revisions"}],"predecessor-version":[{"id":74888,"href":"https:\/\/www.matinspired.com\/fr\/wp-json\/wp\/v2\/pages\/342\/revisions\/74888"}],"wp:attachment":[{"href":"https:\/\/www.matinspired.com\/fr\/wp-json\/wp\/v2\/media?parent=342"}],"curies":[{"name":"wp","href":"https:\/\/api.w.org\/{rel}","templated":true}]}}