{"id":2260,"date":"2020-12-21T15:20:10","date_gmt":"2020-12-21T14:20:10","guid":{"rendered":"https:\/\/www.matinspired.com\/lead-detection-test-kit-tk08\/"},"modified":"2026-04-16T13:28:36","modified_gmt":"2026-04-16T11:28:36","slug":"kit-de-test-de-detection-de-plomb-tk08","status":"publish","type":"page","link":"https:\/\/www.matinspired.com\/fr\/kit-de-test-de-detection-de-plomb-tk08\/","title":{"rendered":"Kit de Test de D\u00e9tection du Plomb &#8211; TK08"},"content":{"rendered":"\n\n\t<strong><br \/>\nKit de test de d\u00e9tection du Plomb &#8211; TK08<\/strong>\n<p>&nbsp;<\/p>\n<p>&nbsp;<\/p>\n\t<strong>Plomb<br \/>\nTrousse de test de d\u00e9tection &#8211; TK08<br \/>\n<\/strong><strong><em>pour divers mat\u00e9riaux tels que les couches de peinture, l&rsquo;\u00e9lectronique et les m\u00e9taux<\/em><\/strong>\n<p>Le plomb (Pb) peut \u00eatre nocif pour la sant\u00e9 humaine et l&rsquo;environnement. Avec ce kit, vous pouvez facilement tester la pr\u00e9sence de plomb dans les couches de peinture, les rev\u00eatements, les m\u00e9taux, les soudures, l&rsquo;\u00e9lectronique, les conduites d&rsquo;eau et d&rsquo;autres mat\u00e9riaux. Si l&rsquo;\u00e9couvillon devient rouge, cela indique la pr\u00e9sence de plomb dans le mat\u00e9riau test\u00e9. L&rsquo;utilisation du kit produira des r\u00e9sultats rapides, s\u00fbrs et fiables, qui peuvent vous aider \u00e0 vous assurer que vos mat\u00e9riaux sont s\u00fbrs.<\/p>\nCe kit de test contient 50 \u00e9couvillons de test de plomb.<br \/>\nLe kit de test est fourni avec un manuel en anglais et des fiches de donn\u00e9es de s\u00e9curit\u00e9.\n<figure itemscope itemtype=\"https:\/\/schema.org\/ImageObject\">\n\t\t\t\t<img decoding=\"async\" src=\"https:\/\/www.matinspired.com\/wp-content\/uploads\/2026\/02\/TK08-Positieve-en-negatieve-test-FR.jpg\" alt=\"TK08 Positieve en negatieve test - FR\" height=\"1063\" width=\"1913\" title=\"TK08 Positieve en negatieve test - FR\" onerror=\"this.style.display='none'\" loading=\"lazy\" \/>\n\t<\/figure>\n\t<p><strong>Avantages du kit de test de d\u00e9tection du plomb TK08<\/strong><\/p>\n<p>Notre kit de test est con\u00e7u pour un usage industriel. Son emballage compact et robuste facilite son transport vers le lieu de test et son stockage. Nous fabriquons ce kit de test en interne, ce qui nous permet de contr\u00f4ler enti\u00e8rement l&rsquo;assurance qualit\u00e9.<\/p>\n<p>Voici quelques avantages suppl\u00e9mentaires du kit de test de d\u00e9tection du plomb TK08 :<\/p>\n<strong>\u221a<\/strong> \u00c9chantillon de test inclus<br \/>\n<strong>\u221a<\/strong> Fiches de donn\u00e9es de s\u00e9curit\u00e9 fournies<br \/>\n<strong>\u221a<\/strong> Aucune r\u00e9action crois\u00e9e avec d&rsquo;autres mat\u00e9riaux tels que le cadmium, le cuivre, le fer et le zinc<br \/>\n<strong>\u221a<\/strong> Instructions claires (avec photos) fournies<br \/>\n<strong>\u221a<\/strong> Sp\u00e9cifications disponibles avec indication de la limite de d\u00e9tection<br \/>\n<strong>\u221a<\/strong> Livr\u00e9 complet, pr\u00eat \u00e0 l&#8217;emploi<br \/>\n<strong>\u221a<\/strong> D\u00e9tecte tous les types de mat\u00e9riaux contenant du plomb et les couches de peinture<br \/>\n<strong>\u221a<\/strong> Fonctionne sur les surfaces s\u00e8ches et humides (par exemple, avec condensation)<br \/>\n<strong>\u221a<\/strong> Qualit\u00e9 constante<br \/>\n<strong>\u221a<\/strong> Disponible pour une livraison imm\u00e9diate<br \/>\n<strong>\u221a<\/strong> R\u00e9sultats faciles \u00e0 lire dans toutes les conditions<br \/>\n<strong>\u221a<\/strong> Certificat de conformit\u00e9 (CoC) disponible<br \/>\n<strong>\u221a<\/strong> Longue dur\u00e9e de conservation\n<figure itemscope itemtype=\"https:\/\/schema.org\/ImageObject\">\n\t\t\t\t<img decoding=\"async\" src=\"https:\/\/www.matinspired.com\/wp-content\/uploads\/2024\/05\/TK08EN-Kleiner-canvas-2.jpg\" alt=\"TK08EN Kleiner canvas\" height=\"900\" width=\"1450\" title=\"TK08EN Kleiner canvas\" onerror=\"this.style.display='none'\" loading=\"lazy\" \/>\n\t<\/figure>\n\t\t\t<a href=\"https:\/\/www.matinspired.com\/fr\/demande-de-devis\/?aantal-lood=1\"  target=\"_self\">\n\t\t\t\t\t\tDemande de devis\n\t\t\t\t\t<\/a>\n\t\t\t<a href=\"https:\/\/www.matinspired.com\/wp-content\/uploads\/2024\/05\/Brochure-MATinspired-TK08-Lead-Test-Kit.pdf\"  target=\"_blank\" rel=\"noopener\"    rel=\"noopener\">\n\t\t\t\t\t\tBrochure  Plomb Testkit\n\t\t\t\t\t<\/a>\n\t\t\t<a href=\"https:\/\/www.matinspired.com\/wp-content\/uploads\/2023\/10\/Specification-MATinspired-TK08-Lead-Detection-Test-Kit.pdf\"  target=\"_blank\" rel=\"noopener\"    rel=\"noopener\">\n\t\t\t\t\t\tSp\u00e9cification Plomb Testkit\n\t\t\t\t\t<\/a>\n\t<em>La commande n&rsquo;est possible que pour les entreprises.<br \/>\n<\/em><em>Vous recevrez notre devis par e-mail dans un ou deux jours ouvr\u00e9s. Apr\u00e8s votre acceptation de notre devis, nous enverrons le kit de test aussi rapide que possible.<\/em>\n\t\t<iframe loading=\"lazy\" title=\"Instruction video MATinspired Lead Detection Test Kit - TK08\" width=\"640\" height=\"360\" src=\"https:\/\/www.youtube.com\/embed\/FweWfpvcxmg?feature=oembed\" frameborder=\"0\" allow=\"accelerometer; autoplay; clipboard-write; encrypted-media; gyroscope; picture-in-picture; web-share\" allowfullscreen><\/iframe>\t\n\t<h3><strong>Test d&rsquo;une couche de peinture pour la pr\u00e9sence de plomb<\/strong><\/h3>\n<ul>\n<li>Faire quelques coupes dans la couche de peinture. Poncez l\u00e9g\u00e8rement la couche.<\/li>\n<li>Humidifiez l&rsquo;extr\u00e9mit\u00e9 du coton-tige avec le liquide de test.<\/li>\n<li>Frottez le coton-tige sur la couche de peinture.<\/li>\n<li>Si la couche contient du plomb, le coton-tige deviendra rouge. S&rsquo;il n&rsquo;y a pas de plomb dans le mat\u00e9riau, le coton-tige restera jaune.<\/li>\n<\/ul>\n<p>&nbsp;<\/p>\n\t<h3><strong>Essais d&rsquo;\u00e9lectronique<\/strong><\/h3>\n<p>De plus, vous pouvez tester si les connexions soud\u00e9es (\u00e9tain) de vos appareils \u00e9lectroniques sont sans plomb. Si le stab devient rouge, cela indique la pr\u00e9sence de plomb.<\/p>\n<figure itemscope itemtype=\"https:\/\/schema.org\/ImageObject\">\n\t\t\t\t<img decoding=\"async\" src=\"http:\/\/www.matinspired.com\/wp-content\/uploads\/2020\/12\/Loodtest-op-electronica-300x200.jpg\" alt=\"Leadtest-on-electronics\" title=\"Leadtest-on-electronics\" onerror=\"this.style.display='none'\" loading=\"lazy\" \/>\n\t<\/figure>\n\t<p><i> Avis de non-responsabilit\u00e9<br \/>\nBien que ce produit ait \u00e9t\u00e9 \u00e9labor\u00e9 avec le plus grand soin, MATinspired B.V. ne peut \u00eatre tenu responsable des dommages r\u00e9sultant de l&rsquo;utilisation ou du contact avec le produit. Cette m\u00e9thode de mesure ne donne qu&rsquo;une indication, et MATinspired B.V. n&rsquo;est pas responsable des r\u00e9sultats des tests. <\/i><\/p>\n\n    Peut-\u00eatre aussi vous int\u00e9resser: <!--Misschien ook interessant voor u:-->\n\t\n<h2><strong>Chrome-6<\/strong><br \/>\n<strong>Trousse de test de d\u00e9tection<\/strong><\/h2>\n<strong><em>pour contamination de surface, poussi\u00e8re<br \/>\nparticules, rev\u00eatements et couches de peinture<\/em><\/strong>\n\t\t\t<a href=\"https:\/\/www.matinspired.com\/fr\/kit-de-test-de-detection-du-chrome-vi-tk11\/\"  target=\"_self\">\n\t\t\t\t\t\tPlus d&rsquo;informations\n\t\t\t\t\t<\/a>\n\t<p>&nbsp;<\/p>\n<p>&nbsp;<\/p>\n<h2><strong>Chrome-6<\/strong><br \/>\nNeutralisant TK20<\/h2>\n<p><strong>pour les salissures de surface sur les m\u00e9taux<\/strong><\/p>\n\t\t\t<a href=\"https:\/\/www.matinspired.com\/fr\/neutralisateur-du-chrome-vi-tk20\/\"  target=\"_self\">\n\t\t\t\t\t\tPlus d&rsquo;informations\n\t\t\t\t\t<\/a>\n<figure itemscope itemtype=\"https:\/\/schema.org\/ImageObject\">\n\t\t\t\t<img decoding=\"async\" src=\"https:\/\/www.matinspired.com\/wp-content\/uploads\/2025\/03\/TK11EN-kleiner-canvas-4.jpg\" alt=\"TK11 MATinspired Chromium 6 Detection Test Kit\" height=\"933\" width=\"1400\" title=\"Foto Engelstalige testkit\" onerror=\"this.style.display='none'\" loading=\"lazy\" \/>\n\t<\/figure>\n<figure itemscope itemtype=\"https:\/\/schema.org\/ImageObject\">\n\t\t\t\t<img decoding=\"async\" src=\"https:\/\/www.matinspired.com\/wp-content\/uploads\/2022\/03\/FlaconChromium-6_Neutralizer-1024x1024.jpg\" alt=\"TK20 Chromium-6 Neutralizer\" title=\"FlaconChromium-6_Neutralizer\" onerror=\"this.style.display='none'\" loading=\"lazy\" \/>\n\t<\/figure>\n\n","protected":false},"excerpt":{"rendered":"<p>Kit de test de d\u00e9tection du Plomb &#8211; TK08 &nbsp; &nbsp; Plomb Trousse de test de d\u00e9tection &#8211; TK08 pour divers mat\u00e9riaux tels que les couches de peinture, l&rsquo;\u00e9lectronique et les m\u00e9taux Le plomb (Pb) peut \u00eatre nocif pour la sant\u00e9 humaine et l&rsquo;environnement. Avec ce kit, vous pouvez facilement tester la pr\u00e9sence de plomb&#8230;<\/p>\n","protected":false},"author":3,"featured_media":0,"parent":0,"menu_order":0,"comment_status":"closed","ping_status":"closed","template":"","meta":{"footnotes":""},"class_list":["post-2260","page","type-page","status-publish","hentry"],"yoast_head":"<!-- This site is optimized with the Yoast SEO plugin v27.2 - https:\/\/yoast.com\/product\/yoast-seo-wordpress\/ -->\n<title>Kit de Test de D\u00e9tection du Plomb - TK08<\/title>\n<meta name=\"description\" content=\"D\u00e9tectez rapidement la pr\u00e9sence de plomb dans la peinture, la soudure ou le m\u00e9tal. L\u2019\u00e9chantillon de test TK08 devient rouge au contact du plomb \u2013 rapide, fiable et facile \u00e0 utiliser.\" \/>\n<meta name=\"robots\" content=\"index, follow, max-snippet:-1, max-image-preview:large, max-video-preview:-1\" \/>\n<link rel=\"canonical\" href=\"https:\/\/www.matinspired.com\/fr\/kit-de-test-de-detection-de-plomb-tk08\/\" \/>\n<meta property=\"og:locale\" content=\"fr_FR\" \/>\n<meta property=\"og:type\" content=\"article\" \/>\n<meta property=\"og:title\" content=\"Kit de Test de D\u00e9tection du Plomb - TK08\" \/>\n<meta property=\"og:description\" content=\"D\u00e9tectez rapidement la pr\u00e9sence de plomb dans la peinture, la soudure ou le m\u00e9tal. L\u2019\u00e9chantillon de test TK08 devient rouge au contact du plomb \u2013 rapide, fiable et facile \u00e0 utiliser.\" \/>\n<meta property=\"og:url\" content=\"https:\/\/www.matinspired.com\/fr\/kit-de-test-de-detection-de-plomb-tk08\/\" \/>\n<meta property=\"og:site_name\" content=\"Matinspired.com\" \/>\n<meta property=\"article:modified_time\" content=\"2026-04-16T11:28:36+00:00\" \/>\n<meta property=\"og:image\" content=\"https:\/\/www.matinspired.com\/wp-content\/uploads\/2026\/02\/TK08-Positieve-en-negatieve-test-FR.jpg\" \/>\n<meta name=\"twitter:card\" content=\"summary_large_image\" \/>\n<meta name=\"twitter:site\" content=\"@MATinspired\" \/>\n<meta name=\"twitter:label1\" content=\"Dur\u00e9e de lecture estim\u00e9e\" \/>\n\t<meta name=\"twitter:data1\" content=\"3 minutes\" \/>\n<script type=\"application\/ld+json\" class=\"yoast-schema-graph\">{\"@context\":\"https:\/\/schema.org\",\"@graph\":[{\"@type\":\"WebPage\",\"@id\":\"https:\/\/www.matinspired.com\/fr\/kit-de-test-de-detection-de-plomb-tk08\/\",\"url\":\"https:\/\/www.matinspired.com\/fr\/kit-de-test-de-detection-de-plomb-tk08\/\",\"name\":\"Kit de Test de D\u00e9tection du Plomb - TK08\",\"isPartOf\":{\"@id\":\"https:\/\/www.matinspired.com\/fr\/#website\"},\"primaryImageOfPage\":{\"@id\":\"https:\/\/www.matinspired.com\/fr\/kit-de-test-de-detection-de-plomb-tk08\/#primaryimage\"},\"image\":{\"@id\":\"https:\/\/www.matinspired.com\/fr\/kit-de-test-de-detection-de-plomb-tk08\/#primaryimage\"},\"thumbnailUrl\":\"https:\/\/www.matinspired.com\/wp-content\/uploads\/2026\/02\/TK08-Positieve-en-negatieve-test-FR.jpg\",\"datePublished\":\"2020-12-21T14:20:10+00:00\",\"dateModified\":\"2026-04-16T11:28:36+00:00\",\"description\":\"D\u00e9tectez rapidement la pr\u00e9sence de plomb dans la peinture, la soudure ou le m\u00e9tal. L\u2019\u00e9chantillon de test TK08 devient rouge au contact du plomb \u2013 rapide, fiable et facile \u00e0 utiliser.\",\"breadcrumb\":{\"@id\":\"https:\/\/www.matinspired.com\/fr\/kit-de-test-de-detection-de-plomb-tk08\/#breadcrumb\"},\"inLanguage\":\"fr-FR\",\"potentialAction\":[{\"@type\":\"ReadAction\",\"target\":[\"https:\/\/www.matinspired.com\/fr\/kit-de-test-de-detection-de-plomb-tk08\/\"]}]},{\"@type\":\"ImageObject\",\"inLanguage\":\"fr-FR\",\"@id\":\"https:\/\/www.matinspired.com\/fr\/kit-de-test-de-detection-de-plomb-tk08\/#primaryimage\",\"url\":\"https:\/\/www.matinspired.com\/wp-content\/uploads\/2026\/02\/TK08-Positieve-en-negatieve-test-FR.jpg\",\"contentUrl\":\"https:\/\/www.matinspired.com\/wp-content\/uploads\/2026\/02\/TK08-Positieve-en-negatieve-test-FR.jpg\"},{\"@type\":\"BreadcrumbList\",\"@id\":\"https:\/\/www.matinspired.com\/fr\/kit-de-test-de-detection-de-plomb-tk08\/#breadcrumb\",\"itemListElement\":[{\"@type\":\"ListItem\",\"position\":1,\"name\":\"Home\",\"item\":\"https:\/\/www.matinspired.com\/fr\/\"},{\"@type\":\"ListItem\",\"position\":2,\"name\":\"Kit de Test de D\u00e9tection du Plomb &#8211; TK08\"}]},{\"@type\":\"WebSite\",\"@id\":\"https:\/\/www.matinspired.com\/fr\/#website\",\"url\":\"https:\/\/www.matinspired.com\/fr\/\",\"name\":\"Matinspired.com\",\"description\":\"Chromium-6 test kits and more\",\"publisher\":{\"@id\":\"https:\/\/www.matinspired.com\/fr\/#organization\"},\"potentialAction\":[{\"@type\":\"SearchAction\",\"target\":{\"@type\":\"EntryPoint\",\"urlTemplate\":\"https:\/\/www.matinspired.com\/fr\/?s={search_term_string}\"},\"query-input\":{\"@type\":\"PropertyValueSpecification\",\"valueRequired\":true,\"valueName\":\"search_term_string\"}}],\"inLanguage\":\"fr-FR\"},{\"@type\":\"Organization\",\"@id\":\"https:\/\/www.matinspired.com\/fr\/#organization\",\"name\":\"MATinspired B.V.\",\"url\":\"https:\/\/www.matinspired.com\/fr\/\",\"logo\":{\"@type\":\"ImageObject\",\"inLanguage\":\"fr-FR\",\"@id\":\"https:\/\/www.matinspired.com\/fr\/#\/schema\/logo\/image\/\",\"url\":\"https:\/\/www.matinspired.com\/wp-content\/uploads\/2023\/03\/LogoMATinspiredPO-696x969-1.jpg\",\"contentUrl\":\"https:\/\/www.matinspired.com\/wp-content\/uploads\/2023\/03\/LogoMATinspiredPO-696x969-1.jpg\",\"width\":696,\"height\":696,\"caption\":\"MATinspired B.V.\"},\"image\":{\"@id\":\"https:\/\/www.matinspired.com\/fr\/#\/schema\/logo\/image\/\"},\"sameAs\":[\"https:\/\/x.com\/MATinspired\"]}]}<\/script>\n<!-- \/ Yoast SEO plugin. -->","yoast_head_json":{"title":"Kit de Test de D\u00e9tection du Plomb - TK08","description":"D\u00e9tectez rapidement la pr\u00e9sence de plomb dans la peinture, la soudure ou le m\u00e9tal. L\u2019\u00e9chantillon de test TK08 devient rouge au contact du plomb \u2013 rapide, fiable et facile \u00e0 utiliser.","robots":{"index":"index","follow":"follow","max-snippet":"max-snippet:-1","max-image-preview":"max-image-preview:large","max-video-preview":"max-video-preview:-1"},"canonical":"https:\/\/www.matinspired.com\/fr\/kit-de-test-de-detection-de-plomb-tk08\/","og_locale":"fr_FR","og_type":"article","og_title":"Kit de Test de D\u00e9tection du Plomb - TK08","og_description":"D\u00e9tectez rapidement la pr\u00e9sence de plomb dans la peinture, la soudure ou le m\u00e9tal. L\u2019\u00e9chantillon de test TK08 devient rouge au contact du plomb \u2013 rapide, fiable et facile \u00e0 utiliser.","og_url":"https:\/\/www.matinspired.com\/fr\/kit-de-test-de-detection-de-plomb-tk08\/","og_site_name":"Matinspired.com","article_modified_time":"2026-04-16T11:28:36+00:00","og_image":[{"url":"https:\/\/www.matinspired.com\/wp-content\/uploads\/2026\/02\/TK08-Positieve-en-negatieve-test-FR.jpg","type":"","width":"","height":""}],"twitter_card":"summary_large_image","twitter_site":"@MATinspired","twitter_misc":{"Dur\u00e9e de lecture estim\u00e9e":"3 minutes"},"schema":{"@context":"https:\/\/schema.org","@graph":[{"@type":"WebPage","@id":"https:\/\/www.matinspired.com\/fr\/kit-de-test-de-detection-de-plomb-tk08\/","url":"https:\/\/www.matinspired.com\/fr\/kit-de-test-de-detection-de-plomb-tk08\/","name":"Kit de Test de D\u00e9tection du Plomb - TK08","isPartOf":{"@id":"https:\/\/www.matinspired.com\/fr\/#website"},"primaryImageOfPage":{"@id":"https:\/\/www.matinspired.com\/fr\/kit-de-test-de-detection-de-plomb-tk08\/#primaryimage"},"image":{"@id":"https:\/\/www.matinspired.com\/fr\/kit-de-test-de-detection-de-plomb-tk08\/#primaryimage"},"thumbnailUrl":"https:\/\/www.matinspired.com\/wp-content\/uploads\/2026\/02\/TK08-Positieve-en-negatieve-test-FR.jpg","datePublished":"2020-12-21T14:20:10+00:00","dateModified":"2026-04-16T11:28:36+00:00","description":"D\u00e9tectez rapidement la pr\u00e9sence de plomb dans la peinture, la soudure ou le m\u00e9tal. L\u2019\u00e9chantillon de test TK08 devient rouge au contact du plomb \u2013 rapide, fiable et facile \u00e0 utiliser.","breadcrumb":{"@id":"https:\/\/www.matinspired.com\/fr\/kit-de-test-de-detection-de-plomb-tk08\/#breadcrumb"},"inLanguage":"fr-FR","potentialAction":[{"@type":"ReadAction","target":["https:\/\/www.matinspired.com\/fr\/kit-de-test-de-detection-de-plomb-tk08\/"]}]},{"@type":"ImageObject","inLanguage":"fr-FR","@id":"https:\/\/www.matinspired.com\/fr\/kit-de-test-de-detection-de-plomb-tk08\/#primaryimage","url":"https:\/\/www.matinspired.com\/wp-content\/uploads\/2026\/02\/TK08-Positieve-en-negatieve-test-FR.jpg","contentUrl":"https:\/\/www.matinspired.com\/wp-content\/uploads\/2026\/02\/TK08-Positieve-en-negatieve-test-FR.jpg"},{"@type":"BreadcrumbList","@id":"https:\/\/www.matinspired.com\/fr\/kit-de-test-de-detection-de-plomb-tk08\/#breadcrumb","itemListElement":[{"@type":"ListItem","position":1,"name":"Home","item":"https:\/\/www.matinspired.com\/fr\/"},{"@type":"ListItem","position":2,"name":"Kit de Test de D\u00e9tection du Plomb &#8211; TK08"}]},{"@type":"WebSite","@id":"https:\/\/www.matinspired.com\/fr\/#website","url":"https:\/\/www.matinspired.com\/fr\/","name":"Matinspired.com","description":"Chromium-6 test kits and more","publisher":{"@id":"https:\/\/www.matinspired.com\/fr\/#organization"},"potentialAction":[{"@type":"SearchAction","target":{"@type":"EntryPoint","urlTemplate":"https:\/\/www.matinspired.com\/fr\/?s={search_term_string}"},"query-input":{"@type":"PropertyValueSpecification","valueRequired":true,"valueName":"search_term_string"}}],"inLanguage":"fr-FR"},{"@type":"Organization","@id":"https:\/\/www.matinspired.com\/fr\/#organization","name":"MATinspired B.V.","url":"https:\/\/www.matinspired.com\/fr\/","logo":{"@type":"ImageObject","inLanguage":"fr-FR","@id":"https:\/\/www.matinspired.com\/fr\/#\/schema\/logo\/image\/","url":"https:\/\/www.matinspired.com\/wp-content\/uploads\/2023\/03\/LogoMATinspiredPO-696x969-1.jpg","contentUrl":"https:\/\/www.matinspired.com\/wp-content\/uploads\/2023\/03\/LogoMATinspiredPO-696x969-1.jpg","width":696,"height":696,"caption":"MATinspired B.V."},"image":{"@id":"https:\/\/www.matinspired.com\/fr\/#\/schema\/logo\/image\/"},"sameAs":["https:\/\/x.com\/MATinspired"]}]}},"jetpack_sharing_enabled":true,"_links":{"self":[{"href":"https:\/\/www.matinspired.com\/fr\/wp-json\/wp\/v2\/pages\/2260","targetHints":{"allow":["GET"]}}],"collection":[{"href":"https:\/\/www.matinspired.com\/fr\/wp-json\/wp\/v2\/pages"}],"about":[{"href":"https:\/\/www.matinspired.com\/fr\/wp-json\/wp\/v2\/types\/page"}],"author":[{"embeddable":true,"href":"https:\/\/www.matinspired.com\/fr\/wp-json\/wp\/v2\/users\/3"}],"replies":[{"embeddable":true,"href":"https:\/\/www.matinspired.com\/fr\/wp-json\/wp\/v2\/comments?post=2260"}],"version-history":[{"count":9,"href":"https:\/\/www.matinspired.com\/fr\/wp-json\/wp\/v2\/pages\/2260\/revisions"}],"predecessor-version":[{"id":75074,"href":"https:\/\/www.matinspired.com\/fr\/wp-json\/wp\/v2\/pages\/2260\/revisions\/75074"}],"wp:attachment":[{"href":"https:\/\/www.matinspired.com\/fr\/wp-json\/wp\/v2\/media?parent=2260"}],"curies":[{"name":"wp","href":"https:\/\/api.w.org\/{rel}","templated":true}]}}