{"id":14880,"date":"2023-07-13T13:44:25","date_gmt":"2023-07-13T11:44:25","guid":{"rendered":"https:\/\/www.matinspired.com\/webshop\/"},"modified":"2025-12-09T11:03:07","modified_gmt":"2025-12-09T10:03:07","slug":"webshop","status":"publish","type":"page","link":"https:\/\/www.matinspired.com\/fr\/webshop\/","title":{"rendered":"Shop"},"content":{"rendered":"\n\n\t<h1><strong>Produits<\/strong><\/h1>\n<p>&nbsp;<\/p>\n\t\t\t\t<a href=\"https:\/\/www.matinspired.com\/fr\/kit-de-test-de-detection-du-chrome-vi-tk11\/\"  target=\"_self\" itemprop=\"url\">\n\t\t\t\t<img decoding=\"async\" src=\"https:\/\/www.matinspired.com\/wp-content\/uploads\/2025\/03\/TK11EN-kleiner-canvas-4.jpg\" alt=\"Read More\" itemprop=\"image\" height=\"933\" width=\"1400\" title=\"TK11EN-kleiner-canvas\" onerror=\"this.style.display='none'\" loading=\"lazy\" \/>\n\t\t\t\t<\/a>\n\t\t\t\t\t\tRead More\n\t<h3><a href=\"https:\/\/www.matinspired.com\/fr\/kit-de-test-de-detection-du-chrome-vi-tk11\/\"><strong>Chrome VI<br \/>\n<\/strong><\/a><a href=\"https:\/\/www.matinspired.com\/fr\/kit-de-test-de-detection-du-chrome-vi-tk11\/\"><strong>Kit de test de d\u00e9tection &#8211; TK11\u2122<\/strong><\/a><\/h3>\n<strong><a href=\"https:\/\/www.matinspired.com\/fr\/kit-de-test-de-detection-du-chrome-vi-tk11\/\"><em>pour la contamination des surfaces, les particules de poussi\u00e8re, les rev\u00eatements et les couches de peinture.<\/em><\/a><br \/>\n<\/strong>\n<p><b><em><a href=\"https:\/\/www.matinspired.com\/chromium-6-neutralizer-tk20\/\">\u00a0<\/a><\/em><\/b><\/p>\n\t\t\t\t<a href=\"https:\/\/www.matinspired.com\/fr\/neutralisateur-du-chrome-vi-tk20\/\"  target=\"_self\" itemprop=\"url\">\n\t\t\t\t<img decoding=\"async\" src=\"https:\/\/www.matinspired.com\/wp-content\/uploads\/2022\/03\/FlaconChromium-6_Neutralizer-scaled.jpg\" alt=\"TK20 Chromium-6 Neutralizer\" itemprop=\"image\" height=\"2560\" width=\"2560\" title=\"FlaconChromium-6_Neutralizer\" onerror=\"this.style.display='none'\" loading=\"lazy\" \/>\n\t\t\t\t<\/a>\n\t\t\t\t\t\tRead More\n\t<h3><a href=\"https:\/\/www.matinspired.com\/fr\/neutralisateur-du-chrome-vi-tk20\/\"><strong>Chrome VI<\/strong><\/a><br \/>\n<a href=\"https:\/\/www.matinspired.com\/fr\/neutralisateur-du-chrome-vi-tk20\/\"><strong>Neutralisateur &#8211; TK20<\/strong><\/a><\/h3>\n<p><a href=\"https:\/\/www.matinspired.com\/fr\/neutralisateur-du-chrome-vi-tk20\/\"><strong><em>pour la neutralisation de la contamination des m\u00e9taux par le chrome VI<\/em><\/strong><\/a><\/p>\n<p>&nbsp;<\/p>\n\t\t\t\t<a href=\"https:\/\/www.matinspired.com\/fr\/kit-de-test-de-detection-de-plomb-tk08\/\"  target=\"_self\" itemprop=\"url\">\n\t\t\t\t<img decoding=\"async\" src=\"https:\/\/www.matinspired.com\/wp-content\/uploads\/2024\/01\/TK08EN-Kleiner-canvas.jpg\" alt=\"Lead Detection Test Kit - TK08\" itemprop=\"image\" height=\"900\" width=\"1450\" title=\"TK08EN-Kleiner-canvas\" onerror=\"this.style.display='none'\" loading=\"lazy\" \/>\n\t\t\t\t<\/a>\n\t\t\t\t\t\tRead more\n\t<h3><a href=\"https:\/\/www.matinspired.com\/fr\/kit-de-test-de-detection-de-plomb-tk08\/\"><strong>Plomb<\/strong><\/a><br \/>\n<a href=\"https:\/\/www.matinspired.com\/fr\/kit-de-test-de-detection-de-plomb-tk08\/\"><strong>Trousse de test de d\u00e9tection &#8211; TK08<br \/>\n<\/strong><\/a><\/h3>\n<p><a href=\"https:\/\/www.matinspired.com\/fr\/kit-de-test-de-detection-de-plomb-tk08\/\"><strong><em>pour divers mat\u00e9riaux tels que les couches de peinture, l&rsquo;\u00e9lectronique et les m\u00e9taux<\/em><\/strong><\/a><\/p>\n<p>&nbsp;<\/p>\n\t\t\t\t<a href=\"https:\/\/www.matinspired.com\/fr\/kit-dattaque-macroscopique-pour-soudures-en-inox-tk04\/\"  target=\"_self\" itemprop=\"url\">\n\t\t\t\t<img decoding=\"async\" src=\"https:\/\/www.matinspired.com\/wp-content\/uploads\/2025\/01\/TK04ENWIT-2.jpg\" alt=\"Read More\" itemprop=\"image\" height=\"1333\" width=\"2000\" title=\"TK04ENWIT\" onerror=\"this.style.display='none'\" loading=\"lazy\" \/>\n\t\t\t\t<\/a>\n\t\t\t\t\t\tRead More\n\t<h3><a href=\"https:\/\/www.matinspired.com\/fr\/kit-dattaque-macroscopique-pour-soudures-en-inox-tk04\/\"><strong>Kit d&rsquo;attaque macroscopique pour soudures en inox<\/strong><\/a><br \/>\n<a href=\"https:\/\/www.matinspired.com\/fr\/kit-dattaque-macroscopique-pour-soudures-en-inox-tk04\/\"><strong>Test de Kit &#8211; TK04<\/strong><\/a><\/h3>\n<p><b><em><a href=\"https:\/\/www.matinspired.com\/fr\/kit-dattaque-macroscopique-pour-soudures-en-inox-tk04\/\">pour soudures<\/a><\/em><\/b><\/p>\n\t\t\t\t<a href=\"https:\/\/www.matinspired.com\/fr\/kit-dattaque-macroscopique-pour-soudures-en-aluminium-tk03\/\"  target=\"_self\" itemprop=\"url\">\n\t\t\t\t<img decoding=\"async\" src=\"https:\/\/www.matinspired.com\/wp-content\/uploads\/2025\/12\/TK03_Testkit_AluminiumWeld-scaled.jpg\" alt=\"Read More\" itemprop=\"image\" height=\"1707\" width=\"2560\" title=\"TK03_Testkit_AluminiumWeld\" onerror=\"this.style.display='none'\" loading=\"lazy\" \/>\n\t\t\t\t<\/a>\n\t\t\t\t\t\tRead More\n\t<h3><a href=\"https:\/\/www.matinspired.com\/fr\/kit-dattaque-macroscopique-pour-soudures-en-aluminium-tk03\/\"><strong>Kit d&rsquo;attaque macroscopique pour soudures en aluminium<\/strong><\/a><br \/>\n<a href=\"https:\/\/www.matinspired.com\/fr\/kit-dattaque-macroscopique-pour-soudures-en-aluminium-tk03\/\"><strong>Test de Kit &#8211; TK03<\/strong><\/a><\/h3>\n<p><b><em><a href=\"https:\/\/www.matinspired.com\/fr\/kit-dattaque-macroscopique-pour-soudures-en-aluminium-tk03\/\">pour soudures<\/a><\/em><\/b><\/p>\n\t\t\t\t<a href=\"https:\/\/www.matinspired.com\/fr\/304-316-stainless-steel-identification-test-kit-tk05-matinspired\/\"  target=\"_self\" itemprop=\"url\">\n\t\t\t\t<img decoding=\"async\" src=\"https:\/\/www.matinspired.com\/wp-content\/uploads\/2024\/01\/TK05-oefen2-GROTER-CANVAS.jpg\" alt=\"304 - 316 Stainless Steel Identification Test Kit - TK05\" itemprop=\"image\" height=\"1175\" width=\"1813\" title=\"TK05-oefen2-GROTER-CANVAS\" onerror=\"this.style.display='none'\" loading=\"lazy\" \/>\n\t\t\t\t<\/a>\n\t\t\t\t\t\tRead more\n\t<h3><a href=\"https:\/\/www.matinspired.com\/fr\/304-316-stainless-steel-identification-test-kit-tk05-matinspired\/\"><strong>304 &#8211; 316 acier inoxydable<\/strong><\/a><br \/>\n<a href=\"https:\/\/www.matinspired.com\/fr\/304-316-stainless-steel-identification-test-kit-tk05-matinspired\/\"><strong>Kit de test d&rsquo;identification &#8211; TK05<br \/>\n<\/strong><\/a><\/h3>\n<p><b><em><a href=\"https:\/\/www.matinspired.com\/fr\/304-316-stainless-steel-identification-test-kit-tk05-matinspired\/\">pour les mat\u00e9riaux en acier inoxydable type 304 et type 316<\/a><\/em><\/b><\/p>\n<p><\/p>\n\t\t\t\t<a href=\"https:\/\/www.matinspired.com\/fr\/ferroxyl-test-tk13\/\"  target=\"_self\" itemprop=\"url\">\n\t\t\t\t<img decoding=\"async\" src=\"https:\/\/www.matinspired.com\/wp-content\/uploads\/2024\/01\/TK13-canvas.jpg\" alt=\"Ferroxyl Test Kit - TK13\" itemprop=\"image\" height=\"1300\" width=\"1866\" title=\"TK13-canvas\" onerror=\"this.style.display='none'\" loading=\"lazy\" \/>\n\t\t\t\t<\/a>\n\t\t\t\t\t\tRead more\n\t<h3><a href=\"https:\/\/www.matinspired.com\/fr\/ferroxyl-test-tk13\/\"><strong>Ferroxyl<\/strong><\/a><br \/>\n<a href=\"https:\/\/www.matinspired.com\/fr\/ferroxyl-test-tk13\/\"><strong>Test de Kit &#8211; TK13<\/strong><\/a><\/h3>\n<a href=\"https:\/\/www.matinspired.com\/fr\/ferroxyl-test-tk13\/\"><strong><em>pour l&rsquo;identification du fer libre selon ASTM A380<\/em><\/strong><\/a><em><strong><br \/>\n<\/strong><\/em>\n<p>&nbsp;<\/p>\n<p>&nbsp;<\/p>\n\t\t\t\t<a href=\"https:\/\/www.matinspired.com\/fr\/303-stainless-steel-identification-testkit-tk14\/\"  target=\"_self\" itemprop=\"url\">\n\t\t\t\t<img decoding=\"async\" src=\"https:\/\/www.matinspired.com\/wp-content\/uploads\/2023\/05\/TK14-MATinspired-303-identification-Test-Kit-scaled.webp\" alt=\"TK14 MATinspired 303 identification Test Kit\" itemprop=\"image\" height=\"1706\" width=\"2560\" title=\"TK14 MATinspired 303 identification Test Kit\" onerror=\"this.style.display='none'\" loading=\"lazy\" \/>\n\t\t\t\t<\/a>\n\t\t\t\t\t\tRead More\n\t<h3><a href=\"https:\/\/www.matinspired.com\/fr\/303-stainless-steel-identification-testkit-tk14\/\"><strong>Acier inoxydable 303<\/strong><\/a><br \/>\n<a href=\"https:\/\/www.matinspired.com\/fr\/303-stainless-steel-identification-testkit-tk14\/\"><strong>Kit de test d&rsquo;identification &#8211; TK14<\/strong><\/a><\/h3>\n<p><a href=\"https:\/\/www.matinspired.com\/fr\/303-stainless-steel-identification-testkit-tk14\/\"><strong><em>Ce kit de test vous permet d&rsquo;identifier facilement l&rsquo;acier inoxydable 303<\/em><\/strong><\/a><\/p>\n\t\t\t\t<a href=\"https:\/\/www.matinspired.com\/fr\/sel-detection-test-tk21\/\"  target=\"_self\" itemprop=\"url\">\n\t\t\t\t<img decoding=\"async\" src=\"https:\/\/www.matinspired.com\/wp-content\/uploads\/2025\/12\/TK21_Testkit_saltdetection-1-scaled.jpg\" alt=\"Read More\" itemprop=\"image\" height=\"1687\" width=\"2560\" title=\"TK21_Testkit_saltdetection\" onerror=\"this.style.display='none'\" loading=\"lazy\" \/>\n\t\t\t\t<\/a>\n\t\t\t\t\t\tRead More\n\t<h3><a href=\"https:\/\/www.matinspired.com\/fr\/sel-detection-test-tk21\/\"><strong>Chlorure<\/strong><\/a><br \/>\n<a href=\"https:\/\/www.matinspired.com\/fr\/sel-detection-test-tk21\/\"><strong>D\u00e9tection Test (Test du nitrate d&rsquo;argent) &#8211; TK21<\/strong><\/a><\/h3>\n<p><a href=\"https:\/\/www.matinspired.com\/fr\/sel-detection-test-tk21\/\"><strong><em>pour la d\u00e9tection de r\u00e9sidus de sel marin ou de sel de d\u00e9neigement sur m\u00e9tal<\/em><\/strong><\/a><\/p>\n<p>&nbsp;<\/p>\n<p>&nbsp;<\/p>\n\n","protected":false},"excerpt":{"rendered":"<p>Produits &nbsp; Read More Chrome VI Kit de test de d\u00e9tection &#8211; TK11\u2122 pour la contamination des surfaces, les particules de poussi\u00e8re, les rev\u00eatements et les couches de peinture. \u00a0 Read More Chrome VI Neutralisateur &#8211; TK20 pour la neutralisation de la contamination des m\u00e9taux par le chrome VI &nbsp; Read more Plomb Trousse de&#8230;<\/p>\n","protected":false},"author":3,"featured_media":0,"parent":0,"menu_order":0,"comment_status":"closed","ping_status":"closed","template":"","meta":{"footnotes":""},"class_list":["post-14880","page","type-page","status-publish","hentry"],"yoast_head":"<!-- This site is optimized with the Yoast SEO plugin v27.2 - https:\/\/yoast.com\/product\/yoast-seo-wordpress\/ -->\n<title>Shop - Matinspired.com<\/title>\n<meta name=\"robots\" content=\"index, follow, max-snippet:-1, max-image-preview:large, max-video-preview:-1\" \/>\n<link rel=\"canonical\" href=\"https:\/\/www.matinspired.com\/fr\/webshop\/\" \/>\n<meta property=\"og:locale\" content=\"fr_FR\" \/>\n<meta property=\"og:type\" content=\"article\" \/>\n<meta property=\"og:title\" content=\"Shop - Matinspired.com\" \/>\n<meta property=\"og:description\" content=\"Produits &nbsp; Read More Chrome VI Kit de test de d\u00e9tection &#8211; TK11\u2122 pour la contamination des surfaces, les particules de poussi\u00e8re, les rev\u00eatements et les couches de peinture. \u00a0 Read More Chrome VI Neutralisateur &#8211; TK20 pour la neutralisation de la contamination des m\u00e9taux par le chrome VI &nbsp; Read more Plomb Trousse de...\" \/>\n<meta property=\"og:url\" content=\"https:\/\/www.matinspired.com\/fr\/webshop\/\" \/>\n<meta property=\"og:site_name\" content=\"Matinspired.com\" \/>\n<meta property=\"article:modified_time\" content=\"2025-12-09T10:03:07+00:00\" \/>\n<meta property=\"og:image\" content=\"https:\/\/www.matinspired.com\/wp-content\/uploads\/2025\/03\/TK11EN-kleiner-canvas-4.jpg\" \/>\n<meta name=\"twitter:card\" content=\"summary_large_image\" \/>\n<meta name=\"twitter:site\" content=\"@MATinspired\" \/>\n<meta name=\"twitter:label1\" content=\"Dur\u00e9e de lecture estim\u00e9e\" \/>\n\t<meta name=\"twitter:data1\" content=\"2 minutes\" \/>\n<script type=\"application\/ld+json\" class=\"yoast-schema-graph\">{\"@context\":\"https:\/\/schema.org\",\"@graph\":[{\"@type\":\"WebPage\",\"@id\":\"https:\/\/www.matinspired.com\/fr\/webshop\/\",\"url\":\"https:\/\/www.matinspired.com\/fr\/webshop\/\",\"name\":\"Shop - Matinspired.com\",\"isPartOf\":{\"@id\":\"https:\/\/www.matinspired.com\/fr\/#website\"},\"primaryImageOfPage\":{\"@id\":\"https:\/\/www.matinspired.com\/fr\/webshop\/#primaryimage\"},\"image\":{\"@id\":\"https:\/\/www.matinspired.com\/fr\/webshop\/#primaryimage\"},\"thumbnailUrl\":\"https:\/\/www.matinspired.com\/wp-content\/uploads\/2025\/03\/TK11EN-kleiner-canvas-4.jpg\",\"datePublished\":\"2023-07-13T11:44:25+00:00\",\"dateModified\":\"2025-12-09T10:03:07+00:00\",\"breadcrumb\":{\"@id\":\"https:\/\/www.matinspired.com\/fr\/webshop\/#breadcrumb\"},\"inLanguage\":\"fr-FR\",\"potentialAction\":[{\"@type\":\"ReadAction\",\"target\":[\"https:\/\/www.matinspired.com\/fr\/webshop\/\"]}]},{\"@type\":\"ImageObject\",\"inLanguage\":\"fr-FR\",\"@id\":\"https:\/\/www.matinspired.com\/fr\/webshop\/#primaryimage\",\"url\":\"https:\/\/www.matinspired.com\/wp-content\/uploads\/2025\/03\/TK11EN-kleiner-canvas-4.jpg\",\"contentUrl\":\"https:\/\/www.matinspired.com\/wp-content\/uploads\/2025\/03\/TK11EN-kleiner-canvas-4.jpg\"},{\"@type\":\"BreadcrumbList\",\"@id\":\"https:\/\/www.matinspired.com\/fr\/webshop\/#breadcrumb\",\"itemListElement\":[{\"@type\":\"ListItem\",\"position\":1,\"name\":\"Home\",\"item\":\"https:\/\/www.matinspired.com\/fr\/\"},{\"@type\":\"ListItem\",\"position\":2,\"name\":\"Shop\"}]},{\"@type\":\"WebSite\",\"@id\":\"https:\/\/www.matinspired.com\/fr\/#website\",\"url\":\"https:\/\/www.matinspired.com\/fr\/\",\"name\":\"Matinspired.com\",\"description\":\"Chromium-6 test kits and more\",\"publisher\":{\"@id\":\"https:\/\/www.matinspired.com\/fr\/#organization\"},\"potentialAction\":[{\"@type\":\"SearchAction\",\"target\":{\"@type\":\"EntryPoint\",\"urlTemplate\":\"https:\/\/www.matinspired.com\/fr\/?s={search_term_string}\"},\"query-input\":{\"@type\":\"PropertyValueSpecification\",\"valueRequired\":true,\"valueName\":\"search_term_string\"}}],\"inLanguage\":\"fr-FR\"},{\"@type\":\"Organization\",\"@id\":\"https:\/\/www.matinspired.com\/fr\/#organization\",\"name\":\"MATinspired B.V.\",\"url\":\"https:\/\/www.matinspired.com\/fr\/\",\"logo\":{\"@type\":\"ImageObject\",\"inLanguage\":\"fr-FR\",\"@id\":\"https:\/\/www.matinspired.com\/fr\/#\/schema\/logo\/image\/\",\"url\":\"https:\/\/www.matinspired.com\/wp-content\/uploads\/2023\/03\/LogoMATinspiredPO-696x969-1.jpg\",\"contentUrl\":\"https:\/\/www.matinspired.com\/wp-content\/uploads\/2023\/03\/LogoMATinspiredPO-696x969-1.jpg\",\"width\":696,\"height\":696,\"caption\":\"MATinspired B.V.\"},\"image\":{\"@id\":\"https:\/\/www.matinspired.com\/fr\/#\/schema\/logo\/image\/\"},\"sameAs\":[\"https:\/\/x.com\/MATinspired\"]}]}<\/script>\n<!-- \/ Yoast SEO plugin. -->","yoast_head_json":{"title":"Shop - Matinspired.com","robots":{"index":"index","follow":"follow","max-snippet":"max-snippet:-1","max-image-preview":"max-image-preview:large","max-video-preview":"max-video-preview:-1"},"canonical":"https:\/\/www.matinspired.com\/fr\/webshop\/","og_locale":"fr_FR","og_type":"article","og_title":"Shop - Matinspired.com","og_description":"Produits &nbsp; Read More Chrome VI Kit de test de d\u00e9tection &#8211; TK11\u2122 pour la contamination des surfaces, les particules de poussi\u00e8re, les rev\u00eatements et les couches de peinture. \u00a0 Read More Chrome VI Neutralisateur &#8211; TK20 pour la neutralisation de la contamination des m\u00e9taux par le chrome VI &nbsp; Read more Plomb Trousse de...","og_url":"https:\/\/www.matinspired.com\/fr\/webshop\/","og_site_name":"Matinspired.com","article_modified_time":"2025-12-09T10:03:07+00:00","og_image":[{"url":"https:\/\/www.matinspired.com\/wp-content\/uploads\/2025\/03\/TK11EN-kleiner-canvas-4.jpg","type":"","width":"","height":""}],"twitter_card":"summary_large_image","twitter_site":"@MATinspired","twitter_misc":{"Dur\u00e9e de lecture estim\u00e9e":"2 minutes"},"schema":{"@context":"https:\/\/schema.org","@graph":[{"@type":"WebPage","@id":"https:\/\/www.matinspired.com\/fr\/webshop\/","url":"https:\/\/www.matinspired.com\/fr\/webshop\/","name":"Shop - Matinspired.com","isPartOf":{"@id":"https:\/\/www.matinspired.com\/fr\/#website"},"primaryImageOfPage":{"@id":"https:\/\/www.matinspired.com\/fr\/webshop\/#primaryimage"},"image":{"@id":"https:\/\/www.matinspired.com\/fr\/webshop\/#primaryimage"},"thumbnailUrl":"https:\/\/www.matinspired.com\/wp-content\/uploads\/2025\/03\/TK11EN-kleiner-canvas-4.jpg","datePublished":"2023-07-13T11:44:25+00:00","dateModified":"2025-12-09T10:03:07+00:00","breadcrumb":{"@id":"https:\/\/www.matinspired.com\/fr\/webshop\/#breadcrumb"},"inLanguage":"fr-FR","potentialAction":[{"@type":"ReadAction","target":["https:\/\/www.matinspired.com\/fr\/webshop\/"]}]},{"@type":"ImageObject","inLanguage":"fr-FR","@id":"https:\/\/www.matinspired.com\/fr\/webshop\/#primaryimage","url":"https:\/\/www.matinspired.com\/wp-content\/uploads\/2025\/03\/TK11EN-kleiner-canvas-4.jpg","contentUrl":"https:\/\/www.matinspired.com\/wp-content\/uploads\/2025\/03\/TK11EN-kleiner-canvas-4.jpg"},{"@type":"BreadcrumbList","@id":"https:\/\/www.matinspired.com\/fr\/webshop\/#breadcrumb","itemListElement":[{"@type":"ListItem","position":1,"name":"Home","item":"https:\/\/www.matinspired.com\/fr\/"},{"@type":"ListItem","position":2,"name":"Shop"}]},{"@type":"WebSite","@id":"https:\/\/www.matinspired.com\/fr\/#website","url":"https:\/\/www.matinspired.com\/fr\/","name":"Matinspired.com","description":"Chromium-6 test kits and more","publisher":{"@id":"https:\/\/www.matinspired.com\/fr\/#organization"},"potentialAction":[{"@type":"SearchAction","target":{"@type":"EntryPoint","urlTemplate":"https:\/\/www.matinspired.com\/fr\/?s={search_term_string}"},"query-input":{"@type":"PropertyValueSpecification","valueRequired":true,"valueName":"search_term_string"}}],"inLanguage":"fr-FR"},{"@type":"Organization","@id":"https:\/\/www.matinspired.com\/fr\/#organization","name":"MATinspired B.V.","url":"https:\/\/www.matinspired.com\/fr\/","logo":{"@type":"ImageObject","inLanguage":"fr-FR","@id":"https:\/\/www.matinspired.com\/fr\/#\/schema\/logo\/image\/","url":"https:\/\/www.matinspired.com\/wp-content\/uploads\/2023\/03\/LogoMATinspiredPO-696x969-1.jpg","contentUrl":"https:\/\/www.matinspired.com\/wp-content\/uploads\/2023\/03\/LogoMATinspiredPO-696x969-1.jpg","width":696,"height":696,"caption":"MATinspired B.V."},"image":{"@id":"https:\/\/www.matinspired.com\/fr\/#\/schema\/logo\/image\/"},"sameAs":["https:\/\/x.com\/MATinspired"]}]}},"jetpack_sharing_enabled":true,"_links":{"self":[{"href":"https:\/\/www.matinspired.com\/fr\/wp-json\/wp\/v2\/pages\/14880","targetHints":{"allow":["GET"]}}],"collection":[{"href":"https:\/\/www.matinspired.com\/fr\/wp-json\/wp\/v2\/pages"}],"about":[{"href":"https:\/\/www.matinspired.com\/fr\/wp-json\/wp\/v2\/types\/page"}],"author":[{"embeddable":true,"href":"https:\/\/www.matinspired.com\/fr\/wp-json\/wp\/v2\/users\/3"}],"replies":[{"embeddable":true,"href":"https:\/\/www.matinspired.com\/fr\/wp-json\/wp\/v2\/comments?post=14880"}],"version-history":[{"count":7,"href":"https:\/\/www.matinspired.com\/fr\/wp-json\/wp\/v2\/pages\/14880\/revisions"}],"predecessor-version":[{"id":69427,"href":"https:\/\/www.matinspired.com\/fr\/wp-json\/wp\/v2\/pages\/14880\/revisions\/69427"}],"wp:attachment":[{"href":"https:\/\/www.matinspired.com\/fr\/wp-json\/wp\/v2\/media?parent=14880"}],"curies":[{"name":"wp","href":"https:\/\/api.w.org\/{rel}","templated":true}]}}