{"id":1299,"date":"2021-06-29T08:48:16","date_gmt":"2021-06-29T07:48:16","guid":{"rendered":"https:\/\/www.matinspired.com\/chromium-6-neutralizer-tk20\/"},"modified":"2023-11-10T14:58:15","modified_gmt":"2023-11-10T13:58:15","slug":"neutralisateur-du-chrome-vi-tk20","status":"publish","type":"page","link":"https:\/\/www.matinspired.com\/fr\/neutralisateur-du-chrome-vi-tk20\/","title":{"rendered":"Neutralisateur du chrome VI \u2013 TK20"},"content":{"rendered":"\n\n\t<p><strong>Neutralisateur du chrome VI &#8211; TK20<\/strong><\/p>\n\t<strong>Chrome VI<br \/>\nNeutralisateur &#8211; TK20<br \/>\n<\/strong><strong><em>pour la neutralisation de la contamination des m\u00e9taux par le chrome VI <\/em><\/strong>\n<p>Ce liquide (0,5 L) convient pour \u00e9liminer\/neutraliser la contamination des m\u00e9taux par le chrome VI. Ces contaminations se forment souvent \u00e0 la suite du chauffage de pi\u00e8ces de machines, par exemple dans les moteurs de bateaux, les turbines ou les \u00e9oliennes. Les compos\u00e9s de chrome VI form\u00e9s sont g\u00e9n\u00e9ralement reconnaissables \u00e0 une couche poussi\u00e9reuse blanche\/verte sur le m\u00e9tal. Cette couche est souvent pr\u00e9sente aux endroits o\u00f9 des lubrifiants (antigrippants) ont \u00e9t\u00e9 utilis\u00e9s, comme les boulons et les \u00e9crous. Ces compos\u00e9s sont toxiques et doivent \u00eatre \u00e9limin\u00e9s avant que les travaux de r\u00e9vision puissent avoir lieu. Le neutralisateur TK20 peut \u00eatre appliqu\u00e9 \u00e0 l&rsquo;aide d&rsquo;un chiffon ou d&rsquo;un pulv\u00e9risateur. Il est \u00e9galement possible d&rsquo;immerger de petites pi\u00e8ces, comme des boulons et des \u00e9crous, dans ce liquide.<\/p>\n<p>Le kit de test est fourni avec un manuel et des fiches de donn\u00e9es de s\u00e9curit\u00e9 en fran\u00e7ais.<\/p>\n\t\t\t\t<img loading=\"lazy\" decoding=\"async\" src=\"https:\/\/www.matinspired.com\/wp-content\/uploads\/2022\/03\/FlaconChromium-6_Neutralizer-scaled.jpg\" alt=\"TK20 Chromium-6 Neutralizer\" itemprop=\"image\" height=\"2560\" width=\"2560\" title=\"FlaconChromium-6_Neutralizer\" onerror=\"this.style.display='none'\"  \/>\n\t\t\t<a href=\"https:\/\/www.matinspired.com\/fr\/demande-de-devis\/?aantal-neutralizer=1\" target=\"_self\" rel=\"noopener\">\n\t\t\t\t\t\tDemande de devis\n\t\t\t\t\t<\/a>\n\t\t\t<a href=\"https:\/\/www.matinspired.nl\/wp-content\/uploads\/2022\/06\/BrochureFR-MATinspired-TK20-Neutralisateur-du-chrome-VI.pdf\" target=\"_blank\" rel=\"noopener\">\n\t\t\t\t\t\t Brochure Neutralisateur du Chrome VI\n\t\t\t\t\t<\/a>\n\t<em>La commande n&rsquo;est possible que pour les entreprises.<br \/>\n<\/em><em>Vous recevrez notre devis par e-mail dans un ou deux jours ouvr\u00e9s. Apr\u00e8s votre acceptation de notre devis, nous enverrons le kit de test aussi rapide que possible.<\/em>\n\t\t\t\t<img loading=\"lazy\" decoding=\"async\" src=\"https:\/\/www.matinspired.com\/wp-content\/uploads\/2022\/05\/Beelden_Chroom-6Neutralizer.jpg\" alt=\"TK20 Chromium-6 Neutralizer before\/after\" itemprop=\"image\" height=\"1169\" width=\"1011\" title=\"Chromium-6Neutralizer before\/after\" onerror=\"this.style.display='none'\"  \/>\n\t<h3><strong><br \/>\nPour le traitement:<\/strong><\/h3>\n<p><em>Exemple d&rsquo;un boulon avec une contamination au chrome VI. Cette contamination est reconnaissable \u00e0 sa couleur blanche ou verte. La barre de test du kit TK11 de d\u00e9tection du chrome VI est violette, ce qui indique la pr\u00e9sence du chrome VI.<\/em><\/p>\n<p><strong>\u00a0<\/strong><\/p>\n<p>&nbsp;<\/p>\n<p><strong>Apr\u00e8s traitement avec le neutralisateur du chrome VI:<\/strong><\/p>\n<p><em>Exemple d&rsquo;un boulon dont la contamination par le chrome VI a \u00e9t\u00e9 \u00e9limin\u00e9e\/neutralis\u00e9e \u00e0 l&rsquo;aide du liquide TK20 &#8211; Neutralisateur du chrome VI. La bandelette de test du kit de d\u00e9tection du chrome VI TK11 est orange, ce qui indique que le chrome VI n&rsquo;est plus pr\u00e9sent.<\/em><\/p>\n\t<p><i> Avis de non-responsabilit\u00e9<br \/>\nBien que ce produit ait \u00e9t\u00e9 \u00e9labor\u00e9 avec le plus grand soin, MATinspired B.V. ne peut \u00eatre tenu responsable des dommages r\u00e9sultant de l&rsquo;utilisation ou du contact avec le produit. Cette m\u00e9thode de mesure ne donne qu&rsquo;une indication, et MATinspired B.V. n&rsquo;est pas responsable des r\u00e9sultats des tests. <\/i><\/p>\n\n<p><em>\u00a0<\/em><\/p>\n\n","protected":false},"excerpt":{"rendered":"<p>Neutralisateur du chrome VI &#8211; TK20 Chrome VI Neutralisateur &#8211; TK20 pour la neutralisation de la contamination des m\u00e9taux par le chrome VI Ce liquide (0,5 L) convient pour \u00e9liminer\/neutraliser la contamination des m\u00e9taux par le chrome VI. Ces contaminations se forment souvent \u00e0 la suite du chauffage de pi\u00e8ces de machines, par exemple dans&#8230;<\/p>\n","protected":false},"author":3,"featured_media":0,"parent":0,"menu_order":0,"comment_status":"closed","ping_status":"closed","template":"","meta":{"footnotes":""},"class_list":["post-1299","page","type-page","status-publish","hentry"],"yoast_head":"<!-- This site is optimized with the Yoast SEO plugin v27.2 - https:\/\/yoast.com\/product\/yoast-seo-wordpress\/ -->\n<title>Neutralisateur du chrome VI \u2013 TK20 - Matinspired.com<\/title>\n<meta name=\"description\" content=\"Pour neutraliser les contaminations de chrome-6 sur les m\u00e9taux. Ce liquide convient pour neutraliser et \u00e9liminer les contaminations de chrome 6 sur les m\u00e9taux. Le liquide peut \u00eatre appliqu\u00e9 \u00e0 l&#039;aide d&#039;un chiffon ou d&#039;un n\u00e9buliseur. Il est \u00e9galement possible d&#039;immerger de petites pi\u00e8ces, telles que des \u00e9crous et des boulons, dans ce liquide. Le kit de test TK11 peut ensuite \u00eatre utilis\u00e9 pour v\u00e9rifier si le chrome-6 a \u00e9t\u00e9 \u00e9limin\u00e9.\" \/>\n<meta name=\"robots\" content=\"index, follow, max-snippet:-1, max-image-preview:large, max-video-preview:-1\" \/>\n<link rel=\"canonical\" href=\"https:\/\/www.matinspired.com\/fr\/neutralisateur-du-chrome-vi-tk20\/\" \/>\n<meta property=\"og:locale\" content=\"fr_FR\" \/>\n<meta property=\"og:type\" content=\"article\" \/>\n<meta property=\"og:title\" content=\"Neutralisateur du chrome VI \u2013 TK20 - Matinspired.com\" \/>\n<meta property=\"og:description\" content=\"Pour neutraliser les contaminations de chrome-6 sur les m\u00e9taux. Ce liquide convient pour neutraliser et \u00e9liminer les contaminations de chrome 6 sur les m\u00e9taux. Le liquide peut \u00eatre appliqu\u00e9 \u00e0 l&#039;aide d&#039;un chiffon ou d&#039;un n\u00e9buliseur. Il est \u00e9galement possible d&#039;immerger de petites pi\u00e8ces, telles que des \u00e9crous et des boulons, dans ce liquide. Le kit de test TK11 peut ensuite \u00eatre utilis\u00e9 pour v\u00e9rifier si le chrome-6 a \u00e9t\u00e9 \u00e9limin\u00e9.\" \/>\n<meta property=\"og:url\" content=\"https:\/\/www.matinspired.com\/fr\/neutralisateur-du-chrome-vi-tk20\/\" \/>\n<meta property=\"og:site_name\" content=\"Matinspired.com\" \/>\n<meta property=\"article:modified_time\" content=\"2023-11-10T13:58:15+00:00\" \/>\n<meta property=\"og:image\" content=\"https:\/\/www.matinspired.com\/wp-content\/uploads\/2022\/03\/FlaconChromium-6_Neutralizer-scaled.jpg\" \/>\n<meta name=\"twitter:card\" content=\"summary_large_image\" \/>\n<meta name=\"twitter:site\" content=\"@MATinspired\" \/>\n<meta name=\"twitter:label1\" content=\"Dur\u00e9e de lecture estim\u00e9e\" \/>\n\t<meta name=\"twitter:data1\" content=\"3 minutes\" \/>\n<script type=\"application\/ld+json\" class=\"yoast-schema-graph\">{\"@context\":\"https:\/\/schema.org\",\"@graph\":[{\"@type\":\"WebPage\",\"@id\":\"https:\/\/www.matinspired.com\/fr\/neutralisateur-du-chrome-vi-tk20\/\",\"url\":\"https:\/\/www.matinspired.com\/fr\/neutralisateur-du-chrome-vi-tk20\/\",\"name\":\"Neutralisateur du chrome VI \u2013 TK20 - Matinspired.com\",\"isPartOf\":{\"@id\":\"https:\/\/www.matinspired.com\/fr\/#website\"},\"primaryImageOfPage\":{\"@id\":\"https:\/\/www.matinspired.com\/fr\/neutralisateur-du-chrome-vi-tk20\/#primaryimage\"},\"image\":{\"@id\":\"https:\/\/www.matinspired.com\/fr\/neutralisateur-du-chrome-vi-tk20\/#primaryimage\"},\"thumbnailUrl\":\"https:\/\/www.matinspired.com\/wp-content\/uploads\/2022\/03\/FlaconChromium-6_Neutralizer-scaled.jpg\",\"datePublished\":\"2021-06-29T07:48:16+00:00\",\"dateModified\":\"2023-11-10T13:58:15+00:00\",\"description\":\"Pour neutraliser les contaminations de chrome-6 sur les m\u00e9taux. Ce liquide convient pour neutraliser et \u00e9liminer les contaminations de chrome 6 sur les m\u00e9taux. Le liquide peut \u00eatre appliqu\u00e9 \u00e0 l'aide d'un chiffon ou d'un n\u00e9buliseur. Il est \u00e9galement possible d'immerger de petites pi\u00e8ces, telles que des \u00e9crous et des boulons, dans ce liquide. Le kit de test TK11 peut ensuite \u00eatre utilis\u00e9 pour v\u00e9rifier si le chrome-6 a \u00e9t\u00e9 \u00e9limin\u00e9.\",\"breadcrumb\":{\"@id\":\"https:\/\/www.matinspired.com\/fr\/neutralisateur-du-chrome-vi-tk20\/#breadcrumb\"},\"inLanguage\":\"fr-FR\",\"potentialAction\":[{\"@type\":\"ReadAction\",\"target\":[\"https:\/\/www.matinspired.com\/fr\/neutralisateur-du-chrome-vi-tk20\/\"]}]},{\"@type\":\"ImageObject\",\"inLanguage\":\"fr-FR\",\"@id\":\"https:\/\/www.matinspired.com\/fr\/neutralisateur-du-chrome-vi-tk20\/#primaryimage\",\"url\":\"https:\/\/www.matinspired.com\/wp-content\/uploads\/2022\/03\/FlaconChromium-6_Neutralizer-scaled.jpg\",\"contentUrl\":\"https:\/\/www.matinspired.com\/wp-content\/uploads\/2022\/03\/FlaconChromium-6_Neutralizer-scaled.jpg\"},{\"@type\":\"BreadcrumbList\",\"@id\":\"https:\/\/www.matinspired.com\/fr\/neutralisateur-du-chrome-vi-tk20\/#breadcrumb\",\"itemListElement\":[{\"@type\":\"ListItem\",\"position\":1,\"name\":\"Home\",\"item\":\"https:\/\/www.matinspired.com\/fr\/\"},{\"@type\":\"ListItem\",\"position\":2,\"name\":\"Neutralisateur du chrome VI \u2013 TK20\"}]},{\"@type\":\"WebSite\",\"@id\":\"https:\/\/www.matinspired.com\/fr\/#website\",\"url\":\"https:\/\/www.matinspired.com\/fr\/\",\"name\":\"Matinspired.com\",\"description\":\"Chromium-6 test kits and more\",\"publisher\":{\"@id\":\"https:\/\/www.matinspired.com\/fr\/#organization\"},\"potentialAction\":[{\"@type\":\"SearchAction\",\"target\":{\"@type\":\"EntryPoint\",\"urlTemplate\":\"https:\/\/www.matinspired.com\/fr\/?s={search_term_string}\"},\"query-input\":{\"@type\":\"PropertyValueSpecification\",\"valueRequired\":true,\"valueName\":\"search_term_string\"}}],\"inLanguage\":\"fr-FR\"},{\"@type\":\"Organization\",\"@id\":\"https:\/\/www.matinspired.com\/fr\/#organization\",\"name\":\"MATinspired B.V.\",\"url\":\"https:\/\/www.matinspired.com\/fr\/\",\"logo\":{\"@type\":\"ImageObject\",\"inLanguage\":\"fr-FR\",\"@id\":\"https:\/\/www.matinspired.com\/fr\/#\/schema\/logo\/image\/\",\"url\":\"https:\/\/www.matinspired.com\/wp-content\/uploads\/2023\/03\/LogoMATinspiredPO-696x969-1.jpg\",\"contentUrl\":\"https:\/\/www.matinspired.com\/wp-content\/uploads\/2023\/03\/LogoMATinspiredPO-696x969-1.jpg\",\"width\":696,\"height\":696,\"caption\":\"MATinspired B.V.\"},\"image\":{\"@id\":\"https:\/\/www.matinspired.com\/fr\/#\/schema\/logo\/image\/\"},\"sameAs\":[\"https:\/\/x.com\/MATinspired\"]}]}<\/script>\n<!-- \/ Yoast SEO plugin. -->","yoast_head_json":{"title":"Neutralisateur du chrome VI \u2013 TK20 - Matinspired.com","description":"Pour neutraliser les contaminations de chrome-6 sur les m\u00e9taux. Ce liquide convient pour neutraliser et \u00e9liminer les contaminations de chrome 6 sur les m\u00e9taux. Le liquide peut \u00eatre appliqu\u00e9 \u00e0 l'aide d'un chiffon ou d'un n\u00e9buliseur. Il est \u00e9galement possible d'immerger de petites pi\u00e8ces, telles que des \u00e9crous et des boulons, dans ce liquide. Le kit de test TK11 peut ensuite \u00eatre utilis\u00e9 pour v\u00e9rifier si le chrome-6 a \u00e9t\u00e9 \u00e9limin\u00e9.","robots":{"index":"index","follow":"follow","max-snippet":"max-snippet:-1","max-image-preview":"max-image-preview:large","max-video-preview":"max-video-preview:-1"},"canonical":"https:\/\/www.matinspired.com\/fr\/neutralisateur-du-chrome-vi-tk20\/","og_locale":"fr_FR","og_type":"article","og_title":"Neutralisateur du chrome VI \u2013 TK20 - Matinspired.com","og_description":"Pour neutraliser les contaminations de chrome-6 sur les m\u00e9taux. Ce liquide convient pour neutraliser et \u00e9liminer les contaminations de chrome 6 sur les m\u00e9taux. Le liquide peut \u00eatre appliqu\u00e9 \u00e0 l'aide d'un chiffon ou d'un n\u00e9buliseur. Il est \u00e9galement possible d'immerger de petites pi\u00e8ces, telles que des \u00e9crous et des boulons, dans ce liquide. Le kit de test TK11 peut ensuite \u00eatre utilis\u00e9 pour v\u00e9rifier si le chrome-6 a \u00e9t\u00e9 \u00e9limin\u00e9.","og_url":"https:\/\/www.matinspired.com\/fr\/neutralisateur-du-chrome-vi-tk20\/","og_site_name":"Matinspired.com","article_modified_time":"2023-11-10T13:58:15+00:00","og_image":[{"url":"https:\/\/www.matinspired.com\/wp-content\/uploads\/2022\/03\/FlaconChromium-6_Neutralizer-scaled.jpg","type":"","width":"","height":""}],"twitter_card":"summary_large_image","twitter_site":"@MATinspired","twitter_misc":{"Dur\u00e9e de lecture estim\u00e9e":"3 minutes"},"schema":{"@context":"https:\/\/schema.org","@graph":[{"@type":"WebPage","@id":"https:\/\/www.matinspired.com\/fr\/neutralisateur-du-chrome-vi-tk20\/","url":"https:\/\/www.matinspired.com\/fr\/neutralisateur-du-chrome-vi-tk20\/","name":"Neutralisateur du chrome VI \u2013 TK20 - Matinspired.com","isPartOf":{"@id":"https:\/\/www.matinspired.com\/fr\/#website"},"primaryImageOfPage":{"@id":"https:\/\/www.matinspired.com\/fr\/neutralisateur-du-chrome-vi-tk20\/#primaryimage"},"image":{"@id":"https:\/\/www.matinspired.com\/fr\/neutralisateur-du-chrome-vi-tk20\/#primaryimage"},"thumbnailUrl":"https:\/\/www.matinspired.com\/wp-content\/uploads\/2022\/03\/FlaconChromium-6_Neutralizer-scaled.jpg","datePublished":"2021-06-29T07:48:16+00:00","dateModified":"2023-11-10T13:58:15+00:00","description":"Pour neutraliser les contaminations de chrome-6 sur les m\u00e9taux. Ce liquide convient pour neutraliser et \u00e9liminer les contaminations de chrome 6 sur les m\u00e9taux. Le liquide peut \u00eatre appliqu\u00e9 \u00e0 l'aide d'un chiffon ou d'un n\u00e9buliseur. Il est \u00e9galement possible d'immerger de petites pi\u00e8ces, telles que des \u00e9crous et des boulons, dans ce liquide. Le kit de test TK11 peut ensuite \u00eatre utilis\u00e9 pour v\u00e9rifier si le chrome-6 a \u00e9t\u00e9 \u00e9limin\u00e9.","breadcrumb":{"@id":"https:\/\/www.matinspired.com\/fr\/neutralisateur-du-chrome-vi-tk20\/#breadcrumb"},"inLanguage":"fr-FR","potentialAction":[{"@type":"ReadAction","target":["https:\/\/www.matinspired.com\/fr\/neutralisateur-du-chrome-vi-tk20\/"]}]},{"@type":"ImageObject","inLanguage":"fr-FR","@id":"https:\/\/www.matinspired.com\/fr\/neutralisateur-du-chrome-vi-tk20\/#primaryimage","url":"https:\/\/www.matinspired.com\/wp-content\/uploads\/2022\/03\/FlaconChromium-6_Neutralizer-scaled.jpg","contentUrl":"https:\/\/www.matinspired.com\/wp-content\/uploads\/2022\/03\/FlaconChromium-6_Neutralizer-scaled.jpg"},{"@type":"BreadcrumbList","@id":"https:\/\/www.matinspired.com\/fr\/neutralisateur-du-chrome-vi-tk20\/#breadcrumb","itemListElement":[{"@type":"ListItem","position":1,"name":"Home","item":"https:\/\/www.matinspired.com\/fr\/"},{"@type":"ListItem","position":2,"name":"Neutralisateur du chrome VI \u2013 TK20"}]},{"@type":"WebSite","@id":"https:\/\/www.matinspired.com\/fr\/#website","url":"https:\/\/www.matinspired.com\/fr\/","name":"Matinspired.com","description":"Chromium-6 test kits and more","publisher":{"@id":"https:\/\/www.matinspired.com\/fr\/#organization"},"potentialAction":[{"@type":"SearchAction","target":{"@type":"EntryPoint","urlTemplate":"https:\/\/www.matinspired.com\/fr\/?s={search_term_string}"},"query-input":{"@type":"PropertyValueSpecification","valueRequired":true,"valueName":"search_term_string"}}],"inLanguage":"fr-FR"},{"@type":"Organization","@id":"https:\/\/www.matinspired.com\/fr\/#organization","name":"MATinspired B.V.","url":"https:\/\/www.matinspired.com\/fr\/","logo":{"@type":"ImageObject","inLanguage":"fr-FR","@id":"https:\/\/www.matinspired.com\/fr\/#\/schema\/logo\/image\/","url":"https:\/\/www.matinspired.com\/wp-content\/uploads\/2023\/03\/LogoMATinspiredPO-696x969-1.jpg","contentUrl":"https:\/\/www.matinspired.com\/wp-content\/uploads\/2023\/03\/LogoMATinspiredPO-696x969-1.jpg","width":696,"height":696,"caption":"MATinspired B.V."},"image":{"@id":"https:\/\/www.matinspired.com\/fr\/#\/schema\/logo\/image\/"},"sameAs":["https:\/\/x.com\/MATinspired"]}]}},"jetpack_sharing_enabled":true,"_links":{"self":[{"href":"https:\/\/www.matinspired.com\/fr\/wp-json\/wp\/v2\/pages\/1299","targetHints":{"allow":["GET"]}}],"collection":[{"href":"https:\/\/www.matinspired.com\/fr\/wp-json\/wp\/v2\/pages"}],"about":[{"href":"https:\/\/www.matinspired.com\/fr\/wp-json\/wp\/v2\/types\/page"}],"author":[{"embeddable":true,"href":"https:\/\/www.matinspired.com\/fr\/wp-json\/wp\/v2\/users\/3"}],"replies":[{"embeddable":true,"href":"https:\/\/www.matinspired.com\/fr\/wp-json\/wp\/v2\/comments?post=1299"}],"version-history":[{"count":0,"href":"https:\/\/www.matinspired.com\/fr\/wp-json\/wp\/v2\/pages\/1299\/revisions"}],"wp:attachment":[{"href":"https:\/\/www.matinspired.com\/fr\/wp-json\/wp\/v2\/media?parent=1299"}],"curies":[{"name":"wp","href":"https:\/\/api.w.org\/{rel}","templated":true}]}}