{"id":69302,"date":"2025-12-09T09:45:43","date_gmt":"2025-12-09T08:45:43","guid":{"rendered":"https:\/\/www.matinspired.com\/?page_id=69302"},"modified":"2026-04-02T13:19:03","modified_gmt":"2026-04-02T11:19:03","slug":"kit-prueba-soldadura-aluminio-tk03","status":"publish","type":"page","link":"https:\/\/www.matinspired.com\/es\/kit-prueba-soldadura-aluminio-tk03\/","title":{"rendered":"Kit de Prueba de Macrograbado de Soldadura de Aluminio &#8211; TK03"},"content":{"rendered":"\n\n\t\n<h1><strong>Kit de macrograbado de aluminio &#8211; TK03<\/strong><\/h1>\n<p>&nbsp;<\/p>\n<figure itemscope itemtype=\"https:\/\/schema.org\/ImageObject\">\n\t\t\t\t<img decoding=\"async\" src=\"https:\/\/www.matinspired.com\/wp-content\/plugins\/bb-plugin\/img\/pixel.png\" alt=\"\" onerror=\"this.style.display='none'\" loading=\"lazy\" \/>\n\t<\/figure>\n\t<h2><strong>Kit de macrograbado de aluminio &#8211; TK03<br \/>\n<\/strong><strong>para soldaduras<\/strong><em><strong><br \/>\n<\/strong><\/em><\/h2>\n<p>Este es un kit de prueba profesional para un grabado macrosc\u00f3pico seguro, r\u00e1pido y sencillo de secciones transversales de soldaduras de aluminio para su inspecci\u00f3n. Esto facilita determinar la profundidad y calidad de la uni\u00f3n de soldadura. Este kit es adecuado para varios tipos de aluminio.<\/p>\n<p>Con este kit de prueba puedes hacer unas 100 macrograbados con soldaduras de aluminio.<\/p>\n<p>Adem\u00e1s del l\u00edquido para grabado, tambi\u00e9n se incluyen en este kit papel de lija, guantes de seguridad y aplicadores de l\u00edquido para grabado.<\/p>\n\t<h3><strong>Uso<\/strong><\/h3>\n<p>La uni\u00f3n soldada debe cortarse o serrarse de forma independiente. Luego, la junta de soldadura debe lijarse a mano con el papel de lija de este kit. Despu\u00e9s puede grabarse con el l\u00edquido de grabado del kit. A continuaci\u00f3n, se puede evaluar visualmente la calidad de la uni\u00f3n de soldadura.<\/p>\n<p>Las ventajas de este kit son:<\/p>\n<ol>\n<li><strong>Sencillo y r\u00e1pido<\/strong>: El l\u00edquido es f\u00e1cil y r\u00e1pido de aplicar con este kit, d\u00e1ndote resultados r\u00e1pidos<\/li>\n<li><strong>Seguro<\/strong>: Se incluyen hojas de datos de seguridad y manual para trabajar de forma segura con los fluidos de grabado<\/li>\n<li><strong>Vida \u00fatil muy <\/strong>larga: los l\u00edquidos de prueba tienen una vida \u00fatil de varios a\u00f1os, as\u00ed que puedes usar este kit de prueba cuando quieras<\/li>\n<\/ol>\n<figure itemscope itemtype=\"https:\/\/schema.org\/ImageObject\">\n\t\t\t\t<img decoding=\"async\" src=\"https:\/\/www.matinspired.com\/wp-content\/uploads\/2025\/12\/TK03_Testkit_AluminiumWeld-scaled.jpg\" alt=\"Read More\" height=\"1707\" width=\"2560\" title=\"TK03_Testkit_AluminiumWeld\" onerror=\"this.style.display='none'\" loading=\"lazy\" \/>\n\t<\/figure>\n\t\t\t<a href=\"https:\/\/www.matinspired.com\/es\/solicitud-de-presupuesto\/?artikel=TK03%20-%20Kit%20de%20Prueba%20de%20Macrograbado%20de%20Soldadura%20de%20Aluminio&#038;aantal-other=1\"  target=\"_self\">\n\t\t\t\t\t\tSolicitud de presupuesto\n\t\t\t\t\t<\/a>\n\t<p><em>La entrega solo es posible para empresas.<\/em><\/p>\n<p><em>Recibir\u00e1s nuestro presupuesto por correo electr\u00f3nico en un plazo de uno o dos d\u00edas laborables. Si est\u00e1s de acuerdo con este presupuesto, te enviaremos el kit de prueba inmediatamente.<\/em><\/p>\n<figure itemscope itemtype=\"https:\/\/schema.org\/ImageObject\">\n\t\t\t\t<img decoding=\"async\" src=\"https:\/\/www.matinspired.com\/wp-content\/uploads\/2025\/12\/Voorbeeld-MATinspired-TK03-macro-ets-aluminiumlasnaad.jpg\" alt=\"Voorbeeld MATinspired TK03 macro-ets aluminiumlasnaad\" height=\"348\" width=\"400\" title=\"Voorbeeld MATinspired TK03 macro-ets aluminiumlasnaad\" onerror=\"this.style.display='none'\" loading=\"lazy\" \/>\n\t<\/figure>\n\t<p>Ejemplo de un macrograbado azul de una costura de soldadura de aluminio utilizando el kit de prueba de costura de soldadura de macrograbado de aluminio TK03<\/p>\n\t<em>Aviso legal<br \/>\nAunque este producto ha sido elaborado con el m\u00e1ximo cuidado, MATinspired B.V. no puede ser responsable de los da\u00f1os resultantes del uso o contacto con el producto. Este m\u00e9todo de medici\u00f3n es solo una indicaci\u00f3n. MATinspired B.V. no es responsable del resultado de los resultados de la prueba. <\/em>\n\n","protected":false},"excerpt":{"rendered":"<p>Kit de macrograbado de aluminio &#8211; TK03 &nbsp; Kit de macrograbado de aluminio &#8211; TK03 para soldaduras Este es un kit de prueba profesional para un grabado macrosc\u00f3pico seguro, r\u00e1pido y sencillo de secciones transversales de soldaduras de aluminio para su inspecci\u00f3n. Esto facilita determinar la profundidad y calidad de la uni\u00f3n de soldadura. Este&#8230;<\/p>\n","protected":false},"author":3,"featured_media":0,"parent":0,"menu_order":0,"comment_status":"closed","ping_status":"closed","template":"","meta":{"footnotes":""},"class_list":["post-69302","page","type-page","status-publish","hentry"],"yoast_head":"<!-- This site is optimized with the Yoast SEO plugin v27.2 - https:\/\/yoast.com\/product\/yoast-seo-wordpress\/ -->\n<title>Kit de Prueba de Macrograbado de Soldadura de Aluminio - TK03 - Matinspired.com<\/title>\n<meta name=\"description\" content=\"A professional test kit for macroscopic etching of cross-sections of stainless steel weld seams. This way you can test your material safely and quickly.\" \/>\n<meta name=\"robots\" content=\"index, follow, max-snippet:-1, max-image-preview:large, max-video-preview:-1\" \/>\n<link rel=\"canonical\" href=\"https:\/\/www.matinspired.com\/es\/kit-prueba-soldadura-aluminio-tk03\/\" \/>\n<meta property=\"og:locale\" content=\"es_ES\" \/>\n<meta property=\"og:type\" content=\"article\" \/>\n<meta property=\"og:title\" content=\"Kit de Prueba de Macrograbado de Soldadura de Aluminio - TK03 - Matinspired.com\" \/>\n<meta property=\"og:description\" content=\"A professional test kit for macroscopic etching of cross-sections of stainless steel weld seams. This way you can test your material safely and quickly.\" \/>\n<meta property=\"og:url\" content=\"https:\/\/www.matinspired.com\/es\/kit-prueba-soldadura-aluminio-tk03\/\" \/>\n<meta property=\"og:site_name\" content=\"Matinspired.com\" \/>\n<meta property=\"article:modified_time\" content=\"2026-04-02T11:19:03+00:00\" \/>\n<meta property=\"og:image\" content=\"https:\/\/www.matinspired.com\/wp-content\/plugins\/bb-plugin\/img\/pixel.png\" \/>\n<meta name=\"twitter:card\" content=\"summary_large_image\" \/>\n<meta name=\"twitter:site\" content=\"@MATinspired\" \/>\n<meta name=\"twitter:label1\" content=\"Tiempo de lectura\" \/>\n\t<meta name=\"twitter:data1\" content=\"3 minutos\" \/>\n<script type=\"application\/ld+json\" class=\"yoast-schema-graph\">{\"@context\":\"https:\/\/schema.org\",\"@graph\":[{\"@type\":\"WebPage\",\"@id\":\"https:\/\/www.matinspired.com\/es\/kit-prueba-soldadura-aluminio-tk03\/\",\"url\":\"https:\/\/www.matinspired.com\/es\/kit-prueba-soldadura-aluminio-tk03\/\",\"name\":\"Kit de Prueba de Macrograbado de Soldadura de Aluminio - TK03 - Matinspired.com\",\"isPartOf\":{\"@id\":\"https:\/\/www.matinspired.com\/es\/#website\"},\"primaryImageOfPage\":{\"@id\":\"https:\/\/www.matinspired.com\/es\/kit-prueba-soldadura-aluminio-tk03\/#primaryimage\"},\"image\":{\"@id\":\"https:\/\/www.matinspired.com\/es\/kit-prueba-soldadura-aluminio-tk03\/#primaryimage\"},\"thumbnailUrl\":\"https:\/\/www.matinspired.com\/wp-content\/plugins\/bb-plugin\/img\/pixel.png\",\"datePublished\":\"2025-12-09T08:45:43+00:00\",\"dateModified\":\"2026-04-02T11:19:03+00:00\",\"description\":\"A professional test kit for macroscopic etching of cross-sections of stainless steel weld seams. This way you can test your material safely and quickly.\",\"breadcrumb\":{\"@id\":\"https:\/\/www.matinspired.com\/es\/kit-prueba-soldadura-aluminio-tk03\/#breadcrumb\"},\"inLanguage\":\"es\",\"potentialAction\":[{\"@type\":\"ReadAction\",\"target\":[\"https:\/\/www.matinspired.com\/es\/kit-prueba-soldadura-aluminio-tk03\/\"]}]},{\"@type\":\"ImageObject\",\"inLanguage\":\"es\",\"@id\":\"https:\/\/www.matinspired.com\/es\/kit-prueba-soldadura-aluminio-tk03\/#primaryimage\",\"url\":\"https:\/\/www.matinspired.com\/wp-content\/plugins\/bb-plugin\/img\/pixel.png\",\"contentUrl\":\"https:\/\/www.matinspired.com\/wp-content\/plugins\/bb-plugin\/img\/pixel.png\"},{\"@type\":\"BreadcrumbList\",\"@id\":\"https:\/\/www.matinspired.com\/es\/kit-prueba-soldadura-aluminio-tk03\/#breadcrumb\",\"itemListElement\":[{\"@type\":\"ListItem\",\"position\":1,\"name\":\"Home\",\"item\":\"https:\/\/www.matinspired.com\/es\/\"},{\"@type\":\"ListItem\",\"position\":2,\"name\":\"Kit de Prueba de Macrograbado de Soldadura de Aluminio &#8211; TK03\"}]},{\"@type\":\"WebSite\",\"@id\":\"https:\/\/www.matinspired.com\/es\/#website\",\"url\":\"https:\/\/www.matinspired.com\/es\/\",\"name\":\"Matinspired.com\",\"description\":\"Chromium-6 test kits and more\",\"publisher\":{\"@id\":\"https:\/\/www.matinspired.com\/es\/#organization\"},\"potentialAction\":[{\"@type\":\"SearchAction\",\"target\":{\"@type\":\"EntryPoint\",\"urlTemplate\":\"https:\/\/www.matinspired.com\/es\/?s={search_term_string}\"},\"query-input\":{\"@type\":\"PropertyValueSpecification\",\"valueRequired\":true,\"valueName\":\"search_term_string\"}}],\"inLanguage\":\"es\"},{\"@type\":\"Organization\",\"@id\":\"https:\/\/www.matinspired.com\/es\/#organization\",\"name\":\"MATinspired B.V.\",\"url\":\"https:\/\/www.matinspired.com\/es\/\",\"logo\":{\"@type\":\"ImageObject\",\"inLanguage\":\"es\",\"@id\":\"https:\/\/www.matinspired.com\/es\/#\/schema\/logo\/image\/\",\"url\":\"https:\/\/www.matinspired.com\/wp-content\/uploads\/2023\/03\/LogoMATinspiredPO-696x969-1.jpg\",\"contentUrl\":\"https:\/\/www.matinspired.com\/wp-content\/uploads\/2023\/03\/LogoMATinspiredPO-696x969-1.jpg\",\"width\":696,\"height\":696,\"caption\":\"MATinspired B.V.\"},\"image\":{\"@id\":\"https:\/\/www.matinspired.com\/es\/#\/schema\/logo\/image\/\"},\"sameAs\":[\"https:\/\/x.com\/MATinspired\"]}]}<\/script>\n<!-- \/ Yoast SEO plugin. -->","yoast_head_json":{"title":"Kit de Prueba de Macrograbado de Soldadura de Aluminio - TK03 - Matinspired.com","description":"A professional test kit for macroscopic etching of cross-sections of stainless steel weld seams. This way you can test your material safely and quickly.","robots":{"index":"index","follow":"follow","max-snippet":"max-snippet:-1","max-image-preview":"max-image-preview:large","max-video-preview":"max-video-preview:-1"},"canonical":"https:\/\/www.matinspired.com\/es\/kit-prueba-soldadura-aluminio-tk03\/","og_locale":"es_ES","og_type":"article","og_title":"Kit de Prueba de Macrograbado de Soldadura de Aluminio - TK03 - Matinspired.com","og_description":"A professional test kit for macroscopic etching of cross-sections of stainless steel weld seams. This way you can test your material safely and quickly.","og_url":"https:\/\/www.matinspired.com\/es\/kit-prueba-soldadura-aluminio-tk03\/","og_site_name":"Matinspired.com","article_modified_time":"2026-04-02T11:19:03+00:00","og_image":[{"url":"https:\/\/www.matinspired.com\/wp-content\/plugins\/bb-plugin\/img\/pixel.png","type":"","width":"","height":""}],"twitter_card":"summary_large_image","twitter_site":"@MATinspired","twitter_misc":{"Tiempo de lectura":"3 minutos"},"schema":{"@context":"https:\/\/schema.org","@graph":[{"@type":"WebPage","@id":"https:\/\/www.matinspired.com\/es\/kit-prueba-soldadura-aluminio-tk03\/","url":"https:\/\/www.matinspired.com\/es\/kit-prueba-soldadura-aluminio-tk03\/","name":"Kit de Prueba de Macrograbado de Soldadura de Aluminio - TK03 - Matinspired.com","isPartOf":{"@id":"https:\/\/www.matinspired.com\/es\/#website"},"primaryImageOfPage":{"@id":"https:\/\/www.matinspired.com\/es\/kit-prueba-soldadura-aluminio-tk03\/#primaryimage"},"image":{"@id":"https:\/\/www.matinspired.com\/es\/kit-prueba-soldadura-aluminio-tk03\/#primaryimage"},"thumbnailUrl":"https:\/\/www.matinspired.com\/wp-content\/plugins\/bb-plugin\/img\/pixel.png","datePublished":"2025-12-09T08:45:43+00:00","dateModified":"2026-04-02T11:19:03+00:00","description":"A professional test kit for macroscopic etching of cross-sections of stainless steel weld seams. This way you can test your material safely and quickly.","breadcrumb":{"@id":"https:\/\/www.matinspired.com\/es\/kit-prueba-soldadura-aluminio-tk03\/#breadcrumb"},"inLanguage":"es","potentialAction":[{"@type":"ReadAction","target":["https:\/\/www.matinspired.com\/es\/kit-prueba-soldadura-aluminio-tk03\/"]}]},{"@type":"ImageObject","inLanguage":"es","@id":"https:\/\/www.matinspired.com\/es\/kit-prueba-soldadura-aluminio-tk03\/#primaryimage","url":"https:\/\/www.matinspired.com\/wp-content\/plugins\/bb-plugin\/img\/pixel.png","contentUrl":"https:\/\/www.matinspired.com\/wp-content\/plugins\/bb-plugin\/img\/pixel.png"},{"@type":"BreadcrumbList","@id":"https:\/\/www.matinspired.com\/es\/kit-prueba-soldadura-aluminio-tk03\/#breadcrumb","itemListElement":[{"@type":"ListItem","position":1,"name":"Home","item":"https:\/\/www.matinspired.com\/es\/"},{"@type":"ListItem","position":2,"name":"Kit de Prueba de Macrograbado de Soldadura de Aluminio &#8211; TK03"}]},{"@type":"WebSite","@id":"https:\/\/www.matinspired.com\/es\/#website","url":"https:\/\/www.matinspired.com\/es\/","name":"Matinspired.com","description":"Chromium-6 test kits and more","publisher":{"@id":"https:\/\/www.matinspired.com\/es\/#organization"},"potentialAction":[{"@type":"SearchAction","target":{"@type":"EntryPoint","urlTemplate":"https:\/\/www.matinspired.com\/es\/?s={search_term_string}"},"query-input":{"@type":"PropertyValueSpecification","valueRequired":true,"valueName":"search_term_string"}}],"inLanguage":"es"},{"@type":"Organization","@id":"https:\/\/www.matinspired.com\/es\/#organization","name":"MATinspired B.V.","url":"https:\/\/www.matinspired.com\/es\/","logo":{"@type":"ImageObject","inLanguage":"es","@id":"https:\/\/www.matinspired.com\/es\/#\/schema\/logo\/image\/","url":"https:\/\/www.matinspired.com\/wp-content\/uploads\/2023\/03\/LogoMATinspiredPO-696x969-1.jpg","contentUrl":"https:\/\/www.matinspired.com\/wp-content\/uploads\/2023\/03\/LogoMATinspiredPO-696x969-1.jpg","width":696,"height":696,"caption":"MATinspired B.V."},"image":{"@id":"https:\/\/www.matinspired.com\/es\/#\/schema\/logo\/image\/"},"sameAs":["https:\/\/x.com\/MATinspired"]}]}},"jetpack_sharing_enabled":true,"_links":{"self":[{"href":"https:\/\/www.matinspired.com\/es\/wp-json\/wp\/v2\/pages\/69302","targetHints":{"allow":["GET"]}}],"collection":[{"href":"https:\/\/www.matinspired.com\/es\/wp-json\/wp\/v2\/pages"}],"about":[{"href":"https:\/\/www.matinspired.com\/es\/wp-json\/wp\/v2\/types\/page"}],"author":[{"embeddable":true,"href":"https:\/\/www.matinspired.com\/es\/wp-json\/wp\/v2\/users\/3"}],"replies":[{"embeddable":true,"href":"https:\/\/www.matinspired.com\/es\/wp-json\/wp\/v2\/comments?post=69302"}],"version-history":[{"count":6,"href":"https:\/\/www.matinspired.com\/es\/wp-json\/wp\/v2\/pages\/69302\/revisions"}],"predecessor-version":[{"id":74909,"href":"https:\/\/www.matinspired.com\/es\/wp-json\/wp\/v2\/pages\/69302\/revisions\/74909"}],"wp:attachment":[{"href":"https:\/\/www.matinspired.com\/es\/wp-json\/wp\/v2\/media?parent=69302"}],"curies":[{"name":"wp","href":"https:\/\/api.w.org\/{rel}","templated":true}]}}