{"id":64417,"date":"2025-01-24T11:28:27","date_gmt":"2025-01-24T10:28:27","guid":{"rendered":"https:\/\/www.matinspired.com\/stainless-steel-weld-test-kit-tk04\/"},"modified":"2026-02-11T14:33:35","modified_gmt":"2026-02-11T13:33:35","slug":"kit-prueba-soldadura-acero-inox-tk04","status":"publish","type":"page","link":"https:\/\/www.matinspired.com\/es\/kit-prueba-soldadura-acero-inox-tk04\/","title":{"rendered":"Kit de Prueba de Macrograbado de Soldadura de Acero Inoxidable \u2013 TK04"},"content":{"rendered":"\r\n<h1><strong>Kit de Prueba de Macrograbado de Soldadura de Acero Inoxidable &#8211; TK04<\/strong><\/h1>\r\n<p>&nbsp;<\/p>\r\n<p><img decoding=\"async\" src=\"https:\/\/www.matinspired.com\/wp-content\/plugins\/bb-plugin\/img\/pixel.png\" alt=\"\" \/><\/p>\r\n<h2><strong>Soldadura de acero inoxidable<br \/><\/strong><strong>Kit de prueba de macrograbado &#8211; TK04<br \/><\/strong><em><strong><br \/><\/strong><\/em><\/h2>\r\n<p>Se trata de un kit de prueba profesional para el grabado<br \/>macrosc\u00f3pico seguro, r\u00e1pido y sencillo de secciones<br \/>transversales de soldaduras de acero inoxidable para<br \/>su inspecci\u00f3n interna. Permite determinar f\u00e1cilmente<br \/>la profundidad y la calidad de la soldadura. Este kit es<br \/>adecuado para acero inoxidable, pero tambi\u00e9n funciona<br \/>con acero de baja aleaci\u00f3n. Con este kit puede realizar unos 40 macrograbados<br \/>de soldaduras de acero inoxidable.<\/p>\r\n<p>Este kit contiene l\u00edquidos de grabado, un electrodo (seguro) con portapilas que incluye la pila, bastoncillos de algod\u00f3n para aplicar el l\u00edquido de grabado, papel de lija, guantes de seguridad, un manual y fichas de seguridad.<\/p>\r\n<p>Tambi\u00e9n hay disponibles juegos de recambio (art\u00edculo TK04RF).<\/p>\r\n<h3><strong>Utilizaci\u00f3n<\/strong><\/h3>\r\n<p>La uni\u00f3n soldada debe cortarse o aserrarse de forma independiente. A continuaci\u00f3n, el cord\u00f3n de soldadura debe lijarse plano a mano con el papel de lija de este kit. En caso necesario, tambi\u00e9n puede utilizarse para este fin el kit de lijado y pulido mec\u00e1nico (art\u00edculo TK02). A continuaci\u00f3n, puede electrograbarse de forma segura con el l\u00edquido grabador y las herramientas del kit. A continuaci\u00f3n, se puede evaluar visualmente la calidad del cord\u00f3n de soldadura.<\/p>\r\n<p>Las ventajas de este kit son:<\/p>\r\n<ol>\r\n<li><strong>F\u00e1cil y r\u00e1pido<\/strong>: El l\u00edquido es f\u00e1cil y r\u00e1pido de aplicar con este kit, con lo que se obtienen resultados r\u00e1pidos.<\/li>\r\n<li><strong>Seguro:<\/strong> Se incluyen fichas de seguridad y manual para trabajar de forma segura con los l\u00edquidos de grabado.<\/li>\r\n<li><strong>Larga vida \u00fatil:<\/strong> los l\u00edquidos de prueba tienen una vida \u00fatil de a\u00f1os, por lo que puede utilizar este kit de prueba siempre que lo desee.<\/li>\r\n<\/ol>\r\n<p><img loading=\"lazy\" decoding=\"async\" title=\"TK04ENWIT\" src=\"https:\/\/www.matinspired.com\/wp-content\/uploads\/2025\/01\/TK04ENWIT-1.jpg\" alt=\"TK04ENWIT\" width=\"2000\" height=\"1333\" \/> <a href=\"https:\/\/www.matinspired.com\/es\/solicitud-de-presupuesto\/?artikel=TK04%20-%20Kit%20de%20Prueba%20de%20Macrograbado%20de%20Soldadura%20de%20Acero%20Inoxidable&#038;aantal-other=1\" target=\"_self\"> Solicitud de presupuesto <\/a><\/p>\r\n<p><em>El pedido s\u00f3lo es posible para empresas. Recibir\u00e1 nuestro presupuesto por correo electr\u00f3nico en uno o dos d\u00edas laborables. Una vez aceptado el presupuesto, le enviaremos el kit de pruebas lo antes posible.<\/em><\/p>\r\n<p><iframe loading=\"lazy\" title=\"Video Instruccional Matinspired Kit de macrograbado para soldaduras de acero inoxidable TK04\" src=\"https:\/\/www.youtube.com\/embed\/qtlwfP4AlvI?feature=oembed\" width=\"640\" height=\"360\" frameborder=\"0\" allowfullscreen=\"allowfullscreen\"><\/iframe> <img loading=\"lazy\" decoding=\"async\" title=\"IMG_6718-watermerk\" src=\"https:\/\/www.matinspired.com\/wp-content\/uploads\/2025\/01\/IMG_6718-watermerk.jpg\" alt=\"IMG_6718-watermerk\" width=\"2000\" height=\"1333\" \/><\/p>\r\n<p><i> Descargo de responsabilidad<br \/>\nAunque este producto se ha elaborado con el m\u00e1ximo cuidado, MATinspired B.V. no se hace responsable de los da\u00f1os derivados del uso o del contacto con el producto. Este m\u00e9todo de medici\u00f3n es s\u00f3lo una indicaci\u00f3n, y MATinspired B.V. no es responsable de los resultados de las pruebas. <\/i><\/p>\n\r\n<p>&nbsp;<\/p>\r\n<p>&nbsp;<\/p>\r\n","protected":false},"excerpt":{"rendered":"<p>Kit de Prueba de Macrograbado de Soldadura de Acero Inoxidable &#8211; TK04 &nbsp; Soldadura de acero inoxidableKit de prueba de macrograbado &#8211; TK04 Se trata de un kit de prueba profesional para el grabadomacrosc\u00f3pico seguro, r\u00e1pido y sencillo de seccionestransversales de soldaduras de acero inoxidable parasu inspecci\u00f3n interna. Permite determinar f\u00e1cilmentela profundidad y la calidad&#8230;<\/p>\n","protected":false},"author":3,"featured_media":0,"parent":0,"menu_order":0,"comment_status":"closed","ping_status":"closed","template":"","meta":{"footnotes":""},"class_list":["post-64417","page","type-page","status-publish","hentry"],"yoast_head":"<!-- This site is optimized with the Yoast SEO plugin v27.2 - https:\/\/yoast.com\/product\/yoast-seo-wordpress\/ -->\n<title>Kit de Macrograbado de Soldadura Inoxidable \u2013 TK04<\/title>\n<meta name=\"description\" content=\"Un kit de prueba profesional para el grabado macrosc\u00f3pico de secciones transversales de soldaduras de acero inoxidable, que permite una inspecci\u00f3n del material segura, r\u00e1pida y precisa.\" \/>\n<meta name=\"robots\" content=\"index, follow, max-snippet:-1, max-image-preview:large, max-video-preview:-1\" \/>\n<link rel=\"canonical\" href=\"https:\/\/www.matinspired.com\/es\/kit-prueba-soldadura-acero-inox-tk04\/\" \/>\n<meta property=\"og:locale\" content=\"es_ES\" \/>\n<meta property=\"og:type\" content=\"article\" \/>\n<meta property=\"og:title\" content=\"Kit de Macrograbado de Soldadura Inoxidable \u2013 TK04\" \/>\n<meta property=\"og:description\" content=\"Un kit de prueba profesional para el grabado macrosc\u00f3pico de secciones transversales de soldaduras de acero inoxidable, que permite una inspecci\u00f3n del material segura, r\u00e1pida y precisa.\" \/>\n<meta property=\"og:url\" content=\"https:\/\/www.matinspired.com\/es\/kit-prueba-soldadura-acero-inox-tk04\/\" \/>\n<meta property=\"og:site_name\" content=\"Matinspired.com\" \/>\n<meta property=\"article:modified_time\" content=\"2026-02-11T13:33:35+00:00\" \/>\n<meta property=\"og:image\" content=\"https:\/\/www.matinspired.com\/wp-content\/plugins\/bb-plugin\/img\/pixel.png\" \/>\n<meta name=\"twitter:card\" content=\"summary_large_image\" \/>\n<meta name=\"twitter:site\" content=\"@MATinspired\" \/>\n<meta name=\"twitter:label1\" content=\"Tiempo de lectura\" \/>\n\t<meta name=\"twitter:data1\" content=\"3 minutos\" \/>\n<script type=\"application\/ld+json\" class=\"yoast-schema-graph\">{\"@context\":\"https:\/\/schema.org\",\"@graph\":[{\"@type\":\"WebPage\",\"@id\":\"https:\/\/www.matinspired.com\/es\/kit-prueba-soldadura-acero-inox-tk04\/\",\"url\":\"https:\/\/www.matinspired.com\/es\/kit-prueba-soldadura-acero-inox-tk04\/\",\"name\":\"Kit de Macrograbado de Soldadura Inoxidable \u2013 TK04\",\"isPartOf\":{\"@id\":\"https:\/\/www.matinspired.com\/es\/#website\"},\"primaryImageOfPage\":{\"@id\":\"https:\/\/www.matinspired.com\/es\/kit-prueba-soldadura-acero-inox-tk04\/#primaryimage\"},\"image\":{\"@id\":\"https:\/\/www.matinspired.com\/es\/kit-prueba-soldadura-acero-inox-tk04\/#primaryimage\"},\"thumbnailUrl\":\"https:\/\/www.matinspired.com\/wp-content\/plugins\/bb-plugin\/img\/pixel.png\",\"datePublished\":\"2025-01-24T10:28:27+00:00\",\"dateModified\":\"2026-02-11T13:33:35+00:00\",\"description\":\"Un kit de prueba profesional para el grabado macrosc\u00f3pico de secciones transversales de soldaduras de acero inoxidable, que permite una inspecci\u00f3n del material segura, r\u00e1pida y precisa.\",\"breadcrumb\":{\"@id\":\"https:\/\/www.matinspired.com\/es\/kit-prueba-soldadura-acero-inox-tk04\/#breadcrumb\"},\"inLanguage\":\"es\",\"potentialAction\":[{\"@type\":\"ReadAction\",\"target\":[\"https:\/\/www.matinspired.com\/es\/kit-prueba-soldadura-acero-inox-tk04\/\"]}]},{\"@type\":\"ImageObject\",\"inLanguage\":\"es\",\"@id\":\"https:\/\/www.matinspired.com\/es\/kit-prueba-soldadura-acero-inox-tk04\/#primaryimage\",\"url\":\"https:\/\/www.matinspired.com\/wp-content\/plugins\/bb-plugin\/img\/pixel.png\",\"contentUrl\":\"https:\/\/www.matinspired.com\/wp-content\/plugins\/bb-plugin\/img\/pixel.png\"},{\"@type\":\"BreadcrumbList\",\"@id\":\"https:\/\/www.matinspired.com\/es\/kit-prueba-soldadura-acero-inox-tk04\/#breadcrumb\",\"itemListElement\":[{\"@type\":\"ListItem\",\"position\":1,\"name\":\"Home\",\"item\":\"https:\/\/www.matinspired.com\/es\/\"},{\"@type\":\"ListItem\",\"position\":2,\"name\":\"Kit de Prueba de Macrograbado de Soldadura de Acero Inoxidable \u2013 TK04\"}]},{\"@type\":\"WebSite\",\"@id\":\"https:\/\/www.matinspired.com\/es\/#website\",\"url\":\"https:\/\/www.matinspired.com\/es\/\",\"name\":\"Matinspired.com\",\"description\":\"Chromium-6 test kits and more\",\"publisher\":{\"@id\":\"https:\/\/www.matinspired.com\/es\/#organization\"},\"potentialAction\":[{\"@type\":\"SearchAction\",\"target\":{\"@type\":\"EntryPoint\",\"urlTemplate\":\"https:\/\/www.matinspired.com\/es\/?s={search_term_string}\"},\"query-input\":{\"@type\":\"PropertyValueSpecification\",\"valueRequired\":true,\"valueName\":\"search_term_string\"}}],\"inLanguage\":\"es\"},{\"@type\":\"Organization\",\"@id\":\"https:\/\/www.matinspired.com\/es\/#organization\",\"name\":\"MATinspired B.V.\",\"url\":\"https:\/\/www.matinspired.com\/es\/\",\"logo\":{\"@type\":\"ImageObject\",\"inLanguage\":\"es\",\"@id\":\"https:\/\/www.matinspired.com\/es\/#\/schema\/logo\/image\/\",\"url\":\"https:\/\/www.matinspired.com\/wp-content\/uploads\/2023\/03\/LogoMATinspiredPO-696x969-1.jpg\",\"contentUrl\":\"https:\/\/www.matinspired.com\/wp-content\/uploads\/2023\/03\/LogoMATinspiredPO-696x969-1.jpg\",\"width\":696,\"height\":696,\"caption\":\"MATinspired B.V.\"},\"image\":{\"@id\":\"https:\/\/www.matinspired.com\/es\/#\/schema\/logo\/image\/\"},\"sameAs\":[\"https:\/\/x.com\/MATinspired\"]}]}<\/script>\n<!-- \/ Yoast SEO plugin. -->","yoast_head_json":{"title":"Kit de Macrograbado de Soldadura Inoxidable \u2013 TK04","description":"Un kit de prueba profesional para el grabado macrosc\u00f3pico de secciones transversales de soldaduras de acero inoxidable, que permite una inspecci\u00f3n del material segura, r\u00e1pida y precisa.","robots":{"index":"index","follow":"follow","max-snippet":"max-snippet:-1","max-image-preview":"max-image-preview:large","max-video-preview":"max-video-preview:-1"},"canonical":"https:\/\/www.matinspired.com\/es\/kit-prueba-soldadura-acero-inox-tk04\/","og_locale":"es_ES","og_type":"article","og_title":"Kit de Macrograbado de Soldadura Inoxidable \u2013 TK04","og_description":"Un kit de prueba profesional para el grabado macrosc\u00f3pico de secciones transversales de soldaduras de acero inoxidable, que permite una inspecci\u00f3n del material segura, r\u00e1pida y precisa.","og_url":"https:\/\/www.matinspired.com\/es\/kit-prueba-soldadura-acero-inox-tk04\/","og_site_name":"Matinspired.com","article_modified_time":"2026-02-11T13:33:35+00:00","og_image":[{"url":"https:\/\/www.matinspired.com\/wp-content\/plugins\/bb-plugin\/img\/pixel.png","type":"","width":"","height":""}],"twitter_card":"summary_large_image","twitter_site":"@MATinspired","twitter_misc":{"Tiempo de lectura":"3 minutos"},"schema":{"@context":"https:\/\/schema.org","@graph":[{"@type":"WebPage","@id":"https:\/\/www.matinspired.com\/es\/kit-prueba-soldadura-acero-inox-tk04\/","url":"https:\/\/www.matinspired.com\/es\/kit-prueba-soldadura-acero-inox-tk04\/","name":"Kit de Macrograbado de Soldadura Inoxidable \u2013 TK04","isPartOf":{"@id":"https:\/\/www.matinspired.com\/es\/#website"},"primaryImageOfPage":{"@id":"https:\/\/www.matinspired.com\/es\/kit-prueba-soldadura-acero-inox-tk04\/#primaryimage"},"image":{"@id":"https:\/\/www.matinspired.com\/es\/kit-prueba-soldadura-acero-inox-tk04\/#primaryimage"},"thumbnailUrl":"https:\/\/www.matinspired.com\/wp-content\/plugins\/bb-plugin\/img\/pixel.png","datePublished":"2025-01-24T10:28:27+00:00","dateModified":"2026-02-11T13:33:35+00:00","description":"Un kit de prueba profesional para el grabado macrosc\u00f3pico de secciones transversales de soldaduras de acero inoxidable, que permite una inspecci\u00f3n del material segura, r\u00e1pida y precisa.","breadcrumb":{"@id":"https:\/\/www.matinspired.com\/es\/kit-prueba-soldadura-acero-inox-tk04\/#breadcrumb"},"inLanguage":"es","potentialAction":[{"@type":"ReadAction","target":["https:\/\/www.matinspired.com\/es\/kit-prueba-soldadura-acero-inox-tk04\/"]}]},{"@type":"ImageObject","inLanguage":"es","@id":"https:\/\/www.matinspired.com\/es\/kit-prueba-soldadura-acero-inox-tk04\/#primaryimage","url":"https:\/\/www.matinspired.com\/wp-content\/plugins\/bb-plugin\/img\/pixel.png","contentUrl":"https:\/\/www.matinspired.com\/wp-content\/plugins\/bb-plugin\/img\/pixel.png"},{"@type":"BreadcrumbList","@id":"https:\/\/www.matinspired.com\/es\/kit-prueba-soldadura-acero-inox-tk04\/#breadcrumb","itemListElement":[{"@type":"ListItem","position":1,"name":"Home","item":"https:\/\/www.matinspired.com\/es\/"},{"@type":"ListItem","position":2,"name":"Kit de Prueba de Macrograbado de Soldadura de Acero Inoxidable \u2013 TK04"}]},{"@type":"WebSite","@id":"https:\/\/www.matinspired.com\/es\/#website","url":"https:\/\/www.matinspired.com\/es\/","name":"Matinspired.com","description":"Chromium-6 test kits and more","publisher":{"@id":"https:\/\/www.matinspired.com\/es\/#organization"},"potentialAction":[{"@type":"SearchAction","target":{"@type":"EntryPoint","urlTemplate":"https:\/\/www.matinspired.com\/es\/?s={search_term_string}"},"query-input":{"@type":"PropertyValueSpecification","valueRequired":true,"valueName":"search_term_string"}}],"inLanguage":"es"},{"@type":"Organization","@id":"https:\/\/www.matinspired.com\/es\/#organization","name":"MATinspired B.V.","url":"https:\/\/www.matinspired.com\/es\/","logo":{"@type":"ImageObject","inLanguage":"es","@id":"https:\/\/www.matinspired.com\/es\/#\/schema\/logo\/image\/","url":"https:\/\/www.matinspired.com\/wp-content\/uploads\/2023\/03\/LogoMATinspiredPO-696x969-1.jpg","contentUrl":"https:\/\/www.matinspired.com\/wp-content\/uploads\/2023\/03\/LogoMATinspiredPO-696x969-1.jpg","width":696,"height":696,"caption":"MATinspired B.V."},"image":{"@id":"https:\/\/www.matinspired.com\/es\/#\/schema\/logo\/image\/"},"sameAs":["https:\/\/x.com\/MATinspired"]}]}},"jetpack_sharing_enabled":true,"_links":{"self":[{"href":"https:\/\/www.matinspired.com\/es\/wp-json\/wp\/v2\/pages\/64417","targetHints":{"allow":["GET"]}}],"collection":[{"href":"https:\/\/www.matinspired.com\/es\/wp-json\/wp\/v2\/pages"}],"about":[{"href":"https:\/\/www.matinspired.com\/es\/wp-json\/wp\/v2\/types\/page"}],"author":[{"embeddable":true,"href":"https:\/\/www.matinspired.com\/es\/wp-json\/wp\/v2\/users\/3"}],"replies":[{"embeddable":true,"href":"https:\/\/www.matinspired.com\/es\/wp-json\/wp\/v2\/comments?post=64417"}],"version-history":[{"count":6,"href":"https:\/\/www.matinspired.com\/es\/wp-json\/wp\/v2\/pages\/64417\/revisions"}],"predecessor-version":[{"id":72990,"href":"https:\/\/www.matinspired.com\/es\/wp-json\/wp\/v2\/pages\/64417\/revisions\/72990"}],"wp:attachment":[{"href":"https:\/\/www.matinspired.com\/es\/wp-json\/wp\/v2\/media?parent=64417"}],"curies":[{"name":"wp","href":"https:\/\/api.w.org\/{rel}","templated":true}]}}