{"id":415,"date":"2020-10-26T12:28:34","date_gmt":"2020-10-26T11:28:34","guid":{"rendered":"https:\/\/www.matinspired.com\/about-us\/"},"modified":"2026-04-02T13:09:25","modified_gmt":"2026-04-02T11:09:25","slug":"sobre-nosotros","status":"publish","type":"page","link":"https:\/\/www.matinspired.com\/es\/sobre-nosotros\/","title":{"rendered":"Sobre nosotros"},"content":{"rendered":"\n\n\t<h1><strong>Sobre nosotros<\/strong><\/h1>\n<p>&nbsp;<\/p>\n\t<p>Trabajar con seguridad es importante para todos. Las pruebas r\u00e1pidas de MATinspired para la identificaci\u00f3n y detecci\u00f3n de una variedad de sustancias qu\u00edmicas contribuyen a un entorno de trabajo m\u00e1s limpio y seguro.<\/p>\n<p>Hemos desarrollado varios kits de prueba internos que puede utilizar usted mismo. Con estos kits de pruebas, puede identificar f\u00e1cilmente las sustancias sin la intervenci\u00f3n de un laboratorio externo y, a continuaci\u00f3n, tomar las medidas necesarias para trabajar con seguridad. Por ejemplo, disponemos de kits de pruebas para sustancias t\u00f3xicas como el cromo-6 y el plomo, pero tambi\u00e9n para la identificaci\u00f3n de diferentes tipos de metal y para comprobar la calidad de las soldaduras.<\/p>\n\t\t\t<a href=\"https:\/\/www.matinspired.com\/es\/webshop\/\"  target=\"_self\">\n\t\t\t\t\t\tNuestros kits de prueba\n\t\t\t\t\t<\/a>\n\tNuestros kits de prueba son adecuados para su uso en la construcci\u00f3n, la industria, las empresas de pintura, las empresas metal\u00fargicas<br \/>\ny mantenimiento de turbinas de gas, por nombrar algunas aplicaciones.\n\t<h2><strong> Acerca de MATinspired <\/strong><img loading=\"lazy\" decoding=\"async\" src=\"https:\/\/www.matinspired.com\/wp-content\/uploads\/2021\/12\/IMG_8025-website-3-300x214.jpg\" alt=\"\" width=\"300\" height=\"214\" \/><\/h2>\n<p>MATinspired B.V. desarrolla y vende kits de prueba que permiten a las organizaciones llevar a cabo su propia investigaci\u00f3n de materiales. \u00abLas peque\u00f1as y medianas empresas no suelen disponer de un experto propio en la materia. En ese caso, es muy conveniente poder comprobar in situ por uno mismo si una soldadura se ha colocado correctamente y si su material contiene sustancias t\u00f3xicas\u00bb, dice el fundador e ingeniero f\u00edsico Niels Kuijpers.<\/p>\n<p>&nbsp;<\/p>\n<strong>Trabajar de forma independiente<\/strong><br \/>\nMATinspired tiene su propio laboratorio en la puerta 2 de Rijen (Pa\u00edses Bajos). \u00abNuestro propio laboratorio cumple todos los requisitos que cabe esperar de un laboratorio. Gracias a ello, somos flexibles, podemos cambiar r\u00e1pidamente y trabajar de forma independiente\u00bb.\n<strong>Pruebas llave en mano<\/strong><br \/>\n\u00abIncluso si no se es experto en ciencia de materiales, se pueden realizar muy bien estas pruebas\u00bb, dice sobre los kits de pruebas para diversos metales y compuestos (t\u00f3xicos). \u00abLo \u00fanico que hay que hacer es seguir los pasos. Comp\u00e1relo con una comida pre-elaborada: todos los ingredientes est\u00e1n perfectamente equilibrados. Lo \u00fanico que hay que hacer es prepararla\u00bb.\n<strong>Innovaci\u00f3n<\/strong><br \/>\nMATinspired sigue desarroll\u00e1ndose, innovando y satisfaciendo las demandas del mercado. Nos esforzamos por ofrecer una amplia gama de kits de pruebas para la identificaci\u00f3n y detecci\u00f3n de diversas sustancias qu\u00edmicas.\n<p>&nbsp;<\/p>\n<p>&nbsp;<\/p>\n\t<p><img loading=\"lazy\" decoding=\"async\" src=\"http:\/\/matinspired.com\/wp-content\/uploads\/2020\/11\/Untitled-3-238x300.png\" alt=\"\" width=\"70\" height=\"89\" \/><\/p>\n<p><strong>Fiabilidad<\/strong><\/p>\n<p>Nuestros kits de prueba tienen un alto grado de precisi\u00f3n y fiabilidad. Por ejemplo, los kits de prueba de cromo 6 cumplen con varias directivas europeas, como la directiva RoHS y la legislaci\u00f3n REACH.<\/p>\n\t<p><img loading=\"lazy\" decoding=\"async\" src=\"http:\/\/matinspired.com\/wp-content\/uploads\/2020\/11\/Logo-2-238x300.png\" alt=\"\" width=\"70\" height=\"89\" \/><\/p>\n<strong>Pruebas seguras y sencillas por usted mismo<br \/>\n<\/strong>Usted mismo puede realizar la prueba de forma f\u00e1cil y r\u00e1pida in situ, y ver\u00e1 el resultado inmediatamente. Esto contrasta con las pruebas de laboratorio externas, en las que hay que esperar unos d\u00edas para obtener los resultados de la prueba.\n\t<p><img loading=\"lazy\" decoding=\"async\" src=\"http:\/\/matinspired.com\/wp-content\/uploads\/2020\/11\/Logo-3-238x300.png\" alt=\"\" width=\"70\" height=\"88\" \/><\/p>\n<p><strong>Entrega r\u00e1pida a todo el mundo<\/strong><\/p>\n<p>Realizamos entregas desde los Pa\u00edses Bajos. Tras la solicitud de un presupuesto a trav\u00e9s de esta p\u00e1gina web, recibir\u00e1 un presupuesto y, tras su aprobaci\u00f3n, nos pondremos a trabajar inmediatamente para usted. Recibir\u00e1 los kits de pruebas en pocos d\u00edas laborables (dependiendo del pa\u00eds desde el que se haya realizado el pedido).<\/p>\n\t<p><img loading=\"lazy\" decoding=\"async\" src=\"http:\/\/matinspired.com\/wp-content\/uploads\/2020\/11\/Logo-4-238x300.png\" alt=\"\" width=\"70\" height=\"88\" \/><\/p>\n<strong>Desarrollo interno<br \/>\n<\/strong>\n<p>Los kits de pruebas se desarrollan y producen internamente. De este modo, el proceso de desarrollo y el control de calidad est\u00e1n en nuestras manos. La calidad de nuestros productos se mejora continuamente.<\/p>\n<figure itemscope itemtype=\"https:\/\/schema.org\/ImageObject\">\n\t\t\t\t<img decoding=\"async\" src=\"https:\/\/www.matinspired.com\/wp-content\/uploads\/2022\/01\/Overview-G-4-scaled.jpg\" alt=\"Overview G\" height=\"1707\" width=\"2560\" title=\"Overview G\" onerror=\"this.style.display='none'\" loading=\"lazy\" \/>\n\t<\/figure>\n\n","protected":false},"excerpt":{"rendered":"<p>Sobre nosotros &nbsp; Trabajar con seguridad es importante para todos. Las pruebas r\u00e1pidas de MATinspired para la identificaci\u00f3n y detecci\u00f3n de una variedad de sustancias qu\u00edmicas contribuyen a un entorno de trabajo m\u00e1s limpio y seguro. Hemos desarrollado varios kits de prueba internos que puede utilizar usted mismo. Con estos kits de pruebas, puede identificar&#8230;<\/p>\n","protected":false},"author":3,"featured_media":0,"parent":0,"menu_order":0,"comment_status":"closed","ping_status":"closed","template":"","meta":{"footnotes":""},"class_list":["post-415","page","type-page","status-publish","hentry"],"yoast_head":"<!-- This site is optimized with the Yoast SEO plugin v27.2 - https:\/\/yoast.com\/product\/yoast-seo-wordpress\/ -->\n<title>Sobre nosotros - Matinspired.com<\/title>\n<meta name=\"description\" content=\"Sobre nosotros: MATinspired tiene muchos conocimientos sobre la ciencia de los materiales y el an\u00e1lisis de fallos. Tambi\u00e9n desarrollamos kits de prueba e impartimos talleres.\" \/>\n<meta name=\"robots\" content=\"index, follow, max-snippet:-1, max-image-preview:large, max-video-preview:-1\" \/>\n<link rel=\"canonical\" href=\"https:\/\/www.matinspired.com\/es\/sobre-nosotros\/\" \/>\n<meta property=\"og:locale\" content=\"es_ES\" \/>\n<meta property=\"og:type\" content=\"article\" \/>\n<meta property=\"og:title\" content=\"Sobre nosotros - Matinspired.com\" \/>\n<meta property=\"og:description\" content=\"Sobre nosotros: MATinspired tiene muchos conocimientos sobre la ciencia de los materiales y el an\u00e1lisis de fallos. Tambi\u00e9n desarrollamos kits de prueba e impartimos talleres.\" \/>\n<meta property=\"og:url\" content=\"https:\/\/www.matinspired.com\/es\/sobre-nosotros\/\" \/>\n<meta property=\"og:site_name\" content=\"Matinspired.com\" \/>\n<meta property=\"article:modified_time\" content=\"2026-04-02T11:09:25+00:00\" \/>\n<meta property=\"og:image\" content=\"https:\/\/www.matinspired.com\/wp-content\/uploads\/2021\/12\/IMG_8025-website-3-300x214.jpg\" \/>\n<meta name=\"twitter:card\" content=\"summary_large_image\" \/>\n<meta name=\"twitter:site\" content=\"@MATinspired\" \/>\n<meta name=\"twitter:label1\" content=\"Tiempo de lectura\" \/>\n\t<meta name=\"twitter:data1\" content=\"4 minutos\" \/>\n<script type=\"application\/ld+json\" class=\"yoast-schema-graph\">{\"@context\":\"https:\/\/schema.org\",\"@graph\":[{\"@type\":\"WebPage\",\"@id\":\"https:\/\/www.matinspired.com\/es\/sobre-nosotros\/\",\"url\":\"https:\/\/www.matinspired.com\/es\/sobre-nosotros\/\",\"name\":\"Sobre nosotros - Matinspired.com\",\"isPartOf\":{\"@id\":\"https:\/\/www.matinspired.com\/es\/#website\"},\"primaryImageOfPage\":{\"@id\":\"https:\/\/www.matinspired.com\/es\/sobre-nosotros\/#primaryimage\"},\"image\":{\"@id\":\"https:\/\/www.matinspired.com\/es\/sobre-nosotros\/#primaryimage\"},\"thumbnailUrl\":\"https:\/\/www.matinspired.com\/wp-content\/uploads\/2021\/12\/IMG_8025-website-3-300x214.jpg\",\"datePublished\":\"2020-10-26T11:28:34+00:00\",\"dateModified\":\"2026-04-02T11:09:25+00:00\",\"description\":\"Sobre nosotros: MATinspired tiene muchos conocimientos sobre la ciencia de los materiales y el an\u00e1lisis de fallos. Tambi\u00e9n desarrollamos kits de prueba e impartimos talleres.\",\"breadcrumb\":{\"@id\":\"https:\/\/www.matinspired.com\/es\/sobre-nosotros\/#breadcrumb\"},\"inLanguage\":\"es\",\"potentialAction\":[{\"@type\":\"ReadAction\",\"target\":[\"https:\/\/www.matinspired.com\/es\/sobre-nosotros\/\"]}]},{\"@type\":\"ImageObject\",\"inLanguage\":\"es\",\"@id\":\"https:\/\/www.matinspired.com\/es\/sobre-nosotros\/#primaryimage\",\"url\":\"https:\/\/www.matinspired.com\/wp-content\/uploads\/2021\/12\/IMG_8025-website-3-300x214.jpg\",\"contentUrl\":\"https:\/\/www.matinspired.com\/wp-content\/uploads\/2021\/12\/IMG_8025-website-3-300x214.jpg\"},{\"@type\":\"BreadcrumbList\",\"@id\":\"https:\/\/www.matinspired.com\/es\/sobre-nosotros\/#breadcrumb\",\"itemListElement\":[{\"@type\":\"ListItem\",\"position\":1,\"name\":\"Home\",\"item\":\"https:\/\/www.matinspired.com\/es\/\"},{\"@type\":\"ListItem\",\"position\":2,\"name\":\"Sobre nosotros\"}]},{\"@type\":\"WebSite\",\"@id\":\"https:\/\/www.matinspired.com\/es\/#website\",\"url\":\"https:\/\/www.matinspired.com\/es\/\",\"name\":\"Matinspired.com\",\"description\":\"Chromium-6 test kits and more\",\"publisher\":{\"@id\":\"https:\/\/www.matinspired.com\/es\/#organization\"},\"potentialAction\":[{\"@type\":\"SearchAction\",\"target\":{\"@type\":\"EntryPoint\",\"urlTemplate\":\"https:\/\/www.matinspired.com\/es\/?s={search_term_string}\"},\"query-input\":{\"@type\":\"PropertyValueSpecification\",\"valueRequired\":true,\"valueName\":\"search_term_string\"}}],\"inLanguage\":\"es\"},{\"@type\":\"Organization\",\"@id\":\"https:\/\/www.matinspired.com\/es\/#organization\",\"name\":\"MATinspired B.V.\",\"url\":\"https:\/\/www.matinspired.com\/es\/\",\"logo\":{\"@type\":\"ImageObject\",\"inLanguage\":\"es\",\"@id\":\"https:\/\/www.matinspired.com\/es\/#\/schema\/logo\/image\/\",\"url\":\"https:\/\/www.matinspired.com\/wp-content\/uploads\/2023\/03\/LogoMATinspiredPO-696x969-1.jpg\",\"contentUrl\":\"https:\/\/www.matinspired.com\/wp-content\/uploads\/2023\/03\/LogoMATinspiredPO-696x969-1.jpg\",\"width\":696,\"height\":696,\"caption\":\"MATinspired B.V.\"},\"image\":{\"@id\":\"https:\/\/www.matinspired.com\/es\/#\/schema\/logo\/image\/\"},\"sameAs\":[\"https:\/\/x.com\/MATinspired\"]}]}<\/script>\n<!-- \/ Yoast SEO plugin. -->","yoast_head_json":{"title":"Sobre nosotros - Matinspired.com","description":"Sobre nosotros: MATinspired tiene muchos conocimientos sobre la ciencia de los materiales y el an\u00e1lisis de fallos. Tambi\u00e9n desarrollamos kits de prueba e impartimos talleres.","robots":{"index":"index","follow":"follow","max-snippet":"max-snippet:-1","max-image-preview":"max-image-preview:large","max-video-preview":"max-video-preview:-1"},"canonical":"https:\/\/www.matinspired.com\/es\/sobre-nosotros\/","og_locale":"es_ES","og_type":"article","og_title":"Sobre nosotros - Matinspired.com","og_description":"Sobre nosotros: MATinspired tiene muchos conocimientos sobre la ciencia de los materiales y el an\u00e1lisis de fallos. Tambi\u00e9n desarrollamos kits de prueba e impartimos talleres.","og_url":"https:\/\/www.matinspired.com\/es\/sobre-nosotros\/","og_site_name":"Matinspired.com","article_modified_time":"2026-04-02T11:09:25+00:00","og_image":[{"url":"https:\/\/www.matinspired.com\/wp-content\/uploads\/2021\/12\/IMG_8025-website-3-300x214.jpg","type":"","width":"","height":""}],"twitter_card":"summary_large_image","twitter_site":"@MATinspired","twitter_misc":{"Tiempo de lectura":"4 minutos"},"schema":{"@context":"https:\/\/schema.org","@graph":[{"@type":"WebPage","@id":"https:\/\/www.matinspired.com\/es\/sobre-nosotros\/","url":"https:\/\/www.matinspired.com\/es\/sobre-nosotros\/","name":"Sobre nosotros - Matinspired.com","isPartOf":{"@id":"https:\/\/www.matinspired.com\/es\/#website"},"primaryImageOfPage":{"@id":"https:\/\/www.matinspired.com\/es\/sobre-nosotros\/#primaryimage"},"image":{"@id":"https:\/\/www.matinspired.com\/es\/sobre-nosotros\/#primaryimage"},"thumbnailUrl":"https:\/\/www.matinspired.com\/wp-content\/uploads\/2021\/12\/IMG_8025-website-3-300x214.jpg","datePublished":"2020-10-26T11:28:34+00:00","dateModified":"2026-04-02T11:09:25+00:00","description":"Sobre nosotros: MATinspired tiene muchos conocimientos sobre la ciencia de los materiales y el an\u00e1lisis de fallos. Tambi\u00e9n desarrollamos kits de prueba e impartimos talleres.","breadcrumb":{"@id":"https:\/\/www.matinspired.com\/es\/sobre-nosotros\/#breadcrumb"},"inLanguage":"es","potentialAction":[{"@type":"ReadAction","target":["https:\/\/www.matinspired.com\/es\/sobre-nosotros\/"]}]},{"@type":"ImageObject","inLanguage":"es","@id":"https:\/\/www.matinspired.com\/es\/sobre-nosotros\/#primaryimage","url":"https:\/\/www.matinspired.com\/wp-content\/uploads\/2021\/12\/IMG_8025-website-3-300x214.jpg","contentUrl":"https:\/\/www.matinspired.com\/wp-content\/uploads\/2021\/12\/IMG_8025-website-3-300x214.jpg"},{"@type":"BreadcrumbList","@id":"https:\/\/www.matinspired.com\/es\/sobre-nosotros\/#breadcrumb","itemListElement":[{"@type":"ListItem","position":1,"name":"Home","item":"https:\/\/www.matinspired.com\/es\/"},{"@type":"ListItem","position":2,"name":"Sobre nosotros"}]},{"@type":"WebSite","@id":"https:\/\/www.matinspired.com\/es\/#website","url":"https:\/\/www.matinspired.com\/es\/","name":"Matinspired.com","description":"Chromium-6 test kits and more","publisher":{"@id":"https:\/\/www.matinspired.com\/es\/#organization"},"potentialAction":[{"@type":"SearchAction","target":{"@type":"EntryPoint","urlTemplate":"https:\/\/www.matinspired.com\/es\/?s={search_term_string}"},"query-input":{"@type":"PropertyValueSpecification","valueRequired":true,"valueName":"search_term_string"}}],"inLanguage":"es"},{"@type":"Organization","@id":"https:\/\/www.matinspired.com\/es\/#organization","name":"MATinspired B.V.","url":"https:\/\/www.matinspired.com\/es\/","logo":{"@type":"ImageObject","inLanguage":"es","@id":"https:\/\/www.matinspired.com\/es\/#\/schema\/logo\/image\/","url":"https:\/\/www.matinspired.com\/wp-content\/uploads\/2023\/03\/LogoMATinspiredPO-696x969-1.jpg","contentUrl":"https:\/\/www.matinspired.com\/wp-content\/uploads\/2023\/03\/LogoMATinspiredPO-696x969-1.jpg","width":696,"height":696,"caption":"MATinspired B.V."},"image":{"@id":"https:\/\/www.matinspired.com\/es\/#\/schema\/logo\/image\/"},"sameAs":["https:\/\/x.com\/MATinspired"]}]}},"jetpack_sharing_enabled":true,"_links":{"self":[{"href":"https:\/\/www.matinspired.com\/es\/wp-json\/wp\/v2\/pages\/415","targetHints":{"allow":["GET"]}}],"collection":[{"href":"https:\/\/www.matinspired.com\/es\/wp-json\/wp\/v2\/pages"}],"about":[{"href":"https:\/\/www.matinspired.com\/es\/wp-json\/wp\/v2\/types\/page"}],"author":[{"embeddable":true,"href":"https:\/\/www.matinspired.com\/es\/wp-json\/wp\/v2\/users\/3"}],"replies":[{"embeddable":true,"href":"https:\/\/www.matinspired.com\/es\/wp-json\/wp\/v2\/comments?post=415"}],"version-history":[{"count":1,"href":"https:\/\/www.matinspired.com\/es\/wp-json\/wp\/v2\/pages\/415\/revisions"}],"predecessor-version":[{"id":74897,"href":"https:\/\/www.matinspired.com\/es\/wp-json\/wp\/v2\/pages\/415\/revisions\/74897"}],"wp:attachment":[{"href":"https:\/\/www.matinspired.com\/es\/wp-json\/wp\/v2\/media?parent=415"}],"curies":[{"name":"wp","href":"https:\/\/api.w.org\/{rel}","templated":true}]}}