{"id":404,"date":"2020-10-26T12:28:34","date_gmt":"2020-10-26T11:28:34","guid":{"rendered":"https:\/\/www.matinspired.com\/contact\/"},"modified":"2025-05-09T20:48:27","modified_gmt":"2025-05-09T18:48:27","slug":"contacto","status":"publish","type":"page","link":"https:\/\/www.matinspired.com\/es\/contacto\/","title":{"rendered":"Contacto"},"content":{"rendered":"\n\n\t<h1><strong>Contacto<\/strong><\/h1>\n<p>&nbsp;<\/p>\n<h3><strong>Rellene el siguiente formulario para ponerse en contacto con nosotros:<\/strong><\/h3>\n<p>Si desea solicitar un presupuesto, le responderemos m\u00e1s r\u00e1pidamente si rellena nuestro formulario de <a href=\"https:\/\/www.matinspired.com\/es\/solicitud-de-presupuesto\/\">solicitud de presupuesto.<\/a><\/p>\n<p><strong><\/strong><\/p>\n<p><\/p>\n\t\n<div class=\"wpcf7 no-js\" id=\"wpcf7-f39-o1\" lang=\"nl-NL\" dir=\"ltr\" data-wpcf7-id=\"39\">\n<div class=\"screen-reader-response\"><p role=\"status\" aria-live=\"polite\" aria-atomic=\"true\"><\/p> <ul><\/ul><\/div>\n<form action=\"\/es\/wp-json\/wp\/v2\/pages\/404#wpcf7-f39-o1\" method=\"post\" class=\"wpcf7-form init\" aria-label=\"Contactformulier\" novalidate=\"novalidate\" data-status=\"init\">\n<fieldset class=\"hidden-fields-container\"><input type=\"hidden\" name=\"_wpcf7\" value=\"39\" \/><input type=\"hidden\" name=\"_wpcf7_version\" value=\"6.1.5\" \/><input type=\"hidden\" name=\"_wpcf7_locale\" value=\"nl_NL\" \/><input type=\"hidden\" name=\"_wpcf7_unit_tag\" value=\"wpcf7-f39-o1\" \/><input type=\"hidden\" name=\"_wpcf7_container_post\" value=\"0\" \/><input type=\"hidden\" name=\"_wpcf7_posted_data_hash\" value=\"\" \/><input type=\"hidden\" name=\"_wpcf7_recaptcha_response\" value=\"\" \/>\n<\/fieldset>\n<p>Empresa *<br \/>\n<span class=\"wpcf7-form-control-wrap\" data-name=\"Bedrijfsnaam\"><input size=\"40\" maxlength=\"400\" class=\"wpcf7-form-control wpcf7-text wpcf7-validates-as-required\" aria-required=\"true\" aria-invalid=\"false\" value=\"\" type=\"text\" name=\"Bedrijfsnaam\" \/><\/span>\n<\/p>\n<p>Persona de contacto *<br \/>\n<span class=\"wpcf7-form-control-wrap\" data-name=\"your-name\"><input size=\"40\" maxlength=\"400\" class=\"wpcf7-form-control wpcf7-text wpcf7-validates-as-required\" aria-required=\"true\" aria-invalid=\"false\" value=\"\" type=\"text\" name=\"your-name\" \/><\/span>\n<\/p>\n<p>E-mail *<br \/>\n<span class=\"wpcf7-form-control-wrap\" data-name=\"your-email\"><input size=\"40\" maxlength=\"400\" class=\"wpcf7-form-control wpcf7-email wpcf7-validates-as-required wpcf7-text wpcf7-validates-as-email\" aria-required=\"true\" aria-invalid=\"false\" value=\"\" type=\"email\" name=\"your-email\" \/><\/span>\n<\/p>\n<p>Tel\u00e9fono *<br \/>\n<span class=\"wpcf7-form-control-wrap\" data-name=\"your-phone\"><input size=\"40\" maxlength=\"400\" class=\"wpcf7-form-control wpcf7-tel wpcf7-validates-as-required wpcf7-text wpcf7-validates-as-tel\" aria-required=\"true\" aria-invalid=\"false\" value=\"\" type=\"tel\" name=\"your-phone\" \/><\/span>\n<\/p>\n<p>Direcci\u00f3n de entrega *<br \/>\n<span class=\"wpcf7-form-control-wrap\" data-name=\"Adres\"><input size=\"40\" maxlength=\"400\" class=\"wpcf7-form-control wpcf7-text wpcf7-validates-as-required\" aria-required=\"true\" aria-invalid=\"false\" value=\"\" type=\"text\" name=\"Adres\" \/><\/span>\n<\/p>\n<p>Unidad, edificio, piso, departamento, etc.<br \/>\n<span class=\"wpcf7-form-control-wrap\" data-name=\"Adres-2\"><input size=\"40\" maxlength=\"400\" class=\"wpcf7-form-control wpcf7-text\" aria-invalid=\"false\" value=\"\" type=\"text\" name=\"Adres-2\" \/><\/span>\n<\/p>\n<p>C\u00f3digo postal *<br \/>\n<span class=\"wpcf7-form-control-wrap\" data-name=\"Postcode\"><input size=\"40\" maxlength=\"400\" class=\"wpcf7-form-control wpcf7-text wpcf7-validates-as-required\" aria-required=\"true\" aria-invalid=\"false\" value=\"\" type=\"text\" name=\"Postcode\" \/><\/span>\n<\/p>\n<p>Ciudad *<br \/>\n<span class=\"wpcf7-form-control-wrap\" data-name=\"Plaats\"><input size=\"40\" maxlength=\"400\" class=\"wpcf7-form-control wpcf7-text wpcf7-validates-as-required\" aria-required=\"true\" aria-invalid=\"false\" value=\"\" type=\"text\" name=\"Plaats\" \/><\/span>\n<\/p>\n<p>Pa\u00eds *<br \/>\n<span class=\"wpcf7-form-control-wrap\" data-name=\"Land\"><input size=\"40\" maxlength=\"400\" class=\"wpcf7-form-control wpcf7-text wpcf7-validates-as-required\" aria-required=\"true\" aria-invalid=\"false\" value=\"\" type=\"text\" name=\"Land\" \/><\/span>\n<\/p>\n<p>TK08 - Cantidad kit de prueba de detecci\u00f3n de Plomo (50 Tests)<br \/>\n<span class=\"wpcf7-form-control-wrap\" data-name=\"aantal-lood\"><input class=\"wpcf7-form-control wpcf7-number wpcf7-validates-as-required wpcf7-validates-as-number\" min=\"0\" max=\"10000000\" aria-required=\"true\" aria-invalid=\"false\" value=\"0\" type=\"number\" name=\"aantal-lood\" \/><\/span>\n<\/p>\n<p>TK11 - Cantidad kit de prueba de detecci\u00f3n de Cromo-6 (25 Tests)<br \/>\n<span class=\"wpcf7-form-control-wrap\" data-name=\"aantal-chroom6\"><input class=\"wpcf7-form-control wpcf7-number wpcf7-validates-as-required wpcf7-validates-as-number\" min=\"0\" max=\"10000000\" aria-required=\"true\" aria-invalid=\"false\" value=\"0\" type=\"number\" name=\"aantal-chroom6\" \/><\/span>\n<\/p>\n<p>TK20 - Cantidad Neutralizador de Cromo-6<br \/>\n<span class=\"wpcf7-form-control-wrap\" data-name=\"aantal-neutralizer\"><input class=\"wpcf7-form-control wpcf7-number wpcf7-validates-as-required wpcf7-validates-as-number\" min=\"0\" max=\"10000000\" aria-required=\"true\" aria-invalid=\"false\" value=\"0\" type=\"number\" name=\"aantal-neutralizer\" \/><\/span>\n<\/p>\n<p>Otro art\u00edculo:<br \/>\n<span class=\"wpcf7-form-control-wrap\" data-name=\"artikel\"><select class=\"wpcf7-form-control wpcf7-select\" aria-invalid=\"false\" name=\"artikel\"><option value=\"\"><\/option><option value=\"TK03 \u2013 Kit de Prueba de Macrograbado de Soldadura de Aluminio\">TK03 \u2013 Kit de Prueba de Macrograbado de Soldadura de Aluminio<\/option><option value=\"TK04 - Kit de Prueba de Macrograbado de Soldadura de Acero Inoxidable\">TK04 - Kit de Prueba de Macrograbado de Soldadura de Acero Inoxidable<\/option><option value=\"TK05. - Kit de prueba de identificaci\u00f3n de acero inoxidable 304 - 316\">TK05. - Kit de prueba de identificaci\u00f3n de acero inoxidable 304 - 316<\/option><option value=\"TK05RF - set de repuesto\">TK05RF - set de repuesto<\/option><option value=\"TK13. - Kit de Prueba de Ferroxilo\">TK13. - Kit de Prueba de Ferroxilo<\/option><option value=\"TK13RF - set de repuesto\">TK13RF - set de repuesto<\/option><option value=\"TK14 - Kit de prueba de identificaci\u00f3n de acero inoxidable 303\">TK14 - Kit de prueba de identificaci\u00f3n de acero inoxidable 303<\/option><option value=\"TK21 - Prueba de detecci\u00f3n de cloruro\">TK21 - Prueba de detecci\u00f3n de cloruro<\/option><\/select><\/span>\n<\/p>\n<p>Cantidad de otro art\u00edculo:<br \/>\n<span class=\"wpcf7-form-control-wrap\" data-name=\"aantal-other\"><input class=\"wpcf7-form-control wpcf7-number wpcf7-validates-as-number\" min=\"0\" max=\"10000000\" aria-invalid=\"false\" value=\"0\" type=\"number\" name=\"aantal-other\" \/><\/span>\n<\/p>\n<p>Comentarios<br \/>\n<span class=\"wpcf7-form-control-wrap\" data-name=\"your-message\"><textarea cols=\"40\" rows=\"10\" maxlength=\"2000\" class=\"wpcf7-form-control wpcf7-textarea\" aria-invalid=\"false\" name=\"your-message\"><\/textarea><\/span>\n<\/p>\n<p>Recibir\u00e1 una confirmaci\u00f3n por correo electr\u00f3nico inmediatamente despu\u00e9s de enviar esta solicitud de cotizaci\u00f3n.<br \/>\nSi no recibe esta confirmaci\u00f3n, significa que el env\u00edo no se realiz\u00f3 correctamente, y puede enviarnos la solicitud por correo electr\u00f3nico a: info@matinspired.com.<br \/>\nRecibir\u00e1 la cotizaci\u00f3n en un plazo de 2 d\u00edas laborables.\n<\/p>\n<p><input class=\"wpcf7-form-control wpcf7-submit has-spinner\" type=\"submit\" value=\"Env\u00ede\" \/>\n<\/p><p style=\"display: none !important;\" class=\"akismet-fields-container\" data-prefix=\"_wpcf7_ak_\"><label>&#916;<textarea name=\"_wpcf7_ak_hp_textarea\" cols=\"45\" rows=\"8\" maxlength=\"100\"><\/textarea><\/label><input type=\"hidden\" id=\"ak_js_1\" name=\"_wpcf7_ak_js\" value=\"177\"\/><script>document.getElementById( \"ak_js_1\" ).setAttribute( \"value\", ( new Date() ).getTime() );<\/script><\/p><div class=\"wpcf7-response-output\" aria-hidden=\"true\"><\/div>\n<\/form>\n<\/div>\n\n<p>Debido a un d\u00eda festivo, estaremos cerrados el 27 de abril. Volveremos a la oficina el 28 de abril.<\/p>\n\n\n","protected":false},"excerpt":{"rendered":"<p>Contacto &nbsp; Rellene el siguiente formulario para ponerse en contacto con nosotros: Si desea solicitar un presupuesto, le responderemos m\u00e1s r\u00e1pidamente si rellena nuestro formulario de solicitud de presupuesto.<\/p>\n","protected":false},"author":3,"featured_media":0,"parent":0,"menu_order":0,"comment_status":"closed","ping_status":"closed","template":"","meta":{"footnotes":""},"class_list":["post-404","page","type-page","status-publish","hentry"],"yoast_head":"<!-- This site is optimized with the Yoast SEO plugin v27.2 - https:\/\/yoast.com\/product\/yoast-seo-wordpress\/ -->\n<title>Contacto - Matinspired.com<\/title>\n<meta name=\"description\" content=\"\u00bfEst\u00e1 interesado? P\u00f3ngase en contacto con nosotros.\" \/>\n<meta name=\"robots\" content=\"index, follow, max-snippet:-1, max-image-preview:large, max-video-preview:-1\" \/>\n<link rel=\"canonical\" href=\"https:\/\/www.matinspired.com\/es\/contacto\/\" \/>\n<meta property=\"og:locale\" content=\"es_ES\" \/>\n<meta property=\"og:type\" content=\"article\" \/>\n<meta property=\"og:title\" content=\"Contacto - Matinspired.com\" \/>\n<meta property=\"og:description\" content=\"\u00bfEst\u00e1 interesado? P\u00f3ngase en contacto con nosotros.\" \/>\n<meta property=\"og:url\" content=\"https:\/\/www.matinspired.com\/es\/contacto\/\" \/>\n<meta property=\"og:site_name\" content=\"Matinspired.com\" \/>\n<meta property=\"article:modified_time\" content=\"2025-05-09T18:48:27+00:00\" \/>\n<meta name=\"twitter:card\" content=\"summary_large_image\" \/>\n<meta name=\"twitter:site\" content=\"@MATinspired\" \/>\n<meta name=\"twitter:label1\" content=\"Tiempo de lectura\" \/>\n\t<meta name=\"twitter:data1\" content=\"1 minuto\" \/>\n<script type=\"application\/ld+json\" class=\"yoast-schema-graph\">{\"@context\":\"https:\/\/schema.org\",\"@graph\":[{\"@type\":\"WebPage\",\"@id\":\"https:\/\/www.matinspired.com\/es\/contacto\/\",\"url\":\"https:\/\/www.matinspired.com\/es\/contacto\/\",\"name\":\"Contacto - Matinspired.com\",\"isPartOf\":{\"@id\":\"https:\/\/www.matinspired.com\/es\/#website\"},\"datePublished\":\"2020-10-26T11:28:34+00:00\",\"dateModified\":\"2025-05-09T18:48:27+00:00\",\"description\":\"\u00bfEst\u00e1 interesado? P\u00f3ngase en contacto con nosotros.\",\"breadcrumb\":{\"@id\":\"https:\/\/www.matinspired.com\/es\/contacto\/#breadcrumb\"},\"inLanguage\":\"es\",\"potentialAction\":[{\"@type\":\"ReadAction\",\"target\":[\"https:\/\/www.matinspired.com\/es\/contacto\/\"]}]},{\"@type\":\"BreadcrumbList\",\"@id\":\"https:\/\/www.matinspired.com\/es\/contacto\/#breadcrumb\",\"itemListElement\":[{\"@type\":\"ListItem\",\"position\":1,\"name\":\"Home\",\"item\":\"https:\/\/www.matinspired.com\/es\/\"},{\"@type\":\"ListItem\",\"position\":2,\"name\":\"Contacto\"}]},{\"@type\":\"WebSite\",\"@id\":\"https:\/\/www.matinspired.com\/es\/#website\",\"url\":\"https:\/\/www.matinspired.com\/es\/\",\"name\":\"Matinspired.com\",\"description\":\"Chromium-6 test kits and more\",\"publisher\":{\"@id\":\"https:\/\/www.matinspired.com\/es\/#organization\"},\"potentialAction\":[{\"@type\":\"SearchAction\",\"target\":{\"@type\":\"EntryPoint\",\"urlTemplate\":\"https:\/\/www.matinspired.com\/es\/?s={search_term_string}\"},\"query-input\":{\"@type\":\"PropertyValueSpecification\",\"valueRequired\":true,\"valueName\":\"search_term_string\"}}],\"inLanguage\":\"es\"},{\"@type\":\"Organization\",\"@id\":\"https:\/\/www.matinspired.com\/es\/#organization\",\"name\":\"MATinspired B.V.\",\"url\":\"https:\/\/www.matinspired.com\/es\/\",\"logo\":{\"@type\":\"ImageObject\",\"inLanguage\":\"es\",\"@id\":\"https:\/\/www.matinspired.com\/es\/#\/schema\/logo\/image\/\",\"url\":\"https:\/\/www.matinspired.com\/wp-content\/uploads\/2023\/03\/LogoMATinspiredPO-696x969-1.jpg\",\"contentUrl\":\"https:\/\/www.matinspired.com\/wp-content\/uploads\/2023\/03\/LogoMATinspiredPO-696x969-1.jpg\",\"width\":696,\"height\":696,\"caption\":\"MATinspired B.V.\"},\"image\":{\"@id\":\"https:\/\/www.matinspired.com\/es\/#\/schema\/logo\/image\/\"},\"sameAs\":[\"https:\/\/x.com\/MATinspired\"]}]}<\/script>\n<!-- \/ Yoast SEO plugin. -->","yoast_head_json":{"title":"Contacto - Matinspired.com","description":"\u00bfEst\u00e1 interesado? P\u00f3ngase en contacto con nosotros.","robots":{"index":"index","follow":"follow","max-snippet":"max-snippet:-1","max-image-preview":"max-image-preview:large","max-video-preview":"max-video-preview:-1"},"canonical":"https:\/\/www.matinspired.com\/es\/contacto\/","og_locale":"es_ES","og_type":"article","og_title":"Contacto - Matinspired.com","og_description":"\u00bfEst\u00e1 interesado? P\u00f3ngase en contacto con nosotros.","og_url":"https:\/\/www.matinspired.com\/es\/contacto\/","og_site_name":"Matinspired.com","article_modified_time":"2025-05-09T18:48:27+00:00","twitter_card":"summary_large_image","twitter_site":"@MATinspired","twitter_misc":{"Tiempo de lectura":"1 minuto"},"schema":{"@context":"https:\/\/schema.org","@graph":[{"@type":"WebPage","@id":"https:\/\/www.matinspired.com\/es\/contacto\/","url":"https:\/\/www.matinspired.com\/es\/contacto\/","name":"Contacto - Matinspired.com","isPartOf":{"@id":"https:\/\/www.matinspired.com\/es\/#website"},"datePublished":"2020-10-26T11:28:34+00:00","dateModified":"2025-05-09T18:48:27+00:00","description":"\u00bfEst\u00e1 interesado? P\u00f3ngase en contacto con nosotros.","breadcrumb":{"@id":"https:\/\/www.matinspired.com\/es\/contacto\/#breadcrumb"},"inLanguage":"es","potentialAction":[{"@type":"ReadAction","target":["https:\/\/www.matinspired.com\/es\/contacto\/"]}]},{"@type":"BreadcrumbList","@id":"https:\/\/www.matinspired.com\/es\/contacto\/#breadcrumb","itemListElement":[{"@type":"ListItem","position":1,"name":"Home","item":"https:\/\/www.matinspired.com\/es\/"},{"@type":"ListItem","position":2,"name":"Contacto"}]},{"@type":"WebSite","@id":"https:\/\/www.matinspired.com\/es\/#website","url":"https:\/\/www.matinspired.com\/es\/","name":"Matinspired.com","description":"Chromium-6 test kits and more","publisher":{"@id":"https:\/\/www.matinspired.com\/es\/#organization"},"potentialAction":[{"@type":"SearchAction","target":{"@type":"EntryPoint","urlTemplate":"https:\/\/www.matinspired.com\/es\/?s={search_term_string}"},"query-input":{"@type":"PropertyValueSpecification","valueRequired":true,"valueName":"search_term_string"}}],"inLanguage":"es"},{"@type":"Organization","@id":"https:\/\/www.matinspired.com\/es\/#organization","name":"MATinspired B.V.","url":"https:\/\/www.matinspired.com\/es\/","logo":{"@type":"ImageObject","inLanguage":"es","@id":"https:\/\/www.matinspired.com\/es\/#\/schema\/logo\/image\/","url":"https:\/\/www.matinspired.com\/wp-content\/uploads\/2023\/03\/LogoMATinspiredPO-696x969-1.jpg","contentUrl":"https:\/\/www.matinspired.com\/wp-content\/uploads\/2023\/03\/LogoMATinspiredPO-696x969-1.jpg","width":696,"height":696,"caption":"MATinspired B.V."},"image":{"@id":"https:\/\/www.matinspired.com\/es\/#\/schema\/logo\/image\/"},"sameAs":["https:\/\/x.com\/MATinspired"]}]}},"jetpack_sharing_enabled":true,"_links":{"self":[{"href":"https:\/\/www.matinspired.com\/es\/wp-json\/wp\/v2\/pages\/404","targetHints":{"allow":["GET"]}}],"collection":[{"href":"https:\/\/www.matinspired.com\/es\/wp-json\/wp\/v2\/pages"}],"about":[{"href":"https:\/\/www.matinspired.com\/es\/wp-json\/wp\/v2\/types\/page"}],"author":[{"embeddable":true,"href":"https:\/\/www.matinspired.com\/es\/wp-json\/wp\/v2\/users\/3"}],"replies":[{"embeddable":true,"href":"https:\/\/www.matinspired.com\/es\/wp-json\/wp\/v2\/comments?post=404"}],"version-history":[{"count":2,"href":"https:\/\/www.matinspired.com\/es\/wp-json\/wp\/v2\/pages\/404\/revisions"}],"predecessor-version":[{"id":66018,"href":"https:\/\/www.matinspired.com\/es\/wp-json\/wp\/v2\/pages\/404\/revisions\/66018"}],"wp:attachment":[{"href":"https:\/\/www.matinspired.com\/es\/wp-json\/wp\/v2\/media?parent=404"}],"curies":[{"name":"wp","href":"https:\/\/api.w.org\/{rel}","templated":true}]}}