{"id":402,"date":"2020-12-04T16:13:14","date_gmt":"2020-12-04T15:13:14","guid":{"rendered":"https:\/\/www.matinspired.com\/chromium-6-detection-test-kit-tk11\/"},"modified":"2026-02-24T16:46:46","modified_gmt":"2026-02-24T15:46:46","slug":"kit-de-prueba-de-deteccion-de-cromo-6-tk11","status":"publish","type":"page","link":"https:\/\/www.matinspired.com\/es\/kit-de-prueba-de-deteccion-de-cromo-6-tk11\/","title":{"rendered":"Kit de prueba de detecci\u00f3n de cromo 6 &#8211; TK11"},"content":{"rendered":"\n\n\t<br \/>\n<strong>Kit de Detecci\u00f3n de Cromo-6 &#8211; TK11\u2122<\/strong>\n<p>&nbsp;<\/p>\n\t<strong>Cromo-6<br \/>\nKit de Detecci\u00f3n &#8211; TK11\u2122<br \/>\n<\/strong><strong><em>Para la contaminaci\u00f3n de superficies, part\u00edculas de polvo, revestimientos y capas de pintura.<br \/>\n<\/em><\/strong>\n<p>Con este kit de detecci\u00f3n de cromo-6, se puede comprobar la presencia de cromo-6 en superficies, part\u00edculas de polvo, revestimientos, capas de pintura u otros materiales. El uso del kit producir\u00e1 resultados r\u00e1pidos, seguros y confiables, que pueden ayudarlo a asegurarse de que sus materiales sean seguros y evitar, de este modo, reclamos por da\u00f1os.<\/p>\n<p>El kit contiene 25 hisopos de algod\u00f3n, un frasco gotero, una muestra de prueba y un manual de uso en ingl\u00e9s. Los manuales de uso en otros idiomas y las fichas de datos de seguridad pueden ser descargados usando el c\u00f3digo QR proporcionado.<\/p>\n<p>&nbsp;<\/p>\n<h3><strong>Uso general de este kit de prueba<\/strong><\/h3>\n<p>Con este Kit de Prueba de Detecci\u00f3n de Cromo-6 TK 11 usted puede comprobar f\u00e1cilmente si la contaminaci\u00f3n de su superficie, las part\u00edculas de polvo, los recubrimientos o las capas de pintura contienen cromo-6. Para realizar la prueba, frote el extremo del hisopo de algod\u00f3n, humedecido con el l\u00edquido de prueba, sobre el objeto o material en cuesti\u00f3n. Si el hisopo permanece de color naranja claro, no hay cromo-6 presente. Si el hisopo se vuelve morado, el objeto o material contiene cromo-6. Este cambio de color solo se produce con el cromo-6 (VI), y no con otros tipos de cromo (inofensivos) como el cromo-3 (III). <\/p>\n<p>El Kit de Detecci\u00f3n de Cromo-6 (VI) TK11 es preciso y fiable. Esta prueba se realiza en pocos minutos.<\/p>\n<p>&nbsp;<\/p>\n<h3><strong>Prueba en capas de pintura para cromo-6<\/strong><\/h3>\n<p>El Kit de prueba le permite comprobar si una capa de pintura contiene cromo-6. Para realizar la prueba, haga algunas incisiones en la capa y lije ligeramente la capa con un papel de lija limpio. Humedece el extremo del hisopo de algod\u00f3n con el l\u00edquido de prueba y fr\u00f3talo sobre la capa de pintura. Si la capa de pintura contiene cromo-6, el hisopo de algod\u00f3n se volver\u00e1 morado. Si no hay cromo-6, permanecer\u00e1 de color naranja. <\/p>\n<p>&nbsp;<\/p>\n<h3><strong>Prueba en otros materiales<\/strong><\/h3>\nEl kit de prueba TK11\u00ae para la detecci\u00f3n de cromo-6 se puede utilizar en una amplia gama de materiales y componentes. Adem\u00e1s de superficies met\u00e1licas y recubrimientos, el kit de prueba TK11\u00ae es adecuado para analizar componentes el\u00e9ctricos, madera impregnada, cuero y materiales aislantes.<br \/>\nEl kit se utiliza con frecuencia para analizar materiales aislantes, como la lana de vidrio y la lana de roca, que han estado en contacto con aleaciones calentadas que contienen cromo. En tales casos, pueden formarse compuestos de cromo-6 en la superficie del metal y en el material aislante, que pueden detectarse con el kit de prueba TK11\u00ae.<br \/>\nAdem\u00e1s de los aceros inoxidables calentados, el kit de prueba tambi\u00e9n es adecuado para probar aleaciones con alto contenido de n\u00edquel calentadas, como Incoloy\u00ae e Inconel\u00ae. Debido a que estas aleaciones contienen cromo, se pueden formar compuestos de cromo-6 en la superficie, especialmente cuando han estado en contacto con compuestos antiadherentes o materiales aislantes que favorecen esta formaci\u00f3n.<br \/>\nEntre las aplicaciones industriales t\u00edpicas se incluyen piezas aeron\u00e1uticas, componentes de automoci\u00f3n, piezas de motores turbo, sistemas de escape de motores y muchos otros componentes industriales.\n<figure itemscope itemtype=\"https:\/\/schema.org\/ImageObject\">\n\t\t\t\t<img decoding=\"async\" src=\"https:\/\/www.matinspired.com\/wp-content\/uploads\/2025\/01\/Chroom-6-test-grote-letters-Spaans.jpg\" alt=\"Chroom-6-test- grote letters Spaans\" height=\"1110\" width=\"2000\" title=\"Chroom-6-test- grote letters Spaans\" onerror=\"this.style.display='none'\" loading=\"lazy\" \/>\n\t<\/figure>\n<figure itemscope itemtype=\"https:\/\/schema.org\/ImageObject\">\n\t\t\t\t<img decoding=\"async\" src=\"https:\/\/www.matinspired.com\/wp-content\/uploads\/2025\/03\/TK11EN-kleiner-canvas-2.jpg\" alt=\"TK11 MATinspired Chromium 6 Detection Test Kit\" height=\"933\" width=\"1400\" title=\"Foto Engelstalige testkit\" onerror=\"this.style.display='none'\" loading=\"lazy\" \/>\n\t<\/figure>\n<figure itemscope itemtype=\"https:\/\/schema.org\/ImageObject\">\n\t\t\t\t<img decoding=\"async\" src=\"https:\/\/www.matinspired.com\/wp-content\/plugins\/bb-plugin\/img\/pixel.png\" alt=\"\" onerror=\"this.style.display='none'\" loading=\"lazy\" \/>\n\t<\/figure>\n\t\t\t<a href=\"https:\/\/www.matinspired.com\/es\/solicitud-de-presupuesto\/?aantal-chroom6=1\"  target=\"_self\">\n\t\t\t\t\t\t Solicitud de presupuesto\n\t\t\t\t\t<\/a>\n\t\t\t<a href=\"https:\/\/www.matinspired.com\/wp-content\/uploads\/2024\/01\/Specification-MATinspired-TK11-Chromium-6-Detection-Test-Kit.pdf\"  target=\"_blank\" rel=\"noopener\"    rel=\"noopener\">\n\t\t\t\t\t\tEspecificaci\u00f3n Cromo-6 Testkit\n\t\t\t\t\t<\/a>\n\t<p><em>El pedido s\u00f3lo es posible para empresas. Recibir\u00e1 nuestro presupuesto por correo electr\u00f3nico en uno o dos d\u00edas laborables. Una vez aceptado el presupuesto, le enviaremos el kit de pruebas lo antes posible.<\/em><\/p>\n\t\t<iframe loading=\"lazy\" title=\"Video instructiva del kit de prueba MATinspired Chromium-6 Detection Test Kit - TK11\u2122\" width=\"640\" height=\"360\" src=\"https:\/\/www.youtube.com\/embed\/enf6_nPgvD0?feature=oembed\" frameborder=\"0\" allow=\"accelerometer; autoplay; clipboard-write; encrypted-media; gyroscope; picture-in-picture; web-share\" referrerpolicy=\"strict-origin-when-cross-origin\" allowfullscreen><\/iframe>\t\n\t\t<iframe loading=\"lazy\" title=\"Video instructivo MATinspired TK11\u2122 Cromo-6 Kit de Detecci\u00f3n para capas de pintura\" width=\"640\" height=\"360\" src=\"https:\/\/www.youtube.com\/embed\/UNqi31ku55Q?feature=oembed\" frameborder=\"0\" allow=\"accelerometer; autoplay; clipboard-write; encrypted-media; gyroscope; picture-in-picture; web-share\" referrerpolicy=\"strict-origin-when-cross-origin\" allowfullscreen><\/iframe>\n\t<p>&nbsp;<\/p>\n<p>&nbsp;<\/p>\n<p>Ejemplo de un tornillo y una tuerca de acero inoxidable 304 (A2) con pasta antiadherente despu\u00e9s del tratamiento t\u00e9rmico. El cromato verdoso formado es claramente visible. El hisopo de la Prueba de Detecci\u00f3n de Cromo-6 TK11\u00ae se vuelve claramente de color rojo\/p\u00farpura, lo que indica la presencia de cromo-6.<\/p>\n<p>&nbsp;<\/p>\n<figure itemscope itemtype=\"https:\/\/schema.org\/ImageObject\">\n\t\t\t\t<img decoding=\"async\" src=\"https:\/\/www.matinspired.com\/wp-content\/uploads\/2021\/03\/Chromate-test-on-bolt-and-nut-4.jpg\" alt=\"Chromate-test-on-bolt-and-nut-4\" height=\"533\" width=\"800\" title=\"Chromate-test-on-bolt-and-nut-4\" onerror=\"this.style.display='none'\" loading=\"lazy\" \/>\n\t<\/figure>\n\t<h3><strong>Sobre el cromo-6<br \/>\n<\/strong><\/h3>\n<p><strong>\u00bfQu\u00e9 es el cromo-6?<\/strong><\/p>\n<p>El cromo-6, tambi\u00e9n llamado cromo (VI), cromo (VI), Cr (VI), Cr<sup>6+<\/sup> o cromo hexavalente, es una forma altamente t\u00f3xica de cromo que puede causar c\u00e1ncer.<\/p>\n<p><strong>\u00bfD\u00f3nde se encuentra el cromo-6?<\/strong><\/p>\n<p>Compuestos como el \u00f3xido de cromo (VI), el cromato de zinc, el cromato de plomo y el cromato de estroncio contienen cromo-6. Estas sustancias se han utilizado ampliamente en las industrias de la pintura y los metales porque protegen los metales contra la corrosi\u00f3n y el \u00f3xido. A menudo se encuentran en imprimaciones y recubrimientos protectores sobre acero y aluminio, por ejemplo, en trenes, aviones y veh\u00edculos militares.<\/p>\n<p>El cromo-6 tambi\u00e9n puede estar presente en superficies de acero que contienen cromo, como el acero inoxidable, que han sido expuestas a altas temperaturas en combinaci\u00f3n con ciertas pastas antiadherentes o materiales aislantes. Como resultado, el cromo-6 puede aparecer en componentes como las piezas de turbinas de gas.<\/p>\n<p><b>Riesgos para la salud<\/b><\/p>\n<p>Los principales riesgos para la salud surgen cuando se procesan recubrimientos o capas de pintura antiguos que contienen cromo-6, por ejemplo, mediante lijado, chorro de arena, esmerilado o soldadura, o cuando se reparan piezas mec\u00e1nicas calientes que tienen compuestos que contienen cromo-6 en su superficie. Durante estas actividades, se pueden liberar polvo fino o humos que contienen cromo-6. Estas part\u00edculas pueden inhalarse o entrar en contacto con la piel y provocar graves efectos para la salud, incluido el c\u00e1ncer.<\/p>\n<p><b>Pruebas de cromo-6<\/b><\/p>\n<p>Por lo tanto, es importante reconocer las situaciones en las que puede estar presente el cromo-6 y tomar las medidas de protecci\u00f3n adecuadas, como trabajar de forma segura, utilizar equipos de protecci\u00f3n individual y, cuando sea necesario, realizar pruebas de cromo-6 en los materiales. Nuestros kits de prueba le ayudan a determinar r\u00e1pidamente si hay cromo-6 presente en los recubrimientos o en las superficies met\u00e1licas<\/p>\n\t<p><i> Descargo de responsabilidad<br \/>\nAunque este producto se ha elaborado con el m\u00e1ximo cuidado, MATinspired B.V. no se hace responsable de los da\u00f1os derivados del uso o del contacto con el producto. Este m\u00e9todo de medici\u00f3n es s\u00f3lo una indicaci\u00f3n, y MATinspired B.V. no es responsable de los resultados de las pruebas. <\/i><\/p>\n\n\n","protected":false},"excerpt":{"rendered":"<p>Kit de Detecci\u00f3n de Cromo-6 &#8211; TK11\u2122 &nbsp; Cromo-6 Kit de Detecci\u00f3n &#8211; TK11\u2122 Para la contaminaci\u00f3n de superficies, part\u00edculas de polvo, revestimientos y capas de pintura. Con este kit de detecci\u00f3n de cromo-6, se puede comprobar la presencia de cromo-6 en superficies, part\u00edculas de polvo, revestimientos, capas de pintura u otros materiales. El uso&#8230;<\/p>\n","protected":false},"author":3,"featured_media":0,"parent":0,"menu_order":0,"comment_status":"closed","ping_status":"closed","template":"","meta":{"footnotes":""},"class_list":["post-402","page","type-page","status-publish","hentry"],"yoast_head":"<!-- This site is optimized with the Yoast SEO plugin v27.5 - https:\/\/yoast.com\/product\/yoast-seo-wordpress\/ -->\n<title>Kit de detecci\u00f3n de cromo 6 | Matinspired | R\u00e1pido y seguro<\/title>\n<meta name=\"description\" content=\"Para la contaminaci\u00f3n de superficies, part\u00edculas de polvo, metales, revestimientos y capas de pintura. Kit de prueba de detecci\u00f3n de cromo 6 desarrollado por MATinspired.\" \/>\n<meta name=\"robots\" content=\"index, follow, max-snippet:-1, max-image-preview:large, max-video-preview:-1\" \/>\n<link rel=\"canonical\" href=\"https:\/\/www.matinspired.com\/es\/kit-de-prueba-de-deteccion-de-cromo-6-tk11\/\" \/>\n<meta property=\"og:locale\" content=\"es_ES\" \/>\n<meta property=\"og:type\" content=\"article\" \/>\n<meta property=\"og:title\" content=\"Kit de detecci\u00f3n de cromo 6 | Matinspired | R\u00e1pido y seguro\" \/>\n<meta property=\"og:description\" content=\"Para la contaminaci\u00f3n de superficies, part\u00edculas de polvo, metales, revestimientos y capas de pintura. Kit de prueba de detecci\u00f3n de cromo 6 desarrollado por MATinspired.\" \/>\n<meta property=\"og:url\" content=\"https:\/\/www.matinspired.com\/es\/kit-de-prueba-de-deteccion-de-cromo-6-tk11\/\" \/>\n<meta property=\"og:site_name\" content=\"Matinspired.com\" \/>\n<meta property=\"article:modified_time\" content=\"2026-02-24T15:46:46+00:00\" \/>\n<meta property=\"og:image\" content=\"https:\/\/www.matinspired.com\/wp-content\/uploads\/2025\/01\/Chroom-6-test-grote-letters-Spaans.jpg\" \/>\n<meta name=\"twitter:card\" content=\"summary_large_image\" \/>\n<meta name=\"twitter:site\" content=\"@MATinspired\" \/>\n<meta name=\"twitter:label1\" content=\"Tiempo de lectura\" \/>\n\t<meta name=\"twitter:data1\" content=\"4 minutos\" \/>\n<script type=\"application\/ld+json\" class=\"yoast-schema-graph\">{\"@context\":\"https:\\\/\\\/schema.org\",\"@graph\":[{\"@type\":\"WebPage\",\"@id\":\"https:\\\/\\\/www.matinspired.com\\\/es\\\/kit-de-prueba-de-deteccion-de-cromo-6-tk11\\\/\",\"url\":\"https:\\\/\\\/www.matinspired.com\\\/es\\\/kit-de-prueba-de-deteccion-de-cromo-6-tk11\\\/\",\"name\":\"Kit de detecci\u00f3n de cromo 6 | Matinspired | R\u00e1pido y seguro\",\"isPartOf\":{\"@id\":\"https:\\\/\\\/www.matinspired.com\\\/es\\\/#website\"},\"primaryImageOfPage\":{\"@id\":\"https:\\\/\\\/www.matinspired.com\\\/es\\\/kit-de-prueba-de-deteccion-de-cromo-6-tk11\\\/#primaryimage\"},\"image\":{\"@id\":\"https:\\\/\\\/www.matinspired.com\\\/es\\\/kit-de-prueba-de-deteccion-de-cromo-6-tk11\\\/#primaryimage\"},\"thumbnailUrl\":\"https:\\\/\\\/www.matinspired.com\\\/wp-content\\\/uploads\\\/2025\\\/01\\\/Chroom-6-test-grote-letters-Spaans.jpg\",\"datePublished\":\"2020-12-04T15:13:14+00:00\",\"dateModified\":\"2026-02-24T15:46:46+00:00\",\"description\":\"Para la contaminaci\u00f3n de superficies, part\u00edculas de polvo, metales, revestimientos y capas de pintura. Kit de prueba de detecci\u00f3n de cromo 6 desarrollado por MATinspired.\",\"breadcrumb\":{\"@id\":\"https:\\\/\\\/www.matinspired.com\\\/es\\\/kit-de-prueba-de-deteccion-de-cromo-6-tk11\\\/#breadcrumb\"},\"inLanguage\":\"es\",\"potentialAction\":[{\"@type\":\"ReadAction\",\"target\":[\"https:\\\/\\\/www.matinspired.com\\\/es\\\/kit-de-prueba-de-deteccion-de-cromo-6-tk11\\\/\"]}]},{\"@type\":\"ImageObject\",\"inLanguage\":\"es\",\"@id\":\"https:\\\/\\\/www.matinspired.com\\\/es\\\/kit-de-prueba-de-deteccion-de-cromo-6-tk11\\\/#primaryimage\",\"url\":\"https:\\\/\\\/www.matinspired.com\\\/wp-content\\\/uploads\\\/2025\\\/01\\\/Chroom-6-test-grote-letters-Spaans.jpg\",\"contentUrl\":\"https:\\\/\\\/www.matinspired.com\\\/wp-content\\\/uploads\\\/2025\\\/01\\\/Chroom-6-test-grote-letters-Spaans.jpg\"},{\"@type\":\"BreadcrumbList\",\"@id\":\"https:\\\/\\\/www.matinspired.com\\\/es\\\/kit-de-prueba-de-deteccion-de-cromo-6-tk11\\\/#breadcrumb\",\"itemListElement\":[{\"@type\":\"ListItem\",\"position\":1,\"name\":\"Home\",\"item\":\"https:\\\/\\\/www.matinspired.com\\\/es\\\/\"},{\"@type\":\"ListItem\",\"position\":2,\"name\":\"Kit de prueba de detecci\u00f3n de cromo 6 &#8211; TK11\"}]},{\"@type\":\"WebSite\",\"@id\":\"https:\\\/\\\/www.matinspired.com\\\/es\\\/#website\",\"url\":\"https:\\\/\\\/www.matinspired.com\\\/es\\\/\",\"name\":\"Matinspired.com\",\"description\":\"Chromium-6 test kits and more\",\"publisher\":{\"@id\":\"https:\\\/\\\/www.matinspired.com\\\/es\\\/#organization\"},\"potentialAction\":[{\"@type\":\"SearchAction\",\"target\":{\"@type\":\"EntryPoint\",\"urlTemplate\":\"https:\\\/\\\/www.matinspired.com\\\/es\\\/?s={search_term_string}\"},\"query-input\":{\"@type\":\"PropertyValueSpecification\",\"valueRequired\":true,\"valueName\":\"search_term_string\"}}],\"inLanguage\":\"es\"},{\"@type\":\"Organization\",\"@id\":\"https:\\\/\\\/www.matinspired.com\\\/es\\\/#organization\",\"name\":\"MATinspired B.V.\",\"url\":\"https:\\\/\\\/www.matinspired.com\\\/es\\\/\",\"logo\":{\"@type\":\"ImageObject\",\"inLanguage\":\"es\",\"@id\":\"https:\\\/\\\/www.matinspired.com\\\/es\\\/#\\\/schema\\\/logo\\\/image\\\/\",\"url\":\"https:\\\/\\\/www.matinspired.com\\\/wp-content\\\/uploads\\\/2023\\\/03\\\/LogoMATinspiredPO-696x969-1.jpg\",\"contentUrl\":\"https:\\\/\\\/www.matinspired.com\\\/wp-content\\\/uploads\\\/2023\\\/03\\\/LogoMATinspiredPO-696x969-1.jpg\",\"width\":696,\"height\":696,\"caption\":\"MATinspired B.V.\"},\"image\":{\"@id\":\"https:\\\/\\\/www.matinspired.com\\\/es\\\/#\\\/schema\\\/logo\\\/image\\\/\"},\"sameAs\":[\"https:\\\/\\\/x.com\\\/MATinspired\"]}]}<\/script>\n<!-- \/ Yoast SEO plugin. -->","yoast_head_json":{"title":"Kit de detecci\u00f3n de cromo 6 | Matinspired | R\u00e1pido y seguro","description":"Para la contaminaci\u00f3n de superficies, part\u00edculas de polvo, metales, revestimientos y capas de pintura. Kit de prueba de detecci\u00f3n de cromo 6 desarrollado por MATinspired.","robots":{"index":"index","follow":"follow","max-snippet":"max-snippet:-1","max-image-preview":"max-image-preview:large","max-video-preview":"max-video-preview:-1"},"canonical":"https:\/\/www.matinspired.com\/es\/kit-de-prueba-de-deteccion-de-cromo-6-tk11\/","og_locale":"es_ES","og_type":"article","og_title":"Kit de detecci\u00f3n de cromo 6 | Matinspired | R\u00e1pido y seguro","og_description":"Para la contaminaci\u00f3n de superficies, part\u00edculas de polvo, metales, revestimientos y capas de pintura. Kit de prueba de detecci\u00f3n de cromo 6 desarrollado por MATinspired.","og_url":"https:\/\/www.matinspired.com\/es\/kit-de-prueba-de-deteccion-de-cromo-6-tk11\/","og_site_name":"Matinspired.com","article_modified_time":"2026-02-24T15:46:46+00:00","og_image":[{"url":"https:\/\/www.matinspired.com\/wp-content\/uploads\/2025\/01\/Chroom-6-test-grote-letters-Spaans.jpg","type":"","width":"","height":""}],"twitter_card":"summary_large_image","twitter_site":"@MATinspired","twitter_misc":{"Tiempo de lectura":"4 minutos"},"schema":{"@context":"https:\/\/schema.org","@graph":[{"@type":"WebPage","@id":"https:\/\/www.matinspired.com\/es\/kit-de-prueba-de-deteccion-de-cromo-6-tk11\/","url":"https:\/\/www.matinspired.com\/es\/kit-de-prueba-de-deteccion-de-cromo-6-tk11\/","name":"Kit de detecci\u00f3n de cromo 6 | Matinspired | R\u00e1pido y seguro","isPartOf":{"@id":"https:\/\/www.matinspired.com\/es\/#website"},"primaryImageOfPage":{"@id":"https:\/\/www.matinspired.com\/es\/kit-de-prueba-de-deteccion-de-cromo-6-tk11\/#primaryimage"},"image":{"@id":"https:\/\/www.matinspired.com\/es\/kit-de-prueba-de-deteccion-de-cromo-6-tk11\/#primaryimage"},"thumbnailUrl":"https:\/\/www.matinspired.com\/wp-content\/uploads\/2025\/01\/Chroom-6-test-grote-letters-Spaans.jpg","datePublished":"2020-12-04T15:13:14+00:00","dateModified":"2026-02-24T15:46:46+00:00","description":"Para la contaminaci\u00f3n de superficies, part\u00edculas de polvo, metales, revestimientos y capas de pintura. Kit de prueba de detecci\u00f3n de cromo 6 desarrollado por MATinspired.","breadcrumb":{"@id":"https:\/\/www.matinspired.com\/es\/kit-de-prueba-de-deteccion-de-cromo-6-tk11\/#breadcrumb"},"inLanguage":"es","potentialAction":[{"@type":"ReadAction","target":["https:\/\/www.matinspired.com\/es\/kit-de-prueba-de-deteccion-de-cromo-6-tk11\/"]}]},{"@type":"ImageObject","inLanguage":"es","@id":"https:\/\/www.matinspired.com\/es\/kit-de-prueba-de-deteccion-de-cromo-6-tk11\/#primaryimage","url":"https:\/\/www.matinspired.com\/wp-content\/uploads\/2025\/01\/Chroom-6-test-grote-letters-Spaans.jpg","contentUrl":"https:\/\/www.matinspired.com\/wp-content\/uploads\/2025\/01\/Chroom-6-test-grote-letters-Spaans.jpg"},{"@type":"BreadcrumbList","@id":"https:\/\/www.matinspired.com\/es\/kit-de-prueba-de-deteccion-de-cromo-6-tk11\/#breadcrumb","itemListElement":[{"@type":"ListItem","position":1,"name":"Home","item":"https:\/\/www.matinspired.com\/es\/"},{"@type":"ListItem","position":2,"name":"Kit de prueba de detecci\u00f3n de cromo 6 &#8211; TK11"}]},{"@type":"WebSite","@id":"https:\/\/www.matinspired.com\/es\/#website","url":"https:\/\/www.matinspired.com\/es\/","name":"Matinspired.com","description":"Chromium-6 test kits and more","publisher":{"@id":"https:\/\/www.matinspired.com\/es\/#organization"},"potentialAction":[{"@type":"SearchAction","target":{"@type":"EntryPoint","urlTemplate":"https:\/\/www.matinspired.com\/es\/?s={search_term_string}"},"query-input":{"@type":"PropertyValueSpecification","valueRequired":true,"valueName":"search_term_string"}}],"inLanguage":"es"},{"@type":"Organization","@id":"https:\/\/www.matinspired.com\/es\/#organization","name":"MATinspired B.V.","url":"https:\/\/www.matinspired.com\/es\/","logo":{"@type":"ImageObject","inLanguage":"es","@id":"https:\/\/www.matinspired.com\/es\/#\/schema\/logo\/image\/","url":"https:\/\/www.matinspired.com\/wp-content\/uploads\/2023\/03\/LogoMATinspiredPO-696x969-1.jpg","contentUrl":"https:\/\/www.matinspired.com\/wp-content\/uploads\/2023\/03\/LogoMATinspiredPO-696x969-1.jpg","width":696,"height":696,"caption":"MATinspired B.V."},"image":{"@id":"https:\/\/www.matinspired.com\/es\/#\/schema\/logo\/image\/"},"sameAs":["https:\/\/x.com\/MATinspired"]}]}},"jetpack_sharing_enabled":true,"_links":{"self":[{"href":"https:\/\/www.matinspired.com\/es\/wp-json\/wp\/v2\/pages\/402","targetHints":{"allow":["GET"]}}],"collection":[{"href":"https:\/\/www.matinspired.com\/es\/wp-json\/wp\/v2\/pages"}],"about":[{"href":"https:\/\/www.matinspired.com\/es\/wp-json\/wp\/v2\/types\/page"}],"author":[{"embeddable":true,"href":"https:\/\/www.matinspired.com\/es\/wp-json\/wp\/v2\/users\/3"}],"replies":[{"embeddable":true,"href":"https:\/\/www.matinspired.com\/es\/wp-json\/wp\/v2\/comments?post=402"}],"version-history":[{"count":11,"href":"https:\/\/www.matinspired.com\/es\/wp-json\/wp\/v2\/pages\/402\/revisions"}],"predecessor-version":[{"id":74187,"href":"https:\/\/www.matinspired.com\/es\/wp-json\/wp\/v2\/pages\/402\/revisions\/74187"}],"wp:attachment":[{"href":"https:\/\/www.matinspired.com\/es\/wp-json\/wp\/v2\/media?parent=402"}],"curies":[{"name":"wp","href":"https:\/\/api.w.org\/{rel}","templated":true}]}}