{"id":400,"date":"2020-10-26T10:59:22","date_gmt":"2020-10-26T10:59:22","guid":{"rendered":"https:\/\/www.matinspired.com\/home\/"},"modified":"2026-04-02T13:09:03","modified_gmt":"2026-04-02T11:09:03","slug":"home","status":"publish","type":"page","link":"https:\/\/www.matinspired.com\/es\/","title":{"rendered":"Home"},"content":{"rendered":"\n\n\t<h1><strong>Cree un entorno de trabajo seguro<\/strong><br \/>\n<strong>con nuestro kit de prueba <\/strong><\/h1>\n<p>&nbsp;<\/p>\n\t<h2><strong>Cromo-6<\/strong><br \/>\n<strong>Kit de Prueba de Detecci\u00f3n- TK11\u2122<br \/>\n<\/strong><\/h2>\n<p><b>para la contaminaci\u00f3n de superficies, part\u00edculas de polvo, revestimientos y capas de pintura\u00a0<\/b><\/p>\n<p>El cromo-6 puede ser perjudicial para la salud humana y el medio ambiente. Con este kit podr\u00e1 comprobar la presencia de cromo-6 en capas de pintura, revestimientos, contaminaci\u00f3n superficial, part\u00edculas de polvo u otro material. El uso del kit producir\u00e1 resultados r\u00e1pidos, seguros y fiables, que pueden ayudarle a asegurarse de que sus materiales son seguros y a evitar reclamaciones por da\u00f1os.<\/p>\n\t\t\t<a href=\"https:\/\/www.matinspired.com\/es\/kit-de-prueba-de-deteccion-de-cromo-6-tk11\/\"  target=\"_self\">\n\t\t\t\t\t\tLeer M\u00e1s\n\t\t\t\t\t<\/a>\n\t\t\t<a href=\"https:\/\/www.matinspired.com\/es\/solicitud-de-presupuesto\/\"  target=\"_self\">\n\t\t\t\t\t\tSolicitud de presupuesto\n\t\t\t\t\t<\/a>\n<figure itemscope itemtype=\"https:\/\/schema.org\/ImageObject\">\n\t\t\t\t<img decoding=\"async\" src=\"https:\/\/www.matinspired.com\/wp-content\/uploads\/2025\/03\/TK11EN-kleiner-canvas-2.jpg\" alt=\"TK11 MATinspired Chromium 6 Detection Test Kit\" height=\"933\" width=\"1400\" title=\"Foto Engelstalige testkit\" onerror=\"this.style.display='none'\" loading=\"lazy\" \/>\n\t<\/figure>\n\t<h2><strong>Identificar y detectar sustancias qu\u00edmicas<br \/>\n<\/strong><strong>de forma r\u00e1pida y segura por ti mismo<br \/>\n<\/strong><\/h2>\nCree un entorno de trabajo seguro utilizando los kits de prueba para identificar y detectar diversas sustancias (t\u00f3xicas).<br \/>\nGracias a la diversidad de kits de pruebas que puede utilizar usted mismo en cualquier momento,<br \/>\ncontribuimos a un entorno de trabajo seguro y a un mundo m\u00e1s limpio.\n\t<p><img loading=\"lazy\" decoding=\"async\" src=\"http:\/\/matinspired.com\/wp-content\/uploads\/2020\/11\/Untitled-3-238x300.png\" alt=\"\" width=\"75\" height=\"94\" \/><\/p>\n<p><strong>Confiable<\/strong><\/p>\n\t<p><img loading=\"lazy\" decoding=\"async\" src=\"http:\/\/matinspired.com\/wp-content\/uploads\/2020\/11\/Logo-2-238x300.png\" alt=\"\" width=\"75\" height=\"94\" \/><\/p>\n<p><strong>Pruebas de seguridad por s\u00ed mismo<\/strong><\/p>\n\t<p><img loading=\"lazy\" decoding=\"async\" src=\"http:\/\/matinspired.com\/wp-content\/uploads\/2020\/11\/Logo-3-238x300.png\" alt=\"\" width=\"75\" height=\"94\" \/><\/p>\n<p><strong>Entrega r\u00e1pida a todo el mundo<\/strong><\/p>\n\t<p><img loading=\"lazy\" decoding=\"async\" src=\"http:\/\/matinspired.com\/wp-content\/uploads\/2020\/11\/Logo-4-238x300.png\" alt=\"\" width=\"75\" height=\"94\" \/><\/p>\n<p><strong>Desarrollo continuo en la empresa<\/strong><\/p>\n\tAseg\u00farese de tener siempre a mano un kit de pruebas.<br \/>\nAs\u00ed dispondr\u00e1 directamente de los resultados de las pruebas sin la intervenci\u00f3n de un laboratorio externo.<br \/>\nAdem\u00e1s, podr\u00e1 tomar las medidas necesarias m\u00e1s r\u00e1pidamente para trabajar con seguridad.\n<figure itemscope itemtype=\"https:\/\/schema.org\/ImageObject\">\n\t\t\t\t<img decoding=\"async\" src=\"https:\/\/www.matinspired.com\/wp-content\/uploads\/2021\/12\/IMG_8025-website-3-scaled.jpg\" alt=\"IMG_8025-website\" height=\"1829\" width=\"2560\" title=\"IMG_8025-website\" onerror=\"this.style.display='none'\" loading=\"lazy\" \/>\n\t<\/figure>\n\t<h2><strong>Acerca de MATinspired<br \/>\n<\/strong><\/h2>\n<p>MATinspired B.V. es un proveedor de diversas pruebas r\u00e1pidas. Suministramos kits de prueba de alta calidad y tenemos muchos conocimientos sobre materiales y sustancias t\u00f3xicas para poder mejorar continuamente los productos. Desarrollamos los kits de prueba en nuestra propia empresa. De este modo, tenemos el proceso de desarrollo y el control de calidad en nuestras propias manos.<\/p>\n\t\t\t<a href=\"https:\/\/www.matinspired.com\/es\/sobre-nosotros\/\"  target=\"_self\">\n\t\t\t\t\t\tLeer M\u00e1s\n\t\t\t\t\t<\/a>\n\n","protected":false},"excerpt":{"rendered":"<p>Cree un entorno de trabajo seguro con nuestro kit de prueba &nbsp; Cromo-6 Kit de Prueba de Detecci\u00f3n- TK11\u2122 para la contaminaci\u00f3n de superficies, part\u00edculas de polvo, revestimientos y capas de pintura\u00a0 El cromo-6 puede ser perjudicial para la salud humana y el medio ambiente. Con este kit podr\u00e1 comprobar la presencia de cromo-6 en&#8230;<\/p>\n","protected":false},"author":3,"featured_media":0,"parent":0,"menu_order":0,"comment_status":"closed","ping_status":"closed","template":"","meta":{"footnotes":""},"class_list":["post-400","page","type-page","status-publish","hentry"],"yoast_head":"<!-- This site is optimized with the Yoast SEO plugin v27.2 - https:\/\/yoast.com\/product\/yoast-seo-wordpress\/ -->\n<title>Home - Matinspired.com<\/title>\n<meta name=\"description\" content=\"MATinspired B.V. es un proveedor de diversas pruebas r\u00e1pidas. Suministramos kits de prueba de alta calidad y para poder mejorar continuamente los productos.\" \/>\n<meta name=\"robots\" content=\"index, follow, max-snippet:-1, max-image-preview:large, max-video-preview:-1\" \/>\n<link rel=\"canonical\" href=\"https:\/\/www.matinspired.com\/es\/\" \/>\n<meta property=\"og:locale\" content=\"es_ES\" \/>\n<meta property=\"og:type\" content=\"article\" \/>\n<meta property=\"og:title\" content=\"Home - Matinspired.com\" \/>\n<meta property=\"og:description\" content=\"MATinspired B.V. es un proveedor de diversas pruebas r\u00e1pidas. Suministramos kits de prueba de alta calidad y para poder mejorar continuamente los productos.\" \/>\n<meta property=\"og:url\" content=\"https:\/\/www.matinspired.com\/es\/\" \/>\n<meta property=\"og:site_name\" content=\"Matinspired.com\" \/>\n<meta property=\"article:modified_time\" content=\"2026-04-02T11:09:03+00:00\" \/>\n<meta property=\"og:image\" content=\"https:\/\/www.matinspired.com\/wp-content\/uploads\/2025\/03\/TK11EN-kleiner-canvas-2.jpg\" \/>\n<meta name=\"twitter:card\" content=\"summary_large_image\" \/>\n<meta name=\"twitter:site\" content=\"@MATinspired\" \/>\n<meta name=\"twitter:label1\" content=\"Tiempo de lectura\" \/>\n\t<meta name=\"twitter:data1\" content=\"3 minutos\" \/>\n<script type=\"application\/ld+json\" class=\"yoast-schema-graph\">{\"@context\":\"https:\/\/schema.org\",\"@graph\":[{\"@type\":\"WebPage\",\"@id\":\"https:\/\/www.matinspired.com\/es\/\",\"url\":\"https:\/\/www.matinspired.com\/es\/\",\"name\":\"Home - Matinspired.com\",\"isPartOf\":{\"@id\":\"https:\/\/www.matinspired.com\/es\/#website\"},\"primaryImageOfPage\":{\"@id\":\"https:\/\/www.matinspired.com\/es\/#primaryimage\"},\"image\":{\"@id\":\"https:\/\/www.matinspired.com\/es\/#primaryimage\"},\"thumbnailUrl\":\"https:\/\/www.matinspired.com\/wp-content\/uploads\/2025\/03\/TK11EN-kleiner-canvas-2.jpg\",\"datePublished\":\"2020-10-26T10:59:22+00:00\",\"dateModified\":\"2026-04-02T11:09:03+00:00\",\"description\":\"MATinspired B.V. es un proveedor de diversas pruebas r\u00e1pidas. Suministramos kits de prueba de alta calidad y para poder mejorar continuamente los productos.\",\"breadcrumb\":{\"@id\":\"https:\/\/www.matinspired.com\/es\/#breadcrumb\"},\"inLanguage\":\"es\",\"potentialAction\":[{\"@type\":\"ReadAction\",\"target\":[\"https:\/\/www.matinspired.com\/es\/\"]}]},{\"@type\":\"ImageObject\",\"inLanguage\":\"es\",\"@id\":\"https:\/\/www.matinspired.com\/es\/#primaryimage\",\"url\":\"https:\/\/www.matinspired.com\/wp-content\/uploads\/2025\/03\/TK11EN-kleiner-canvas-2.jpg\",\"contentUrl\":\"https:\/\/www.matinspired.com\/wp-content\/uploads\/2025\/03\/TK11EN-kleiner-canvas-2.jpg\"},{\"@type\":\"BreadcrumbList\",\"@id\":\"https:\/\/www.matinspired.com\/es\/#breadcrumb\",\"itemListElement\":[{\"@type\":\"ListItem\",\"position\":1,\"name\":\"Home\",\"item\":\"https:\/\/www.matinspired.com\/es\/\"},{\"@type\":\"ListItem\",\"position\":2,\"name\":\"Home\"}]},{\"@type\":\"WebSite\",\"@id\":\"https:\/\/www.matinspired.com\/es\/#website\",\"url\":\"https:\/\/www.matinspired.com\/es\/\",\"name\":\"Matinspired.com\",\"description\":\"Chromium-6 test kits and more\",\"publisher\":{\"@id\":\"https:\/\/www.matinspired.com\/es\/#organization\"},\"potentialAction\":[{\"@type\":\"SearchAction\",\"target\":{\"@type\":\"EntryPoint\",\"urlTemplate\":\"https:\/\/www.matinspired.com\/es\/?s={search_term_string}\"},\"query-input\":{\"@type\":\"PropertyValueSpecification\",\"valueRequired\":true,\"valueName\":\"search_term_string\"}}],\"inLanguage\":\"es\"},{\"@type\":\"Organization\",\"@id\":\"https:\/\/www.matinspired.com\/es\/#organization\",\"name\":\"MATinspired B.V.\",\"url\":\"https:\/\/www.matinspired.com\/es\/\",\"logo\":{\"@type\":\"ImageObject\",\"inLanguage\":\"es\",\"@id\":\"https:\/\/www.matinspired.com\/es\/#\/schema\/logo\/image\/\",\"url\":\"https:\/\/www.matinspired.com\/wp-content\/uploads\/2023\/03\/LogoMATinspiredPO-696x969-1.jpg\",\"contentUrl\":\"https:\/\/www.matinspired.com\/wp-content\/uploads\/2023\/03\/LogoMATinspiredPO-696x969-1.jpg\",\"width\":696,\"height\":696,\"caption\":\"MATinspired B.V.\"},\"image\":{\"@id\":\"https:\/\/www.matinspired.com\/es\/#\/schema\/logo\/image\/\"},\"sameAs\":[\"https:\/\/x.com\/MATinspired\"]}]}<\/script>\n<!-- \/ Yoast SEO plugin. -->","yoast_head_json":{"title":"Home - Matinspired.com","description":"MATinspired B.V. es un proveedor de diversas pruebas r\u00e1pidas. Suministramos kits de prueba de alta calidad y para poder mejorar continuamente los productos.","robots":{"index":"index","follow":"follow","max-snippet":"max-snippet:-1","max-image-preview":"max-image-preview:large","max-video-preview":"max-video-preview:-1"},"canonical":"https:\/\/www.matinspired.com\/es\/","og_locale":"es_ES","og_type":"article","og_title":"Home - Matinspired.com","og_description":"MATinspired B.V. es un proveedor de diversas pruebas r\u00e1pidas. Suministramos kits de prueba de alta calidad y para poder mejorar continuamente los productos.","og_url":"https:\/\/www.matinspired.com\/es\/","og_site_name":"Matinspired.com","article_modified_time":"2026-04-02T11:09:03+00:00","og_image":[{"url":"https:\/\/www.matinspired.com\/wp-content\/uploads\/2025\/03\/TK11EN-kleiner-canvas-2.jpg","type":"","width":"","height":""}],"twitter_card":"summary_large_image","twitter_site":"@MATinspired","twitter_misc":{"Tiempo de lectura":"3 minutos"},"schema":{"@context":"https:\/\/schema.org","@graph":[{"@type":"WebPage","@id":"https:\/\/www.matinspired.com\/es\/","url":"https:\/\/www.matinspired.com\/es\/","name":"Home - Matinspired.com","isPartOf":{"@id":"https:\/\/www.matinspired.com\/es\/#website"},"primaryImageOfPage":{"@id":"https:\/\/www.matinspired.com\/es\/#primaryimage"},"image":{"@id":"https:\/\/www.matinspired.com\/es\/#primaryimage"},"thumbnailUrl":"https:\/\/www.matinspired.com\/wp-content\/uploads\/2025\/03\/TK11EN-kleiner-canvas-2.jpg","datePublished":"2020-10-26T10:59:22+00:00","dateModified":"2026-04-02T11:09:03+00:00","description":"MATinspired B.V. es un proveedor de diversas pruebas r\u00e1pidas. Suministramos kits de prueba de alta calidad y para poder mejorar continuamente los productos.","breadcrumb":{"@id":"https:\/\/www.matinspired.com\/es\/#breadcrumb"},"inLanguage":"es","potentialAction":[{"@type":"ReadAction","target":["https:\/\/www.matinspired.com\/es\/"]}]},{"@type":"ImageObject","inLanguage":"es","@id":"https:\/\/www.matinspired.com\/es\/#primaryimage","url":"https:\/\/www.matinspired.com\/wp-content\/uploads\/2025\/03\/TK11EN-kleiner-canvas-2.jpg","contentUrl":"https:\/\/www.matinspired.com\/wp-content\/uploads\/2025\/03\/TK11EN-kleiner-canvas-2.jpg"},{"@type":"BreadcrumbList","@id":"https:\/\/www.matinspired.com\/es\/#breadcrumb","itemListElement":[{"@type":"ListItem","position":1,"name":"Home","item":"https:\/\/www.matinspired.com\/es\/"},{"@type":"ListItem","position":2,"name":"Home"}]},{"@type":"WebSite","@id":"https:\/\/www.matinspired.com\/es\/#website","url":"https:\/\/www.matinspired.com\/es\/","name":"Matinspired.com","description":"Chromium-6 test kits and more","publisher":{"@id":"https:\/\/www.matinspired.com\/es\/#organization"},"potentialAction":[{"@type":"SearchAction","target":{"@type":"EntryPoint","urlTemplate":"https:\/\/www.matinspired.com\/es\/?s={search_term_string}"},"query-input":{"@type":"PropertyValueSpecification","valueRequired":true,"valueName":"search_term_string"}}],"inLanguage":"es"},{"@type":"Organization","@id":"https:\/\/www.matinspired.com\/es\/#organization","name":"MATinspired B.V.","url":"https:\/\/www.matinspired.com\/es\/","logo":{"@type":"ImageObject","inLanguage":"es","@id":"https:\/\/www.matinspired.com\/es\/#\/schema\/logo\/image\/","url":"https:\/\/www.matinspired.com\/wp-content\/uploads\/2023\/03\/LogoMATinspiredPO-696x969-1.jpg","contentUrl":"https:\/\/www.matinspired.com\/wp-content\/uploads\/2023\/03\/LogoMATinspiredPO-696x969-1.jpg","width":696,"height":696,"caption":"MATinspired B.V."},"image":{"@id":"https:\/\/www.matinspired.com\/es\/#\/schema\/logo\/image\/"},"sameAs":["https:\/\/x.com\/MATinspired"]}]}},"jetpack_sharing_enabled":true,"_links":{"self":[{"href":"https:\/\/www.matinspired.com\/es\/wp-json\/wp\/v2\/pages\/400","targetHints":{"allow":["GET"]}}],"collection":[{"href":"https:\/\/www.matinspired.com\/es\/wp-json\/wp\/v2\/pages"}],"about":[{"href":"https:\/\/www.matinspired.com\/es\/wp-json\/wp\/v2\/types\/page"}],"author":[{"embeddable":true,"href":"https:\/\/www.matinspired.com\/es\/wp-json\/wp\/v2\/users\/3"}],"replies":[{"embeddable":true,"href":"https:\/\/www.matinspired.com\/es\/wp-json\/wp\/v2\/comments?post=400"}],"version-history":[{"count":5,"href":"https:\/\/www.matinspired.com\/es\/wp-json\/wp\/v2\/pages\/400\/revisions"}],"predecessor-version":[{"id":74896,"href":"https:\/\/www.matinspired.com\/es\/wp-json\/wp\/v2\/pages\/400\/revisions\/74896"}],"wp:attachment":[{"href":"https:\/\/www.matinspired.com\/es\/wp-json\/wp\/v2\/media?parent=400"}],"curies":[{"name":"wp","href":"https:\/\/api.w.org\/{rel}","templated":true}]}}