{"id":3821,"date":"2023-02-23T10:36:08","date_gmt":"2023-02-23T09:36:08","guid":{"rendered":"https:\/\/www.matinspired.com\/chloride-detection-test\/"},"modified":"2026-03-06T14:08:13","modified_gmt":"2026-03-06T13:08:13","slug":"prueba-de-deteccion-de-sal-tk21","status":"publish","type":"page","link":"https:\/\/www.matinspired.com\/es\/prueba-de-deteccion-de-sal-tk21\/","title":{"rendered":"Kit de Prueba de Detecci\u00f3n de Sal \/ Prueba de Nitrato de Plata &#8211; TK21"},"content":{"rendered":"\n\n\t\n<h1><strong>Prueba de Detecci\u00f3n de Sal &#8211; TK21<\/strong><\/h1>\n<p>&nbsp;<\/p>\n\t<strong>Sal<br \/>\nPrueba de detecci\u00f3n &#8211; TK21<br \/>\n<\/strong><strong><em>para la detecci\u00f3n de residuos de sal marina o sal de carretera en metal<\/em><\/strong>\n<p>Esta prueba te permite detectar rastros de sal en tu metal. Esta sal puede provenir, por ejemplo, del agua de mar o de la sal de carretera. La sal a menudo provoca una corrosi\u00f3n\/oxidaci\u00f3n acelerada de los metales, lo que puede causar da\u00f1os significativos en los productos de metal.<\/p>\n<p>Con este frasco gotero (15 ml) puedes realizar aproximadamente 100 pruebas<\/p>\n<strong>C\u00f3mo realizar esta prueba<br \/>\n<\/strong>\n<p>La prueba es sencilla. Utilizando el frasco gotero, puedes aplicar unas gotas de la soluci\u00f3n de nitrato de plata en cualquier tipo de metal. Si hay cloruros presentes, como sal marina o sal de carretera, la soluci\u00f3n reaccionar\u00e1 con ellos y producir\u00e1 un color blanco lechoso.<\/p>\n<p><strong>Algunas aplicaciones de esta prueba<\/strong><\/p>\n<p>Con esta prueba, por ejemplo, puedes verificar el espacio de carga vac\u00edo de los buques de navegaci\u00f3n mar\u00edtima en busca de residuos de agua de mar, es decir, residuos de sal marina. De esta manera, puedes evitar que los nuevos env\u00edos de metal se contaminen con agua de mar, lo que puede provocar \u00f3xido y da\u00f1os. Por lo tanto, se recomienda tener siempre esta prueba de detecci\u00f3n de cloruro (prueba de nitrato de plata) a bordo.<\/p>\n<p>Adem\u00e1s, puedes utilizar esta prueba para verificar, por ejemplo, si hay residuos de sal presentes en el metal suministrado. Por ejemplo, puede haber sal marina o sal de carretera que haya quedado en el metal durante el transporte.<\/p>\n<p><strong>Superficies met\u00e1licas adecuadas<\/strong><\/p>\n<p>El kit de prueba de detecci\u00f3n de sal TK21 es adecuado para una amplia gama de metales, incluyendo acero, acero inoxidable, aluminio y superficies pintadas. Para realizar pruebas en superficies de zinc o recubiertas de zinc, se requiere el kit de extensi\u00f3n TK21EX para zinc, adem\u00e1s del kit de prueba de detecci\u00f3n de sal TK21. Si desea solicitar el kit de extensi\u00f3n TK21EX, solo tiene que indicarlo en el formulario de presupuesto.<\/p>\n<strong>Fondo<\/strong><br \/>\nEsta prueba detecta el cloro en la sal (cloruro de sodio). Esta prueba contiene nitrato de plata como reactivo y, por lo tanto, a veces se denomina prueba de nitrato de plata.\n<figure itemscope itemtype=\"https:\/\/schema.org\/ImageObject\">\n\t\t\t\t<img decoding=\"async\" src=\"https:\/\/www.matinspired.com\/wp-content\/uploads\/2025\/12\/TK21_Testkit_saltdetection-4-scaled.jpg\" alt=\"Read More\" height=\"1687\" width=\"2560\" title=\"TK21_Testkit_saltdetection\" onerror=\"this.style.display='none'\" loading=\"lazy\" \/>\n\t<\/figure>\n<figure itemscope itemtype=\"https:\/\/schema.org\/ImageObject\">\n\t\t\t\t<img decoding=\"async\" src=\"https:\/\/www.matinspired.com\/wp-content\/uploads\/2024\/01\/TK21-Sal-prueba-de-deteccion.jpg\" alt=\"Sal prueba de deteccion\" title=\"Sal prueba de deteccion\" onerror=\"this.style.display='none'\" loading=\"lazy\" \/>\n\t<\/figure>\n\t\t\t<a href=\"https:\/\/www.matinspired.com\/es\/solicitud-de-presupuesto\/\/?artikel=TK21%20-%20Prueba%20de%20detecci\u00f3n%20de%20cloruro&#038;aantal-other=1\"  target=\"_self\">\n\t\t\t\t\t\tSolicitud de presupuesto\n\t\t\t\t\t<\/a>\n\t<p><em>El pedido s\u00f3lo es posible para empresas. Recibir\u00e1 nuestro presupuesto por correo electr\u00f3nico en uno o dos d\u00edas laborables. Una vez aceptado el presupuesto, le enviaremos el kit de prueba lo antes posible.<\/em><\/p>\n\t<p><i> Descargo de responsabilidad<br \/>\nAunque este producto se ha elaborado con el m\u00e1ximo cuidado, MATinspired B.V. no se hace responsable de los da\u00f1os derivados del uso o del contacto con el producto. Este m\u00e9todo de medici\u00f3n es s\u00f3lo una indicaci\u00f3n, y MATinspired B.V. no es responsable de los resultados de las pruebas. <\/i><\/p>\n\n\n","protected":false},"excerpt":{"rendered":"<p>Prueba de Detecci\u00f3n de Sal &#8211; TK21 &nbsp; Sal Prueba de detecci\u00f3n &#8211; TK21 para la detecci\u00f3n de residuos de sal marina o sal de carretera en metal Esta prueba te permite detectar rastros de sal en tu metal. Esta sal puede provenir, por ejemplo, del agua de mar o de la sal de carretera&#8230;.<\/p>\n","protected":false},"author":3,"featured_media":0,"parent":0,"menu_order":0,"comment_status":"closed","ping_status":"closed","template":"","meta":{"footnotes":""},"class_list":["post-3821","page","type-page","status-publish","hentry"],"yoast_head":"<!-- This site is optimized with the Yoast SEO plugin v27.5 - https:\/\/yoast.com\/product\/yoast-seo-wordpress\/ -->\n<title>Kit de Prueba de Detecci\u00f3n de Sal \/ Prueba de Nitrato de Plata - TK21<\/title>\n<meta name=\"description\" content=\"Esta prueba te permite detectar rastros de sal en tu metal. Esta sal puede provenir, por ejemplo, del agua de mar o de la sal de carretera.Detecte residuos de sal (cloruros) en superficies met\u00e1licas con el kit de prueba de nitrato de plata TK21. Prevenga la corrosi\u00f3n causada por el agua de mar o la sal de deshielo. R\u00e1pido y eficaz.\" \/>\n<meta name=\"robots\" content=\"index, follow, max-snippet:-1, max-image-preview:large, max-video-preview:-1\" \/>\n<link rel=\"canonical\" href=\"https:\/\/www.matinspired.com\/es\/prueba-de-deteccion-de-sal-tk21\/\" \/>\n<meta property=\"og:locale\" content=\"es_ES\" \/>\n<meta property=\"og:type\" content=\"article\" \/>\n<meta property=\"og:title\" content=\"Kit de Prueba de Detecci\u00f3n de Sal \/ Prueba de Nitrato de Plata - TK21\" \/>\n<meta property=\"og:description\" content=\"Esta prueba te permite detectar rastros de sal en tu metal. Esta sal puede provenir, por ejemplo, del agua de mar o de la sal de carretera.Detecte residuos de sal (cloruros) en superficies met\u00e1licas con el kit de prueba de nitrato de plata TK21. Prevenga la corrosi\u00f3n causada por el agua de mar o la sal de deshielo. R\u00e1pido y eficaz.\" \/>\n<meta property=\"og:url\" content=\"https:\/\/www.matinspired.com\/es\/prueba-de-deteccion-de-sal-tk21\/\" \/>\n<meta property=\"og:site_name\" content=\"Matinspired.com\" \/>\n<meta property=\"article:modified_time\" content=\"2026-03-06T13:08:13+00:00\" \/>\n<meta property=\"og:image\" content=\"https:\/\/www.matinspired.com\/wp-content\/uploads\/2025\/12\/TK21_Testkit_saltdetection-4-scaled.jpg\" \/>\n<meta name=\"twitter:card\" content=\"summary_large_image\" \/>\n<meta name=\"twitter:site\" content=\"@MATinspired\" \/>\n<meta name=\"twitter:label1\" content=\"Tiempo de lectura\" \/>\n\t<meta name=\"twitter:data1\" content=\"3 minutos\" \/>\n<script type=\"application\/ld+json\" class=\"yoast-schema-graph\">{\"@context\":\"https:\\\/\\\/schema.org\",\"@graph\":[{\"@type\":\"WebPage\",\"@id\":\"https:\\\/\\\/www.matinspired.com\\\/es\\\/prueba-de-deteccion-de-sal-tk21\\\/\",\"url\":\"https:\\\/\\\/www.matinspired.com\\\/es\\\/prueba-de-deteccion-de-sal-tk21\\\/\",\"name\":\"Kit de Prueba de Detecci\u00f3n de Sal \\\/ Prueba de Nitrato de Plata - TK21\",\"isPartOf\":{\"@id\":\"https:\\\/\\\/www.matinspired.com\\\/es\\\/#website\"},\"primaryImageOfPage\":{\"@id\":\"https:\\\/\\\/www.matinspired.com\\\/es\\\/prueba-de-deteccion-de-sal-tk21\\\/#primaryimage\"},\"image\":{\"@id\":\"https:\\\/\\\/www.matinspired.com\\\/es\\\/prueba-de-deteccion-de-sal-tk21\\\/#primaryimage\"},\"thumbnailUrl\":\"https:\\\/\\\/www.matinspired.com\\\/wp-content\\\/uploads\\\/2025\\\/12\\\/TK21_Testkit_saltdetection-4-scaled.jpg\",\"datePublished\":\"2023-02-23T09:36:08+00:00\",\"dateModified\":\"2026-03-06T13:08:13+00:00\",\"description\":\"Esta prueba te permite detectar rastros de sal en tu metal. Esta sal puede provenir, por ejemplo, del agua de mar o de la sal de carretera.Detecte residuos de sal (cloruros) en superficies met\u00e1licas con el kit de prueba de nitrato de plata TK21. Prevenga la corrosi\u00f3n causada por el agua de mar o la sal de deshielo. R\u00e1pido y eficaz.\",\"breadcrumb\":{\"@id\":\"https:\\\/\\\/www.matinspired.com\\\/es\\\/prueba-de-deteccion-de-sal-tk21\\\/#breadcrumb\"},\"inLanguage\":\"es\",\"potentialAction\":[{\"@type\":\"ReadAction\",\"target\":[\"https:\\\/\\\/www.matinspired.com\\\/es\\\/prueba-de-deteccion-de-sal-tk21\\\/\"]}]},{\"@type\":\"ImageObject\",\"inLanguage\":\"es\",\"@id\":\"https:\\\/\\\/www.matinspired.com\\\/es\\\/prueba-de-deteccion-de-sal-tk21\\\/#primaryimage\",\"url\":\"https:\\\/\\\/www.matinspired.com\\\/wp-content\\\/uploads\\\/2025\\\/12\\\/TK21_Testkit_saltdetection-4-scaled.jpg\",\"contentUrl\":\"https:\\\/\\\/www.matinspired.com\\\/wp-content\\\/uploads\\\/2025\\\/12\\\/TK21_Testkit_saltdetection-4-scaled.jpg\"},{\"@type\":\"BreadcrumbList\",\"@id\":\"https:\\\/\\\/www.matinspired.com\\\/es\\\/prueba-de-deteccion-de-sal-tk21\\\/#breadcrumb\",\"itemListElement\":[{\"@type\":\"ListItem\",\"position\":1,\"name\":\"Home\",\"item\":\"https:\\\/\\\/www.matinspired.com\\\/es\\\/\"},{\"@type\":\"ListItem\",\"position\":2,\"name\":\"Kit de Prueba de Detecci\u00f3n de Sal \\\/ Prueba de Nitrato de Plata &#8211; TK21\"}]},{\"@type\":\"WebSite\",\"@id\":\"https:\\\/\\\/www.matinspired.com\\\/es\\\/#website\",\"url\":\"https:\\\/\\\/www.matinspired.com\\\/es\\\/\",\"name\":\"Matinspired.com\",\"description\":\"Chromium-6 test kits and more\",\"publisher\":{\"@id\":\"https:\\\/\\\/www.matinspired.com\\\/es\\\/#organization\"},\"potentialAction\":[{\"@type\":\"SearchAction\",\"target\":{\"@type\":\"EntryPoint\",\"urlTemplate\":\"https:\\\/\\\/www.matinspired.com\\\/es\\\/?s={search_term_string}\"},\"query-input\":{\"@type\":\"PropertyValueSpecification\",\"valueRequired\":true,\"valueName\":\"search_term_string\"}}],\"inLanguage\":\"es\"},{\"@type\":\"Organization\",\"@id\":\"https:\\\/\\\/www.matinspired.com\\\/es\\\/#organization\",\"name\":\"MATinspired B.V.\",\"url\":\"https:\\\/\\\/www.matinspired.com\\\/es\\\/\",\"logo\":{\"@type\":\"ImageObject\",\"inLanguage\":\"es\",\"@id\":\"https:\\\/\\\/www.matinspired.com\\\/es\\\/#\\\/schema\\\/logo\\\/image\\\/\",\"url\":\"https:\\\/\\\/www.matinspired.com\\\/wp-content\\\/uploads\\\/2023\\\/03\\\/LogoMATinspiredPO-696x969-1.jpg\",\"contentUrl\":\"https:\\\/\\\/www.matinspired.com\\\/wp-content\\\/uploads\\\/2023\\\/03\\\/LogoMATinspiredPO-696x969-1.jpg\",\"width\":696,\"height\":696,\"caption\":\"MATinspired B.V.\"},\"image\":{\"@id\":\"https:\\\/\\\/www.matinspired.com\\\/es\\\/#\\\/schema\\\/logo\\\/image\\\/\"},\"sameAs\":[\"https:\\\/\\\/x.com\\\/MATinspired\"]}]}<\/script>\n<!-- \/ Yoast SEO plugin. -->","yoast_head_json":{"title":"Kit de Prueba de Detecci\u00f3n de Sal \/ Prueba de Nitrato de Plata - TK21","description":"Esta prueba te permite detectar rastros de sal en tu metal. Esta sal puede provenir, por ejemplo, del agua de mar o de la sal de carretera.Detecte residuos de sal (cloruros) en superficies met\u00e1licas con el kit de prueba de nitrato de plata TK21. Prevenga la corrosi\u00f3n causada por el agua de mar o la sal de deshielo. R\u00e1pido y eficaz.","robots":{"index":"index","follow":"follow","max-snippet":"max-snippet:-1","max-image-preview":"max-image-preview:large","max-video-preview":"max-video-preview:-1"},"canonical":"https:\/\/www.matinspired.com\/es\/prueba-de-deteccion-de-sal-tk21\/","og_locale":"es_ES","og_type":"article","og_title":"Kit de Prueba de Detecci\u00f3n de Sal \/ Prueba de Nitrato de Plata - TK21","og_description":"Esta prueba te permite detectar rastros de sal en tu metal. Esta sal puede provenir, por ejemplo, del agua de mar o de la sal de carretera.Detecte residuos de sal (cloruros) en superficies met\u00e1licas con el kit de prueba de nitrato de plata TK21. Prevenga la corrosi\u00f3n causada por el agua de mar o la sal de deshielo. R\u00e1pido y eficaz.","og_url":"https:\/\/www.matinspired.com\/es\/prueba-de-deteccion-de-sal-tk21\/","og_site_name":"Matinspired.com","article_modified_time":"2026-03-06T13:08:13+00:00","og_image":[{"url":"https:\/\/www.matinspired.com\/wp-content\/uploads\/2025\/12\/TK21_Testkit_saltdetection-4-scaled.jpg","type":"","width":"","height":""}],"twitter_card":"summary_large_image","twitter_site":"@MATinspired","twitter_misc":{"Tiempo de lectura":"3 minutos"},"schema":{"@context":"https:\/\/schema.org","@graph":[{"@type":"WebPage","@id":"https:\/\/www.matinspired.com\/es\/prueba-de-deteccion-de-sal-tk21\/","url":"https:\/\/www.matinspired.com\/es\/prueba-de-deteccion-de-sal-tk21\/","name":"Kit de Prueba de Detecci\u00f3n de Sal \/ Prueba de Nitrato de Plata - TK21","isPartOf":{"@id":"https:\/\/www.matinspired.com\/es\/#website"},"primaryImageOfPage":{"@id":"https:\/\/www.matinspired.com\/es\/prueba-de-deteccion-de-sal-tk21\/#primaryimage"},"image":{"@id":"https:\/\/www.matinspired.com\/es\/prueba-de-deteccion-de-sal-tk21\/#primaryimage"},"thumbnailUrl":"https:\/\/www.matinspired.com\/wp-content\/uploads\/2025\/12\/TK21_Testkit_saltdetection-4-scaled.jpg","datePublished":"2023-02-23T09:36:08+00:00","dateModified":"2026-03-06T13:08:13+00:00","description":"Esta prueba te permite detectar rastros de sal en tu metal. Esta sal puede provenir, por ejemplo, del agua de mar o de la sal de carretera.Detecte residuos de sal (cloruros) en superficies met\u00e1licas con el kit de prueba de nitrato de plata TK21. Prevenga la corrosi\u00f3n causada por el agua de mar o la sal de deshielo. R\u00e1pido y eficaz.","breadcrumb":{"@id":"https:\/\/www.matinspired.com\/es\/prueba-de-deteccion-de-sal-tk21\/#breadcrumb"},"inLanguage":"es","potentialAction":[{"@type":"ReadAction","target":["https:\/\/www.matinspired.com\/es\/prueba-de-deteccion-de-sal-tk21\/"]}]},{"@type":"ImageObject","inLanguage":"es","@id":"https:\/\/www.matinspired.com\/es\/prueba-de-deteccion-de-sal-tk21\/#primaryimage","url":"https:\/\/www.matinspired.com\/wp-content\/uploads\/2025\/12\/TK21_Testkit_saltdetection-4-scaled.jpg","contentUrl":"https:\/\/www.matinspired.com\/wp-content\/uploads\/2025\/12\/TK21_Testkit_saltdetection-4-scaled.jpg"},{"@type":"BreadcrumbList","@id":"https:\/\/www.matinspired.com\/es\/prueba-de-deteccion-de-sal-tk21\/#breadcrumb","itemListElement":[{"@type":"ListItem","position":1,"name":"Home","item":"https:\/\/www.matinspired.com\/es\/"},{"@type":"ListItem","position":2,"name":"Kit de Prueba de Detecci\u00f3n de Sal \/ Prueba de Nitrato de Plata &#8211; TK21"}]},{"@type":"WebSite","@id":"https:\/\/www.matinspired.com\/es\/#website","url":"https:\/\/www.matinspired.com\/es\/","name":"Matinspired.com","description":"Chromium-6 test kits and more","publisher":{"@id":"https:\/\/www.matinspired.com\/es\/#organization"},"potentialAction":[{"@type":"SearchAction","target":{"@type":"EntryPoint","urlTemplate":"https:\/\/www.matinspired.com\/es\/?s={search_term_string}"},"query-input":{"@type":"PropertyValueSpecification","valueRequired":true,"valueName":"search_term_string"}}],"inLanguage":"es"},{"@type":"Organization","@id":"https:\/\/www.matinspired.com\/es\/#organization","name":"MATinspired B.V.","url":"https:\/\/www.matinspired.com\/es\/","logo":{"@type":"ImageObject","inLanguage":"es","@id":"https:\/\/www.matinspired.com\/es\/#\/schema\/logo\/image\/","url":"https:\/\/www.matinspired.com\/wp-content\/uploads\/2023\/03\/LogoMATinspiredPO-696x969-1.jpg","contentUrl":"https:\/\/www.matinspired.com\/wp-content\/uploads\/2023\/03\/LogoMATinspiredPO-696x969-1.jpg","width":696,"height":696,"caption":"MATinspired B.V."},"image":{"@id":"https:\/\/www.matinspired.com\/es\/#\/schema\/logo\/image\/"},"sameAs":["https:\/\/x.com\/MATinspired"]}]}},"jetpack_sharing_enabled":true,"_links":{"self":[{"href":"https:\/\/www.matinspired.com\/es\/wp-json\/wp\/v2\/pages\/3821","targetHints":{"allow":["GET"]}}],"collection":[{"href":"https:\/\/www.matinspired.com\/es\/wp-json\/wp\/v2\/pages"}],"about":[{"href":"https:\/\/www.matinspired.com\/es\/wp-json\/wp\/v2\/types\/page"}],"author":[{"embeddable":true,"href":"https:\/\/www.matinspired.com\/es\/wp-json\/wp\/v2\/users\/3"}],"replies":[{"embeddable":true,"href":"https:\/\/www.matinspired.com\/es\/wp-json\/wp\/v2\/comments?post=3821"}],"version-history":[{"count":8,"href":"https:\/\/www.matinspired.com\/es\/wp-json\/wp\/v2\/pages\/3821\/revisions"}],"predecessor-version":[{"id":74462,"href":"https:\/\/www.matinspired.com\/es\/wp-json\/wp\/v2\/pages\/3821\/revisions\/74462"}],"wp:attachment":[{"href":"https:\/\/www.matinspired.com\/es\/wp-json\/wp\/v2\/media?parent=3821"}],"curies":[{"name":"wp","href":"https:\/\/api.w.org\/{rel}","templated":true}]}}