{"id":3816,"date":"2023-03-16T11:43:50","date_gmt":"2023-03-16T10:43:50","guid":{"rendered":"https:\/\/www.matinspired.com\/303-stainless-steel-identification-testkit-tk14\/"},"modified":"2025-01-23T10:03:29","modified_gmt":"2025-01-23T09:03:29","slug":"303-stainless-steel-identification-testkit-tk14","status":"publish","type":"page","link":"https:\/\/www.matinspired.com\/es\/303-stainless-steel-identification-testkit-tk14\/","title":{"rendered":"Kit de prueba de identificaci\u00f3n de acero inoxidable 303 &#8211; TK14"},"content":{"rendered":"\n\n\t<h1><strong>Kit de Prueba de Identificaci\u00f3n de Acero Inoxidable 303 &#8211; TK14<\/strong><\/h1>\n<p>&nbsp;<\/p>\n\t\t\t\t<img decoding=\"async\" src=\"https:\/\/www.matinspired.com\/wp-content\/plugins\/bb-plugin\/img\/pixel.png\" alt=\"\" itemprop=\"image\" onerror=\"this.style.display='none'\"  \/>\n\t<h2><strong>Acero inoxidable 303<br \/>\n<\/strong><strong>Kit de Prueba de Identificaci\u00f3n &#8211; TK14<br \/>\n<\/strong><em><strong><br \/>\n<\/strong><\/em><\/h2>\n<p>Este kit de prueba le permite identificar f\u00e1cilmente el acero inoxidable 303. Si tiene un acero inoxidable 303, la prueba dar\u00e1 un resultado de color negro.<\/p>\n<p>Puede realizar unas 30 pruebas con este kit de prueba. Una prueba toma s\u00f3lo dos minutos.<\/p>\n\t<h3><strong>Uso<\/strong><\/h3>\n<p>Puede comprobar f\u00e1cil y r\u00e1pidamente si su acero inoxidable es del tipo 303 u otro tipo, como el 304: cuando su acero inoxidable es del tipo 303, la prueba produce una clara decoloraci\u00f3n negra. Esta decoloraci\u00f3n es causada por la presencia de azufre en el acero inoxidable 303. Con, por ejemplo, el 304 (o 316), la prueba permanece blanca porque no contiene azufre.<\/p>\n<p><strong>Antecedentes del acero inoxidable 303<\/strong><\/p>\n<p>El acero inoxidable 303 es muy adecuado para el mecanizado debido a la adici\u00f3n del elemento azufre. Sin embargo, el azufre tiene un efecto adverso en la conformabilidad, soldabilidad y resistencia a la corrosi\u00f3n. El acero inoxidable 304 (y 316) no contiene azufre. Como resultado, el acero inoxidable 304 tiene buena resistencia a la corrosi\u00f3n y es f\u00e1cil de soldar.<\/p>\n\t\t\t\t<img loading=\"lazy\" decoding=\"async\" src=\"https:\/\/www.matinspired.com\/wp-content\/uploads\/2023\/03\/IMG_8358-1024x683-1.jpg\" alt=\"303 Stainless Steel Identification Test Kit - TK14\" itemprop=\"image\" height=\"683\" width=\"1024\" title=\"IMG_8358-1024x683\" onerror=\"this.style.display='none'\"  \/>\n\t\t\t<a href=\"https:\/\/www.matinspired.com\/es\/solicitud-de-presupuesto\/?artikel=TK14%20-%20Kit%20de%20prueba%20de%20identificaci\u00f3n%20de%20acero%20inoxidable%20303&#038;aantal-other=1\" target=\"_self\">\n\t\t\t\t\t\tSolicitud de presupuesto\n\t\t\t\t\t<\/a>\n\t<p><em>El pedido s\u00f3lo es posible para empresas. Recibir\u00e1 nuestro presupuesto por correo electr\u00f3nico en uno o dos d\u00edas laborables. Una vez aceptado el presupuesto, le enviaremos el kit de pruebas lo antes posible.<\/em><\/p>\n\t<p><i> Descargo de responsabilidad<br \/>\nAunque este producto se ha elaborado con el m\u00e1ximo cuidado, MATinspired B.V. no se hace responsable de los da\u00f1os derivados del uso o del contacto con el producto. Este m\u00e9todo de medici\u00f3n es s\u00f3lo una indicaci\u00f3n, y MATinspired B.V. no es responsable de los resultados de las pruebas. <\/i><\/p>\n\n\n","protected":false},"excerpt":{"rendered":"<p>Kit de Prueba de Identificaci\u00f3n de Acero Inoxidable 303 &#8211; TK14 &nbsp; Acero inoxidable 303 Kit de Prueba de Identificaci\u00f3n &#8211; TK14 Este kit de prueba le permite identificar f\u00e1cilmente el acero inoxidable 303. Si tiene un acero inoxidable 303, la prueba dar\u00e1 un resultado de color negro. Puede realizar unas 30 pruebas con este&#8230;<\/p>\n","protected":false},"author":3,"featured_media":0,"parent":0,"menu_order":0,"comment_status":"closed","ping_status":"closed","template":"","meta":{"footnotes":""},"class_list":["post-3816","page","type-page","status-publish","hentry"],"yoast_head":"<!-- This site is optimized with the Yoast SEO plugin v27.2 - https:\/\/yoast.com\/product\/yoast-seo-wordpress\/ -->\n<title>Kit de prueba de identificaci\u00f3n de acero inoxidable 303 - TK14 - Matinspired.com<\/title>\n<meta name=\"description\" content=\"This test kit allows you to easily identify 303 stainless steel: if you have a 303 stainless steel the test will give a clear black result.\" \/>\n<meta name=\"robots\" content=\"index, follow, max-snippet:-1, max-image-preview:large, max-video-preview:-1\" \/>\n<link rel=\"canonical\" href=\"https:\/\/www.matinspired.com\/es\/303-stainless-steel-identification-testkit-tk14\/\" \/>\n<meta property=\"og:locale\" content=\"es_ES\" \/>\n<meta property=\"og:type\" content=\"article\" \/>\n<meta property=\"og:title\" content=\"Kit de prueba de identificaci\u00f3n de acero inoxidable 303 - TK14 - Matinspired.com\" \/>\n<meta property=\"og:description\" content=\"This test kit allows you to easily identify 303 stainless steel: if you have a 303 stainless steel the test will give a clear black result.\" \/>\n<meta property=\"og:url\" content=\"https:\/\/www.matinspired.com\/es\/303-stainless-steel-identification-testkit-tk14\/\" \/>\n<meta property=\"og:site_name\" content=\"Matinspired.com\" \/>\n<meta property=\"article:modified_time\" content=\"2025-01-23T09:03:29+00:00\" \/>\n<meta property=\"og:image\" content=\"https:\/\/www.matinspired.com\/wp-content\/plugins\/bb-plugin\/img\/pixel.png\" \/>\n<meta name=\"twitter:card\" content=\"summary_large_image\" \/>\n<meta name=\"twitter:site\" content=\"@MATinspired\" \/>\n<meta name=\"twitter:label1\" content=\"Tiempo de lectura\" \/>\n\t<meta name=\"twitter:data1\" content=\"2 minutos\" \/>\n<script type=\"application\/ld+json\" class=\"yoast-schema-graph\">{\"@context\":\"https:\/\/schema.org\",\"@graph\":[{\"@type\":\"WebPage\",\"@id\":\"https:\/\/www.matinspired.com\/es\/303-stainless-steel-identification-testkit-tk14\/\",\"url\":\"https:\/\/www.matinspired.com\/es\/303-stainless-steel-identification-testkit-tk14\/\",\"name\":\"Kit de prueba de identificaci\u00f3n de acero inoxidable 303 - TK14 - Matinspired.com\",\"isPartOf\":{\"@id\":\"https:\/\/www.matinspired.com\/es\/#website\"},\"primaryImageOfPage\":{\"@id\":\"https:\/\/www.matinspired.com\/es\/303-stainless-steel-identification-testkit-tk14\/#primaryimage\"},\"image\":{\"@id\":\"https:\/\/www.matinspired.com\/es\/303-stainless-steel-identification-testkit-tk14\/#primaryimage\"},\"thumbnailUrl\":\"https:\/\/www.matinspired.com\/wp-content\/plugins\/bb-plugin\/img\/pixel.png\",\"datePublished\":\"2023-03-16T10:43:50+00:00\",\"dateModified\":\"2025-01-23T09:03:29+00:00\",\"description\":\"This test kit allows you to easily identify 303 stainless steel: if you have a 303 stainless steel the test will give a clear black result.\",\"breadcrumb\":{\"@id\":\"https:\/\/www.matinspired.com\/es\/303-stainless-steel-identification-testkit-tk14\/#breadcrumb\"},\"inLanguage\":\"es\",\"potentialAction\":[{\"@type\":\"ReadAction\",\"target\":[\"https:\/\/www.matinspired.com\/es\/303-stainless-steel-identification-testkit-tk14\/\"]}]},{\"@type\":\"ImageObject\",\"inLanguage\":\"es\",\"@id\":\"https:\/\/www.matinspired.com\/es\/303-stainless-steel-identification-testkit-tk14\/#primaryimage\",\"url\":\"https:\/\/www.matinspired.com\/wp-content\/plugins\/bb-plugin\/img\/pixel.png\",\"contentUrl\":\"https:\/\/www.matinspired.com\/wp-content\/plugins\/bb-plugin\/img\/pixel.png\"},{\"@type\":\"BreadcrumbList\",\"@id\":\"https:\/\/www.matinspired.com\/es\/303-stainless-steel-identification-testkit-tk14\/#breadcrumb\",\"itemListElement\":[{\"@type\":\"ListItem\",\"position\":1,\"name\":\"Home\",\"item\":\"https:\/\/www.matinspired.com\/es\/\"},{\"@type\":\"ListItem\",\"position\":2,\"name\":\"Kit de prueba de identificaci\u00f3n de acero inoxidable 303 &#8211; TK14\"}]},{\"@type\":\"WebSite\",\"@id\":\"https:\/\/www.matinspired.com\/es\/#website\",\"url\":\"https:\/\/www.matinspired.com\/es\/\",\"name\":\"Matinspired.com\",\"description\":\"Chromium-6 test kits and more\",\"publisher\":{\"@id\":\"https:\/\/www.matinspired.com\/es\/#organization\"},\"potentialAction\":[{\"@type\":\"SearchAction\",\"target\":{\"@type\":\"EntryPoint\",\"urlTemplate\":\"https:\/\/www.matinspired.com\/es\/?s={search_term_string}\"},\"query-input\":{\"@type\":\"PropertyValueSpecification\",\"valueRequired\":true,\"valueName\":\"search_term_string\"}}],\"inLanguage\":\"es\"},{\"@type\":\"Organization\",\"@id\":\"https:\/\/www.matinspired.com\/es\/#organization\",\"name\":\"MATinspired B.V.\",\"url\":\"https:\/\/www.matinspired.com\/es\/\",\"logo\":{\"@type\":\"ImageObject\",\"inLanguage\":\"es\",\"@id\":\"https:\/\/www.matinspired.com\/es\/#\/schema\/logo\/image\/\",\"url\":\"https:\/\/www.matinspired.com\/wp-content\/uploads\/2023\/03\/LogoMATinspiredPO-696x969-1.jpg\",\"contentUrl\":\"https:\/\/www.matinspired.com\/wp-content\/uploads\/2023\/03\/LogoMATinspiredPO-696x969-1.jpg\",\"width\":696,\"height\":696,\"caption\":\"MATinspired B.V.\"},\"image\":{\"@id\":\"https:\/\/www.matinspired.com\/es\/#\/schema\/logo\/image\/\"},\"sameAs\":[\"https:\/\/x.com\/MATinspired\"]}]}<\/script>\n<!-- \/ Yoast SEO plugin. -->","yoast_head_json":{"title":"Kit de prueba de identificaci\u00f3n de acero inoxidable 303 - TK14 - Matinspired.com","description":"This test kit allows you to easily identify 303 stainless steel: if you have a 303 stainless steel the test will give a clear black result.","robots":{"index":"index","follow":"follow","max-snippet":"max-snippet:-1","max-image-preview":"max-image-preview:large","max-video-preview":"max-video-preview:-1"},"canonical":"https:\/\/www.matinspired.com\/es\/303-stainless-steel-identification-testkit-tk14\/","og_locale":"es_ES","og_type":"article","og_title":"Kit de prueba de identificaci\u00f3n de acero inoxidable 303 - TK14 - Matinspired.com","og_description":"This test kit allows you to easily identify 303 stainless steel: if you have a 303 stainless steel the test will give a clear black result.","og_url":"https:\/\/www.matinspired.com\/es\/303-stainless-steel-identification-testkit-tk14\/","og_site_name":"Matinspired.com","article_modified_time":"2025-01-23T09:03:29+00:00","og_image":[{"url":"https:\/\/www.matinspired.com\/wp-content\/plugins\/bb-plugin\/img\/pixel.png","type":"","width":"","height":""}],"twitter_card":"summary_large_image","twitter_site":"@MATinspired","twitter_misc":{"Tiempo de lectura":"2 minutos"},"schema":{"@context":"https:\/\/schema.org","@graph":[{"@type":"WebPage","@id":"https:\/\/www.matinspired.com\/es\/303-stainless-steel-identification-testkit-tk14\/","url":"https:\/\/www.matinspired.com\/es\/303-stainless-steel-identification-testkit-tk14\/","name":"Kit de prueba de identificaci\u00f3n de acero inoxidable 303 - TK14 - Matinspired.com","isPartOf":{"@id":"https:\/\/www.matinspired.com\/es\/#website"},"primaryImageOfPage":{"@id":"https:\/\/www.matinspired.com\/es\/303-stainless-steel-identification-testkit-tk14\/#primaryimage"},"image":{"@id":"https:\/\/www.matinspired.com\/es\/303-stainless-steel-identification-testkit-tk14\/#primaryimage"},"thumbnailUrl":"https:\/\/www.matinspired.com\/wp-content\/plugins\/bb-plugin\/img\/pixel.png","datePublished":"2023-03-16T10:43:50+00:00","dateModified":"2025-01-23T09:03:29+00:00","description":"This test kit allows you to easily identify 303 stainless steel: if you have a 303 stainless steel the test will give a clear black result.","breadcrumb":{"@id":"https:\/\/www.matinspired.com\/es\/303-stainless-steel-identification-testkit-tk14\/#breadcrumb"},"inLanguage":"es","potentialAction":[{"@type":"ReadAction","target":["https:\/\/www.matinspired.com\/es\/303-stainless-steel-identification-testkit-tk14\/"]}]},{"@type":"ImageObject","inLanguage":"es","@id":"https:\/\/www.matinspired.com\/es\/303-stainless-steel-identification-testkit-tk14\/#primaryimage","url":"https:\/\/www.matinspired.com\/wp-content\/plugins\/bb-plugin\/img\/pixel.png","contentUrl":"https:\/\/www.matinspired.com\/wp-content\/plugins\/bb-plugin\/img\/pixel.png"},{"@type":"BreadcrumbList","@id":"https:\/\/www.matinspired.com\/es\/303-stainless-steel-identification-testkit-tk14\/#breadcrumb","itemListElement":[{"@type":"ListItem","position":1,"name":"Home","item":"https:\/\/www.matinspired.com\/es\/"},{"@type":"ListItem","position":2,"name":"Kit de prueba de identificaci\u00f3n de acero inoxidable 303 &#8211; TK14"}]},{"@type":"WebSite","@id":"https:\/\/www.matinspired.com\/es\/#website","url":"https:\/\/www.matinspired.com\/es\/","name":"Matinspired.com","description":"Chromium-6 test kits and more","publisher":{"@id":"https:\/\/www.matinspired.com\/es\/#organization"},"potentialAction":[{"@type":"SearchAction","target":{"@type":"EntryPoint","urlTemplate":"https:\/\/www.matinspired.com\/es\/?s={search_term_string}"},"query-input":{"@type":"PropertyValueSpecification","valueRequired":true,"valueName":"search_term_string"}}],"inLanguage":"es"},{"@type":"Organization","@id":"https:\/\/www.matinspired.com\/es\/#organization","name":"MATinspired B.V.","url":"https:\/\/www.matinspired.com\/es\/","logo":{"@type":"ImageObject","inLanguage":"es","@id":"https:\/\/www.matinspired.com\/es\/#\/schema\/logo\/image\/","url":"https:\/\/www.matinspired.com\/wp-content\/uploads\/2023\/03\/LogoMATinspiredPO-696x969-1.jpg","contentUrl":"https:\/\/www.matinspired.com\/wp-content\/uploads\/2023\/03\/LogoMATinspiredPO-696x969-1.jpg","width":696,"height":696,"caption":"MATinspired B.V."},"image":{"@id":"https:\/\/www.matinspired.com\/es\/#\/schema\/logo\/image\/"},"sameAs":["https:\/\/x.com\/MATinspired"]}]}},"jetpack_sharing_enabled":true,"_links":{"self":[{"href":"https:\/\/www.matinspired.com\/es\/wp-json\/wp\/v2\/pages\/3816","targetHints":{"allow":["GET"]}}],"collection":[{"href":"https:\/\/www.matinspired.com\/es\/wp-json\/wp\/v2\/pages"}],"about":[{"href":"https:\/\/www.matinspired.com\/es\/wp-json\/wp\/v2\/types\/page"}],"author":[{"embeddable":true,"href":"https:\/\/www.matinspired.com\/es\/wp-json\/wp\/v2\/users\/3"}],"replies":[{"embeddable":true,"href":"https:\/\/www.matinspired.com\/es\/wp-json\/wp\/v2\/comments?post=3816"}],"version-history":[{"count":2,"href":"https:\/\/www.matinspired.com\/es\/wp-json\/wp\/v2\/pages\/3816\/revisions"}],"predecessor-version":[{"id":64063,"href":"https:\/\/www.matinspired.com\/es\/wp-json\/wp\/v2\/pages\/3816\/revisions\/64063"}],"wp:attachment":[{"href":"https:\/\/www.matinspired.com\/es\/wp-json\/wp\/v2\/media?parent=3816"}],"curies":[{"name":"wp","href":"https:\/\/api.w.org\/{rel}","templated":true}]}}