{"id":3812,"date":"2023-02-15T12:00:44","date_gmt":"2023-02-15T11:00:44","guid":{"rendered":"https:\/\/www.matinspired.com\/ferroxyl-test-tk13\/"},"modified":"2026-01-26T11:50:21","modified_gmt":"2026-01-26T10:50:21","slug":"ferroxyl-test-tk13","status":"publish","type":"page","link":"https:\/\/www.matinspired.com\/es\/ferroxyl-test-tk13\/","title":{"rendered":"Kit de prueba Ferroxyl para la identificaci\u00f3n de hierro libre \u2013 TK13"},"content":{"rendered":"\r\n\r\n\t<h1><strong>Kit de Prueba de Ferroxilo &#8211; TK13<\/strong><\/h1>\r\n\t<strong>Ferroxilo<br \/>\r\nKit de Prueba &#8211; TK13<br \/>\r\n<\/strong><strong><em>para la identificaci\u00f3n de hierro libre seg\u00fan ASTM A380<\/em><\/strong><em><strong><br \/>\r\n<\/strong><\/em>\r\n<p>El hierro libre en la superficie de su acero inoxidable puede provocar oxidaci\u00f3n. La presencia de hierro libre puede ser el resultado, por ejemplo, de part\u00edculas de desbaste que han ca\u00eddo sobre su metal, o porque su acero inoxidable no ha sido adecuadamente pasivado, como despu\u00e9s de soldar.<\/p>\r\n<p>\u00bfDesea comprobar si su acero inoxidable no contiene hierro libre? Entonces utilice nuestro Kit Profesional de Prueba Ferroxilo para obtener un resultado r\u00e1pido y confiable. Su prueba mostrar\u00e1 un resultado de color azul cuando haya hierro libre en la superficie de su material.<\/p>\r\n<p>Este kit de prueba contiene 100 pruebas. La prueba de ferroxilo se realiza seg\u00fan la norma <a href=\"https:\/\/www.astm.org\/Standards\/A380.htm\" target=\"_blank\" rel=\"noopener noreferrer\">ASTM A380.<\/a><\/p>\r\n<p>El kit de prueba se suministra con un manual en ingl\u00e9s y hojas de datos de seguridad.<\/p>\r\n\t<p><em>Ejemplo de una prueba de ferroxilo en una soldadura de acero inoxidable que no ha sido suficientemente pasivada<\/em><\/p>\r\n\t<p><em>Ejemplo de una prueba de ferroxilo para hierro libre en acero inoxidable<\/em><\/p>\r\n\t\t<iframe loading=\"lazy\" title=\"Video instructiva del kit de prueba Ferroxyl MATinspired - TK13\" width=\"640\" height=\"360\" src=\"https:\/\/www.youtube.com\/embed\/xQUUY8RL8CA?feature=oembed\" frameborder=\"0\" allow=\"accelerometer; autoplay; clipboard-write; encrypted-media; gyroscope; picture-in-picture; web-share\" referrerpolicy=\"strict-origin-when-cross-origin\" allowfullscreen><\/iframe>\t\r\n\t<h3><strong>Uso<\/strong><\/h3>\r\n<p>Con este kit de prueba, puedes comprobar si tu acero inoxidable no contiene hierro libre. De esta manera, puedes verificar si tu metal es resistente a la corrosi\u00f3n y, por lo tanto, prevenir reclamaciones de material y da\u00f1os a tu producto.<\/p>\r\n<p>Por ejemplo, se puede utilizar para los aceros inoxidables de las series austen\u00edticas 200 y 300, como el 304 y el 316. Por ejemplo, puedes verificar si este acero est\u00e1 suficientemente decapado y pasivado.<\/p>\r\n<p>Cuando hay hierro libre en la superficie de tu acero inoxidable, tu prueba mostrar\u00e1 un resultado de color azul. La prueba de ferroxilo se realiza seg\u00fan la norma <a href=\"https:\/\/www.astm.org\/Standards\/A380.htm\" target=\"_blank\" rel=\"noopener noreferrer\">ASTM A380.<\/a><\/p>\r\n\t\t\t\t<img decoding=\"async\" src=\"https:\/\/www.matinspired.nl\/wp-content\/uploads\/2016\/05\/IMG_8397-scaled.jpg\" alt=\"IMG_8397-scaled.jpg\" itemprop=\"image\" title=\"IMG_8397-scaled.jpg\" onerror=\"this.style.display='none'\" loading=\"lazy\" \/>\r\n\t\t\t<a href=\"https:\/\/www.matinspired.com\/es\/solicitud-de-presupuesto\/?artikel=TK13.%20-%20Kit%20de%20Prueba%20de%20Ferroxilo&#038;aantal-other=1\" target=\"_self\">\r\n\t\t\t\t\t\tSolicitud de presupuesto\r\n\t\t\t\t\t<\/a>\r\n\t<p><em>Los pedidos del Kit de Prueba Ferroxilo solo son posibles para empresas de Europa y el Reino Unido.<\/em><\/p>\r\n<p><em>Recibir\u00e1 nuestro presupuesto por correo electr\u00f3nico en uno o dos d\u00edas laborables. Una vez aceptado el presupuesto, le enviaremos el kit de pruebas lo antes posible.<\/em><\/p>\r\n\t<p><i> Descargo de responsabilidad<br \/>\nAunque este producto se ha elaborado con el m\u00e1ximo cuidado, MATinspired B.V. no se hace responsable de los da\u00f1os derivados del uso o del contacto con el producto. Este m\u00e9todo de medici\u00f3n es s\u00f3lo una indicaci\u00f3n, y MATinspired B.V. no es responsable de los resultados de las pruebas. <\/i><\/p>\n\r\n\r\n","protected":false},"excerpt":{"rendered":"<p>Kit de Prueba de Ferroxilo &#8211; TK13 Ferroxilo Kit de Prueba &#8211; TK13 para la identificaci\u00f3n de hierro libre seg\u00fan ASTM A380 El hierro libre en la superficie de su acero inoxidable puede provocar oxidaci\u00f3n. La presencia de hierro libre puede ser el resultado, por ejemplo, de part\u00edculas de desbaste que han ca\u00eddo sobre su&#8230;<\/p>\n","protected":false},"author":3,"featured_media":0,"parent":0,"menu_order":0,"comment_status":"closed","ping_status":"closed","template":"","meta":{"footnotes":""},"class_list":["post-3812","page","type-page","status-publish","hentry"],"yoast_head":"<!-- This site is optimized with the Yoast SEO plugin v27.2 - https:\/\/yoast.com\/product\/yoast-seo-wordpress\/ -->\n<title>Kit de prueba Ferroxyl para la identificaci\u00f3n de hierro libre \u2013 TK13<\/title>\n<meta name=\"description\" content=\"Con este kit de prueba Ferroxyl es posible detectar la presencia de hierro libre en el acero inoxidable. La presencia de hierro libre se manifiesta mediante una coloraci\u00f3n azul. El kit cumple con la norma ASTM A380.\" \/>\n<meta name=\"robots\" content=\"index, follow, max-snippet:-1, max-image-preview:large, max-video-preview:-1\" \/>\n<link rel=\"canonical\" href=\"https:\/\/www.matinspired.com\/es\/ferroxyl-test-tk13\/\" \/>\n<meta property=\"og:locale\" content=\"es_ES\" \/>\n<meta property=\"og:type\" content=\"article\" \/>\n<meta property=\"og:title\" content=\"Kit de prueba Ferroxyl para la identificaci\u00f3n de hierro libre \u2013 TK13\" \/>\n<meta property=\"og:description\" content=\"Con este kit de prueba Ferroxyl es posible detectar la presencia de hierro libre en el acero inoxidable. La presencia de hierro libre se manifiesta mediante una coloraci\u00f3n azul. El kit cumple con la norma ASTM A380.\" \/>\n<meta property=\"og:url\" content=\"https:\/\/www.matinspired.com\/es\/ferroxyl-test-tk13\/\" \/>\n<meta property=\"og:site_name\" content=\"Matinspired.com\" \/>\n<meta property=\"article:modified_time\" content=\"2026-01-26T10:50:21+00:00\" \/>\n<meta property=\"og:image\" content=\"https:\/\/www.matinspired.nl\/wp-content\/uploads\/2016\/05\/IMG_8397-scaled.jpg\" \/>\n<meta name=\"twitter:card\" content=\"summary_large_image\" \/>\n<meta name=\"twitter:site\" content=\"@MATinspired\" \/>\n<meta name=\"twitter:label1\" content=\"Tiempo de lectura\" \/>\n\t<meta name=\"twitter:data1\" content=\"3 minutos\" \/>\n<script type=\"application\/ld+json\" class=\"yoast-schema-graph\">{\"@context\":\"https:\/\/schema.org\",\"@graph\":[{\"@type\":\"WebPage\",\"@id\":\"https:\/\/www.matinspired.com\/es\/ferroxyl-test-tk13\/\",\"url\":\"https:\/\/www.matinspired.com\/es\/ferroxyl-test-tk13\/\",\"name\":\"Kit de prueba Ferroxyl para la identificaci\u00f3n de hierro libre \u2013 TK13\",\"isPartOf\":{\"@id\":\"https:\/\/www.matinspired.com\/es\/#website\"},\"primaryImageOfPage\":{\"@id\":\"https:\/\/www.matinspired.com\/es\/ferroxyl-test-tk13\/#primaryimage\"},\"image\":{\"@id\":\"https:\/\/www.matinspired.com\/es\/ferroxyl-test-tk13\/#primaryimage\"},\"thumbnailUrl\":\"https:\/\/www.matinspired.nl\/wp-content\/uploads\/2016\/05\/IMG_8397-scaled.jpg\",\"datePublished\":\"2023-02-15T11:00:44+00:00\",\"dateModified\":\"2026-01-26T10:50:21+00:00\",\"description\":\"Con este kit de prueba Ferroxyl es posible detectar la presencia de hierro libre en el acero inoxidable. La presencia de hierro libre se manifiesta mediante una coloraci\u00f3n azul. El kit cumple con la norma ASTM A380.\",\"breadcrumb\":{\"@id\":\"https:\/\/www.matinspired.com\/es\/ferroxyl-test-tk13\/#breadcrumb\"},\"inLanguage\":\"es\",\"potentialAction\":[{\"@type\":\"ReadAction\",\"target\":[\"https:\/\/www.matinspired.com\/es\/ferroxyl-test-tk13\/\"]}]},{\"@type\":\"ImageObject\",\"inLanguage\":\"es\",\"@id\":\"https:\/\/www.matinspired.com\/es\/ferroxyl-test-tk13\/#primaryimage\",\"url\":\"https:\/\/www.matinspired.nl\/wp-content\/uploads\/2016\/05\/IMG_8397-scaled.jpg\",\"contentUrl\":\"https:\/\/www.matinspired.nl\/wp-content\/uploads\/2016\/05\/IMG_8397-scaled.jpg\"},{\"@type\":\"BreadcrumbList\",\"@id\":\"https:\/\/www.matinspired.com\/es\/ferroxyl-test-tk13\/#breadcrumb\",\"itemListElement\":[{\"@type\":\"ListItem\",\"position\":1,\"name\":\"Home\",\"item\":\"https:\/\/www.matinspired.com\/es\/\"},{\"@type\":\"ListItem\",\"position\":2,\"name\":\"Kit de prueba Ferroxyl para la identificaci\u00f3n de hierro libre \u2013 TK13\"}]},{\"@type\":\"WebSite\",\"@id\":\"https:\/\/www.matinspired.com\/es\/#website\",\"url\":\"https:\/\/www.matinspired.com\/es\/\",\"name\":\"Matinspired.com\",\"description\":\"Chromium-6 test kits and more\",\"publisher\":{\"@id\":\"https:\/\/www.matinspired.com\/es\/#organization\"},\"potentialAction\":[{\"@type\":\"SearchAction\",\"target\":{\"@type\":\"EntryPoint\",\"urlTemplate\":\"https:\/\/www.matinspired.com\/es\/?s={search_term_string}\"},\"query-input\":{\"@type\":\"PropertyValueSpecification\",\"valueRequired\":true,\"valueName\":\"search_term_string\"}}],\"inLanguage\":\"es\"},{\"@type\":\"Organization\",\"@id\":\"https:\/\/www.matinspired.com\/es\/#organization\",\"name\":\"MATinspired B.V.\",\"url\":\"https:\/\/www.matinspired.com\/es\/\",\"logo\":{\"@type\":\"ImageObject\",\"inLanguage\":\"es\",\"@id\":\"https:\/\/www.matinspired.com\/es\/#\/schema\/logo\/image\/\",\"url\":\"https:\/\/www.matinspired.com\/wp-content\/uploads\/2023\/03\/LogoMATinspiredPO-696x969-1.jpg\",\"contentUrl\":\"https:\/\/www.matinspired.com\/wp-content\/uploads\/2023\/03\/LogoMATinspiredPO-696x969-1.jpg\",\"width\":696,\"height\":696,\"caption\":\"MATinspired B.V.\"},\"image\":{\"@id\":\"https:\/\/www.matinspired.com\/es\/#\/schema\/logo\/image\/\"},\"sameAs\":[\"https:\/\/x.com\/MATinspired\"]}]}<\/script>\n<!-- \/ Yoast SEO plugin. -->","yoast_head_json":{"title":"Kit de prueba Ferroxyl para la identificaci\u00f3n de hierro libre \u2013 TK13","description":"Con este kit de prueba Ferroxyl es posible detectar la presencia de hierro libre en el acero inoxidable. La presencia de hierro libre se manifiesta mediante una coloraci\u00f3n azul. El kit cumple con la norma ASTM A380.","robots":{"index":"index","follow":"follow","max-snippet":"max-snippet:-1","max-image-preview":"max-image-preview:large","max-video-preview":"max-video-preview:-1"},"canonical":"https:\/\/www.matinspired.com\/es\/ferroxyl-test-tk13\/","og_locale":"es_ES","og_type":"article","og_title":"Kit de prueba Ferroxyl para la identificaci\u00f3n de hierro libre \u2013 TK13","og_description":"Con este kit de prueba Ferroxyl es posible detectar la presencia de hierro libre en el acero inoxidable. La presencia de hierro libre se manifiesta mediante una coloraci\u00f3n azul. El kit cumple con la norma ASTM A380.","og_url":"https:\/\/www.matinspired.com\/es\/ferroxyl-test-tk13\/","og_site_name":"Matinspired.com","article_modified_time":"2026-01-26T10:50:21+00:00","og_image":[{"url":"https:\/\/www.matinspired.nl\/wp-content\/uploads\/2016\/05\/IMG_8397-scaled.jpg","type":"","width":"","height":""}],"twitter_card":"summary_large_image","twitter_site":"@MATinspired","twitter_misc":{"Tiempo de lectura":"3 minutos"},"schema":{"@context":"https:\/\/schema.org","@graph":[{"@type":"WebPage","@id":"https:\/\/www.matinspired.com\/es\/ferroxyl-test-tk13\/","url":"https:\/\/www.matinspired.com\/es\/ferroxyl-test-tk13\/","name":"Kit de prueba Ferroxyl para la identificaci\u00f3n de hierro libre \u2013 TK13","isPartOf":{"@id":"https:\/\/www.matinspired.com\/es\/#website"},"primaryImageOfPage":{"@id":"https:\/\/www.matinspired.com\/es\/ferroxyl-test-tk13\/#primaryimage"},"image":{"@id":"https:\/\/www.matinspired.com\/es\/ferroxyl-test-tk13\/#primaryimage"},"thumbnailUrl":"https:\/\/www.matinspired.nl\/wp-content\/uploads\/2016\/05\/IMG_8397-scaled.jpg","datePublished":"2023-02-15T11:00:44+00:00","dateModified":"2026-01-26T10:50:21+00:00","description":"Con este kit de prueba Ferroxyl es posible detectar la presencia de hierro libre en el acero inoxidable. La presencia de hierro libre se manifiesta mediante una coloraci\u00f3n azul. El kit cumple con la norma ASTM A380.","breadcrumb":{"@id":"https:\/\/www.matinspired.com\/es\/ferroxyl-test-tk13\/#breadcrumb"},"inLanguage":"es","potentialAction":[{"@type":"ReadAction","target":["https:\/\/www.matinspired.com\/es\/ferroxyl-test-tk13\/"]}]},{"@type":"ImageObject","inLanguage":"es","@id":"https:\/\/www.matinspired.com\/es\/ferroxyl-test-tk13\/#primaryimage","url":"https:\/\/www.matinspired.nl\/wp-content\/uploads\/2016\/05\/IMG_8397-scaled.jpg","contentUrl":"https:\/\/www.matinspired.nl\/wp-content\/uploads\/2016\/05\/IMG_8397-scaled.jpg"},{"@type":"BreadcrumbList","@id":"https:\/\/www.matinspired.com\/es\/ferroxyl-test-tk13\/#breadcrumb","itemListElement":[{"@type":"ListItem","position":1,"name":"Home","item":"https:\/\/www.matinspired.com\/es\/"},{"@type":"ListItem","position":2,"name":"Kit de prueba Ferroxyl para la identificaci\u00f3n de hierro libre \u2013 TK13"}]},{"@type":"WebSite","@id":"https:\/\/www.matinspired.com\/es\/#website","url":"https:\/\/www.matinspired.com\/es\/","name":"Matinspired.com","description":"Chromium-6 test kits and more","publisher":{"@id":"https:\/\/www.matinspired.com\/es\/#organization"},"potentialAction":[{"@type":"SearchAction","target":{"@type":"EntryPoint","urlTemplate":"https:\/\/www.matinspired.com\/es\/?s={search_term_string}"},"query-input":{"@type":"PropertyValueSpecification","valueRequired":true,"valueName":"search_term_string"}}],"inLanguage":"es"},{"@type":"Organization","@id":"https:\/\/www.matinspired.com\/es\/#organization","name":"MATinspired B.V.","url":"https:\/\/www.matinspired.com\/es\/","logo":{"@type":"ImageObject","inLanguage":"es","@id":"https:\/\/www.matinspired.com\/es\/#\/schema\/logo\/image\/","url":"https:\/\/www.matinspired.com\/wp-content\/uploads\/2023\/03\/LogoMATinspiredPO-696x969-1.jpg","contentUrl":"https:\/\/www.matinspired.com\/wp-content\/uploads\/2023\/03\/LogoMATinspiredPO-696x969-1.jpg","width":696,"height":696,"caption":"MATinspired B.V."},"image":{"@id":"https:\/\/www.matinspired.com\/es\/#\/schema\/logo\/image\/"},"sameAs":["https:\/\/x.com\/MATinspired"]}]}},"jetpack_sharing_enabled":true,"_links":{"self":[{"href":"https:\/\/www.matinspired.com\/es\/wp-json\/wp\/v2\/pages\/3812","targetHints":{"allow":["GET"]}}],"collection":[{"href":"https:\/\/www.matinspired.com\/es\/wp-json\/wp\/v2\/pages"}],"about":[{"href":"https:\/\/www.matinspired.com\/es\/wp-json\/wp\/v2\/types\/page"}],"author":[{"embeddable":true,"href":"https:\/\/www.matinspired.com\/es\/wp-json\/wp\/v2\/users\/3"}],"replies":[{"embeddable":true,"href":"https:\/\/www.matinspired.com\/es\/wp-json\/wp\/v2\/comments?post=3812"}],"version-history":[{"count":5,"href":"https:\/\/www.matinspired.com\/es\/wp-json\/wp\/v2\/pages\/3812\/revisions"}],"predecessor-version":[{"id":69846,"href":"https:\/\/www.matinspired.com\/es\/wp-json\/wp\/v2\/pages\/3812\/revisions\/69846"}],"wp:attachment":[{"href":"https:\/\/www.matinspired.com\/es\/wp-json\/wp\/v2\/media?parent=3812"}],"curies":[{"name":"wp","href":"https:\/\/api.w.org\/{rel}","templated":true}]}}