{"id":3807,"date":"2023-03-10T10:49:48","date_gmt":"2023-03-10T09:49:48","guid":{"rendered":"https:\/\/www.matinspired.com\/304-316-stainless-steel-identification-test-kit-tk05-matinspired\/"},"modified":"2026-02-03T10:29:48","modified_gmt":"2026-02-03T09:29:48","slug":"304-316-stainless-steel-identification-test-kit-tk05-matinspired","status":"publish","type":"page","link":"https:\/\/www.matinspired.com\/es\/304-316-stainless-steel-identification-test-kit-tk05-matinspired\/","title":{"rendered":"Kit de prueba para la identificaci\u00f3n de acero inoxidable 304 &#8211; 316 \u2013 TK05"},"content":{"rendered":"\r\n\r\n\t<h1><strong>Kit de Prueba de Identificaci\u00f3n de Acero Inoxidable 304-316 &#8211; TK05<\/strong><\/h1>\r\n<p>&nbsp;<\/p>\r\n\t<h2><strong>304-316 Acero Inoxidable<br \/>\r\n<\/strong><strong>Kit de prueba de identificaci\u00f3n &#8211; TK05<\/strong><strong><br \/>\r\n<\/strong><em><strong>para el material de acero inoxidable tipo 304 y tipo 316<br \/>\r\n<\/strong><\/em><\/h2>\r\n<p>Con este kit de prueba puedes verificar si tu material de acero inoxidable es de tipo 304 o 316. En el caso de un metal 316, la prueba mostrar\u00e1 un distintivo color rosa.<\/p>\r\n<p>Este kit de prueba contiene 20 hisopos de prueba, l\u00edquido de prueba, un electrodo, material de prueba 304 y 316 y un manual.<\/p>\r\n<p>Los hisopos de prueba tienen una vida \u00fatil de 3 meses. Los juegos de recarga para 20 pruebas est\u00e1n disponibles adicionalmente (TK05RF).<\/p>\r\n\t<h3><strong>Uso<\/strong><\/h3>\r\n<p>Puede realizar la prueba directamente en cualquier producto de acero inoxidable. Primero, coloque el hisopo de prueba sobre el metal. Luego, humedezca el hisopo de prueba con el l\u00edquido de prueba suministrado. A continuaci\u00f3n, haga contacto con el electrodo durante aproximadamente medio minuto. (El kit de prueba utiliza un voltaje de bater\u00eda baja y segura). Esto provoca una decoloraci\u00f3n del hisopo de prueba.<\/p>\r\n<ul>\r\n<li>En el caso de un metal 304, el hisopo de prueba se volver\u00e1 de color amarillo claro\/marr\u00f3n.<\/li>\r\n<li>En el caso de un metal 316, el hisopo de prueba se volver\u00e1 de color rosa\/morado distintivo.<\/li>\r\n<\/ul>\r\n<p>Este kit de prueba tambi\u00e9n es conocido como &#8216;prueba de molibdeno&#8217; ya que detecta el molibdeno. Dado que el molibdeno est\u00e1 presente en el 316, esto da lugar al color rosa\/p\u00farpura del hisopo de prueba.<\/p>\r\n\t\t\t\t<img decoding=\"async\" src=\"https:\/\/www.matinspired.com\/wp-content\/uploads\/2023\/09\/TK05-oefen2-4-jpg.webp\" alt=\"TK05 oefen2\" itemprop=\"image\" height=\"1000\" width=\"1500\" title=\"TK05 oefen2\" onerror=\"this.style.display='none'\" loading=\"lazy\" \/>\r\n\t\t\t<a href=\"https:\/\/www.matinspired.com\/es\/solicitud-de-presupuesto\/?artikel=TK05.%20-%20Kit%20de%20prueba%20de%20identificaci\u00f3n%20de%20acero%20inoxidable%20304%20-%20316&#038;aantal-other=1\" target=\"_self\">\r\n\t\t\t\t\t\tSolicitud de presupuesto\r\n\t\t\t\t\t<\/a>\r\n\t<p><em>El pedido solo es posible para empresas en Europa y United Kingdom.<\/em><\/p>\r\n<p><em> Recibir\u00e1 nuestro presupuesto por correo electr\u00f3nico en uno o dos d\u00edas laborables. Una vez aceptado el presupuesto, le enviaremos el kit de pruebas lo antes posible.<\/em><\/p>\r\n\t\t<iframe loading=\"lazy\" title=\"Video instruccional para la indentificati\u00f3n del acero inoxidable 304 - 316 TK05 MATinspired\" width=\"640\" height=\"360\" src=\"https:\/\/www.youtube.com\/embed\/05vKXWfPUr4?feature=oembed\" frameborder=\"0\" allow=\"accelerometer; autoplay; clipboard-write; encrypted-media; gyroscope; picture-in-picture; web-share\" referrerpolicy=\"strict-origin-when-cross-origin\" allowfullscreen><\/iframe>\t\r\n\t\t\t\t<img decoding=\"async\" src=\"https:\/\/www.matinspired.com\/wp-content\/uploads\/2023\/03\/304-3016-test-with-electrode-683x1024-1.jpg\" alt=\"Performing the test on a piece of metal\" itemprop=\"image\" title=\"304-3016-test-with-electrode-683x1024-1\" onerror=\"this.style.display='none'\" loading=\"lazy\" \/>\r\n\t<p><em>Realizaci\u00f3n de la prueba en una pieza de metal.<\/em><\/p>\r\n\t\t\t\t<img decoding=\"async\" src=\"https:\/\/www.matinspired.com\/wp-content\/uploads\/2023\/03\/Voorbeeld-304-316-teststaven.jpg\" alt=\"Voorbeeld-304-316-teststaven\" itemprop=\"image\" height=\"965\" width=\"1000\" title=\"Voorbeeld-304-316-teststaven\" onerror=\"this.style.display='none'\" loading=\"lazy\" \/>\r\n\t<p><em>Ejemplo de decoloraci\u00f3n del hisopo de prueba despu\u00e9s de la prueba en un metal 304 y 316.<\/em><\/p>\r\n\t<p><i> Descargo de responsabilidad<br \/>\nAunque este producto se ha elaborado con el m\u00e1ximo cuidado, MATinspired B.V. no se hace responsable de los da\u00f1os derivados del uso o del contacto con el producto. Este m\u00e9todo de medici\u00f3n es s\u00f3lo una indicaci\u00f3n, y MATinspired B.V. no es responsable de los resultados de las pruebas. <\/i><\/p>\n\r\n\r\n","protected":false},"excerpt":{"rendered":"<p>Kit de Prueba de Identificaci\u00f3n de Acero Inoxidable 304-316 &#8211; TK05 &nbsp; 304-316 Acero Inoxidable Kit de prueba de identificaci\u00f3n &#8211; TK05 para el material de acero inoxidable tipo 304 y tipo 316 Con este kit de prueba puedes verificar si tu material de acero inoxidable es de tipo 304 o 316. En el caso&#8230;<\/p>\n","protected":false},"author":3,"featured_media":0,"parent":0,"menu_order":0,"comment_status":"closed","ping_status":"closed","template":"","meta":{"footnotes":""},"class_list":["post-3807","page","type-page","status-publish","hentry"],"yoast_head":"<!-- This site is optimized with the Yoast SEO plugin v27.2 - https:\/\/yoast.com\/product\/yoast-seo-wordpress\/ -->\n<title>Kit de prueba para la identificaci\u00f3n de acero inoxidable 304 - 316 \u2013 TK05 - Matinspired.com<\/title>\n<meta name=\"description\" content=\"Este kit de prueba le permite determinar r\u00e1pidamente si un acero inoxidable es de tipo 304 o 316. Al entrar en contacto con acero de tipo 316, la varilla de prueba se vuelve de color rosa\/morado. Tambi\u00e9n conocido como prueba de molibdeno.\" \/>\n<meta name=\"robots\" content=\"index, follow, max-snippet:-1, max-image-preview:large, max-video-preview:-1\" \/>\n<link rel=\"canonical\" href=\"https:\/\/www.matinspired.com\/es\/304-316-stainless-steel-identification-test-kit-tk05-matinspired\/\" \/>\n<meta property=\"og:locale\" content=\"es_ES\" \/>\n<meta property=\"og:type\" content=\"article\" \/>\n<meta property=\"og:title\" content=\"Kit de prueba para la identificaci\u00f3n de acero inoxidable 304 - 316 \u2013 TK05 - Matinspired.com\" \/>\n<meta property=\"og:description\" content=\"Este kit de prueba le permite determinar r\u00e1pidamente si un acero inoxidable es de tipo 304 o 316. Al entrar en contacto con acero de tipo 316, la varilla de prueba se vuelve de color rosa\/morado. Tambi\u00e9n conocido como prueba de molibdeno.\" \/>\n<meta property=\"og:url\" content=\"https:\/\/www.matinspired.com\/es\/304-316-stainless-steel-identification-test-kit-tk05-matinspired\/\" \/>\n<meta property=\"og:site_name\" content=\"Matinspired.com\" \/>\n<meta property=\"article:modified_time\" content=\"2026-02-03T09:29:48+00:00\" \/>\n<meta property=\"og:image\" content=\"https:\/\/www.matinspired.com\/wp-content\/uploads\/2023\/09\/TK05-oefen2-4-jpg.webp\" \/>\n<meta name=\"twitter:card\" content=\"summary_large_image\" \/>\n<meta name=\"twitter:site\" content=\"@MATinspired\" \/>\n<meta name=\"twitter:label1\" content=\"Tiempo de lectura\" \/>\n\t<meta name=\"twitter:data1\" content=\"3 minutos\" \/>\n<script type=\"application\/ld+json\" class=\"yoast-schema-graph\">{\"@context\":\"https:\/\/schema.org\",\"@graph\":[{\"@type\":\"WebPage\",\"@id\":\"https:\/\/www.matinspired.com\/es\/304-316-stainless-steel-identification-test-kit-tk05-matinspired\/\",\"url\":\"https:\/\/www.matinspired.com\/es\/304-316-stainless-steel-identification-test-kit-tk05-matinspired\/\",\"name\":\"Kit de prueba para la identificaci\u00f3n de acero inoxidable 304 - 316 \u2013 TK05 - Matinspired.com\",\"isPartOf\":{\"@id\":\"https:\/\/www.matinspired.com\/es\/#website\"},\"primaryImageOfPage\":{\"@id\":\"https:\/\/www.matinspired.com\/es\/304-316-stainless-steel-identification-test-kit-tk05-matinspired\/#primaryimage\"},\"image\":{\"@id\":\"https:\/\/www.matinspired.com\/es\/304-316-stainless-steel-identification-test-kit-tk05-matinspired\/#primaryimage\"},\"thumbnailUrl\":\"https:\/\/www.matinspired.com\/wp-content\/uploads\/2023\/09\/TK05-oefen2-4-jpg.webp\",\"datePublished\":\"2023-03-10T09:49:48+00:00\",\"dateModified\":\"2026-02-03T09:29:48+00:00\",\"description\":\"Este kit de prueba le permite determinar r\u00e1pidamente si un acero inoxidable es de tipo 304 o 316. Al entrar en contacto con acero de tipo 316, la varilla de prueba se vuelve de color rosa\/morado. Tambi\u00e9n conocido como prueba de molibdeno.\",\"breadcrumb\":{\"@id\":\"https:\/\/www.matinspired.com\/es\/304-316-stainless-steel-identification-test-kit-tk05-matinspired\/#breadcrumb\"},\"inLanguage\":\"es\",\"potentialAction\":[{\"@type\":\"ReadAction\",\"target\":[\"https:\/\/www.matinspired.com\/es\/304-316-stainless-steel-identification-test-kit-tk05-matinspired\/\"]}]},{\"@type\":\"ImageObject\",\"inLanguage\":\"es\",\"@id\":\"https:\/\/www.matinspired.com\/es\/304-316-stainless-steel-identification-test-kit-tk05-matinspired\/#primaryimage\",\"url\":\"https:\/\/www.matinspired.com\/wp-content\/uploads\/2023\/09\/TK05-oefen2-4-jpg.webp\",\"contentUrl\":\"https:\/\/www.matinspired.com\/wp-content\/uploads\/2023\/09\/TK05-oefen2-4-jpg.webp\"},{\"@type\":\"BreadcrumbList\",\"@id\":\"https:\/\/www.matinspired.com\/es\/304-316-stainless-steel-identification-test-kit-tk05-matinspired\/#breadcrumb\",\"itemListElement\":[{\"@type\":\"ListItem\",\"position\":1,\"name\":\"Home\",\"item\":\"https:\/\/www.matinspired.com\/es\/\"},{\"@type\":\"ListItem\",\"position\":2,\"name\":\"Kit de prueba para la identificaci\u00f3n de acero inoxidable 304 &#8211; 316 \u2013 TK05\"}]},{\"@type\":\"WebSite\",\"@id\":\"https:\/\/www.matinspired.com\/es\/#website\",\"url\":\"https:\/\/www.matinspired.com\/es\/\",\"name\":\"Matinspired.com\",\"description\":\"Chromium-6 test kits and more\",\"publisher\":{\"@id\":\"https:\/\/www.matinspired.com\/es\/#organization\"},\"potentialAction\":[{\"@type\":\"SearchAction\",\"target\":{\"@type\":\"EntryPoint\",\"urlTemplate\":\"https:\/\/www.matinspired.com\/es\/?s={search_term_string}\"},\"query-input\":{\"@type\":\"PropertyValueSpecification\",\"valueRequired\":true,\"valueName\":\"search_term_string\"}}],\"inLanguage\":\"es\"},{\"@type\":\"Organization\",\"@id\":\"https:\/\/www.matinspired.com\/es\/#organization\",\"name\":\"MATinspired B.V.\",\"url\":\"https:\/\/www.matinspired.com\/es\/\",\"logo\":{\"@type\":\"ImageObject\",\"inLanguage\":\"es\",\"@id\":\"https:\/\/www.matinspired.com\/es\/#\/schema\/logo\/image\/\",\"url\":\"https:\/\/www.matinspired.com\/wp-content\/uploads\/2023\/03\/LogoMATinspiredPO-696x969-1.jpg\",\"contentUrl\":\"https:\/\/www.matinspired.com\/wp-content\/uploads\/2023\/03\/LogoMATinspiredPO-696x969-1.jpg\",\"width\":696,\"height\":696,\"caption\":\"MATinspired B.V.\"},\"image\":{\"@id\":\"https:\/\/www.matinspired.com\/es\/#\/schema\/logo\/image\/\"},\"sameAs\":[\"https:\/\/x.com\/MATinspired\"]}]}<\/script>\n<!-- \/ Yoast SEO plugin. -->","yoast_head_json":{"title":"Kit de prueba para la identificaci\u00f3n de acero inoxidable 304 - 316 \u2013 TK05 - Matinspired.com","description":"Este kit de prueba le permite determinar r\u00e1pidamente si un acero inoxidable es de tipo 304 o 316. Al entrar en contacto con acero de tipo 316, la varilla de prueba se vuelve de color rosa\/morado. Tambi\u00e9n conocido como prueba de molibdeno.","robots":{"index":"index","follow":"follow","max-snippet":"max-snippet:-1","max-image-preview":"max-image-preview:large","max-video-preview":"max-video-preview:-1"},"canonical":"https:\/\/www.matinspired.com\/es\/304-316-stainless-steel-identification-test-kit-tk05-matinspired\/","og_locale":"es_ES","og_type":"article","og_title":"Kit de prueba para la identificaci\u00f3n de acero inoxidable 304 - 316 \u2013 TK05 - Matinspired.com","og_description":"Este kit de prueba le permite determinar r\u00e1pidamente si un acero inoxidable es de tipo 304 o 316. Al entrar en contacto con acero de tipo 316, la varilla de prueba se vuelve de color rosa\/morado. Tambi\u00e9n conocido como prueba de molibdeno.","og_url":"https:\/\/www.matinspired.com\/es\/304-316-stainless-steel-identification-test-kit-tk05-matinspired\/","og_site_name":"Matinspired.com","article_modified_time":"2026-02-03T09:29:48+00:00","og_image":[{"url":"https:\/\/www.matinspired.com\/wp-content\/uploads\/2023\/09\/TK05-oefen2-4-jpg.webp","type":"","width":"","height":""}],"twitter_card":"summary_large_image","twitter_site":"@MATinspired","twitter_misc":{"Tiempo de lectura":"3 minutos"},"schema":{"@context":"https:\/\/schema.org","@graph":[{"@type":"WebPage","@id":"https:\/\/www.matinspired.com\/es\/304-316-stainless-steel-identification-test-kit-tk05-matinspired\/","url":"https:\/\/www.matinspired.com\/es\/304-316-stainless-steel-identification-test-kit-tk05-matinspired\/","name":"Kit de prueba para la identificaci\u00f3n de acero inoxidable 304 - 316 \u2013 TK05 - Matinspired.com","isPartOf":{"@id":"https:\/\/www.matinspired.com\/es\/#website"},"primaryImageOfPage":{"@id":"https:\/\/www.matinspired.com\/es\/304-316-stainless-steel-identification-test-kit-tk05-matinspired\/#primaryimage"},"image":{"@id":"https:\/\/www.matinspired.com\/es\/304-316-stainless-steel-identification-test-kit-tk05-matinspired\/#primaryimage"},"thumbnailUrl":"https:\/\/www.matinspired.com\/wp-content\/uploads\/2023\/09\/TK05-oefen2-4-jpg.webp","datePublished":"2023-03-10T09:49:48+00:00","dateModified":"2026-02-03T09:29:48+00:00","description":"Este kit de prueba le permite determinar r\u00e1pidamente si un acero inoxidable es de tipo 304 o 316. Al entrar en contacto con acero de tipo 316, la varilla de prueba se vuelve de color rosa\/morado. Tambi\u00e9n conocido como prueba de molibdeno.","breadcrumb":{"@id":"https:\/\/www.matinspired.com\/es\/304-316-stainless-steel-identification-test-kit-tk05-matinspired\/#breadcrumb"},"inLanguage":"es","potentialAction":[{"@type":"ReadAction","target":["https:\/\/www.matinspired.com\/es\/304-316-stainless-steel-identification-test-kit-tk05-matinspired\/"]}]},{"@type":"ImageObject","inLanguage":"es","@id":"https:\/\/www.matinspired.com\/es\/304-316-stainless-steel-identification-test-kit-tk05-matinspired\/#primaryimage","url":"https:\/\/www.matinspired.com\/wp-content\/uploads\/2023\/09\/TK05-oefen2-4-jpg.webp","contentUrl":"https:\/\/www.matinspired.com\/wp-content\/uploads\/2023\/09\/TK05-oefen2-4-jpg.webp"},{"@type":"BreadcrumbList","@id":"https:\/\/www.matinspired.com\/es\/304-316-stainless-steel-identification-test-kit-tk05-matinspired\/#breadcrumb","itemListElement":[{"@type":"ListItem","position":1,"name":"Home","item":"https:\/\/www.matinspired.com\/es\/"},{"@type":"ListItem","position":2,"name":"Kit de prueba para la identificaci\u00f3n de acero inoxidable 304 &#8211; 316 \u2013 TK05"}]},{"@type":"WebSite","@id":"https:\/\/www.matinspired.com\/es\/#website","url":"https:\/\/www.matinspired.com\/es\/","name":"Matinspired.com","description":"Chromium-6 test kits and more","publisher":{"@id":"https:\/\/www.matinspired.com\/es\/#organization"},"potentialAction":[{"@type":"SearchAction","target":{"@type":"EntryPoint","urlTemplate":"https:\/\/www.matinspired.com\/es\/?s={search_term_string}"},"query-input":{"@type":"PropertyValueSpecification","valueRequired":true,"valueName":"search_term_string"}}],"inLanguage":"es"},{"@type":"Organization","@id":"https:\/\/www.matinspired.com\/es\/#organization","name":"MATinspired B.V.","url":"https:\/\/www.matinspired.com\/es\/","logo":{"@type":"ImageObject","inLanguage":"es","@id":"https:\/\/www.matinspired.com\/es\/#\/schema\/logo\/image\/","url":"https:\/\/www.matinspired.com\/wp-content\/uploads\/2023\/03\/LogoMATinspiredPO-696x969-1.jpg","contentUrl":"https:\/\/www.matinspired.com\/wp-content\/uploads\/2023\/03\/LogoMATinspiredPO-696x969-1.jpg","width":696,"height":696,"caption":"MATinspired B.V."},"image":{"@id":"https:\/\/www.matinspired.com\/es\/#\/schema\/logo\/image\/"},"sameAs":["https:\/\/x.com\/MATinspired"]}]}},"jetpack_sharing_enabled":true,"_links":{"self":[{"href":"https:\/\/www.matinspired.com\/es\/wp-json\/wp\/v2\/pages\/3807","targetHints":{"allow":["GET"]}}],"collection":[{"href":"https:\/\/www.matinspired.com\/es\/wp-json\/wp\/v2\/pages"}],"about":[{"href":"https:\/\/www.matinspired.com\/es\/wp-json\/wp\/v2\/types\/page"}],"author":[{"embeddable":true,"href":"https:\/\/www.matinspired.com\/es\/wp-json\/wp\/v2\/users\/3"}],"replies":[{"embeddable":true,"href":"https:\/\/www.matinspired.com\/es\/wp-json\/wp\/v2\/comments?post=3807"}],"version-history":[{"count":9,"href":"https:\/\/www.matinspired.com\/es\/wp-json\/wp\/v2\/pages\/3807\/revisions"}],"predecessor-version":[{"id":71029,"href":"https:\/\/www.matinspired.com\/es\/wp-json\/wp\/v2\/pages\/3807\/revisions\/71029"}],"wp:attachment":[{"href":"https:\/\/www.matinspired.com\/es\/wp-json\/wp\/v2\/media?parent=3807"}],"curies":[{"name":"wp","href":"https:\/\/api.w.org\/{rel}","templated":true}]}}