{"id":2262,"date":"2020-12-21T15:20:10","date_gmt":"2020-12-21T14:20:10","guid":{"rendered":"https:\/\/www.matinspired.com\/lead-detection-test-kit-tk08\/"},"modified":"2026-02-24T16:10:25","modified_gmt":"2026-02-24T15:10:25","slug":"kit-de-deteccion-de-plomo-tk08","status":"publish","type":"page","link":"https:\/\/www.matinspired.com\/es\/kit-de-deteccion-de-plomo-tk08\/","title":{"rendered":"Kit de Prueba de Detecci\u00f3n de Plomo &#8211; TK08"},"content":{"rendered":"\n\n\t<strong><br \/>\nKit de Prueba de Detecci\u00f3n de Plomo &#8211; TK08<\/strong>\n<p>&nbsp;<\/p>\n<p>&nbsp;<\/p>\n\t<strong>Plomo<br \/>\nKit de Detecci\u00f3n &#8211; TK08<br \/>\n<\/strong><strong><em>para varios materiales como capas de pintura, electr\u00f3nica y metales<\/em><\/strong>\n<p>El plomo (Pb) puede ser da\u00f1ino para la salud humana y el medio ambiente. Con este kit puede comprobar f\u00e1cilmente la presencia de plomo en capas de pintura, revestimientos, metales, soldaduras, electr\u00f3nica, tuber\u00edas de agua y otros materiales. Si el hisopo se vuelve rojo, indica la presencia de plomo en el material analizado. El uso del kit producir\u00e1 resultados r\u00e1pidos, seguros y confiables, que pueden ayudarlo a asegurarse de que sus materiales sean seguros.<\/p>\n<p>Este kit de prueba contiene 50 hisopos de prueba de plomo. El kit de prueba se suministra adem\u00e1s con un frasco gotero, una muestra de prueba y un manual en ingl\u00e9s. Los manuales en otros idiomas y las fichas de datos de seguridad se pueden descargar utilizando el c\u00f3digo QR proporcionado.<\/p>\n<figure itemscope itemtype=\"https:\/\/schema.org\/ImageObject\">\n\t\t\t\t<img decoding=\"async\" src=\"https:\/\/www.matinspired.com\/wp-content\/uploads\/2026\/02\/TK08-Positieve-en-negatieve-test-ES.jpg\" alt=\"TK08 Positieve en negatieve test - ES\" height=\"1063\" width=\"1913\" title=\"TK08 Positieve en negatieve test - ES\" onerror=\"this.style.display='none'\" loading=\"lazy\" \/>\n\t<\/figure>\n\t<p><strong>Ventajas del kit de prueba de detecci\u00f3n de plomo TK08<\/strong><\/p>\n<p>Nuestro kit de prueba est\u00e1 dise\u00f1ado para uso industrial. El embalaje es compacto y resistente, lo que facilita su transporte al lugar de la prueba y su almacenamiento. Fabricamos este kit de prueba internamente, lo que nos permite un control total sobre el aseguramiento de la calidad.<\/p>\n<p>A continuaci\u00f3n se enumeran algunas ventajas adicionales del kit de prueba de detecci\u00f3n de plomo TK08:<\/p>\n<strong>\u221a<\/strong> Muestra de prueba incluida.<br \/>\n<strong>\u221a<\/strong> Fichas de datos de seguridad proporcionadas.<br \/>\n<strong>\u221a<\/strong> Sin reacciones cruzadas con otros materiales como cadmio, cobre, hierro y zinc.<br \/>\n<strong>\u221a<\/strong> Instrucciones claras (incluidas fotos) proporcionadas.<br \/>\n<strong>\u221a<\/strong> Especificaciones disponibles con l\u00edmite de detecci\u00f3n indicado.<br \/>\n<strong>\u221a<\/strong> Entregado completo, listo para usar.<br \/>\n<strong>\u221a<\/strong> Detecta plomo en todo tipo de materiales y capas de pintura<br \/>\n<strong>\u221a<\/strong> Funciona tanto en superficies secas como humedecidas (por ejemplo, con condensaci\u00f3n).<br \/>\n<strong>\u221a<\/strong> Calidad constante.<br \/>\n<strong>\u221a<\/strong> Disponible para entrega inmediata.<br \/>\n<strong>\u221a<\/strong> Resultados f\u00e1ciles de leer en todas las condiciones.<br \/>\n<strong>\u221a<\/strong> Certificado de conformidad (CoC) disponible.<br \/>\n<strong>\u221a<\/strong> Larga vida \u00fatil.\n<figure itemscope itemtype=\"https:\/\/schema.org\/ImageObject\">\n\t\t\t\t<img decoding=\"async\" src=\"https:\/\/www.matinspired.com\/wp-content\/uploads\/2024\/01\/TK08EN-Kleiner-canvas.jpg\" alt=\"Lead Detection Test Kit - TK08\" height=\"900\" width=\"1450\" title=\"TK08EN-Kleiner-canvas\" onerror=\"this.style.display='none'\" loading=\"lazy\" \/>\n\t<\/figure>\n\t\t\t<a href=\"https:\/\/www.matinspired.com\/es\/solicitud-de-presupuesto\/?aantal-lood=1\"  target=\"_self\">\n\t\t\t\t\t\tSolicitud de presupuesto\n\t\t\t\t\t<\/a>\n\t\t\t<a href=\"https:\/\/www.matinspired.com\/wp-content\/uploads\/2021\/10\/Brochure-MATinspired-TK08-Lead-Test-Kit.pdf\"  target=\"_blank\" rel=\"noopener\"    rel=\"noopener\">\n\t\t\t\t\t\tFolleto de kit de prueba de plomo\n\t\t\t\t\t<\/a>\n\t\t\t<a href=\"https:\/\/www.matinspired.com\/wp-content\/uploads\/2023\/10\/Specification-MATinspired-TK08-Lead-Detection-Test-Kit.pdf\"  target=\"_blank\" rel=\"noopener\"    rel=\"noopener\">\n\t\t\t\t\t\tEspecificaci\u00f3n de kit de prueba de plomo\n\t\t\t\t\t<\/a>\n\t<p><em>El pedido s\u00f3lo es posible para empresas. <\/em><em>Recibir\u00e1 nuestro presupuesto por correo electr\u00f3nico en uno o dos d\u00edas laborables. Una vez aceptado el presupuesto, le enviaremos el kit de pruebas lo antes posible.<\/em><\/p>\n\t\t<iframe loading=\"lazy\" title=\"Video instructiva del kit de prueba de detecci\u00f3n de plomo inspirado en MAT - TK08 - para pintura\" width=\"640\" height=\"360\" src=\"https:\/\/www.youtube.com\/embed\/eH5HynKc9Ng?feature=oembed\" frameborder=\"0\" allow=\"accelerometer; autoplay; clipboard-write; encrypted-media; gyroscope; picture-in-picture; web-share\" referrerpolicy=\"strict-origin-when-cross-origin\" allowfullscreen><\/iframe>\t\n\t<h3><strong>Prueba de una capa de pintura para detectar la presencia de plomo<br \/>\n<\/strong><\/h3>\n<ul>\n<li>Haz algunos cortes en la capa de pintura. Lija ligeramente la capa.<\/li>\n<li>Humedezca el extremo del hisopo de algod\u00f3n con el l\u00edquido de prueba.<\/li>\n<li>Frote el hisopo de algod\u00f3n sobre la capa de pintura.<\/li>\n<li>Si la capa contiene plomo, el hisopo de algod\u00f3n se volver\u00e1 rojo. Si no hay plomo en el material, el hisopo permanecer\u00e1 amarillo.<\/li>\n<\/ul>\n<p>&nbsp;<\/p>\n\t<h3><strong>Pruebas de electr\u00f3nica<\/strong><\/h3>\n<p>Adem\u00e1s, puede comprobar si las conexiones soldadas (esta\u00f1o) de sus componentes electr\u00f3nicos est\u00e1n libres de plomo. Si el hisopo de algod\u00f3n se vuelve rojo, esto indica la presencia de plomo.<\/p>\n<figure itemscope itemtype=\"https:\/\/schema.org\/ImageObject\">\n\t\t\t\t<img decoding=\"async\" src=\"http:\/\/www.matinspired.com\/wp-content\/uploads\/2020\/12\/Loodtest-op-electronica-300x200.jpg\" alt=\"Leadtest-on-electronics\" title=\"Leadtest-on-electronics\" onerror=\"this.style.display='none'\" loading=\"lazy\" \/>\n\t<\/figure>\n\t<p><em><p><i> Descargo de responsabilidad<br \/>\nAunque este producto se ha elaborado con el m\u00e1ximo cuidado, MATinspired B.V. no se hace responsable de los da\u00f1os derivados del uso o del contacto con el producto. Este m\u00e9todo de medici\u00f3n es s\u00f3lo una indicaci\u00f3n, y MATinspired B.V. no es responsable de los resultados de las pruebas. <\/i><\/p>\n<\/em><\/p>\n    Quiz\u00e1s tambi\u00e9n te interese: <!--Misschien ook interessant voor u:-->\n\t\n<h2><strong>Cromo-6<\/strong><br \/>\n<strong>Kit de Detecci\u00f3n &#8211; TK11\u2122<\/strong><\/h2>\n<p><strong><em>Para contaminaciones superficiales, part\u00edculas de polvo, revestimientos y pinturas.<\/em><\/strong><\/p>\n\t\t\t<a href=\"https:\/\/www.matinspired.com\/es\/kit-de-prueba-de-deteccion-de-cromo-6-tk11\/\"  target=\"_self\">\n\t\t\t\t\t\tLeer M\u00e1s\n\t\t\t\t\t<\/a>\n\t<p>&nbsp;<\/p>\n<p>&nbsp;<\/p>\n\n<h2><strong>Cromo-6<\/strong><br \/>\n<strong>Neutralizador &#8211; TK20<\/strong><\/h2>\n<p><em><strong>Para contaminaciones superficiales en metale<\/strong><strong>s<\/strong><\/em><\/p>\n\t\t\t<a href=\"https:\/\/www.matinspired.com\/es\/cromo-6-neutralizador-tk20\/\"  target=\"_self\">\n\t\t\t\t\t\tLeer M\u00e1s\n\t\t\t\t\t<\/a>\n<figure itemscope itemtype=\"https:\/\/schema.org\/ImageObject\">\n\t\t\t\t<img decoding=\"async\" src=\"https:\/\/www.matinspired.com\/wp-content\/uploads\/2025\/03\/TK11EN-kleiner-canvas-2.jpg\" alt=\"TK11 MATinspired Chromium 6 Detection Test Kit\" height=\"933\" width=\"1400\" title=\"Foto Engelstalige testkit\" onerror=\"this.style.display='none'\" loading=\"lazy\" \/>\n\t<\/figure>\n<figure itemscope itemtype=\"https:\/\/schema.org\/ImageObject\">\n\t\t\t\t<img decoding=\"async\" src=\"https:\/\/www.matinspired.com\/wp-content\/uploads\/2022\/03\/FlaconChromium-6_Neutralizer-1024x1024.jpg\" alt=\"TK20 Chromium-6 Neutralizer\" title=\"FlaconChromium-6_Neutralizer\" onerror=\"this.style.display='none'\" loading=\"lazy\" \/>\n\t<\/figure>\n\n","protected":false},"excerpt":{"rendered":"<p>Kit de Prueba de Detecci\u00f3n de Plomo &#8211; TK08 &nbsp; &nbsp; Plomo Kit de Detecci\u00f3n &#8211; TK08 para varios materiales como capas de pintura, electr\u00f3nica y metales El plomo (Pb) puede ser da\u00f1ino para la salud humana y el medio ambiente. Con este kit puede comprobar f\u00e1cilmente la presencia de plomo en capas de pintura,&#8230;<\/p>\n","protected":false},"author":3,"featured_media":0,"parent":0,"menu_order":0,"comment_status":"closed","ping_status":"closed","template":"","meta":{"footnotes":""},"class_list":["post-2262","page","type-page","status-publish","hentry"],"yoast_head":"<!-- This site is optimized with the Yoast SEO plugin v27.2 - https:\/\/yoast.com\/product\/yoast-seo-wordpress\/ -->\n<title>Kit de Prueba de Detecci\u00f3n de Plomo - TK08 - Matinspired.com<\/title>\n<meta name=\"description\" content=\"Detecta r\u00e1pidamente el plomo en pinturas, soldaduras o metales. Los hisopos de prueba TK08 se vuelven rojos al contacto con el plomo: r\u00e1pidos, fiables y f\u00e1ciles de usar.\" \/>\n<meta name=\"robots\" content=\"index, follow, max-snippet:-1, max-image-preview:large, max-video-preview:-1\" \/>\n<link rel=\"canonical\" href=\"https:\/\/www.matinspired.com\/es\/kit-de-deteccion-de-plomo-tk08\/\" \/>\n<meta property=\"og:locale\" content=\"es_ES\" \/>\n<meta property=\"og:type\" content=\"article\" \/>\n<meta property=\"og:title\" content=\"Kit de Prueba de Detecci\u00f3n de Plomo - TK08 - Matinspired.com\" \/>\n<meta property=\"og:description\" content=\"Detecta r\u00e1pidamente el plomo en pinturas, soldaduras o metales. Los hisopos de prueba TK08 se vuelven rojos al contacto con el plomo: r\u00e1pidos, fiables y f\u00e1ciles de usar.\" \/>\n<meta property=\"og:url\" content=\"https:\/\/www.matinspired.com\/es\/kit-de-deteccion-de-plomo-tk08\/\" \/>\n<meta property=\"og:site_name\" content=\"Matinspired.com\" \/>\n<meta property=\"article:modified_time\" content=\"2026-02-24T15:10:25+00:00\" \/>\n<meta property=\"og:image\" content=\"https:\/\/www.matinspired.com\/wp-content\/uploads\/2026\/02\/TK08-Positieve-en-negatieve-test-ES.jpg\" \/>\n<meta name=\"twitter:card\" content=\"summary_large_image\" \/>\n<meta name=\"twitter:site\" content=\"@MATinspired\" \/>\n<meta name=\"twitter:label1\" content=\"Tiempo de lectura\" \/>\n\t<meta name=\"twitter:data1\" content=\"3 minutos\" \/>\n<script type=\"application\/ld+json\" class=\"yoast-schema-graph\">{\"@context\":\"https:\/\/schema.org\",\"@graph\":[{\"@type\":\"WebPage\",\"@id\":\"https:\/\/www.matinspired.com\/es\/kit-de-deteccion-de-plomo-tk08\/\",\"url\":\"https:\/\/www.matinspired.com\/es\/kit-de-deteccion-de-plomo-tk08\/\",\"name\":\"Kit de Prueba de Detecci\u00f3n de Plomo - TK08 - Matinspired.com\",\"isPartOf\":{\"@id\":\"https:\/\/www.matinspired.com\/es\/#website\"},\"primaryImageOfPage\":{\"@id\":\"https:\/\/www.matinspired.com\/es\/kit-de-deteccion-de-plomo-tk08\/#primaryimage\"},\"image\":{\"@id\":\"https:\/\/www.matinspired.com\/es\/kit-de-deteccion-de-plomo-tk08\/#primaryimage\"},\"thumbnailUrl\":\"https:\/\/www.matinspired.com\/wp-content\/uploads\/2026\/02\/TK08-Positieve-en-negatieve-test-ES.jpg\",\"datePublished\":\"2020-12-21T14:20:10+00:00\",\"dateModified\":\"2026-02-24T15:10:25+00:00\",\"description\":\"Detecta r\u00e1pidamente el plomo en pinturas, soldaduras o metales. Los hisopos de prueba TK08 se vuelven rojos al contacto con el plomo: r\u00e1pidos, fiables y f\u00e1ciles de usar.\",\"breadcrumb\":{\"@id\":\"https:\/\/www.matinspired.com\/es\/kit-de-deteccion-de-plomo-tk08\/#breadcrumb\"},\"inLanguage\":\"es\",\"potentialAction\":[{\"@type\":\"ReadAction\",\"target\":[\"https:\/\/www.matinspired.com\/es\/kit-de-deteccion-de-plomo-tk08\/\"]}]},{\"@type\":\"ImageObject\",\"inLanguage\":\"es\",\"@id\":\"https:\/\/www.matinspired.com\/es\/kit-de-deteccion-de-plomo-tk08\/#primaryimage\",\"url\":\"https:\/\/www.matinspired.com\/wp-content\/uploads\/2026\/02\/TK08-Positieve-en-negatieve-test-ES.jpg\",\"contentUrl\":\"https:\/\/www.matinspired.com\/wp-content\/uploads\/2026\/02\/TK08-Positieve-en-negatieve-test-ES.jpg\"},{\"@type\":\"BreadcrumbList\",\"@id\":\"https:\/\/www.matinspired.com\/es\/kit-de-deteccion-de-plomo-tk08\/#breadcrumb\",\"itemListElement\":[{\"@type\":\"ListItem\",\"position\":1,\"name\":\"Home\",\"item\":\"https:\/\/www.matinspired.com\/es\/\"},{\"@type\":\"ListItem\",\"position\":2,\"name\":\"Kit de Prueba de Detecci\u00f3n de Plomo &#8211; TK08\"}]},{\"@type\":\"WebSite\",\"@id\":\"https:\/\/www.matinspired.com\/es\/#website\",\"url\":\"https:\/\/www.matinspired.com\/es\/\",\"name\":\"Matinspired.com\",\"description\":\"Chromium-6 test kits and more\",\"publisher\":{\"@id\":\"https:\/\/www.matinspired.com\/es\/#organization\"},\"potentialAction\":[{\"@type\":\"SearchAction\",\"target\":{\"@type\":\"EntryPoint\",\"urlTemplate\":\"https:\/\/www.matinspired.com\/es\/?s={search_term_string}\"},\"query-input\":{\"@type\":\"PropertyValueSpecification\",\"valueRequired\":true,\"valueName\":\"search_term_string\"}}],\"inLanguage\":\"es\"},{\"@type\":\"Organization\",\"@id\":\"https:\/\/www.matinspired.com\/es\/#organization\",\"name\":\"MATinspired B.V.\",\"url\":\"https:\/\/www.matinspired.com\/es\/\",\"logo\":{\"@type\":\"ImageObject\",\"inLanguage\":\"es\",\"@id\":\"https:\/\/www.matinspired.com\/es\/#\/schema\/logo\/image\/\",\"url\":\"https:\/\/www.matinspired.com\/wp-content\/uploads\/2023\/03\/LogoMATinspiredPO-696x969-1.jpg\",\"contentUrl\":\"https:\/\/www.matinspired.com\/wp-content\/uploads\/2023\/03\/LogoMATinspiredPO-696x969-1.jpg\",\"width\":696,\"height\":696,\"caption\":\"MATinspired B.V.\"},\"image\":{\"@id\":\"https:\/\/www.matinspired.com\/es\/#\/schema\/logo\/image\/\"},\"sameAs\":[\"https:\/\/x.com\/MATinspired\"]}]}<\/script>\n<!-- \/ Yoast SEO plugin. -->","yoast_head_json":{"title":"Kit de Prueba de Detecci\u00f3n de Plomo - TK08 - Matinspired.com","description":"Detecta r\u00e1pidamente el plomo en pinturas, soldaduras o metales. Los hisopos de prueba TK08 se vuelven rojos al contacto con el plomo: r\u00e1pidos, fiables y f\u00e1ciles de usar.","robots":{"index":"index","follow":"follow","max-snippet":"max-snippet:-1","max-image-preview":"max-image-preview:large","max-video-preview":"max-video-preview:-1"},"canonical":"https:\/\/www.matinspired.com\/es\/kit-de-deteccion-de-plomo-tk08\/","og_locale":"es_ES","og_type":"article","og_title":"Kit de Prueba de Detecci\u00f3n de Plomo - TK08 - Matinspired.com","og_description":"Detecta r\u00e1pidamente el plomo en pinturas, soldaduras o metales. Los hisopos de prueba TK08 se vuelven rojos al contacto con el plomo: r\u00e1pidos, fiables y f\u00e1ciles de usar.","og_url":"https:\/\/www.matinspired.com\/es\/kit-de-deteccion-de-plomo-tk08\/","og_site_name":"Matinspired.com","article_modified_time":"2026-02-24T15:10:25+00:00","og_image":[{"url":"https:\/\/www.matinspired.com\/wp-content\/uploads\/2026\/02\/TK08-Positieve-en-negatieve-test-ES.jpg","type":"","width":"","height":""}],"twitter_card":"summary_large_image","twitter_site":"@MATinspired","twitter_misc":{"Tiempo de lectura":"3 minutos"},"schema":{"@context":"https:\/\/schema.org","@graph":[{"@type":"WebPage","@id":"https:\/\/www.matinspired.com\/es\/kit-de-deteccion-de-plomo-tk08\/","url":"https:\/\/www.matinspired.com\/es\/kit-de-deteccion-de-plomo-tk08\/","name":"Kit de Prueba de Detecci\u00f3n de Plomo - TK08 - Matinspired.com","isPartOf":{"@id":"https:\/\/www.matinspired.com\/es\/#website"},"primaryImageOfPage":{"@id":"https:\/\/www.matinspired.com\/es\/kit-de-deteccion-de-plomo-tk08\/#primaryimage"},"image":{"@id":"https:\/\/www.matinspired.com\/es\/kit-de-deteccion-de-plomo-tk08\/#primaryimage"},"thumbnailUrl":"https:\/\/www.matinspired.com\/wp-content\/uploads\/2026\/02\/TK08-Positieve-en-negatieve-test-ES.jpg","datePublished":"2020-12-21T14:20:10+00:00","dateModified":"2026-02-24T15:10:25+00:00","description":"Detecta r\u00e1pidamente el plomo en pinturas, soldaduras o metales. Los hisopos de prueba TK08 se vuelven rojos al contacto con el plomo: r\u00e1pidos, fiables y f\u00e1ciles de usar.","breadcrumb":{"@id":"https:\/\/www.matinspired.com\/es\/kit-de-deteccion-de-plomo-tk08\/#breadcrumb"},"inLanguage":"es","potentialAction":[{"@type":"ReadAction","target":["https:\/\/www.matinspired.com\/es\/kit-de-deteccion-de-plomo-tk08\/"]}]},{"@type":"ImageObject","inLanguage":"es","@id":"https:\/\/www.matinspired.com\/es\/kit-de-deteccion-de-plomo-tk08\/#primaryimage","url":"https:\/\/www.matinspired.com\/wp-content\/uploads\/2026\/02\/TK08-Positieve-en-negatieve-test-ES.jpg","contentUrl":"https:\/\/www.matinspired.com\/wp-content\/uploads\/2026\/02\/TK08-Positieve-en-negatieve-test-ES.jpg"},{"@type":"BreadcrumbList","@id":"https:\/\/www.matinspired.com\/es\/kit-de-deteccion-de-plomo-tk08\/#breadcrumb","itemListElement":[{"@type":"ListItem","position":1,"name":"Home","item":"https:\/\/www.matinspired.com\/es\/"},{"@type":"ListItem","position":2,"name":"Kit de Prueba de Detecci\u00f3n de Plomo &#8211; TK08"}]},{"@type":"WebSite","@id":"https:\/\/www.matinspired.com\/es\/#website","url":"https:\/\/www.matinspired.com\/es\/","name":"Matinspired.com","description":"Chromium-6 test kits and more","publisher":{"@id":"https:\/\/www.matinspired.com\/es\/#organization"},"potentialAction":[{"@type":"SearchAction","target":{"@type":"EntryPoint","urlTemplate":"https:\/\/www.matinspired.com\/es\/?s={search_term_string}"},"query-input":{"@type":"PropertyValueSpecification","valueRequired":true,"valueName":"search_term_string"}}],"inLanguage":"es"},{"@type":"Organization","@id":"https:\/\/www.matinspired.com\/es\/#organization","name":"MATinspired B.V.","url":"https:\/\/www.matinspired.com\/es\/","logo":{"@type":"ImageObject","inLanguage":"es","@id":"https:\/\/www.matinspired.com\/es\/#\/schema\/logo\/image\/","url":"https:\/\/www.matinspired.com\/wp-content\/uploads\/2023\/03\/LogoMATinspiredPO-696x969-1.jpg","contentUrl":"https:\/\/www.matinspired.com\/wp-content\/uploads\/2023\/03\/LogoMATinspiredPO-696x969-1.jpg","width":696,"height":696,"caption":"MATinspired B.V."},"image":{"@id":"https:\/\/www.matinspired.com\/es\/#\/schema\/logo\/image\/"},"sameAs":["https:\/\/x.com\/MATinspired"]}]}},"jetpack_sharing_enabled":true,"_links":{"self":[{"href":"https:\/\/www.matinspired.com\/es\/wp-json\/wp\/v2\/pages\/2262","targetHints":{"allow":["GET"]}}],"collection":[{"href":"https:\/\/www.matinspired.com\/es\/wp-json\/wp\/v2\/pages"}],"about":[{"href":"https:\/\/www.matinspired.com\/es\/wp-json\/wp\/v2\/types\/page"}],"author":[{"embeddable":true,"href":"https:\/\/www.matinspired.com\/es\/wp-json\/wp\/v2\/users\/3"}],"replies":[{"embeddable":true,"href":"https:\/\/www.matinspired.com\/es\/wp-json\/wp\/v2\/comments?post=2262"}],"version-history":[{"count":11,"href":"https:\/\/www.matinspired.com\/es\/wp-json\/wp\/v2\/pages\/2262\/revisions"}],"predecessor-version":[{"id":74182,"href":"https:\/\/www.matinspired.com\/es\/wp-json\/wp\/v2\/pages\/2262\/revisions\/74182"}],"wp:attachment":[{"href":"https:\/\/www.matinspired.com\/es\/wp-json\/wp\/v2\/media?parent=2262"}],"curies":[{"name":"wp","href":"https:\/\/api.w.org\/{rel}","templated":true}]}}