{"id":2248,"date":"2021-06-29T08:48:16","date_gmt":"2021-06-29T07:48:16","guid":{"rendered":"https:\/\/www.matinspired.com\/chromium-6-neutralizer-tk20\/"},"modified":"2025-01-23T09:22:44","modified_gmt":"2025-01-23T08:22:44","slug":"cromo-6-neutralizador-tk20","status":"publish","type":"page","link":"https:\/\/www.matinspired.com\/es\/cromo-6-neutralizador-tk20\/","title":{"rendered":"Cromo-6 Neutralizador-TK20"},"content":{"rendered":"\n\n\t<h1><strong>Neutralizador de Cromo-6 TK20<br \/>\n<\/strong><\/h1>\n\t<h2><strong>Cromo-6<br \/>\n<\/strong><strong>Neutralizador &#8211; <\/strong><strong>TK20<br \/>\n<\/strong><em><strong>para contaminaciones superficiales en metales<\/strong><\/em><\/h2>\n<p>Este l\u00edquido (0,5 L) neutraliza y elimina el cromo-6 en contaminaciones superficiales de metales. El l\u00edquido puede aplicarse sobre el metal utilizando, por ejemplo, un pa\u00f1o o un pulverizador. Tambi\u00e9n es posible sumergir piezas peque\u00f1as, como tuercas y tornillos, en este l\u00edquido. Despu\u00e9s de limpiar el metal, puede utilizarse el kit de prueba TK11 para comprobar si se ha eliminado el cromo-6.<\/p>\n\t\t\t<a href=\"https:\/\/www.matinspired.com\/es\/solicitud-de-presupuesto\/?aantal-neutralizer=1\" target=\"_self\">\n\t\t\t\t\t\tSolicitud de presupuesto\n\t\t\t\t\t<\/a>\n\t\t\t<a href=\"https:\/\/www.matinspired.com\/wp-content\/uploads\/2022\/05\/BrochureEN-MATinspired-TK20-Chromium-6-Neutralizer.pdf\" target=\"_blank\" rel=\"noopener\">\n\t\t\t\t\t\t Folleto Neutralizador de Cromo-6\n\t\t\t\t\t<\/a>\n\t<p><em>El pedido s\u00f3lo es posible para empresas. Recibir\u00e1 nuestro presupuesto por correo electr\u00f3nico en uno o dos d\u00edas laborables. Una vez aceptado el presupuesto, le enviaremos el kit de pruebas lo antes posible.<\/em><\/p>\n\t\t\t\t<img loading=\"lazy\" decoding=\"async\" src=\"https:\/\/www.matinspired.com\/wp-content\/uploads\/2022\/03\/FlaconChromium-6_Neutralizer-scaled.jpg\" alt=\"TK20 Chromium-6 Neutralizer\" itemprop=\"image\" height=\"2560\" width=\"2560\" title=\"FlaconChromium-6_Neutralizer\" onerror=\"this.style.display='none'\"  \/>\n\t<h3><strong>Contaminaci\u00f3n por cromo-6 en acero calentado<\/strong><\/h3>\n<p>Los compuestos que contienen cromo-6 pueden formarse en aceros que contienen cromo calentados, como el acero inoxidable. Estos metales suelen formar parte de una m\u00e1quina y se calientan autom\u00e1ticamente cuando la m\u00e1quina est\u00e1 en funcionamiento. Pensemos, por ejemplo, en las piezas del motor de un barco o de una turbina (e\u00f3lica). La contaminaci\u00f3n por cromo 6 suele producirse por la reacci\u00f3n de los lubricantes con el acero durante el calentamiento. Estos compuestos son t\u00f3xicos y deben eliminarse antes de realizar cualquier operaci\u00f3n de mantenimiento.<\/p>\n<p>Los compuestos de cromo-6 formados suelen reconocerse por una capa polvorienta blanca\/verde sobre el metal. Esta capa suele estar presente en los lugares donde se utilizaron lubricantes (antiagarrotamiento), como en tuercas y tornillos.<\/p>\n<p>Utilizando el Kit de Prueba de Detecci\u00f3n de Cromo-6 TK11\u00ae de MATinspired, puede comprobar f\u00e1cilmente si hay contaminaci\u00f3n por cromo-6 en el acero. Si se detecta un compuesto de cromo-6, puede neutralizarse con el Neutralizador de Cromo-6 TK20.<\/p>\n\t\t\t\t<img loading=\"lazy\" decoding=\"async\" src=\"https:\/\/www.matinspired.com\/wp-content\/uploads\/2022\/05\/Beelden_Chroom-6Neutralizer.jpg\" alt=\"TK20 Chromium-6 Neutralizer before\/after\" itemprop=\"image\" height=\"1169\" width=\"1011\" title=\"Chromium-6Neutralizer before\/after\" onerror=\"this.style.display='none'\"  \/>\n\t<strong><br \/>\nAntes del tratamiento:<\/strong>\n<em>Ejemplo de un tornillo con contaminaci\u00f3n por cromo-6. Esta contaminaci\u00f3n<br \/>\nse puede reconocer por su color blanco\/verde. El hisopo de prueba del Kit de Detecci\u00f3n de Cromo-6 TK11 es de color p\u00farpura, lo que indica la presencia de cromo-6.<\/em>\n<p><strong>Despu\u00e9s del tratamiento con Neutralizador de Cromo-6:<\/strong><\/p>\n<p><em>Ejemplo de un tornillo en el que la contaminaci\u00f3n por cromo-6 ha sido eliminada\/neutralizada, utilizando el l\u00edquido Neutralizador de Cromo-6 TK20. El hisopo de prueba del Kit de Prueba de Cromo-6 TK11 es de color naranja, lo que indica que el cromo-6 ya no est\u00e1 presente.<\/em><\/p>\n\t<h3><strong>C\u00f3mo funciona el neutralizador de Cromo 6 TK20<\/strong><\/h3>\n<p>Cuando el l\u00edquido Neutralizador TK20 se aplica al metal, el cromo-6 presente se convertir\u00e1 en cromo-3 no t\u00f3xico. Esto tambi\u00e9n se conoce como reacci\u00f3n de reducci\u00f3n.<\/p>\n\t<p><i> Descargo de responsabilidad<br \/>\nAunque este producto se ha elaborado con el m\u00e1ximo cuidado, MATinspired B.V. no se hace responsable de los da\u00f1os derivados del uso o del contacto con el producto. Este m\u00e9todo de medici\u00f3n es s\u00f3lo una indicaci\u00f3n, y MATinspired B.V. no es responsable de los resultados de las pruebas. <\/i><\/p>\n\n\n","protected":false},"excerpt":{"rendered":"<p>Neutralizador de Cromo-6 TK20 Cromo-6 Neutralizador &#8211; TK20 para contaminaciones superficiales en metales Este l\u00edquido (0,5 L) neutraliza y elimina el cromo-6 en contaminaciones superficiales de metales. El l\u00edquido puede aplicarse sobre el metal utilizando, por ejemplo, un pa\u00f1o o un pulverizador. Tambi\u00e9n es posible sumergir piezas peque\u00f1as, como tuercas y tornillos, en este l\u00edquido&#8230;.<\/p>\n","protected":false},"author":3,"featured_media":0,"parent":0,"menu_order":0,"comment_status":"closed","ping_status":"closed","template":"","meta":{"footnotes":""},"class_list":["post-2248","page","type-page","status-publish","hentry"],"yoast_head":"<!-- This site is optimized with the Yoast SEO plugin v27.5 - https:\/\/yoast.com\/product\/yoast-seo-wordpress\/ -->\n<title>Cromo-6 Neutralizador-TK20 - Matinspired.com<\/title>\n<meta name=\"description\" content=\"Para neutralizar contaminaciones de cromo-6 en metales. Este l\u00edquido es adecuado para neutralizar y eliminar contaminaciones de cromo-6 en metales. El l\u00edquido puede aplicarse con un pa\u00f1o o un nebulizador. Tambi\u00e9n es posible sumergir piezas peque\u00f1as, como tuercas y tornillos, en este l\u00edquido. A continuaci\u00f3n, puede utilizarse el kit de prueba TK11 para comprobar si se ha eliminado el cromo-6.\" \/>\n<meta name=\"robots\" content=\"index, follow, max-snippet:-1, max-image-preview:large, max-video-preview:-1\" \/>\n<link rel=\"canonical\" href=\"https:\/\/www.matinspired.com\/es\/cromo-6-neutralizador-tk20\/\" \/>\n<meta property=\"og:locale\" content=\"es_ES\" \/>\n<meta property=\"og:type\" content=\"article\" \/>\n<meta property=\"og:title\" content=\"Cromo-6 Neutralizador-TK20 - Matinspired.com\" \/>\n<meta property=\"og:description\" content=\"Para neutralizar contaminaciones de cromo-6 en metales. Este l\u00edquido es adecuado para neutralizar y eliminar contaminaciones de cromo-6 en metales. El l\u00edquido puede aplicarse con un pa\u00f1o o un nebulizador. Tambi\u00e9n es posible sumergir piezas peque\u00f1as, como tuercas y tornillos, en este l\u00edquido. A continuaci\u00f3n, puede utilizarse el kit de prueba TK11 para comprobar si se ha eliminado el cromo-6.\" \/>\n<meta property=\"og:url\" content=\"https:\/\/www.matinspired.com\/es\/cromo-6-neutralizador-tk20\/\" \/>\n<meta property=\"og:site_name\" content=\"Matinspired.com\" \/>\n<meta property=\"article:modified_time\" content=\"2025-01-23T08:22:44+00:00\" \/>\n<meta property=\"og:image\" content=\"https:\/\/www.matinspired.com\/wp-content\/uploads\/2022\/03\/FlaconChromium-6_Neutralizer-scaled.jpg\" \/>\n<meta name=\"twitter:card\" content=\"summary_large_image\" \/>\n<meta name=\"twitter:site\" content=\"@MATinspired\" \/>\n<meta name=\"twitter:label1\" content=\"Tiempo de lectura\" \/>\n\t<meta name=\"twitter:data1\" content=\"3 minutos\" \/>\n<script type=\"application\/ld+json\" class=\"yoast-schema-graph\">{\"@context\":\"https:\\\/\\\/schema.org\",\"@graph\":[{\"@type\":\"WebPage\",\"@id\":\"https:\\\/\\\/www.matinspired.com\\\/es\\\/cromo-6-neutralizador-tk20\\\/\",\"url\":\"https:\\\/\\\/www.matinspired.com\\\/es\\\/cromo-6-neutralizador-tk20\\\/\",\"name\":\"Cromo-6 Neutralizador-TK20 - Matinspired.com\",\"isPartOf\":{\"@id\":\"https:\\\/\\\/www.matinspired.com\\\/es\\\/#website\"},\"primaryImageOfPage\":{\"@id\":\"https:\\\/\\\/www.matinspired.com\\\/es\\\/cromo-6-neutralizador-tk20\\\/#primaryimage\"},\"image\":{\"@id\":\"https:\\\/\\\/www.matinspired.com\\\/es\\\/cromo-6-neutralizador-tk20\\\/#primaryimage\"},\"thumbnailUrl\":\"https:\\\/\\\/www.matinspired.com\\\/wp-content\\\/uploads\\\/2022\\\/03\\\/FlaconChromium-6_Neutralizer-scaled.jpg\",\"datePublished\":\"2021-06-29T07:48:16+00:00\",\"dateModified\":\"2025-01-23T08:22:44+00:00\",\"description\":\"Para neutralizar contaminaciones de cromo-6 en metales. Este l\u00edquido es adecuado para neutralizar y eliminar contaminaciones de cromo-6 en metales. El l\u00edquido puede aplicarse con un pa\u00f1o o un nebulizador. Tambi\u00e9n es posible sumergir piezas peque\u00f1as, como tuercas y tornillos, en este l\u00edquido. A continuaci\u00f3n, puede utilizarse el kit de prueba TK11 para comprobar si se ha eliminado el cromo-6.\",\"breadcrumb\":{\"@id\":\"https:\\\/\\\/www.matinspired.com\\\/es\\\/cromo-6-neutralizador-tk20\\\/#breadcrumb\"},\"inLanguage\":\"es\",\"potentialAction\":[{\"@type\":\"ReadAction\",\"target\":[\"https:\\\/\\\/www.matinspired.com\\\/es\\\/cromo-6-neutralizador-tk20\\\/\"]}]},{\"@type\":\"ImageObject\",\"inLanguage\":\"es\",\"@id\":\"https:\\\/\\\/www.matinspired.com\\\/es\\\/cromo-6-neutralizador-tk20\\\/#primaryimage\",\"url\":\"https:\\\/\\\/www.matinspired.com\\\/wp-content\\\/uploads\\\/2022\\\/03\\\/FlaconChromium-6_Neutralizer-scaled.jpg\",\"contentUrl\":\"https:\\\/\\\/www.matinspired.com\\\/wp-content\\\/uploads\\\/2022\\\/03\\\/FlaconChromium-6_Neutralizer-scaled.jpg\"},{\"@type\":\"BreadcrumbList\",\"@id\":\"https:\\\/\\\/www.matinspired.com\\\/es\\\/cromo-6-neutralizador-tk20\\\/#breadcrumb\",\"itemListElement\":[{\"@type\":\"ListItem\",\"position\":1,\"name\":\"Home\",\"item\":\"https:\\\/\\\/www.matinspired.com\\\/es\\\/\"},{\"@type\":\"ListItem\",\"position\":2,\"name\":\"Cromo-6 Neutralizador-TK20\"}]},{\"@type\":\"WebSite\",\"@id\":\"https:\\\/\\\/www.matinspired.com\\\/es\\\/#website\",\"url\":\"https:\\\/\\\/www.matinspired.com\\\/es\\\/\",\"name\":\"Matinspired.com\",\"description\":\"Chromium-6 test kits and more\",\"publisher\":{\"@id\":\"https:\\\/\\\/www.matinspired.com\\\/es\\\/#organization\"},\"potentialAction\":[{\"@type\":\"SearchAction\",\"target\":{\"@type\":\"EntryPoint\",\"urlTemplate\":\"https:\\\/\\\/www.matinspired.com\\\/es\\\/?s={search_term_string}\"},\"query-input\":{\"@type\":\"PropertyValueSpecification\",\"valueRequired\":true,\"valueName\":\"search_term_string\"}}],\"inLanguage\":\"es\"},{\"@type\":\"Organization\",\"@id\":\"https:\\\/\\\/www.matinspired.com\\\/es\\\/#organization\",\"name\":\"MATinspired B.V.\",\"url\":\"https:\\\/\\\/www.matinspired.com\\\/es\\\/\",\"logo\":{\"@type\":\"ImageObject\",\"inLanguage\":\"es\",\"@id\":\"https:\\\/\\\/www.matinspired.com\\\/es\\\/#\\\/schema\\\/logo\\\/image\\\/\",\"url\":\"https:\\\/\\\/www.matinspired.com\\\/wp-content\\\/uploads\\\/2023\\\/03\\\/LogoMATinspiredPO-696x969-1.jpg\",\"contentUrl\":\"https:\\\/\\\/www.matinspired.com\\\/wp-content\\\/uploads\\\/2023\\\/03\\\/LogoMATinspiredPO-696x969-1.jpg\",\"width\":696,\"height\":696,\"caption\":\"MATinspired B.V.\"},\"image\":{\"@id\":\"https:\\\/\\\/www.matinspired.com\\\/es\\\/#\\\/schema\\\/logo\\\/image\\\/\"},\"sameAs\":[\"https:\\\/\\\/x.com\\\/MATinspired\"]}]}<\/script>\n<!-- \/ Yoast SEO plugin. -->","yoast_head_json":{"title":"Cromo-6 Neutralizador-TK20 - Matinspired.com","description":"Para neutralizar contaminaciones de cromo-6 en metales. Este l\u00edquido es adecuado para neutralizar y eliminar contaminaciones de cromo-6 en metales. El l\u00edquido puede aplicarse con un pa\u00f1o o un nebulizador. Tambi\u00e9n es posible sumergir piezas peque\u00f1as, como tuercas y tornillos, en este l\u00edquido. A continuaci\u00f3n, puede utilizarse el kit de prueba TK11 para comprobar si se ha eliminado el cromo-6.","robots":{"index":"index","follow":"follow","max-snippet":"max-snippet:-1","max-image-preview":"max-image-preview:large","max-video-preview":"max-video-preview:-1"},"canonical":"https:\/\/www.matinspired.com\/es\/cromo-6-neutralizador-tk20\/","og_locale":"es_ES","og_type":"article","og_title":"Cromo-6 Neutralizador-TK20 - Matinspired.com","og_description":"Para neutralizar contaminaciones de cromo-6 en metales. Este l\u00edquido es adecuado para neutralizar y eliminar contaminaciones de cromo-6 en metales. El l\u00edquido puede aplicarse con un pa\u00f1o o un nebulizador. Tambi\u00e9n es posible sumergir piezas peque\u00f1as, como tuercas y tornillos, en este l\u00edquido. A continuaci\u00f3n, puede utilizarse el kit de prueba TK11 para comprobar si se ha eliminado el cromo-6.","og_url":"https:\/\/www.matinspired.com\/es\/cromo-6-neutralizador-tk20\/","og_site_name":"Matinspired.com","article_modified_time":"2025-01-23T08:22:44+00:00","og_image":[{"url":"https:\/\/www.matinspired.com\/wp-content\/uploads\/2022\/03\/FlaconChromium-6_Neutralizer-scaled.jpg","type":"","width":"","height":""}],"twitter_card":"summary_large_image","twitter_site":"@MATinspired","twitter_misc":{"Tiempo de lectura":"3 minutos"},"schema":{"@context":"https:\/\/schema.org","@graph":[{"@type":"WebPage","@id":"https:\/\/www.matinspired.com\/es\/cromo-6-neutralizador-tk20\/","url":"https:\/\/www.matinspired.com\/es\/cromo-6-neutralizador-tk20\/","name":"Cromo-6 Neutralizador-TK20 - Matinspired.com","isPartOf":{"@id":"https:\/\/www.matinspired.com\/es\/#website"},"primaryImageOfPage":{"@id":"https:\/\/www.matinspired.com\/es\/cromo-6-neutralizador-tk20\/#primaryimage"},"image":{"@id":"https:\/\/www.matinspired.com\/es\/cromo-6-neutralizador-tk20\/#primaryimage"},"thumbnailUrl":"https:\/\/www.matinspired.com\/wp-content\/uploads\/2022\/03\/FlaconChromium-6_Neutralizer-scaled.jpg","datePublished":"2021-06-29T07:48:16+00:00","dateModified":"2025-01-23T08:22:44+00:00","description":"Para neutralizar contaminaciones de cromo-6 en metales. Este l\u00edquido es adecuado para neutralizar y eliminar contaminaciones de cromo-6 en metales. El l\u00edquido puede aplicarse con un pa\u00f1o o un nebulizador. Tambi\u00e9n es posible sumergir piezas peque\u00f1as, como tuercas y tornillos, en este l\u00edquido. A continuaci\u00f3n, puede utilizarse el kit de prueba TK11 para comprobar si se ha eliminado el cromo-6.","breadcrumb":{"@id":"https:\/\/www.matinspired.com\/es\/cromo-6-neutralizador-tk20\/#breadcrumb"},"inLanguage":"es","potentialAction":[{"@type":"ReadAction","target":["https:\/\/www.matinspired.com\/es\/cromo-6-neutralizador-tk20\/"]}]},{"@type":"ImageObject","inLanguage":"es","@id":"https:\/\/www.matinspired.com\/es\/cromo-6-neutralizador-tk20\/#primaryimage","url":"https:\/\/www.matinspired.com\/wp-content\/uploads\/2022\/03\/FlaconChromium-6_Neutralizer-scaled.jpg","contentUrl":"https:\/\/www.matinspired.com\/wp-content\/uploads\/2022\/03\/FlaconChromium-6_Neutralizer-scaled.jpg"},{"@type":"BreadcrumbList","@id":"https:\/\/www.matinspired.com\/es\/cromo-6-neutralizador-tk20\/#breadcrumb","itemListElement":[{"@type":"ListItem","position":1,"name":"Home","item":"https:\/\/www.matinspired.com\/es\/"},{"@type":"ListItem","position":2,"name":"Cromo-6 Neutralizador-TK20"}]},{"@type":"WebSite","@id":"https:\/\/www.matinspired.com\/es\/#website","url":"https:\/\/www.matinspired.com\/es\/","name":"Matinspired.com","description":"Chromium-6 test kits and more","publisher":{"@id":"https:\/\/www.matinspired.com\/es\/#organization"},"potentialAction":[{"@type":"SearchAction","target":{"@type":"EntryPoint","urlTemplate":"https:\/\/www.matinspired.com\/es\/?s={search_term_string}"},"query-input":{"@type":"PropertyValueSpecification","valueRequired":true,"valueName":"search_term_string"}}],"inLanguage":"es"},{"@type":"Organization","@id":"https:\/\/www.matinspired.com\/es\/#organization","name":"MATinspired B.V.","url":"https:\/\/www.matinspired.com\/es\/","logo":{"@type":"ImageObject","inLanguage":"es","@id":"https:\/\/www.matinspired.com\/es\/#\/schema\/logo\/image\/","url":"https:\/\/www.matinspired.com\/wp-content\/uploads\/2023\/03\/LogoMATinspiredPO-696x969-1.jpg","contentUrl":"https:\/\/www.matinspired.com\/wp-content\/uploads\/2023\/03\/LogoMATinspiredPO-696x969-1.jpg","width":696,"height":696,"caption":"MATinspired B.V."},"image":{"@id":"https:\/\/www.matinspired.com\/es\/#\/schema\/logo\/image\/"},"sameAs":["https:\/\/x.com\/MATinspired"]}]}},"jetpack_sharing_enabled":true,"_links":{"self":[{"href":"https:\/\/www.matinspired.com\/es\/wp-json\/wp\/v2\/pages\/2248","targetHints":{"allow":["GET"]}}],"collection":[{"href":"https:\/\/www.matinspired.com\/es\/wp-json\/wp\/v2\/pages"}],"about":[{"href":"https:\/\/www.matinspired.com\/es\/wp-json\/wp\/v2\/types\/page"}],"author":[{"embeddable":true,"href":"https:\/\/www.matinspired.com\/es\/wp-json\/wp\/v2\/users\/3"}],"replies":[{"embeddable":true,"href":"https:\/\/www.matinspired.com\/es\/wp-json\/wp\/v2\/comments?post=2248"}],"version-history":[{"count":4,"href":"https:\/\/www.matinspired.com\/es\/wp-json\/wp\/v2\/pages\/2248\/revisions"}],"predecessor-version":[{"id":64054,"href":"https:\/\/www.matinspired.com\/es\/wp-json\/wp\/v2\/pages\/2248\/revisions\/64054"}],"wp:attachment":[{"href":"https:\/\/www.matinspired.com\/es\/wp-json\/wp\/v2\/media?parent=2248"}],"curies":[{"name":"wp","href":"https:\/\/api.w.org\/{rel}","templated":true}]}}