{"id":867,"date":"2021-03-09T13:36:06","date_gmt":"2021-03-09T12:36:06","guid":{"rendered":"https:\/\/www.matinspired.com\/detection-of-chromium-6-in-heated-lubricants-on-stainless-steel\/"},"modified":"2023-02-01T14:01:36","modified_gmt":"2023-02-01T13:01:36","slug":"nachweis-von-chromvi-in-erhitzten-schmiermitteln-auf-edelstahl","status":"publish","type":"page","link":"https:\/\/www.matinspired.com\/de\/nachweis-von-chromvi-in-erhitzten-schmiermitteln-auf-edelstahl\/","title":{"rendered":"Nachweis von Chrom(VI) in erhitzten Schmiermitteln auf Edelstahl"},"content":{"rendered":"\n<h1><strong>Nachweis von Chrom 6 in erhitzten Schmiermitteln auf Edelstahl<\/strong><\/h1>\n<p>&nbsp;<\/p>\n\t<h3><strong>Nachweis von Chrom 6 in erhitzten Schmiermitteln auf Edelstahl<\/strong><\/h3>\n<p>Chrom-6-Verbindungen, kurz \u201eChrom-6&#8243;, sind gesundheitssch\u00e4dlich. Diese Verbindungen werden haupts\u00e4chlich in Korrosionsschutzfarben verwendet, aber sie kommen auch in anderen Anwendungen vor, wie wir weiter unten sehen werden. Der einfache Nachweis dieser Verbindungen ist wichtig, um das Risiko einer Chrom-6-Exposition zu vermeiden. In unserem Labor haben wir eine Studie \u00fcber erhitzte Anti-Seize-Pasten auf Edelstahl durchgef\u00fchrt. Das durch diese erhitzten Anti-Seize-Pasten gebildete toxische Chromat wurde mit dem MATinspired\u00ae TK11\u00ae Chromium-6 Detection Test Kit einfach und eindeutig nachgewiesen. Mechaniker oder Qualit\u00e4tsingenieure k\u00f6nnen diese Pr\u00fcfung leicht selbst durchf\u00fchren, indem sie mit einem s\u00e4urebefeuchteten Testst\u00e4bchen \u00fcber die Metalloberfl\u00e4che reiben. Eine rot\/violette Verf\u00e4rbung des Teststabs weist auf das Vorhandensein von Chrom-6 hin, und der Teststreifen, der orange bleibt, zeigt an, dass kein Chrom-6 vorhanden ist.<\/p>\n<h3><strong>Was sind Anti-Seize-Pasten?<\/strong><\/h3>\n<p>Anti-Seize-Pasten sind Schmiermittel, die unter anderem gegen das Festfressen von Stahlbolzen, Muttern und anderen Schraubverbindungen eingesetzt werden. Dadurch lassen sich diese Gelenke leicht demontieren. Einige Anti-Seize-Pasten sind temperaturbest\u00e4ndig &#8211; oft \u00fcber 1000 \u00b0C &#8211; und verhindern auch das Festfressen der Fugen nach dem Erhitzen auf hohe Temperaturen. Diese Anti-Seize-Pasten werden unter anderem h\u00e4ufig in Gasturbinen und Windkraftanlagen eingesetzt. Diese Schmiermittel k\u00f6nnen beispielsweise Calciumhydroxid oder Natriumsilikat enthalten. Das Problem bei diesen Schmiermitteln ist, dass beim Erhitzen Chrom aus dem Edelstahl in Chromate umgewandelt wird. Chromate enthalten sechswertiges Chrom, sind daher hochgiftig und bei der Verwendung gesundheitsgef\u00e4hrdend.<\/p>\n<h3><strong>Ergebnisse der TK11\u00ae Chrom-6-Nachweistests<\/strong><\/h3>\n<p>In unserem Labor haben wir Teile aus Edelstahl 304 und 316 mit einer d\u00fcnnen Schicht Anti-Seize-Paste beschichtet, die Calciumhydroxid enth\u00e4lt, und dann haben wir sie 1 Stunde lang in einem Ofen bei 900 \u00b0C erhitzt. W\u00e4hrend dieser Zeit konnte der Schmierstoff mit Chrom aus dem Edelstahl reagieren, wie es in der Praxis bei erhitzten Maschinenteilen der Fall ist. Danach hat die Oberfl\u00e4che des Metalls eine leicht gelbliche Farbe (siehe Abbildungen 1 und 2), die der Farbe von Calciumchromat (CaCrO4) entspricht. Bei der anschlie\u00dfenden Pr\u00fcfung mit dem TK11\u00ae-Test verf\u00e4rben sich die Testst\u00e4bchen deutlich rot\/lila (siehe Abbildung 1 und 2), was darauf hindeutet, dass Chrom-6 auf der Oberfl\u00e4che vorhanden ist. Mit dem TK11\u00ae Detection Test Kit ist es daher einfach, Chrom-6, das sich in erhitztem Schmiermittel auf Edelstahl gebildet hat, nachzuweisen.<\/p>\n<p>Als Referenz haben wir auch Teile aus Edelstahl 304 und 316 gemessen, die ohne Erhitzen mit einer d\u00fcnnen Schicht Anti-Seize-Paste beschichtet wurden. In diesem Fall bleibt der TK11\u00ae-Test orange, was anzeigt, dass kein Chrom-6 gebildet wurde. Das war auch zu erwarten, weil der Schmierstoff noch nicht mit dem Chrom aus dem Metall reagieren konnte. Erhitzte Anti-Seize-Paste auf Stahl DC01 f\u00fchrt auch dazu, dass der TK11\u00ae-Test orange bleibt (kein Chrom-6), da in diesem Metall kein Chrom vorhanden war, mit dem die Anti-Seize-Paste h\u00e4tte reagieren k\u00f6nnen (siehe Abbildung 1). . Daher liefert der TK11\u00ae Nachweistest keine falsch positiven Ergebnisse in Gegenwart von Materialien, die kein Chrom-6 enthalten. Als Referenz haben wir auch Teile aus Edelstahl 304 und 316 gemessen, die wir 1 Stunde lang in einem Ofen bei 900 \u00b0C ohne die Anti-Seize-Paste erhitzt haben. Diese Blindproben zeigen keine gelbliche Verf\u00e4rbung der Edelstahloberfl\u00e4che und auch der TK11\u00ae-Test bleibt orange, was anzeigt, dass kein Chrom-6 gebildet wurde. Diese Referenztests zeigen, dass die W\u00e4rmebehandlung von rostfreiem Stahl und der Anti-Seize-Paste einzeln kein Chrom-6 ergeben, aber dass die Kombination von Anti-Seize-Paste mit der W\u00e4rmebehandlung von Edelstahl tats\u00e4chlich das Vorhandensein von Chrom-6 zeigt.<\/p>\n\t\t\t\t<img loading=\"lazy\" decoding=\"async\" src=\"https:\/\/www.matinspired.com\/wp-content\/uploads\/2021\/03\/Combined-picture-English-400x336-1.jpg\" alt=\"Combined-picture-English-400x336\" itemprop=\"image\" height=\"336\" width=\"400\" title=\"Combined-picture-English-400x336\" onerror=\"this.style.display='none'\">\n\t<p><strong>Abbildung 1:<\/strong> Beispiele von Stahlst\u00fccken (mit einer d\u00fcnnen Schicht Anti-Seize-Paste) nach der W\u00e4rmebehandlung und die Ergebnisse des TK11\u00ae Chrom-6-Nachweistests.<\/p>\n\t\t\t\t<img loading=\"lazy\" decoding=\"async\" src=\"https:\/\/www.matinspired.com\/wp-content\/uploads\/2021\/03\/Chromate-test-on-bolt-and-nut-3.jpg\" alt=\"Chromate-test-on-bolt-and-nut-3\" itemprop=\"image\" height=\"533\" width=\"800\" title=\"Chromate-test-on-bolt-and-nut-3\" onerror=\"this.style.display='none'\">\n\t<p><strong>Abbildung 2:<\/strong> Beispiel einer Schraube und Mutter aus Edelstahl 304 (A2) mit Anti-Seize-Paste nach der W\u00e4rmebehandlung. Das gebildete gelbliche Chromat ist deutlich sichtbar. Der Tupfer des TK11\u00ae Chrom-6-Nachweistests verf\u00e4rbt sich deutlich rot\/lila, was darauf hinweist, dass Chrom-6 vorhanden ist.<\/p>\n","protected":false},"excerpt":{"rendered":"<p>Nachweis von Chrom 6 in erhitzten Schmiermitteln auf Edelstahl &nbsp; Nachweis von Chrom 6 in erhitzten Schmiermitteln auf Edelstahl Chrom-6-Verbindungen, kurz \u201eChrom-6&#8243;, sind gesundheitssch\u00e4dlich. Diese Verbindungen werden haupts\u00e4chlich in Korrosionsschutzfarben verwendet, aber sie kommen auch in anderen Anwendungen vor, wie wir weiter unten sehen werden. Der einfache Nachweis dieser Verbindungen ist wichtig, um das Risiko&#8230;<\/p>\n","protected":false},"author":3,"featured_media":0,"parent":0,"menu_order":0,"comment_status":"closed","ping_status":"closed","template":"","meta":{"footnotes":""},"class_list":["post-867","page","type-page","status-publish","hentry"],"yoast_head":"<!-- This site is optimized with the Yoast SEO plugin v27.2 - https:\/\/yoast.com\/product\/yoast-seo-wordpress\/ -->\n<title>Nachweis von Chrom(VI) in erhitzten Schmiermitteln auf Edelstahl - Matinspired.com<\/title>\n<meta name=\"robots\" content=\"index, follow, max-snippet:-1, max-image-preview:large, max-video-preview:-1\" \/>\n<link rel=\"canonical\" href=\"https:\/\/www.matinspired.com\/de\/nachweis-von-chromvi-in-erhitzten-schmiermitteln-auf-edelstahl\/\" \/>\n<meta property=\"og:locale\" content=\"de_DE\" \/>\n<meta property=\"og:type\" content=\"article\" \/>\n<meta property=\"og:title\" content=\"Nachweis von Chrom(VI) in erhitzten Schmiermitteln auf Edelstahl - Matinspired.com\" \/>\n<meta property=\"og:description\" content=\"Nachweis von Chrom 6 in erhitzten Schmiermitteln auf Edelstahl &nbsp; Nachweis von Chrom 6 in erhitzten Schmiermitteln auf Edelstahl Chrom-6-Verbindungen, kurz \u201eChrom-6&#8243;, sind gesundheitssch\u00e4dlich. Diese Verbindungen werden haupts\u00e4chlich in Korrosionsschutzfarben verwendet, aber sie kommen auch in anderen Anwendungen vor, wie wir weiter unten sehen werden. Der einfache Nachweis dieser Verbindungen ist wichtig, um das Risiko...\" \/>\n<meta property=\"og:url\" content=\"https:\/\/www.matinspired.com\/de\/nachweis-von-chromvi-in-erhitzten-schmiermitteln-auf-edelstahl\/\" \/>\n<meta property=\"og:site_name\" content=\"Matinspired.com\" \/>\n<meta property=\"article:modified_time\" content=\"2023-02-01T13:01:36+00:00\" \/>\n<meta property=\"og:image\" content=\"https:\/\/www.matinspired.com\/wp-content\/uploads\/2021\/03\/Combined-picture-English-400x336-1.jpg\" \/>\n<meta name=\"twitter:card\" content=\"summary_large_image\" \/>\n<meta name=\"twitter:site\" content=\"@MATinspired\" \/>\n<meta name=\"twitter:label1\" content=\"Gesch\u00e4tzte Lesezeit\" \/>\n\t<meta name=\"twitter:data1\" content=\"4\u00a0Minuten\" \/>\n<script type=\"application\/ld+json\" class=\"yoast-schema-graph\">{\"@context\":\"https:\/\/schema.org\",\"@graph\":[{\"@type\":\"WebPage\",\"@id\":\"https:\/\/www.matinspired.com\/de\/nachweis-von-chromvi-in-erhitzten-schmiermitteln-auf-edelstahl\/\",\"url\":\"https:\/\/www.matinspired.com\/de\/nachweis-von-chromvi-in-erhitzten-schmiermitteln-auf-edelstahl\/\",\"name\":\"Nachweis von Chrom(VI) in erhitzten Schmiermitteln auf Edelstahl - Matinspired.com\",\"isPartOf\":{\"@id\":\"https:\/\/www.matinspired.com\/de\/#website\"},\"primaryImageOfPage\":{\"@id\":\"https:\/\/www.matinspired.com\/de\/nachweis-von-chromvi-in-erhitzten-schmiermitteln-auf-edelstahl\/#primaryimage\"},\"image\":{\"@id\":\"https:\/\/www.matinspired.com\/de\/nachweis-von-chromvi-in-erhitzten-schmiermitteln-auf-edelstahl\/#primaryimage\"},\"thumbnailUrl\":\"https:\/\/www.matinspired.com\/wp-content\/uploads\/2021\/03\/Combined-picture-English-400x336-1.jpg\",\"datePublished\":\"2021-03-09T12:36:06+00:00\",\"dateModified\":\"2023-02-01T13:01:36+00:00\",\"breadcrumb\":{\"@id\":\"https:\/\/www.matinspired.com\/de\/nachweis-von-chromvi-in-erhitzten-schmiermitteln-auf-edelstahl\/#breadcrumb\"},\"inLanguage\":\"de\",\"potentialAction\":[{\"@type\":\"ReadAction\",\"target\":[\"https:\/\/www.matinspired.com\/de\/nachweis-von-chromvi-in-erhitzten-schmiermitteln-auf-edelstahl\/\"]}]},{\"@type\":\"ImageObject\",\"inLanguage\":\"de\",\"@id\":\"https:\/\/www.matinspired.com\/de\/nachweis-von-chromvi-in-erhitzten-schmiermitteln-auf-edelstahl\/#primaryimage\",\"url\":\"https:\/\/www.matinspired.com\/wp-content\/uploads\/2021\/03\/Combined-picture-English-400x336-1.jpg\",\"contentUrl\":\"https:\/\/www.matinspired.com\/wp-content\/uploads\/2021\/03\/Combined-picture-English-400x336-1.jpg\"},{\"@type\":\"BreadcrumbList\",\"@id\":\"https:\/\/www.matinspired.com\/de\/nachweis-von-chromvi-in-erhitzten-schmiermitteln-auf-edelstahl\/#breadcrumb\",\"itemListElement\":[{\"@type\":\"ListItem\",\"position\":1,\"name\":\"Home\",\"item\":\"https:\/\/www.matinspired.com\/de\/\"},{\"@type\":\"ListItem\",\"position\":2,\"name\":\"Nachweis von Chrom(VI) in erhitzten Schmiermitteln auf Edelstahl\"}]},{\"@type\":\"WebSite\",\"@id\":\"https:\/\/www.matinspired.com\/de\/#website\",\"url\":\"https:\/\/www.matinspired.com\/de\/\",\"name\":\"Matinspired.com\",\"description\":\"Chromium-6 test kits and more\",\"publisher\":{\"@id\":\"https:\/\/www.matinspired.com\/de\/#organization\"},\"potentialAction\":[{\"@type\":\"SearchAction\",\"target\":{\"@type\":\"EntryPoint\",\"urlTemplate\":\"https:\/\/www.matinspired.com\/de\/?s={search_term_string}\"},\"query-input\":{\"@type\":\"PropertyValueSpecification\",\"valueRequired\":true,\"valueName\":\"search_term_string\"}}],\"inLanguage\":\"de\"},{\"@type\":\"Organization\",\"@id\":\"https:\/\/www.matinspired.com\/de\/#organization\",\"name\":\"MATinspired B.V.\",\"url\":\"https:\/\/www.matinspired.com\/de\/\",\"logo\":{\"@type\":\"ImageObject\",\"inLanguage\":\"de\",\"@id\":\"https:\/\/www.matinspired.com\/de\/#\/schema\/logo\/image\/\",\"url\":\"https:\/\/www.matinspired.com\/wp-content\/uploads\/2023\/03\/LogoMATinspiredPO-696x969-1.jpg\",\"contentUrl\":\"https:\/\/www.matinspired.com\/wp-content\/uploads\/2023\/03\/LogoMATinspiredPO-696x969-1.jpg\",\"width\":696,\"height\":696,\"caption\":\"MATinspired B.V.\"},\"image\":{\"@id\":\"https:\/\/www.matinspired.com\/de\/#\/schema\/logo\/image\/\"},\"sameAs\":[\"https:\/\/x.com\/MATinspired\"]}]}<\/script>\n<!-- \/ Yoast SEO plugin. -->","yoast_head_json":{"title":"Nachweis von Chrom(VI) in erhitzten Schmiermitteln auf Edelstahl - Matinspired.com","robots":{"index":"index","follow":"follow","max-snippet":"max-snippet:-1","max-image-preview":"max-image-preview:large","max-video-preview":"max-video-preview:-1"},"canonical":"https:\/\/www.matinspired.com\/de\/nachweis-von-chromvi-in-erhitzten-schmiermitteln-auf-edelstahl\/","og_locale":"de_DE","og_type":"article","og_title":"Nachweis von Chrom(VI) in erhitzten Schmiermitteln auf Edelstahl - Matinspired.com","og_description":"Nachweis von Chrom 6 in erhitzten Schmiermitteln auf Edelstahl &nbsp; Nachweis von Chrom 6 in erhitzten Schmiermitteln auf Edelstahl Chrom-6-Verbindungen, kurz \u201eChrom-6&#8243;, sind gesundheitssch\u00e4dlich. Diese Verbindungen werden haupts\u00e4chlich in Korrosionsschutzfarben verwendet, aber sie kommen auch in anderen Anwendungen vor, wie wir weiter unten sehen werden. Der einfache Nachweis dieser Verbindungen ist wichtig, um das Risiko...","og_url":"https:\/\/www.matinspired.com\/de\/nachweis-von-chromvi-in-erhitzten-schmiermitteln-auf-edelstahl\/","og_site_name":"Matinspired.com","article_modified_time":"2023-02-01T13:01:36+00:00","og_image":[{"url":"https:\/\/www.matinspired.com\/wp-content\/uploads\/2021\/03\/Combined-picture-English-400x336-1.jpg","type":"","width":"","height":""}],"twitter_card":"summary_large_image","twitter_site":"@MATinspired","twitter_misc":{"Gesch\u00e4tzte Lesezeit":"4\u00a0Minuten"},"schema":{"@context":"https:\/\/schema.org","@graph":[{"@type":"WebPage","@id":"https:\/\/www.matinspired.com\/de\/nachweis-von-chromvi-in-erhitzten-schmiermitteln-auf-edelstahl\/","url":"https:\/\/www.matinspired.com\/de\/nachweis-von-chromvi-in-erhitzten-schmiermitteln-auf-edelstahl\/","name":"Nachweis von Chrom(VI) in erhitzten Schmiermitteln auf Edelstahl - Matinspired.com","isPartOf":{"@id":"https:\/\/www.matinspired.com\/de\/#website"},"primaryImageOfPage":{"@id":"https:\/\/www.matinspired.com\/de\/nachweis-von-chromvi-in-erhitzten-schmiermitteln-auf-edelstahl\/#primaryimage"},"image":{"@id":"https:\/\/www.matinspired.com\/de\/nachweis-von-chromvi-in-erhitzten-schmiermitteln-auf-edelstahl\/#primaryimage"},"thumbnailUrl":"https:\/\/www.matinspired.com\/wp-content\/uploads\/2021\/03\/Combined-picture-English-400x336-1.jpg","datePublished":"2021-03-09T12:36:06+00:00","dateModified":"2023-02-01T13:01:36+00:00","breadcrumb":{"@id":"https:\/\/www.matinspired.com\/de\/nachweis-von-chromvi-in-erhitzten-schmiermitteln-auf-edelstahl\/#breadcrumb"},"inLanguage":"de","potentialAction":[{"@type":"ReadAction","target":["https:\/\/www.matinspired.com\/de\/nachweis-von-chromvi-in-erhitzten-schmiermitteln-auf-edelstahl\/"]}]},{"@type":"ImageObject","inLanguage":"de","@id":"https:\/\/www.matinspired.com\/de\/nachweis-von-chromvi-in-erhitzten-schmiermitteln-auf-edelstahl\/#primaryimage","url":"https:\/\/www.matinspired.com\/wp-content\/uploads\/2021\/03\/Combined-picture-English-400x336-1.jpg","contentUrl":"https:\/\/www.matinspired.com\/wp-content\/uploads\/2021\/03\/Combined-picture-English-400x336-1.jpg"},{"@type":"BreadcrumbList","@id":"https:\/\/www.matinspired.com\/de\/nachweis-von-chromvi-in-erhitzten-schmiermitteln-auf-edelstahl\/#breadcrumb","itemListElement":[{"@type":"ListItem","position":1,"name":"Home","item":"https:\/\/www.matinspired.com\/de\/"},{"@type":"ListItem","position":2,"name":"Nachweis von Chrom(VI) in erhitzten Schmiermitteln auf Edelstahl"}]},{"@type":"WebSite","@id":"https:\/\/www.matinspired.com\/de\/#website","url":"https:\/\/www.matinspired.com\/de\/","name":"Matinspired.com","description":"Chromium-6 test kits and more","publisher":{"@id":"https:\/\/www.matinspired.com\/de\/#organization"},"potentialAction":[{"@type":"SearchAction","target":{"@type":"EntryPoint","urlTemplate":"https:\/\/www.matinspired.com\/de\/?s={search_term_string}"},"query-input":{"@type":"PropertyValueSpecification","valueRequired":true,"valueName":"search_term_string"}}],"inLanguage":"de"},{"@type":"Organization","@id":"https:\/\/www.matinspired.com\/de\/#organization","name":"MATinspired B.V.","url":"https:\/\/www.matinspired.com\/de\/","logo":{"@type":"ImageObject","inLanguage":"de","@id":"https:\/\/www.matinspired.com\/de\/#\/schema\/logo\/image\/","url":"https:\/\/www.matinspired.com\/wp-content\/uploads\/2023\/03\/LogoMATinspiredPO-696x969-1.jpg","contentUrl":"https:\/\/www.matinspired.com\/wp-content\/uploads\/2023\/03\/LogoMATinspiredPO-696x969-1.jpg","width":696,"height":696,"caption":"MATinspired B.V."},"image":{"@id":"https:\/\/www.matinspired.com\/de\/#\/schema\/logo\/image\/"},"sameAs":["https:\/\/x.com\/MATinspired"]}]}},"jetpack_sharing_enabled":true,"_links":{"self":[{"href":"https:\/\/www.matinspired.com\/de\/wp-json\/wp\/v2\/pages\/867","targetHints":{"allow":["GET"]}}],"collection":[{"href":"https:\/\/www.matinspired.com\/de\/wp-json\/wp\/v2\/pages"}],"about":[{"href":"https:\/\/www.matinspired.com\/de\/wp-json\/wp\/v2\/types\/page"}],"author":[{"embeddable":true,"href":"https:\/\/www.matinspired.com\/de\/wp-json\/wp\/v2\/users\/3"}],"replies":[{"embeddable":true,"href":"https:\/\/www.matinspired.com\/de\/wp-json\/wp\/v2\/comments?post=867"}],"version-history":[{"count":0,"href":"https:\/\/www.matinspired.com\/de\/wp-json\/wp\/v2\/pages\/867\/revisions"}],"wp:attachment":[{"href":"https:\/\/www.matinspired.com\/de\/wp-json\/wp\/v2\/media?parent=867"}],"curies":[{"name":"wp","href":"https:\/\/api.w.org\/{rel}","templated":true}]}}