{"id":796,"date":"2021-06-29T08:48:16","date_gmt":"2021-06-29T07:48:16","guid":{"rendered":"https:\/\/www.matinspired.com\/chromium-6-neutralizer-tk20\/"},"modified":"2023-11-10T14:51:56","modified_gmt":"2023-11-10T13:51:56","slug":"chromvi-neutralisator-tk20","status":"publish","type":"page","link":"https:\/\/www.matinspired.com\/de\/chromvi-neutralisator-tk20\/","title":{"rendered":"Chrom(VI)-Neutralisator &#8211; TK20"},"content":{"rendered":"\n\n\t<h1><strong>Chrom(VI)-Neutralisator &#8211; TK20<br \/>\n<\/strong><\/h1>\n\t<h2><strong>Chrom(VI)<br \/>\n<\/strong><strong>Neutralisator &#8211; TK20<br \/>\n<\/strong><em><strong>zum Neutralisieren von Chrom(VI)-Verunreinigungen auf Metallen<\/strong><\/em><\/h2>\nMit dieser Fl\u00fcssigkeit k\u00f6nnen Sie Chrom(VI)-Verunreinigungen auf Metallen einfach entfernen\/neutralisieren. Die Fl\u00fcssigkeit (0,5 L) kann mit einem Tuch oder einem Vernebler aufgetragen werden. Auch das Eintauchen von Kleinteilen wie Schrauben und Muttern in diese Fl\u00fcssigkeit ist m\u00f6glich. Danach k\u00f6nnen Sie mit dem TK11-Testkit \u00fcberpr\u00fcfen, ob das Chrom(VI) entfernt\/neutralisiert wurde.<br \/>\nDieses Produkt ist f\u00fcr Verschmutzungen auf Metall geeignet, jedoch nicht f\u00fcr Farbschichten.\n\t\t\t<a href=\"https:\/\/www.matinspired.com\/de\/angebotsanfrage\/?aantal-neutralisator=1\" target=\"_self\" rel=\"noopener\">\n\t\t\t\t\t\tAngebotsanfrage\n\t\t\t\t\t<\/a>\n\t\t\t<a href=\"https:\/\/www.matinspired.nl\/wp-content\/uploads\/2022\/06\/BrochureDU-MATinspired-TK20-ChromVI-Neutralisator.pdf\" target=\"_blank\" rel=\"noopener\">\n\t\t\t\t\t\tBrosch\u00fcre Chrom(VI)-Neutralisator\n\t\t\t\t\t<\/a>\n\t<em>Die Lieferung ist nur f\u00fcr Firmen m\u00f6glich.<br \/>\n<\/em><em>Sie erhalten unser Angebot per E-Mail innerhalb von ein bis zwei Werktagen. Wenn Sie mit diesem Angebot einverstanden sind, senden wir Ihnen das Test Kit umgehend zu.<\/em>\n\t\t\t\t<img loading=\"lazy\" decoding=\"async\" src=\"https:\/\/www.matinspired.com\/wp-content\/uploads\/2022\/03\/FlaconChromium-6_Neutralizer-scaled.jpg\" alt=\"TK20 Chromium-6 Neutralizer\" itemprop=\"image\" height=\"2560\" width=\"2560\" title=\"FlaconChromium-6_Neutralizer\" onerror=\"this.style.display='none'\"  \/>\n\t<h3><strong>Chrom(VI)-Kontamination auf erhitztem Stahl<\/strong><\/h3>\n<p>Chrom(VI)-haltige Verbindungen k\u00f6nnen sich auf erhitztem chromhaltigem Stahl, wie z. B. Edelstahl, bilden. Diese Metalle sind oft Bestandteil einer Maschine und werden beim Betrieb der Maschine selbst erhitzt. Denken Sie zum Beispiel an Teile eines Schiffsmotors, einer Turbine oder einer Windm\u00fchle. H\u00e4ufig entsteht eine Chrom(VI)-Verunreinigung durch eine Reaktion von Schmiermitteln mit dem Stahl beim Erhitzen. Diese Verbindungen sind giftig und m\u00fcssen entfernt werden, bevor \u00dcberholungsarbeiten durchgef\u00fchrt werden k\u00f6nnen.<\/p>\n<p>Die gebildeten Chrom(VI)-Verbindungen sind oft an einer wei\u00df\/gr\u00fcnen Staubschicht auf dem Metall zu erkennen. Diese Schicht ist h\u00e4ufig an Stellen vorhanden, an denen (Anti-Seize-)Schmiermittel verwendet wurden, z. B. an Muttern und Schrauben.<\/p>\n<p>Mit dem TK11\u00ae MATinspired Chromium(VI)-Detektion Test Kit k\u00f6nnen Sie ganz einfach testen, ob eine Chrom(VI)-Kontamination auf dem Stahl vorhanden ist. Wenn die Chrom(VI)-Verbindung nachgewiesen wird, kann sie mit dem TK20 Chromium(VI)-Neutralizer neutralisiert werden.<\/p>\n\t<h3><strong>Wie der TK20 Chrom(VI)-Neutralisator funktioniert<\/strong><\/h3>\n<p>Wenn die Neutralisationsfl\u00fcssigkeit TK20 auf das Metall aufgetragen wird, wird das vorhandene Chrom(VI) in das ungiftige Chrom(III) umgewandelt. Dies wird auch als Reduktionsreaktion bezeichnet.<\/p>\n\t\t\t\t<img decoding=\"async\" src=\"https:\/\/www.matinspired.com\/wp-content\/uploads\/2022\/05\/Beelden_Chroom-6Neutralizer-1-886x1024.jpg\" alt=\"Beelden_Chroom-6Neutralizer\" itemprop=\"image\" title=\"Beelden_Chroom-6Neutralizer\" onerror=\"this.style.display='none'\"  \/>\n\t<p><em><p><i> Haftungsausschluss<br \/>\nObwohl dieses Produkt mit gr\u00f6\u00dfter Sorgfalt zusammengestellt wurden, kann MATinspired B.V. nicht f\u00fcr Sch\u00e4den haftbar gemacht werden, die durch die Verwendung oder den Kontakt mit dem Produkt entstehen. Dieses Messverfahren liefert nur einen Hinweis. MATinspired B.V. \u00fcbernimmt keinerlei Verantwortung f\u00fcr die Testergebnisse. <\/i><\/p>\n<\/em><\/p>\n<p>&nbsp;<\/p>\n\n","protected":false},"excerpt":{"rendered":"<p>Chrom(VI)-Neutralisator &#8211; TK20 Chrom(VI) Neutralisator &#8211; TK20 zum Neutralisieren von Chrom(VI)-Verunreinigungen auf Metallen Mit dieser Fl\u00fcssigkeit k\u00f6nnen Sie Chrom(VI)-Verunreinigungen auf Metallen einfach entfernen\/neutralisieren. Die Fl\u00fcssigkeit (0,5 L) kann mit einem Tuch oder einem Vernebler aufgetragen werden. Auch das Eintauchen von Kleinteilen wie Schrauben und Muttern in diese Fl\u00fcssigkeit ist m\u00f6glich. Danach k\u00f6nnen Sie mit dem&#8230;<\/p>\n","protected":false},"author":3,"featured_media":0,"parent":0,"menu_order":0,"comment_status":"closed","ping_status":"closed","template":"","meta":{"footnotes":""},"class_list":["post-796","page","type-page","status-publish","hentry"],"yoast_head":"<!-- This site is optimized with the Yoast SEO plugin v27.5 - https:\/\/yoast.com\/product\/yoast-seo-wordpress\/ -->\n<title>Chrom(VI)-Neutralisator - TK20 - Matinspired.com<\/title>\n<meta name=\"description\" content=\"Mit dieser Fl\u00fcssigkeit k\u00f6nnen Sie Chrom(VI)-Verunreinigungen auf Metallen einfach entfernen\/neutralisieren. Die Fl\u00fcssigkeit (0,5 L) kann mit einem Tuch oder einem Vernebler aufgetragen werden. Auch das Eintauchen von Kleinteilen wie Schrauben und Muttern in diese Fl\u00fcssigkeit ist m\u00f6glich.\" \/>\n<meta name=\"robots\" content=\"index, follow, max-snippet:-1, max-image-preview:large, max-video-preview:-1\" \/>\n<link rel=\"canonical\" href=\"https:\/\/www.matinspired.com\/de\/chromvi-neutralisator-tk20\/\" \/>\n<meta property=\"og:locale\" content=\"de_DE\" \/>\n<meta property=\"og:type\" content=\"article\" \/>\n<meta property=\"og:title\" content=\"Chrom(VI)-Neutralisator - TK20 - Matinspired.com\" \/>\n<meta property=\"og:description\" content=\"Mit dieser Fl\u00fcssigkeit k\u00f6nnen Sie Chrom(VI)-Verunreinigungen auf Metallen einfach entfernen\/neutralisieren. Die Fl\u00fcssigkeit (0,5 L) kann mit einem Tuch oder einem Vernebler aufgetragen werden. Auch das Eintauchen von Kleinteilen wie Schrauben und Muttern in diese Fl\u00fcssigkeit ist m\u00f6glich.\" \/>\n<meta property=\"og:url\" content=\"https:\/\/www.matinspired.com\/de\/chromvi-neutralisator-tk20\/\" \/>\n<meta property=\"og:site_name\" content=\"Matinspired.com\" \/>\n<meta property=\"article:modified_time\" content=\"2023-11-10T13:51:56+00:00\" \/>\n<meta property=\"og:image\" content=\"https:\/\/www.matinspired.com\/wp-content\/uploads\/2022\/03\/FlaconChromium-6_Neutralizer-scaled.jpg\" \/>\n<meta name=\"twitter:card\" content=\"summary_large_image\" \/>\n<meta name=\"twitter:site\" content=\"@MATinspired\" \/>\n<meta name=\"twitter:label1\" content=\"Gesch\u00e4tzte Lesezeit\" \/>\n\t<meta name=\"twitter:data1\" content=\"2\u00a0Minuten\" \/>\n<script type=\"application\/ld+json\" class=\"yoast-schema-graph\">{\"@context\":\"https:\\\/\\\/schema.org\",\"@graph\":[{\"@type\":\"WebPage\",\"@id\":\"https:\\\/\\\/www.matinspired.com\\\/de\\\/chromvi-neutralisator-tk20\\\/\",\"url\":\"https:\\\/\\\/www.matinspired.com\\\/de\\\/chromvi-neutralisator-tk20\\\/\",\"name\":\"Chrom(VI)-Neutralisator - TK20 - Matinspired.com\",\"isPartOf\":{\"@id\":\"https:\\\/\\\/www.matinspired.com\\\/de\\\/#website\"},\"primaryImageOfPage\":{\"@id\":\"https:\\\/\\\/www.matinspired.com\\\/de\\\/chromvi-neutralisator-tk20\\\/#primaryimage\"},\"image\":{\"@id\":\"https:\\\/\\\/www.matinspired.com\\\/de\\\/chromvi-neutralisator-tk20\\\/#primaryimage\"},\"thumbnailUrl\":\"https:\\\/\\\/www.matinspired.com\\\/wp-content\\\/uploads\\\/2022\\\/03\\\/FlaconChromium-6_Neutralizer-scaled.jpg\",\"datePublished\":\"2021-06-29T07:48:16+00:00\",\"dateModified\":\"2023-11-10T13:51:56+00:00\",\"description\":\"Mit dieser Fl\u00fcssigkeit k\u00f6nnen Sie Chrom(VI)-Verunreinigungen auf Metallen einfach entfernen\\\/neutralisieren. Die Fl\u00fcssigkeit (0,5 L) kann mit einem Tuch oder einem Vernebler aufgetragen werden. Auch das Eintauchen von Kleinteilen wie Schrauben und Muttern in diese Fl\u00fcssigkeit ist m\u00f6glich.\",\"breadcrumb\":{\"@id\":\"https:\\\/\\\/www.matinspired.com\\\/de\\\/chromvi-neutralisator-tk20\\\/#breadcrumb\"},\"inLanguage\":\"de\",\"potentialAction\":[{\"@type\":\"ReadAction\",\"target\":[\"https:\\\/\\\/www.matinspired.com\\\/de\\\/chromvi-neutralisator-tk20\\\/\"]}]},{\"@type\":\"ImageObject\",\"inLanguage\":\"de\",\"@id\":\"https:\\\/\\\/www.matinspired.com\\\/de\\\/chromvi-neutralisator-tk20\\\/#primaryimage\",\"url\":\"https:\\\/\\\/www.matinspired.com\\\/wp-content\\\/uploads\\\/2022\\\/03\\\/FlaconChromium-6_Neutralizer-scaled.jpg\",\"contentUrl\":\"https:\\\/\\\/www.matinspired.com\\\/wp-content\\\/uploads\\\/2022\\\/03\\\/FlaconChromium-6_Neutralizer-scaled.jpg\"},{\"@type\":\"BreadcrumbList\",\"@id\":\"https:\\\/\\\/www.matinspired.com\\\/de\\\/chromvi-neutralisator-tk20\\\/#breadcrumb\",\"itemListElement\":[{\"@type\":\"ListItem\",\"position\":1,\"name\":\"Home\",\"item\":\"https:\\\/\\\/www.matinspired.com\\\/de\\\/\"},{\"@type\":\"ListItem\",\"position\":2,\"name\":\"Chrom(VI)-Neutralisator &#8211; TK20\"}]},{\"@type\":\"WebSite\",\"@id\":\"https:\\\/\\\/www.matinspired.com\\\/de\\\/#website\",\"url\":\"https:\\\/\\\/www.matinspired.com\\\/de\\\/\",\"name\":\"Matinspired.com\",\"description\":\"Chromium-6 test kits and more\",\"publisher\":{\"@id\":\"https:\\\/\\\/www.matinspired.com\\\/de\\\/#organization\"},\"potentialAction\":[{\"@type\":\"SearchAction\",\"target\":{\"@type\":\"EntryPoint\",\"urlTemplate\":\"https:\\\/\\\/www.matinspired.com\\\/de\\\/?s={search_term_string}\"},\"query-input\":{\"@type\":\"PropertyValueSpecification\",\"valueRequired\":true,\"valueName\":\"search_term_string\"}}],\"inLanguage\":\"de\"},{\"@type\":\"Organization\",\"@id\":\"https:\\\/\\\/www.matinspired.com\\\/de\\\/#organization\",\"name\":\"MATinspired B.V.\",\"url\":\"https:\\\/\\\/www.matinspired.com\\\/de\\\/\",\"logo\":{\"@type\":\"ImageObject\",\"inLanguage\":\"de\",\"@id\":\"https:\\\/\\\/www.matinspired.com\\\/de\\\/#\\\/schema\\\/logo\\\/image\\\/\",\"url\":\"https:\\\/\\\/www.matinspired.com\\\/wp-content\\\/uploads\\\/2023\\\/03\\\/LogoMATinspiredPO-696x969-1.jpg\",\"contentUrl\":\"https:\\\/\\\/www.matinspired.com\\\/wp-content\\\/uploads\\\/2023\\\/03\\\/LogoMATinspiredPO-696x969-1.jpg\",\"width\":696,\"height\":696,\"caption\":\"MATinspired B.V.\"},\"image\":{\"@id\":\"https:\\\/\\\/www.matinspired.com\\\/de\\\/#\\\/schema\\\/logo\\\/image\\\/\"},\"sameAs\":[\"https:\\\/\\\/x.com\\\/MATinspired\"]}]}<\/script>\n<!-- \/ Yoast SEO plugin. -->","yoast_head_json":{"title":"Chrom(VI)-Neutralisator - TK20 - Matinspired.com","description":"Mit dieser Fl\u00fcssigkeit k\u00f6nnen Sie Chrom(VI)-Verunreinigungen auf Metallen einfach entfernen\/neutralisieren. Die Fl\u00fcssigkeit (0,5 L) kann mit einem Tuch oder einem Vernebler aufgetragen werden. Auch das Eintauchen von Kleinteilen wie Schrauben und Muttern in diese Fl\u00fcssigkeit ist m\u00f6glich.","robots":{"index":"index","follow":"follow","max-snippet":"max-snippet:-1","max-image-preview":"max-image-preview:large","max-video-preview":"max-video-preview:-1"},"canonical":"https:\/\/www.matinspired.com\/de\/chromvi-neutralisator-tk20\/","og_locale":"de_DE","og_type":"article","og_title":"Chrom(VI)-Neutralisator - TK20 - Matinspired.com","og_description":"Mit dieser Fl\u00fcssigkeit k\u00f6nnen Sie Chrom(VI)-Verunreinigungen auf Metallen einfach entfernen\/neutralisieren. Die Fl\u00fcssigkeit (0,5 L) kann mit einem Tuch oder einem Vernebler aufgetragen werden. Auch das Eintauchen von Kleinteilen wie Schrauben und Muttern in diese Fl\u00fcssigkeit ist m\u00f6glich.","og_url":"https:\/\/www.matinspired.com\/de\/chromvi-neutralisator-tk20\/","og_site_name":"Matinspired.com","article_modified_time":"2023-11-10T13:51:56+00:00","og_image":[{"url":"https:\/\/www.matinspired.com\/wp-content\/uploads\/2022\/03\/FlaconChromium-6_Neutralizer-scaled.jpg","type":"","width":"","height":""}],"twitter_card":"summary_large_image","twitter_site":"@MATinspired","twitter_misc":{"Gesch\u00e4tzte Lesezeit":"2\u00a0Minuten"},"schema":{"@context":"https:\/\/schema.org","@graph":[{"@type":"WebPage","@id":"https:\/\/www.matinspired.com\/de\/chromvi-neutralisator-tk20\/","url":"https:\/\/www.matinspired.com\/de\/chromvi-neutralisator-tk20\/","name":"Chrom(VI)-Neutralisator - TK20 - Matinspired.com","isPartOf":{"@id":"https:\/\/www.matinspired.com\/de\/#website"},"primaryImageOfPage":{"@id":"https:\/\/www.matinspired.com\/de\/chromvi-neutralisator-tk20\/#primaryimage"},"image":{"@id":"https:\/\/www.matinspired.com\/de\/chromvi-neutralisator-tk20\/#primaryimage"},"thumbnailUrl":"https:\/\/www.matinspired.com\/wp-content\/uploads\/2022\/03\/FlaconChromium-6_Neutralizer-scaled.jpg","datePublished":"2021-06-29T07:48:16+00:00","dateModified":"2023-11-10T13:51:56+00:00","description":"Mit dieser Fl\u00fcssigkeit k\u00f6nnen Sie Chrom(VI)-Verunreinigungen auf Metallen einfach entfernen\/neutralisieren. Die Fl\u00fcssigkeit (0,5 L) kann mit einem Tuch oder einem Vernebler aufgetragen werden. Auch das Eintauchen von Kleinteilen wie Schrauben und Muttern in diese Fl\u00fcssigkeit ist m\u00f6glich.","breadcrumb":{"@id":"https:\/\/www.matinspired.com\/de\/chromvi-neutralisator-tk20\/#breadcrumb"},"inLanguage":"de","potentialAction":[{"@type":"ReadAction","target":["https:\/\/www.matinspired.com\/de\/chromvi-neutralisator-tk20\/"]}]},{"@type":"ImageObject","inLanguage":"de","@id":"https:\/\/www.matinspired.com\/de\/chromvi-neutralisator-tk20\/#primaryimage","url":"https:\/\/www.matinspired.com\/wp-content\/uploads\/2022\/03\/FlaconChromium-6_Neutralizer-scaled.jpg","contentUrl":"https:\/\/www.matinspired.com\/wp-content\/uploads\/2022\/03\/FlaconChromium-6_Neutralizer-scaled.jpg"},{"@type":"BreadcrumbList","@id":"https:\/\/www.matinspired.com\/de\/chromvi-neutralisator-tk20\/#breadcrumb","itemListElement":[{"@type":"ListItem","position":1,"name":"Home","item":"https:\/\/www.matinspired.com\/de\/"},{"@type":"ListItem","position":2,"name":"Chrom(VI)-Neutralisator &#8211; TK20"}]},{"@type":"WebSite","@id":"https:\/\/www.matinspired.com\/de\/#website","url":"https:\/\/www.matinspired.com\/de\/","name":"Matinspired.com","description":"Chromium-6 test kits and more","publisher":{"@id":"https:\/\/www.matinspired.com\/de\/#organization"},"potentialAction":[{"@type":"SearchAction","target":{"@type":"EntryPoint","urlTemplate":"https:\/\/www.matinspired.com\/de\/?s={search_term_string}"},"query-input":{"@type":"PropertyValueSpecification","valueRequired":true,"valueName":"search_term_string"}}],"inLanguage":"de"},{"@type":"Organization","@id":"https:\/\/www.matinspired.com\/de\/#organization","name":"MATinspired B.V.","url":"https:\/\/www.matinspired.com\/de\/","logo":{"@type":"ImageObject","inLanguage":"de","@id":"https:\/\/www.matinspired.com\/de\/#\/schema\/logo\/image\/","url":"https:\/\/www.matinspired.com\/wp-content\/uploads\/2023\/03\/LogoMATinspiredPO-696x969-1.jpg","contentUrl":"https:\/\/www.matinspired.com\/wp-content\/uploads\/2023\/03\/LogoMATinspiredPO-696x969-1.jpg","width":696,"height":696,"caption":"MATinspired B.V."},"image":{"@id":"https:\/\/www.matinspired.com\/de\/#\/schema\/logo\/image\/"},"sameAs":["https:\/\/x.com\/MATinspired"]}]}},"jetpack_sharing_enabled":true,"_links":{"self":[{"href":"https:\/\/www.matinspired.com\/de\/wp-json\/wp\/v2\/pages\/796","targetHints":{"allow":["GET"]}}],"collection":[{"href":"https:\/\/www.matinspired.com\/de\/wp-json\/wp\/v2\/pages"}],"about":[{"href":"https:\/\/www.matinspired.com\/de\/wp-json\/wp\/v2\/types\/page"}],"author":[{"embeddable":true,"href":"https:\/\/www.matinspired.com\/de\/wp-json\/wp\/v2\/users\/3"}],"replies":[{"embeddable":true,"href":"https:\/\/www.matinspired.com\/de\/wp-json\/wp\/v2\/comments?post=796"}],"version-history":[{"count":0,"href":"https:\/\/www.matinspired.com\/de\/wp-json\/wp\/v2\/pages\/796\/revisions"}],"wp:attachment":[{"href":"https:\/\/www.matinspired.com\/de\/wp-json\/wp\/v2\/media?parent=796"}],"curies":[{"name":"wp","href":"https:\/\/api.w.org\/{rel}","templated":true}]}}