{"id":69299,"date":"2025-12-09T09:45:05","date_gmt":"2025-12-09T08:45:05","guid":{"rendered":"https:\/\/www.matinspired.com\/?page_id=69299"},"modified":"2026-04-02T13:16:11","modified_gmt":"2026-04-02T11:16:11","slug":"makro-atzkit-fur-aluminiumschweisnahte-tk03","status":"publish","type":"page","link":"https:\/\/www.matinspired.com\/de\/makro-atzkit-fur-aluminiumschweisnahte-tk03\/","title":{"rendered":"Makro-\u00c4tzkit f\u00fcr Aluminiumschwei\u00dfn\u00e4hte &#8211; TK03"},"content":{"rendered":"\n\n\t\n<h1><strong>Aluminium-Makro-Etch-Kit &#8211; TK03<\/strong><\/h1>\n<p>&nbsp;<\/p>\n<figure itemscope itemtype=\"https:\/\/schema.org\/ImageObject\">\n\t\t\t\t<img decoding=\"async\" src=\"https:\/\/www.matinspired.com\/wp-content\/plugins\/bb-plugin\/img\/pixel.png\" alt=\"\" onerror=\"this.style.display='none'\" loading=\"lazy\" \/>\n\t<\/figure>\n\t<h2><strong>Aluminium-Makro-Etch-Kit &#8211; TK03<br \/>\n<\/strong><strong>f\u00fcr Schwei\u00dfn\u00e4hte<\/strong><em><strong><br \/>\n<\/strong><\/em><\/h2>\n<p>Dies ist ein professionelles Testkit f\u00fcr sichere, schnelle und einfache makroskopische \u00c4tzungen von Querschnitten von Aluminiumschwei\u00dfn\u00e4hten zur Inspektion. Dies erleichtert die Bestimmung der Tiefe und Qualit\u00e4t der Schwei\u00dfnaht. Dieses Set eignet sich f\u00fcr verschiedene Arten von Aluminium.<\/p>\n<p>Mit diesem Testkit k\u00f6nnen Sie etwa 100 Makrogravuren aus Aluminiumschwei\u00dfn\u00e4hten herstellen.<\/p>\n<p>Neben \u00c4tzfl\u00fcssigkeit sind auch Schleifpapier, Sicherheitshandschuhe und \u00c4tzfl\u00fcssigkeitsapplikatoren in diesem Set enthalten.<\/p>\n\t<h3><strong>Gebrauchen<\/strong><\/h3>\n<p>Die geschwei\u00dfte Verbindung muss unabh\u00e4ngig voneinander durchgeschnitten oder ges\u00e4gt werden. Dann muss die Schwei\u00dfnaht von Hand mit dem Schleifpapier aus diesem Bausatz flach geschliffen werden. Anschlie\u00dfend kann er mit der \u00c4tzfl\u00fcssigkeit aus dem Kit ge\u00e4tzt werden. Die Qualit\u00e4t der Schwei\u00dfnaht kann dann visuell bewertet werden.<\/p>\n<p>Die Vorteile dieses Sets sind:<\/p>\n<ol>\n<li><strong>Einfach und schnell<\/strong>: Die Fl\u00fcssigkeit l\u00e4sst sich mit diesem Kit einfach und schnell auftragen, was schnelle Ergebnisse liefert<\/li>\n<li><strong>Sicher<\/strong>: Sicherheitsdatenbl\u00e4tter und ein Handbuch sind enthalten, um sicher mit den \u00c4tzfl\u00fcssigkeiten zu arbeiten<\/li>\n<li><strong>Sehr lange Haltbarkeit<\/strong>: Die Testfl\u00fcssigkeiten haben eine Haltbarkeit von Jahren, sodass Sie dieses Testkit jederzeit verwenden k\u00f6nnen<\/li>\n<\/ol>\n<figure itemscope itemtype=\"https:\/\/schema.org\/ImageObject\">\n\t\t\t\t<img decoding=\"async\" src=\"https:\/\/www.matinspired.com\/wp-content\/uploads\/2025\/12\/TK03_Testkit_AluminiumWeld-scaled.jpg\" alt=\"Read More\" height=\"1707\" width=\"2560\" title=\"TK03_Testkit_AluminiumWeld\" onerror=\"this.style.display='none'\" loading=\"lazy\" \/>\n\t<\/figure>\n\t\t\t<a href=\"https:\/\/www.matinspired.com\/de\/angebotsanfrage\/?artikel=TK03%20-%20Makro-\u00c4tzkit%20f\u00fcr%20Aluminiumschwei\u00dfn\u00e4hte&#038;aantal-other=1\"  target=\"_self\">\n\t\t\t\t\t\tAngebotsanfrage\n\t\t\t\t\t<\/a>\n\t<em>Die Lieferung ist nur f\u00fcr Firmen m\u00f6glich.<br \/>\n<\/em><em>Sie erhalten unser Angebot per E-Mail innerhalb von ein bis zwei Werktagen. Wenn Sie mit diesem Angebot einverstanden sind, senden wir Ihnen das Test Kit umgehend zu.<\/em>\n<figure itemscope itemtype=\"https:\/\/schema.org\/ImageObject\">\n\t\t\t\t<img decoding=\"async\" src=\"https:\/\/www.matinspired.com\/wp-content\/uploads\/2025\/12\/Voorbeeld-MATinspired-TK03-macro-ets-aluminiumlasnaad.jpg\" alt=\"Voorbeeld MATinspired TK03 macro-ets aluminiumlasnaad\" height=\"348\" width=\"400\" title=\"Voorbeeld MATinspired TK03 macro-ets aluminiumlasnaad\" onerror=\"this.style.display='none'\" loading=\"lazy\" \/>\n\t<\/figure>\n\t<p>Beispiel einer blauen Makro\u00e4tzung einer Aluminiumschwei\u00dfnaht mit dem TK03 Aluminium-Makro\u00e4tz-Schwei\u00dfnaht-Pr\u00fcfkit<\/p>\n\t<em>Haftungsausschluss:<br \/>\nObwohl dieses Produkt mit gr\u00f6\u00dfter Sorgfalt zusammengestellt wurde, kann MATinspired B.V. nicht f\u00fcr Sch\u00e4den haftbar gemacht werden, die durch die Nutzung oder den Kontakt mit dem Produkt entstehen. Diese Messmethode ist nur ein Hinweis. MATinspired B.V. ist nicht f\u00fcr das Ergebnis der Testergebnisse verantwortlich. <\/em>\n\n","protected":false},"excerpt":{"rendered":"<p>Aluminium-Makro-Etch-Kit &#8211; TK03 &nbsp; Aluminium-Makro-Etch-Kit &#8211; TK03 f\u00fcr Schwei\u00dfn\u00e4hte Dies ist ein professionelles Testkit f\u00fcr sichere, schnelle und einfache makroskopische \u00c4tzungen von Querschnitten von Aluminiumschwei\u00dfn\u00e4hten zur Inspektion. Dies erleichtert die Bestimmung der Tiefe und Qualit\u00e4t der Schwei\u00dfnaht. Dieses Set eignet sich f\u00fcr verschiedene Arten von Aluminium. Mit diesem Testkit k\u00f6nnen Sie etwa 100 Makrogravuren aus&#8230;<\/p>\n","protected":false},"author":3,"featured_media":0,"parent":0,"menu_order":0,"comment_status":"closed","ping_status":"closed","template":"","meta":{"footnotes":""},"class_list":["post-69299","page","type-page","status-publish","hentry"],"yoast_head":"<!-- This site is optimized with the Yoast SEO plugin v27.6 - https:\/\/yoast.com\/product\/yoast-seo-wordpress\/ -->\n<title>Makro-\u00c4tzkit f\u00fcr Aluminiumschwei\u00dfn\u00e4hte - TK03 - Matinspired.com<\/title>\n<meta name=\"description\" content=\"A professional test kit for macroscopic etching of cross-sections of stainless steel weld seams. This way you can test your material safely and quickly.\" \/>\n<meta name=\"robots\" content=\"index, follow, max-snippet:-1, max-image-preview:large, max-video-preview:-1\" \/>\n<link rel=\"canonical\" href=\"https:\/\/www.matinspired.com\/de\/makro-atzkit-fur-aluminiumschweisnahte-tk03\/\" \/>\n<meta property=\"og:locale\" content=\"de_DE\" \/>\n<meta property=\"og:type\" content=\"article\" \/>\n<meta property=\"og:title\" content=\"Makro-\u00c4tzkit f\u00fcr Aluminiumschwei\u00dfn\u00e4hte - TK03 - Matinspired.com\" \/>\n<meta property=\"og:description\" content=\"A professional test kit for macroscopic etching of cross-sections of stainless steel weld seams. This way you can test your material safely and quickly.\" \/>\n<meta property=\"og:url\" content=\"https:\/\/www.matinspired.com\/de\/makro-atzkit-fur-aluminiumschweisnahte-tk03\/\" \/>\n<meta property=\"og:site_name\" content=\"Matinspired.com\" \/>\n<meta property=\"article:modified_time\" content=\"2026-04-02T11:16:11+00:00\" \/>\n<meta property=\"og:image\" content=\"https:\/\/www.matinspired.com\/wp-content\/plugins\/bb-plugin\/img\/pixel.png\" \/>\n<meta name=\"twitter:card\" content=\"summary_large_image\" \/>\n<meta name=\"twitter:site\" content=\"@MATinspired\" \/>\n<meta name=\"twitter:label1\" content=\"Gesch\u00e4tzte Lesezeit\" \/>\n\t<meta name=\"twitter:data1\" content=\"2\u00a0Minuten\" \/>\n<script type=\"application\/ld+json\" class=\"yoast-schema-graph\">{\"@context\":\"https:\\\/\\\/schema.org\",\"@graph\":[{\"@type\":\"WebPage\",\"@id\":\"https:\\\/\\\/www.matinspired.com\\\/de\\\/makro-atzkit-fur-aluminiumschweisnahte-tk03\\\/\",\"url\":\"https:\\\/\\\/www.matinspired.com\\\/de\\\/makro-atzkit-fur-aluminiumschweisnahte-tk03\\\/\",\"name\":\"Makro-\u00c4tzkit f\u00fcr Aluminiumschwei\u00dfn\u00e4hte - TK03 - Matinspired.com\",\"isPartOf\":{\"@id\":\"https:\\\/\\\/www.matinspired.com\\\/de\\\/#website\"},\"primaryImageOfPage\":{\"@id\":\"https:\\\/\\\/www.matinspired.com\\\/de\\\/makro-atzkit-fur-aluminiumschweisnahte-tk03\\\/#primaryimage\"},\"image\":{\"@id\":\"https:\\\/\\\/www.matinspired.com\\\/de\\\/makro-atzkit-fur-aluminiumschweisnahte-tk03\\\/#primaryimage\"},\"thumbnailUrl\":\"https:\\\/\\\/www.matinspired.com\\\/wp-content\\\/plugins\\\/bb-plugin\\\/img\\\/pixel.png\",\"datePublished\":\"2025-12-09T08:45:05+00:00\",\"dateModified\":\"2026-04-02T11:16:11+00:00\",\"description\":\"A professional test kit for macroscopic etching of cross-sections of stainless steel weld seams. This way you can test your material safely and quickly.\",\"breadcrumb\":{\"@id\":\"https:\\\/\\\/www.matinspired.com\\\/de\\\/makro-atzkit-fur-aluminiumschweisnahte-tk03\\\/#breadcrumb\"},\"inLanguage\":\"de\",\"potentialAction\":[{\"@type\":\"ReadAction\",\"target\":[\"https:\\\/\\\/www.matinspired.com\\\/de\\\/makro-atzkit-fur-aluminiumschweisnahte-tk03\\\/\"]}]},{\"@type\":\"ImageObject\",\"inLanguage\":\"de\",\"@id\":\"https:\\\/\\\/www.matinspired.com\\\/de\\\/makro-atzkit-fur-aluminiumschweisnahte-tk03\\\/#primaryimage\",\"url\":\"https:\\\/\\\/www.matinspired.com\\\/wp-content\\\/plugins\\\/bb-plugin\\\/img\\\/pixel.png\",\"contentUrl\":\"https:\\\/\\\/www.matinspired.com\\\/wp-content\\\/plugins\\\/bb-plugin\\\/img\\\/pixel.png\"},{\"@type\":\"BreadcrumbList\",\"@id\":\"https:\\\/\\\/www.matinspired.com\\\/de\\\/makro-atzkit-fur-aluminiumschweisnahte-tk03\\\/#breadcrumb\",\"itemListElement\":[{\"@type\":\"ListItem\",\"position\":1,\"name\":\"Home\",\"item\":\"https:\\\/\\\/www.matinspired.com\\\/de\\\/\"},{\"@type\":\"ListItem\",\"position\":2,\"name\":\"Makro-\u00c4tzkit f\u00fcr Aluminiumschwei\u00dfn\u00e4hte &#8211; TK03\"}]},{\"@type\":\"WebSite\",\"@id\":\"https:\\\/\\\/www.matinspired.com\\\/de\\\/#website\",\"url\":\"https:\\\/\\\/www.matinspired.com\\\/de\\\/\",\"name\":\"Matinspired.com\",\"description\":\"Chromium-6 test kits and more\",\"publisher\":{\"@id\":\"https:\\\/\\\/www.matinspired.com\\\/de\\\/#organization\"},\"potentialAction\":[{\"@type\":\"SearchAction\",\"target\":{\"@type\":\"EntryPoint\",\"urlTemplate\":\"https:\\\/\\\/www.matinspired.com\\\/de\\\/?s={search_term_string}\"},\"query-input\":{\"@type\":\"PropertyValueSpecification\",\"valueRequired\":true,\"valueName\":\"search_term_string\"}}],\"inLanguage\":\"de\"},{\"@type\":\"Organization\",\"@id\":\"https:\\\/\\\/www.matinspired.com\\\/de\\\/#organization\",\"name\":\"MATinspired B.V.\",\"url\":\"https:\\\/\\\/www.matinspired.com\\\/de\\\/\",\"logo\":{\"@type\":\"ImageObject\",\"inLanguage\":\"de\",\"@id\":\"https:\\\/\\\/www.matinspired.com\\\/de\\\/#\\\/schema\\\/logo\\\/image\\\/\",\"url\":\"https:\\\/\\\/www.matinspired.com\\\/wp-content\\\/uploads\\\/2023\\\/03\\\/LogoMATinspiredPO-696x969-1.jpg\",\"contentUrl\":\"https:\\\/\\\/www.matinspired.com\\\/wp-content\\\/uploads\\\/2023\\\/03\\\/LogoMATinspiredPO-696x969-1.jpg\",\"width\":696,\"height\":696,\"caption\":\"MATinspired B.V.\"},\"image\":{\"@id\":\"https:\\\/\\\/www.matinspired.com\\\/de\\\/#\\\/schema\\\/logo\\\/image\\\/\"},\"sameAs\":[\"https:\\\/\\\/x.com\\\/MATinspired\"]}]}<\/script>\n<!-- \/ Yoast SEO plugin. -->","yoast_head_json":{"title":"Makro-\u00c4tzkit f\u00fcr Aluminiumschwei\u00dfn\u00e4hte - TK03 - Matinspired.com","description":"A professional test kit for macroscopic etching of cross-sections of stainless steel weld seams. This way you can test your material safely and quickly.","robots":{"index":"index","follow":"follow","max-snippet":"max-snippet:-1","max-image-preview":"max-image-preview:large","max-video-preview":"max-video-preview:-1"},"canonical":"https:\/\/www.matinspired.com\/de\/makro-atzkit-fur-aluminiumschweisnahte-tk03\/","og_locale":"de_DE","og_type":"article","og_title":"Makro-\u00c4tzkit f\u00fcr Aluminiumschwei\u00dfn\u00e4hte - TK03 - Matinspired.com","og_description":"A professional test kit for macroscopic etching of cross-sections of stainless steel weld seams. This way you can test your material safely and quickly.","og_url":"https:\/\/www.matinspired.com\/de\/makro-atzkit-fur-aluminiumschweisnahte-tk03\/","og_site_name":"Matinspired.com","article_modified_time":"2026-04-02T11:16:11+00:00","og_image":[{"url":"https:\/\/www.matinspired.com\/wp-content\/plugins\/bb-plugin\/img\/pixel.png","type":"","width":"","height":""}],"twitter_card":"summary_large_image","twitter_site":"@MATinspired","twitter_misc":{"Gesch\u00e4tzte Lesezeit":"2\u00a0Minuten"},"schema":{"@context":"https:\/\/schema.org","@graph":[{"@type":"WebPage","@id":"https:\/\/www.matinspired.com\/de\/makro-atzkit-fur-aluminiumschweisnahte-tk03\/","url":"https:\/\/www.matinspired.com\/de\/makro-atzkit-fur-aluminiumschweisnahte-tk03\/","name":"Makro-\u00c4tzkit f\u00fcr Aluminiumschwei\u00dfn\u00e4hte - TK03 - Matinspired.com","isPartOf":{"@id":"https:\/\/www.matinspired.com\/de\/#website"},"primaryImageOfPage":{"@id":"https:\/\/www.matinspired.com\/de\/makro-atzkit-fur-aluminiumschweisnahte-tk03\/#primaryimage"},"image":{"@id":"https:\/\/www.matinspired.com\/de\/makro-atzkit-fur-aluminiumschweisnahte-tk03\/#primaryimage"},"thumbnailUrl":"https:\/\/www.matinspired.com\/wp-content\/plugins\/bb-plugin\/img\/pixel.png","datePublished":"2025-12-09T08:45:05+00:00","dateModified":"2026-04-02T11:16:11+00:00","description":"A professional test kit for macroscopic etching of cross-sections of stainless steel weld seams. This way you can test your material safely and quickly.","breadcrumb":{"@id":"https:\/\/www.matinspired.com\/de\/makro-atzkit-fur-aluminiumschweisnahte-tk03\/#breadcrumb"},"inLanguage":"de","potentialAction":[{"@type":"ReadAction","target":["https:\/\/www.matinspired.com\/de\/makro-atzkit-fur-aluminiumschweisnahte-tk03\/"]}]},{"@type":"ImageObject","inLanguage":"de","@id":"https:\/\/www.matinspired.com\/de\/makro-atzkit-fur-aluminiumschweisnahte-tk03\/#primaryimage","url":"https:\/\/www.matinspired.com\/wp-content\/plugins\/bb-plugin\/img\/pixel.png","contentUrl":"https:\/\/www.matinspired.com\/wp-content\/plugins\/bb-plugin\/img\/pixel.png"},{"@type":"BreadcrumbList","@id":"https:\/\/www.matinspired.com\/de\/makro-atzkit-fur-aluminiumschweisnahte-tk03\/#breadcrumb","itemListElement":[{"@type":"ListItem","position":1,"name":"Home","item":"https:\/\/www.matinspired.com\/de\/"},{"@type":"ListItem","position":2,"name":"Makro-\u00c4tzkit f\u00fcr Aluminiumschwei\u00dfn\u00e4hte &#8211; TK03"}]},{"@type":"WebSite","@id":"https:\/\/www.matinspired.com\/de\/#website","url":"https:\/\/www.matinspired.com\/de\/","name":"Matinspired.com","description":"Chromium-6 test kits and more","publisher":{"@id":"https:\/\/www.matinspired.com\/de\/#organization"},"potentialAction":[{"@type":"SearchAction","target":{"@type":"EntryPoint","urlTemplate":"https:\/\/www.matinspired.com\/de\/?s={search_term_string}"},"query-input":{"@type":"PropertyValueSpecification","valueRequired":true,"valueName":"search_term_string"}}],"inLanguage":"de"},{"@type":"Organization","@id":"https:\/\/www.matinspired.com\/de\/#organization","name":"MATinspired B.V.","url":"https:\/\/www.matinspired.com\/de\/","logo":{"@type":"ImageObject","inLanguage":"de","@id":"https:\/\/www.matinspired.com\/de\/#\/schema\/logo\/image\/","url":"https:\/\/www.matinspired.com\/wp-content\/uploads\/2023\/03\/LogoMATinspiredPO-696x969-1.jpg","contentUrl":"https:\/\/www.matinspired.com\/wp-content\/uploads\/2023\/03\/LogoMATinspiredPO-696x969-1.jpg","width":696,"height":696,"caption":"MATinspired B.V."},"image":{"@id":"https:\/\/www.matinspired.com\/de\/#\/schema\/logo\/image\/"},"sameAs":["https:\/\/x.com\/MATinspired"]}]}},"_links":{"self":[{"href":"https:\/\/www.matinspired.com\/de\/wp-json\/wp\/v2\/pages\/69299","targetHints":{"allow":["GET"]}}],"collection":[{"href":"https:\/\/www.matinspired.com\/de\/wp-json\/wp\/v2\/pages"}],"about":[{"href":"https:\/\/www.matinspired.com\/de\/wp-json\/wp\/v2\/types\/page"}],"author":[{"embeddable":true,"href":"https:\/\/www.matinspired.com\/de\/wp-json\/wp\/v2\/users\/3"}],"replies":[{"embeddable":true,"href":"https:\/\/www.matinspired.com\/de\/wp-json\/wp\/v2\/comments?post=69299"}],"version-history":[{"count":7,"href":"https:\/\/www.matinspired.com\/de\/wp-json\/wp\/v2\/pages\/69299\/revisions"}],"predecessor-version":[{"id":74902,"href":"https:\/\/www.matinspired.com\/de\/wp-json\/wp\/v2\/pages\/69299\/revisions\/74902"}],"wp:attachment":[{"href":"https:\/\/www.matinspired.com\/de\/wp-json\/wp\/v2\/media?parent=69299"}],"curies":[{"name":"wp","href":"https:\/\/api.w.org\/{rel}","templated":true}]}}