{"id":64104,"date":"2025-01-24T11:44:53","date_gmt":"2025-01-24T10:44:53","guid":{"rendered":"https:\/\/www.matinspired.com\/?page_id=64104"},"modified":"2026-02-11T13:57:09","modified_gmt":"2026-02-11T12:57:09","slug":"makro-atzkit-fur-edelstahlschweisnahte-tk04","status":"publish","type":"page","link":"https:\/\/www.matinspired.com\/de\/makro-atzkit-fur-edelstahlschweisnahte-tk04\/","title":{"rendered":"Makro-\u00c4tzkit f\u00fcr Edelstahlschwei\u00dfn\u00e4hte \u2013 TK04"},"content":{"rendered":"\r\n<p><strong><br \/><\/strong><strong>Makro-\u00c4tzkit f\u00fcr Edelstahlschwei\u00dfn\u00e4hte<\/strong> &#8211; TK04<\/p>\r\n<p>&nbsp;<\/p>\r\n<p>&nbsp;<\/p>\r\n<p><strong>Makro-\u00c4tzkit f\u00fcr Edelstahlschwei\u00dfn\u00e4hte<br \/>TK04<\/strong><\/p>\r\n<p>Dies ist ein professionelles Testkit f\u00fcr das sichere, schnelle und einfache makroskopische \u00c4tzen von Querschnitten von Edelstahlschwei\u00dfn\u00e4hten f\u00fcr die interne Inspektion. Auf diese Weise k\u00f6nnen Sie die Tiefe und Qualit\u00e4t der Schwei\u00dfnaht leicht bestimmen. Dieser Bausatz ist f\u00fcr Edelstahl geeignet, funktioniert aber auch f\u00fcr niedriglegierten Stahl.<\/p>\r\n<p>Mit diesem Bausatz k\u00f6nnen Sie etwa 40 Makro\u00e4tzungen aus Edelstahlschwei\u00dfn\u00e4hten herstellen.<\/p>\r\n<p>Dieses Kit enth\u00e4lt \u00c4tzfl\u00fcssigkeiten, eine (sichere) Elektrode mit Batteriehalter inklusive Batterie, Wattest\u00e4bchen zum Auftragen der \u00c4tzfl\u00fcssigkeit, Schleifpapier, Schutzhandschuhe, ein Handbuch und Sicherheitsdatenbl\u00e4tter.<\/p>\r\n<p>Nachf\u00fcllsets sind zus\u00e4tzlich erh\u00e4ltlich (Artikel TK04RF).<\/p>\r\n<p><img loading=\"lazy\" decoding=\"async\" title=\"TK04ENWIT\" src=\"https:\/\/www.matinspired.com\/wp-content\/uploads\/2025\/01\/TK04ENWIT.jpg\" alt=\"TK04ENWIT\" width=\"2000\" height=\"1333\" \/> <a href=\"https:\/\/www.matinspired.com\/de\/angebotsanfrage\/?artikel=TK04%20-%20Makro-\u00c4tzkit%20f\u00fcr%20Edelstahlschwei\u00dfn\u00e4hte&amp;aantal-andere=1\" target=\"_self\"> Angebotsanfrage <\/a> <em>Die Lieferung ist nur f\u00fcr Firmen m\u00f6glich.<br \/><\/em><em>Sie erhalten unser Angebot per E-Mail innerhalb von ein bis zwei Werktagen. Wenn Sie mit diesem Angebot einverstanden sind, senden wir Ihnen das Test Kit umgehend zu.<\/em><\/p>\r\n<h3><strong>Verwendung<\/strong><\/h3>\r\n<p>Die Schwei\u00dfverbindung muss unabh\u00e4ngig voneinander geschliffen oder ges\u00e4gt werden. Die Schwei\u00dfnaht muss dann von Hand mit dem Schleifpapier aus diesem Bausatz flach geschliffen werden. Bei Bedarf kann hierf\u00fcr auch das mechanische Schleif- und Polierset verwendet werden (Artikel TK02). Es kann dann sicher mit der \u00c4tzfl\u00fcssigkeit und Werkzeugen aus dem Bausatz elektrolytisiert werden. Die Qualit\u00e4t der Schwei\u00dfnaht kann dann visuell beurteilt werden.<\/p>\r\n<p>Die Vorteile dieses Bausatzes sind:<\/p>\r\n<ol>\r\n<li><strong>Einfach und schnell<\/strong>: Die Fl\u00fcssigkeit l\u00e4sst sich mit diesem Kit einfach und schnell auftragen und liefert schnelle Ergebnisse.<\/li>\r\n<li><strong>Sicher<\/strong>: Sicherheitsbl\u00e4tter und Bedienungsanleitung sind im Lieferumfang enthalten, um sicher mit den \u00c4tzfl\u00fcssigkeiten zu arbeiten.<\/li>\r\n<li><strong>Lange Haltbarkeit<\/strong>: Die Testfl\u00fcssigkeiten haben eine Haltbarkeit von Jahren, so dass Sie dieses Testkit verwenden k\u00f6nnen, wann immer Sie wollen.<\/li>\r\n<\/ol>\r\n<p><iframe loading=\"lazy\" title=\"Anleitungsvideo MATinspired Makro-\u00c4tzkit f\u00fcr Edelstahlschwei\u00dfn\u00e4hte - TK04\" src=\"https:\/\/www.youtube.com\/embed\/a34xAWVcRqM?feature=oembed\" width=\"640\" height=\"360\" frameborder=\"0\" allowfullscreen=\"allowfullscreen\"><\/iframe> <img loading=\"lazy\" decoding=\"async\" title=\"IMG_6718-watermerk\" src=\"https:\/\/www.matinspired.com\/wp-content\/uploads\/2025\/01\/IMG_6718-watermerk-1.jpg\" alt=\"IMG_6718-watermerk\" width=\"2000\" height=\"1333\" \/><\/p>\r\n<p><i> Haftungsausschluss<br \/>\nObwohl dieses Produkt mit gr\u00f6\u00dfter Sorgfalt zusammengestellt wurden, kann MATinspired B.V. nicht f\u00fcr Sch\u00e4den haftbar gemacht werden, die durch die Verwendung oder den Kontakt mit dem Produkt entstehen. Dieses Messverfahren liefert nur einen Hinweis. MATinspired B.V. \u00fcbernimmt keinerlei Verantwortung f\u00fcr die Testergebnisse. <\/i><\/p>\n\r\n<p>Vielleicht auch f\u00fcr Sie interessant:<\/p>\r\n<!--Misschien ook interessant voor u:-->\r\n<h2><strong>Chrom(VI)-<br \/>Detektionskit &#8211; TK11\u2122<\/strong><\/h2>\r\n<p><strong><em>f\u00fcr Oberfl\u00e4chenverunreinigungen,<br \/><\/em><\/strong><strong><em> Staubpartikel, Beschichtungen und Anstriche.<\/em><\/strong> <a href=\"https:\/\/www.matinspired.com\/de\/chromvi-detektionskit-tk11\/\" target=\"_self\"> WEITERE INFORMATIONEN <\/a> <img loading=\"lazy\" decoding=\"async\" title=\"Foto Engelstalige testkit\" src=\"https:\/\/www.matinspired.com\/wp-content\/uploads\/2020\/11\/Foto-Engelstalige-testkit.png\" alt=\"TK11 MATinspired Chromium 6 Detection Test Kit\" width=\"513\" height=\"397\" \/><\/p>\r\n<h2><strong><br \/>Chrom(VI)-<br \/><\/strong><strong>Neutralisator &#8211; TK20<br \/><\/strong><\/h2>\r\n<p><strong>zum Neutralisieren von<br \/>Chrom(VI)-Verunreinigungen auf Metallen<br \/><\/strong> <a href=\"https:\/\/www.matinspired.com\/de\/chrom-6-neutralisator-tk20\/\" target=\"_self\"> WEITERE INFORMATIONEN <\/a> <img decoding=\"async\" title=\"FlaconChromium-6_Neutralizer\" src=\"https:\/\/www.matinspired.com\/wp-content\/uploads\/2022\/03\/FlaconChromium-6_Neutralizer-1-1024x1024.jpg\" alt=\"FlaconChromium-6_Neutralizer\" \/><\/p>\r\n","protected":false},"excerpt":{"rendered":"<p>Makro-\u00c4tzkit f\u00fcr Edelstahlschwei\u00dfn\u00e4hte &#8211; TK04 &nbsp; &nbsp; Makro-\u00c4tzkit f\u00fcr Edelstahlschwei\u00dfn\u00e4hteTK04 Dies ist ein professionelles Testkit f\u00fcr das sichere, schnelle und einfache makroskopische \u00c4tzen von Querschnitten von Edelstahlschwei\u00dfn\u00e4hten f\u00fcr die interne Inspektion. Auf diese Weise k\u00f6nnen Sie die Tiefe und Qualit\u00e4t der Schwei\u00dfnaht leicht bestimmen. Dieser Bausatz ist f\u00fcr Edelstahl geeignet, funktioniert aber auch f\u00fcr niedriglegierten&#8230;<\/p>\n","protected":false},"author":3,"featured_media":0,"parent":0,"menu_order":0,"comment_status":"closed","ping_status":"closed","template":"","meta":{"footnotes":""},"class_list":["post-64104","page","type-page","status-publish","hentry"],"yoast_head":"<!-- This site is optimized with the Yoast SEO plugin v27.2 - https:\/\/yoast.com\/product\/yoast-seo-wordpress\/ -->\n<title>Makro-\u00c4tzkit f\u00fcr Edelstahlschwei\u00dfn\u00e4hte \u2013 TK04<\/title>\n<meta name=\"description\" content=\"Ein professionelles Testkit f\u00fcr die makroskopische \u00c4tzung von Querschliffen von Edelstahl-Schwei\u00dfn\u00e4hten, das eine sichere, schnelle und pr\u00e4zise Materialpr\u00fcfung erm\u00f6glicht.\" \/>\n<meta name=\"robots\" content=\"index, follow, max-snippet:-1, max-image-preview:large, max-video-preview:-1\" \/>\n<link rel=\"canonical\" href=\"https:\/\/www.matinspired.com\/de\/makro-atzkit-fur-edelstahlschweisnahte-tk04\/\" \/>\n<meta property=\"og:locale\" content=\"de_DE\" \/>\n<meta property=\"og:type\" content=\"article\" \/>\n<meta property=\"og:title\" content=\"Makro-\u00c4tzkit f\u00fcr Edelstahlschwei\u00dfn\u00e4hte \u2013 TK04\" \/>\n<meta property=\"og:description\" content=\"Ein professionelles Testkit f\u00fcr die makroskopische \u00c4tzung von Querschliffen von Edelstahl-Schwei\u00dfn\u00e4hten, das eine sichere, schnelle und pr\u00e4zise Materialpr\u00fcfung erm\u00f6glicht.\" \/>\n<meta property=\"og:url\" content=\"https:\/\/www.matinspired.com\/de\/makro-atzkit-fur-edelstahlschweisnahte-tk04\/\" \/>\n<meta property=\"og:site_name\" content=\"Matinspired.com\" \/>\n<meta property=\"article:modified_time\" content=\"2026-02-11T12:57:09+00:00\" \/>\n<meta property=\"og:image\" content=\"https:\/\/www.matinspired.com\/wp-content\/uploads\/2025\/01\/TK04ENWIT.jpg\" \/>\n<meta name=\"twitter:card\" content=\"summary_large_image\" \/>\n<meta name=\"twitter:site\" content=\"@MATinspired\" \/>\n<meta name=\"twitter:label1\" content=\"Gesch\u00e4tzte Lesezeit\" \/>\n\t<meta name=\"twitter:data1\" content=\"3\u00a0Minuten\" \/>\n<script type=\"application\/ld+json\" class=\"yoast-schema-graph\">{\"@context\":\"https:\/\/schema.org\",\"@graph\":[{\"@type\":\"WebPage\",\"@id\":\"https:\/\/www.matinspired.com\/de\/makro-atzkit-fur-edelstahlschweisnahte-tk04\/\",\"url\":\"https:\/\/www.matinspired.com\/de\/makro-atzkit-fur-edelstahlschweisnahte-tk04\/\",\"name\":\"Makro-\u00c4tzkit f\u00fcr Edelstahlschwei\u00dfn\u00e4hte \u2013 TK04\",\"isPartOf\":{\"@id\":\"https:\/\/www.matinspired.com\/de\/#website\"},\"primaryImageOfPage\":{\"@id\":\"https:\/\/www.matinspired.com\/de\/makro-atzkit-fur-edelstahlschweisnahte-tk04\/#primaryimage\"},\"image\":{\"@id\":\"https:\/\/www.matinspired.com\/de\/makro-atzkit-fur-edelstahlschweisnahte-tk04\/#primaryimage\"},\"thumbnailUrl\":\"https:\/\/www.matinspired.com\/wp-content\/uploads\/2025\/01\/TK04ENWIT.jpg\",\"datePublished\":\"2025-01-24T10:44:53+00:00\",\"dateModified\":\"2026-02-11T12:57:09+00:00\",\"description\":\"Ein professionelles Testkit f\u00fcr die makroskopische \u00c4tzung von Querschliffen von Edelstahl-Schwei\u00dfn\u00e4hten, das eine sichere, schnelle und pr\u00e4zise Materialpr\u00fcfung erm\u00f6glicht.\",\"breadcrumb\":{\"@id\":\"https:\/\/www.matinspired.com\/de\/makro-atzkit-fur-edelstahlschweisnahte-tk04\/#breadcrumb\"},\"inLanguage\":\"de\",\"potentialAction\":[{\"@type\":\"ReadAction\",\"target\":[\"https:\/\/www.matinspired.com\/de\/makro-atzkit-fur-edelstahlschweisnahte-tk04\/\"]}]},{\"@type\":\"ImageObject\",\"inLanguage\":\"de\",\"@id\":\"https:\/\/www.matinspired.com\/de\/makro-atzkit-fur-edelstahlschweisnahte-tk04\/#primaryimage\",\"url\":\"https:\/\/www.matinspired.com\/wp-content\/uploads\/2025\/01\/TK04ENWIT.jpg\",\"contentUrl\":\"https:\/\/www.matinspired.com\/wp-content\/uploads\/2025\/01\/TK04ENWIT.jpg\"},{\"@type\":\"BreadcrumbList\",\"@id\":\"https:\/\/www.matinspired.com\/de\/makro-atzkit-fur-edelstahlschweisnahte-tk04\/#breadcrumb\",\"itemListElement\":[{\"@type\":\"ListItem\",\"position\":1,\"name\":\"Home\",\"item\":\"https:\/\/www.matinspired.com\/de\/\"},{\"@type\":\"ListItem\",\"position\":2,\"name\":\"Makro-\u00c4tzkit f\u00fcr Edelstahlschwei\u00dfn\u00e4hte \u2013 TK04\"}]},{\"@type\":\"WebSite\",\"@id\":\"https:\/\/www.matinspired.com\/de\/#website\",\"url\":\"https:\/\/www.matinspired.com\/de\/\",\"name\":\"Matinspired.com\",\"description\":\"Chromium-6 test kits and more\",\"publisher\":{\"@id\":\"https:\/\/www.matinspired.com\/de\/#organization\"},\"potentialAction\":[{\"@type\":\"SearchAction\",\"target\":{\"@type\":\"EntryPoint\",\"urlTemplate\":\"https:\/\/www.matinspired.com\/de\/?s={search_term_string}\"},\"query-input\":{\"@type\":\"PropertyValueSpecification\",\"valueRequired\":true,\"valueName\":\"search_term_string\"}}],\"inLanguage\":\"de\"},{\"@type\":\"Organization\",\"@id\":\"https:\/\/www.matinspired.com\/de\/#organization\",\"name\":\"MATinspired B.V.\",\"url\":\"https:\/\/www.matinspired.com\/de\/\",\"logo\":{\"@type\":\"ImageObject\",\"inLanguage\":\"de\",\"@id\":\"https:\/\/www.matinspired.com\/de\/#\/schema\/logo\/image\/\",\"url\":\"https:\/\/www.matinspired.com\/wp-content\/uploads\/2023\/03\/LogoMATinspiredPO-696x969-1.jpg\",\"contentUrl\":\"https:\/\/www.matinspired.com\/wp-content\/uploads\/2023\/03\/LogoMATinspiredPO-696x969-1.jpg\",\"width\":696,\"height\":696,\"caption\":\"MATinspired B.V.\"},\"image\":{\"@id\":\"https:\/\/www.matinspired.com\/de\/#\/schema\/logo\/image\/\"},\"sameAs\":[\"https:\/\/x.com\/MATinspired\"]}]}<\/script>\n<!-- \/ Yoast SEO plugin. -->","yoast_head_json":{"title":"Makro-\u00c4tzkit f\u00fcr Edelstahlschwei\u00dfn\u00e4hte \u2013 TK04","description":"Ein professionelles Testkit f\u00fcr die makroskopische \u00c4tzung von Querschliffen von Edelstahl-Schwei\u00dfn\u00e4hten, das eine sichere, schnelle und pr\u00e4zise Materialpr\u00fcfung erm\u00f6glicht.","robots":{"index":"index","follow":"follow","max-snippet":"max-snippet:-1","max-image-preview":"max-image-preview:large","max-video-preview":"max-video-preview:-1"},"canonical":"https:\/\/www.matinspired.com\/de\/makro-atzkit-fur-edelstahlschweisnahte-tk04\/","og_locale":"de_DE","og_type":"article","og_title":"Makro-\u00c4tzkit f\u00fcr Edelstahlschwei\u00dfn\u00e4hte \u2013 TK04","og_description":"Ein professionelles Testkit f\u00fcr die makroskopische \u00c4tzung von Querschliffen von Edelstahl-Schwei\u00dfn\u00e4hten, das eine sichere, schnelle und pr\u00e4zise Materialpr\u00fcfung erm\u00f6glicht.","og_url":"https:\/\/www.matinspired.com\/de\/makro-atzkit-fur-edelstahlschweisnahte-tk04\/","og_site_name":"Matinspired.com","article_modified_time":"2026-02-11T12:57:09+00:00","og_image":[{"url":"https:\/\/www.matinspired.com\/wp-content\/uploads\/2025\/01\/TK04ENWIT.jpg","type":"","width":"","height":""}],"twitter_card":"summary_large_image","twitter_site":"@MATinspired","twitter_misc":{"Gesch\u00e4tzte Lesezeit":"3\u00a0Minuten"},"schema":{"@context":"https:\/\/schema.org","@graph":[{"@type":"WebPage","@id":"https:\/\/www.matinspired.com\/de\/makro-atzkit-fur-edelstahlschweisnahte-tk04\/","url":"https:\/\/www.matinspired.com\/de\/makro-atzkit-fur-edelstahlschweisnahte-tk04\/","name":"Makro-\u00c4tzkit f\u00fcr Edelstahlschwei\u00dfn\u00e4hte \u2013 TK04","isPartOf":{"@id":"https:\/\/www.matinspired.com\/de\/#website"},"primaryImageOfPage":{"@id":"https:\/\/www.matinspired.com\/de\/makro-atzkit-fur-edelstahlschweisnahte-tk04\/#primaryimage"},"image":{"@id":"https:\/\/www.matinspired.com\/de\/makro-atzkit-fur-edelstahlschweisnahte-tk04\/#primaryimage"},"thumbnailUrl":"https:\/\/www.matinspired.com\/wp-content\/uploads\/2025\/01\/TK04ENWIT.jpg","datePublished":"2025-01-24T10:44:53+00:00","dateModified":"2026-02-11T12:57:09+00:00","description":"Ein professionelles Testkit f\u00fcr die makroskopische \u00c4tzung von Querschliffen von Edelstahl-Schwei\u00dfn\u00e4hten, das eine sichere, schnelle und pr\u00e4zise Materialpr\u00fcfung erm\u00f6glicht.","breadcrumb":{"@id":"https:\/\/www.matinspired.com\/de\/makro-atzkit-fur-edelstahlschweisnahte-tk04\/#breadcrumb"},"inLanguage":"de","potentialAction":[{"@type":"ReadAction","target":["https:\/\/www.matinspired.com\/de\/makro-atzkit-fur-edelstahlschweisnahte-tk04\/"]}]},{"@type":"ImageObject","inLanguage":"de","@id":"https:\/\/www.matinspired.com\/de\/makro-atzkit-fur-edelstahlschweisnahte-tk04\/#primaryimage","url":"https:\/\/www.matinspired.com\/wp-content\/uploads\/2025\/01\/TK04ENWIT.jpg","contentUrl":"https:\/\/www.matinspired.com\/wp-content\/uploads\/2025\/01\/TK04ENWIT.jpg"},{"@type":"BreadcrumbList","@id":"https:\/\/www.matinspired.com\/de\/makro-atzkit-fur-edelstahlschweisnahte-tk04\/#breadcrumb","itemListElement":[{"@type":"ListItem","position":1,"name":"Home","item":"https:\/\/www.matinspired.com\/de\/"},{"@type":"ListItem","position":2,"name":"Makro-\u00c4tzkit f\u00fcr Edelstahlschwei\u00dfn\u00e4hte \u2013 TK04"}]},{"@type":"WebSite","@id":"https:\/\/www.matinspired.com\/de\/#website","url":"https:\/\/www.matinspired.com\/de\/","name":"Matinspired.com","description":"Chromium-6 test kits and more","publisher":{"@id":"https:\/\/www.matinspired.com\/de\/#organization"},"potentialAction":[{"@type":"SearchAction","target":{"@type":"EntryPoint","urlTemplate":"https:\/\/www.matinspired.com\/de\/?s={search_term_string}"},"query-input":{"@type":"PropertyValueSpecification","valueRequired":true,"valueName":"search_term_string"}}],"inLanguage":"de"},{"@type":"Organization","@id":"https:\/\/www.matinspired.com\/de\/#organization","name":"MATinspired B.V.","url":"https:\/\/www.matinspired.com\/de\/","logo":{"@type":"ImageObject","inLanguage":"de","@id":"https:\/\/www.matinspired.com\/de\/#\/schema\/logo\/image\/","url":"https:\/\/www.matinspired.com\/wp-content\/uploads\/2023\/03\/LogoMATinspiredPO-696x969-1.jpg","contentUrl":"https:\/\/www.matinspired.com\/wp-content\/uploads\/2023\/03\/LogoMATinspiredPO-696x969-1.jpg","width":696,"height":696,"caption":"MATinspired B.V."},"image":{"@id":"https:\/\/www.matinspired.com\/de\/#\/schema\/logo\/image\/"},"sameAs":["https:\/\/x.com\/MATinspired"]}]}},"jetpack_sharing_enabled":true,"_links":{"self":[{"href":"https:\/\/www.matinspired.com\/de\/wp-json\/wp\/v2\/pages\/64104","targetHints":{"allow":["GET"]}}],"collection":[{"href":"https:\/\/www.matinspired.com\/de\/wp-json\/wp\/v2\/pages"}],"about":[{"href":"https:\/\/www.matinspired.com\/de\/wp-json\/wp\/v2\/types\/page"}],"author":[{"embeddable":true,"href":"https:\/\/www.matinspired.com\/de\/wp-json\/wp\/v2\/users\/3"}],"replies":[{"embeddable":true,"href":"https:\/\/www.matinspired.com\/de\/wp-json\/wp\/v2\/comments?post=64104"}],"version-history":[{"count":8,"href":"https:\/\/www.matinspired.com\/de\/wp-json\/wp\/v2\/pages\/64104\/revisions"}],"predecessor-version":[{"id":72980,"href":"https:\/\/www.matinspired.com\/de\/wp-json\/wp\/v2\/pages\/64104\/revisions\/72980"}],"wp:attachment":[{"href":"https:\/\/www.matinspired.com\/de\/wp-json\/wp\/v2\/media?parent=64104"}],"curies":[{"name":"wp","href":"https:\/\/api.w.org\/{rel}","templated":true}]}}