{"id":3419,"date":"2023-02-15T12:00:44","date_gmt":"2023-02-15T11:00:44","guid":{"rendered":"https:\/\/www.matinspired.com\/ferroxyl-test-tk13\/"},"modified":"2026-04-02T13:16:37","modified_gmt":"2026-04-02T11:16:37","slug":"ferroxyl-test-tk13","status":"publish","type":"page","link":"https:\/\/www.matinspired.com\/de\/ferroxyl-test-tk13\/","title":{"rendered":"Ferroxyl Testkit zur Identifizierung von freiem Eisen \u2013 TK13"},"content":{"rendered":"\n\n\t<h1><strong>Ferroxyl Testkit &#8211; TK13<\/strong><\/h1>\n\t<strong>Ferroxyl<br \/>\nTestkit &#8211; TK13<br \/>\n<\/strong><em><strong>zur Identifizierung von freiem Eisen gem\u00e4\u00df ASTM A380<\/strong><\/em>\n<p>Freies Eisen auf der Oberfl\u00e4che Ihres Edelstahls kann zur Rostbildung f\u00fchren. Das Vorhandensein von freiem Eisen kann z.B. durch Schleifmittel verursacht werden, die auf Ihrem Metall gelandet sind, oder weil Ihr Edelstahl nicht ausreichend passiviert wurde, z.B. nach dem Schwei\u00dfen.<\/p>\n<p>M\u00f6chten Sie testen, ob Ihr Edelstahl kein freies Eisen enth\u00e4lt? Dann verwenden Sie dieses professionelle Ferroxyl Testkit von MATinspired f\u00fcr ein schnelles und zuverl\u00e4ssiges Ergebnis. Wenn freies Eisen auf der Oberfl\u00e4che Ihres Materials vorhanden ist, ergibt Ihr Test ein klares blaues Ergebnis.<\/p>\n<p>Dieses Testkit enth\u00e4lt 100 Tests. Der Ferroxyl Test wird gem\u00e4\u00df der Norm <a href=\"https:\/\/www.astm.org\/Standards\/A380.htm\" target=\"_blank\" rel=\"noopener noreferrer\">ASTM A380<\/a>\u00a0durchgef\u00fchrt.<\/p>\n\t<p><em>Beispiel eines Ferroxyl-Tests an einer Schwei\u00dfnaht aus nichtrostendem Stahl, die nicht ausreichend passiviert ist.<\/em><\/p>\n\t<p><em>Beispiel eines Ferroxyl-Tests an freiem Eisen an nichtrostendem Stahl (Edelstahl)<\/em><\/p>\n\t\t<iframe loading=\"lazy\" title=\"Anleitungsvideo MATinspired Ferroxyl Test Kit - TK13\" width=\"640\" height=\"360\" src=\"https:\/\/www.youtube.com\/embed\/6NMF7xLzAE0?feature=oembed\" frameborder=\"0\" allow=\"accelerometer; autoplay; clipboard-write; encrypted-media; gyroscope; picture-in-picture; web-share\" referrerpolicy=\"strict-origin-when-cross-origin\" allowfullscreen><\/iframe>\t\n\t<h3><strong>Verwendung<\/strong><\/h3>\n<p>Mit diesem Testkit k\u00f6nnen Sie pr\u00fcfen, ob Ihr rostfreier Stahl (Inox) kein freies Eisen enth\u00e4lt. So k\u00f6nnen Sie \u00fcberpr\u00fcfen, ob Ihr Metall korrosionsbest\u00e4ndig ist, und somit Materialreklamationen und Sch\u00e4den an Ihrem Produkt vermeiden.<\/p>\n<p>Es kann zum Beispiel f\u00fcr austenitische nichtrostende St\u00e4hle der Serien 200 und 300, wie 304 und 316, verwendet werden. Sie k\u00f6nnen zum Beispiel pr\u00fcfen, ob sich keine Eisenschleifpartikel auf der Oberfl\u00e4che befinden oder ob dieser Stahl ausreichend gebeizt und\/oder passiviert ist.<\/p>\n<p>Wenn freies Eisen auf der Oberfl\u00e4che Ihres nichtrostenden Stahls vorhanden ist, wird Ihr Test ein deutlich blaues Ergebnis liefern.\u00a0 Der Ferroxyl Test wird nach der Norm\u00a0<a href=\"https:\/\/www.astm.org\/Standards\/A380.htm\" target=\"_blank\" rel=\"noopener noreferrer\">ASTM A380<\/a>\u00a0durchgef\u00fchrt.<\/p>\n<figure itemscope itemtype=\"https:\/\/schema.org\/ImageObject\">\n\t\t\t\t<img decoding=\"async\" src=\"https:\/\/www.matinspired.nl\/wp-content\/uploads\/2016\/05\/IMG_8397-scaled.jpg\" alt=\"IMG_8397-scaled.jpg\" title=\"IMG_8397-scaled.jpg\" onerror=\"this.style.display='none'\" loading=\"lazy\" \/>\n\t<\/figure>\n\t\t\t<a href=\"https:\/\/www.matinspired.com\/de\/angebotsanfrage\/?artikel=TK13.%20-%20Ferroxyl%20Test%20Kit%20zur%20Identifizierung%20von%20freiem%20Eisen&#038;aantal-andere=1\"  target=\"_self\">\n\t\t\t\t\t\tAngebotsanfrage\n\t\t\t\t\t<\/a>\n\t\t\t<a href=\"https:\/\/www.matinspired.com\/wp-content\/uploads\/2023\/10\/Broschure-MATinspired-TK13-Ferroxyl-Identifikation-Testkit.pdf\"  target=\"_blank\" rel=\"noopener\"    rel=\"noopener\">\n\t\t\t\t\t\t Brosch\u00fcre Ferroxyl Testkit\n\t\t\t\t\t<\/a>\n\t<em>Die Lieferung ist nur f\u00fcr Firmen m\u00f6glich.<br \/>\n<\/em><em>Sie erhalten unser Angebot per E-Mail innerhalb von ein bis zwei Werktagen. Wenn Sie mit diesem Angebot einverstanden sind, senden wir Ihnen das Test Kit umgehend zu.<\/em>\n\t<p><em><p><i> Haftungsausschluss<br \/>\nObwohl dieses Produkt mit gr\u00f6\u00dfter Sorgfalt zusammengestellt wurden, kann MATinspired B.V. nicht f\u00fcr Sch\u00e4den haftbar gemacht werden, die durch die Verwendung oder den Kontakt mit dem Produkt entstehen. Dieses Messverfahren liefert nur einen Hinweis. MATinspired B.V. \u00fcbernimmt keinerlei Verantwortung f\u00fcr die Testergebnisse. <\/i><\/p>\n<\/em><\/p>\n\n","protected":false},"excerpt":{"rendered":"<p>Ferroxyl Testkit &#8211; TK13 Ferroxyl Testkit &#8211; TK13 zur Identifizierung von freiem Eisen gem\u00e4\u00df ASTM A380 Freies Eisen auf der Oberfl\u00e4che Ihres Edelstahls kann zur Rostbildung f\u00fchren. Das Vorhandensein von freiem Eisen kann z.B. durch Schleifmittel verursacht werden, die auf Ihrem Metall gelandet sind, oder weil Ihr Edelstahl nicht ausreichend passiviert wurde, z.B. nach dem&#8230;<\/p>\n","protected":false},"author":3,"featured_media":0,"parent":0,"menu_order":0,"comment_status":"closed","ping_status":"closed","template":"","meta":{"footnotes":""},"class_list":["post-3419","page","type-page","status-publish","hentry"],"yoast_head":"<!-- This site is optimized with the Yoast SEO plugin v27.2 - https:\/\/yoast.com\/product\/yoast-seo-wordpress\/ -->\n<title>Ferroxyl Testkit zur Identifizierung von freiem Eisen \u2013 TK13 - Matinspired.com<\/title>\n<meta name=\"description\" content=\"Mit diesem Ferroxyl Testkit k\u00f6nnen Sie pr\u00fcfen, ob Ihr Edelstahl freies Eisen enth\u00e4lt. Bei Anwesenheit f\u00e4rbt sich das Testpapier blau. Das Testkit entspricht der Norm ASTM A380.\" \/>\n<meta name=\"robots\" content=\"index, follow, max-snippet:-1, max-image-preview:large, max-video-preview:-1\" \/>\n<link rel=\"canonical\" href=\"https:\/\/www.matinspired.com\/de\/ferroxyl-test-tk13\/\" \/>\n<meta property=\"og:locale\" content=\"de_DE\" \/>\n<meta property=\"og:type\" content=\"article\" \/>\n<meta property=\"og:title\" content=\"Ferroxyl Testkit zur Identifizierung von freiem Eisen \u2013 TK13 - Matinspired.com\" \/>\n<meta property=\"og:description\" content=\"Mit diesem Ferroxyl Testkit k\u00f6nnen Sie pr\u00fcfen, ob Ihr Edelstahl freies Eisen enth\u00e4lt. Bei Anwesenheit f\u00e4rbt sich das Testpapier blau. Das Testkit entspricht der Norm ASTM A380.\" \/>\n<meta property=\"og:url\" content=\"https:\/\/www.matinspired.com\/de\/ferroxyl-test-tk13\/\" \/>\n<meta property=\"og:site_name\" content=\"Matinspired.com\" \/>\n<meta property=\"article:modified_time\" content=\"2026-04-02T11:16:37+00:00\" \/>\n<meta property=\"og:image\" content=\"https:\/\/www.matinspired.nl\/wp-content\/uploads\/2016\/05\/IMG_8397-scaled.jpg\" \/>\n<meta name=\"twitter:card\" content=\"summary_large_image\" \/>\n<meta name=\"twitter:site\" content=\"@MATinspired\" \/>\n<meta name=\"twitter:label1\" content=\"Gesch\u00e4tzte Lesezeit\" \/>\n\t<meta name=\"twitter:data1\" content=\"3\u00a0Minuten\" \/>\n<script type=\"application\/ld+json\" class=\"yoast-schema-graph\">{\"@context\":\"https:\/\/schema.org\",\"@graph\":[{\"@type\":\"WebPage\",\"@id\":\"https:\/\/www.matinspired.com\/de\/ferroxyl-test-tk13\/\",\"url\":\"https:\/\/www.matinspired.com\/de\/ferroxyl-test-tk13\/\",\"name\":\"Ferroxyl Testkit zur Identifizierung von freiem Eisen \u2013 TK13 - Matinspired.com\",\"isPartOf\":{\"@id\":\"https:\/\/www.matinspired.com\/de\/#website\"},\"primaryImageOfPage\":{\"@id\":\"https:\/\/www.matinspired.com\/de\/ferroxyl-test-tk13\/#primaryimage\"},\"image\":{\"@id\":\"https:\/\/www.matinspired.com\/de\/ferroxyl-test-tk13\/#primaryimage\"},\"thumbnailUrl\":\"https:\/\/www.matinspired.nl\/wp-content\/uploads\/2016\/05\/IMG_8397-scaled.jpg\",\"datePublished\":\"2023-02-15T11:00:44+00:00\",\"dateModified\":\"2026-04-02T11:16:37+00:00\",\"description\":\"Mit diesem Ferroxyl Testkit k\u00f6nnen Sie pr\u00fcfen, ob Ihr Edelstahl freies Eisen enth\u00e4lt. Bei Anwesenheit f\u00e4rbt sich das Testpapier blau. Das Testkit entspricht der Norm ASTM A380.\",\"breadcrumb\":{\"@id\":\"https:\/\/www.matinspired.com\/de\/ferroxyl-test-tk13\/#breadcrumb\"},\"inLanguage\":\"de\",\"potentialAction\":[{\"@type\":\"ReadAction\",\"target\":[\"https:\/\/www.matinspired.com\/de\/ferroxyl-test-tk13\/\"]}]},{\"@type\":\"ImageObject\",\"inLanguage\":\"de\",\"@id\":\"https:\/\/www.matinspired.com\/de\/ferroxyl-test-tk13\/#primaryimage\",\"url\":\"https:\/\/www.matinspired.nl\/wp-content\/uploads\/2016\/05\/IMG_8397-scaled.jpg\",\"contentUrl\":\"https:\/\/www.matinspired.nl\/wp-content\/uploads\/2016\/05\/IMG_8397-scaled.jpg\"},{\"@type\":\"BreadcrumbList\",\"@id\":\"https:\/\/www.matinspired.com\/de\/ferroxyl-test-tk13\/#breadcrumb\",\"itemListElement\":[{\"@type\":\"ListItem\",\"position\":1,\"name\":\"Home\",\"item\":\"https:\/\/www.matinspired.com\/de\/\"},{\"@type\":\"ListItem\",\"position\":2,\"name\":\"Ferroxyl Testkit zur Identifizierung von freiem Eisen \u2013 TK13\"}]},{\"@type\":\"WebSite\",\"@id\":\"https:\/\/www.matinspired.com\/de\/#website\",\"url\":\"https:\/\/www.matinspired.com\/de\/\",\"name\":\"Matinspired.com\",\"description\":\"Chromium-6 test kits and more\",\"publisher\":{\"@id\":\"https:\/\/www.matinspired.com\/de\/#organization\"},\"potentialAction\":[{\"@type\":\"SearchAction\",\"target\":{\"@type\":\"EntryPoint\",\"urlTemplate\":\"https:\/\/www.matinspired.com\/de\/?s={search_term_string}\"},\"query-input\":{\"@type\":\"PropertyValueSpecification\",\"valueRequired\":true,\"valueName\":\"search_term_string\"}}],\"inLanguage\":\"de\"},{\"@type\":\"Organization\",\"@id\":\"https:\/\/www.matinspired.com\/de\/#organization\",\"name\":\"MATinspired B.V.\",\"url\":\"https:\/\/www.matinspired.com\/de\/\",\"logo\":{\"@type\":\"ImageObject\",\"inLanguage\":\"de\",\"@id\":\"https:\/\/www.matinspired.com\/de\/#\/schema\/logo\/image\/\",\"url\":\"https:\/\/www.matinspired.com\/wp-content\/uploads\/2023\/03\/LogoMATinspiredPO-696x969-1.jpg\",\"contentUrl\":\"https:\/\/www.matinspired.com\/wp-content\/uploads\/2023\/03\/LogoMATinspiredPO-696x969-1.jpg\",\"width\":696,\"height\":696,\"caption\":\"MATinspired B.V.\"},\"image\":{\"@id\":\"https:\/\/www.matinspired.com\/de\/#\/schema\/logo\/image\/\"},\"sameAs\":[\"https:\/\/x.com\/MATinspired\"]}]}<\/script>\n<!-- \/ Yoast SEO plugin. -->","yoast_head_json":{"title":"Ferroxyl Testkit zur Identifizierung von freiem Eisen \u2013 TK13 - Matinspired.com","description":"Mit diesem Ferroxyl Testkit k\u00f6nnen Sie pr\u00fcfen, ob Ihr Edelstahl freies Eisen enth\u00e4lt. Bei Anwesenheit f\u00e4rbt sich das Testpapier blau. Das Testkit entspricht der Norm ASTM A380.","robots":{"index":"index","follow":"follow","max-snippet":"max-snippet:-1","max-image-preview":"max-image-preview:large","max-video-preview":"max-video-preview:-1"},"canonical":"https:\/\/www.matinspired.com\/de\/ferroxyl-test-tk13\/","og_locale":"de_DE","og_type":"article","og_title":"Ferroxyl Testkit zur Identifizierung von freiem Eisen \u2013 TK13 - Matinspired.com","og_description":"Mit diesem Ferroxyl Testkit k\u00f6nnen Sie pr\u00fcfen, ob Ihr Edelstahl freies Eisen enth\u00e4lt. Bei Anwesenheit f\u00e4rbt sich das Testpapier blau. Das Testkit entspricht der Norm ASTM A380.","og_url":"https:\/\/www.matinspired.com\/de\/ferroxyl-test-tk13\/","og_site_name":"Matinspired.com","article_modified_time":"2026-04-02T11:16:37+00:00","og_image":[{"url":"https:\/\/www.matinspired.nl\/wp-content\/uploads\/2016\/05\/IMG_8397-scaled.jpg","type":"","width":"","height":""}],"twitter_card":"summary_large_image","twitter_site":"@MATinspired","twitter_misc":{"Gesch\u00e4tzte Lesezeit":"3\u00a0Minuten"},"schema":{"@context":"https:\/\/schema.org","@graph":[{"@type":"WebPage","@id":"https:\/\/www.matinspired.com\/de\/ferroxyl-test-tk13\/","url":"https:\/\/www.matinspired.com\/de\/ferroxyl-test-tk13\/","name":"Ferroxyl Testkit zur Identifizierung von freiem Eisen \u2013 TK13 - Matinspired.com","isPartOf":{"@id":"https:\/\/www.matinspired.com\/de\/#website"},"primaryImageOfPage":{"@id":"https:\/\/www.matinspired.com\/de\/ferroxyl-test-tk13\/#primaryimage"},"image":{"@id":"https:\/\/www.matinspired.com\/de\/ferroxyl-test-tk13\/#primaryimage"},"thumbnailUrl":"https:\/\/www.matinspired.nl\/wp-content\/uploads\/2016\/05\/IMG_8397-scaled.jpg","datePublished":"2023-02-15T11:00:44+00:00","dateModified":"2026-04-02T11:16:37+00:00","description":"Mit diesem Ferroxyl Testkit k\u00f6nnen Sie pr\u00fcfen, ob Ihr Edelstahl freies Eisen enth\u00e4lt. Bei Anwesenheit f\u00e4rbt sich das Testpapier blau. Das Testkit entspricht der Norm ASTM A380.","breadcrumb":{"@id":"https:\/\/www.matinspired.com\/de\/ferroxyl-test-tk13\/#breadcrumb"},"inLanguage":"de","potentialAction":[{"@type":"ReadAction","target":["https:\/\/www.matinspired.com\/de\/ferroxyl-test-tk13\/"]}]},{"@type":"ImageObject","inLanguage":"de","@id":"https:\/\/www.matinspired.com\/de\/ferroxyl-test-tk13\/#primaryimage","url":"https:\/\/www.matinspired.nl\/wp-content\/uploads\/2016\/05\/IMG_8397-scaled.jpg","contentUrl":"https:\/\/www.matinspired.nl\/wp-content\/uploads\/2016\/05\/IMG_8397-scaled.jpg"},{"@type":"BreadcrumbList","@id":"https:\/\/www.matinspired.com\/de\/ferroxyl-test-tk13\/#breadcrumb","itemListElement":[{"@type":"ListItem","position":1,"name":"Home","item":"https:\/\/www.matinspired.com\/de\/"},{"@type":"ListItem","position":2,"name":"Ferroxyl Testkit zur Identifizierung von freiem Eisen \u2013 TK13"}]},{"@type":"WebSite","@id":"https:\/\/www.matinspired.com\/de\/#website","url":"https:\/\/www.matinspired.com\/de\/","name":"Matinspired.com","description":"Chromium-6 test kits and more","publisher":{"@id":"https:\/\/www.matinspired.com\/de\/#organization"},"potentialAction":[{"@type":"SearchAction","target":{"@type":"EntryPoint","urlTemplate":"https:\/\/www.matinspired.com\/de\/?s={search_term_string}"},"query-input":{"@type":"PropertyValueSpecification","valueRequired":true,"valueName":"search_term_string"}}],"inLanguage":"de"},{"@type":"Organization","@id":"https:\/\/www.matinspired.com\/de\/#organization","name":"MATinspired B.V.","url":"https:\/\/www.matinspired.com\/de\/","logo":{"@type":"ImageObject","inLanguage":"de","@id":"https:\/\/www.matinspired.com\/de\/#\/schema\/logo\/image\/","url":"https:\/\/www.matinspired.com\/wp-content\/uploads\/2023\/03\/LogoMATinspiredPO-696x969-1.jpg","contentUrl":"https:\/\/www.matinspired.com\/wp-content\/uploads\/2023\/03\/LogoMATinspiredPO-696x969-1.jpg","width":696,"height":696,"caption":"MATinspired B.V."},"image":{"@id":"https:\/\/www.matinspired.com\/de\/#\/schema\/logo\/image\/"},"sameAs":["https:\/\/x.com\/MATinspired"]}]}},"jetpack_sharing_enabled":true,"_links":{"self":[{"href":"https:\/\/www.matinspired.com\/de\/wp-json\/wp\/v2\/pages\/3419","targetHints":{"allow":["GET"]}}],"collection":[{"href":"https:\/\/www.matinspired.com\/de\/wp-json\/wp\/v2\/pages"}],"about":[{"href":"https:\/\/www.matinspired.com\/de\/wp-json\/wp\/v2\/types\/page"}],"author":[{"embeddable":true,"href":"https:\/\/www.matinspired.com\/de\/wp-json\/wp\/v2\/users\/3"}],"replies":[{"embeddable":true,"href":"https:\/\/www.matinspired.com\/de\/wp-json\/wp\/v2\/comments?post=3419"}],"version-history":[{"count":7,"href":"https:\/\/www.matinspired.com\/de\/wp-json\/wp\/v2\/pages\/3419\/revisions"}],"predecessor-version":[{"id":74903,"href":"https:\/\/www.matinspired.com\/de\/wp-json\/wp\/v2\/pages\/3419\/revisions\/74903"}],"wp:attachment":[{"href":"https:\/\/www.matinspired.com\/de\/wp-json\/wp\/v2\/media?parent=3419"}],"curies":[{"name":"wp","href":"https:\/\/api.w.org\/{rel}","templated":true}]}}