{"id":2750,"date":"2023-03-16T11:43:50","date_gmt":"2023-03-16T10:43:50","guid":{"rendered":"https:\/\/www.matinspired.com\/rvs-303-304-identification-testkit-tk14\/"},"modified":"2023-11-10T14:53:51","modified_gmt":"2023-11-10T13:53:51","slug":"edelstahl-303-identifizierung-testkit-tk14","status":"publish","type":"page","link":"https:\/\/www.matinspired.com\/de\/edelstahl-303-identifizierung-testkit-tk14\/","title":{"rendered":"Edelstahl 303 Identifizierung Testkit &#8211; TK14"},"content":{"rendered":"\n\n\t<h1><strong>Edelstahl 303 und Schwefel Testkit &#8211; TK14<\/strong><\/h1>\n\t<h2><strong>Edelstahl 303<br \/>\n<\/strong><strong>Identifikation Testkit &#8211; TK14<\/strong><em><strong><br \/>\n<\/strong><\/em><\/h2>\n<p>Dieses Testkit ist f\u00fcr die Identifikation von Edelstahl 303 geeignet. Damit k\u00f6nnen Sie Ihr Edelstahlmaterial leicht \u00fcberpr\u00fcfen. Wenn es sich um Edelstahl 303 handelt, liefert der Test ein eindeutiges schwarzes Ergebnis.<\/p>\n<p>Mit diesem Testkit k\u00f6nnen Sie etwa 30 Tests durchf\u00fchren. Ein Test dauert nur 2 Minuten.<\/p>\n<p>Die Lieferung ist nur f\u00fcr Unternehmen m\u00f6glich.<\/p>\n<p>Sie erhalten unser Angebot innerhalb von ein bis zwei Arbeitstagen per E-Mail.<\/p>\n<p>Wenn Sie danach mit dem Angebot einverstanden sind, schicken wir Ihnen das Testkit sofort zu.<\/p>\n\t\t\t\t<img loading=\"lazy\" decoding=\"async\" src=\"https:\/\/www.matinspired.com\/wp-content\/uploads\/2023\/03\/IMG_8358-1024x683-1.jpg\" alt=\"303 Stainless Steel Identification Test Kit - TK14\" itemprop=\"image\" height=\"683\" width=\"1024\" title=\"IMG_8358-1024x683\" onerror=\"this.style.display='none'\"  \/>\n\t\t\t<a href=\"https:\/\/www.matinspired.com\/de\/angebotsanfrage\/?artikel=TK14 - Edelstahl 303 Identifizierung Testkit&#038;aantal-andere=1\" target=\"_self\" rel=\"noopener\">\n\t\t\t\t\t\tAngebotsanfrage\n\t\t\t\t\t<\/a>\n\t<em>Die Lieferung ist nur f\u00fcr Firmen m\u00f6glich.<\/em><br \/>\n<em>Sie erhalten unser Angebot per E-Mail innerhalb von ein bis zwei Werktagen. Wenn Sie mit diesem Angebot einverstanden sind, senden wir Ihnen das Test Kit umgehend zu.<\/em>\n\t<h3><strong>Verwendung<\/strong><\/h3>\n<p>Dieses Testkit wird zur Identifizierung von Edelstahl 303 verwendet. Sie k\u00f6nnen einfach und schnell testen, ob Ihr Edelstahl (SS) Typ 303 oder Typ 304 ist. Wenn Ihr Edelstahl vom Typ 303 ist, zeigt der Test eine deutliche schwarze Verf\u00e4rbung an. Diese Verf\u00e4rbung wird durch das Vorhandensein von Schwefel im rostfreien Stahl 303 verursacht. Bei 304 (oder 316) bleibt der Test wei\u00df, da er keinen Schwefel enth\u00e4lt.<\/p>\n<p><strong>Nachweis von Schwefel<\/strong><\/p>\n<p>Dieser Test kann auch f\u00fcr andere Metallarten zum Nachweis von Schwefel verwendet werden.<\/p>\n<p><strong>Unterschied zwischen RVS 303 und RVS 304<\/strong><\/p>\n<p>Edelstahl 303 ist durch den Zusatz des Elements Schwefel sehr gut f\u00fcr die Bearbeitung geeignet. Allerdings wirkt sich Schwefel nachteilig auf die Umformbarkeit, Schwei\u00dfbarkeit und Korrosionsbest\u00e4ndigkeit aus. RVS 304 (und 316) enth\u00e4lt keinen Schwefel. Daher hat RVS 304 eine gute Korrosionsbest\u00e4ndigkeit und ist leicht zu schwei\u00dfen. Im Gegensatz zum nichtrostenden Stahl 303 ist RVS 304 schwer zu zerspanen.<\/p>\n\t<p><em><p><i> Haftungsausschluss<br \/>\nObwohl dieses Produkt mit gr\u00f6\u00dfter Sorgfalt zusammengestellt wurden, kann MATinspired B.V. nicht f\u00fcr Sch\u00e4den haftbar gemacht werden, die durch die Verwendung oder den Kontakt mit dem Produkt entstehen. Dieses Messverfahren liefert nur einen Hinweis. MATinspired B.V. \u00fcbernimmt keinerlei Verantwortung f\u00fcr die Testergebnisse. <\/i><\/p>\n<\/em><\/p>\n\n","protected":false},"excerpt":{"rendered":"<p>Edelstahl 303 und Schwefel Testkit &#8211; TK14 Edelstahl 303 Identifikation Testkit &#8211; TK14 Dieses Testkit ist f\u00fcr die Identifikation von Edelstahl 303 geeignet. Damit k\u00f6nnen Sie Ihr Edelstahlmaterial leicht \u00fcberpr\u00fcfen. Wenn es sich um Edelstahl 303 handelt, liefert der Test ein eindeutiges schwarzes Ergebnis. Mit diesem Testkit k\u00f6nnen Sie etwa 30 Tests durchf\u00fchren. Ein Test&#8230;<\/p>\n","protected":false},"author":3,"featured_media":0,"parent":0,"menu_order":0,"comment_status":"closed","ping_status":"closed","template":"","meta":{"footnotes":""},"class_list":["post-2750","page","type-page","status-publish","hentry"],"yoast_head":"<!-- This site is optimized with the Yoast SEO plugin v27.2 - https:\/\/yoast.com\/product\/yoast-seo-wordpress\/ -->\n<title>Edelstahl 303 Identifizierung Testkit - TK14 - Matinspired.com<\/title>\n<meta name=\"description\" content=\"Dieses Testkit ist f\u00fcr die Identifizierung von Edelstahl 303 geeignet. Damit k\u00f6nnen Sie Ihr Edelstahlmaterial leicht \u00fcberpr\u00fcfen. Wenn es sich um Edelstahl 303 handelt, liefert der Test ein eindeutiges schwarzes Ergebnis.\" \/>\n<meta name=\"robots\" content=\"index, follow, max-snippet:-1, max-image-preview:large, max-video-preview:-1\" \/>\n<link rel=\"canonical\" href=\"https:\/\/www.matinspired.com\/de\/edelstahl-303-identifizierung-testkit-tk14\/\" \/>\n<meta property=\"og:locale\" content=\"de_DE\" \/>\n<meta property=\"og:type\" content=\"article\" \/>\n<meta property=\"og:title\" content=\"Edelstahl 303 Identifizierung Testkit - TK14 - Matinspired.com\" \/>\n<meta property=\"og:description\" content=\"Dieses Testkit ist f\u00fcr die Identifizierung von Edelstahl 303 geeignet. Damit k\u00f6nnen Sie Ihr Edelstahlmaterial leicht \u00fcberpr\u00fcfen. Wenn es sich um Edelstahl 303 handelt, liefert der Test ein eindeutiges schwarzes Ergebnis.\" \/>\n<meta property=\"og:url\" content=\"https:\/\/www.matinspired.com\/de\/edelstahl-303-identifizierung-testkit-tk14\/\" \/>\n<meta property=\"og:site_name\" content=\"Matinspired.com\" \/>\n<meta property=\"article:modified_time\" content=\"2023-11-10T13:53:51+00:00\" \/>\n<meta property=\"og:image\" content=\"https:\/\/www.matinspired.com\/wp-content\/uploads\/2023\/03\/IMG_8358-1024x683-1.jpg\" \/>\n<meta name=\"twitter:card\" content=\"summary_large_image\" \/>\n<meta name=\"twitter:site\" content=\"@MATinspired\" \/>\n<meta name=\"twitter:label1\" content=\"Gesch\u00e4tzte Lesezeit\" \/>\n\t<meta name=\"twitter:data1\" content=\"2\u00a0Minuten\" \/>\n<script type=\"application\/ld+json\" class=\"yoast-schema-graph\">{\"@context\":\"https:\/\/schema.org\",\"@graph\":[{\"@type\":\"WebPage\",\"@id\":\"https:\/\/www.matinspired.com\/de\/edelstahl-303-identifizierung-testkit-tk14\/\",\"url\":\"https:\/\/www.matinspired.com\/de\/edelstahl-303-identifizierung-testkit-tk14\/\",\"name\":\"Edelstahl 303 Identifizierung Testkit - TK14 - Matinspired.com\",\"isPartOf\":{\"@id\":\"https:\/\/www.matinspired.com\/de\/#website\"},\"primaryImageOfPage\":{\"@id\":\"https:\/\/www.matinspired.com\/de\/edelstahl-303-identifizierung-testkit-tk14\/#primaryimage\"},\"image\":{\"@id\":\"https:\/\/www.matinspired.com\/de\/edelstahl-303-identifizierung-testkit-tk14\/#primaryimage\"},\"thumbnailUrl\":\"https:\/\/www.matinspired.com\/wp-content\/uploads\/2023\/03\/IMG_8358-1024x683-1.jpg\",\"datePublished\":\"2023-03-16T10:43:50+00:00\",\"dateModified\":\"2023-11-10T13:53:51+00:00\",\"description\":\"Dieses Testkit ist f\u00fcr die Identifizierung von Edelstahl 303 geeignet. Damit k\u00f6nnen Sie Ihr Edelstahlmaterial leicht \u00fcberpr\u00fcfen. Wenn es sich um Edelstahl 303 handelt, liefert der Test ein eindeutiges schwarzes Ergebnis.\",\"breadcrumb\":{\"@id\":\"https:\/\/www.matinspired.com\/de\/edelstahl-303-identifizierung-testkit-tk14\/#breadcrumb\"},\"inLanguage\":\"de\",\"potentialAction\":[{\"@type\":\"ReadAction\",\"target\":[\"https:\/\/www.matinspired.com\/de\/edelstahl-303-identifizierung-testkit-tk14\/\"]}]},{\"@type\":\"ImageObject\",\"inLanguage\":\"de\",\"@id\":\"https:\/\/www.matinspired.com\/de\/edelstahl-303-identifizierung-testkit-tk14\/#primaryimage\",\"url\":\"https:\/\/www.matinspired.com\/wp-content\/uploads\/2023\/03\/IMG_8358-1024x683-1.jpg\",\"contentUrl\":\"https:\/\/www.matinspired.com\/wp-content\/uploads\/2023\/03\/IMG_8358-1024x683-1.jpg\"},{\"@type\":\"BreadcrumbList\",\"@id\":\"https:\/\/www.matinspired.com\/de\/edelstahl-303-identifizierung-testkit-tk14\/#breadcrumb\",\"itemListElement\":[{\"@type\":\"ListItem\",\"position\":1,\"name\":\"Home\",\"item\":\"https:\/\/www.matinspired.com\/de\/\"},{\"@type\":\"ListItem\",\"position\":2,\"name\":\"Edelstahl 303 Identifizierung Testkit &#8211; TK14\"}]},{\"@type\":\"WebSite\",\"@id\":\"https:\/\/www.matinspired.com\/de\/#website\",\"url\":\"https:\/\/www.matinspired.com\/de\/\",\"name\":\"Matinspired.com\",\"description\":\"Chromium-6 test kits and more\",\"publisher\":{\"@id\":\"https:\/\/www.matinspired.com\/de\/#organization\"},\"potentialAction\":[{\"@type\":\"SearchAction\",\"target\":{\"@type\":\"EntryPoint\",\"urlTemplate\":\"https:\/\/www.matinspired.com\/de\/?s={search_term_string}\"},\"query-input\":{\"@type\":\"PropertyValueSpecification\",\"valueRequired\":true,\"valueName\":\"search_term_string\"}}],\"inLanguage\":\"de\"},{\"@type\":\"Organization\",\"@id\":\"https:\/\/www.matinspired.com\/de\/#organization\",\"name\":\"MATinspired B.V.\",\"url\":\"https:\/\/www.matinspired.com\/de\/\",\"logo\":{\"@type\":\"ImageObject\",\"inLanguage\":\"de\",\"@id\":\"https:\/\/www.matinspired.com\/de\/#\/schema\/logo\/image\/\",\"url\":\"https:\/\/www.matinspired.com\/wp-content\/uploads\/2023\/03\/LogoMATinspiredPO-696x969-1.jpg\",\"contentUrl\":\"https:\/\/www.matinspired.com\/wp-content\/uploads\/2023\/03\/LogoMATinspiredPO-696x969-1.jpg\",\"width\":696,\"height\":696,\"caption\":\"MATinspired B.V.\"},\"image\":{\"@id\":\"https:\/\/www.matinspired.com\/de\/#\/schema\/logo\/image\/\"},\"sameAs\":[\"https:\/\/x.com\/MATinspired\"]}]}<\/script>\n<!-- \/ Yoast SEO plugin. -->","yoast_head_json":{"title":"Edelstahl 303 Identifizierung Testkit - TK14 - Matinspired.com","description":"Dieses Testkit ist f\u00fcr die Identifizierung von Edelstahl 303 geeignet. Damit k\u00f6nnen Sie Ihr Edelstahlmaterial leicht \u00fcberpr\u00fcfen. Wenn es sich um Edelstahl 303 handelt, liefert der Test ein eindeutiges schwarzes Ergebnis.","robots":{"index":"index","follow":"follow","max-snippet":"max-snippet:-1","max-image-preview":"max-image-preview:large","max-video-preview":"max-video-preview:-1"},"canonical":"https:\/\/www.matinspired.com\/de\/edelstahl-303-identifizierung-testkit-tk14\/","og_locale":"de_DE","og_type":"article","og_title":"Edelstahl 303 Identifizierung Testkit - TK14 - Matinspired.com","og_description":"Dieses Testkit ist f\u00fcr die Identifizierung von Edelstahl 303 geeignet. Damit k\u00f6nnen Sie Ihr Edelstahlmaterial leicht \u00fcberpr\u00fcfen. Wenn es sich um Edelstahl 303 handelt, liefert der Test ein eindeutiges schwarzes Ergebnis.","og_url":"https:\/\/www.matinspired.com\/de\/edelstahl-303-identifizierung-testkit-tk14\/","og_site_name":"Matinspired.com","article_modified_time":"2023-11-10T13:53:51+00:00","og_image":[{"url":"https:\/\/www.matinspired.com\/wp-content\/uploads\/2023\/03\/IMG_8358-1024x683-1.jpg","type":"","width":"","height":""}],"twitter_card":"summary_large_image","twitter_site":"@MATinspired","twitter_misc":{"Gesch\u00e4tzte Lesezeit":"2\u00a0Minuten"},"schema":{"@context":"https:\/\/schema.org","@graph":[{"@type":"WebPage","@id":"https:\/\/www.matinspired.com\/de\/edelstahl-303-identifizierung-testkit-tk14\/","url":"https:\/\/www.matinspired.com\/de\/edelstahl-303-identifizierung-testkit-tk14\/","name":"Edelstahl 303 Identifizierung Testkit - TK14 - Matinspired.com","isPartOf":{"@id":"https:\/\/www.matinspired.com\/de\/#website"},"primaryImageOfPage":{"@id":"https:\/\/www.matinspired.com\/de\/edelstahl-303-identifizierung-testkit-tk14\/#primaryimage"},"image":{"@id":"https:\/\/www.matinspired.com\/de\/edelstahl-303-identifizierung-testkit-tk14\/#primaryimage"},"thumbnailUrl":"https:\/\/www.matinspired.com\/wp-content\/uploads\/2023\/03\/IMG_8358-1024x683-1.jpg","datePublished":"2023-03-16T10:43:50+00:00","dateModified":"2023-11-10T13:53:51+00:00","description":"Dieses Testkit ist f\u00fcr die Identifizierung von Edelstahl 303 geeignet. Damit k\u00f6nnen Sie Ihr Edelstahlmaterial leicht \u00fcberpr\u00fcfen. Wenn es sich um Edelstahl 303 handelt, liefert der Test ein eindeutiges schwarzes Ergebnis.","breadcrumb":{"@id":"https:\/\/www.matinspired.com\/de\/edelstahl-303-identifizierung-testkit-tk14\/#breadcrumb"},"inLanguage":"de","potentialAction":[{"@type":"ReadAction","target":["https:\/\/www.matinspired.com\/de\/edelstahl-303-identifizierung-testkit-tk14\/"]}]},{"@type":"ImageObject","inLanguage":"de","@id":"https:\/\/www.matinspired.com\/de\/edelstahl-303-identifizierung-testkit-tk14\/#primaryimage","url":"https:\/\/www.matinspired.com\/wp-content\/uploads\/2023\/03\/IMG_8358-1024x683-1.jpg","contentUrl":"https:\/\/www.matinspired.com\/wp-content\/uploads\/2023\/03\/IMG_8358-1024x683-1.jpg"},{"@type":"BreadcrumbList","@id":"https:\/\/www.matinspired.com\/de\/edelstahl-303-identifizierung-testkit-tk14\/#breadcrumb","itemListElement":[{"@type":"ListItem","position":1,"name":"Home","item":"https:\/\/www.matinspired.com\/de\/"},{"@type":"ListItem","position":2,"name":"Edelstahl 303 Identifizierung Testkit &#8211; TK14"}]},{"@type":"WebSite","@id":"https:\/\/www.matinspired.com\/de\/#website","url":"https:\/\/www.matinspired.com\/de\/","name":"Matinspired.com","description":"Chromium-6 test kits and more","publisher":{"@id":"https:\/\/www.matinspired.com\/de\/#organization"},"potentialAction":[{"@type":"SearchAction","target":{"@type":"EntryPoint","urlTemplate":"https:\/\/www.matinspired.com\/de\/?s={search_term_string}"},"query-input":{"@type":"PropertyValueSpecification","valueRequired":true,"valueName":"search_term_string"}}],"inLanguage":"de"},{"@type":"Organization","@id":"https:\/\/www.matinspired.com\/de\/#organization","name":"MATinspired B.V.","url":"https:\/\/www.matinspired.com\/de\/","logo":{"@type":"ImageObject","inLanguage":"de","@id":"https:\/\/www.matinspired.com\/de\/#\/schema\/logo\/image\/","url":"https:\/\/www.matinspired.com\/wp-content\/uploads\/2023\/03\/LogoMATinspiredPO-696x969-1.jpg","contentUrl":"https:\/\/www.matinspired.com\/wp-content\/uploads\/2023\/03\/LogoMATinspiredPO-696x969-1.jpg","width":696,"height":696,"caption":"MATinspired B.V."},"image":{"@id":"https:\/\/www.matinspired.com\/de\/#\/schema\/logo\/image\/"},"sameAs":["https:\/\/x.com\/MATinspired"]}]}},"jetpack_sharing_enabled":true,"_links":{"self":[{"href":"https:\/\/www.matinspired.com\/de\/wp-json\/wp\/v2\/pages\/2750","targetHints":{"allow":["GET"]}}],"collection":[{"href":"https:\/\/www.matinspired.com\/de\/wp-json\/wp\/v2\/pages"}],"about":[{"href":"https:\/\/www.matinspired.com\/de\/wp-json\/wp\/v2\/types\/page"}],"author":[{"embeddable":true,"href":"https:\/\/www.matinspired.com\/de\/wp-json\/wp\/v2\/users\/3"}],"replies":[{"embeddable":true,"href":"https:\/\/www.matinspired.com\/de\/wp-json\/wp\/v2\/comments?post=2750"}],"version-history":[{"count":0,"href":"https:\/\/www.matinspired.com\/de\/wp-json\/wp\/v2\/pages\/2750\/revisions"}],"wp:attachment":[{"href":"https:\/\/www.matinspired.com\/de\/wp-json\/wp\/v2\/media?parent=2750"}],"curies":[{"name":"wp","href":"https:\/\/api.w.org\/{rel}","templated":true}]}}