{"id":2703,"date":"2023-03-10T11:43:51","date_gmt":"2023-03-10T10:43:51","guid":{"rendered":"https:\/\/www.matinspired.com\/?page_id=2703"},"modified":"2026-02-03T10:07:36","modified_gmt":"2026-02-03T09:07:36","slug":"edelstahl-304-316-identifikation-testkit-tk05","status":"publish","type":"page","link":"https:\/\/www.matinspired.com\/de\/edelstahl-304-316-identifikation-testkit-tk05\/","title":{"rendered":"Edelstahl 304 &#8211; 316 Identifikation Testkit \u2013 TK05"},"content":{"rendered":"\r\n\r\n\t<strong><br \/>\r\n<\/strong><strong>Edelstahl 304-316 Identifikation Testkit &#8211; TK05<\/strong>\r\n<p>&nbsp;<\/p>\r\n<p>&nbsp;<\/p>\r\n\t<strong>Edelstahl 304-316<br \/>\r\nIdentifikation Testkit &#8211; TK05<\/strong>\r\n<p>Mit diesem Testkit k\u00f6nnen Sie selbst testen, ob es sich bei Ihrem Edelstahlmaterial um Typ 304 oder Typ 316 handelt: Wenn Sie ein 316-Metall testen, wird der Teststab deutlich rosa\/lila. Auf diese Weise k\u00f6nnen Sie Ihren Edelstahl einfach und schnell \u00fcberpr\u00fcfen.<\/p>\r\n<p>Dieses Testkit enth\u00e4lt 20 Testst\u00e4bchen (also gut f\u00fcr 20 Messungen), Testfl\u00fcssigkeit, eine Elektrode, 304er und 316er Testmaterial und eine Anleitung.<\/p>\r\n<p>Die Testriegel sind 3 Monate haltbar. M\u00f6gliche Nachf\u00fcllsets f\u00fcr 20 Tests sind zus\u00e4tzlich erh\u00e4ltlich (TK05RF).<\/p>\r\n\t\t\t\t<img loading=\"lazy\" decoding=\"async\" src=\"https:\/\/www.matinspired.com\/wp-content\/uploads\/2023\/09\/TK05-oefen2-1-jpg.webp\" alt=\"TK05 oefen2\" itemprop=\"image\" height=\"1000\" width=\"1500\" title=\"TK05 oefen2\" onerror=\"this.style.display='none'\"  \/>\r\n\t\t\t<a href=\"https:\/\/www.matinspired.com\/de\/angebotsanfrage\/?artikel=TK05%20-%20Edelstahl%20304-316%20Identifikation%20Testkit&#038;aantal-andere=1\" target=\"_self\">\r\n\t\t\t\t\t\tAngebotsanfrage\r\n\t\t\t\t\t<\/a>\r\n\t<p><em>Die Lieferung ist nur f\u00fcr Firmen in Europa m\u00f6glich.<\/em><\/p>\r\n<p><em>Sie erhalten unser Angebot per E-Mail innerhalb von ein bis zwei Werktagen. Wenn Sie mit diesem Angebot einverstanden sind, senden wir Ihnen das Test Kit umgehend zu.<\/em><\/p>\r\n\t<iframe loading=\"lazy\" title=\"Anleitungsvideo MATinspired Edelstahl 304-316 Identifikation Testkit - TK05\" width=\"640\" height=\"360\" src=\"https:\/\/www.youtube.com\/embed\/UFtsC2o9Ao8?feature=oembed\" frameborder=\"0\" allow=\"accelerometer; autoplay; clipboard-write; encrypted-media; gyroscope; picture-in-picture; web-share\" referrerpolicy=\"strict-origin-when-cross-origin\" allowfullscreen><\/iframe>\r\n\t<h3><strong>Verwendung<\/strong><\/h3>\r\n<p>Sie k\u00f6nnen den Test an Edelstahl jeder Gr\u00f6\u00dfe durchf\u00fchren, auch direkt an Ihrem Produkt. Sie legen den Pr\u00fcfstab auf das Metall. Sie befeuchten den Pr\u00fcfstab mit der mitgelieferten Pr\u00fcffl\u00fcssigkeit, danach ber\u00fchren Sie die Elektrode etwa eine halbe Minute lang. (Es funktioniert mit einer sicheren niedrigen Batteriespannung.) Dies verursacht eine Verf\u00e4rbung des Teststabs.<\/p>\r\n<ul>\r\n<li>Wenn Sie ein 304-Metall testen, wird der Teststab hellgelb\/braun.<\/li>\r\n<li>Wenn Sie ein 316-Metall testen, wird der Teststab deutlich rosa\/lila.<\/li>\r\n<\/ul>\r\n<p>Dieses Testkit ist auch als \u201eMoly-Test&#8220; oder \u201eMolybd\u00e4n-Test&#8220; bekannt, da es Molybd\u00e4n nachweist. Da Molybd\u00e4n in 316er-Metallen vorkommt, f\u00fchrt dies zu der rosa\/violetten Farbe des Testtupfers. Auch andere Metalle, die Molybd\u00e4n enthalten, k\u00f6nnen mit diesem Testkit identifiziert werden. Es ist auch m\u00f6glich, A4-Bolzen mit diesem Testkit zu identifizieren, da diese Bolzen die gleiche Zusammensetzung wie 316er Metalle haben.<\/p>\r\n\t\t\t\t<img loading=\"lazy\" decoding=\"async\" src=\"https:\/\/www.matinspired.com\/wp-content\/uploads\/2023\/03\/304-316-test-met-electrode-683x1024-2.jpg\" alt=\"304-316-test-met-electrode-683x1024\" itemprop=\"image\" height=\"1024\" width=\"683\" title=\"304-316-test-met-electrode-683x1024\" onerror=\"this.style.display='none'\"  \/>\r\n\t<p><em>Beispiel f\u00fcr die Durchf\u00fchrung des Tests an einem Metallst\u00fcck.<\/em><\/p>\r\n\t\t\t\t<img loading=\"lazy\" decoding=\"async\" src=\"https:\/\/www.matinspired.com\/wp-content\/uploads\/2023\/03\/Voorbeeld-304-316-teststaven-1.jpg\" alt=\"Voorbeeld-304-316-teststaven\" itemprop=\"image\" height=\"965\" width=\"1000\" title=\"Voorbeeld-304-316-teststaven\" onerror=\"this.style.display='none'\"  \/>\r\n\t<p><em>Beispiel f\u00fcr die Testergebnisse eines 304- und eines 316-Metalls.<\/em><\/p>\r\n\t<p><i> Haftungsausschluss<br \/>\nObwohl dieses Produkt mit gr\u00f6\u00dfter Sorgfalt zusammengestellt wurden, kann MATinspired B.V. nicht f\u00fcr Sch\u00e4den haftbar gemacht werden, die durch die Verwendung oder den Kontakt mit dem Produkt entstehen. Dieses Messverfahren liefert nur einen Hinweis. MATinspired B.V. \u00fcbernimmt keinerlei Verantwortung f\u00fcr die Testergebnisse. <\/i><\/p>\n\r\n    Vielleicht auch f\u00fcr Sie interessant: <!--Misschien ook interessant voor u:-->\r\n\t\r\n<h2><strong>Chrom(VI)-<br \/>\r\nDetektionskit &#8211; TK11\u2122<\/strong><\/h2>\r\n<strong><em>f\u00fcr Oberfl\u00e4chenverunreinigungen,<br \/>\r\n<\/em><\/strong><strong><em> Staubpartikel, Beschichtungen und Anstriche.<\/em><\/strong>\r\n\t\t\t<a href=\"https:\/\/www.matinspired.com\/de\/chromvi-detektionskit-tk11\/\" target=\"_self\">\r\n\t\t\t\t\t\t\tWEITERE INFORMATIONEN\r\n\t\t\t\t\t<\/a>\r\n\t\t\t\t<img loading=\"lazy\" decoding=\"async\" src=\"https:\/\/www.matinspired.com\/wp-content\/uploads\/2020\/11\/Foto-Engelstalige-testkit.png\" alt=\"TK11 MATinspired Chromium 6 Detection Test Kit\" itemprop=\"image\" height=\"397\" width=\"513\" title=\"Foto Engelstalige testkit\" onerror=\"this.style.display='none'\"  \/>\r\n\t<h2><strong><br \/>\r\nChrom(VI)-<br \/>\r\n<\/strong><strong>Neutralisator &#8211; TK20<br \/>\r\n<\/strong><\/h2>\r\n<strong>zum Neutralisieren von<br \/>\r\nChrom(VI)-Verunreinigungen auf Metallen<br \/>\r\n<\/strong>\r\n\t\t\t<a href=\"https:\/\/www.matinspired.com\/de\/chrom-6-neutralisator-tk20\/\" target=\"_self\">\r\n\t\t\t\t\t\t\tWEITERE INFORMATIONEN\r\n\t\t\t\t\t<\/a>\r\n\t\t\t\t<img decoding=\"async\" src=\"https:\/\/www.matinspired.com\/wp-content\/uploads\/2022\/03\/FlaconChromium-6_Neutralizer-1-1024x1024.jpg\" alt=\"FlaconChromium-6_Neutralizer\" itemprop=\"image\" title=\"FlaconChromium-6_Neutralizer\" onerror=\"this.style.display='none'\"  \/>\r\n\r\n","protected":false},"excerpt":{"rendered":"<p>Edelstahl 304-316 Identifikation Testkit &#8211; TK05 &nbsp; &nbsp; Edelstahl 304-316 Identifikation Testkit &#8211; TK05 Mit diesem Testkit k\u00f6nnen Sie selbst testen, ob es sich bei Ihrem Edelstahlmaterial um Typ 304 oder Typ 316 handelt: Wenn Sie ein 316-Metall testen, wird der Teststab deutlich rosa\/lila. Auf diese Weise k\u00f6nnen Sie Ihren Edelstahl einfach und schnell \u00fcberpr\u00fcfen&#8230;.<\/p>\n","protected":false},"author":3,"featured_media":0,"parent":0,"menu_order":0,"comment_status":"closed","ping_status":"closed","template":"","meta":{"footnotes":""},"class_list":["post-2703","page","type-page","status-publish","hentry"],"yoast_head":"<!-- This site is optimized with the Yoast SEO plugin v27.5 - https:\/\/yoast.com\/product\/yoast-seo-wordpress\/ -->\n<title>Edelstahl 304 - 316 Identifikation Testkit \u2013 TK05 - Matinspired.com<\/title>\n<meta name=\"description\" content=\"Dieses Testkit erm\u00f6glicht es Ihnen, schnell festzustellen, ob es sich bei Edelstahl um Typ 304 oder 316 handelt. Bei Kontakt mit Edelstahl des Typs 316 verf\u00e4rbt sich der Teststab pink\/violett. Auch bekannt als Molybd\u00e4n- oder Molybd\u00e4n-Test.\" \/>\n<meta name=\"robots\" content=\"index, follow, max-snippet:-1, max-image-preview:large, max-video-preview:-1\" \/>\n<link rel=\"canonical\" href=\"https:\/\/www.matinspired.com\/de\/edelstahl-304-316-identifikation-testkit-tk05\/\" \/>\n<meta property=\"og:locale\" content=\"de_DE\" \/>\n<meta property=\"og:type\" content=\"article\" \/>\n<meta property=\"og:title\" content=\"Edelstahl 304 - 316 Identifikation Testkit \u2013 TK05 - Matinspired.com\" \/>\n<meta property=\"og:description\" content=\"Dieses Testkit erm\u00f6glicht es Ihnen, schnell festzustellen, ob es sich bei Edelstahl um Typ 304 oder 316 handelt. Bei Kontakt mit Edelstahl des Typs 316 verf\u00e4rbt sich der Teststab pink\/violett. Auch bekannt als Molybd\u00e4n- oder Molybd\u00e4n-Test.\" \/>\n<meta property=\"og:url\" content=\"https:\/\/www.matinspired.com\/de\/edelstahl-304-316-identifikation-testkit-tk05\/\" \/>\n<meta property=\"og:site_name\" content=\"Matinspired.com\" \/>\n<meta property=\"article:modified_time\" content=\"2026-02-03T09:07:36+00:00\" \/>\n<meta property=\"og:image\" content=\"https:\/\/www.matinspired.com\/wp-content\/uploads\/2023\/09\/TK05-oefen2-1-jpg.webp\" \/>\n<meta name=\"twitter:card\" content=\"summary_large_image\" \/>\n<meta name=\"twitter:site\" content=\"@MATinspired\" \/>\n<meta name=\"twitter:label1\" content=\"Gesch\u00e4tzte Lesezeit\" \/>\n\t<meta name=\"twitter:data1\" content=\"3\u00a0Minuten\" \/>\n<script type=\"application\/ld+json\" class=\"yoast-schema-graph\">{\"@context\":\"https:\\\/\\\/schema.org\",\"@graph\":[{\"@type\":\"WebPage\",\"@id\":\"https:\\\/\\\/www.matinspired.com\\\/de\\\/edelstahl-304-316-identifikation-testkit-tk05\\\/\",\"url\":\"https:\\\/\\\/www.matinspired.com\\\/de\\\/edelstahl-304-316-identifikation-testkit-tk05\\\/\",\"name\":\"Edelstahl 304 - 316 Identifikation Testkit \u2013 TK05 - Matinspired.com\",\"isPartOf\":{\"@id\":\"https:\\\/\\\/www.matinspired.com\\\/de\\\/#website\"},\"primaryImageOfPage\":{\"@id\":\"https:\\\/\\\/www.matinspired.com\\\/de\\\/edelstahl-304-316-identifikation-testkit-tk05\\\/#primaryimage\"},\"image\":{\"@id\":\"https:\\\/\\\/www.matinspired.com\\\/de\\\/edelstahl-304-316-identifikation-testkit-tk05\\\/#primaryimage\"},\"thumbnailUrl\":\"https:\\\/\\\/www.matinspired.com\\\/wp-content\\\/uploads\\\/2023\\\/09\\\/TK05-oefen2-1-jpg.webp\",\"datePublished\":\"2023-03-10T10:43:51+00:00\",\"dateModified\":\"2026-02-03T09:07:36+00:00\",\"description\":\"Dieses Testkit erm\u00f6glicht es Ihnen, schnell festzustellen, ob es sich bei Edelstahl um Typ 304 oder 316 handelt. Bei Kontakt mit Edelstahl des Typs 316 verf\u00e4rbt sich der Teststab pink\\\/violett. Auch bekannt als Molybd\u00e4n- oder Molybd\u00e4n-Test.\",\"breadcrumb\":{\"@id\":\"https:\\\/\\\/www.matinspired.com\\\/de\\\/edelstahl-304-316-identifikation-testkit-tk05\\\/#breadcrumb\"},\"inLanguage\":\"de\",\"potentialAction\":[{\"@type\":\"ReadAction\",\"target\":[\"https:\\\/\\\/www.matinspired.com\\\/de\\\/edelstahl-304-316-identifikation-testkit-tk05\\\/\"]}]},{\"@type\":\"ImageObject\",\"inLanguage\":\"de\",\"@id\":\"https:\\\/\\\/www.matinspired.com\\\/de\\\/edelstahl-304-316-identifikation-testkit-tk05\\\/#primaryimage\",\"url\":\"https:\\\/\\\/www.matinspired.com\\\/wp-content\\\/uploads\\\/2023\\\/09\\\/TK05-oefen2-1-jpg.webp\",\"contentUrl\":\"https:\\\/\\\/www.matinspired.com\\\/wp-content\\\/uploads\\\/2023\\\/09\\\/TK05-oefen2-1-jpg.webp\"},{\"@type\":\"BreadcrumbList\",\"@id\":\"https:\\\/\\\/www.matinspired.com\\\/de\\\/edelstahl-304-316-identifikation-testkit-tk05\\\/#breadcrumb\",\"itemListElement\":[{\"@type\":\"ListItem\",\"position\":1,\"name\":\"Home\",\"item\":\"https:\\\/\\\/www.matinspired.com\\\/de\\\/\"},{\"@type\":\"ListItem\",\"position\":2,\"name\":\"Edelstahl 304 &#8211; 316 Identifikation Testkit \u2013 TK05\"}]},{\"@type\":\"WebSite\",\"@id\":\"https:\\\/\\\/www.matinspired.com\\\/de\\\/#website\",\"url\":\"https:\\\/\\\/www.matinspired.com\\\/de\\\/\",\"name\":\"Matinspired.com\",\"description\":\"Chromium-6 test kits and more\",\"publisher\":{\"@id\":\"https:\\\/\\\/www.matinspired.com\\\/de\\\/#organization\"},\"potentialAction\":[{\"@type\":\"SearchAction\",\"target\":{\"@type\":\"EntryPoint\",\"urlTemplate\":\"https:\\\/\\\/www.matinspired.com\\\/de\\\/?s={search_term_string}\"},\"query-input\":{\"@type\":\"PropertyValueSpecification\",\"valueRequired\":true,\"valueName\":\"search_term_string\"}}],\"inLanguage\":\"de\"},{\"@type\":\"Organization\",\"@id\":\"https:\\\/\\\/www.matinspired.com\\\/de\\\/#organization\",\"name\":\"MATinspired B.V.\",\"url\":\"https:\\\/\\\/www.matinspired.com\\\/de\\\/\",\"logo\":{\"@type\":\"ImageObject\",\"inLanguage\":\"de\",\"@id\":\"https:\\\/\\\/www.matinspired.com\\\/de\\\/#\\\/schema\\\/logo\\\/image\\\/\",\"url\":\"https:\\\/\\\/www.matinspired.com\\\/wp-content\\\/uploads\\\/2023\\\/03\\\/LogoMATinspiredPO-696x969-1.jpg\",\"contentUrl\":\"https:\\\/\\\/www.matinspired.com\\\/wp-content\\\/uploads\\\/2023\\\/03\\\/LogoMATinspiredPO-696x969-1.jpg\",\"width\":696,\"height\":696,\"caption\":\"MATinspired B.V.\"},\"image\":{\"@id\":\"https:\\\/\\\/www.matinspired.com\\\/de\\\/#\\\/schema\\\/logo\\\/image\\\/\"},\"sameAs\":[\"https:\\\/\\\/x.com\\\/MATinspired\"]}]}<\/script>\n<!-- \/ Yoast SEO plugin. -->","yoast_head_json":{"title":"Edelstahl 304 - 316 Identifikation Testkit \u2013 TK05 - Matinspired.com","description":"Dieses Testkit erm\u00f6glicht es Ihnen, schnell festzustellen, ob es sich bei Edelstahl um Typ 304 oder 316 handelt. Bei Kontakt mit Edelstahl des Typs 316 verf\u00e4rbt sich der Teststab pink\/violett. Auch bekannt als Molybd\u00e4n- oder Molybd\u00e4n-Test.","robots":{"index":"index","follow":"follow","max-snippet":"max-snippet:-1","max-image-preview":"max-image-preview:large","max-video-preview":"max-video-preview:-1"},"canonical":"https:\/\/www.matinspired.com\/de\/edelstahl-304-316-identifikation-testkit-tk05\/","og_locale":"de_DE","og_type":"article","og_title":"Edelstahl 304 - 316 Identifikation Testkit \u2013 TK05 - Matinspired.com","og_description":"Dieses Testkit erm\u00f6glicht es Ihnen, schnell festzustellen, ob es sich bei Edelstahl um Typ 304 oder 316 handelt. Bei Kontakt mit Edelstahl des Typs 316 verf\u00e4rbt sich der Teststab pink\/violett. Auch bekannt als Molybd\u00e4n- oder Molybd\u00e4n-Test.","og_url":"https:\/\/www.matinspired.com\/de\/edelstahl-304-316-identifikation-testkit-tk05\/","og_site_name":"Matinspired.com","article_modified_time":"2026-02-03T09:07:36+00:00","og_image":[{"url":"https:\/\/www.matinspired.com\/wp-content\/uploads\/2023\/09\/TK05-oefen2-1-jpg.webp","type":"","width":"","height":""}],"twitter_card":"summary_large_image","twitter_site":"@MATinspired","twitter_misc":{"Gesch\u00e4tzte Lesezeit":"3\u00a0Minuten"},"schema":{"@context":"https:\/\/schema.org","@graph":[{"@type":"WebPage","@id":"https:\/\/www.matinspired.com\/de\/edelstahl-304-316-identifikation-testkit-tk05\/","url":"https:\/\/www.matinspired.com\/de\/edelstahl-304-316-identifikation-testkit-tk05\/","name":"Edelstahl 304 - 316 Identifikation Testkit \u2013 TK05 - Matinspired.com","isPartOf":{"@id":"https:\/\/www.matinspired.com\/de\/#website"},"primaryImageOfPage":{"@id":"https:\/\/www.matinspired.com\/de\/edelstahl-304-316-identifikation-testkit-tk05\/#primaryimage"},"image":{"@id":"https:\/\/www.matinspired.com\/de\/edelstahl-304-316-identifikation-testkit-tk05\/#primaryimage"},"thumbnailUrl":"https:\/\/www.matinspired.com\/wp-content\/uploads\/2023\/09\/TK05-oefen2-1-jpg.webp","datePublished":"2023-03-10T10:43:51+00:00","dateModified":"2026-02-03T09:07:36+00:00","description":"Dieses Testkit erm\u00f6glicht es Ihnen, schnell festzustellen, ob es sich bei Edelstahl um Typ 304 oder 316 handelt. Bei Kontakt mit Edelstahl des Typs 316 verf\u00e4rbt sich der Teststab pink\/violett. Auch bekannt als Molybd\u00e4n- oder Molybd\u00e4n-Test.","breadcrumb":{"@id":"https:\/\/www.matinspired.com\/de\/edelstahl-304-316-identifikation-testkit-tk05\/#breadcrumb"},"inLanguage":"de","potentialAction":[{"@type":"ReadAction","target":["https:\/\/www.matinspired.com\/de\/edelstahl-304-316-identifikation-testkit-tk05\/"]}]},{"@type":"ImageObject","inLanguage":"de","@id":"https:\/\/www.matinspired.com\/de\/edelstahl-304-316-identifikation-testkit-tk05\/#primaryimage","url":"https:\/\/www.matinspired.com\/wp-content\/uploads\/2023\/09\/TK05-oefen2-1-jpg.webp","contentUrl":"https:\/\/www.matinspired.com\/wp-content\/uploads\/2023\/09\/TK05-oefen2-1-jpg.webp"},{"@type":"BreadcrumbList","@id":"https:\/\/www.matinspired.com\/de\/edelstahl-304-316-identifikation-testkit-tk05\/#breadcrumb","itemListElement":[{"@type":"ListItem","position":1,"name":"Home","item":"https:\/\/www.matinspired.com\/de\/"},{"@type":"ListItem","position":2,"name":"Edelstahl 304 &#8211; 316 Identifikation Testkit \u2013 TK05"}]},{"@type":"WebSite","@id":"https:\/\/www.matinspired.com\/de\/#website","url":"https:\/\/www.matinspired.com\/de\/","name":"Matinspired.com","description":"Chromium-6 test kits and more","publisher":{"@id":"https:\/\/www.matinspired.com\/de\/#organization"},"potentialAction":[{"@type":"SearchAction","target":{"@type":"EntryPoint","urlTemplate":"https:\/\/www.matinspired.com\/de\/?s={search_term_string}"},"query-input":{"@type":"PropertyValueSpecification","valueRequired":true,"valueName":"search_term_string"}}],"inLanguage":"de"},{"@type":"Organization","@id":"https:\/\/www.matinspired.com\/de\/#organization","name":"MATinspired B.V.","url":"https:\/\/www.matinspired.com\/de\/","logo":{"@type":"ImageObject","inLanguage":"de","@id":"https:\/\/www.matinspired.com\/de\/#\/schema\/logo\/image\/","url":"https:\/\/www.matinspired.com\/wp-content\/uploads\/2023\/03\/LogoMATinspiredPO-696x969-1.jpg","contentUrl":"https:\/\/www.matinspired.com\/wp-content\/uploads\/2023\/03\/LogoMATinspiredPO-696x969-1.jpg","width":696,"height":696,"caption":"MATinspired B.V."},"image":{"@id":"https:\/\/www.matinspired.com\/de\/#\/schema\/logo\/image\/"},"sameAs":["https:\/\/x.com\/MATinspired"]}]}},"jetpack_sharing_enabled":true,"_links":{"self":[{"href":"https:\/\/www.matinspired.com\/de\/wp-json\/wp\/v2\/pages\/2703","targetHints":{"allow":["GET"]}}],"collection":[{"href":"https:\/\/www.matinspired.com\/de\/wp-json\/wp\/v2\/pages"}],"about":[{"href":"https:\/\/www.matinspired.com\/de\/wp-json\/wp\/v2\/types\/page"}],"author":[{"embeddable":true,"href":"https:\/\/www.matinspired.com\/de\/wp-json\/wp\/v2\/users\/3"}],"replies":[{"embeddable":true,"href":"https:\/\/www.matinspired.com\/de\/wp-json\/wp\/v2\/comments?post=2703"}],"version-history":[{"count":5,"href":"https:\/\/www.matinspired.com\/de\/wp-json\/wp\/v2\/pages\/2703\/revisions"}],"predecessor-version":[{"id":71022,"href":"https:\/\/www.matinspired.com\/de\/wp-json\/wp\/v2\/pages\/2703\/revisions\/71022"}],"wp:attachment":[{"href":"https:\/\/www.matinspired.com\/de\/wp-json\/wp\/v2\/media?parent=2703"}],"curies":[{"name":"wp","href":"https:\/\/api.w.org\/{rel}","templated":true}]}}