{"id":216,"date":"2020-12-16T10:11:29","date_gmt":"2020-12-16T09:11:29","guid":{"rendered":"http:\/\/www.matinspired.com\/quotation-request\/"},"modified":"2024-01-08T14:37:31","modified_gmt":"2024-01-08T13:37:31","slug":"angebotsanfrage","status":"publish","type":"page","link":"https:\/\/www.matinspired.com\/de\/angebotsanfrage\/","title":{"rendered":"Angebotsanfrage"},"content":{"rendered":"\n\n\t<h1><strong>Angebotsanfrage<br \/>\n<\/strong><\/h1>\n<p>&nbsp;<\/p>\n<strong>Interessiert an unseren Produkten?<br \/>\nDann unterbreiten wir Ihnen gerne ein unverbindliches Angebot.<\/strong>\n<p>F\u00fcr ein schnelles Angebot f\u00fcllen Sie bitte dieses Formular aus.<\/p>\n\n\t\n<div class=\"wpcf7 no-js\" id=\"wpcf7-f33-o1\" lang=\"nl-NL\" dir=\"ltr\" data-wpcf7-id=\"33\">\n<div class=\"screen-reader-response\"><p role=\"status\" aria-live=\"polite\" aria-atomic=\"true\"><\/p> <ul><\/ul><\/div>\n<form action=\"\/de\/wp-json\/wp\/v2\/pages\/216#wpcf7-f33-o1\" method=\"post\" class=\"wpcf7-form init\" aria-label=\"Contactformulier\" novalidate=\"novalidate\" data-status=\"init\">\n<fieldset class=\"hidden-fields-container\"><input type=\"hidden\" name=\"_wpcf7\" value=\"33\" \/><input type=\"hidden\" name=\"_wpcf7_version\" value=\"6.1.5\" \/><input type=\"hidden\" name=\"_wpcf7_locale\" value=\"nl_NL\" \/><input type=\"hidden\" name=\"_wpcf7_unit_tag\" value=\"wpcf7-f33-o1\" \/><input type=\"hidden\" name=\"_wpcf7_container_post\" value=\"0\" \/><input type=\"hidden\" name=\"_wpcf7_posted_data_hash\" value=\"\" \/><input type=\"hidden\" name=\"_wpcf7_recaptcha_response\" value=\"\" \/>\n<\/fieldset>\n<p>Firma *<br \/>\n<span class=\"wpcf7-form-control-wrap\" data-name=\"Bedrijfsnaam\"><input size=\"40\" maxlength=\"400\" class=\"wpcf7-form-control wpcf7-text wpcf7-validates-as-required\" aria-required=\"true\" aria-invalid=\"false\" value=\"\" type=\"text\" name=\"Bedrijfsnaam\" \/><\/span>\n<\/p>\n<p>Ansprechpartner *<br \/>\n<span class=\"wpcf7-form-control-wrap\" data-name=\"your-name\"><input size=\"40\" maxlength=\"400\" class=\"wpcf7-form-control wpcf7-text wpcf7-validates-as-required\" aria-required=\"true\" aria-invalid=\"false\" value=\"\" type=\"text\" name=\"your-name\" \/><\/span>\n<\/p>\n<p>E-mail *<br \/>\n<span class=\"wpcf7-form-control-wrap\" data-name=\"your-email\"><input size=\"40\" maxlength=\"400\" class=\"wpcf7-form-control wpcf7-email wpcf7-validates-as-required wpcf7-text wpcf7-validates-as-email\" aria-required=\"true\" aria-invalid=\"false\" value=\"\" type=\"email\" name=\"your-email\" \/><\/span>\n<\/p>\n<p>Telefonnummer *<br \/>\n<span class=\"wpcf7-form-control-wrap\" data-name=\"your-phone\"><input size=\"40\" maxlength=\"400\" class=\"wpcf7-form-control wpcf7-tel wpcf7-validates-as-required wpcf7-text wpcf7-validates-as-tel\" aria-required=\"true\" aria-invalid=\"false\" value=\"\" type=\"tel\" name=\"your-phone\" \/><\/span>\n<\/p>\n<p>Lieferadresse *<br \/>\n<span class=\"wpcf7-form-control-wrap\" data-name=\"Adres\"><input size=\"40\" maxlength=\"400\" class=\"wpcf7-form-control wpcf7-text wpcf7-validates-as-required\" aria-required=\"true\" aria-invalid=\"false\" value=\"\" type=\"text\" name=\"Adres\" \/><\/span>\n<\/p>\n<p>Etage, Abteilung, usw.<br \/>\n<span class=\"wpcf7-form-control-wrap\" data-name=\"Adres-2\"><input size=\"40\" maxlength=\"400\" class=\"wpcf7-form-control wpcf7-text\" aria-invalid=\"false\" value=\"\" type=\"text\" name=\"Adres-2\" \/><\/span>\n<\/p>\n<p>Postleitzahl *<br \/>\n<span class=\"wpcf7-form-control-wrap\" data-name=\"Postcode\"><input size=\"40\" maxlength=\"400\" class=\"wpcf7-form-control wpcf7-text wpcf7-validates-as-required\" aria-required=\"true\" aria-invalid=\"false\" value=\"\" type=\"text\" name=\"Postcode\" \/><\/span>\n<\/p>\n<p>Stadt *<br \/>\n<span class=\"wpcf7-form-control-wrap\" data-name=\"Plaats\"><input size=\"40\" maxlength=\"400\" class=\"wpcf7-form-control wpcf7-text wpcf7-validates-as-required\" aria-required=\"true\" aria-invalid=\"false\" value=\"\" type=\"text\" name=\"Plaats\" \/><\/span>\n<\/p>\n<p>Land *<br \/>\n<span class=\"wpcf7-form-control-wrap\" data-name=\"Land\"><input size=\"40\" maxlength=\"400\" class=\"wpcf7-form-control wpcf7-text wpcf7-validates-as-required\" aria-required=\"true\" aria-invalid=\"false\" value=\"\" type=\"text\" name=\"Land\" \/><\/span>\n<\/p>\n<p>TK11 \u2013 MATinspired Chrom(VI) Detektionskit (25 tests), Menge: *<br \/>\n<span class=\"wpcf7-form-control-wrap\" data-name=\"aantal-chroom6\"><input class=\"wpcf7-form-control wpcf7-number wpcf7-validates-as-required wpcf7-validates-as-number\" min=\"0\" max=\"10000000\" aria-required=\"true\" aria-invalid=\"false\" value=\"0\" type=\"number\" name=\"aantal-chroom6\" \/><\/span>\n<\/p>\n<p>TK20 \u2013 MATinspired Chrom(VI) Neutralisator, Menge: *<br \/>\n<span class=\"wpcf7-form-control-wrap\" data-name=\"aantal-neutralisator\"><input class=\"wpcf7-form-control wpcf7-number wpcf7-validates-as-required wpcf7-validates-as-number\" min=\"0\" max=\"10000000\" aria-required=\"true\" aria-invalid=\"false\" value=\"0\" type=\"number\" name=\"aantal-neutralisator\" \/><\/span>\n<\/p>\n<p>TK08 \u2013 MATinspired Blei Detektionskit (50 tests), Menge: *<br \/>\n<span class=\"wpcf7-form-control-wrap\" data-name=\"aantal-tk08\"><input class=\"wpcf7-form-control wpcf7-number wpcf7-validates-as-required wpcf7-validates-as-number\" min=\"0\" max=\"10000000\" aria-required=\"true\" aria-invalid=\"false\" value=\"0\" type=\"number\" name=\"aantal-tk08\" \/><\/span>\n<\/p>\n<p>Andere Artikel:<br \/>\n<span class=\"wpcf7-form-control-wrap\" data-name=\"artikel\"><select class=\"wpcf7-form-control wpcf7-select\" aria-invalid=\"false\" name=\"artikel\"><option value=\"\"><\/option><option value=\"TK03 \u2013 Makro-\u00c4tzkit f\u00fcr Aluminiumschwei\u00dfn\u00e4hte\">TK03 \u2013 Makro-\u00c4tzkit f\u00fcr Aluminiumschwei\u00dfn\u00e4hte<\/option><option value=\"TK04 - Makro-\u00c4tzkit f\u00fcr Edelstahlschwei\u00dfn\u00e4hte\">TK04 - Makro-\u00c4tzkit f\u00fcr Edelstahlschwei\u00dfn\u00e4hte<\/option><option value=\"TK05 - Edelstahl 304-316 Identifikation Testkit\">TK05 - Edelstahl 304-316 Identifikation Testkit<\/option><option value=\"TK05RF - Nachf\u00fcllsatz Edelstahl 304-316 Identifikation (20 testen)\">TK05RF - Nachf\u00fcllsatz Edelstahl 304-316 Identifikation (20 testen)<\/option><option value=\"TK13. - Ferroxyl Test Kit zur Identifizierung von freiem Eisen\">TK13. - Ferroxyl Test Kit zur Identifizierung von freiem Eisen<\/option><option value=\"TK13RF - Nachf\u00fcllsatz\">TK13RF - Nachf\u00fcllsatz<\/option><option value=\"TK14 - Edelstahl 303 Identifizierung Testkit\">TK14 - Edelstahl 303 Identifizierung Testkit<\/option><option value=\"TK21 - Salz-Detektionstest\">TK21 - Salz-Detektionstest<\/option><\/select><\/span>\n<\/p>\n<p>Menge des anderen Artikels:<br \/>\n<span class=\"wpcf7-form-control-wrap\" data-name=\"aantal-andere\"><input class=\"wpcf7-form-control wpcf7-number wpcf7-validates-as-number\" min=\"0\" max=\"10000000\" aria-invalid=\"false\" value=\"0\" type=\"number\" name=\"aantal-andere\" \/><\/span>\n<\/p>\n<p>Kommentare<br \/>\n<span class=\"wpcf7-form-control-wrap\" data-name=\"your-message\"><textarea cols=\"40\" rows=\"10\" maxlength=\"2000\" class=\"wpcf7-form-control wpcf7-textarea\" aria-invalid=\"false\" name=\"your-message\"><\/textarea><\/span>\n<\/p>\n<p>Die mit * markierten Felder sind Pflichtfelder.<br \/>\nNach dem Absenden dieser Angebotsanfrage erhalten Sie eine Best\u00e4tigung per E-Mail.<br \/>\nFalls Sie diese Best\u00e4tigung nicht erhalten, ist die \u00dcbermittlung fehlgeschlagen, und Sie k\u00f6nnen uns die Anfrage an folgende E-Mail-Adresse senden: info@matinspired.com.<br \/>\nSie erhalten das Angebot innerhalb von 2 Werktagen.\n<\/p>\n<p><input class=\"wpcf7-form-control wpcf7-submit has-spinner\" type=\"submit\" value=\"Senden\" \/>\n<\/p><p style=\"display: none !important;\" class=\"akismet-fields-container\" data-prefix=\"_wpcf7_ak_\"><label>&#916;<textarea name=\"_wpcf7_ak_hp_textarea\" cols=\"45\" rows=\"8\" maxlength=\"100\"><\/textarea><\/label><input type=\"hidden\" id=\"ak_js_1\" name=\"_wpcf7_ak_js\" value=\"170\"\/><script>\ndocument.getElementById( \"ak_js_1\" ).setAttribute( \"value\", ( new Date() ).getTime() );\n<\/script>\n<\/p><div class=\"wpcf7-response-output\" aria-hidden=\"true\"><\/div>\n<\/form>\n<\/div>\n\nWir liefern nur zu Unternehmungen<br \/>\nWir liefern in alle L\u00e4nder innerhalb Europas und au\u00dferhalb Europas\n\n\n","protected":false},"excerpt":{"rendered":"<p>Angebotsanfrage &nbsp; Interessiert an unseren Produkten? Dann unterbreiten wir Ihnen gerne ein unverbindliches Angebot. F\u00fcr ein schnelles Angebot f\u00fcllen Sie bitte dieses Formular aus. Wir liefern nur zu Unternehmungen Wir liefern in alle L\u00e4nder innerhalb Europas und au\u00dferhalb Europas<\/p>\n","protected":false},"author":3,"featured_media":0,"parent":0,"menu_order":0,"comment_status":"closed","ping_status":"closed","template":"","meta":{"footnotes":""},"class_list":["post-216","page","type-page","status-publish","hentry"],"yoast_head":"<!-- This site is optimized with the Yoast SEO plugin v27.6 - https:\/\/yoast.com\/product\/yoast-seo-wordpress\/ -->\n<title>Angebotsanfrage - Matinspired.com<\/title>\n<meta name=\"description\" content=\"Interessieren Sie sich f\u00fcr unsere Produkte? Dann erstellen wir Ihnen gerne ein unverbindliches Angebot.\" \/>\n<meta name=\"robots\" content=\"index, follow, max-snippet:-1, max-image-preview:large, max-video-preview:-1\" \/>\n<link rel=\"canonical\" href=\"https:\/\/www.matinspired.com\/de\/angebotsanfrage\/\" \/>\n<meta property=\"og:locale\" content=\"de_DE\" \/>\n<meta property=\"og:type\" content=\"article\" \/>\n<meta property=\"og:title\" content=\"Angebotsanfrage - Matinspired.com\" \/>\n<meta property=\"og:description\" content=\"Interessieren Sie sich f\u00fcr unsere Produkte? Dann erstellen wir Ihnen gerne ein unverbindliches Angebot.\" \/>\n<meta property=\"og:url\" content=\"https:\/\/www.matinspired.com\/de\/angebotsanfrage\/\" \/>\n<meta property=\"og:site_name\" content=\"Matinspired.com\" \/>\n<meta property=\"article:modified_time\" content=\"2024-01-08T13:37:31+00:00\" \/>\n<meta name=\"twitter:card\" content=\"summary_large_image\" \/>\n<meta name=\"twitter:site\" content=\"@MATinspired\" \/>\n<meta name=\"twitter:label1\" content=\"Gesch\u00e4tzte Lesezeit\" \/>\n\t<meta name=\"twitter:data1\" content=\"1\u00a0Minute\" \/>\n<script type=\"application\/ld+json\" class=\"yoast-schema-graph\">{\"@context\":\"https:\\\/\\\/schema.org\",\"@graph\":[{\"@type\":\"WebPage\",\"@id\":\"https:\\\/\\\/www.matinspired.com\\\/de\\\/angebotsanfrage\\\/\",\"url\":\"https:\\\/\\\/www.matinspired.com\\\/de\\\/angebotsanfrage\\\/\",\"name\":\"Angebotsanfrage - Matinspired.com\",\"isPartOf\":{\"@id\":\"https:\\\/\\\/www.matinspired.com\\\/de\\\/#website\"},\"datePublished\":\"2020-12-16T09:11:29+00:00\",\"dateModified\":\"2024-01-08T13:37:31+00:00\",\"description\":\"Interessieren Sie sich f\u00fcr unsere Produkte? Dann erstellen wir Ihnen gerne ein unverbindliches Angebot.\",\"breadcrumb\":{\"@id\":\"https:\\\/\\\/www.matinspired.com\\\/de\\\/angebotsanfrage\\\/#breadcrumb\"},\"inLanguage\":\"de\",\"potentialAction\":[{\"@type\":\"ReadAction\",\"target\":[\"https:\\\/\\\/www.matinspired.com\\\/de\\\/angebotsanfrage\\\/\"]}]},{\"@type\":\"BreadcrumbList\",\"@id\":\"https:\\\/\\\/www.matinspired.com\\\/de\\\/angebotsanfrage\\\/#breadcrumb\",\"itemListElement\":[{\"@type\":\"ListItem\",\"position\":1,\"name\":\"Home\",\"item\":\"https:\\\/\\\/www.matinspired.com\\\/de\\\/\"},{\"@type\":\"ListItem\",\"position\":2,\"name\":\"Angebotsanfrage\"}]},{\"@type\":\"WebSite\",\"@id\":\"https:\\\/\\\/www.matinspired.com\\\/de\\\/#website\",\"url\":\"https:\\\/\\\/www.matinspired.com\\\/de\\\/\",\"name\":\"Matinspired.com\",\"description\":\"Chromium-6 test kits and more\",\"publisher\":{\"@id\":\"https:\\\/\\\/www.matinspired.com\\\/de\\\/#organization\"},\"potentialAction\":[{\"@type\":\"SearchAction\",\"target\":{\"@type\":\"EntryPoint\",\"urlTemplate\":\"https:\\\/\\\/www.matinspired.com\\\/de\\\/?s={search_term_string}\"},\"query-input\":{\"@type\":\"PropertyValueSpecification\",\"valueRequired\":true,\"valueName\":\"search_term_string\"}}],\"inLanguage\":\"de\"},{\"@type\":\"Organization\",\"@id\":\"https:\\\/\\\/www.matinspired.com\\\/de\\\/#organization\",\"name\":\"MATinspired B.V.\",\"url\":\"https:\\\/\\\/www.matinspired.com\\\/de\\\/\",\"logo\":{\"@type\":\"ImageObject\",\"inLanguage\":\"de\",\"@id\":\"https:\\\/\\\/www.matinspired.com\\\/de\\\/#\\\/schema\\\/logo\\\/image\\\/\",\"url\":\"https:\\\/\\\/www.matinspired.com\\\/wp-content\\\/uploads\\\/2023\\\/03\\\/LogoMATinspiredPO-696x969-1.jpg\",\"contentUrl\":\"https:\\\/\\\/www.matinspired.com\\\/wp-content\\\/uploads\\\/2023\\\/03\\\/LogoMATinspiredPO-696x969-1.jpg\",\"width\":696,\"height\":696,\"caption\":\"MATinspired B.V.\"},\"image\":{\"@id\":\"https:\\\/\\\/www.matinspired.com\\\/de\\\/#\\\/schema\\\/logo\\\/image\\\/\"},\"sameAs\":[\"https:\\\/\\\/x.com\\\/MATinspired\"]}]}<\/script>\n<!-- \/ Yoast SEO plugin. -->","yoast_head_json":{"title":"Angebotsanfrage - Matinspired.com","description":"Interessieren Sie sich f\u00fcr unsere Produkte? Dann erstellen wir Ihnen gerne ein unverbindliches Angebot.","robots":{"index":"index","follow":"follow","max-snippet":"max-snippet:-1","max-image-preview":"max-image-preview:large","max-video-preview":"max-video-preview:-1"},"canonical":"https:\/\/www.matinspired.com\/de\/angebotsanfrage\/","og_locale":"de_DE","og_type":"article","og_title":"Angebotsanfrage - Matinspired.com","og_description":"Interessieren Sie sich f\u00fcr unsere Produkte? Dann erstellen wir Ihnen gerne ein unverbindliches Angebot.","og_url":"https:\/\/www.matinspired.com\/de\/angebotsanfrage\/","og_site_name":"Matinspired.com","article_modified_time":"2024-01-08T13:37:31+00:00","twitter_card":"summary_large_image","twitter_site":"@MATinspired","twitter_misc":{"Gesch\u00e4tzte Lesezeit":"1\u00a0Minute"},"schema":{"@context":"https:\/\/schema.org","@graph":[{"@type":"WebPage","@id":"https:\/\/www.matinspired.com\/de\/angebotsanfrage\/","url":"https:\/\/www.matinspired.com\/de\/angebotsanfrage\/","name":"Angebotsanfrage - Matinspired.com","isPartOf":{"@id":"https:\/\/www.matinspired.com\/de\/#website"},"datePublished":"2020-12-16T09:11:29+00:00","dateModified":"2024-01-08T13:37:31+00:00","description":"Interessieren Sie sich f\u00fcr unsere Produkte? Dann erstellen wir Ihnen gerne ein unverbindliches Angebot.","breadcrumb":{"@id":"https:\/\/www.matinspired.com\/de\/angebotsanfrage\/#breadcrumb"},"inLanguage":"de","potentialAction":[{"@type":"ReadAction","target":["https:\/\/www.matinspired.com\/de\/angebotsanfrage\/"]}]},{"@type":"BreadcrumbList","@id":"https:\/\/www.matinspired.com\/de\/angebotsanfrage\/#breadcrumb","itemListElement":[{"@type":"ListItem","position":1,"name":"Home","item":"https:\/\/www.matinspired.com\/de\/"},{"@type":"ListItem","position":2,"name":"Angebotsanfrage"}]},{"@type":"WebSite","@id":"https:\/\/www.matinspired.com\/de\/#website","url":"https:\/\/www.matinspired.com\/de\/","name":"Matinspired.com","description":"Chromium-6 test kits and more","publisher":{"@id":"https:\/\/www.matinspired.com\/de\/#organization"},"potentialAction":[{"@type":"SearchAction","target":{"@type":"EntryPoint","urlTemplate":"https:\/\/www.matinspired.com\/de\/?s={search_term_string}"},"query-input":{"@type":"PropertyValueSpecification","valueRequired":true,"valueName":"search_term_string"}}],"inLanguage":"de"},{"@type":"Organization","@id":"https:\/\/www.matinspired.com\/de\/#organization","name":"MATinspired B.V.","url":"https:\/\/www.matinspired.com\/de\/","logo":{"@type":"ImageObject","inLanguage":"de","@id":"https:\/\/www.matinspired.com\/de\/#\/schema\/logo\/image\/","url":"https:\/\/www.matinspired.com\/wp-content\/uploads\/2023\/03\/LogoMATinspiredPO-696x969-1.jpg","contentUrl":"https:\/\/www.matinspired.com\/wp-content\/uploads\/2023\/03\/LogoMATinspiredPO-696x969-1.jpg","width":696,"height":696,"caption":"MATinspired B.V."},"image":{"@id":"https:\/\/www.matinspired.com\/de\/#\/schema\/logo\/image\/"},"sameAs":["https:\/\/x.com\/MATinspired"]}]}},"_links":{"self":[{"href":"https:\/\/www.matinspired.com\/de\/wp-json\/wp\/v2\/pages\/216","targetHints":{"allow":["GET"]}}],"collection":[{"href":"https:\/\/www.matinspired.com\/de\/wp-json\/wp\/v2\/pages"}],"about":[{"href":"https:\/\/www.matinspired.com\/de\/wp-json\/wp\/v2\/types\/page"}],"author":[{"embeddable":true,"href":"https:\/\/www.matinspired.com\/de\/wp-json\/wp\/v2\/users\/3"}],"replies":[{"embeddable":true,"href":"https:\/\/www.matinspired.com\/de\/wp-json\/wp\/v2\/comments?post=216"}],"version-history":[{"count":0,"href":"https:\/\/www.matinspired.com\/de\/wp-json\/wp\/v2\/pages\/216\/revisions"}],"wp:attachment":[{"href":"https:\/\/www.matinspired.com\/de\/wp-json\/wp\/v2\/media?parent=216"}],"curies":[{"name":"wp","href":"https:\/\/api.w.org\/{rel}","templated":true}]}}