{"id":214,"date":"2020-10-26T12:28:34","date_gmt":"2020-10-26T11:28:34","guid":{"rendered":"http:\/\/www.matinspired.com\/about-us\/"},"modified":"2026-04-02T12:25:06","modified_gmt":"2026-04-02T10:25:06","slug":"uber-uns","status":"publish","type":"page","link":"https:\/\/www.matinspired.com\/de\/uber-uns\/","title":{"rendered":"\u00dcber uns"},"content":{"rendered":"\n\n\t<h1><strong>\u00dcber uns<\/strong><\/h1>\n<p>&nbsp;<\/p>\n\t<p>Sicheres Arbeiten ist f\u00fcr jeden wichtig. Die Schnelltests von MATinspired zur Identifizierung und Detektion einer Vielzahl von chemischen Substanzen tragen zu einer saubereren und sichereren Arbeitsumgebung bei.<\/p>\n<p>Wir haben verschiedene hausinterne Testkits entwickelt, die Sie selbst verwenden k\u00f6nnen. Mit diesen Testkits k\u00f6nnen Sie ganz einfach Stoffe identifizieren, ohne ein externes Labor einschalten zu m\u00fcssen, und dann die notwendigen Schritte f\u00fcr ein sicheres Arbeiten einleiten. Zum Beispiel haben wir Testkits f\u00fcr toxische Substanzen wie Chrom-6 und Blei, aber auch f\u00fcr die Identifizierung verschiedener Metallarten und f\u00fcr die Pr\u00fcfung der Qualit\u00e4t von Schwei\u00dfn\u00e4hten zur Verf\u00fcgung.<\/p>\n\t\t\t<a href=\"https:\/\/www.matinspired.com\/de\/webshop\/\"  target=\"_self\">\n\t\t\t\t\t\tUnsere Testkits\n\t\t\t\t\t<\/a>\n\tUnsere Testkits eignen sich f\u00fcr den Einsatz im Bauwesen, in der Industrie, in Lackierbetrieben, metallverarbeitenden Betrieben<br \/>\nund Wartung von Gasturbinen, um nur einige Anwendungen zu nennen.\n\t<h2><strong><img loading=\"lazy\" decoding=\"async\" src=\"https:\/\/www.matinspired.com\/wp-content\/uploads\/2021\/12\/IMG_8025-website-300x214.jpg\" alt=\"\" width=\"300\" height=\"214\" \/>\u00dcber MATinspired\u00a0 \u00a0<\/strong><\/h2>\n<p>MATinspired B.V. entwickelt und vertreibt Testkits, die es Unternehmen erm\u00f6glichen, ihre eigene Materialforschung durchzuf\u00fchren. &#8222;Kleine und mittlere Unternehmen haben oft keinen eigenen Experten f\u00fcr diese Materie. In diesem Fall ist es sehr praktisch, selbst vor Ort testen zu k\u00f6nnen, ob eine Schwei\u00dfnaht richtig platziert wurde und ob Ihr Material giftige Substanzen enth\u00e4lt&#8220;, sagt Gr\u00fcnder und Physikingenieur Niels Kuijpers.<\/p>\n<p>&nbsp;<\/p>\n<strong>Unabh\u00e4ngig arbeiten<\/strong><br \/>\nMATinspired verf\u00fcgt \u00fcber ein eigenes Labor bei Gate 2 in Rijen, Niederlande. &#8222;Unser eigenes Labor erf\u00fcllt alle Anforderungen, die man von einem Labor erwarten w\u00fcrde. Dadurch sind wir flexibel, k\u00f6nnen schnell umschalten und unabh\u00e4ngig arbeiten&#8220;.\n<strong>Schl\u00fcsselfertiges Testen<\/strong><br \/>\n&#8222;Auch wenn Sie kein Experte f\u00fcr Materialwissenschaften sind, k\u00f6nnen Sie diese Tests sehr gut durchf\u00fchren&#8220;, sagt er \u00fcber die Testkits f\u00fcr verschiedene Metalle und (toxische) Verbindungen. &#8222;Alles, was Sie tun m\u00fcssen, ist den Schritten zu folgen. Vergleichen Sie es mit einem Fertiggericht: Alle Zutaten sind fein s\u00e4uberlich aufeinander abgestimmt. Alles, was Sie tun m\u00fcssen, ist, es einfach zuzubereiten.\n<strong>Innovation<\/strong><br \/>\nMATinspired entwickelt sich st\u00e4ndig weiter, ist innovativ und erf\u00fcllt die Anforderungen des Marktes. Wir bem\u00fchen uns um eine breite Palette von Testkits f\u00fcr die Identifizierung und den Nachweis verschiedener chemischer Substanzen.\n<p>&nbsp;<\/p>\n<p>&nbsp;<\/p>\n\t<p><img loading=\"lazy\" decoding=\"async\" src=\"http:\/\/matinspired.com\/wp-content\/uploads\/2020\/11\/Untitled-3-238x300.png\" alt=\"\" width=\"70\" height=\"89\" \/><\/p>\n<p><strong>Verl\u00e4sslichkeit<\/strong><\/p>\n<p>Unsere Testkits zeichnen sich durch ein hohes Ma\u00df an Genauigkeit und Zuverl\u00e4ssigkeit aus. Zum Beispiel entsprechen die Chrom-6-Testkits verschiedenen europ\u00e4ischen Richtlinien wie der RoHS-Richtlinie und der REACH-Gesetzgebung.<\/p>\n\t<p><img loading=\"lazy\" decoding=\"async\" src=\"http:\/\/matinspired.com\/wp-content\/uploads\/2020\/11\/Logo-2-238x300.png\" alt=\"\" width=\"70\" height=\"89\" \/><\/p>\n<strong>Sicheres und einfaches Testen durch Sie selbst<br \/>\n<\/strong>Sie k\u00f6nnen den Test einfach und schnell vor Ort selbst durchf\u00fchren und sehen das Ergebnis sofort. Dies steht im Gegensatz zu externen Labortests, bei denen Sie einige Tage auf das Testergebnis warten m\u00fcssen.\n\t<p><img loading=\"lazy\" decoding=\"async\" src=\"http:\/\/matinspired.com\/wp-content\/uploads\/2020\/11\/Logo-3-238x300.png\" alt=\"\" width=\"70\" height=\"88\" \/><\/p>\n<p><strong>Schnelle weltweite Lieferung<\/strong><\/p>\nWir liefern aus den Niederlanden. Nach der Angebotsanfrage \u00fcber diese Website erhalten Sie ein Angebot, und nach Ihrer Zustimmung beginnen wir sofort mit der Arbeit f\u00fcr Sie. Sie erhalten die Testkits innerhalb weniger Arbeitstage (abh\u00e4ngig vom Land, aus dem die Bestellung aufgegeben wurde).<strong><br \/>\n<\/strong>\n\t<p><img loading=\"lazy\" decoding=\"async\" src=\"http:\/\/matinspired.com\/wp-content\/uploads\/2020\/11\/Logo-4-238x300.png\" alt=\"\" width=\"70\" height=\"88\" \/><\/p>\n<strong>Eigene Entwicklung<br \/>\n<\/strong>\n<p>Die Testkits werden im eigenen Haus entwickelt und produziert. So haben wir den Entwicklungsprozess und die Qualit\u00e4tskontrolle in unseren eigenen H\u00e4nden. Die Qualit\u00e4t unserer Produkte wird kontinuierlich verbessert.<\/p>\n<figure itemscope itemtype=\"https:\/\/schema.org\/ImageObject\">\n\t\t\t\t<img decoding=\"async\" src=\"https:\/\/www.matinspired.com\/wp-content\/uploads\/2022\/01\/Overview-G-1-scaled.jpg\" alt=\"Overview G\" height=\"1707\" width=\"2560\" title=\"Overview G\" onerror=\"this.style.display='none'\" loading=\"lazy\" \/>\n\t<\/figure>\n\n","protected":false},"excerpt":{"rendered":"<p>\u00dcber uns &nbsp; Sicheres Arbeiten ist f\u00fcr jeden wichtig. Die Schnelltests von MATinspired zur Identifizierung und Detektion einer Vielzahl von chemischen Substanzen tragen zu einer saubereren und sichereren Arbeitsumgebung bei. Wir haben verschiedene hausinterne Testkits entwickelt, die Sie selbst verwenden k\u00f6nnen. Mit diesen Testkits k\u00f6nnen Sie ganz einfach Stoffe identifizieren, ohne ein externes Labor einschalten&#8230;<\/p>\n","protected":false},"author":3,"featured_media":0,"parent":0,"menu_order":0,"comment_status":"closed","ping_status":"closed","template":"","meta":{"footnotes":""},"class_list":["post-214","page","type-page","status-publish","hentry"],"yoast_head":"<!-- This site is optimized with the Yoast SEO plugin v27.6 - https:\/\/yoast.com\/product\/yoast-seo-wordpress\/ -->\n<title>\u00dcber uns - Matinspired.com<\/title>\n<meta name=\"description\" content=\"\u00dcber uns: MATinspired hat viel Wissen \u00fcber Materialwissenschaft und Schadensanalyse. Wir entwickeln auch Testkits und geben Workshops.\" \/>\n<meta name=\"robots\" content=\"index, follow, max-snippet:-1, max-image-preview:large, max-video-preview:-1\" \/>\n<link rel=\"canonical\" href=\"https:\/\/www.matinspired.com\/de\/uber-uns\/\" \/>\n<meta property=\"og:locale\" content=\"de_DE\" \/>\n<meta property=\"og:type\" content=\"article\" \/>\n<meta property=\"og:title\" content=\"\u00dcber uns - Matinspired.com\" \/>\n<meta property=\"og:description\" content=\"\u00dcber uns: MATinspired hat viel Wissen \u00fcber Materialwissenschaft und Schadensanalyse. Wir entwickeln auch Testkits und geben Workshops.\" \/>\n<meta property=\"og:url\" content=\"https:\/\/www.matinspired.com\/de\/uber-uns\/\" \/>\n<meta property=\"og:site_name\" content=\"Matinspired.com\" \/>\n<meta property=\"article:modified_time\" content=\"2026-04-02T10:25:06+00:00\" \/>\n<meta property=\"og:image\" content=\"https:\/\/www.matinspired.com\/wp-content\/uploads\/2021\/12\/IMG_8025-website-300x214.jpg\" \/>\n<meta name=\"twitter:card\" content=\"summary_large_image\" \/>\n<meta name=\"twitter:site\" content=\"@MATinspired\" \/>\n<meta name=\"twitter:label1\" content=\"Gesch\u00e4tzte Lesezeit\" \/>\n\t<meta name=\"twitter:data1\" content=\"3\u00a0Minuten\" \/>\n<script type=\"application\/ld+json\" class=\"yoast-schema-graph\">{\"@context\":\"https:\\\/\\\/schema.org\",\"@graph\":[{\"@type\":\"WebPage\",\"@id\":\"https:\\\/\\\/www.matinspired.com\\\/de\\\/uber-uns\\\/\",\"url\":\"https:\\\/\\\/www.matinspired.com\\\/de\\\/uber-uns\\\/\",\"name\":\"\u00dcber uns - Matinspired.com\",\"isPartOf\":{\"@id\":\"https:\\\/\\\/www.matinspired.com\\\/de\\\/#website\"},\"primaryImageOfPage\":{\"@id\":\"https:\\\/\\\/www.matinspired.com\\\/de\\\/uber-uns\\\/#primaryimage\"},\"image\":{\"@id\":\"https:\\\/\\\/www.matinspired.com\\\/de\\\/uber-uns\\\/#primaryimage\"},\"thumbnailUrl\":\"https:\\\/\\\/www.matinspired.com\\\/wp-content\\\/uploads\\\/2021\\\/12\\\/IMG_8025-website-300x214.jpg\",\"datePublished\":\"2020-10-26T11:28:34+00:00\",\"dateModified\":\"2026-04-02T10:25:06+00:00\",\"description\":\"\u00dcber uns: MATinspired hat viel Wissen \u00fcber Materialwissenschaft und Schadensanalyse. Wir entwickeln auch Testkits und geben Workshops.\",\"breadcrumb\":{\"@id\":\"https:\\\/\\\/www.matinspired.com\\\/de\\\/uber-uns\\\/#breadcrumb\"},\"inLanguage\":\"de\",\"potentialAction\":[{\"@type\":\"ReadAction\",\"target\":[\"https:\\\/\\\/www.matinspired.com\\\/de\\\/uber-uns\\\/\"]}]},{\"@type\":\"ImageObject\",\"inLanguage\":\"de\",\"@id\":\"https:\\\/\\\/www.matinspired.com\\\/de\\\/uber-uns\\\/#primaryimage\",\"url\":\"https:\\\/\\\/www.matinspired.com\\\/wp-content\\\/uploads\\\/2021\\\/12\\\/IMG_8025-website-300x214.jpg\",\"contentUrl\":\"https:\\\/\\\/www.matinspired.com\\\/wp-content\\\/uploads\\\/2021\\\/12\\\/IMG_8025-website-300x214.jpg\"},{\"@type\":\"BreadcrumbList\",\"@id\":\"https:\\\/\\\/www.matinspired.com\\\/de\\\/uber-uns\\\/#breadcrumb\",\"itemListElement\":[{\"@type\":\"ListItem\",\"position\":1,\"name\":\"Home\",\"item\":\"https:\\\/\\\/www.matinspired.com\\\/de\\\/\"},{\"@type\":\"ListItem\",\"position\":2,\"name\":\"\u00dcber uns\"}]},{\"@type\":\"WebSite\",\"@id\":\"https:\\\/\\\/www.matinspired.com\\\/de\\\/#website\",\"url\":\"https:\\\/\\\/www.matinspired.com\\\/de\\\/\",\"name\":\"Matinspired.com\",\"description\":\"Chromium-6 test kits and more\",\"publisher\":{\"@id\":\"https:\\\/\\\/www.matinspired.com\\\/de\\\/#organization\"},\"potentialAction\":[{\"@type\":\"SearchAction\",\"target\":{\"@type\":\"EntryPoint\",\"urlTemplate\":\"https:\\\/\\\/www.matinspired.com\\\/de\\\/?s={search_term_string}\"},\"query-input\":{\"@type\":\"PropertyValueSpecification\",\"valueRequired\":true,\"valueName\":\"search_term_string\"}}],\"inLanguage\":\"de\"},{\"@type\":\"Organization\",\"@id\":\"https:\\\/\\\/www.matinspired.com\\\/de\\\/#organization\",\"name\":\"MATinspired B.V.\",\"url\":\"https:\\\/\\\/www.matinspired.com\\\/de\\\/\",\"logo\":{\"@type\":\"ImageObject\",\"inLanguage\":\"de\",\"@id\":\"https:\\\/\\\/www.matinspired.com\\\/de\\\/#\\\/schema\\\/logo\\\/image\\\/\",\"url\":\"https:\\\/\\\/www.matinspired.com\\\/wp-content\\\/uploads\\\/2023\\\/03\\\/LogoMATinspiredPO-696x969-1.jpg\",\"contentUrl\":\"https:\\\/\\\/www.matinspired.com\\\/wp-content\\\/uploads\\\/2023\\\/03\\\/LogoMATinspiredPO-696x969-1.jpg\",\"width\":696,\"height\":696,\"caption\":\"MATinspired B.V.\"},\"image\":{\"@id\":\"https:\\\/\\\/www.matinspired.com\\\/de\\\/#\\\/schema\\\/logo\\\/image\\\/\"},\"sameAs\":[\"https:\\\/\\\/x.com\\\/MATinspired\"]}]}<\/script>\n<!-- \/ Yoast SEO plugin. -->","yoast_head_json":{"title":"\u00dcber uns - Matinspired.com","description":"\u00dcber uns: MATinspired hat viel Wissen \u00fcber Materialwissenschaft und Schadensanalyse. Wir entwickeln auch Testkits und geben Workshops.","robots":{"index":"index","follow":"follow","max-snippet":"max-snippet:-1","max-image-preview":"max-image-preview:large","max-video-preview":"max-video-preview:-1"},"canonical":"https:\/\/www.matinspired.com\/de\/uber-uns\/","og_locale":"de_DE","og_type":"article","og_title":"\u00dcber uns - Matinspired.com","og_description":"\u00dcber uns: MATinspired hat viel Wissen \u00fcber Materialwissenschaft und Schadensanalyse. Wir entwickeln auch Testkits und geben Workshops.","og_url":"https:\/\/www.matinspired.com\/de\/uber-uns\/","og_site_name":"Matinspired.com","article_modified_time":"2026-04-02T10:25:06+00:00","og_image":[{"url":"https:\/\/www.matinspired.com\/wp-content\/uploads\/2021\/12\/IMG_8025-website-300x214.jpg","type":"","width":"","height":""}],"twitter_card":"summary_large_image","twitter_site":"@MATinspired","twitter_misc":{"Gesch\u00e4tzte Lesezeit":"3\u00a0Minuten"},"schema":{"@context":"https:\/\/schema.org","@graph":[{"@type":"WebPage","@id":"https:\/\/www.matinspired.com\/de\/uber-uns\/","url":"https:\/\/www.matinspired.com\/de\/uber-uns\/","name":"\u00dcber uns - Matinspired.com","isPartOf":{"@id":"https:\/\/www.matinspired.com\/de\/#website"},"primaryImageOfPage":{"@id":"https:\/\/www.matinspired.com\/de\/uber-uns\/#primaryimage"},"image":{"@id":"https:\/\/www.matinspired.com\/de\/uber-uns\/#primaryimage"},"thumbnailUrl":"https:\/\/www.matinspired.com\/wp-content\/uploads\/2021\/12\/IMG_8025-website-300x214.jpg","datePublished":"2020-10-26T11:28:34+00:00","dateModified":"2026-04-02T10:25:06+00:00","description":"\u00dcber uns: MATinspired hat viel Wissen \u00fcber Materialwissenschaft und Schadensanalyse. Wir entwickeln auch Testkits und geben Workshops.","breadcrumb":{"@id":"https:\/\/www.matinspired.com\/de\/uber-uns\/#breadcrumb"},"inLanguage":"de","potentialAction":[{"@type":"ReadAction","target":["https:\/\/www.matinspired.com\/de\/uber-uns\/"]}]},{"@type":"ImageObject","inLanguage":"de","@id":"https:\/\/www.matinspired.com\/de\/uber-uns\/#primaryimage","url":"https:\/\/www.matinspired.com\/wp-content\/uploads\/2021\/12\/IMG_8025-website-300x214.jpg","contentUrl":"https:\/\/www.matinspired.com\/wp-content\/uploads\/2021\/12\/IMG_8025-website-300x214.jpg"},{"@type":"BreadcrumbList","@id":"https:\/\/www.matinspired.com\/de\/uber-uns\/#breadcrumb","itemListElement":[{"@type":"ListItem","position":1,"name":"Home","item":"https:\/\/www.matinspired.com\/de\/"},{"@type":"ListItem","position":2,"name":"\u00dcber uns"}]},{"@type":"WebSite","@id":"https:\/\/www.matinspired.com\/de\/#website","url":"https:\/\/www.matinspired.com\/de\/","name":"Matinspired.com","description":"Chromium-6 test kits and more","publisher":{"@id":"https:\/\/www.matinspired.com\/de\/#organization"},"potentialAction":[{"@type":"SearchAction","target":{"@type":"EntryPoint","urlTemplate":"https:\/\/www.matinspired.com\/de\/?s={search_term_string}"},"query-input":{"@type":"PropertyValueSpecification","valueRequired":true,"valueName":"search_term_string"}}],"inLanguage":"de"},{"@type":"Organization","@id":"https:\/\/www.matinspired.com\/de\/#organization","name":"MATinspired B.V.","url":"https:\/\/www.matinspired.com\/de\/","logo":{"@type":"ImageObject","inLanguage":"de","@id":"https:\/\/www.matinspired.com\/de\/#\/schema\/logo\/image\/","url":"https:\/\/www.matinspired.com\/wp-content\/uploads\/2023\/03\/LogoMATinspiredPO-696x969-1.jpg","contentUrl":"https:\/\/www.matinspired.com\/wp-content\/uploads\/2023\/03\/LogoMATinspiredPO-696x969-1.jpg","width":696,"height":696,"caption":"MATinspired B.V."},"image":{"@id":"https:\/\/www.matinspired.com\/de\/#\/schema\/logo\/image\/"},"sameAs":["https:\/\/x.com\/MATinspired"]}]}},"_links":{"self":[{"href":"https:\/\/www.matinspired.com\/de\/wp-json\/wp\/v2\/pages\/214","targetHints":{"allow":["GET"]}}],"collection":[{"href":"https:\/\/www.matinspired.com\/de\/wp-json\/wp\/v2\/pages"}],"about":[{"href":"https:\/\/www.matinspired.com\/de\/wp-json\/wp\/v2\/types\/page"}],"author":[{"embeddable":true,"href":"https:\/\/www.matinspired.com\/de\/wp-json\/wp\/v2\/users\/3"}],"replies":[{"embeddable":true,"href":"https:\/\/www.matinspired.com\/de\/wp-json\/wp\/v2\/comments?post=214"}],"version-history":[{"count":1,"href":"https:\/\/www.matinspired.com\/de\/wp-json\/wp\/v2\/pages\/214\/revisions"}],"predecessor-version":[{"id":74885,"href":"https:\/\/www.matinspired.com\/de\/wp-json\/wp\/v2\/pages\/214\/revisions\/74885"}],"wp:attachment":[{"href":"https:\/\/www.matinspired.com\/de\/wp-json\/wp\/v2\/media?parent=214"}],"curies":[{"name":"wp","href":"https:\/\/api.w.org\/{rel}","templated":true}]}}