{"id":211,"date":"2020-12-21T15:20:10","date_gmt":"2020-12-21T14:20:10","guid":{"rendered":"http:\/\/www.matinspired.com\/lead-detection-test-kit-tk08\/"},"modified":"2026-04-02T13:15:42","modified_gmt":"2026-04-02T11:15:42","slug":"blei-detektionskit-tk08","status":"publish","type":"page","link":"https:\/\/www.matinspired.com\/de\/blei-detektionskit-tk08\/","title":{"rendered":"Blei Pr\u00fcfset &#8211; TK08"},"content":{"rendered":"\n\n\t<strong><br \/>\nBlei-Detektionskit &#8211; TK08<\/strong>\n<p>&nbsp;<\/p>\n<p>&nbsp;<\/p>\n\t<strong>Blei-<br \/>\nDetektionskit &#8211; TK08<br \/>\n<\/strong><strong><em>f\u00fcr verschiedene Materialien, wie Farbschichten, Elektronik und Metalle<\/em><\/strong>\n<p>Blei (Pb) kann f\u00fcr die menschliche Gesundheit und die Umwelt sch\u00e4dlich sein. Mit diesem Kit k\u00f6nnen Sie einfach das Vorhandensein von Blei in Farbschichten, Beschichtungen, Metallen, L\u00f6tungen, Wasserleitungen und anderen Materialien testen. Wenn sich der Tupfer rot f\u00e4rbt, zeigt dies das Vorhandensein von Blei in dem getesteten Material an.<\/p>\nDieses Testkit enth\u00e4lt 50 Bleitests.<br \/>\nDas Testkit wird mit einer englischen Anleitung und Sicherheitsdatenbl\u00e4ttern geliefert.\n<figure itemscope itemtype=\"https:\/\/schema.org\/ImageObject\">\n\t\t\t\t<img decoding=\"async\" src=\"https:\/\/www.matinspired.com\/wp-content\/uploads\/2026\/02\/TK08-Positieve-en-negatieve-test-DE.jpg\" alt=\"TK08 Positieve en negatieve test - DE\" height=\"1063\" width=\"1913\" title=\"TK08 Positieve en negatieve test - DE\" onerror=\"this.style.display='none'\" loading=\"lazy\" \/>\n\t<\/figure>\n\t<p><strong>Vorteile des TK08 Blei Detektionskit\u00a0<\/strong><\/p>\n<p>Unser Testkit ist f\u00fcr den industriellen Einsatz konzipiert. Die Verpackung ist kompakt und robust, sodass es leicht zum Testort transportiert und gelagert werden kann. Wir stellen dieses Testkit selbst her, wodurch wir die volle Kontrolle \u00fcber die Qualit\u00e4tssicherung haben.<\/p>\n<p>Nachfolgend finden Sie einige weitere Vorteile des TK08 Blei Detektionskit:<\/p>\n<strong>\u221a<\/strong> Testprobe im Lieferumfang enthalten<br \/>\n<strong>\u221a<\/strong> Sicherheitsdatenbl\u00e4tter werden mitgeliefert<br \/>\n<strong>\u221a<\/strong> Keine Kreuzreaktionen mit anderen Materialien wie Cadmium, Kupfer, Eisen und Zink<br \/>\n<strong>\u221a<\/strong> Klare Anleitung (einschlie\u00dflich Fotos) wird mitgeliefert<br \/>\n<strong>\u221a<\/strong> Spezifikation mit Angabe der Nachweisgrenze verf\u00fcgbar<br \/>\n<strong>\u221a<\/strong> Wird komplett und gebrauchsfertig geliefert<br \/>\n<strong>\u221a<\/strong> Erkennt alle Arten von bleihaltigen Materialien und Farbschichten<br \/>\n<strong>\u221a<\/strong> Funktioniert sowohl auf trockenen als auch auf feuchten Oberfl\u00e4chen (z. B. mit Kondenswasser)<br \/>\n<strong>\u221a<\/strong> Gleichbleibende Qualit\u00e4t<br \/>\n<strong>\u221a<\/strong> Sofort lieferbar<br \/>\n<strong>\u221a<\/strong> Unter allen Bedingungen gut lesbare Ergebnisse<br \/>\n<strong>\u221a<\/strong> Konformit\u00e4tsbescheinigung (CoC) verf\u00fcgbar<br \/>\n<strong>\u221a<\/strong> Lange Haltbarkeit\n<figure itemscope itemtype=\"https:\/\/schema.org\/ImageObject\">\n\t\t\t\t<img decoding=\"async\" src=\"https:\/\/www.matinspired.com\/wp-content\/uploads\/2024\/05\/TK08EN-Kleiner-canvas-1.jpg\" alt=\"TK08EN Kleiner canvas\" height=\"900\" width=\"1450\" title=\"TK08EN Kleiner canvas\" onerror=\"this.style.display='none'\" loading=\"lazy\" \/>\n\t<\/figure>\n\t<em>Die Lieferung ist nur f\u00fcr Firmen m\u00f6glich.<br \/>\n<\/em><em>Sie erhalten unser Angebot per E-Mail innerhalb von ein bis zwei Werktagen. Wenn Sie mit diesem Angebot einverstanden sind, senden wir Ihnen das Test Kit umgehend zu.<\/em>\n\t\t\t<a href=\"https:\/\/www.matinspired.com\/de\/angebotsanfrage\/?aantal-tk08=1\"  target=\"_self\">\n\t\t\t\t\t\tAngebotsanfrage\n\t\t\t\t\t<\/a>\n\t\t\t<a href=\"https:\/\/www.matinspired.com\/wp-content\/uploads\/2022\/03\/Broschure-MATinspired-TK08-Blei-Detectionskit.pdf\"  target=\"_blank\" rel=\"noopener\"    rel=\"noopener\">\n\t\t\t\t\t\tBrosch\u00fcre Blei-detectionskit\n\t\t\t\t\t<\/a>\n\t\t\t<a href=\"https:\/\/www.matinspired.com\/wp-content\/uploads\/2023\/06\/Spezifikation-MATinspired-TK08-Blei-Detektionskit.pdf\"  target=\"_blank\" rel=\"noopener\"    rel=\"noopener\">\n\t\t\t\t\t\tSpezification Blei-detektionskit\n\t\t\t\t\t<\/a>\n\t\t<iframe loading=\"lazy\" title=\"Anleitungsvideo MATinspired Blei Detektionskit - TK08 f\u00fcr Farbschichten\" width=\"640\" height=\"360\" src=\"https:\/\/www.youtube.com\/embed\/eZzP3GbI2BU?feature=oembed\" frameborder=\"0\" allow=\"accelerometer; autoplay; clipboard-write; encrypted-media; gyroscope; picture-in-picture; web-share\" referrerpolicy=\"strict-origin-when-cross-origin\" allowfullscreen><\/iframe>\n\t<h3><strong>Pr\u00fcfung einer Farbschicht auf das Vorhandensein von Blei<br \/>\n<\/strong><\/h3>\n<ul>\n<li>Machen Sie einige Schnitte in die Lackschicht. Schleifen Sie die Schicht leicht an.<\/li>\n<li>Befeuchten Sie das Ende des Wattest\u00e4bchens mit Testfl\u00fcssigkeit.<\/li>\n<li>Reiben Sie mit dem Wattest\u00e4bchen \u00fcber die Farbschicht.<\/li>\n<li>Wenn die Schicht Blei enth\u00e4lt, f\u00e4rbt sich das Wattest\u00e4bchen rot. Wenn kein Blei im Material vorhanden ist, bleibt das Wattest\u00e4bchen gelb.<\/li>\n<\/ul>\n\t<h3><strong>Pr\u00fcfung von Elektronik<\/strong><\/h3>\n<p>Zus\u00e4tzlich k\u00f6nnen Sie pr\u00fcfen, ob L\u00f6tverbindungen (Zinn) in Ihrer Elektronik bleifrei sind. F\u00e4rbt sich der Stab rot, deutet dies auf das Vorhandensein von Blei hin.<\/p>\n<figure itemscope itemtype=\"https:\/\/schema.org\/ImageObject\">\n\t\t\t\t<img decoding=\"async\" src=\"http:\/\/www.matinspired.com\/wp-content\/uploads\/2020\/12\/Loodtest-op-electronica-300x200.jpg\" alt=\"Leadtest-on-electronics\" title=\"Leadtest-on-electronics\" onerror=\"this.style.display='none'\" loading=\"lazy\" \/>\n\t<\/figure>\n\t<p><i> Haftungsausschluss<br \/>\nObwohl dieses Produkt mit gr\u00f6\u00dfter Sorgfalt zusammengestellt wurden, kann MATinspired B.V. nicht f\u00fcr Sch\u00e4den haftbar gemacht werden, die durch die Verwendung oder den Kontakt mit dem Produkt entstehen. Dieses Messverfahren liefert nur einen Hinweis. MATinspired B.V. \u00fcbernimmt keinerlei Verantwortung f\u00fcr die Testergebnisse. <\/i><\/p>\n\n    Vielleicht auch f\u00fcr Sie interessant: <!--Misschien ook interessant voor u:-->\n\t\n<h2><strong>Chrom(VI)-<br \/>\nDetektionskit &#8211; TK11\u2122<\/strong><\/h2>\n<strong><em>f\u00fcr Oberfl\u00e4chenverunreinigungen,<br \/>\n<\/em><\/strong><strong><em> Staubpartikel, Beschichtungen und Anstriche.<\/em><\/strong>\n\t\t\t<a href=\"https:\/\/www.matinspired.com\/de\/chromvi-detektionskit-tk11\/\"  target=\"_self\">\n\t\t\t\t\t\tWeitere Informationen\n\t\t\t\t\t<\/a>\n<figure itemscope itemtype=\"https:\/\/schema.org\/ImageObject\">\n\t\t\t\t<img decoding=\"async\" src=\"https:\/\/www.matinspired.com\/wp-content\/uploads\/2025\/12\/TK11EN-kleiner-canvas-3.jpg\" alt=\"TK11 MATinspired Chromium 6 Detection Test Kit\" height=\"933\" width=\"1400\" title=\"Foto Engelstalige testkit\" onerror=\"this.style.display='none'\" loading=\"lazy\" \/>\n\t<\/figure>\n\t<h2><strong><br \/>\nChrom(VI)-<br \/>\n<\/strong><strong>Neutralisator &#8211; TK20<br \/>\n<\/strong><\/h2>\n<strong>zum Neutralisieren von<br \/>\nChrom(VI)-Verunreinigungen auf Metallen<br \/>\n<\/strong>\n\t\t\t<a href=\"https:\/\/www.matinspired.com\/de\/chrom-6-neutralisator-tk20\/\"  target=\"_self\">\n\t\t\t\t\t\tWeitere Informationen\n\t\t\t\t\t<\/a>\n<figure itemscope itemtype=\"https:\/\/schema.org\/ImageObject\">\n\t\t\t\t<img decoding=\"async\" src=\"https:\/\/www.matinspired.com\/wp-content\/uploads\/2022\/03\/FlaconChromium-6_Neutralizer-1-1024x1024.jpg\" alt=\"FlaconChromium-6_Neutralizer\" title=\"FlaconChromium-6_Neutralizer\" onerror=\"this.style.display='none'\" loading=\"lazy\" \/>\n\t<\/figure>\n\n","protected":false},"excerpt":{"rendered":"<p>Blei-Detektionskit &#8211; TK08 &nbsp; &nbsp; Blei- Detektionskit &#8211; TK08 f\u00fcr verschiedene Materialien, wie Farbschichten, Elektronik und Metalle Blei (Pb) kann f\u00fcr die menschliche Gesundheit und die Umwelt sch\u00e4dlich sein. Mit diesem Kit k\u00f6nnen Sie einfach das Vorhandensein von Blei in Farbschichten, Beschichtungen, Metallen, L\u00f6tungen, Wasserleitungen und anderen Materialien testen. Wenn sich der Tupfer rot f\u00e4rbt,&#8230;<\/p>\n","protected":false},"author":3,"featured_media":0,"parent":0,"menu_order":0,"comment_status":"closed","ping_status":"closed","template":"","meta":{"footnotes":""},"class_list":["post-211","page","type-page","status-publish","hentry"],"yoast_head":"<!-- This site is optimized with the Yoast SEO plugin v27.2 - https:\/\/yoast.com\/product\/yoast-seo-wordpress\/ -->\n<title>Blei Pr\u00fcfset - TK08<\/title>\n<meta name=\"description\" content=\"Erkennen Sie Blei in Farbe, L\u00f6tzinn oder Metall schnell. Der TK08-Bleitestst\u00e4bchen verf\u00e4rbt sich bei Kontakt mit Blei rot \u2013 schnell, zuverl\u00e4ssig und einfach anzuwenden.\" \/>\n<meta name=\"robots\" content=\"index, follow, max-snippet:-1, max-image-preview:large, max-video-preview:-1\" \/>\n<link rel=\"canonical\" href=\"https:\/\/www.matinspired.com\/de\/blei-detektionskit-tk08\/\" \/>\n<meta property=\"og:locale\" content=\"de_DE\" \/>\n<meta property=\"og:type\" content=\"article\" \/>\n<meta property=\"og:title\" content=\"Blei Pr\u00fcfset - TK08\" \/>\n<meta property=\"og:description\" content=\"Erkennen Sie Blei in Farbe, L\u00f6tzinn oder Metall schnell. Der TK08-Bleitestst\u00e4bchen verf\u00e4rbt sich bei Kontakt mit Blei rot \u2013 schnell, zuverl\u00e4ssig und einfach anzuwenden.\" \/>\n<meta property=\"og:url\" content=\"https:\/\/www.matinspired.com\/de\/blei-detektionskit-tk08\/\" \/>\n<meta property=\"og:site_name\" content=\"Matinspired.com\" \/>\n<meta property=\"article:modified_time\" content=\"2026-04-02T11:15:42+00:00\" \/>\n<meta property=\"og:image\" content=\"https:\/\/www.matinspired.com\/wp-content\/uploads\/2026\/02\/TK08-Positieve-en-negatieve-test-DE.jpg\" \/>\n<meta name=\"twitter:card\" content=\"summary_large_image\" \/>\n<meta name=\"twitter:site\" content=\"@MATinspired\" \/>\n<meta name=\"twitter:label1\" content=\"Gesch\u00e4tzte Lesezeit\" \/>\n\t<meta name=\"twitter:data1\" content=\"3\u00a0Minuten\" \/>\n<script type=\"application\/ld+json\" class=\"yoast-schema-graph\">{\"@context\":\"https:\/\/schema.org\",\"@graph\":[{\"@type\":\"WebPage\",\"@id\":\"https:\/\/www.matinspired.com\/de\/blei-detektionskit-tk08\/\",\"url\":\"https:\/\/www.matinspired.com\/de\/blei-detektionskit-tk08\/\",\"name\":\"Blei Pr\u00fcfset - TK08\",\"isPartOf\":{\"@id\":\"https:\/\/www.matinspired.com\/de\/#website\"},\"primaryImageOfPage\":{\"@id\":\"https:\/\/www.matinspired.com\/de\/blei-detektionskit-tk08\/#primaryimage\"},\"image\":{\"@id\":\"https:\/\/www.matinspired.com\/de\/blei-detektionskit-tk08\/#primaryimage\"},\"thumbnailUrl\":\"https:\/\/www.matinspired.com\/wp-content\/uploads\/2026\/02\/TK08-Positieve-en-negatieve-test-DE.jpg\",\"datePublished\":\"2020-12-21T14:20:10+00:00\",\"dateModified\":\"2026-04-02T11:15:42+00:00\",\"description\":\"Erkennen Sie Blei in Farbe, L\u00f6tzinn oder Metall schnell. Der TK08-Bleitestst\u00e4bchen verf\u00e4rbt sich bei Kontakt mit Blei rot \u2013 schnell, zuverl\u00e4ssig und einfach anzuwenden.\",\"breadcrumb\":{\"@id\":\"https:\/\/www.matinspired.com\/de\/blei-detektionskit-tk08\/#breadcrumb\"},\"inLanguage\":\"de\",\"potentialAction\":[{\"@type\":\"ReadAction\",\"target\":[\"https:\/\/www.matinspired.com\/de\/blei-detektionskit-tk08\/\"]}]},{\"@type\":\"ImageObject\",\"inLanguage\":\"de\",\"@id\":\"https:\/\/www.matinspired.com\/de\/blei-detektionskit-tk08\/#primaryimage\",\"url\":\"https:\/\/www.matinspired.com\/wp-content\/uploads\/2026\/02\/TK08-Positieve-en-negatieve-test-DE.jpg\",\"contentUrl\":\"https:\/\/www.matinspired.com\/wp-content\/uploads\/2026\/02\/TK08-Positieve-en-negatieve-test-DE.jpg\"},{\"@type\":\"BreadcrumbList\",\"@id\":\"https:\/\/www.matinspired.com\/de\/blei-detektionskit-tk08\/#breadcrumb\",\"itemListElement\":[{\"@type\":\"ListItem\",\"position\":1,\"name\":\"Home\",\"item\":\"https:\/\/www.matinspired.com\/de\/\"},{\"@type\":\"ListItem\",\"position\":2,\"name\":\"Blei Pr\u00fcfset &#8211; TK08\"}]},{\"@type\":\"WebSite\",\"@id\":\"https:\/\/www.matinspired.com\/de\/#website\",\"url\":\"https:\/\/www.matinspired.com\/de\/\",\"name\":\"Matinspired.com\",\"description\":\"Chromium-6 test kits and more\",\"publisher\":{\"@id\":\"https:\/\/www.matinspired.com\/de\/#organization\"},\"potentialAction\":[{\"@type\":\"SearchAction\",\"target\":{\"@type\":\"EntryPoint\",\"urlTemplate\":\"https:\/\/www.matinspired.com\/de\/?s={search_term_string}\"},\"query-input\":{\"@type\":\"PropertyValueSpecification\",\"valueRequired\":true,\"valueName\":\"search_term_string\"}}],\"inLanguage\":\"de\"},{\"@type\":\"Organization\",\"@id\":\"https:\/\/www.matinspired.com\/de\/#organization\",\"name\":\"MATinspired B.V.\",\"url\":\"https:\/\/www.matinspired.com\/de\/\",\"logo\":{\"@type\":\"ImageObject\",\"inLanguage\":\"de\",\"@id\":\"https:\/\/www.matinspired.com\/de\/#\/schema\/logo\/image\/\",\"url\":\"https:\/\/www.matinspired.com\/wp-content\/uploads\/2023\/03\/LogoMATinspiredPO-696x969-1.jpg\",\"contentUrl\":\"https:\/\/www.matinspired.com\/wp-content\/uploads\/2023\/03\/LogoMATinspiredPO-696x969-1.jpg\",\"width\":696,\"height\":696,\"caption\":\"MATinspired B.V.\"},\"image\":{\"@id\":\"https:\/\/www.matinspired.com\/de\/#\/schema\/logo\/image\/\"},\"sameAs\":[\"https:\/\/x.com\/MATinspired\"]}]}<\/script>\n<!-- \/ Yoast SEO plugin. -->","yoast_head_json":{"title":"Blei Pr\u00fcfset - TK08","description":"Erkennen Sie Blei in Farbe, L\u00f6tzinn oder Metall schnell. Der TK08-Bleitestst\u00e4bchen verf\u00e4rbt sich bei Kontakt mit Blei rot \u2013 schnell, zuverl\u00e4ssig und einfach anzuwenden.","robots":{"index":"index","follow":"follow","max-snippet":"max-snippet:-1","max-image-preview":"max-image-preview:large","max-video-preview":"max-video-preview:-1"},"canonical":"https:\/\/www.matinspired.com\/de\/blei-detektionskit-tk08\/","og_locale":"de_DE","og_type":"article","og_title":"Blei Pr\u00fcfset - TK08","og_description":"Erkennen Sie Blei in Farbe, L\u00f6tzinn oder Metall schnell. Der TK08-Bleitestst\u00e4bchen verf\u00e4rbt sich bei Kontakt mit Blei rot \u2013 schnell, zuverl\u00e4ssig und einfach anzuwenden.","og_url":"https:\/\/www.matinspired.com\/de\/blei-detektionskit-tk08\/","og_site_name":"Matinspired.com","article_modified_time":"2026-04-02T11:15:42+00:00","og_image":[{"url":"https:\/\/www.matinspired.com\/wp-content\/uploads\/2026\/02\/TK08-Positieve-en-negatieve-test-DE.jpg","type":"","width":"","height":""}],"twitter_card":"summary_large_image","twitter_site":"@MATinspired","twitter_misc":{"Gesch\u00e4tzte Lesezeit":"3\u00a0Minuten"},"schema":{"@context":"https:\/\/schema.org","@graph":[{"@type":"WebPage","@id":"https:\/\/www.matinspired.com\/de\/blei-detektionskit-tk08\/","url":"https:\/\/www.matinspired.com\/de\/blei-detektionskit-tk08\/","name":"Blei Pr\u00fcfset - TK08","isPartOf":{"@id":"https:\/\/www.matinspired.com\/de\/#website"},"primaryImageOfPage":{"@id":"https:\/\/www.matinspired.com\/de\/blei-detektionskit-tk08\/#primaryimage"},"image":{"@id":"https:\/\/www.matinspired.com\/de\/blei-detektionskit-tk08\/#primaryimage"},"thumbnailUrl":"https:\/\/www.matinspired.com\/wp-content\/uploads\/2026\/02\/TK08-Positieve-en-negatieve-test-DE.jpg","datePublished":"2020-12-21T14:20:10+00:00","dateModified":"2026-04-02T11:15:42+00:00","description":"Erkennen Sie Blei in Farbe, L\u00f6tzinn oder Metall schnell. Der TK08-Bleitestst\u00e4bchen verf\u00e4rbt sich bei Kontakt mit Blei rot \u2013 schnell, zuverl\u00e4ssig und einfach anzuwenden.","breadcrumb":{"@id":"https:\/\/www.matinspired.com\/de\/blei-detektionskit-tk08\/#breadcrumb"},"inLanguage":"de","potentialAction":[{"@type":"ReadAction","target":["https:\/\/www.matinspired.com\/de\/blei-detektionskit-tk08\/"]}]},{"@type":"ImageObject","inLanguage":"de","@id":"https:\/\/www.matinspired.com\/de\/blei-detektionskit-tk08\/#primaryimage","url":"https:\/\/www.matinspired.com\/wp-content\/uploads\/2026\/02\/TK08-Positieve-en-negatieve-test-DE.jpg","contentUrl":"https:\/\/www.matinspired.com\/wp-content\/uploads\/2026\/02\/TK08-Positieve-en-negatieve-test-DE.jpg"},{"@type":"BreadcrumbList","@id":"https:\/\/www.matinspired.com\/de\/blei-detektionskit-tk08\/#breadcrumb","itemListElement":[{"@type":"ListItem","position":1,"name":"Home","item":"https:\/\/www.matinspired.com\/de\/"},{"@type":"ListItem","position":2,"name":"Blei Pr\u00fcfset &#8211; TK08"}]},{"@type":"WebSite","@id":"https:\/\/www.matinspired.com\/de\/#website","url":"https:\/\/www.matinspired.com\/de\/","name":"Matinspired.com","description":"Chromium-6 test kits and more","publisher":{"@id":"https:\/\/www.matinspired.com\/de\/#organization"},"potentialAction":[{"@type":"SearchAction","target":{"@type":"EntryPoint","urlTemplate":"https:\/\/www.matinspired.com\/de\/?s={search_term_string}"},"query-input":{"@type":"PropertyValueSpecification","valueRequired":true,"valueName":"search_term_string"}}],"inLanguage":"de"},{"@type":"Organization","@id":"https:\/\/www.matinspired.com\/de\/#organization","name":"MATinspired B.V.","url":"https:\/\/www.matinspired.com\/de\/","logo":{"@type":"ImageObject","inLanguage":"de","@id":"https:\/\/www.matinspired.com\/de\/#\/schema\/logo\/image\/","url":"https:\/\/www.matinspired.com\/wp-content\/uploads\/2023\/03\/LogoMATinspiredPO-696x969-1.jpg","contentUrl":"https:\/\/www.matinspired.com\/wp-content\/uploads\/2023\/03\/LogoMATinspiredPO-696x969-1.jpg","width":696,"height":696,"caption":"MATinspired B.V."},"image":{"@id":"https:\/\/www.matinspired.com\/de\/#\/schema\/logo\/image\/"},"sameAs":["https:\/\/x.com\/MATinspired"]}]}},"jetpack_sharing_enabled":true,"_links":{"self":[{"href":"https:\/\/www.matinspired.com\/de\/wp-json\/wp\/v2\/pages\/211","targetHints":{"allow":["GET"]}}],"collection":[{"href":"https:\/\/www.matinspired.com\/de\/wp-json\/wp\/v2\/pages"}],"about":[{"href":"https:\/\/www.matinspired.com\/de\/wp-json\/wp\/v2\/types\/page"}],"author":[{"embeddable":true,"href":"https:\/\/www.matinspired.com\/de\/wp-json\/wp\/v2\/users\/3"}],"replies":[{"embeddable":true,"href":"https:\/\/www.matinspired.com\/de\/wp-json\/wp\/v2\/comments?post=211"}],"version-history":[{"count":10,"href":"https:\/\/www.matinspired.com\/de\/wp-json\/wp\/v2\/pages\/211\/revisions"}],"predecessor-version":[{"id":74901,"href":"https:\/\/www.matinspired.com\/de\/wp-json\/wp\/v2\/pages\/211\/revisions\/74901"}],"wp:attachment":[{"href":"https:\/\/www.matinspired.com\/de\/wp-json\/wp\/v2\/media?parent=211"}],"curies":[{"name":"wp","href":"https:\/\/api.w.org\/{rel}","templated":true}]}}