{"id":209,"date":"2020-12-04T16:13:14","date_gmt":"2020-12-04T15:13:14","guid":{"rendered":"http:\/\/www.matinspired.com\/chromium-6-detection-test-kit-tk11\/"},"modified":"2026-03-12T21:44:07","modified_gmt":"2026-03-12T20:44:07","slug":"chromvi-detektionskit-tk11","status":"publish","type":"page","link":"https:\/\/www.matinspired.com\/de\/chromvi-detektionskit-tk11\/","title":{"rendered":"Chrom(VI)-Detektionskit &#8211; TK11"},"content":{"rendered":"\n\n\t<br \/>\n<strong>Chrom(VI)-Detektionskit &#8211; TK11\u00ae<\/strong>\n<p>&nbsp;<\/p>\n\t<strong>Chrom(VI)<br \/>\nDetektionskit &#8211; TK11\u00ae<br \/>\n<\/strong><strong><em>f\u00fcr Oberfl\u00e4chenverunreinigungen, Staubpartikel, Beschichtungen und Anstriche.<br \/>\n<\/em><\/strong>\n<p>Mit diesem Chrom(VI)-Detektionskit k\u00f6nnen Oberfl\u00e4chen, Staub, Abrieb, Beschichtungen, Anstrich usw. af dat Vorhandensein von Chrom(VI) getested werden.<\/p>\nDies geschieht durch ein einfaches Verfahren:<br \/>\nF\u00e4rbt sich, nach Reiben auf dem Untergrund das mit Testfl\u00fcssigkeit getr\u00e4nkte Testst\u00e4bchen gelb-orange ist kein Chrom(VI) nachweisbar. F\u00e4rbt es sich violett, ist Chrom(VI) nachgewiesen.\n<p>Das TK11\u00ae Chrom(VI)-Detektionstkit ist genau und zuverl\u00e4ssig. Dieser Test wurde in wenigen Minuten durchgef\u00fchrt.<\/p>\nDas TK11\u00ae Chrom(VI)-Detektionskit enth\u00e4lt 25 Testst\u00e4bchen mit Testfl\u00fcssigkeit.<br \/>\nZus\u00e4tzlich werden Handbuch und Sicherheitsdatenbl\u00e4tter mitgeliefert (auf Deutsch) .\n<p>\u2022 Wir liefern nur zu Unternehmungen<\/p>\n<p>&nbsp;<\/p>\n<figure itemscope itemtype=\"https:\/\/schema.org\/ImageObject\">\n\t\t\t\t<img decoding=\"async\" src=\"https:\/\/www.matinspired.com\/wp-content\/uploads\/2020\/12\/Chrom-VI-Test-German-768x426-1.jpg\" alt=\"Chrom-VI-Test-German-768x426\" height=\"426\" width=\"768\" title=\"Chrom-VI-Test-German-768x426\" onerror=\"this.style.display='none'\" loading=\"lazy\" \/>\n\t<\/figure>\n<figure itemscope itemtype=\"https:\/\/schema.org\/ImageObject\">\n\t\t\t\t<img decoding=\"async\" src=\"http:\/\/matinspired.com\/wp-content\/uploads\/2020\/11\/Foto-Engelstalige-testkit.png\" alt=\"TK11 MATinspired Chromium 6 Detection Test Kit\" title=\"Foto Engelstalige testkit\" onerror=\"this.style.display='none'\" loading=\"lazy\" \/>\n\t<\/figure>\n\t\t\t<a href=\"https:\/\/www.matinspired.com\/de\/angebotsanfrage\/?aantal-chroom6=1\"  target=\"_self\">\n\t\t\t\t\t\tAngebotsanfrage\n\t\t\t\t\t<\/a>\n\t\t\t<a href=\"https:\/\/www.matinspired.com\/wp-content\/uploads\/2021\/10\/Broschure-MATinspired-TK11-Chrom-6-Detektionskit.pdf\"  target=\"_blank\" rel=\"noopener\"    rel=\"noopener\">\n\t\t\t\t\t\tBrosch\u00fcre Chrom(VI)-detektionskit\n\t\t\t\t\t<\/a>\n\t\t\t<a href=\"https:\/\/www.matinspired.com\/wp-content\/uploads\/2024\/01\/Spezification-MATinspired-TK11-ChromVI-DetectionsKit.pdf\"  target=\"_blank\" rel=\"noopener\"    rel=\"noopener\">\n\t\t\t\t\t\tSpezification Chrom(VI)-detektionskit\n\t\t\t\t\t<\/a>\n\t<p><em>Sie erhalten unser Angebot innerhalb weniger Tage per E-Mail. Nach Ihrer Annahme oder Ihrem Angebot senden wir Ihnen das Testkit so schnell wie m\u00f6glich zu.<\/em><\/p>\n\t\t<iframe loading=\"lazy\" title=\"Anleitungsvideo MATinspired Chrom(VI) Detektionskit  zur Kontamination von Metallen\" width=\"640\" height=\"360\" src=\"https:\/\/www.youtube.com\/embed\/czER8UuW1HE?feature=oembed\" frameborder=\"0\" allow=\"accelerometer; autoplay; clipboard-write; encrypted-media; gyroscope; picture-in-picture; web-share\" referrerpolicy=\"strict-origin-when-cross-origin\" allowfullscreen><\/iframe>\t\n\t<h3><strong>Pr\u00fcfung von Lackschichten auf Chrom-6<\/strong><\/h3>\n<p>Mit dem Testkit k\u00f6nnen Sie eine Lackschicht (oder Grundierungsschicht) auf Chrom-6 pr\u00fcfen. Um den Test durchzuf\u00fchren, machen Sie einige Einschnitte in die Schicht und schleifen Sie die Schicht leicht mit einem sauberen Schleifpapier ab. Befeuchten Sie das Ende des Wattest\u00e4bchens mit der Testfl\u00fcssigkeit und reiben Sie das Wattest\u00e4bchen \u00fcber die Lackschicht. Wenn die Schicht Chrom-6 enth\u00e4lt, verf\u00e4rbt sich das Wattest\u00e4bchen violett. Ist kein Chrom-6 in der Lackschicht vorhanden, bleibt das Wattest\u00e4bchen gelb\/orange.<\/p>\n<h3><strong>Pr\u00fcfung anderer Materialien<\/strong><\/h3>\n<p>Das TK11\u00ae Chrom-6-Nachweisset kann f\u00fcr eine Vielzahl von Materialien und Bauteilen verwendet werden. Neben Metalloberfl\u00e4chen und Beschichtungen eignet sich das TK11\u00ae-Pr\u00fcfset auch f\u00fcr die Pr\u00fcfung von elektrischen Bauteilen, impr\u00e4gniertem Holz, Leder und D\u00e4mmstoffen.<\/p>\n<p>Das Set wird h\u00e4ufig zur Pr\u00fcfung von D\u00e4mmstoffen wie Glaswolle und Steinwolle verwendet, die mit erhitzten chromhaltigen Legierungen in Kontakt gekommen sind. In solchen F\u00e4llen k\u00f6nnen sich Chrom-6-Verbindungen auf der Oberfl\u00e4che des Metalls und auf dem D\u00e4mmstoff bilden, die mit dem TK11\u00ae-Testkit nachgewiesen werden k\u00f6nnen.<\/p>\n<p>Neben erhitzten Edelst\u00e4hlen eignet sich das Testkit auch zum Testen von erhitzten hochlegierten Nickellegierungen wie Incoloy\u00ae und Inconel\u00ae. Da diese Legierungen Chrom enthalten, k\u00f6nnen sich Chrom-6-Verbindungen auf der Oberfl\u00e4che bilden, insbesondere wenn sie mit Anti-Seize-Verbindungen oder Isoliermaterialien in Kontakt gekommen sind, die diese Bildung beg\u00fcnstigen.<\/p>\n<p>Typische industrielle Anwendungen sind Flugzeugteile, Automobilkomponenten, Turbomotorteile, Motorabgassysteme und viele andere industrielle Komponenten.<\/p>\n\t\t<iframe loading=\"lazy\" title=\"Anleitungsvideo MATinspired Chrom(VI) Detektionskit f\u00fcr Farbschichten\" width=\"640\" height=\"360\" src=\"https:\/\/www.youtube.com\/embed\/Zv-3dADAUDM?feature=oembed\" frameborder=\"0\" allow=\"accelerometer; autoplay; clipboard-write; encrypted-media; gyroscope; picture-in-picture; web-share\" referrerpolicy=\"strict-origin-when-cross-origin\" allowfullscreen><\/iframe>\t\n\t<p>&nbsp;<\/p>\n<p>&nbsp;<\/p>\nBeispiel einer Schraube und Mutter aus Edelstahl 304 (A2) mit<br \/>\nAnti-Seize-Paste nach der W\u00e4rmebehandlung. Das gebildete gelbliche Chromat ist deutlich sichtbar. Der TK11 Chrom(VI)-Detektionstest-Tupfer wird deutlich rot\/violett, was darauf hinweist dass Chrom(VI) vorhanden ist.\n<p>&nbsp;<\/p>\n<figure itemscope itemtype=\"https:\/\/schema.org\/ImageObject\">\n\t\t\t\t<img decoding=\"async\" src=\"https:\/\/www.matinspired.com\/wp-content\/uploads\/2021\/03\/Chromate-test-on-bolt-and-nut-3.jpg\" alt=\"Chromate-test-on-bolt-and-nut-3\" height=\"533\" width=\"800\" title=\"Chromate-test-on-bolt-and-nut-3\" onerror=\"this.style.display='none'\" loading=\"lazy\" \/>\n\t<\/figure>\n\t<h3><strong>\u00dcber Chrom-6<\/strong><\/h3>\n<p><strong>Was ist Chrom-6?<\/strong><\/p>\n<p>Chrom-6, auch Chrom(VI), Chrom(VI), Cr(VI), Cr<sup>6+<\/sup> oder sechswertiges Chrom genannt, ist eine hochgiftige Form von Chrom, die Krebs verursachen kann.<\/p>\n<p><strong>Wo kommt Chrom-6 vor?<\/strong><\/p>\n<p>Verbindungen wie Chrom(VI)-Oxid, Zinkchromat, Bleichromat und Strontiumchromat enthalten Chrom-6. Diese Stoffe werden in der Farben- und Metallindustrie h\u00e4ufig verwendet, da sie Metalle vor Korrosion und Rost sch\u00fctzen. Sie sind oft in Grundierungen und Schutzbeschichtungen auf Stahl und Aluminium zu finden, beispielsweise in Z\u00fcgen, Flugzeugen und Milit\u00e4rfahrzeugen.<\/p>\n<p>Chrom-6 kann auch auf chromhaltigen Stahloberfl\u00e4chen &#8211; wie Edelstahl &#8211; vorhanden sein, die hohen Temperaturen in Kombination mit bestimmten Anti-Seize-Pasten oder Isoliermaterialien ausgesetzt waren. Infolgedessen kann Chrom-6 auf Bauteilen wie Gasturbinenteilen vorkommen.<\/p>\n<p><b>Gesundheitsrisiken<\/b><\/p>\n<p>Die gr\u00f6\u00dften Gesundheitsrisiken entstehen, wenn alte Beschichtungen oder Farbschichten, die Chrom-6 enthalten, bearbeitet werden, beispielsweise durch Schleifen, Strahlen, Fr\u00e4sen oder Schwei\u00dfen, oder wenn erhitzte mechanische Teile repariert werden, deren Oberfl\u00e4che Chrom-6-haltige Verbindungen aufweisen. Bei diesen T\u00e4tigkeiten k\u00f6nnen feine St\u00e4ube oder D\u00e4mpfe freigesetzt werden, die Chrom-6 enthalten. Diese Partikel k\u00f6nnen eingeatmet werden oder mit der Haut in Kontakt kommen und schwerwiegende gesundheitliche Auswirkungen haben, darunter Krebs.<\/p>\n<p><b>Pr\u00fcfung auf Chrom-6<\/b><\/p>\n<p>Daher ist es wichtig, Situationen zu erkennen, in denen Chrom-6 vorhanden sein kann, und geeignete Schutzma\u00dfnahmen zu ergreifen, wie z. B. sicheres Arbeiten, Verwendung pers\u00f6nlicher Schutzausr\u00fcstung und, falls erforderlich, Pr\u00fcfung von Materialien auf Chrom-6. Mit unseren Testkits k\u00f6nnen Sie schnell feststellen, ob Chrom-6 in Beschichtungen oder auf Metalloberfl\u00e4chen vorhanden ist.<\/p>\n<p><i> Haftungsausschluss<br \/>\nObwohl dieses Produkt mit gr\u00f6\u00dfter Sorgfalt zusammengestellt wurden, kann MATinspired B.V. nicht f\u00fcr Sch\u00e4den haftbar gemacht werden, die durch die Verwendung oder den Kontakt mit dem Produkt entstehen. Dieses Messverfahren liefert nur einen Hinweis. MATinspired B.V. \u00fcbernimmt keinerlei Verantwortung f\u00fcr die Testergebnisse. <\/i><\/p>\n\n    Vielleicht auch f\u00fcr Sie interessant: <!--Misschien ook interessant voor u:-->\n\t<h2><strong><br \/>\nBlei-<\/strong><br \/>\n<strong>Detektionskit &#8211; TK08<\/strong><\/h2>\n<strong>F\u00fcr verschiedene Materialien<br \/>\nwie z.B. Lackschichten<br \/>\nElektronik und Metalle<\/strong>\n\t\t\t<a href=\"https:\/\/www.matinspired.com\/de\/lead-detection-test-kit-tk08\/\"  target=\"_self\">\n\t\t\t\t\t\tWeitere Informationen\n\t\t\t\t\t<\/a>\n<figure itemscope itemtype=\"https:\/\/schema.org\/ImageObject\">\n\t\t\t\t<img decoding=\"async\" src=\"https:\/\/www.matinspired.com\/wp-content\/uploads\/2021\/01\/TK08EN-MATinspired-Lead-Detection-Test-Kit-Corrected.jpg\" alt=\"TK08EN-MATinspired-Lead-Detection-Test-Kit-Corrected\" title=\"TK08EN-MATinspired-Lead-Detection-Test-Kit-Corrected\" onerror=\"this.style.display='none'\" loading=\"lazy\" \/>\n\t<\/figure>\n\t<h2><strong><br \/>\nChrom(VI)<br \/>\n<\/strong><strong>Neutralisator &#8211; TK20<br \/>\n<\/strong><\/h2>\n<strong>zum Neutralisieren von<br \/>\nChrom(VI)-Verunreinigungen auf Metallen<br \/>\n<\/strong>\n\t\t\t<a href=\"https:\/\/www.matinspired.com\/de\/chrom-6-neutralisator-tk20\/\"  target=\"_self\">\n\t\t\t\t\t\tWeitere Informationen\n\t\t\t\t\t<\/a>\n<figure itemscope itemtype=\"https:\/\/schema.org\/ImageObject\">\n\t\t\t\t<img decoding=\"async\" src=\"https:\/\/www.matinspired.com\/wp-content\/uploads\/2022\/03\/FlaconChromium-6_Neutralizer-1-1024x1024.jpg\" alt=\"FlaconChromium-6_Neutralizer\" title=\"FlaconChromium-6_Neutralizer\" onerror=\"this.style.display='none'\" loading=\"lazy\" \/>\n\t<\/figure>\n\n","protected":false},"excerpt":{"rendered":"<p>Chrom(VI)-Detektionskit &#8211; TK11\u00ae &nbsp; Chrom(VI) Detektionskit &#8211; TK11\u00ae f\u00fcr Oberfl\u00e4chenverunreinigungen, Staubpartikel, Beschichtungen und Anstriche. Mit diesem Chrom(VI)-Detektionskit k\u00f6nnen Oberfl\u00e4chen, Staub, Abrieb, Beschichtungen, Anstrich usw. af dat Vorhandensein von Chrom(VI) getested werden. Dies geschieht durch ein einfaches Verfahren: F\u00e4rbt sich, nach Reiben auf dem Untergrund das mit Testfl\u00fcssigkeit getr\u00e4nkte Testst\u00e4bchen gelb-orange ist kein Chrom(VI) nachweisbar. F\u00e4rbt&#8230;<\/p>\n","protected":false},"author":3,"featured_media":0,"parent":0,"menu_order":0,"comment_status":"closed","ping_status":"closed","template":"","meta":{"footnotes":""},"class_list":["post-209","page","type-page","status-publish","hentry"],"yoast_head":"<!-- This site is optimized with the Yoast SEO plugin v27.2 - https:\/\/yoast.com\/product\/yoast-seo-wordpress\/ -->\n<title>Chrom(VI) Detektionskit | Matinspired | Sicher und schnell<\/title>\n<meta name=\"description\" content=\"Matinspired entwickeltes Testkit zum Nachweis von Chrom(VI). Mit diesem Kit k\u00f6nnen Sie schnell und sicher mehrere Materialien oder Oberfl\u00e4chenbeschichtungen testen.\" \/>\n<meta name=\"robots\" content=\"index, follow, max-snippet:-1, max-image-preview:large, max-video-preview:-1\" \/>\n<link rel=\"canonical\" href=\"https:\/\/www.matinspired.com\/de\/chromvi-detektionskit-tk11\/\" \/>\n<meta property=\"og:locale\" content=\"de_DE\" \/>\n<meta property=\"og:type\" content=\"article\" \/>\n<meta property=\"og:title\" content=\"Chrom(VI) Detektionskit | Matinspired | Sicher und schnell\" \/>\n<meta property=\"og:description\" content=\"Matinspired entwickeltes Testkit zum Nachweis von Chrom(VI). Mit diesem Kit k\u00f6nnen Sie schnell und sicher mehrere Materialien oder Oberfl\u00e4chenbeschichtungen testen.\" \/>\n<meta property=\"og:url\" content=\"https:\/\/www.matinspired.com\/de\/chromvi-detektionskit-tk11\/\" \/>\n<meta property=\"og:site_name\" content=\"Matinspired.com\" \/>\n<meta property=\"article:modified_time\" content=\"2026-03-12T20:44:07+00:00\" \/>\n<meta property=\"og:image\" content=\"https:\/\/www.matinspired.com\/wp-content\/uploads\/2020\/12\/Chrom-VI-Test-German-768x426-1.jpg\" \/>\n<meta name=\"twitter:card\" content=\"summary_large_image\" \/>\n<meta name=\"twitter:site\" content=\"@MATinspired\" \/>\n<meta name=\"twitter:label1\" content=\"Gesch\u00e4tzte Lesezeit\" \/>\n\t<meta name=\"twitter:data1\" content=\"3\u00a0Minuten\" \/>\n<script type=\"application\/ld+json\" class=\"yoast-schema-graph\">{\"@context\":\"https:\/\/schema.org\",\"@graph\":[{\"@type\":\"WebPage\",\"@id\":\"https:\/\/www.matinspired.com\/de\/chromvi-detektionskit-tk11\/\",\"url\":\"https:\/\/www.matinspired.com\/de\/chromvi-detektionskit-tk11\/\",\"name\":\"Chrom(VI) Detektionskit | Matinspired | Sicher und schnell\",\"isPartOf\":{\"@id\":\"https:\/\/www.matinspired.com\/de\/#website\"},\"primaryImageOfPage\":{\"@id\":\"https:\/\/www.matinspired.com\/de\/chromvi-detektionskit-tk11\/#primaryimage\"},\"image\":{\"@id\":\"https:\/\/www.matinspired.com\/de\/chromvi-detektionskit-tk11\/#primaryimage\"},\"thumbnailUrl\":\"https:\/\/www.matinspired.com\/wp-content\/uploads\/2020\/12\/Chrom-VI-Test-German-768x426-1.jpg\",\"datePublished\":\"2020-12-04T15:13:14+00:00\",\"dateModified\":\"2026-03-12T20:44:07+00:00\",\"description\":\"Matinspired entwickeltes Testkit zum Nachweis von Chrom(VI). Mit diesem Kit k\u00f6nnen Sie schnell und sicher mehrere Materialien oder Oberfl\u00e4chenbeschichtungen testen.\",\"breadcrumb\":{\"@id\":\"https:\/\/www.matinspired.com\/de\/chromvi-detektionskit-tk11\/#breadcrumb\"},\"inLanguage\":\"de\",\"potentialAction\":[{\"@type\":\"ReadAction\",\"target\":[\"https:\/\/www.matinspired.com\/de\/chromvi-detektionskit-tk11\/\"]}]},{\"@type\":\"ImageObject\",\"inLanguage\":\"de\",\"@id\":\"https:\/\/www.matinspired.com\/de\/chromvi-detektionskit-tk11\/#primaryimage\",\"url\":\"https:\/\/www.matinspired.com\/wp-content\/uploads\/2020\/12\/Chrom-VI-Test-German-768x426-1.jpg\",\"contentUrl\":\"https:\/\/www.matinspired.com\/wp-content\/uploads\/2020\/12\/Chrom-VI-Test-German-768x426-1.jpg\"},{\"@type\":\"BreadcrumbList\",\"@id\":\"https:\/\/www.matinspired.com\/de\/chromvi-detektionskit-tk11\/#breadcrumb\",\"itemListElement\":[{\"@type\":\"ListItem\",\"position\":1,\"name\":\"Home\",\"item\":\"https:\/\/www.matinspired.com\/de\/\"},{\"@type\":\"ListItem\",\"position\":2,\"name\":\"Chrom(VI)-Detektionskit &#8211; TK11\"}]},{\"@type\":\"WebSite\",\"@id\":\"https:\/\/www.matinspired.com\/de\/#website\",\"url\":\"https:\/\/www.matinspired.com\/de\/\",\"name\":\"Matinspired.com\",\"description\":\"Chromium-6 test kits and more\",\"publisher\":{\"@id\":\"https:\/\/www.matinspired.com\/de\/#organization\"},\"potentialAction\":[{\"@type\":\"SearchAction\",\"target\":{\"@type\":\"EntryPoint\",\"urlTemplate\":\"https:\/\/www.matinspired.com\/de\/?s={search_term_string}\"},\"query-input\":{\"@type\":\"PropertyValueSpecification\",\"valueRequired\":true,\"valueName\":\"search_term_string\"}}],\"inLanguage\":\"de\"},{\"@type\":\"Organization\",\"@id\":\"https:\/\/www.matinspired.com\/de\/#organization\",\"name\":\"MATinspired B.V.\",\"url\":\"https:\/\/www.matinspired.com\/de\/\",\"logo\":{\"@type\":\"ImageObject\",\"inLanguage\":\"de\",\"@id\":\"https:\/\/www.matinspired.com\/de\/#\/schema\/logo\/image\/\",\"url\":\"https:\/\/www.matinspired.com\/wp-content\/uploads\/2023\/03\/LogoMATinspiredPO-696x969-1.jpg\",\"contentUrl\":\"https:\/\/www.matinspired.com\/wp-content\/uploads\/2023\/03\/LogoMATinspiredPO-696x969-1.jpg\",\"width\":696,\"height\":696,\"caption\":\"MATinspired B.V.\"},\"image\":{\"@id\":\"https:\/\/www.matinspired.com\/de\/#\/schema\/logo\/image\/\"},\"sameAs\":[\"https:\/\/x.com\/MATinspired\"]}]}<\/script>\n<!-- \/ Yoast SEO plugin. -->","yoast_head_json":{"title":"Chrom(VI) Detektionskit | Matinspired | Sicher und schnell","description":"Matinspired entwickeltes Testkit zum Nachweis von Chrom(VI). Mit diesem Kit k\u00f6nnen Sie schnell und sicher mehrere Materialien oder Oberfl\u00e4chenbeschichtungen testen.","robots":{"index":"index","follow":"follow","max-snippet":"max-snippet:-1","max-image-preview":"max-image-preview:large","max-video-preview":"max-video-preview:-1"},"canonical":"https:\/\/www.matinspired.com\/de\/chromvi-detektionskit-tk11\/","og_locale":"de_DE","og_type":"article","og_title":"Chrom(VI) Detektionskit | Matinspired | Sicher und schnell","og_description":"Matinspired entwickeltes Testkit zum Nachweis von Chrom(VI). Mit diesem Kit k\u00f6nnen Sie schnell und sicher mehrere Materialien oder Oberfl\u00e4chenbeschichtungen testen.","og_url":"https:\/\/www.matinspired.com\/de\/chromvi-detektionskit-tk11\/","og_site_name":"Matinspired.com","article_modified_time":"2026-03-12T20:44:07+00:00","og_image":[{"url":"https:\/\/www.matinspired.com\/wp-content\/uploads\/2020\/12\/Chrom-VI-Test-German-768x426-1.jpg","type":"","width":"","height":""}],"twitter_card":"summary_large_image","twitter_site":"@MATinspired","twitter_misc":{"Gesch\u00e4tzte Lesezeit":"3\u00a0Minuten"},"schema":{"@context":"https:\/\/schema.org","@graph":[{"@type":"WebPage","@id":"https:\/\/www.matinspired.com\/de\/chromvi-detektionskit-tk11\/","url":"https:\/\/www.matinspired.com\/de\/chromvi-detektionskit-tk11\/","name":"Chrom(VI) Detektionskit | Matinspired | Sicher und schnell","isPartOf":{"@id":"https:\/\/www.matinspired.com\/de\/#website"},"primaryImageOfPage":{"@id":"https:\/\/www.matinspired.com\/de\/chromvi-detektionskit-tk11\/#primaryimage"},"image":{"@id":"https:\/\/www.matinspired.com\/de\/chromvi-detektionskit-tk11\/#primaryimage"},"thumbnailUrl":"https:\/\/www.matinspired.com\/wp-content\/uploads\/2020\/12\/Chrom-VI-Test-German-768x426-1.jpg","datePublished":"2020-12-04T15:13:14+00:00","dateModified":"2026-03-12T20:44:07+00:00","description":"Matinspired entwickeltes Testkit zum Nachweis von Chrom(VI). Mit diesem Kit k\u00f6nnen Sie schnell und sicher mehrere Materialien oder Oberfl\u00e4chenbeschichtungen testen.","breadcrumb":{"@id":"https:\/\/www.matinspired.com\/de\/chromvi-detektionskit-tk11\/#breadcrumb"},"inLanguage":"de","potentialAction":[{"@type":"ReadAction","target":["https:\/\/www.matinspired.com\/de\/chromvi-detektionskit-tk11\/"]}]},{"@type":"ImageObject","inLanguage":"de","@id":"https:\/\/www.matinspired.com\/de\/chromvi-detektionskit-tk11\/#primaryimage","url":"https:\/\/www.matinspired.com\/wp-content\/uploads\/2020\/12\/Chrom-VI-Test-German-768x426-1.jpg","contentUrl":"https:\/\/www.matinspired.com\/wp-content\/uploads\/2020\/12\/Chrom-VI-Test-German-768x426-1.jpg"},{"@type":"BreadcrumbList","@id":"https:\/\/www.matinspired.com\/de\/chromvi-detektionskit-tk11\/#breadcrumb","itemListElement":[{"@type":"ListItem","position":1,"name":"Home","item":"https:\/\/www.matinspired.com\/de\/"},{"@type":"ListItem","position":2,"name":"Chrom(VI)-Detektionskit &#8211; TK11"}]},{"@type":"WebSite","@id":"https:\/\/www.matinspired.com\/de\/#website","url":"https:\/\/www.matinspired.com\/de\/","name":"Matinspired.com","description":"Chromium-6 test kits and more","publisher":{"@id":"https:\/\/www.matinspired.com\/de\/#organization"},"potentialAction":[{"@type":"SearchAction","target":{"@type":"EntryPoint","urlTemplate":"https:\/\/www.matinspired.com\/de\/?s={search_term_string}"},"query-input":{"@type":"PropertyValueSpecification","valueRequired":true,"valueName":"search_term_string"}}],"inLanguage":"de"},{"@type":"Organization","@id":"https:\/\/www.matinspired.com\/de\/#organization","name":"MATinspired B.V.","url":"https:\/\/www.matinspired.com\/de\/","logo":{"@type":"ImageObject","inLanguage":"de","@id":"https:\/\/www.matinspired.com\/de\/#\/schema\/logo\/image\/","url":"https:\/\/www.matinspired.com\/wp-content\/uploads\/2023\/03\/LogoMATinspiredPO-696x969-1.jpg","contentUrl":"https:\/\/www.matinspired.com\/wp-content\/uploads\/2023\/03\/LogoMATinspiredPO-696x969-1.jpg","width":696,"height":696,"caption":"MATinspired B.V."},"image":{"@id":"https:\/\/www.matinspired.com\/de\/#\/schema\/logo\/image\/"},"sameAs":["https:\/\/x.com\/MATinspired"]}]}},"jetpack_sharing_enabled":true,"_links":{"self":[{"href":"https:\/\/www.matinspired.com\/de\/wp-json\/wp\/v2\/pages\/209","targetHints":{"allow":["GET"]}}],"collection":[{"href":"https:\/\/www.matinspired.com\/de\/wp-json\/wp\/v2\/pages"}],"about":[{"href":"https:\/\/www.matinspired.com\/de\/wp-json\/wp\/v2\/types\/page"}],"author":[{"embeddable":true,"href":"https:\/\/www.matinspired.com\/de\/wp-json\/wp\/v2\/users\/3"}],"replies":[{"embeddable":true,"href":"https:\/\/www.matinspired.com\/de\/wp-json\/wp\/v2\/comments?post=209"}],"version-history":[{"count":8,"href":"https:\/\/www.matinspired.com\/de\/wp-json\/wp\/v2\/pages\/209\/revisions"}],"predecessor-version":[{"id":74547,"href":"https:\/\/www.matinspired.com\/de\/wp-json\/wp\/v2\/pages\/209\/revisions\/74547"}],"wp:attachment":[{"href":"https:\/\/www.matinspired.com\/de\/wp-json\/wp\/v2\/media?parent=209"}],"curies":[{"name":"wp","href":"https:\/\/api.w.org\/{rel}","templated":true}]}}