{"id":207,"date":"2020-10-26T10:59:22","date_gmt":"2020-10-26T10:59:22","guid":{"rendered":"http:\/\/www.matinspired.com\/home\/"},"modified":"2026-04-02T12:26:17","modified_gmt":"2026-04-02T10:26:17","slug":"home","status":"publish","type":"page","link":"https:\/\/www.matinspired.com\/de\/","title":{"rendered":"Home"},"content":{"rendered":"\n\n\t<h1><strong>Schaffen Sie eine sichere Arbeitsumgebung<br \/>\nmit unseren Testkits<\/strong><\/h1>\n<p>&nbsp;<\/p>\n\t<h2><strong>Chrom(VI)<\/strong><br \/>\n<strong>Detektionskit- TK11\u2122<\/strong><\/h2>\n<b><em>f\u00fcr Oberfl\u00e4chenverunreinigungen, Staubpartikel, Beschichtungen und Anstriche.<\/em><br \/>\n<\/b>\n<p>Chrom(VI), ist auch bekannt als Chrom-6, Cr(VI), Cr6+ oder sechswertiges Chrom. Es ist sehr sch\u00e4dlich und kann Krebs verursachen.Verbindungen wie Chrom(VI)oxid, Zinkchromat, Bleichromat, Strontiumchromat, Chromat und Dichromat enthalten Chrom(VI) und werden wegen ihrer F\u00e4higkeit, der Oxidation und Rostbildung zu widerstehen, h\u00e4ufig in der Farben- und Stahlindustrie verwendet. Aus diesem Grund wird es h\u00e4ufig in Schutzanstrichen f\u00fcr Edelstahl, Aluminium, Z\u00fcge und Milit\u00e4rfahrzeuge verwendet. Chrom(VI) wird manchmal auch in Leder verwendet.<\/p>\n\t\t\t<a href=\"https:\/\/www.matinspired.com\/de\/chromvi-detektionskit-tk11\/\"  target=\"_self\">\n\t\t\t\t\t\tWeitere Informationen\n\t\t\t\t\t<\/a>\n\t\t\t<a href=\"https:\/\/www.matinspired.com\/de\/angebotsanfrage\/\"  target=\"_self\">\n\t\t\t\t\t\tAngebotsanfrage\n\t\t\t\t\t<\/a>\n<figure itemscope itemtype=\"https:\/\/schema.org\/ImageObject\">\n\t\t\t\t<img decoding=\"async\" src=\"http:\/\/matinspired.com\/wp-content\/uploads\/2020\/11\/Foto-Engelstalige-testkit.png\" alt=\"TK11 MATinspired Chromium 6 Detection Test Kit\" title=\"Foto Engelstalige testkit\" onerror=\"this.style.display='none'\" loading=\"lazy\" \/>\n\t<\/figure>\n\t<h2><strong>\u00a0Chemische Substanzen <\/strong><strong>schnell und sicher selbst<br \/>\n<\/strong><strong> identifizieren und erkennen\n<\/strong><\/h2>\nSchaffen Sie eine sichere Arbeitsumgebung, indem Sie die Testkits zum Identifizieren und Erkennen<br \/>\nverschiedener (giftiger) Substanzen verwenden.<br \/>\nDurch die Vielfalt der Testkits, die Sie jederzeit selbst verwenden k\u00f6nnen,<br \/>\ntragen wir zu einem sicheren Arbeitsumfeld und einer saubereren Welt bei.\n\t<p><img loading=\"lazy\" decoding=\"async\" src=\"http:\/\/matinspired.com\/wp-content\/uploads\/2020\/11\/Untitled-3-238x300.png\" alt=\"\" width=\"75\" height=\"94\" \/><\/p>\n<p><strong>Zuverl\u00e4ssig<\/strong><\/p>\n\t<p><img loading=\"lazy\" decoding=\"async\" src=\"http:\/\/matinspired.com\/wp-content\/uploads\/2020\/11\/Logo-2-238x300.png\" alt=\"\" width=\"75\" height=\"94\" \/><\/p>\n<p><strong>Sicher selbst testen<\/strong><\/p>\n\t<p><img loading=\"lazy\" decoding=\"async\" src=\"http:\/\/matinspired.com\/wp-content\/uploads\/2020\/11\/Logo-3-238x300.png\" alt=\"\" width=\"75\" height=\"94\" \/><\/p>\n<p><strong>Schnelle weltweite Lieferung<\/strong><\/p>\n\t<p><img loading=\"lazy\" decoding=\"async\" src=\"http:\/\/matinspired.com\/wp-content\/uploads\/2020\/11\/Logo-4-238x300.png\" alt=\"\" width=\"75\" height=\"94\" \/><\/p>\n<p><strong>Kontinuierliche Entwicklung im eigenen Haus<\/strong><\/p>\n\tStellen Sie sicher, dass Sie immer ein Testkit zur Hand haben.<br \/>\nDann haben Sie die Testergebnisse direkt zur Verf\u00fcgung, ohne ein externes Labor einschalten zu m\u00fcssen.<br \/>\nAu\u00dferdem k\u00f6nnen Sie schneller die notwendigen Ma\u00dfnahmen ergreifen, um sicher zu arbeiten.\n    Vielleicht auch f\u00fcr Sie interessant: <!--Misschien ook interessant voor u:-->\n\t<h2><strong><br \/>\nBlei<\/strong><br \/>\n<strong>Detektionskit &#8211; TK08<\/strong><\/h2>\n<strong>F\u00fcr verschiedene Materialien<br \/>\nwie z.B. Lackschichten<br \/>\nElektronik und Metalle<\/strong>\n\t\t\t<a href=\"https:\/\/www.matinspired.com\/de\/lead-detection-test-kit-tk08\/\"  target=\"_self\">\n\t\t\t\t\t\tWeitere Informationen\n\t\t\t\t\t<\/a>\n<figure itemscope itemtype=\"https:\/\/schema.org\/ImageObject\">\n\t\t\t\t<img decoding=\"async\" src=\"https:\/\/www.matinspired.com\/wp-content\/uploads\/2021\/01\/TK08EN-MATinspired-Lead-Detection-Test-Kit-Corrected.jpg\" alt=\"TK08EN-MATinspired-Lead-Detection-Test-Kit-Corrected\" title=\"TK08EN-MATinspired-Lead-Detection-Test-Kit-Corrected\" onerror=\"this.style.display='none'\" loading=\"lazy\" \/>\n\t<\/figure>\n\t<h2><strong><br \/>\nChrom(VI)<br \/>\n<\/strong><strong>Neutralisator &#8211; TK20<br \/>\n<\/strong><\/h2>\n<strong>Zum Neutralisieren von<br \/>\nChrom(VI)-Verunreinigungen auf Metallen<br \/>\n<\/strong>\n\t\t\t<a href=\"https:\/\/www.matinspired.com\/de\/chrom-6-neutralisator-tk20\/\"  target=\"_self\">\n\t\t\t\t\t\tWeitere Informationen\n\t\t\t\t\t<\/a>\n<figure itemscope itemtype=\"https:\/\/schema.org\/ImageObject\">\n\t\t\t\t<img decoding=\"async\" src=\"https:\/\/www.matinspired.com\/wp-content\/uploads\/2022\/03\/FlaconChromium-6_Neutralizer-1-1024x1024.jpg\" alt=\"FlaconChromium-6_Neutralizer\" title=\"FlaconChromium-6_Neutralizer\" onerror=\"this.style.display='none'\" loading=\"lazy\" \/>\n\t<\/figure>\n<figure itemscope itemtype=\"https:\/\/schema.org\/ImageObject\">\n\t\t\t\t<img decoding=\"async\" src=\"https:\/\/www.matinspired.com\/wp-content\/uploads\/2021\/12\/IMG_8025-website-scaled.jpg\" alt=\"IMG_8025-website\" height=\"1829\" width=\"2560\" title=\"IMG_8025-website\" onerror=\"this.style.display='none'\" loading=\"lazy\" \/>\n\t<\/figure>\n\t<h2><strong>\u00dcber MATinspired<br \/>\n<\/strong><\/h2>\n<p>MATinspired B.V. ist Lieferant von verschiedenen Schnelltests. Wir liefern qualitativ hochwertige Testkits und verf\u00fcgen \u00fcber ein gro\u00dfes Wissen \u00fcber Materialien und toxische Substanzen, um die Produkte kontinuierlich zu verbessern. Wir entwickeln die Testkits im eigenen Haus. Auf diese Weise haben wir den Entwicklungsprozess und die Qualit\u00e4tskontrolle in unseren eigenen H\u00e4nden.<\/p>\n\t\t\t<a href=\"https:\/\/www.matinspired.com\/de\/uber-uns\/\"  target=\"_self\">\n\t\t\t\t\t\tWeitere Informationen\n\t\t\t\t\t<\/a>\n\n","protected":false},"excerpt":{"rendered":"<p>Schaffen Sie eine sichere Arbeitsumgebung mit unseren Testkits &nbsp; Chrom(VI) Detektionskit- TK11\u2122 f\u00fcr Oberfl\u00e4chenverunreinigungen, Staubpartikel, Beschichtungen und Anstriche. Chrom(VI), ist auch bekannt als Chrom-6, Cr(VI), Cr6+ oder sechswertiges Chrom. Es ist sehr sch\u00e4dlich und kann Krebs verursachen.Verbindungen wie Chrom(VI)oxid, Zinkchromat, Bleichromat, Strontiumchromat, Chromat und Dichromat enthalten Chrom(VI) und werden wegen ihrer F\u00e4higkeit, der Oxidation und&#8230;<\/p>\n","protected":false},"author":3,"featured_media":0,"parent":0,"menu_order":0,"comment_status":"closed","ping_status":"closed","template":"","meta":{"footnotes":""},"class_list":["post-207","page","type-page","status-publish","hentry"],"yoast_head":"<!-- This site is optimized with the Yoast SEO plugin v27.5 - https:\/\/yoast.com\/product\/yoast-seo-wordpress\/ -->\n<title>Home - Matinspired.com<\/title>\n<meta name=\"description\" content=\"MATinspired B.V. ist Lieferant von verschiedenen Schnelltests. Wir liefern qualitativ hochwertige Testkits und sind in der Lage, die Produkte kontinuierlich zu verbessern.\" \/>\n<meta name=\"robots\" content=\"index, follow, max-snippet:-1, max-image-preview:large, max-video-preview:-1\" \/>\n<link rel=\"canonical\" href=\"https:\/\/www.matinspired.com\/de\/\" \/>\n<meta property=\"og:locale\" content=\"de_DE\" \/>\n<meta property=\"og:type\" content=\"article\" \/>\n<meta property=\"og:title\" content=\"Home - Matinspired.com\" \/>\n<meta property=\"og:description\" content=\"MATinspired B.V. ist Lieferant von verschiedenen Schnelltests. Wir liefern qualitativ hochwertige Testkits und sind in der Lage, die Produkte kontinuierlich zu verbessern.\" \/>\n<meta property=\"og:url\" content=\"https:\/\/www.matinspired.com\/de\/\" \/>\n<meta property=\"og:site_name\" content=\"Matinspired.com\" \/>\n<meta property=\"article:modified_time\" content=\"2026-04-02T10:26:17+00:00\" \/>\n<meta property=\"og:image\" content=\"http:\/\/matinspired.com\/wp-content\/uploads\/2020\/11\/Foto-Engelstalige-testkit.png\" \/>\n<meta name=\"twitter:card\" content=\"summary_large_image\" \/>\n<meta name=\"twitter:site\" content=\"@MATinspired\" \/>\n<meta name=\"twitter:label1\" content=\"Gesch\u00e4tzte Lesezeit\" \/>\n\t<meta name=\"twitter:data1\" content=\"2\u00a0Minuten\" \/>\n<script type=\"application\/ld+json\" class=\"yoast-schema-graph\">{\"@context\":\"https:\\\/\\\/schema.org\",\"@graph\":[{\"@type\":\"WebPage\",\"@id\":\"https:\\\/\\\/www.matinspired.com\\\/de\\\/\",\"url\":\"https:\\\/\\\/www.matinspired.com\\\/de\\\/\",\"name\":\"Home - Matinspired.com\",\"isPartOf\":{\"@id\":\"https:\\\/\\\/www.matinspired.com\\\/de\\\/#website\"},\"primaryImageOfPage\":{\"@id\":\"https:\\\/\\\/www.matinspired.com\\\/de\\\/#primaryimage\"},\"image\":{\"@id\":\"https:\\\/\\\/www.matinspired.com\\\/de\\\/#primaryimage\"},\"thumbnailUrl\":\"http:\\\/\\\/matinspired.com\\\/wp-content\\\/uploads\\\/2020\\\/11\\\/Foto-Engelstalige-testkit.png\",\"datePublished\":\"2020-10-26T10:59:22+00:00\",\"dateModified\":\"2026-04-02T10:26:17+00:00\",\"description\":\"MATinspired B.V. ist Lieferant von verschiedenen Schnelltests. Wir liefern qualitativ hochwertige Testkits und sind in der Lage, die Produkte kontinuierlich zu verbessern.\",\"breadcrumb\":{\"@id\":\"https:\\\/\\\/www.matinspired.com\\\/de\\\/#breadcrumb\"},\"inLanguage\":\"de\",\"potentialAction\":[{\"@type\":\"ReadAction\",\"target\":[\"https:\\\/\\\/www.matinspired.com\\\/de\\\/\"]}]},{\"@type\":\"ImageObject\",\"inLanguage\":\"de\",\"@id\":\"https:\\\/\\\/www.matinspired.com\\\/de\\\/#primaryimage\",\"url\":\"http:\\\/\\\/matinspired.com\\\/wp-content\\\/uploads\\\/2020\\\/11\\\/Foto-Engelstalige-testkit.png\",\"contentUrl\":\"http:\\\/\\\/matinspired.com\\\/wp-content\\\/uploads\\\/2020\\\/11\\\/Foto-Engelstalige-testkit.png\"},{\"@type\":\"BreadcrumbList\",\"@id\":\"https:\\\/\\\/www.matinspired.com\\\/de\\\/#breadcrumb\",\"itemListElement\":[{\"@type\":\"ListItem\",\"position\":1,\"name\":\"Home\",\"item\":\"https:\\\/\\\/www.matinspired.com\\\/de\\\/\"},{\"@type\":\"ListItem\",\"position\":2,\"name\":\"Home\"}]},{\"@type\":\"WebSite\",\"@id\":\"https:\\\/\\\/www.matinspired.com\\\/de\\\/#website\",\"url\":\"https:\\\/\\\/www.matinspired.com\\\/de\\\/\",\"name\":\"Matinspired.com\",\"description\":\"Chromium-6 test kits and more\",\"publisher\":{\"@id\":\"https:\\\/\\\/www.matinspired.com\\\/de\\\/#organization\"},\"potentialAction\":[{\"@type\":\"SearchAction\",\"target\":{\"@type\":\"EntryPoint\",\"urlTemplate\":\"https:\\\/\\\/www.matinspired.com\\\/de\\\/?s={search_term_string}\"},\"query-input\":{\"@type\":\"PropertyValueSpecification\",\"valueRequired\":true,\"valueName\":\"search_term_string\"}}],\"inLanguage\":\"de\"},{\"@type\":\"Organization\",\"@id\":\"https:\\\/\\\/www.matinspired.com\\\/de\\\/#organization\",\"name\":\"MATinspired B.V.\",\"url\":\"https:\\\/\\\/www.matinspired.com\\\/de\\\/\",\"logo\":{\"@type\":\"ImageObject\",\"inLanguage\":\"de\",\"@id\":\"https:\\\/\\\/www.matinspired.com\\\/de\\\/#\\\/schema\\\/logo\\\/image\\\/\",\"url\":\"https:\\\/\\\/www.matinspired.com\\\/wp-content\\\/uploads\\\/2023\\\/03\\\/LogoMATinspiredPO-696x969-1.jpg\",\"contentUrl\":\"https:\\\/\\\/www.matinspired.com\\\/wp-content\\\/uploads\\\/2023\\\/03\\\/LogoMATinspiredPO-696x969-1.jpg\",\"width\":696,\"height\":696,\"caption\":\"MATinspired B.V.\"},\"image\":{\"@id\":\"https:\\\/\\\/www.matinspired.com\\\/de\\\/#\\\/schema\\\/logo\\\/image\\\/\"},\"sameAs\":[\"https:\\\/\\\/x.com\\\/MATinspired\"]}]}<\/script>\n<!-- \/ Yoast SEO plugin. -->","yoast_head_json":{"title":"Home - Matinspired.com","description":"MATinspired B.V. ist Lieferant von verschiedenen Schnelltests. Wir liefern qualitativ hochwertige Testkits und sind in der Lage, die Produkte kontinuierlich zu verbessern.","robots":{"index":"index","follow":"follow","max-snippet":"max-snippet:-1","max-image-preview":"max-image-preview:large","max-video-preview":"max-video-preview:-1"},"canonical":"https:\/\/www.matinspired.com\/de\/","og_locale":"de_DE","og_type":"article","og_title":"Home - Matinspired.com","og_description":"MATinspired B.V. ist Lieferant von verschiedenen Schnelltests. Wir liefern qualitativ hochwertige Testkits und sind in der Lage, die Produkte kontinuierlich zu verbessern.","og_url":"https:\/\/www.matinspired.com\/de\/","og_site_name":"Matinspired.com","article_modified_time":"2026-04-02T10:26:17+00:00","og_image":[{"url":"http:\/\/matinspired.com\/wp-content\/uploads\/2020\/11\/Foto-Engelstalige-testkit.png","type":"","width":"","height":""}],"twitter_card":"summary_large_image","twitter_site":"@MATinspired","twitter_misc":{"Gesch\u00e4tzte Lesezeit":"2\u00a0Minuten"},"schema":{"@context":"https:\/\/schema.org","@graph":[{"@type":"WebPage","@id":"https:\/\/www.matinspired.com\/de\/","url":"https:\/\/www.matinspired.com\/de\/","name":"Home - Matinspired.com","isPartOf":{"@id":"https:\/\/www.matinspired.com\/de\/#website"},"primaryImageOfPage":{"@id":"https:\/\/www.matinspired.com\/de\/#primaryimage"},"image":{"@id":"https:\/\/www.matinspired.com\/de\/#primaryimage"},"thumbnailUrl":"http:\/\/matinspired.com\/wp-content\/uploads\/2020\/11\/Foto-Engelstalige-testkit.png","datePublished":"2020-10-26T10:59:22+00:00","dateModified":"2026-04-02T10:26:17+00:00","description":"MATinspired B.V. ist Lieferant von verschiedenen Schnelltests. Wir liefern qualitativ hochwertige Testkits und sind in der Lage, die Produkte kontinuierlich zu verbessern.","breadcrumb":{"@id":"https:\/\/www.matinspired.com\/de\/#breadcrumb"},"inLanguage":"de","potentialAction":[{"@type":"ReadAction","target":["https:\/\/www.matinspired.com\/de\/"]}]},{"@type":"ImageObject","inLanguage":"de","@id":"https:\/\/www.matinspired.com\/de\/#primaryimage","url":"http:\/\/matinspired.com\/wp-content\/uploads\/2020\/11\/Foto-Engelstalige-testkit.png","contentUrl":"http:\/\/matinspired.com\/wp-content\/uploads\/2020\/11\/Foto-Engelstalige-testkit.png"},{"@type":"BreadcrumbList","@id":"https:\/\/www.matinspired.com\/de\/#breadcrumb","itemListElement":[{"@type":"ListItem","position":1,"name":"Home","item":"https:\/\/www.matinspired.com\/de\/"},{"@type":"ListItem","position":2,"name":"Home"}]},{"@type":"WebSite","@id":"https:\/\/www.matinspired.com\/de\/#website","url":"https:\/\/www.matinspired.com\/de\/","name":"Matinspired.com","description":"Chromium-6 test kits and more","publisher":{"@id":"https:\/\/www.matinspired.com\/de\/#organization"},"potentialAction":[{"@type":"SearchAction","target":{"@type":"EntryPoint","urlTemplate":"https:\/\/www.matinspired.com\/de\/?s={search_term_string}"},"query-input":{"@type":"PropertyValueSpecification","valueRequired":true,"valueName":"search_term_string"}}],"inLanguage":"de"},{"@type":"Organization","@id":"https:\/\/www.matinspired.com\/de\/#organization","name":"MATinspired B.V.","url":"https:\/\/www.matinspired.com\/de\/","logo":{"@type":"ImageObject","inLanguage":"de","@id":"https:\/\/www.matinspired.com\/de\/#\/schema\/logo\/image\/","url":"https:\/\/www.matinspired.com\/wp-content\/uploads\/2023\/03\/LogoMATinspiredPO-696x969-1.jpg","contentUrl":"https:\/\/www.matinspired.com\/wp-content\/uploads\/2023\/03\/LogoMATinspiredPO-696x969-1.jpg","width":696,"height":696,"caption":"MATinspired B.V."},"image":{"@id":"https:\/\/www.matinspired.com\/de\/#\/schema\/logo\/image\/"},"sameAs":["https:\/\/x.com\/MATinspired"]}]}},"jetpack_sharing_enabled":true,"_links":{"self":[{"href":"https:\/\/www.matinspired.com\/de\/wp-json\/wp\/v2\/pages\/207","targetHints":{"allow":["GET"]}}],"collection":[{"href":"https:\/\/www.matinspired.com\/de\/wp-json\/wp\/v2\/pages"}],"about":[{"href":"https:\/\/www.matinspired.com\/de\/wp-json\/wp\/v2\/types\/page"}],"author":[{"embeddable":true,"href":"https:\/\/www.matinspired.com\/de\/wp-json\/wp\/v2\/users\/3"}],"replies":[{"embeddable":true,"href":"https:\/\/www.matinspired.com\/de\/wp-json\/wp\/v2\/comments?post=207"}],"version-history":[{"count":1,"href":"https:\/\/www.matinspired.com\/de\/wp-json\/wp\/v2\/pages\/207\/revisions"}],"predecessor-version":[{"id":74887,"href":"https:\/\/www.matinspired.com\/de\/wp-json\/wp\/v2\/pages\/207\/revisions\/74887"}],"wp:attachment":[{"href":"https:\/\/www.matinspired.com\/de\/wp-json\/wp\/v2\/media?parent=207"}],"curies":[{"name":"wp","href":"https:\/\/api.w.org\/{rel}","templated":true}]}}