{"id":14882,"date":"2023-07-13T13:44:25","date_gmt":"2023-07-13T11:44:25","guid":{"rendered":"https:\/\/www.matinspired.com\/webshop\/"},"modified":"2026-03-12T21:41:05","modified_gmt":"2026-03-12T20:41:05","slug":"webshop","status":"publish","type":"page","link":"https:\/\/www.matinspired.com\/de\/webshop\/","title":{"rendered":"Shop"},"content":{"rendered":"\n\n\t<h1><strong>Produkte<\/strong><\/h1>\n<p>&nbsp;<\/p>\n<figure itemscope itemtype=\"https:\/\/schema.org\/ImageObject\">\n\t\t\t\t<a href=\"https:\/\/www.matinspired.com\/de\/chromvi-detektionskit-tk11\/\"  target=\"_self\" itemprop=\"url\">\n\t\t\t\t<img decoding=\"async\" src=\"https:\/\/www.matinspired.com\/wp-content\/uploads\/2020\/11\/Foto-Engelstalige-testkit.png\" alt=\"TK11 MATinspired Chromium 6 Detection Test Kit\" height=\"397\" width=\"513\" title=\"Foto Engelstalige testkit\" onerror=\"this.style.display='none'\" loading=\"lazy\" \/>\n\t\t\t\t<\/a>\n\t\t\t\t\t\t<figcaption>Read more<\/figcaption>\n\t<\/figure>\n\t<h3><a href=\"https:\/\/www.matinspired.com\/de\/chromvi-detektionskit-tk11\/\"><strong>Chrom(VI)<\/strong><\/a><br \/>\n<a href=\"https:\/\/www.matinspired.com\/de\/chromvi-detektionskit-tk11\/\"><strong>Detektionskit &#8211; TK11\u00ae<\/strong><\/a><\/h3>\n<strong><em><a href=\"https:\/\/www.matinspired.com\/de\/chromvi-detektionskit-tk11\/\">f\u00fcr Oberfl\u00e4chenverunreinigungen, Staubpartikel, Beschichtungen und Anstriche.<\/a><br \/>\n<\/em><\/strong>\n<p>&nbsp;<\/p>\n<figure itemscope itemtype=\"https:\/\/schema.org\/ImageObject\">\n\t\t\t\t<a href=\"https:\/\/www.matinspired.com\/de\/chromvi-neutralisator-tk20\/\"  target=\"_self\" itemprop=\"url\">\n\t\t\t\t<img decoding=\"async\" src=\"https:\/\/www.matinspired.com\/wp-content\/uploads\/2022\/03\/FlaconChromium-6_Neutralizer-scaled.jpg\" alt=\"TK20 Chromium-6 Neutralizer\" height=\"2560\" width=\"2560\" title=\"FlaconChromium-6_Neutralizer\" onerror=\"this.style.display='none'\" loading=\"lazy\" \/>\n\t\t\t\t<\/a>\n\t\t\t\t\t\t<figcaption>Read More<\/figcaption>\n\t<\/figure>\n\t<h3><a href=\"https:\/\/www.matinspired.com\/de\/chromvi-neutralisator-tk20\/\"><strong>Chrom(VI)<\/strong><\/a><br \/>\n<a href=\"https:\/\/www.matinspired.com\/de\/chromvi-neutralisator-tk20\/\"><strong>Neutralisator &#8211; TK20<br \/>\n<\/strong><\/a><\/h3>\n<p><b><em><a href=\"https:\/\/www.matinspired.com\/de\/chromvi-neutralisator-tk20\/\">zum Neutralisieren von Chrom(VI)-Verunreinigungen auf Metallen<\/a><\/em><\/b><\/p>\n<p><\/p>\n<figure itemscope itemtype=\"https:\/\/schema.org\/ImageObject\">\n\t\t\t\t<a href=\"https:\/\/www.matinspired.com\/de\/blei-detektionskit-tk08\/\"  target=\"_self\" itemprop=\"url\">\n\t\t\t\t<img decoding=\"async\" src=\"https:\/\/www.matinspired.com\/wp-content\/uploads\/2024\/01\/TK08EN-Kleiner-canvas.jpg\" alt=\"Lead Detection Test Kit - TK08\" height=\"900\" width=\"1450\" title=\"TK08EN-Kleiner-canvas\" onerror=\"this.style.display='none'\" loading=\"lazy\" \/>\n\t\t\t\t<\/a>\n\t\t\t\t\t\t<figcaption>Read more<\/figcaption>\n\t<\/figure>\n\t<h3><a href=\"https:\/\/www.matinspired.com\/de\/blei-detektionskit-tk08\/\"><strong>Blei<\/strong><\/a><br \/>\n<a href=\"https:\/\/www.matinspired.com\/de\/blei-detektionskit-tk08\/\"><strong>Detektionskit &#8211; TK08<br \/>\n<\/strong><\/a><\/h3>\n<p><a href=\"https:\/\/www.matinspired.com\/de\/blei-detektionskit-tk08\/\"><strong><em>f\u00fcr verschiedene Materialien, wie Farbschichten, Elektronik und Metalle<\/em><\/strong><\/a><\/p>\n<p>&nbsp;<\/p>\n<figure itemscope itemtype=\"https:\/\/schema.org\/ImageObject\">\n\t\t\t\t<a href=\"https:\/\/www.matinspired.com\/de\/makro-atzkit-fur-edelstahlschweisnahte-tk04\/\"  target=\"_self\" itemprop=\"url\">\n\t\t\t\t<img decoding=\"async\" src=\"https:\/\/www.matinspired.com\/wp-content\/uploads\/2025\/01\/TK04ENWIT.jpg\" alt=\"Read more\" height=\"1333\" width=\"2000\" title=\"TK04ENWIT\" onerror=\"this.style.display='none'\" loading=\"lazy\" \/>\n\t\t\t\t<\/a>\n\t\t\t\t\t\t<figcaption>Read more<\/figcaption>\n\t<\/figure>\n\t<h3><a href=\"https:\/\/www.matinspired.com\/de\/makro-atzkit-fur-edelstahlschweisnahte-tk04\/\"><strong>Makro-\u00c4tzkit f\u00fcr Edelstahlschwei\u00dfn\u00e4hte<\/strong><\/a><br \/>\n<a href=\"https:\/\/www.matinspired.com\/de\/makro-atzkit-fur-edelstahlschweisnahte-tk04\/\"><strong>Test Kit &#8211; TK04<\/strong><\/a><\/h3>\n<p><b><em><a href=\"https:\/\/www.matinspired.com\/de\/makro-atzkit-fur-edelstahlschweisnahte-tk04\/\">f\u00fcr Schwei\u00dfn\u00e4hte<\/a><\/em><\/b><\/p>\n<figure itemscope itemtype=\"https:\/\/schema.org\/ImageObject\">\n\t\t\t\t<a href=\"https:\/\/www.matinspired.com\/de\/makro-atzkit-fur-aluminiumschweisnahte-tk03\/\"  target=\"_self\" itemprop=\"url\">\n\t\t\t\t<img decoding=\"async\" src=\"https:\/\/www.matinspired.com\/wp-content\/uploads\/2025\/12\/TK03_Testkit_AluminiumWeld-scaled.jpg\" alt=\"Read More\" height=\"1707\" width=\"2560\" title=\"TK03_Testkit_AluminiumWeld\" onerror=\"this.style.display='none'\" loading=\"lazy\" \/>\n\t\t\t\t<\/a>\n\t\t\t\t\t\t<figcaption>Read More<\/figcaption>\n\t<\/figure>\n\t<h3><a href=\"https:\/\/www.matinspired.com\/de\/makro-atzkit-fur-aluminiumschweisnahte-tk03\/\"><strong>Makro-\u00c4tzkit f\u00fcr Aluminiumschwei\u00dfn\u00e4hte<\/strong><\/a><br \/>\n<a href=\"https:\/\/www.matinspired.com\/de\/makro-atzkit-fur-aluminiumschweisnahte-tk03\/\"><strong>Test Kit &#8211; TK03<\/strong><\/a><\/h3>\n<p><b><em><a href=\"https:\/\/www.matinspired.com\/de\/makro-atzkit-fur-aluminiumschweisnahte-tk03\/\">f\u00fcr Schwei\u00dfn\u00e4hte<\/a><\/em><\/b><\/p>\n<figure itemscope itemtype=\"https:\/\/schema.org\/ImageObject\">\n\t\t\t\t<a href=\"https:\/\/www.matinspired.com\/de\/edelstahl-304-316-identifikation-testkit-tk05\/\"  target=\"_self\" itemprop=\"url\">\n\t\t\t\t<img decoding=\"async\" src=\"https:\/\/www.matinspired.com\/wp-content\/uploads\/2024\/01\/TK05-oefen2-GROTER-CANVAS.jpg\" alt=\"304 - 316 Stainless Steel Identification Test Kit - TK05\" height=\"1175\" width=\"1813\" title=\"TK05-oefen2-GROTER-CANVAS\" onerror=\"this.style.display='none'\" loading=\"lazy\" \/>\n\t\t\t\t<\/a>\n\t\t\t\t\t\t<figcaption>Read more<\/figcaption>\n\t<\/figure>\n\t<h3><a href=\"https:\/\/www.matinspired.com\/de\/edelstahl-304-316-identifikation-testkit-tk05\/\"><strong>Edelstahl 304-316<\/strong><\/a><br \/>\n<a href=\"https:\/\/www.matinspired.com\/de\/edelstahl-304-316-identifikation-testkit-tk05\/\"><strong>Identifikation Testkit &#8211; TK05<\/strong><\/a><\/h3>\n<b><em><a href=\"https:\/\/www.matinspired.com\/de\/edelstahl-304-316-identifikation-testkit-tk05\/\">f\u00fcr rostfreien Stahl Typ 304 und Typ 316<br \/>\n<\/a><\/em><\/b>\n<figure itemscope itemtype=\"https:\/\/schema.org\/ImageObject\">\n\t\t\t\t<a href=\"https:\/\/www.matinspired.com\/de\/ferroxyl-test-tk13\/\"  target=\"_self\" itemprop=\"url\">\n\t\t\t\t<img decoding=\"async\" src=\"https:\/\/www.matinspired.com\/wp-content\/uploads\/2024\/01\/TK13-canvas.jpg\" alt=\"Ferroxyl Test Kit - TK13\" height=\"1300\" width=\"1866\" title=\"TK13-canvas\" onerror=\"this.style.display='none'\" loading=\"lazy\" \/>\n\t\t\t\t<\/a>\n\t\t\t\t\t\t<figcaption>Read more<\/figcaption>\n\t<\/figure>\n\t<h3><a href=\"https:\/\/www.matinspired.com\/de\/ferroxyl-test-tk13\/\"><strong>Ferroxyl<\/strong><\/a><br \/>\n<a href=\"https:\/\/www.matinspired.com\/de\/ferroxyl-test-tk13\/\"><strong>Test Kit &#8211; TK13<\/strong><\/a><\/h3>\n<p><a href=\"https:\/\/www.matinspired.com\/de\/ferroxyl-test-tk13\/\"><em><strong>zur Identifizierung von freiem Eisen gem\u00e4\u00df ASTM A380<\/strong><\/em><\/a><\/p>\n<p>&nbsp;<\/p>\n<p>&nbsp;<\/p>\n<figure itemscope itemtype=\"https:\/\/schema.org\/ImageObject\">\n\t\t\t\t<a href=\"https:\/\/www.matinspired.com\/de\/edelstahl-303-identifizierung-testkit-tk14\/\"  target=\"_self\" itemprop=\"url\">\n\t\t\t\t<img decoding=\"async\" src=\"https:\/\/www.matinspired.com\/wp-content\/uploads\/2023\/05\/TK14-MATinspired-303-identification-Test-Kit-scaled.webp\" alt=\"TK14 MATinspired 303 identification Test Kit\" height=\"1706\" width=\"2560\" title=\"TK14 MATinspired 303 identification Test Kit\" onerror=\"this.style.display='none'\" loading=\"lazy\" \/>\n\t\t\t\t<\/a>\n\t\t\t\t\t\t<figcaption>Read More<\/figcaption>\n\t<\/figure>\n\t<h3><a href=\"https:\/\/www.matinspired.com\/de\/edelstahl-303-identifizierung-testkit-tk14\/\"><strong>Edelstahl 303<\/strong><\/a><br \/>\n<a href=\"https:\/\/www.matinspired.com\/de\/edelstahl-303-identifizierung-testkit-tk14\/\"><strong>Identifikation Testkit &#8211; TK14<\/strong><\/a><\/h3>\n<p><a href=\"https:\/\/www.matinspired.com\/de\/edelstahl-303-identifizierung-testkit-tk14\/\"><em><strong>Mit diesem Testkit k\u00f6nnen Sie 303-Edelstahl leicht identifizieren<\/strong><\/em><\/a><\/p>\n<figure itemscope itemtype=\"https:\/\/schema.org\/ImageObject\">\n\t\t\t\t<a href=\"https:\/\/www.matinspired.com\/de\/salz-detektionstestkit-tk21\/\"  target=\"_self\" itemprop=\"url\">\n\t\t\t\t<img decoding=\"async\" src=\"https:\/\/www.matinspired.com\/wp-content\/uploads\/2025\/12\/TK21_Testkit_saltdetection-3-scaled.jpg\" alt=\"Read More\" height=\"1687\" width=\"2560\" title=\"TK21_Testkit_saltdetection\" onerror=\"this.style.display='none'\" loading=\"lazy\" \/>\n\t\t\t\t<\/a>\n\t\t\t\t\t\t<figcaption>Read More<\/figcaption>\n\t<\/figure>\n\t<h3><a href=\"https:\/\/www.matinspired.com\/de\/salz-detektionstestkit-tk21\/\"><strong>Salz<\/strong><\/a><br \/>\n<a href=\"https:\/\/www.matinspired.com\/de\/salz-detektionstestkit-tk21\/\"><strong>Detektionstestkit &#8211; TK21<\/strong><\/a><\/h3>\n<p><a href=\"https:\/\/www.matinspired.com\/de\/salz-detektionstestkit-tk21\/\"><em><strong>zur Erkennung von Meersalz- oder Stra\u00dfensalzr\u00fcckst\u00e4nden auf Metall<\/strong><\/em><\/a><\/p>\n\n","protected":false},"excerpt":{"rendered":"<p>Produkte &nbsp; Read more Chrom(VI) Detektionskit &#8211; TK11\u00ae f\u00fcr Oberfl\u00e4chenverunreinigungen, Staubpartikel, Beschichtungen und Anstriche. &nbsp; Read More Chrom(VI) Neutralisator &#8211; TK20 zum Neutralisieren von Chrom(VI)-Verunreinigungen auf Metallen Read more Blei Detektionskit &#8211; TK08 f\u00fcr verschiedene Materialien, wie Farbschichten, Elektronik und Metalle &nbsp; Read more Makro-\u00c4tzkit f\u00fcr Edelstahlschwei\u00dfn\u00e4hte Test Kit &#8211; TK04 f\u00fcr Schwei\u00dfn\u00e4hte Read More&#8230;<\/p>\n","protected":false},"author":3,"featured_media":0,"parent":0,"menu_order":0,"comment_status":"closed","ping_status":"closed","template":"","meta":{"footnotes":""},"class_list":["post-14882","page","type-page","status-publish","hentry"],"yoast_head":"<!-- This site is optimized with the Yoast SEO plugin v27.5 - https:\/\/yoast.com\/product\/yoast-seo-wordpress\/ -->\n<title>Shop - Matinspired.com<\/title>\n<meta name=\"robots\" content=\"index, follow, max-snippet:-1, max-image-preview:large, max-video-preview:-1\" \/>\n<link rel=\"canonical\" href=\"https:\/\/www.matinspired.com\/de\/webshop\/\" \/>\n<meta property=\"og:locale\" content=\"de_DE\" \/>\n<meta property=\"og:type\" content=\"article\" \/>\n<meta property=\"og:title\" content=\"Shop - Matinspired.com\" \/>\n<meta property=\"og:description\" content=\"Produkte &nbsp; Read more Chrom(VI) Detektionskit &#8211; TK11\u00ae f\u00fcr Oberfl\u00e4chenverunreinigungen, Staubpartikel, Beschichtungen und Anstriche. &nbsp; Read More Chrom(VI) Neutralisator &#8211; TK20 zum Neutralisieren von Chrom(VI)-Verunreinigungen auf Metallen Read more Blei Detektionskit &#8211; TK08 f\u00fcr verschiedene Materialien, wie Farbschichten, Elektronik und Metalle &nbsp; Read more Makro-\u00c4tzkit f\u00fcr Edelstahlschwei\u00dfn\u00e4hte Test Kit &#8211; TK04 f\u00fcr Schwei\u00dfn\u00e4hte Read More...\" \/>\n<meta property=\"og:url\" content=\"https:\/\/www.matinspired.com\/de\/webshop\/\" \/>\n<meta property=\"og:site_name\" content=\"Matinspired.com\" \/>\n<meta property=\"article:modified_time\" content=\"2026-03-12T20:41:05+00:00\" \/>\n<meta property=\"og:image\" content=\"https:\/\/www.matinspired.com\/wp-content\/uploads\/2020\/11\/Foto-Engelstalige-testkit.png\" \/>\n<meta name=\"twitter:card\" content=\"summary_large_image\" \/>\n<meta name=\"twitter:site\" content=\"@MATinspired\" \/>\n<meta name=\"twitter:label1\" content=\"Gesch\u00e4tzte Lesezeit\" \/>\n\t<meta name=\"twitter:data1\" content=\"3\u00a0Minuten\" \/>\n<script type=\"application\/ld+json\" class=\"yoast-schema-graph\">{\"@context\":\"https:\\\/\\\/schema.org\",\"@graph\":[{\"@type\":\"WebPage\",\"@id\":\"https:\\\/\\\/www.matinspired.com\\\/de\\\/webshop\\\/\",\"url\":\"https:\\\/\\\/www.matinspired.com\\\/de\\\/webshop\\\/\",\"name\":\"Shop - Matinspired.com\",\"isPartOf\":{\"@id\":\"https:\\\/\\\/www.matinspired.com\\\/de\\\/#website\"},\"primaryImageOfPage\":{\"@id\":\"https:\\\/\\\/www.matinspired.com\\\/de\\\/webshop\\\/#primaryimage\"},\"image\":{\"@id\":\"https:\\\/\\\/www.matinspired.com\\\/de\\\/webshop\\\/#primaryimage\"},\"thumbnailUrl\":\"https:\\\/\\\/www.matinspired.com\\\/wp-content\\\/uploads\\\/2020\\\/11\\\/Foto-Engelstalige-testkit.png\",\"datePublished\":\"2023-07-13T11:44:25+00:00\",\"dateModified\":\"2026-03-12T20:41:05+00:00\",\"breadcrumb\":{\"@id\":\"https:\\\/\\\/www.matinspired.com\\\/de\\\/webshop\\\/#breadcrumb\"},\"inLanguage\":\"de\",\"potentialAction\":[{\"@type\":\"ReadAction\",\"target\":[\"https:\\\/\\\/www.matinspired.com\\\/de\\\/webshop\\\/\"]}]},{\"@type\":\"ImageObject\",\"inLanguage\":\"de\",\"@id\":\"https:\\\/\\\/www.matinspired.com\\\/de\\\/webshop\\\/#primaryimage\",\"url\":\"https:\\\/\\\/www.matinspired.com\\\/wp-content\\\/uploads\\\/2020\\\/11\\\/Foto-Engelstalige-testkit.png\",\"contentUrl\":\"https:\\\/\\\/www.matinspired.com\\\/wp-content\\\/uploads\\\/2020\\\/11\\\/Foto-Engelstalige-testkit.png\"},{\"@type\":\"BreadcrumbList\",\"@id\":\"https:\\\/\\\/www.matinspired.com\\\/de\\\/webshop\\\/#breadcrumb\",\"itemListElement\":[{\"@type\":\"ListItem\",\"position\":1,\"name\":\"Home\",\"item\":\"https:\\\/\\\/www.matinspired.com\\\/de\\\/\"},{\"@type\":\"ListItem\",\"position\":2,\"name\":\"Shop\"}]},{\"@type\":\"WebSite\",\"@id\":\"https:\\\/\\\/www.matinspired.com\\\/de\\\/#website\",\"url\":\"https:\\\/\\\/www.matinspired.com\\\/de\\\/\",\"name\":\"Matinspired.com\",\"description\":\"Chromium-6 test kits and more\",\"publisher\":{\"@id\":\"https:\\\/\\\/www.matinspired.com\\\/de\\\/#organization\"},\"potentialAction\":[{\"@type\":\"SearchAction\",\"target\":{\"@type\":\"EntryPoint\",\"urlTemplate\":\"https:\\\/\\\/www.matinspired.com\\\/de\\\/?s={search_term_string}\"},\"query-input\":{\"@type\":\"PropertyValueSpecification\",\"valueRequired\":true,\"valueName\":\"search_term_string\"}}],\"inLanguage\":\"de\"},{\"@type\":\"Organization\",\"@id\":\"https:\\\/\\\/www.matinspired.com\\\/de\\\/#organization\",\"name\":\"MATinspired B.V.\",\"url\":\"https:\\\/\\\/www.matinspired.com\\\/de\\\/\",\"logo\":{\"@type\":\"ImageObject\",\"inLanguage\":\"de\",\"@id\":\"https:\\\/\\\/www.matinspired.com\\\/de\\\/#\\\/schema\\\/logo\\\/image\\\/\",\"url\":\"https:\\\/\\\/www.matinspired.com\\\/wp-content\\\/uploads\\\/2023\\\/03\\\/LogoMATinspiredPO-696x969-1.jpg\",\"contentUrl\":\"https:\\\/\\\/www.matinspired.com\\\/wp-content\\\/uploads\\\/2023\\\/03\\\/LogoMATinspiredPO-696x969-1.jpg\",\"width\":696,\"height\":696,\"caption\":\"MATinspired B.V.\"},\"image\":{\"@id\":\"https:\\\/\\\/www.matinspired.com\\\/de\\\/#\\\/schema\\\/logo\\\/image\\\/\"},\"sameAs\":[\"https:\\\/\\\/x.com\\\/MATinspired\"]}]}<\/script>\n<!-- \/ Yoast SEO plugin. -->","yoast_head_json":{"title":"Shop - Matinspired.com","robots":{"index":"index","follow":"follow","max-snippet":"max-snippet:-1","max-image-preview":"max-image-preview:large","max-video-preview":"max-video-preview:-1"},"canonical":"https:\/\/www.matinspired.com\/de\/webshop\/","og_locale":"de_DE","og_type":"article","og_title":"Shop - Matinspired.com","og_description":"Produkte &nbsp; Read more Chrom(VI) Detektionskit &#8211; TK11\u00ae f\u00fcr Oberfl\u00e4chenverunreinigungen, Staubpartikel, Beschichtungen und Anstriche. &nbsp; Read More Chrom(VI) Neutralisator &#8211; TK20 zum Neutralisieren von Chrom(VI)-Verunreinigungen auf Metallen Read more Blei Detektionskit &#8211; TK08 f\u00fcr verschiedene Materialien, wie Farbschichten, Elektronik und Metalle &nbsp; Read more Makro-\u00c4tzkit f\u00fcr Edelstahlschwei\u00dfn\u00e4hte Test Kit &#8211; TK04 f\u00fcr Schwei\u00dfn\u00e4hte Read More...","og_url":"https:\/\/www.matinspired.com\/de\/webshop\/","og_site_name":"Matinspired.com","article_modified_time":"2026-03-12T20:41:05+00:00","og_image":[{"url":"https:\/\/www.matinspired.com\/wp-content\/uploads\/2020\/11\/Foto-Engelstalige-testkit.png","type":"","width":"","height":""}],"twitter_card":"summary_large_image","twitter_site":"@MATinspired","twitter_misc":{"Gesch\u00e4tzte Lesezeit":"3\u00a0Minuten"},"schema":{"@context":"https:\/\/schema.org","@graph":[{"@type":"WebPage","@id":"https:\/\/www.matinspired.com\/de\/webshop\/","url":"https:\/\/www.matinspired.com\/de\/webshop\/","name":"Shop - Matinspired.com","isPartOf":{"@id":"https:\/\/www.matinspired.com\/de\/#website"},"primaryImageOfPage":{"@id":"https:\/\/www.matinspired.com\/de\/webshop\/#primaryimage"},"image":{"@id":"https:\/\/www.matinspired.com\/de\/webshop\/#primaryimage"},"thumbnailUrl":"https:\/\/www.matinspired.com\/wp-content\/uploads\/2020\/11\/Foto-Engelstalige-testkit.png","datePublished":"2023-07-13T11:44:25+00:00","dateModified":"2026-03-12T20:41:05+00:00","breadcrumb":{"@id":"https:\/\/www.matinspired.com\/de\/webshop\/#breadcrumb"},"inLanguage":"de","potentialAction":[{"@type":"ReadAction","target":["https:\/\/www.matinspired.com\/de\/webshop\/"]}]},{"@type":"ImageObject","inLanguage":"de","@id":"https:\/\/www.matinspired.com\/de\/webshop\/#primaryimage","url":"https:\/\/www.matinspired.com\/wp-content\/uploads\/2020\/11\/Foto-Engelstalige-testkit.png","contentUrl":"https:\/\/www.matinspired.com\/wp-content\/uploads\/2020\/11\/Foto-Engelstalige-testkit.png"},{"@type":"BreadcrumbList","@id":"https:\/\/www.matinspired.com\/de\/webshop\/#breadcrumb","itemListElement":[{"@type":"ListItem","position":1,"name":"Home","item":"https:\/\/www.matinspired.com\/de\/"},{"@type":"ListItem","position":2,"name":"Shop"}]},{"@type":"WebSite","@id":"https:\/\/www.matinspired.com\/de\/#website","url":"https:\/\/www.matinspired.com\/de\/","name":"Matinspired.com","description":"Chromium-6 test kits and more","publisher":{"@id":"https:\/\/www.matinspired.com\/de\/#organization"},"potentialAction":[{"@type":"SearchAction","target":{"@type":"EntryPoint","urlTemplate":"https:\/\/www.matinspired.com\/de\/?s={search_term_string}"},"query-input":{"@type":"PropertyValueSpecification","valueRequired":true,"valueName":"search_term_string"}}],"inLanguage":"de"},{"@type":"Organization","@id":"https:\/\/www.matinspired.com\/de\/#organization","name":"MATinspired B.V.","url":"https:\/\/www.matinspired.com\/de\/","logo":{"@type":"ImageObject","inLanguage":"de","@id":"https:\/\/www.matinspired.com\/de\/#\/schema\/logo\/image\/","url":"https:\/\/www.matinspired.com\/wp-content\/uploads\/2023\/03\/LogoMATinspiredPO-696x969-1.jpg","contentUrl":"https:\/\/www.matinspired.com\/wp-content\/uploads\/2023\/03\/LogoMATinspiredPO-696x969-1.jpg","width":696,"height":696,"caption":"MATinspired B.V."},"image":{"@id":"https:\/\/www.matinspired.com\/de\/#\/schema\/logo\/image\/"},"sameAs":["https:\/\/x.com\/MATinspired"]}]}},"jetpack_sharing_enabled":true,"_links":{"self":[{"href":"https:\/\/www.matinspired.com\/de\/wp-json\/wp\/v2\/pages\/14882","targetHints":{"allow":["GET"]}}],"collection":[{"href":"https:\/\/www.matinspired.com\/de\/wp-json\/wp\/v2\/pages"}],"about":[{"href":"https:\/\/www.matinspired.com\/de\/wp-json\/wp\/v2\/types\/page"}],"author":[{"embeddable":true,"href":"https:\/\/www.matinspired.com\/de\/wp-json\/wp\/v2\/users\/3"}],"replies":[{"embeddable":true,"href":"https:\/\/www.matinspired.com\/de\/wp-json\/wp\/v2\/comments?post=14882"}],"version-history":[{"count":8,"href":"https:\/\/www.matinspired.com\/de\/wp-json\/wp\/v2\/pages\/14882\/revisions"}],"predecessor-version":[{"id":74545,"href":"https:\/\/www.matinspired.com\/de\/wp-json\/wp\/v2\/pages\/14882\/revisions\/74545"}],"wp:attachment":[{"href":"https:\/\/www.matinspired.com\/de\/wp-json\/wp\/v2\/media?parent=14882"}],"curies":[{"name":"wp","href":"https:\/\/api.w.org\/{rel}","templated":true}]}}