{"id":14874,"date":"2023-02-23T10:36:08","date_gmt":"2023-02-23T09:36:08","guid":{"rendered":"https:\/\/www.matinspired.com\/chloride-detection-test\/"},"modified":"2026-03-06T14:07:02","modified_gmt":"2026-03-06T13:07:02","slug":"salz-detektionstestkit-tk21","status":"publish","type":"page","link":"https:\/\/www.matinspired.com\/de\/salz-detektionstestkit-tk21\/","title":{"rendered":"Salz Detektionstestkit \/  Silbernitrat Testkit &#8211; TK21"},"content":{"rendered":"\n\n\t\n<h1><strong>Salz-Detektionstestkit &#8211; TK21<\/strong><\/h1>\n<p>&nbsp;<\/p>\n\t<strong>Salz-<br \/>\nDetektionstestkit &#8211; TK21<br \/>\n<\/strong><strong><em>zur Erkennung von Meersalz- oder Stra\u00dfensalzr\u00fcckst\u00e4nden auf Metall<\/em><\/strong>\n<p>Mit diesem Testkit k\u00f6nnen Sie Spuren von Salz auf Ihrem Metall nachweisen. Dieses Salz kann z. B. aus Meerwasser oder Streusalz stammen. Salz f\u00fchrt oft zu einer beschleunigten Korrosion\/Rostbildung von Metallen, was zu erheblichen Sch\u00e4den an Metallprodukten f\u00fchren kann.<\/p>\n<p>Mit dieser Tropfflasche (15 ml) k\u00f6nnen Sie etwa 100 Tests durchf\u00fchren.<\/p>\n<p><strong>Wie man diesen Test durchf\u00fchrt<\/strong><\/p>\n<p>Der Test ist einfach. Mit der Tropfflasche k\u00f6nnen Sie ein Tropfen der Silbernitratl\u00f6sung auf ein beliebiges Metall auftragen. Wenn Chloride vorhanden sind &#8211; wie zum Beispiel Meersalz oder Streusalz &#8211; reagiert die L\u00f6sung mit ihnen und erzeugt eine milchig-wei\u00dfe Farbe.<\/p>\n<p><strong>Einige Anwendungen dieses Tests<\/strong><\/p>\n<p>Mit diesem Testkit k\u00f6nnen Sie z. B. den leeren Laderaum von Seeschiffen auf Seewasserr\u00fcckst\u00e4nde &#8211; d. h. R\u00fcckst\u00e4nde von Meersalz &#8211; \u00fcberpr\u00fcfen. Auf diese Weise k\u00f6nnen Sie verhindern, dass neue Metallladungen mit Seewasser verunreinigt werden, was zu Rost und Sch\u00e4den f\u00fchren kann. Es ist daher empfehlenswert, diesen Chlorid-Nachweis-Test (Silbernitrat-Test) immer an Bord zu haben.<\/p>\n<p>Dar\u00fcber hinaus k\u00f6nnen Sie mit diesem Test zum Beispiel pr\u00fcfen, ob sich Salzr\u00fcckst\u00e4nde auf dem gelieferten Metall befinden. So kann beispielsweise Meersalz oder Streusalz w\u00e4hrend des Transports auf das Metall gelangt sein.<\/p>\n<p><strong>Surfaces m\u00e9talliques adapt\u00e9es<\/strong><\/p>\n<p>Le kit de test de d\u00e9tection du sel TK21 convient \u00e0 une large gamme de m\u00e9taux, notamment l&#8217;acier, l&#8217;acier inoxydable, l&#8217;aluminium et les surfaces peintes. Pour tester les surfaces en zinc ou recouvertes de zinc, le kit d&#8217;extension TK21EX pour le zinc est n\u00e9cessaire en plus du kit de test de d\u00e9tection du sel TK21. Si vous souhaitez commander le kit d&#8217;extension TK21EX, il vous suffit de le mentionner dans le formulaire de devis.<\/p>\n<p><strong>Hintergrund<\/strong><\/p>\n<p>Mit diesem Testkit wird Chlor in Salz (Natriumchlorid) nachgewiesen. Dieser Test enth\u00e4lt Silbernitrat als Reagenz und wird daher manchmal auch als Silbernitrat-Test bezeichnet.<\/p>\n<figure itemscope itemtype=\"https:\/\/schema.org\/ImageObject\">\n\t\t\t\t<img decoding=\"async\" src=\"https:\/\/www.matinspired.com\/wp-content\/uploads\/2025\/12\/TK21_Testkit_saltdetection-3-scaled.jpg\" alt=\"Read More\" height=\"1687\" width=\"2560\" title=\"TK21_Testkit_saltdetection\" onerror=\"this.style.display='none'\" loading=\"lazy\" \/>\n\t<\/figure>\n<figure itemscope itemtype=\"https:\/\/schema.org\/ImageObject\">\n\t\t\t\t<img decoding=\"async\" src=\"https:\/\/www.matinspired.com\/wp-content\/uploads\/2025\/01\/TK21-Salt-test-example.jpg\" alt=\"TK21 Salt test example\" height=\"1700\" width=\"2000\" title=\"TK21 Salt test example\" onerror=\"this.style.display='none'\" loading=\"lazy\" \/>\n\t<\/figure>\n\t\t\t<a href=\"https:\/\/www.matinspired.com\/de\/angebotsanfrage\/?artikel=TK21%20-%20Salz-Detektionstest&#038;aantal-andere=1\"  target=\"_self\">\n\t\t\t\t\t\tAngebotsanfrage\n\t\t\t\t\t<\/a>\n\t<em>Die Lieferung ist nur f\u00fcr Firmen m\u00f6glich.<\/em><br \/>\n<em>Sie erhalten unser Angebot per E-Mail innerhalb von ein bis zwei Werktagen. Wenn Sie mit diesem Angebot einverstanden sind, senden wir Ihnen das Test Kit umgehend zu.<\/em>\n\t<p><em><p><i> Haftungsausschluss<br \/>\nObwohl dieses Produkt mit gr\u00f6\u00dfter Sorgfalt zusammengestellt wurden, kann MATinspired B.V. nicht f\u00fcr Sch\u00e4den haftbar gemacht werden, die durch die Verwendung oder den Kontakt mit dem Produkt entstehen. Dieses Messverfahren liefert nur einen Hinweis. MATinspired B.V. \u00fcbernimmt keinerlei Verantwortung f\u00fcr die Testergebnisse. <\/i><\/p>\n<\/em><\/p>\n\n","protected":false},"excerpt":{"rendered":"<p>Salz-Detektionstestkit &#8211; TK21 &nbsp; Salz- Detektionstestkit &#8211; TK21 zur Erkennung von Meersalz- oder Stra\u00dfensalzr\u00fcckst\u00e4nden auf Metall Mit diesem Testkit k\u00f6nnen Sie Spuren von Salz auf Ihrem Metall nachweisen. Dieses Salz kann z. B. aus Meerwasser oder Streusalz stammen. Salz f\u00fchrt oft zu einer beschleunigten Korrosion\/Rostbildung von Metallen, was zu erheblichen Sch\u00e4den an Metallprodukten f\u00fchren kann&#8230;.<\/p>\n","protected":false},"author":3,"featured_media":0,"parent":0,"menu_order":0,"comment_status":"closed","ping_status":"closed","template":"","meta":{"footnotes":""},"class_list":["post-14874","page","type-page","status-publish","hentry"],"yoast_head":"<!-- This site is optimized with the Yoast SEO plugin v27.2 - https:\/\/yoast.com\/product\/yoast-seo-wordpress\/ -->\n<title>Salz Detektionstestkit \/ Silbernitrat Testkit - TK21<\/title>\n<meta name=\"description\" content=\"Erkennen Sie Salzr\u00fcckst\u00e4nde (Chloride) auf Metalloberfl\u00e4chen mit dem TK21-Silbernitrat-Testkit. Verhindern Sie Korrosion durch Meerwasser oder Streusalz. Schnell und effektiv.\" \/>\n<meta name=\"robots\" content=\"index, follow, max-snippet:-1, max-image-preview:large, max-video-preview:-1\" \/>\n<link rel=\"canonical\" href=\"https:\/\/www.matinspired.com\/de\/salz-detektionstestkit-tk21\/\" \/>\n<meta property=\"og:locale\" content=\"de_DE\" \/>\n<meta property=\"og:type\" content=\"article\" \/>\n<meta property=\"og:title\" content=\"Salz Detektionstestkit \/ Silbernitrat Testkit - TK21\" \/>\n<meta property=\"og:description\" content=\"Erkennen Sie Salzr\u00fcckst\u00e4nde (Chloride) auf Metalloberfl\u00e4chen mit dem TK21-Silbernitrat-Testkit. Verhindern Sie Korrosion durch Meerwasser oder Streusalz. Schnell und effektiv.\" \/>\n<meta property=\"og:url\" content=\"https:\/\/www.matinspired.com\/de\/salz-detektionstestkit-tk21\/\" \/>\n<meta property=\"og:site_name\" content=\"Matinspired.com\" \/>\n<meta property=\"article:modified_time\" content=\"2026-03-06T13:07:02+00:00\" \/>\n<meta property=\"og:image\" content=\"https:\/\/www.matinspired.com\/wp-content\/uploads\/2025\/12\/TK21_Testkit_saltdetection-3-scaled.jpg\" \/>\n<meta name=\"twitter:card\" content=\"summary_large_image\" \/>\n<meta name=\"twitter:site\" content=\"@MATinspired\" \/>\n<meta name=\"twitter:label1\" content=\"Gesch\u00e4tzte Lesezeit\" \/>\n\t<meta name=\"twitter:data1\" content=\"2\u00a0Minuten\" \/>\n<script type=\"application\/ld+json\" class=\"yoast-schema-graph\">{\"@context\":\"https:\/\/schema.org\",\"@graph\":[{\"@type\":\"WebPage\",\"@id\":\"https:\/\/www.matinspired.com\/de\/salz-detektionstestkit-tk21\/\",\"url\":\"https:\/\/www.matinspired.com\/de\/salz-detektionstestkit-tk21\/\",\"name\":\"Salz Detektionstestkit \/ Silbernitrat Testkit - TK21\",\"isPartOf\":{\"@id\":\"https:\/\/www.matinspired.com\/de\/#website\"},\"primaryImageOfPage\":{\"@id\":\"https:\/\/www.matinspired.com\/de\/salz-detektionstestkit-tk21\/#primaryimage\"},\"image\":{\"@id\":\"https:\/\/www.matinspired.com\/de\/salz-detektionstestkit-tk21\/#primaryimage\"},\"thumbnailUrl\":\"https:\/\/www.matinspired.com\/wp-content\/uploads\/2025\/12\/TK21_Testkit_saltdetection-3-scaled.jpg\",\"datePublished\":\"2023-02-23T09:36:08+00:00\",\"dateModified\":\"2026-03-06T13:07:02+00:00\",\"description\":\"Erkennen Sie Salzr\u00fcckst\u00e4nde (Chloride) auf Metalloberfl\u00e4chen mit dem TK21-Silbernitrat-Testkit. Verhindern Sie Korrosion durch Meerwasser oder Streusalz. Schnell und effektiv.\",\"breadcrumb\":{\"@id\":\"https:\/\/www.matinspired.com\/de\/salz-detektionstestkit-tk21\/#breadcrumb\"},\"inLanguage\":\"de\",\"potentialAction\":[{\"@type\":\"ReadAction\",\"target\":[\"https:\/\/www.matinspired.com\/de\/salz-detektionstestkit-tk21\/\"]}]},{\"@type\":\"ImageObject\",\"inLanguage\":\"de\",\"@id\":\"https:\/\/www.matinspired.com\/de\/salz-detektionstestkit-tk21\/#primaryimage\",\"url\":\"https:\/\/www.matinspired.com\/wp-content\/uploads\/2025\/12\/TK21_Testkit_saltdetection-3-scaled.jpg\",\"contentUrl\":\"https:\/\/www.matinspired.com\/wp-content\/uploads\/2025\/12\/TK21_Testkit_saltdetection-3-scaled.jpg\"},{\"@type\":\"BreadcrumbList\",\"@id\":\"https:\/\/www.matinspired.com\/de\/salz-detektionstestkit-tk21\/#breadcrumb\",\"itemListElement\":[{\"@type\":\"ListItem\",\"position\":1,\"name\":\"Home\",\"item\":\"https:\/\/www.matinspired.com\/de\/\"},{\"@type\":\"ListItem\",\"position\":2,\"name\":\"Salz Detektionstestkit \/ Silbernitrat Testkit &#8211; TK21\"}]},{\"@type\":\"WebSite\",\"@id\":\"https:\/\/www.matinspired.com\/de\/#website\",\"url\":\"https:\/\/www.matinspired.com\/de\/\",\"name\":\"Matinspired.com\",\"description\":\"Chromium-6 test kits and more\",\"publisher\":{\"@id\":\"https:\/\/www.matinspired.com\/de\/#organization\"},\"potentialAction\":[{\"@type\":\"SearchAction\",\"target\":{\"@type\":\"EntryPoint\",\"urlTemplate\":\"https:\/\/www.matinspired.com\/de\/?s={search_term_string}\"},\"query-input\":{\"@type\":\"PropertyValueSpecification\",\"valueRequired\":true,\"valueName\":\"search_term_string\"}}],\"inLanguage\":\"de\"},{\"@type\":\"Organization\",\"@id\":\"https:\/\/www.matinspired.com\/de\/#organization\",\"name\":\"MATinspired B.V.\",\"url\":\"https:\/\/www.matinspired.com\/de\/\",\"logo\":{\"@type\":\"ImageObject\",\"inLanguage\":\"de\",\"@id\":\"https:\/\/www.matinspired.com\/de\/#\/schema\/logo\/image\/\",\"url\":\"https:\/\/www.matinspired.com\/wp-content\/uploads\/2023\/03\/LogoMATinspiredPO-696x969-1.jpg\",\"contentUrl\":\"https:\/\/www.matinspired.com\/wp-content\/uploads\/2023\/03\/LogoMATinspiredPO-696x969-1.jpg\",\"width\":696,\"height\":696,\"caption\":\"MATinspired B.V.\"},\"image\":{\"@id\":\"https:\/\/www.matinspired.com\/de\/#\/schema\/logo\/image\/\"},\"sameAs\":[\"https:\/\/x.com\/MATinspired\"]}]}<\/script>\n<!-- \/ Yoast SEO plugin. -->","yoast_head_json":{"title":"Salz Detektionstestkit \/ Silbernitrat Testkit - TK21","description":"Erkennen Sie Salzr\u00fcckst\u00e4nde (Chloride) auf Metalloberfl\u00e4chen mit dem TK21-Silbernitrat-Testkit. Verhindern Sie Korrosion durch Meerwasser oder Streusalz. Schnell und effektiv.","robots":{"index":"index","follow":"follow","max-snippet":"max-snippet:-1","max-image-preview":"max-image-preview:large","max-video-preview":"max-video-preview:-1"},"canonical":"https:\/\/www.matinspired.com\/de\/salz-detektionstestkit-tk21\/","og_locale":"de_DE","og_type":"article","og_title":"Salz Detektionstestkit \/ Silbernitrat Testkit - TK21","og_description":"Erkennen Sie Salzr\u00fcckst\u00e4nde (Chloride) auf Metalloberfl\u00e4chen mit dem TK21-Silbernitrat-Testkit. Verhindern Sie Korrosion durch Meerwasser oder Streusalz. Schnell und effektiv.","og_url":"https:\/\/www.matinspired.com\/de\/salz-detektionstestkit-tk21\/","og_site_name":"Matinspired.com","article_modified_time":"2026-03-06T13:07:02+00:00","og_image":[{"url":"https:\/\/www.matinspired.com\/wp-content\/uploads\/2025\/12\/TK21_Testkit_saltdetection-3-scaled.jpg","type":"","width":"","height":""}],"twitter_card":"summary_large_image","twitter_site":"@MATinspired","twitter_misc":{"Gesch\u00e4tzte Lesezeit":"2\u00a0Minuten"},"schema":{"@context":"https:\/\/schema.org","@graph":[{"@type":"WebPage","@id":"https:\/\/www.matinspired.com\/de\/salz-detektionstestkit-tk21\/","url":"https:\/\/www.matinspired.com\/de\/salz-detektionstestkit-tk21\/","name":"Salz Detektionstestkit \/ Silbernitrat Testkit - TK21","isPartOf":{"@id":"https:\/\/www.matinspired.com\/de\/#website"},"primaryImageOfPage":{"@id":"https:\/\/www.matinspired.com\/de\/salz-detektionstestkit-tk21\/#primaryimage"},"image":{"@id":"https:\/\/www.matinspired.com\/de\/salz-detektionstestkit-tk21\/#primaryimage"},"thumbnailUrl":"https:\/\/www.matinspired.com\/wp-content\/uploads\/2025\/12\/TK21_Testkit_saltdetection-3-scaled.jpg","datePublished":"2023-02-23T09:36:08+00:00","dateModified":"2026-03-06T13:07:02+00:00","description":"Erkennen Sie Salzr\u00fcckst\u00e4nde (Chloride) auf Metalloberfl\u00e4chen mit dem TK21-Silbernitrat-Testkit. Verhindern Sie Korrosion durch Meerwasser oder Streusalz. Schnell und effektiv.","breadcrumb":{"@id":"https:\/\/www.matinspired.com\/de\/salz-detektionstestkit-tk21\/#breadcrumb"},"inLanguage":"de","potentialAction":[{"@type":"ReadAction","target":["https:\/\/www.matinspired.com\/de\/salz-detektionstestkit-tk21\/"]}]},{"@type":"ImageObject","inLanguage":"de","@id":"https:\/\/www.matinspired.com\/de\/salz-detektionstestkit-tk21\/#primaryimage","url":"https:\/\/www.matinspired.com\/wp-content\/uploads\/2025\/12\/TK21_Testkit_saltdetection-3-scaled.jpg","contentUrl":"https:\/\/www.matinspired.com\/wp-content\/uploads\/2025\/12\/TK21_Testkit_saltdetection-3-scaled.jpg"},{"@type":"BreadcrumbList","@id":"https:\/\/www.matinspired.com\/de\/salz-detektionstestkit-tk21\/#breadcrumb","itemListElement":[{"@type":"ListItem","position":1,"name":"Home","item":"https:\/\/www.matinspired.com\/de\/"},{"@type":"ListItem","position":2,"name":"Salz Detektionstestkit \/ Silbernitrat Testkit &#8211; TK21"}]},{"@type":"WebSite","@id":"https:\/\/www.matinspired.com\/de\/#website","url":"https:\/\/www.matinspired.com\/de\/","name":"Matinspired.com","description":"Chromium-6 test kits and more","publisher":{"@id":"https:\/\/www.matinspired.com\/de\/#organization"},"potentialAction":[{"@type":"SearchAction","target":{"@type":"EntryPoint","urlTemplate":"https:\/\/www.matinspired.com\/de\/?s={search_term_string}"},"query-input":{"@type":"PropertyValueSpecification","valueRequired":true,"valueName":"search_term_string"}}],"inLanguage":"de"},{"@type":"Organization","@id":"https:\/\/www.matinspired.com\/de\/#organization","name":"MATinspired B.V.","url":"https:\/\/www.matinspired.com\/de\/","logo":{"@type":"ImageObject","inLanguage":"de","@id":"https:\/\/www.matinspired.com\/de\/#\/schema\/logo\/image\/","url":"https:\/\/www.matinspired.com\/wp-content\/uploads\/2023\/03\/LogoMATinspiredPO-696x969-1.jpg","contentUrl":"https:\/\/www.matinspired.com\/wp-content\/uploads\/2023\/03\/LogoMATinspiredPO-696x969-1.jpg","width":696,"height":696,"caption":"MATinspired B.V."},"image":{"@id":"https:\/\/www.matinspired.com\/de\/#\/schema\/logo\/image\/"},"sameAs":["https:\/\/x.com\/MATinspired"]}]}},"jetpack_sharing_enabled":true,"_links":{"self":[{"href":"https:\/\/www.matinspired.com\/de\/wp-json\/wp\/v2\/pages\/14874","targetHints":{"allow":["GET"]}}],"collection":[{"href":"https:\/\/www.matinspired.com\/de\/wp-json\/wp\/v2\/pages"}],"about":[{"href":"https:\/\/www.matinspired.com\/de\/wp-json\/wp\/v2\/types\/page"}],"author":[{"embeddable":true,"href":"https:\/\/www.matinspired.com\/de\/wp-json\/wp\/v2\/users\/3"}],"replies":[{"embeddable":true,"href":"https:\/\/www.matinspired.com\/de\/wp-json\/wp\/v2\/comments?post=14874"}],"version-history":[{"count":10,"href":"https:\/\/www.matinspired.com\/de\/wp-json\/wp\/v2\/pages\/14874\/revisions"}],"predecessor-version":[{"id":74460,"href":"https:\/\/www.matinspired.com\/de\/wp-json\/wp\/v2\/pages\/14874\/revisions\/74460"}],"wp:attachment":[{"href":"https:\/\/www.matinspired.com\/de\/wp-json\/wp\/v2\/media?parent=14874"}],"curies":[{"name":"wp","href":"https:\/\/api.w.org\/{rel}","templated":true}]}}