{"id":1211,"date":"2022-05-17T14:05:31","date_gmt":"2022-05-17T12:05:31","guid":{"rendered":"https:\/\/www.matinspired.com\/faq-tk11-chromium-6-detection-test-kit\/"},"modified":"2025-02-05T13:35:32","modified_gmt":"2025-02-05T12:35:32","slug":"faq-tk11-chromvi-detectionskit","status":"publish","type":"page","link":"https:\/\/www.matinspired.com\/de\/faq-tk11-chromvi-detectionskit\/","title":{"rendered":"FAQ &#8211; TK11 Chrom(VI)-Detektionskit"},"content":{"rendered":"\n\n\t<h1><strong>H\u00e4ufig gestellte Fragen<br \/>\nTK11 &#8211; Chrom-6 Detektionskit<br \/>\n<\/strong><\/h1>\n<p>&nbsp;<\/p>\n\t\t\t\t\t<a href=\"#\" id=\"fl-accordion--label-0\" tabindex=\"0\" aria-controls=\"fl-accordion--panel-0\">2.1 Wof\u00fcr kann das TK11 Chrom-6 Detektionskit verwendet werden?<\/a>\n\t\t\t\t\t<p>Mit diesem Test kit kann das Vorhandensein von Chrom-6 auf verschiedenen Oberfl\u00e4chen wie Lackschichten und auf Metallen nachgewiesen werden.<\/p>\n<p>Alte Farbanstriche k\u00f6nnen Chrom-6 enthalten, um das Metall vor Rost zu sch\u00fctzen. Das Test-Kit wird daher h\u00e4ufig verwendet, um zu testen, ob alte Farbschichten unbedenklich geschliffen oder geschliffen werden k\u00f6nnen. Erhitzte Metalle, oft in Kombination mit Gleitmitteln, enthalten oft Chrom-6 auf der Oberfl\u00e4che. Der Pr\u00fcfkoffer wird daher h\u00e4ufig zum Testen von beheizten Komponenten in Gasturbinen, Windkraftanlagen, Motoren usw. verwendet.<\/p>\n\t\t\t\t\t<a href=\"#\" id=\"fl-accordion--label-1\" tabindex=\"0\" aria-controls=\"fl-accordion--panel-1\">2.2 Kann das TK11 Chrom-6-Testkit von jedem verwendet werden?<\/a>\n\t\t\t\t\t<p>Das Test kit enth\u00e4lt klare Anweisungen und Sicherheitsdatenbl\u00e4tter. Das Test kit kann daher von jeder erwachsenen Person verwendet werden und ist einfach durchzuf\u00fchren. Nat\u00fcrlich sind die Sicherheitsvorkehrungen (Tragen von Schutzbrille und Handschuhen) wie in der Anleitung beschrieben zu beachten.<\/p>\n\t\t\t\t\t<a href=\"#\" id=\"fl-accordion--label-2\" tabindex=\"0\" aria-controls=\"fl-accordion--panel-2\">2.3 Wie sollte ich das TK11-Testkit verwenden, um auf das Vorhandensein von Chrom-6 zu testen?<\/a>\n\t\t\t\t\t<p>Dies kann auf einfache Weise geschehen:<\/p>\n<p>&#8211; Bei einer Farbschicht sollte die Oberfl\u00e4che vorher leicht angeschliffen werden.<\/p>\n<p>&#8211; Der angefeuchtete Testst\u00e4bchen sollte dann \u00fcber die Oberfl\u00e4che gerieben werden.<\/p>\n<p>&#8211; F\u00e4rbt sich der Testst\u00e4bchen violett, weist dies auf das Vorhandensein von Chrom-6 hin,<\/p>\n<p>&#8211; Bleibt der Testst\u00e4bchen orange, bedeutet dies, dass kein Chrom-6 vorhanden ist.<\/p>\n\t\t\t\t\t<a href=\"#\" id=\"fl-accordion--label-3\" tabindex=\"0\" aria-controls=\"fl-accordion--panel-3\"> 2.4 K\u00f6nnen Sie mit dem TK11-Test kit Chrom-6 auf Metallen nachweisen?<\/a>\n\t\t\t\t\t<p>Ja, Mechaniker, Schlosser, Lackierer oder Qualit\u00e4tsmitarbeiter k\u00f6nnen unser Test kit einfach, schnell und vor Ort anwenden, indem sie mit einem angefeuchteten Testst\u00e4bchen \u00fcber die Metalloberfl\u00e4che reiben. Eine rot\/violette Verf\u00e4rbung des Testst\u00e4bchens weist auf das Vorhandensein von Chrom-6 hin, w\u00e4hrend ein orange bleibendes Testst\u00e4bchen anzeigt, dass kein Chrom-6 vorhanden ist.<\/p>\n<p><img loading=\"lazy\" decoding=\"async\" src=\"https:\/\/www.matinspired.com\/wp-content\/uploads\/2021\/03\/Chromate-test-on-bolt-and-nut-3-300x200.jpg\" alt=\"\" width=\"300\" height=\"200\" \/><\/p>\n<p>&nbsp;<\/p>\n<p>Beispiel einer Schraube und Mutter aus Edelstahl 304 (A2) mit Anti-Seize-Paste nach der W\u00e4rmebehandlung. Das gebildete gelbgr\u00fcne Chromat ist deutlich sichtbar. Der Testst\u00e4bchen des TK11\u2122 Chrom-6-Nachweis-Testkits verf\u00e4rbt sich deutlich rot\/lila, was darauf hinweist, dass Chrom-6 vorhanden ist.<\/p>\n<p>&nbsp;<\/p>\n<p>&nbsp;<\/p>\n<p>&nbsp;<\/p>\n<p><img loading=\"lazy\" decoding=\"async\" src=\"https:\/\/www.matinspired.com\/wp-content\/uploads\/2021\/03\/Zinkchromaatcoating-300x200.jpg\" alt=\"\" width=\"300\" height=\"200\" \/><\/p>\n<p>&nbsp;<\/p>\n<p>Beispiel einer Zinkchromatbeschichtung auf einem Zaunscharnier.<\/p>\n\t\t\t\t\t<a href=\"#\" id=\"fl-accordion--label-4\" tabindex=\"0\" aria-controls=\"fl-accordion--panel-4\">2.5 Haben Sie praktische Tipps zur Verwendung des TK11 Chromium-6 Detektion Test kits?<\/a>\n\t\t\t\t\t<strong>1. Pr\u00fcfung der Oberfl\u00e4che von vorgew\u00e4rmten Maschinenteilen<\/strong><br \/>\nBevor Sie den Test durchf\u00fchren k\u00f6nnen, m\u00fcssen die Maschinenteile abgek\u00fchlt sein. Vergewissern Sie sich, dass die Teile unter 50\u02daC liegen.\n<strong>2. Befeuchten Sie den Testst\u00e4bchen richtig<br \/>\n<\/strong>Befeuchten Sie das Ende des Testst\u00e4bchens gr\u00fcndlich mit etwa 6 Tropfen der Testfl\u00fcssigkeit, um das Testst\u00e4bchen vor dem Test vollst\u00e4ndig zu s\u00e4ttigen. Die richtige Befeuchtung f\u00fchrt zu den besten Ergebnissen, da sie sicherstellt, dass gen\u00fcgend Fl\u00fcssigkeit vorhanden ist, in der sich Chrom-6 aufl\u00f6sen kann. Die Flasche des Testkits enth\u00e4lt gen\u00fcgend Fl\u00fcssigkeit f\u00fcr 25 Tests.\n<strong>3. Beobachtung der Ergebnisse<\/strong><br \/>\nStellen Sie sicher, dass ausreichend Licht f\u00fcr die Beobachtung der Verf\u00e4rbung des Testtupfers vorhanden ist. Zum Beispiel drau\u00dfen bei Tageslicht oder drinnen bei hellem Kunstlicht. Normalerweise f\u00fchrt das Vorhandensein von Chrom-6 zu einer deutlichen violetten Verf\u00e4rbung. Eine leichte rot\/violette Verf\u00e4rbung des Testtupfers deutet jedoch bereits darauf hin, dass Chrom-6 in einer geringeren Konzentration vorhanden ist.<br \/>\nBei Vorhandensein von Chrom-6 f\u00e4rbt sich der Tupfer sofort rot\/violett. Farbver\u00e4nderungen nach maximal 5 Minuten sollten nicht ber\u00fccksichtigt werden.\n<strong>4. Lagerung des Testkits<\/strong><br \/>\nDas Testkit muss an einem trockenen, dunklen und k\u00fchlen Ort gelagert werden. Der Beutel mit den Testtupfern muss nach jedem Gebrauch gut verschlossen werden.\n<strong>5. Entfernung von Chrom-6 mit dem TK20 Chrom-6-Neutralisator<\/strong><br \/>\nWenn Chrom-6 auf den vorgew\u00e4rmten Maschinenteilen vorhanden ist, kann es mit unserer Neutralisierungsfl\u00fcssigkeit entfernt\/neutralisiert werden. Diese Fl\u00fcssigkeit kann auf die Oberfl\u00e4che der Maschinenteile gespr\u00fcht und anschlie\u00dfend entfernt werden. Es ist auch m\u00f6glich, kleine Teile, wie z.B. Muttern und Schrauben, in diese Fl\u00fcssigkeit zu tauchen.\n\t\t\t\t\t<a href=\"#\" id=\"fl-accordion--label-5\" tabindex=\"0\" aria-controls=\"fl-accordion--panel-5\">2.6 Gibt es eine Spezifikation der Test Kits? <\/a>\n\t\t\t\t\t<p>Ja, wir haben eine Spezifikation unseres TK11 Chromium-6 Detektion Test Kits<\/p>\n<a href=\"https:\/\/www.matinspired.com\/wp-content\/uploads\/2024\/01\/Specification-MATinspired-TK11-Chromium-6-Detection-Test-Kit.pdf\" class=\"su-button su-button-style-default\" style=\"color:#FFFFFF;background-color:#e4512a;border-color:#b74122;border-radius:9px\" target=\"_self\"><span style=\"color:#FFFFFF;padding:0px 24px;font-size:18px;line-height:36px;border-color:#ed866a;border-radius:9px;text-shadow:none\"> Spezifikation Chrom-6 Detektionskit Herunterladen<\/span><\/a>\n\n","protected":false},"excerpt":{"rendered":"<p>H\u00e4ufig gestellte Fragen TK11 &#8211; Chrom-6 Detektionskit &nbsp; 2.1 Wof\u00fcr kann das TK11 Chrom-6 Detektionskit verwendet werden? Mit diesem Test kit kann das Vorhandensein von Chrom-6 auf verschiedenen Oberfl\u00e4chen wie Lackschichten und auf Metallen nachgewiesen werden. Alte Farbanstriche k\u00f6nnen Chrom-6 enthalten, um das Metall vor Rost zu sch\u00fctzen. Das Test-Kit wird daher h\u00e4ufig verwendet, um&#8230;<\/p>\n","protected":false},"author":3,"featured_media":0,"parent":0,"menu_order":0,"comment_status":"closed","ping_status":"closed","template":"","meta":{"footnotes":""},"class_list":["post-1211","page","type-page","status-publish","hentry"],"yoast_head":"<!-- This site is optimized with the Yoast SEO plugin v27.6 - https:\/\/yoast.com\/product\/yoast-seo-wordpress\/ -->\n<title>FAQ - TK11 Chrom(VI)-Detektionskit - Matinspired.com<\/title>\n<meta name=\"robots\" content=\"index, follow, max-snippet:-1, max-image-preview:large, max-video-preview:-1\" \/>\n<link rel=\"canonical\" href=\"https:\/\/www.matinspired.com\/de\/faq-tk11-chromvi-detectionskit\/\" \/>\n<meta property=\"og:locale\" content=\"de_DE\" \/>\n<meta property=\"og:type\" content=\"article\" \/>\n<meta property=\"og:title\" content=\"FAQ - TK11 Chrom(VI)-Detektionskit - Matinspired.com\" \/>\n<meta property=\"og:description\" content=\"H\u00e4ufig gestellte Fragen TK11 &#8211; Chrom-6 Detektionskit &nbsp; 2.1 Wof\u00fcr kann das TK11 Chrom-6 Detektionskit verwendet werden? Mit diesem Test kit kann das Vorhandensein von Chrom-6 auf verschiedenen Oberfl\u00e4chen wie Lackschichten und auf Metallen nachgewiesen werden. Alte Farbanstriche k\u00f6nnen Chrom-6 enthalten, um das Metall vor Rost zu sch\u00fctzen. Das Test-Kit wird daher h\u00e4ufig verwendet, um...\" \/>\n<meta property=\"og:url\" content=\"https:\/\/www.matinspired.com\/de\/faq-tk11-chromvi-detectionskit\/\" \/>\n<meta property=\"og:site_name\" content=\"Matinspired.com\" \/>\n<meta property=\"article:modified_time\" content=\"2025-02-05T12:35:32+00:00\" \/>\n<meta property=\"og:image\" content=\"https:\/\/www.matinspired.com\/wp-content\/uploads\/2021\/03\/Chromate-test-on-bolt-and-nut-3-300x200.jpg\" \/>\n<meta name=\"twitter:card\" content=\"summary_large_image\" \/>\n<meta name=\"twitter:site\" content=\"@MATinspired\" \/>\n<meta name=\"twitter:label1\" content=\"Gesch\u00e4tzte Lesezeit\" \/>\n\t<meta name=\"twitter:data1\" content=\"3\u00a0Minuten\" \/>\n<script type=\"application\/ld+json\" class=\"yoast-schema-graph\">{\"@context\":\"https:\\\/\\\/schema.org\",\"@graph\":[{\"@type\":\"WebPage\",\"@id\":\"https:\\\/\\\/www.matinspired.com\\\/de\\\/faq-tk11-chromvi-detectionskit\\\/\",\"url\":\"https:\\\/\\\/www.matinspired.com\\\/de\\\/faq-tk11-chromvi-detectionskit\\\/\",\"name\":\"FAQ - TK11 Chrom(VI)-Detektionskit - Matinspired.com\",\"isPartOf\":{\"@id\":\"https:\\\/\\\/www.matinspired.com\\\/de\\\/#website\"},\"primaryImageOfPage\":{\"@id\":\"https:\\\/\\\/www.matinspired.com\\\/de\\\/faq-tk11-chromvi-detectionskit\\\/#primaryimage\"},\"image\":{\"@id\":\"https:\\\/\\\/www.matinspired.com\\\/de\\\/faq-tk11-chromvi-detectionskit\\\/#primaryimage\"},\"thumbnailUrl\":\"https:\\\/\\\/www.matinspired.com\\\/wp-content\\\/uploads\\\/2021\\\/03\\\/Chromate-test-on-bolt-and-nut-3-300x200.jpg\",\"datePublished\":\"2022-05-17T12:05:31+00:00\",\"dateModified\":\"2025-02-05T12:35:32+00:00\",\"breadcrumb\":{\"@id\":\"https:\\\/\\\/www.matinspired.com\\\/de\\\/faq-tk11-chromvi-detectionskit\\\/#breadcrumb\"},\"inLanguage\":\"de\",\"potentialAction\":[{\"@type\":\"ReadAction\",\"target\":[\"https:\\\/\\\/www.matinspired.com\\\/de\\\/faq-tk11-chromvi-detectionskit\\\/\"]}]},{\"@type\":\"ImageObject\",\"inLanguage\":\"de\",\"@id\":\"https:\\\/\\\/www.matinspired.com\\\/de\\\/faq-tk11-chromvi-detectionskit\\\/#primaryimage\",\"url\":\"https:\\\/\\\/www.matinspired.com\\\/wp-content\\\/uploads\\\/2021\\\/03\\\/Chromate-test-on-bolt-and-nut-3-300x200.jpg\",\"contentUrl\":\"https:\\\/\\\/www.matinspired.com\\\/wp-content\\\/uploads\\\/2021\\\/03\\\/Chromate-test-on-bolt-and-nut-3-300x200.jpg\"},{\"@type\":\"BreadcrumbList\",\"@id\":\"https:\\\/\\\/www.matinspired.com\\\/de\\\/faq-tk11-chromvi-detectionskit\\\/#breadcrumb\",\"itemListElement\":[{\"@type\":\"ListItem\",\"position\":1,\"name\":\"Home\",\"item\":\"https:\\\/\\\/www.matinspired.com\\\/de\\\/\"},{\"@type\":\"ListItem\",\"position\":2,\"name\":\"FAQ &#8211; TK11 Chrom(VI)-Detektionskit\"}]},{\"@type\":\"WebSite\",\"@id\":\"https:\\\/\\\/www.matinspired.com\\\/de\\\/#website\",\"url\":\"https:\\\/\\\/www.matinspired.com\\\/de\\\/\",\"name\":\"Matinspired.com\",\"description\":\"Chromium-6 test kits and more\",\"publisher\":{\"@id\":\"https:\\\/\\\/www.matinspired.com\\\/de\\\/#organization\"},\"potentialAction\":[{\"@type\":\"SearchAction\",\"target\":{\"@type\":\"EntryPoint\",\"urlTemplate\":\"https:\\\/\\\/www.matinspired.com\\\/de\\\/?s={search_term_string}\"},\"query-input\":{\"@type\":\"PropertyValueSpecification\",\"valueRequired\":true,\"valueName\":\"search_term_string\"}}],\"inLanguage\":\"de\"},{\"@type\":\"Organization\",\"@id\":\"https:\\\/\\\/www.matinspired.com\\\/de\\\/#organization\",\"name\":\"MATinspired B.V.\",\"url\":\"https:\\\/\\\/www.matinspired.com\\\/de\\\/\",\"logo\":{\"@type\":\"ImageObject\",\"inLanguage\":\"de\",\"@id\":\"https:\\\/\\\/www.matinspired.com\\\/de\\\/#\\\/schema\\\/logo\\\/image\\\/\",\"url\":\"https:\\\/\\\/www.matinspired.com\\\/wp-content\\\/uploads\\\/2023\\\/03\\\/LogoMATinspiredPO-696x969-1.jpg\",\"contentUrl\":\"https:\\\/\\\/www.matinspired.com\\\/wp-content\\\/uploads\\\/2023\\\/03\\\/LogoMATinspiredPO-696x969-1.jpg\",\"width\":696,\"height\":696,\"caption\":\"MATinspired B.V.\"},\"image\":{\"@id\":\"https:\\\/\\\/www.matinspired.com\\\/de\\\/#\\\/schema\\\/logo\\\/image\\\/\"},\"sameAs\":[\"https:\\\/\\\/x.com\\\/MATinspired\"]}]}<\/script>\n<!-- \/ Yoast SEO plugin. -->","yoast_head_json":{"title":"FAQ - TK11 Chrom(VI)-Detektionskit - Matinspired.com","robots":{"index":"index","follow":"follow","max-snippet":"max-snippet:-1","max-image-preview":"max-image-preview:large","max-video-preview":"max-video-preview:-1"},"canonical":"https:\/\/www.matinspired.com\/de\/faq-tk11-chromvi-detectionskit\/","og_locale":"de_DE","og_type":"article","og_title":"FAQ - TK11 Chrom(VI)-Detektionskit - Matinspired.com","og_description":"H\u00e4ufig gestellte Fragen TK11 &#8211; Chrom-6 Detektionskit &nbsp; 2.1 Wof\u00fcr kann das TK11 Chrom-6 Detektionskit verwendet werden? Mit diesem Test kit kann das Vorhandensein von Chrom-6 auf verschiedenen Oberfl\u00e4chen wie Lackschichten und auf Metallen nachgewiesen werden. Alte Farbanstriche k\u00f6nnen Chrom-6 enthalten, um das Metall vor Rost zu sch\u00fctzen. Das Test-Kit wird daher h\u00e4ufig verwendet, um...","og_url":"https:\/\/www.matinspired.com\/de\/faq-tk11-chromvi-detectionskit\/","og_site_name":"Matinspired.com","article_modified_time":"2025-02-05T12:35:32+00:00","og_image":[{"url":"https:\/\/www.matinspired.com\/wp-content\/uploads\/2021\/03\/Chromate-test-on-bolt-and-nut-3-300x200.jpg","type":"","width":"","height":""}],"twitter_card":"summary_large_image","twitter_site":"@MATinspired","twitter_misc":{"Gesch\u00e4tzte Lesezeit":"3\u00a0Minuten"},"schema":{"@context":"https:\/\/schema.org","@graph":[{"@type":"WebPage","@id":"https:\/\/www.matinspired.com\/de\/faq-tk11-chromvi-detectionskit\/","url":"https:\/\/www.matinspired.com\/de\/faq-tk11-chromvi-detectionskit\/","name":"FAQ - TK11 Chrom(VI)-Detektionskit - Matinspired.com","isPartOf":{"@id":"https:\/\/www.matinspired.com\/de\/#website"},"primaryImageOfPage":{"@id":"https:\/\/www.matinspired.com\/de\/faq-tk11-chromvi-detectionskit\/#primaryimage"},"image":{"@id":"https:\/\/www.matinspired.com\/de\/faq-tk11-chromvi-detectionskit\/#primaryimage"},"thumbnailUrl":"https:\/\/www.matinspired.com\/wp-content\/uploads\/2021\/03\/Chromate-test-on-bolt-and-nut-3-300x200.jpg","datePublished":"2022-05-17T12:05:31+00:00","dateModified":"2025-02-05T12:35:32+00:00","breadcrumb":{"@id":"https:\/\/www.matinspired.com\/de\/faq-tk11-chromvi-detectionskit\/#breadcrumb"},"inLanguage":"de","potentialAction":[{"@type":"ReadAction","target":["https:\/\/www.matinspired.com\/de\/faq-tk11-chromvi-detectionskit\/"]}]},{"@type":"ImageObject","inLanguage":"de","@id":"https:\/\/www.matinspired.com\/de\/faq-tk11-chromvi-detectionskit\/#primaryimage","url":"https:\/\/www.matinspired.com\/wp-content\/uploads\/2021\/03\/Chromate-test-on-bolt-and-nut-3-300x200.jpg","contentUrl":"https:\/\/www.matinspired.com\/wp-content\/uploads\/2021\/03\/Chromate-test-on-bolt-and-nut-3-300x200.jpg"},{"@type":"BreadcrumbList","@id":"https:\/\/www.matinspired.com\/de\/faq-tk11-chromvi-detectionskit\/#breadcrumb","itemListElement":[{"@type":"ListItem","position":1,"name":"Home","item":"https:\/\/www.matinspired.com\/de\/"},{"@type":"ListItem","position":2,"name":"FAQ &#8211; TK11 Chrom(VI)-Detektionskit"}]},{"@type":"WebSite","@id":"https:\/\/www.matinspired.com\/de\/#website","url":"https:\/\/www.matinspired.com\/de\/","name":"Matinspired.com","description":"Chromium-6 test kits and more","publisher":{"@id":"https:\/\/www.matinspired.com\/de\/#organization"},"potentialAction":[{"@type":"SearchAction","target":{"@type":"EntryPoint","urlTemplate":"https:\/\/www.matinspired.com\/de\/?s={search_term_string}"},"query-input":{"@type":"PropertyValueSpecification","valueRequired":true,"valueName":"search_term_string"}}],"inLanguage":"de"},{"@type":"Organization","@id":"https:\/\/www.matinspired.com\/de\/#organization","name":"MATinspired B.V.","url":"https:\/\/www.matinspired.com\/de\/","logo":{"@type":"ImageObject","inLanguage":"de","@id":"https:\/\/www.matinspired.com\/de\/#\/schema\/logo\/image\/","url":"https:\/\/www.matinspired.com\/wp-content\/uploads\/2023\/03\/LogoMATinspiredPO-696x969-1.jpg","contentUrl":"https:\/\/www.matinspired.com\/wp-content\/uploads\/2023\/03\/LogoMATinspiredPO-696x969-1.jpg","width":696,"height":696,"caption":"MATinspired B.V."},"image":{"@id":"https:\/\/www.matinspired.com\/de\/#\/schema\/logo\/image\/"},"sameAs":["https:\/\/x.com\/MATinspired"]}]}},"_links":{"self":[{"href":"https:\/\/www.matinspired.com\/de\/wp-json\/wp\/v2\/pages\/1211","targetHints":{"allow":["GET"]}}],"collection":[{"href":"https:\/\/www.matinspired.com\/de\/wp-json\/wp\/v2\/pages"}],"about":[{"href":"https:\/\/www.matinspired.com\/de\/wp-json\/wp\/v2\/types\/page"}],"author":[{"embeddable":true,"href":"https:\/\/www.matinspired.com\/de\/wp-json\/wp\/v2\/users\/3"}],"replies":[{"embeddable":true,"href":"https:\/\/www.matinspired.com\/de\/wp-json\/wp\/v2\/comments?post=1211"}],"version-history":[{"count":2,"href":"https:\/\/www.matinspired.com\/de\/wp-json\/wp\/v2\/pages\/1211\/revisions"}],"predecessor-version":[{"id":64341,"href":"https:\/\/www.matinspired.com\/de\/wp-json\/wp\/v2\/pages\/1211\/revisions\/64341"}],"wp:attachment":[{"href":"https:\/\/www.matinspired.com\/de\/wp-json\/wp\/v2\/media?parent=1211"}],"curies":[{"name":"wp","href":"https:\/\/api.w.org\/{rel}","templated":true}]}}