{"id":1209,"date":"2022-05-17T14:08:09","date_gmt":"2022-05-17T12:08:09","guid":{"rendered":"https:\/\/www.matinspired.com\/faq-chromium-6-on-heated-steel\/"},"modified":"2023-06-06T09:22:46","modified_gmt":"2023-06-06T07:22:46","slug":"faq-chromvi-auf-erhitztem-stahl","status":"publish","type":"page","link":"https:\/\/www.matinspired.com\/de\/faq-chromvi-auf-erhitztem-stahl\/","title":{"rendered":"FAQ &#8211; Chrom(VI) auf erhitztem Stahl"},"content":{"rendered":"\n\n\t<h1><strong>H\u00e4ufig gestellte Fragen<br \/>\nChrom-6 auf erhitztem Stahl<br \/>\n<\/strong><\/h1>\n<p>&nbsp;<\/p>\n\t\t\t\t\t<a href=\"#\" id=\"fl-accordion--label-0\" tabindex=\"0\" aria-controls=\"fl-accordion--panel-0\">3.1 Wie entsteht Chrom-6 auf erhitztem Stahl?<\/a>\n\t\t\t\t\t<p>Chrom-6-Verbindungen k\u00f6nnen nach W\u00e4rmebehandlung von chromhaltigen Metallen wie Edelstahl gebildet werden, beispielsweise in erhitzten Maschinenteilen einer (Wind-) Turbine oder eines Motors. Auch beim Schleifen oder Schwei\u00dfen kann eine Erw\u00e4rmung erfolgen. Die Bildung von Chrom-6 auf Metallen erfolgt schneller, wenn Schmiermittel (bekannt als \u201eAnti-Seize-Paste&#8220;) verwendet werden, um das Festfressen von Schrauben oder Teilen zu verhindern. Oft sehen diese erhitzten Schmiermittel gelb\/gr\u00fcn aus (siehe Foto von Schraube und Mutter links). Der Nachweis dieser Chrom-6-Kontaminationen auf Metallen ist wichtig, um eine Exposition gegen\u00fcber Chrom-6 zu verhindern.<\/p>\n<p><img loading=\"lazy\" decoding=\"async\" src=\"https:\/\/www.matinspired.com\/wp-content\/uploads\/2021\/03\/Chromate-test-on-bolt-and-nut-3-300x200.jpg\" alt=\"\" width=\"300\" height=\"200\" \/><\/p>\n<p>&nbsp;<\/p>\n<p>Beispiel einer Schraube und Mutter aus Edelstahl 304 (A2) mit Anti-Seize-Paste nach der W\u00e4rmebehandlung. Das gebildete gelbgr\u00fcne Chromat ist deutlich sichtbar. Der Testst\u00e4bchen des TK11\u2122 Chrom-6-Nachweis-Testkits verf\u00e4rbt sich deutlich rot\/lila, was darauf hinweist, dass Chrom-6 vorhanden ist.<\/p>\n<p>&nbsp;<\/p>\n<p>Weitere Informationen finden Sie in einem Bericht \u00fcber unsere Untersuchungen zum Nachweis von Chrom-6 in erhitzten Schmiermitteln auf Edelstahl &gt;&gt;<\/p>\n<a href=\"https:\/\/www.matinspired.com\/de\/nachweis-von-chromvi-in-erhitzten-schmiermitteln-auf-edelstahl\/\" class=\"su-button su-button-style-default\" style=\"color:#FFFFFF;background-color:#e4512a;border-color:#b74122;border-radius:9px\" target=\"_self\"><span style=\"color:#FFFFFF;padding:0px 24px;font-size:18px;line-height:36px;border-color:#ed866a;border-radius:9px;text-shadow:none\"> Nachweis von Chrom 6 in erhitzten Schmiermitteln auf Edelstahl<\/span><\/a>\n\t\t\t\t\t<a href=\"#\" id=\"fl-accordion--label-1\" tabindex=\"0\" aria-controls=\"fl-accordion--panel-1\">3.2 K\u00f6nnen Sie das TK11-Test kit und den TK20-Neutralisator direkt auf einem erhitzten Maschinenteil aus Metall verwenden?<\/a>\n\t\t\t\t\t<p>Nein, das Test kit ist f\u00fcr den Temperaturbereich von 0 bis 50 \u00baC entwickelt und getestet. Daher m\u00fcssen die Maschinenteile abgek\u00fchlt werden, bevor Sie den TK11 Chrom-6-Test verwenden k\u00f6nnen.<\/p>\n<p>Auch der Chrom-6-Neutralisator TK20 wirkt nur auf abgek\u00fchlte Maschinenteile.<\/p>\n\t\t\t\t\t<a href=\"#\" id=\"fl-accordion--label-2\" tabindex=\"0\" aria-controls=\"fl-accordion--panel-2\">3.3 Wie sollte ich das Vorhandensein von Chrom-6 in erhitzten Anti-Seize-Schmiermitteln auf Edelstahl testen?<\/a>\n\t\t\t\t\t<p>Das geht ganz einfach mit unserem TK11 Test kit:<\/p>\n<p>&#8211; Der angefeuchtete Testst\u00e4bchen sollte \u00fcber die Oberfl\u00e4che des Edelstahls gerieben werden.<\/p>\n<p>&#8211; Verf\u00e4rbt sich der Testst\u00e4bchen violett, weist dies auf das Vorhandensein von Chrom-6 auf der Oberfl\u00e4che hin,<\/p>\n<p>&#8211; Bleibt der Testst\u00e4bchen orange, bedeutet dies, dass kein Chrom-6 vorhanden ist.<\/p>\n<p><img loading=\"lazy\" decoding=\"async\" src=\"https:\/\/www.matinspired.com\/wp-content\/uploads\/2021\/03\/Chromate-test-on-bolt-and-nut-3-300x200.jpg\" alt=\"\" width=\"300\" height=\"200\" \/><\/p>\n<p>Beispiel einer Schraube und Mutter aus Edelstahl 304 (A2) mit Anti-Seize-Paste nach der W\u00e4rmebehandlung. Das gebildete gelbgr\u00fcne Chromat ist deutlich sichtbar. Der Testst\u00e4bchen des TK11\u2122 Chrom-6-Nachweis-Testkits verf\u00e4rbt sich deutlich rot\/lila, was darauf hinweist, dass Chrom-6 vorhanden ist.<\/p>\n\n","protected":false},"excerpt":{"rendered":"<p>H\u00e4ufig gestellte Fragen Chrom-6 auf erhitztem Stahl &nbsp; 3.1 Wie entsteht Chrom-6 auf erhitztem Stahl? Chrom-6-Verbindungen k\u00f6nnen nach W\u00e4rmebehandlung von chromhaltigen Metallen wie Edelstahl gebildet werden, beispielsweise in erhitzten Maschinenteilen einer (Wind-) Turbine oder eines Motors. Auch beim Schleifen oder Schwei\u00dfen kann eine Erw\u00e4rmung erfolgen. Die Bildung von Chrom-6 auf Metallen erfolgt schneller, wenn Schmiermittel&#8230;<\/p>\n","protected":false},"author":3,"featured_media":0,"parent":0,"menu_order":0,"comment_status":"closed","ping_status":"closed","template":"","meta":{"footnotes":""},"class_list":["post-1209","page","type-page","status-publish","hentry"],"yoast_head":"<!-- This site is optimized with the Yoast SEO plugin v27.2 - https:\/\/yoast.com\/product\/yoast-seo-wordpress\/ -->\n<title>FAQ - Chrom(VI) auf erhitztem Stahl - Matinspired.com<\/title>\n<meta name=\"robots\" content=\"index, follow, max-snippet:-1, max-image-preview:large, max-video-preview:-1\" \/>\n<link rel=\"canonical\" href=\"https:\/\/www.matinspired.com\/de\/faq-chromvi-auf-erhitztem-stahl\/\" \/>\n<meta property=\"og:locale\" content=\"de_DE\" \/>\n<meta property=\"og:type\" content=\"article\" \/>\n<meta property=\"og:title\" content=\"FAQ - Chrom(VI) auf erhitztem Stahl - Matinspired.com\" \/>\n<meta property=\"og:description\" content=\"H\u00e4ufig gestellte Fragen Chrom-6 auf erhitztem Stahl &nbsp; 3.1 Wie entsteht Chrom-6 auf erhitztem Stahl? Chrom-6-Verbindungen k\u00f6nnen nach W\u00e4rmebehandlung von chromhaltigen Metallen wie Edelstahl gebildet werden, beispielsweise in erhitzten Maschinenteilen einer (Wind-) Turbine oder eines Motors. Auch beim Schleifen oder Schwei\u00dfen kann eine Erw\u00e4rmung erfolgen. Die Bildung von Chrom-6 auf Metallen erfolgt schneller, wenn Schmiermittel...\" \/>\n<meta property=\"og:url\" content=\"https:\/\/www.matinspired.com\/de\/faq-chromvi-auf-erhitztem-stahl\/\" \/>\n<meta property=\"og:site_name\" content=\"Matinspired.com\" \/>\n<meta property=\"article:modified_time\" content=\"2023-06-06T07:22:46+00:00\" \/>\n<meta property=\"og:image\" content=\"https:\/\/www.matinspired.com\/wp-content\/uploads\/2021\/03\/Chromate-test-on-bolt-and-nut-3-300x200.jpg\" \/>\n<meta name=\"twitter:card\" content=\"summary_large_image\" \/>\n<meta name=\"twitter:site\" content=\"@MATinspired\" \/>\n<meta name=\"twitter:label1\" content=\"Gesch\u00e4tzte Lesezeit\" \/>\n\t<meta name=\"twitter:data1\" content=\"2\u00a0Minuten\" \/>\n<script type=\"application\/ld+json\" class=\"yoast-schema-graph\">{\"@context\":\"https:\/\/schema.org\",\"@graph\":[{\"@type\":\"WebPage\",\"@id\":\"https:\/\/www.matinspired.com\/de\/faq-chromvi-auf-erhitztem-stahl\/\",\"url\":\"https:\/\/www.matinspired.com\/de\/faq-chromvi-auf-erhitztem-stahl\/\",\"name\":\"FAQ - Chrom(VI) auf erhitztem Stahl - Matinspired.com\",\"isPartOf\":{\"@id\":\"https:\/\/www.matinspired.com\/de\/#website\"},\"primaryImageOfPage\":{\"@id\":\"https:\/\/www.matinspired.com\/de\/faq-chromvi-auf-erhitztem-stahl\/#primaryimage\"},\"image\":{\"@id\":\"https:\/\/www.matinspired.com\/de\/faq-chromvi-auf-erhitztem-stahl\/#primaryimage\"},\"thumbnailUrl\":\"https:\/\/www.matinspired.com\/wp-content\/uploads\/2021\/03\/Chromate-test-on-bolt-and-nut-3-300x200.jpg\",\"datePublished\":\"2022-05-17T12:08:09+00:00\",\"dateModified\":\"2023-06-06T07:22:46+00:00\",\"breadcrumb\":{\"@id\":\"https:\/\/www.matinspired.com\/de\/faq-chromvi-auf-erhitztem-stahl\/#breadcrumb\"},\"inLanguage\":\"de\",\"potentialAction\":[{\"@type\":\"ReadAction\",\"target\":[\"https:\/\/www.matinspired.com\/de\/faq-chromvi-auf-erhitztem-stahl\/\"]}]},{\"@type\":\"ImageObject\",\"inLanguage\":\"de\",\"@id\":\"https:\/\/www.matinspired.com\/de\/faq-chromvi-auf-erhitztem-stahl\/#primaryimage\",\"url\":\"https:\/\/www.matinspired.com\/wp-content\/uploads\/2021\/03\/Chromate-test-on-bolt-and-nut-3-300x200.jpg\",\"contentUrl\":\"https:\/\/www.matinspired.com\/wp-content\/uploads\/2021\/03\/Chromate-test-on-bolt-and-nut-3-300x200.jpg\"},{\"@type\":\"BreadcrumbList\",\"@id\":\"https:\/\/www.matinspired.com\/de\/faq-chromvi-auf-erhitztem-stahl\/#breadcrumb\",\"itemListElement\":[{\"@type\":\"ListItem\",\"position\":1,\"name\":\"Home\",\"item\":\"https:\/\/www.matinspired.com\/de\/\"},{\"@type\":\"ListItem\",\"position\":2,\"name\":\"FAQ &#8211; Chrom(VI) auf erhitztem Stahl\"}]},{\"@type\":\"WebSite\",\"@id\":\"https:\/\/www.matinspired.com\/de\/#website\",\"url\":\"https:\/\/www.matinspired.com\/de\/\",\"name\":\"Matinspired.com\",\"description\":\"Chromium-6 test kits and more\",\"publisher\":{\"@id\":\"https:\/\/www.matinspired.com\/de\/#organization\"},\"potentialAction\":[{\"@type\":\"SearchAction\",\"target\":{\"@type\":\"EntryPoint\",\"urlTemplate\":\"https:\/\/www.matinspired.com\/de\/?s={search_term_string}\"},\"query-input\":{\"@type\":\"PropertyValueSpecification\",\"valueRequired\":true,\"valueName\":\"search_term_string\"}}],\"inLanguage\":\"de\"},{\"@type\":\"Organization\",\"@id\":\"https:\/\/www.matinspired.com\/de\/#organization\",\"name\":\"MATinspired B.V.\",\"url\":\"https:\/\/www.matinspired.com\/de\/\",\"logo\":{\"@type\":\"ImageObject\",\"inLanguage\":\"de\",\"@id\":\"https:\/\/www.matinspired.com\/de\/#\/schema\/logo\/image\/\",\"url\":\"https:\/\/www.matinspired.com\/wp-content\/uploads\/2023\/03\/LogoMATinspiredPO-696x969-1.jpg\",\"contentUrl\":\"https:\/\/www.matinspired.com\/wp-content\/uploads\/2023\/03\/LogoMATinspiredPO-696x969-1.jpg\",\"width\":696,\"height\":696,\"caption\":\"MATinspired B.V.\"},\"image\":{\"@id\":\"https:\/\/www.matinspired.com\/de\/#\/schema\/logo\/image\/\"},\"sameAs\":[\"https:\/\/x.com\/MATinspired\"]}]}<\/script>\n<!-- \/ Yoast SEO plugin. -->","yoast_head_json":{"title":"FAQ - Chrom(VI) auf erhitztem Stahl - Matinspired.com","robots":{"index":"index","follow":"follow","max-snippet":"max-snippet:-1","max-image-preview":"max-image-preview:large","max-video-preview":"max-video-preview:-1"},"canonical":"https:\/\/www.matinspired.com\/de\/faq-chromvi-auf-erhitztem-stahl\/","og_locale":"de_DE","og_type":"article","og_title":"FAQ - Chrom(VI) auf erhitztem Stahl - Matinspired.com","og_description":"H\u00e4ufig gestellte Fragen Chrom-6 auf erhitztem Stahl &nbsp; 3.1 Wie entsteht Chrom-6 auf erhitztem Stahl? Chrom-6-Verbindungen k\u00f6nnen nach W\u00e4rmebehandlung von chromhaltigen Metallen wie Edelstahl gebildet werden, beispielsweise in erhitzten Maschinenteilen einer (Wind-) Turbine oder eines Motors. Auch beim Schleifen oder Schwei\u00dfen kann eine Erw\u00e4rmung erfolgen. Die Bildung von Chrom-6 auf Metallen erfolgt schneller, wenn Schmiermittel...","og_url":"https:\/\/www.matinspired.com\/de\/faq-chromvi-auf-erhitztem-stahl\/","og_site_name":"Matinspired.com","article_modified_time":"2023-06-06T07:22:46+00:00","og_image":[{"url":"https:\/\/www.matinspired.com\/wp-content\/uploads\/2021\/03\/Chromate-test-on-bolt-and-nut-3-300x200.jpg","type":"","width":"","height":""}],"twitter_card":"summary_large_image","twitter_site":"@MATinspired","twitter_misc":{"Gesch\u00e4tzte Lesezeit":"2\u00a0Minuten"},"schema":{"@context":"https:\/\/schema.org","@graph":[{"@type":"WebPage","@id":"https:\/\/www.matinspired.com\/de\/faq-chromvi-auf-erhitztem-stahl\/","url":"https:\/\/www.matinspired.com\/de\/faq-chromvi-auf-erhitztem-stahl\/","name":"FAQ - Chrom(VI) auf erhitztem Stahl - Matinspired.com","isPartOf":{"@id":"https:\/\/www.matinspired.com\/de\/#website"},"primaryImageOfPage":{"@id":"https:\/\/www.matinspired.com\/de\/faq-chromvi-auf-erhitztem-stahl\/#primaryimage"},"image":{"@id":"https:\/\/www.matinspired.com\/de\/faq-chromvi-auf-erhitztem-stahl\/#primaryimage"},"thumbnailUrl":"https:\/\/www.matinspired.com\/wp-content\/uploads\/2021\/03\/Chromate-test-on-bolt-and-nut-3-300x200.jpg","datePublished":"2022-05-17T12:08:09+00:00","dateModified":"2023-06-06T07:22:46+00:00","breadcrumb":{"@id":"https:\/\/www.matinspired.com\/de\/faq-chromvi-auf-erhitztem-stahl\/#breadcrumb"},"inLanguage":"de","potentialAction":[{"@type":"ReadAction","target":["https:\/\/www.matinspired.com\/de\/faq-chromvi-auf-erhitztem-stahl\/"]}]},{"@type":"ImageObject","inLanguage":"de","@id":"https:\/\/www.matinspired.com\/de\/faq-chromvi-auf-erhitztem-stahl\/#primaryimage","url":"https:\/\/www.matinspired.com\/wp-content\/uploads\/2021\/03\/Chromate-test-on-bolt-and-nut-3-300x200.jpg","contentUrl":"https:\/\/www.matinspired.com\/wp-content\/uploads\/2021\/03\/Chromate-test-on-bolt-and-nut-3-300x200.jpg"},{"@type":"BreadcrumbList","@id":"https:\/\/www.matinspired.com\/de\/faq-chromvi-auf-erhitztem-stahl\/#breadcrumb","itemListElement":[{"@type":"ListItem","position":1,"name":"Home","item":"https:\/\/www.matinspired.com\/de\/"},{"@type":"ListItem","position":2,"name":"FAQ &#8211; Chrom(VI) auf erhitztem Stahl"}]},{"@type":"WebSite","@id":"https:\/\/www.matinspired.com\/de\/#website","url":"https:\/\/www.matinspired.com\/de\/","name":"Matinspired.com","description":"Chromium-6 test kits and more","publisher":{"@id":"https:\/\/www.matinspired.com\/de\/#organization"},"potentialAction":[{"@type":"SearchAction","target":{"@type":"EntryPoint","urlTemplate":"https:\/\/www.matinspired.com\/de\/?s={search_term_string}"},"query-input":{"@type":"PropertyValueSpecification","valueRequired":true,"valueName":"search_term_string"}}],"inLanguage":"de"},{"@type":"Organization","@id":"https:\/\/www.matinspired.com\/de\/#organization","name":"MATinspired B.V.","url":"https:\/\/www.matinspired.com\/de\/","logo":{"@type":"ImageObject","inLanguage":"de","@id":"https:\/\/www.matinspired.com\/de\/#\/schema\/logo\/image\/","url":"https:\/\/www.matinspired.com\/wp-content\/uploads\/2023\/03\/LogoMATinspiredPO-696x969-1.jpg","contentUrl":"https:\/\/www.matinspired.com\/wp-content\/uploads\/2023\/03\/LogoMATinspiredPO-696x969-1.jpg","width":696,"height":696,"caption":"MATinspired B.V."},"image":{"@id":"https:\/\/www.matinspired.com\/de\/#\/schema\/logo\/image\/"},"sameAs":["https:\/\/x.com\/MATinspired"]}]}},"jetpack_sharing_enabled":true,"_links":{"self":[{"href":"https:\/\/www.matinspired.com\/de\/wp-json\/wp\/v2\/pages\/1209","targetHints":{"allow":["GET"]}}],"collection":[{"href":"https:\/\/www.matinspired.com\/de\/wp-json\/wp\/v2\/pages"}],"about":[{"href":"https:\/\/www.matinspired.com\/de\/wp-json\/wp\/v2\/types\/page"}],"author":[{"embeddable":true,"href":"https:\/\/www.matinspired.com\/de\/wp-json\/wp\/v2\/users\/3"}],"replies":[{"embeddable":true,"href":"https:\/\/www.matinspired.com\/de\/wp-json\/wp\/v2\/comments?post=1209"}],"version-history":[{"count":0,"href":"https:\/\/www.matinspired.com\/de\/wp-json\/wp\/v2\/pages\/1209\/revisions"}],"wp:attachment":[{"href":"https:\/\/www.matinspired.com\/de\/wp-json\/wp\/v2\/media?parent=1209"}],"curies":[{"name":"wp","href":"https:\/\/api.w.org\/{rel}","templated":true}]}}